{"id":458523,"date":"2022-06-05T14:41:00","date_gmt":"2022-06-05T12:41:00","guid":{"rendered":"https:\/\/www.daisho.be\/produit\/karate-emblem-fuer-pokale-und-medaillen-5-cm-gold\/"},"modified":"2022-06-05T14:41:00","modified_gmt":"2022-06-05T12:41:00","slug":"karate-emblem-fuer-pokale-und-medaillen-5-cm-gold","status":"publish","type":"product","link":"https:\/\/www.daisho.be\/de\/produit\/karate-emblem-fuer-pokale-und-medaillen-5-cm-gold\/","title":{"rendered":"Karate-Emblem f\u00fcr Pokale und Medaillen 5 cm &#8211; GOLD"},"content":{"rendered":"<p>Verschiedene Embleme aus Aluminium f\u00fcr Pokale, Medaillen und Troph\u00e4en in Gold, Silber und Bronze.<br \/>\nDie Embleme werden mit Klebepunkten f\u00fcr eine einfache Anbringung geliefert.<br \/>\nGr\u00f6\u00dfe des Emblems 5 cm.<\/p>\n","protected":false},"excerpt":{"rendered":"<p>Verschiedene Embleme aus Aluminium f\u00fcr Pokale, Medaillen und Troph\u00e4en in Gold, Silber und Bronze. Die Embleme werden mit Klebepunkten f\u00fcr eine einfache Anbringung geliefert. Gr\u00f6\u00dfe des Emblems 5 cm.<\/p>\n","protected":false},"featured_media":458526,"comment_status":"open","ping_status":"closed","template":"","meta":{"inline_featured_image":false},"product_brand":[],"product_cat":[2039,2037],"product_tag":[2158],"sport":[],"class_list":{"0":"post-458523","1":"product","2":"type-product","3":"status-publish","4":"has-post-thumbnail","6":"product_cat-material-fur-den-karate-wettbewerb","7":"product_cat-wettbewerbsausrustungen","8":"product_tag-s-b-j-de","9":"pa_size-sans-taille-defaut","11":"first","12":"instock","13":"taxable","14":"shipping-taxable","15":"purchasable","16":"product-type-variable"},"yoast_head":"<!-- This site is optimized with the Yoast SEO plugin v27.2 - https:\/\/yoast.com\/product\/yoast-seo-wordpress\/ -->\n<title>Karate-Emblem f\u00fcr Pokale und Medaillen 5 cm - GOLD &#8211; Daisho<\/title>\n<meta name=\"robots\" content=\"index, follow, max-snippet:-1, max-image-preview:large, max-video-preview:-1\" \/>\n<link rel=\"canonical\" href=\"https:\/\/www.daisho.be\/de\/produit\/karate-emblem-fuer-pokale-und-medaillen-5-cm-gold\/\" \/>\n<meta property=\"og:locale\" content=\"de_DE\" \/>\n<meta property=\"og:type\" content=\"article\" \/>\n<meta property=\"og:title\" content=\"Karate-Emblem f\u00fcr Pokale und Medaillen 5 cm - GOLD &#8211; Daisho\" \/>\n<meta property=\"og:description\" content=\"Verschiedene Embleme aus Aluminium f\u00fcr Pokale, Medaillen und Troph\u00e4en in Gold, Silber und Bronze. Die Embleme werden mit Klebepunkten f\u00fcr eine einfache Anbringung geliefert. Gr\u00f6\u00dfe des Emblems 5 cm.\" \/>\n<meta property=\"og:url\" content=\"https:\/\/www.daisho.be\/de\/produit\/karate-emblem-fuer-pokale-und-medaillen-5-cm-gold\/\" \/>\n<meta property=\"og:site_name\" content=\"Daisho\" \/>\n<meta property=\"og:image\" content=\"https:\/\/www.daisho.be\/wp-content\/uploads\/2022\/06\/image-3.png\" \/>\n\t<meta property=\"og:image:width\" content=\"83\" \/>\n\t<meta property=\"og:image:height\" content=\"103\" \/>\n\t<meta property=\"og:image:type\" content=\"image\/png\" \/>\n<meta name=\"twitter:card\" content=\"summary_large_image\" \/>\n<script type=\"application\/ld+json\" class=\"yoast-schema-graph\">{\"@context\":\"https:\/\/schema.org\",\"@graph\":[{\"@type\":\"WebPage\",\"@id\":\"https:\/\/www.daisho.be\/de\/produit\/karate-emblem-fuer-pokale-und-medaillen-5-cm-gold\/\",\"url\":\"https:\/\/www.daisho.be\/de\/produit\/karate-emblem-fuer-pokale-und-medaillen-5-cm-gold\/\",\"name\":\"Karate-Emblem f\u00fcr Pokale und Medaillen 5 cm - GOLD &#8211; Daisho\",\"isPartOf\":{\"@id\":\"https:\/\/www.daisho.be\/de\/#website\"},\"primaryImageOfPage\":{\"@id\":\"https:\/\/www.daisho.be\/de\/produit\/karate-emblem-fuer-pokale-und-medaillen-5-cm-gold\/#primaryimage\"},\"image\":{\"@id\":\"https:\/\/www.daisho.be\/de\/produit\/karate-emblem-fuer-pokale-und-medaillen-5-cm-gold\/#primaryimage\"},\"thumbnailUrl\":\"https:\/\/www.daisho.be\/wp-content\/uploads\/2022\/06\/image-3.png\",\"datePublished\":\"2022-06-05T12:41:00+00:00\",\"breadcrumb\":{\"@id\":\"https:\/\/www.daisho.be\/de\/produit\/karate-emblem-fuer-pokale-und-medaillen-5-cm-gold\/#breadcrumb\"},\"inLanguage\":\"de\",\"potentialAction\":[{\"@type\":\"ReadAction\",\"target\":[\"https:\/\/www.daisho.be\/de\/produit\/karate-emblem-fuer-pokale-und-medaillen-5-cm-gold\/\"]}]},{\"@type\":\"ImageObject\",\"inLanguage\":\"de\",\"@id\":\"https:\/\/www.daisho.be\/de\/produit\/karate-emblem-fuer-pokale-und-medaillen-5-cm-gold\/#primaryimage\",\"url\":\"https:\/\/www.daisho.be\/wp-content\/uploads\/2022\/06\/image-3.png\",\"contentUrl\":\"https:\/\/www.daisho.be\/wp-content\/uploads\/2022\/06\/image-3.png\",\"width\":83,\"height\":103},{\"@type\":\"BreadcrumbList\",\"@id\":\"https:\/\/www.daisho.be\/de\/produit\/karate-emblem-fuer-pokale-und-medaillen-5-cm-gold\/#breadcrumb\",\"itemListElement\":[{\"@type\":\"ListItem\",\"position\":1,\"name\":\"Accueil\",\"item\":\"https:\/\/www.daisho.be\/de\/\"},{\"@type\":\"ListItem\",\"position\":2,\"name\":\"Produkte\",\"item\":\"https:\/\/www.daisho.be\/de\/produkte\/\"},{\"@type\":\"ListItem\",\"position\":3,\"name\":\"Ausr\u00fcstung und Kleidung f\u00fcr Kampfkunst und Kampfsport\",\"item\":\"https:\/\/www.daisho.be\/de\/categorie-produit\/ausrustung-und-kleidung-fur-kampfkunst-und-kampfsport\/\"},{\"@type\":\"ListItem\",\"position\":4,\"name\":\"Karate\",\"item\":\"https:\/\/www.daisho.be\/de\/categorie-produit\/ausrustung-und-kleidung-fur-kampfkunst-und-kampfsport\/karate-de-2\/\"},{\"@type\":\"ListItem\",\"position\":5,\"name\":\"Material f\u00fcr den Karate-Wettbewerb\",\"item\":\"https:\/\/www.daisho.be\/de\/categorie-produit\/ausrustung-und-kleidung-fur-kampfkunst-und-kampfsport\/karate-de-2\/material-fur-den-karate-wettbewerb\/\"},{\"@type\":\"ListItem\",\"position\":6,\"name\":\"Karate-Emblem f\u00fcr Pokale und Medaillen 5 cm &#8211; GOLD\"}]},{\"@type\":\"WebSite\",\"@id\":\"https:\/\/www.daisho.be\/de\/#website\",\"url\":\"https:\/\/www.daisho.be\/de\/\",\"name\":\"Daisho\",\"description\":\"Sp&eacute;cialiste de l'&eacute;quipement sportif d'arts martiaux\",\"publisher\":{\"@id\":\"https:\/\/www.daisho.be\/de\/#organization\"},\"potentialAction\":[{\"@type\":\"SearchAction\",\"target\":{\"@type\":\"EntryPoint\",\"urlTemplate\":\"https:\/\/www.daisho.be\/de\/?s={search_term_string}\"},\"query-input\":{\"@type\":\"PropertyValueSpecification\",\"valueRequired\":true,\"valueName\":\"search_term_string\"}}],\"inLanguage\":\"de\"},{\"@type\":\"Organization\",\"@id\":\"https:\/\/www.daisho.be\/de\/#organization\",\"name\":\"Daisho\",\"url\":\"https:\/\/www.daisho.be\/de\/\",\"logo\":{\"@type\":\"ImageObject\",\"inLanguage\":\"de\",\"@id\":\"https:\/\/www.daisho.be\/de\/#\/schema\/logo\/image\/\",\"url\":\"https:\/\/www.daisho.be\/wp-content\/uploads\/2019\/07\/color-nothing-horizontale4x-e1564486100247.png\",\"contentUrl\":\"https:\/\/www.daisho.be\/wp-content\/uploads\/2019\/07\/color-nothing-horizontale4x-e1564486100247.png\",\"width\":1547,\"height\":385,\"caption\":\"Daisho\"},\"image\":{\"@id\":\"https:\/\/www.daisho.be\/de\/#\/schema\/logo\/image\/\"}}]}<\/script>\n<!-- \/ Yoast SEO plugin. -->","yoast_head_json":{"title":"Karate-Emblem f\u00fcr Pokale und Medaillen 5 cm - GOLD &#8211; Daisho","robots":{"index":"index","follow":"follow","max-snippet":"max-snippet:-1","max-image-preview":"max-image-preview:large","max-video-preview":"max-video-preview:-1"},"canonical":"https:\/\/www.daisho.be\/de\/produit\/karate-emblem-fuer-pokale-und-medaillen-5-cm-gold\/","og_locale":"de_DE","og_type":"article","og_title":"Karate-Emblem f\u00fcr Pokale und Medaillen 5 cm - GOLD &#8211; Daisho","og_description":"Verschiedene Embleme aus Aluminium f\u00fcr Pokale, Medaillen und Troph\u00e4en in Gold, Silber und Bronze. Die Embleme werden mit Klebepunkten f\u00fcr eine einfache Anbringung geliefert. Gr\u00f6\u00dfe des Emblems 5 cm.","og_url":"https:\/\/www.daisho.be\/de\/produit\/karate-emblem-fuer-pokale-und-medaillen-5-cm-gold\/","og_site_name":"Daisho","og_image":[{"width":83,"height":103,"url":"https:\/\/www.daisho.be\/wp-content\/uploads\/2022\/06\/image-3.png","type":"image\/png"}],"twitter_card":"summary_large_image","schema":{"@context":"https:\/\/schema.org","@graph":[{"@type":"WebPage","@id":"https:\/\/www.daisho.be\/de\/produit\/karate-emblem-fuer-pokale-und-medaillen-5-cm-gold\/","url":"https:\/\/www.daisho.be\/de\/produit\/karate-emblem-fuer-pokale-und-medaillen-5-cm-gold\/","name":"Karate-Emblem f\u00fcr Pokale und Medaillen 5 cm - GOLD &#8211; Daisho","isPartOf":{"@id":"https:\/\/www.daisho.be\/de\/#website"},"primaryImageOfPage":{"@id":"https:\/\/www.daisho.be\/de\/produit\/karate-emblem-fuer-pokale-und-medaillen-5-cm-gold\/#primaryimage"},"image":{"@id":"https:\/\/www.daisho.be\/de\/produit\/karate-emblem-fuer-pokale-und-medaillen-5-cm-gold\/#primaryimage"},"thumbnailUrl":"https:\/\/www.daisho.be\/wp-content\/uploads\/2022\/06\/image-3.png","datePublished":"2022-06-05T12:41:00+00:00","breadcrumb":{"@id":"https:\/\/www.daisho.be\/de\/produit\/karate-emblem-fuer-pokale-und-medaillen-5-cm-gold\/#breadcrumb"},"inLanguage":"de","potentialAction":[{"@type":"ReadAction","target":["https:\/\/www.daisho.be\/de\/produit\/karate-emblem-fuer-pokale-und-medaillen-5-cm-gold\/"]}]},{"@type":"ImageObject","inLanguage":"de","@id":"https:\/\/www.daisho.be\/de\/produit\/karate-emblem-fuer-pokale-und-medaillen-5-cm-gold\/#primaryimage","url":"https:\/\/www.daisho.be\/wp-content\/uploads\/2022\/06\/image-3.png","contentUrl":"https:\/\/www.daisho.be\/wp-content\/uploads\/2022\/06\/image-3.png","width":83,"height":103},{"@type":"BreadcrumbList","@id":"https:\/\/www.daisho.be\/de\/produit\/karate-emblem-fuer-pokale-und-medaillen-5-cm-gold\/#breadcrumb","itemListElement":[{"@type":"ListItem","position":1,"name":"Accueil","item":"https:\/\/www.daisho.be\/de\/"},{"@type":"ListItem","position":2,"name":"Produkte","item":"https:\/\/www.daisho.be\/de\/produkte\/"},{"@type":"ListItem","position":3,"name":"Ausr\u00fcstung und Kleidung f\u00fcr Kampfkunst und Kampfsport","item":"https:\/\/www.daisho.be\/de\/categorie-produit\/ausrustung-und-kleidung-fur-kampfkunst-und-kampfsport\/"},{"@type":"ListItem","position":4,"name":"Karate","item":"https:\/\/www.daisho.be\/de\/categorie-produit\/ausrustung-und-kleidung-fur-kampfkunst-und-kampfsport\/karate-de-2\/"},{"@type":"ListItem","position":5,"name":"Material f\u00fcr den Karate-Wettbewerb","item":"https:\/\/www.daisho.be\/de\/categorie-produit\/ausrustung-und-kleidung-fur-kampfkunst-und-kampfsport\/karate-de-2\/material-fur-den-karate-wettbewerb\/"},{"@type":"ListItem","position":6,"name":"Karate-Emblem f\u00fcr Pokale und Medaillen 5 cm &#8211; GOLD"}]},{"@type":"WebSite","@id":"https:\/\/www.daisho.be\/de\/#website","url":"https:\/\/www.daisho.be\/de\/","name":"Daisho","description":"Sp&eacute;cialiste de l'&eacute;quipement sportif d'arts martiaux","publisher":{"@id":"https:\/\/www.daisho.be\/de\/#organization"},"potentialAction":[{"@type":"SearchAction","target":{"@type":"EntryPoint","urlTemplate":"https:\/\/www.daisho.be\/de\/?s={search_term_string}"},"query-input":{"@type":"PropertyValueSpecification","valueRequired":true,"valueName":"search_term_string"}}],"inLanguage":"de"},{"@type":"Organization","@id":"https:\/\/www.daisho.be\/de\/#organization","name":"Daisho","url":"https:\/\/www.daisho.be\/de\/","logo":{"@type":"ImageObject","inLanguage":"de","@id":"https:\/\/www.daisho.be\/de\/#\/schema\/logo\/image\/","url":"https:\/\/www.daisho.be\/wp-content\/uploads\/2019\/07\/color-nothing-horizontale4x-e1564486100247.png","contentUrl":"https:\/\/www.daisho.be\/wp-content\/uploads\/2019\/07\/color-nothing-horizontale4x-e1564486100247.png","width":1547,"height":385,"caption":"Daisho"},"image":{"@id":"https:\/\/www.daisho.be\/de\/#\/schema\/logo\/image\/"}}]}},"_links":{"self":[{"href":"https:\/\/www.daisho.be\/de\/wp-json\/wp\/v2\/product\/458523","targetHints":{"allow":["GET"]}}],"collection":[{"href":"https:\/\/www.daisho.be\/de\/wp-json\/wp\/v2\/product"}],"about":[{"href":"https:\/\/www.daisho.be\/de\/wp-json\/wp\/v2\/types\/product"}],"replies":[{"embeddable":true,"href":"https:\/\/www.daisho.be\/de\/wp-json\/wp\/v2\/comments?post=458523"}],"wp:featuredmedia":[{"embeddable":true,"href":"https:\/\/www.daisho.be\/de\/wp-json\/wp\/v2\/media\/458526"}],"wp:attachment":[{"href":"https:\/\/www.daisho.be\/de\/wp-json\/wp\/v2\/media?parent=458523"}],"wp:term":[{"taxonomy":"product_brand","embeddable":true,"href":"https:\/\/www.daisho.be\/de\/wp-json\/wp\/v2\/product_brand?post=458523"},{"taxonomy":"product_cat","embeddable":true,"href":"https:\/\/www.daisho.be\/de\/wp-json\/wp\/v2\/product_cat?post=458523"},{"taxonomy":"product_tag","embeddable":true,"href":"https:\/\/www.daisho.be\/de\/wp-json\/wp\/v2\/product_tag?post=458523"},{"taxonomy":"sport","embeddable":true,"href":"https:\/\/www.daisho.be\/de\/wp-json\/wp\/v2\/sport?post=458523"}],"curies":[{"name":"wp","href":"https:\/\/api.w.org\/{rel}","templated":true}]}}