{"id":458472,"date":"2022-07-10T11:43:42","date_gmt":"2022-07-10T09:43:42","guid":{"rendered":"https:\/\/www.daisho.be\/produit\/arnika-kaeltebombe-400ml-prestoglas\/"},"modified":"2025-10-09T14:16:30","modified_gmt":"2025-10-09T12:16:30","slug":"arnika-kaeltebombe-400ml-prestoglas","status":"publish","type":"product","link":"https:\/\/www.daisho.be\/de\/produit\/arnika-kaeltebombe-400ml-prestoglas\/","title":{"rendered":"Arnika-K\u00e4ltebombe 400ml PRESTOGLAS"},"content":{"rendered":"<p>Mit sofortiger Wirkung. K\u00e4ltespray mit Arnika f\u00fcr eine bessere Wirksamkeit. <\/p>\n","protected":false},"excerpt":{"rendered":"<p>Mit sofortiger Wirkung. K\u00e4ltespray mit Arnika f\u00fcr eine bessere Wirksamkeit.<\/p>\n","protected":false},"featured_media":458474,"comment_status":"open","ping_status":"closed","template":"","meta":{"inline_featured_image":false},"product_brand":[],"product_cat":[2169,2083],"product_tag":[2322],"sport":[],"class_list":{"0":"post-458472","1":"product","2":"type-product","3":"status-publish","4":"has-post-thumbnail","6":"product_cat-pflege","7":"product_cat-sprays-de","8":"product_tag-prestoglas-de","9":"pa_size-sans-taille-defaut","11":"first","12":"instock","13":"taxable","14":"shipping-taxable","15":"purchasable","16":"product-type-simple"},"yoast_head":"<!-- This site is optimized with the Yoast SEO plugin v27.2 - https:\/\/yoast.com\/product\/yoast-seo-wordpress\/ -->\n<title>Arnika-K\u00e4ltebombe 400ml PRESTOGLAS &#8211; Daisho<\/title>\n<meta name=\"robots\" content=\"index, follow, max-snippet:-1, max-image-preview:large, max-video-preview:-1\" \/>\n<link rel=\"canonical\" href=\"https:\/\/www.daisho.be\/de\/produit\/arnika-kaeltebombe-400ml-prestoglas\/\" \/>\n<meta property=\"og:locale\" content=\"de_DE\" \/>\n<meta property=\"og:type\" content=\"article\" \/>\n<meta property=\"og:title\" content=\"Arnika-K\u00e4ltebombe 400ml PRESTOGLAS &#8211; Daisho\" \/>\n<meta property=\"og:description\" content=\"Mit sofortiger Wirkung. K\u00e4ltespray mit Arnika f\u00fcr eine bessere Wirksamkeit.\" \/>\n<meta property=\"og:url\" content=\"https:\/\/www.daisho.be\/de\/produit\/arnika-kaeltebombe-400ml-prestoglas\/\" \/>\n<meta property=\"og:site_name\" content=\"Daisho\" \/>\n<meta property=\"article:modified_time\" content=\"2025-10-09T12:16:30+00:00\" \/>\n<meta property=\"og:image\" content=\"https:\/\/www.daisho.be\/wp-content\/uploads\/2023\/07\/image-1.png\" \/>\n\t<meta property=\"og:image:width\" content=\"1278\" \/>\n\t<meta property=\"og:image:height\" content=\"1920\" \/>\n\t<meta property=\"og:image:type\" content=\"image\/png\" \/>\n<meta name=\"twitter:card\" content=\"summary_large_image\" \/>\n<script type=\"application\/ld+json\" class=\"yoast-schema-graph\">{\"@context\":\"https:\/\/schema.org\",\"@graph\":[{\"@type\":\"WebPage\",\"@id\":\"https:\/\/www.daisho.be\/de\/produit\/arnika-kaeltebombe-400ml-prestoglas\/\",\"url\":\"https:\/\/www.daisho.be\/de\/produit\/arnika-kaeltebombe-400ml-prestoglas\/\",\"name\":\"Arnika-K\u00e4ltebombe 400ml PRESTOGLAS &#8211; Daisho\",\"isPartOf\":{\"@id\":\"https:\/\/www.daisho.be\/de\/#website\"},\"primaryImageOfPage\":{\"@id\":\"https:\/\/www.daisho.be\/de\/produit\/arnika-kaeltebombe-400ml-prestoglas\/#primaryimage\"},\"image\":{\"@id\":\"https:\/\/www.daisho.be\/de\/produit\/arnika-kaeltebombe-400ml-prestoglas\/#primaryimage\"},\"thumbnailUrl\":\"https:\/\/www.daisho.be\/wp-content\/uploads\/2023\/07\/image-1.png\",\"datePublished\":\"2022-07-10T09:43:42+00:00\",\"dateModified\":\"2025-10-09T12:16:30+00:00\",\"breadcrumb\":{\"@id\":\"https:\/\/www.daisho.be\/de\/produit\/arnika-kaeltebombe-400ml-prestoglas\/#breadcrumb\"},\"inLanguage\":\"de\",\"potentialAction\":[{\"@type\":\"ReadAction\",\"target\":[\"https:\/\/www.daisho.be\/de\/produit\/arnika-kaeltebombe-400ml-prestoglas\/\"]}]},{\"@type\":\"ImageObject\",\"inLanguage\":\"de\",\"@id\":\"https:\/\/www.daisho.be\/de\/produit\/arnika-kaeltebombe-400ml-prestoglas\/#primaryimage\",\"url\":\"https:\/\/www.daisho.be\/wp-content\/uploads\/2023\/07\/image-1.png\",\"contentUrl\":\"https:\/\/www.daisho.be\/wp-content\/uploads\/2023\/07\/image-1.png\",\"width\":1278,\"height\":1920,\"caption\":\"Arnika-K\u00e4ltebombe 400ml PRESTOGLAS-1\"},{\"@type\":\"BreadcrumbList\",\"@id\":\"https:\/\/www.daisho.be\/de\/produit\/arnika-kaeltebombe-400ml-prestoglas\/#breadcrumb\",\"itemListElement\":[{\"@type\":\"ListItem\",\"position\":1,\"name\":\"Accueil\",\"item\":\"https:\/\/www.daisho.be\/de\/\"},{\"@type\":\"ListItem\",\"position\":2,\"name\":\"Produkte\",\"item\":\"https:\/\/www.daisho.be\/de\/produkte\/\"},{\"@type\":\"ListItem\",\"position\":3,\"name\":\"Kampfsportarten\",\"item\":\"https:\/\/www.daisho.be\/de\/categorie-produit\/kampfsportarten\/\"},{\"@type\":\"ListItem\",\"position\":4,\"name\":\"Pflege\",\"item\":\"https:\/\/www.daisho.be\/de\/categorie-produit\/kampfsportarten\/pflege\/\"},{\"@type\":\"ListItem\",\"position\":5,\"name\":\"Arnika-K\u00e4ltebombe 400ml PRESTOGLAS\"}]},{\"@type\":\"WebSite\",\"@id\":\"https:\/\/www.daisho.be\/de\/#website\",\"url\":\"https:\/\/www.daisho.be\/de\/\",\"name\":\"Daisho\",\"description\":\"Sp&eacute;cialiste de l'&eacute;quipement sportif d'arts martiaux\",\"publisher\":{\"@id\":\"https:\/\/www.daisho.be\/de\/#organization\"},\"potentialAction\":[{\"@type\":\"SearchAction\",\"target\":{\"@type\":\"EntryPoint\",\"urlTemplate\":\"https:\/\/www.daisho.be\/de\/?s={search_term_string}\"},\"query-input\":{\"@type\":\"PropertyValueSpecification\",\"valueRequired\":true,\"valueName\":\"search_term_string\"}}],\"inLanguage\":\"de\"},{\"@type\":\"Organization\",\"@id\":\"https:\/\/www.daisho.be\/de\/#organization\",\"name\":\"Daisho\",\"url\":\"https:\/\/www.daisho.be\/de\/\",\"logo\":{\"@type\":\"ImageObject\",\"inLanguage\":\"de\",\"@id\":\"https:\/\/www.daisho.be\/de\/#\/schema\/logo\/image\/\",\"url\":\"https:\/\/www.daisho.be\/wp-content\/uploads\/2019\/07\/color-nothing-horizontale4x-e1564486100247.png\",\"contentUrl\":\"https:\/\/www.daisho.be\/wp-content\/uploads\/2019\/07\/color-nothing-horizontale4x-e1564486100247.png\",\"width\":1547,\"height\":385,\"caption\":\"Daisho\"},\"image\":{\"@id\":\"https:\/\/www.daisho.be\/de\/#\/schema\/logo\/image\/\"}}]}<\/script>\n<!-- \/ Yoast SEO plugin. -->","yoast_head_json":{"title":"Arnika-K\u00e4ltebombe 400ml PRESTOGLAS &#8211; Daisho","robots":{"index":"index","follow":"follow","max-snippet":"max-snippet:-1","max-image-preview":"max-image-preview:large","max-video-preview":"max-video-preview:-1"},"canonical":"https:\/\/www.daisho.be\/de\/produit\/arnika-kaeltebombe-400ml-prestoglas\/","og_locale":"de_DE","og_type":"article","og_title":"Arnika-K\u00e4ltebombe 400ml PRESTOGLAS &#8211; Daisho","og_description":"Mit sofortiger Wirkung. K\u00e4ltespray mit Arnika f\u00fcr eine bessere Wirksamkeit.","og_url":"https:\/\/www.daisho.be\/de\/produit\/arnika-kaeltebombe-400ml-prestoglas\/","og_site_name":"Daisho","article_modified_time":"2025-10-09T12:16:30+00:00","og_image":[{"width":1278,"height":1920,"url":"https:\/\/www.daisho.be\/wp-content\/uploads\/2023\/07\/image-1.png","type":"image\/png"}],"twitter_card":"summary_large_image","schema":{"@context":"https:\/\/schema.org","@graph":[{"@type":"WebPage","@id":"https:\/\/www.daisho.be\/de\/produit\/arnika-kaeltebombe-400ml-prestoglas\/","url":"https:\/\/www.daisho.be\/de\/produit\/arnika-kaeltebombe-400ml-prestoglas\/","name":"Arnika-K\u00e4ltebombe 400ml PRESTOGLAS &#8211; Daisho","isPartOf":{"@id":"https:\/\/www.daisho.be\/de\/#website"},"primaryImageOfPage":{"@id":"https:\/\/www.daisho.be\/de\/produit\/arnika-kaeltebombe-400ml-prestoglas\/#primaryimage"},"image":{"@id":"https:\/\/www.daisho.be\/de\/produit\/arnika-kaeltebombe-400ml-prestoglas\/#primaryimage"},"thumbnailUrl":"https:\/\/www.daisho.be\/wp-content\/uploads\/2023\/07\/image-1.png","datePublished":"2022-07-10T09:43:42+00:00","dateModified":"2025-10-09T12:16:30+00:00","breadcrumb":{"@id":"https:\/\/www.daisho.be\/de\/produit\/arnika-kaeltebombe-400ml-prestoglas\/#breadcrumb"},"inLanguage":"de","potentialAction":[{"@type":"ReadAction","target":["https:\/\/www.daisho.be\/de\/produit\/arnika-kaeltebombe-400ml-prestoglas\/"]}]},{"@type":"ImageObject","inLanguage":"de","@id":"https:\/\/www.daisho.be\/de\/produit\/arnika-kaeltebombe-400ml-prestoglas\/#primaryimage","url":"https:\/\/www.daisho.be\/wp-content\/uploads\/2023\/07\/image-1.png","contentUrl":"https:\/\/www.daisho.be\/wp-content\/uploads\/2023\/07\/image-1.png","width":1278,"height":1920,"caption":"Arnika-K\u00e4ltebombe 400ml PRESTOGLAS-1"},{"@type":"BreadcrumbList","@id":"https:\/\/www.daisho.be\/de\/produit\/arnika-kaeltebombe-400ml-prestoglas\/#breadcrumb","itemListElement":[{"@type":"ListItem","position":1,"name":"Accueil","item":"https:\/\/www.daisho.be\/de\/"},{"@type":"ListItem","position":2,"name":"Produkte","item":"https:\/\/www.daisho.be\/de\/produkte\/"},{"@type":"ListItem","position":3,"name":"Kampfsportarten","item":"https:\/\/www.daisho.be\/de\/categorie-produit\/kampfsportarten\/"},{"@type":"ListItem","position":4,"name":"Pflege","item":"https:\/\/www.daisho.be\/de\/categorie-produit\/kampfsportarten\/pflege\/"},{"@type":"ListItem","position":5,"name":"Arnika-K\u00e4ltebombe 400ml PRESTOGLAS"}]},{"@type":"WebSite","@id":"https:\/\/www.daisho.be\/de\/#website","url":"https:\/\/www.daisho.be\/de\/","name":"Daisho","description":"Sp&eacute;cialiste de l'&eacute;quipement sportif d'arts martiaux","publisher":{"@id":"https:\/\/www.daisho.be\/de\/#organization"},"potentialAction":[{"@type":"SearchAction","target":{"@type":"EntryPoint","urlTemplate":"https:\/\/www.daisho.be\/de\/?s={search_term_string}"},"query-input":{"@type":"PropertyValueSpecification","valueRequired":true,"valueName":"search_term_string"}}],"inLanguage":"de"},{"@type":"Organization","@id":"https:\/\/www.daisho.be\/de\/#organization","name":"Daisho","url":"https:\/\/www.daisho.be\/de\/","logo":{"@type":"ImageObject","inLanguage":"de","@id":"https:\/\/www.daisho.be\/de\/#\/schema\/logo\/image\/","url":"https:\/\/www.daisho.be\/wp-content\/uploads\/2019\/07\/color-nothing-horizontale4x-e1564486100247.png","contentUrl":"https:\/\/www.daisho.be\/wp-content\/uploads\/2019\/07\/color-nothing-horizontale4x-e1564486100247.png","width":1547,"height":385,"caption":"Daisho"},"image":{"@id":"https:\/\/www.daisho.be\/de\/#\/schema\/logo\/image\/"}}]}},"_links":{"self":[{"href":"https:\/\/www.daisho.be\/de\/wp-json\/wp\/v2\/product\/458472","targetHints":{"allow":["GET"]}}],"collection":[{"href":"https:\/\/www.daisho.be\/de\/wp-json\/wp\/v2\/product"}],"about":[{"href":"https:\/\/www.daisho.be\/de\/wp-json\/wp\/v2\/types\/product"}],"replies":[{"embeddable":true,"href":"https:\/\/www.daisho.be\/de\/wp-json\/wp\/v2\/comments?post=458472"}],"wp:featuredmedia":[{"embeddable":true,"href":"https:\/\/www.daisho.be\/de\/wp-json\/wp\/v2\/media\/458474"}],"wp:attachment":[{"href":"https:\/\/www.daisho.be\/de\/wp-json\/wp\/v2\/media?parent=458472"}],"wp:term":[{"taxonomy":"product_brand","embeddable":true,"href":"https:\/\/www.daisho.be\/de\/wp-json\/wp\/v2\/product_brand?post=458472"},{"taxonomy":"product_cat","embeddable":true,"href":"https:\/\/www.daisho.be\/de\/wp-json\/wp\/v2\/product_cat?post=458472"},{"taxonomy":"product_tag","embeddable":true,"href":"https:\/\/www.daisho.be\/de\/wp-json\/wp\/v2\/product_tag?post=458472"},{"taxonomy":"sport","embeddable":true,"href":"https:\/\/www.daisho.be\/de\/wp-json\/wp\/v2\/sport?post=458472"}],"curies":[{"name":"wp","href":"https:\/\/api.w.org\/{rel}","templated":true}]}}