{"id":458455,"date":"2022-07-10T12:13:20","date_gmt":"2022-07-10T10:13:20","guid":{"rendered":"https:\/\/www.daisho.be\/produit\/waermendes-gel-150-ml\/"},"modified":"2022-07-10T12:13:20","modified_gmt":"2022-07-10T10:13:20","slug":"waermendes-gel-150-ml","status":"publish","type":"product","link":"https:\/\/www.daisho.be\/de\/produit\/waermendes-gel-150-ml\/","title":{"rendered":"W\u00e4rmendes Gel 150 ml."},"content":{"rendered":"<p>Erm\u00f6glicht ein schnelles W\u00e4rmegef\u00fchl und eine lang anhaltende Aufw\u00e4rmung im Rahmen der k\u00f6rperlichen Vorbereitung.<\/p>\n","protected":false},"excerpt":{"rendered":"<p>Erm\u00f6glicht ein schnelles W\u00e4rmegef\u00fchl und eine lang anhaltende Aufw\u00e4rmung im Rahmen der k\u00f6rperlichen Vorbereitung.<\/p>\n","protected":false},"featured_media":458459,"comment_status":"open","ping_status":"closed","template":"","meta":{"inline_featured_image":false},"product_brand":[],"product_cat":[2088,2169],"product_tag":[2152],"sport":[],"class_list":{"0":"post-458455","1":"product","2":"type-product","3":"status-publish","4":"has-post-thumbnail","6":"product_cat-cremes-de","7":"product_cat-pflege","8":"product_tag-sporti-de","9":"pa_size-sans-taille-defaut","11":"first","12":"instock","13":"taxable","14":"shipping-taxable","15":"purchasable","16":"product-type-variable"},"yoast_head":"<!-- This site is optimized with the Yoast SEO plugin v27.2 - https:\/\/yoast.com\/product\/yoast-seo-wordpress\/ -->\n<title>W\u00e4rmendes Gel 150 ml. &#8211; Daisho<\/title>\n<meta name=\"robots\" content=\"index, follow, max-snippet:-1, max-image-preview:large, max-video-preview:-1\" \/>\n<link rel=\"canonical\" href=\"https:\/\/www.daisho.be\/de\/produit\/waermendes-gel-150-ml\/\" \/>\n<meta property=\"og:locale\" content=\"de_DE\" \/>\n<meta property=\"og:type\" content=\"article\" \/>\n<meta property=\"og:title\" content=\"W\u00e4rmendes Gel 150 ml. &#8211; Daisho\" \/>\n<meta property=\"og:description\" content=\"Erm\u00f6glicht ein schnelles W\u00e4rmegef\u00fchl und eine lang anhaltende Aufw\u00e4rmung im Rahmen der k\u00f6rperlichen Vorbereitung.\" \/>\n<meta property=\"og:url\" content=\"https:\/\/www.daisho.be\/de\/produit\/waermendes-gel-150-ml\/\" \/>\n<meta property=\"og:site_name\" content=\"Daisho\" \/>\n<meta property=\"og:image\" content=\"https:\/\/www.daisho.be\/wp-content\/uploads\/2022\/07\/image-3.png\" \/>\n\t<meta property=\"og:image:width\" content=\"1200\" \/>\n\t<meta property=\"og:image:height\" content=\"1200\" \/>\n\t<meta property=\"og:image:type\" content=\"image\/png\" \/>\n<meta name=\"twitter:card\" content=\"summary_large_image\" \/>\n<script type=\"application\/ld+json\" class=\"yoast-schema-graph\">{\"@context\":\"https:\/\/schema.org\",\"@graph\":[{\"@type\":\"WebPage\",\"@id\":\"https:\/\/www.daisho.be\/de\/produit\/waermendes-gel-150-ml\/\",\"url\":\"https:\/\/www.daisho.be\/de\/produit\/waermendes-gel-150-ml\/\",\"name\":\"W\u00e4rmendes Gel 150 ml. &#8211; Daisho\",\"isPartOf\":{\"@id\":\"https:\/\/www.daisho.be\/de\/#website\"},\"primaryImageOfPage\":{\"@id\":\"https:\/\/www.daisho.be\/de\/produit\/waermendes-gel-150-ml\/#primaryimage\"},\"image\":{\"@id\":\"https:\/\/www.daisho.be\/de\/produit\/waermendes-gel-150-ml\/#primaryimage\"},\"thumbnailUrl\":\"https:\/\/www.daisho.be\/wp-content\/uploads\/2022\/07\/image-3.png\",\"datePublished\":\"2022-07-10T10:13:20+00:00\",\"breadcrumb\":{\"@id\":\"https:\/\/www.daisho.be\/de\/produit\/waermendes-gel-150-ml\/#breadcrumb\"},\"inLanguage\":\"de\",\"potentialAction\":[{\"@type\":\"ReadAction\",\"target\":[\"https:\/\/www.daisho.be\/de\/produit\/waermendes-gel-150-ml\/\"]}]},{\"@type\":\"ImageObject\",\"inLanguage\":\"de\",\"@id\":\"https:\/\/www.daisho.be\/de\/produit\/waermendes-gel-150-ml\/#primaryimage\",\"url\":\"https:\/\/www.daisho.be\/wp-content\/uploads\/2022\/07\/image-3.png\",\"contentUrl\":\"https:\/\/www.daisho.be\/wp-content\/uploads\/2022\/07\/image-3.png\",\"width\":1200,\"height\":1200},{\"@type\":\"BreadcrumbList\",\"@id\":\"https:\/\/www.daisho.be\/de\/produit\/waermendes-gel-150-ml\/#breadcrumb\",\"itemListElement\":[{\"@type\":\"ListItem\",\"position\":1,\"name\":\"Accueil\",\"item\":\"https:\/\/www.daisho.be\/de\/\"},{\"@type\":\"ListItem\",\"position\":2,\"name\":\"Produkte\",\"item\":\"https:\/\/www.daisho.be\/de\/produkte\/\"},{\"@type\":\"ListItem\",\"position\":3,\"name\":\"Sportlerpflege\",\"item\":\"https:\/\/www.daisho.be\/de\/categorie-produit\/sportlerpflege\/\"},{\"@type\":\"ListItem\",\"position\":4,\"name\":\"Cremes\",\"item\":\"https:\/\/www.daisho.be\/de\/categorie-produit\/sportlerpflege\/cremes-de\/\"},{\"@type\":\"ListItem\",\"position\":5,\"name\":\"W\u00e4rmendes Gel 150 ml.\"}]},{\"@type\":\"WebSite\",\"@id\":\"https:\/\/www.daisho.be\/de\/#website\",\"url\":\"https:\/\/www.daisho.be\/de\/\",\"name\":\"Daisho\",\"description\":\"Sp&eacute;cialiste de l'&eacute;quipement sportif d'arts martiaux\",\"publisher\":{\"@id\":\"https:\/\/www.daisho.be\/de\/#organization\"},\"potentialAction\":[{\"@type\":\"SearchAction\",\"target\":{\"@type\":\"EntryPoint\",\"urlTemplate\":\"https:\/\/www.daisho.be\/de\/?s={search_term_string}\"},\"query-input\":{\"@type\":\"PropertyValueSpecification\",\"valueRequired\":true,\"valueName\":\"search_term_string\"}}],\"inLanguage\":\"de\"},{\"@type\":\"Organization\",\"@id\":\"https:\/\/www.daisho.be\/de\/#organization\",\"name\":\"Daisho\",\"url\":\"https:\/\/www.daisho.be\/de\/\",\"logo\":{\"@type\":\"ImageObject\",\"inLanguage\":\"de\",\"@id\":\"https:\/\/www.daisho.be\/de\/#\/schema\/logo\/image\/\",\"url\":\"https:\/\/www.daisho.be\/wp-content\/uploads\/2019\/07\/color-nothing-horizontale4x-e1564486100247.png\",\"contentUrl\":\"https:\/\/www.daisho.be\/wp-content\/uploads\/2019\/07\/color-nothing-horizontale4x-e1564486100247.png\",\"width\":1547,\"height\":385,\"caption\":\"Daisho\"},\"image\":{\"@id\":\"https:\/\/www.daisho.be\/de\/#\/schema\/logo\/image\/\"}}]}<\/script>\n<!-- \/ Yoast SEO plugin. -->","yoast_head_json":{"title":"W\u00e4rmendes Gel 150 ml. &#8211; Daisho","robots":{"index":"index","follow":"follow","max-snippet":"max-snippet:-1","max-image-preview":"max-image-preview:large","max-video-preview":"max-video-preview:-1"},"canonical":"https:\/\/www.daisho.be\/de\/produit\/waermendes-gel-150-ml\/","og_locale":"de_DE","og_type":"article","og_title":"W\u00e4rmendes Gel 150 ml. &#8211; Daisho","og_description":"Erm\u00f6glicht ein schnelles W\u00e4rmegef\u00fchl und eine lang anhaltende Aufw\u00e4rmung im Rahmen der k\u00f6rperlichen Vorbereitung.","og_url":"https:\/\/www.daisho.be\/de\/produit\/waermendes-gel-150-ml\/","og_site_name":"Daisho","og_image":[{"width":1200,"height":1200,"url":"https:\/\/www.daisho.be\/wp-content\/uploads\/2022\/07\/image-3.png","type":"image\/png"}],"twitter_card":"summary_large_image","schema":{"@context":"https:\/\/schema.org","@graph":[{"@type":"WebPage","@id":"https:\/\/www.daisho.be\/de\/produit\/waermendes-gel-150-ml\/","url":"https:\/\/www.daisho.be\/de\/produit\/waermendes-gel-150-ml\/","name":"W\u00e4rmendes Gel 150 ml. &#8211; Daisho","isPartOf":{"@id":"https:\/\/www.daisho.be\/de\/#website"},"primaryImageOfPage":{"@id":"https:\/\/www.daisho.be\/de\/produit\/waermendes-gel-150-ml\/#primaryimage"},"image":{"@id":"https:\/\/www.daisho.be\/de\/produit\/waermendes-gel-150-ml\/#primaryimage"},"thumbnailUrl":"https:\/\/www.daisho.be\/wp-content\/uploads\/2022\/07\/image-3.png","datePublished":"2022-07-10T10:13:20+00:00","breadcrumb":{"@id":"https:\/\/www.daisho.be\/de\/produit\/waermendes-gel-150-ml\/#breadcrumb"},"inLanguage":"de","potentialAction":[{"@type":"ReadAction","target":["https:\/\/www.daisho.be\/de\/produit\/waermendes-gel-150-ml\/"]}]},{"@type":"ImageObject","inLanguage":"de","@id":"https:\/\/www.daisho.be\/de\/produit\/waermendes-gel-150-ml\/#primaryimage","url":"https:\/\/www.daisho.be\/wp-content\/uploads\/2022\/07\/image-3.png","contentUrl":"https:\/\/www.daisho.be\/wp-content\/uploads\/2022\/07\/image-3.png","width":1200,"height":1200},{"@type":"BreadcrumbList","@id":"https:\/\/www.daisho.be\/de\/produit\/waermendes-gel-150-ml\/#breadcrumb","itemListElement":[{"@type":"ListItem","position":1,"name":"Accueil","item":"https:\/\/www.daisho.be\/de\/"},{"@type":"ListItem","position":2,"name":"Produkte","item":"https:\/\/www.daisho.be\/de\/produkte\/"},{"@type":"ListItem","position":3,"name":"Sportlerpflege","item":"https:\/\/www.daisho.be\/de\/categorie-produit\/sportlerpflege\/"},{"@type":"ListItem","position":4,"name":"Cremes","item":"https:\/\/www.daisho.be\/de\/categorie-produit\/sportlerpflege\/cremes-de\/"},{"@type":"ListItem","position":5,"name":"W\u00e4rmendes Gel 150 ml."}]},{"@type":"WebSite","@id":"https:\/\/www.daisho.be\/de\/#website","url":"https:\/\/www.daisho.be\/de\/","name":"Daisho","description":"Sp&eacute;cialiste de l'&eacute;quipement sportif d'arts martiaux","publisher":{"@id":"https:\/\/www.daisho.be\/de\/#organization"},"potentialAction":[{"@type":"SearchAction","target":{"@type":"EntryPoint","urlTemplate":"https:\/\/www.daisho.be\/de\/?s={search_term_string}"},"query-input":{"@type":"PropertyValueSpecification","valueRequired":true,"valueName":"search_term_string"}}],"inLanguage":"de"},{"@type":"Organization","@id":"https:\/\/www.daisho.be\/de\/#organization","name":"Daisho","url":"https:\/\/www.daisho.be\/de\/","logo":{"@type":"ImageObject","inLanguage":"de","@id":"https:\/\/www.daisho.be\/de\/#\/schema\/logo\/image\/","url":"https:\/\/www.daisho.be\/wp-content\/uploads\/2019\/07\/color-nothing-horizontale4x-e1564486100247.png","contentUrl":"https:\/\/www.daisho.be\/wp-content\/uploads\/2019\/07\/color-nothing-horizontale4x-e1564486100247.png","width":1547,"height":385,"caption":"Daisho"},"image":{"@id":"https:\/\/www.daisho.be\/de\/#\/schema\/logo\/image\/"}}]}},"_links":{"self":[{"href":"https:\/\/www.daisho.be\/de\/wp-json\/wp\/v2\/product\/458455","targetHints":{"allow":["GET"]}}],"collection":[{"href":"https:\/\/www.daisho.be\/de\/wp-json\/wp\/v2\/product"}],"about":[{"href":"https:\/\/www.daisho.be\/de\/wp-json\/wp\/v2\/types\/product"}],"replies":[{"embeddable":true,"href":"https:\/\/www.daisho.be\/de\/wp-json\/wp\/v2\/comments?post=458455"}],"wp:featuredmedia":[{"embeddable":true,"href":"https:\/\/www.daisho.be\/de\/wp-json\/wp\/v2\/media\/458459"}],"wp:attachment":[{"href":"https:\/\/www.daisho.be\/de\/wp-json\/wp\/v2\/media?parent=458455"}],"wp:term":[{"taxonomy":"product_brand","embeddable":true,"href":"https:\/\/www.daisho.be\/de\/wp-json\/wp\/v2\/product_brand?post=458455"},{"taxonomy":"product_cat","embeddable":true,"href":"https:\/\/www.daisho.be\/de\/wp-json\/wp\/v2\/product_cat?post=458455"},{"taxonomy":"product_tag","embeddable":true,"href":"https:\/\/www.daisho.be\/de\/wp-json\/wp\/v2\/product_tag?post=458455"},{"taxonomy":"sport","embeddable":true,"href":"https:\/\/www.daisho.be\/de\/wp-json\/wp\/v2\/sport?post=458455"}],"curies":[{"name":"wp","href":"https:\/\/api.w.org\/{rel}","templated":true}]}}