{"id":458435,"date":"2022-07-10T13:36:15","date_gmt":"2022-07-10T11:36:15","guid":{"rendered":"https:\/\/www.daisho.be\/produit\/schwarzes-t-shirt-evolution-kick\/"},"modified":"2025-10-09T14:16:23","modified_gmt":"2025-10-09T12:16:23","slug":"schwarzes-t-shirt-evolution-kick","status":"publish","type":"product","link":"https:\/\/www.daisho.be\/de\/produit\/schwarzes-t-shirt-evolution-kick\/","title":{"rendered":"Schwarzes T-Shirt Evolution Kick"},"content":{"rendered":"<p>T-Shirt bedruckt mit dem Motiv &#8222;Evolution Karate&#8220; im orange\/gelben Farbverlauf<br \/>\nSchweres T-Shirt mit 200 Gramm.<br \/>\nMaterial: 100% Baumwolle.<br \/>\nErh\u00e4ltlich in Kindergr\u00f6\u00dfen 128 &#8211; 152 und Erwachsenengr\u00f6\u00dfen S &#8211; XXL.<br \/>\nErh\u00e4ltlich in verschiedenen Farben.<\/p>\n","protected":false},"excerpt":{"rendered":"<p>T-Shirt bedruckt mit dem Motiv &#8222;Evolution Karate&#8220; im orange\/gelben Farbverlauf Schweres T-Shirt mit 200 Gramm. Material: 100% Baumwolle. Erh\u00e4ltlich in Kindergr\u00f6\u00dfen 128 &#8211; 152 und Erwachsenengr\u00f6\u00dfen S &#8211; XXL. Erh\u00e4ltlich in verschiedenen Farben.<\/p>\n","protected":false},"featured_media":458447,"comment_status":"open","ping_status":"closed","template":"","meta":{"inline_featured_image":false},"product_brand":[],"product_cat":[2022,2076],"product_tag":[2158],"sport":[],"class_list":{"0":"post-458435","1":"product","2":"type-product","3":"status-publish","4":"has-post-thumbnail","6":"product_cat-karate-bekleidung","7":"product_cat-kleidung","8":"product_tag-s-b-j-de","9":"pa_size-128-6-ans","10":"pa_size-140-8-ans","11":"pa_size-152-10-ans","12":"pa_size-l","13":"pa_size-m","14":"pa_size-s","15":"pa_size-xl","16":"pa_size-xxl","18":"first","19":"instock","20":"sale","21":"taxable","22":"shipping-taxable","23":"purchasable","24":"product-type-variable"},"yoast_head":"<!-- This site is optimized with the Yoast SEO plugin v27.2 - https:\/\/yoast.com\/product\/yoast-seo-wordpress\/ -->\n<title>Schwarzes T-Shirt Evolution Kick &#8211; Daisho<\/title>\n<meta name=\"description\" content=\"Entdecken Sie das Evolution Kick T-Shirt, das Sie bei Ihren t\u00e4glichen Ausfl\u00fcgen oder beim Training tragen k\u00f6nnen. Kaufen Sie es auf www.daisho.be|Daisho\" \/>\n<meta name=\"robots\" content=\"index, follow, max-snippet:-1, max-image-preview:large, max-video-preview:-1\" \/>\n<link rel=\"canonical\" href=\"https:\/\/www.daisho.be\/de\/produit\/schwarzes-t-shirt-evolution-kick\/\" \/>\n<meta property=\"og:locale\" content=\"de_DE\" \/>\n<meta property=\"og:type\" content=\"article\" \/>\n<meta property=\"og:title\" content=\"Schwarzes T-Shirt Evolution Kick &#8211; Daisho\" \/>\n<meta property=\"og:description\" content=\"Entdecken Sie das Evolution Kick T-Shirt, das Sie bei Ihren t\u00e4glichen Ausfl\u00fcgen oder beim Training tragen k\u00f6nnen. Kaufen Sie es auf www.daisho.be|Daisho\" \/>\n<meta property=\"og:url\" content=\"https:\/\/www.daisho.be\/de\/produit\/schwarzes-t-shirt-evolution-kick\/\" \/>\n<meta property=\"og:site_name\" content=\"Daisho\" \/>\n<meta property=\"article:modified_time\" content=\"2025-10-09T12:16:23+00:00\" \/>\n<meta property=\"og:image\" content=\"https:\/\/www.daisho.be\/wp-content\/uploads\/2022\/07\/image-1.jpg\" \/>\n\t<meta property=\"og:image:width\" content=\"1200\" \/>\n\t<meta property=\"og:image:height\" content=\"1198\" \/>\n\t<meta property=\"og:image:type\" content=\"image\/jpeg\" \/>\n<meta name=\"twitter:card\" content=\"summary_large_image\" \/>\n<script type=\"application\/ld+json\" class=\"yoast-schema-graph\">{\"@context\":\"https:\/\/schema.org\",\"@graph\":[{\"@type\":\"WebPage\",\"@id\":\"https:\/\/www.daisho.be\/de\/produit\/schwarzes-t-shirt-evolution-kick\/\",\"url\":\"https:\/\/www.daisho.be\/de\/produit\/schwarzes-t-shirt-evolution-kick\/\",\"name\":\"Schwarzes T-Shirt Evolution Kick &#8211; Daisho\",\"isPartOf\":{\"@id\":\"https:\/\/www.daisho.be\/de\/#website\"},\"primaryImageOfPage\":{\"@id\":\"https:\/\/www.daisho.be\/de\/produit\/schwarzes-t-shirt-evolution-kick\/#primaryimage\"},\"image\":{\"@id\":\"https:\/\/www.daisho.be\/de\/produit\/schwarzes-t-shirt-evolution-kick\/#primaryimage\"},\"thumbnailUrl\":\"https:\/\/www.daisho.be\/wp-content\/uploads\/2022\/07\/image-1.jpg\",\"datePublished\":\"2022-07-10T11:36:15+00:00\",\"dateModified\":\"2025-10-09T12:16:23+00:00\",\"description\":\"Entdecken Sie das Evolution Kick T-Shirt, das Sie bei Ihren t\u00e4glichen Ausfl\u00fcgen oder beim Training tragen k\u00f6nnen. Kaufen Sie es auf www.daisho.be|Daisho\",\"breadcrumb\":{\"@id\":\"https:\/\/www.daisho.be\/de\/produit\/schwarzes-t-shirt-evolution-kick\/#breadcrumb\"},\"inLanguage\":\"de\",\"potentialAction\":[{\"@type\":\"ReadAction\",\"target\":[\"https:\/\/www.daisho.be\/de\/produit\/schwarzes-t-shirt-evolution-kick\/\"]}]},{\"@type\":\"ImageObject\",\"inLanguage\":\"de\",\"@id\":\"https:\/\/www.daisho.be\/de\/produit\/schwarzes-t-shirt-evolution-kick\/#primaryimage\",\"url\":\"https:\/\/www.daisho.be\/wp-content\/uploads\/2022\/07\/image-1.jpg\",\"contentUrl\":\"https:\/\/www.daisho.be\/wp-content\/uploads\/2022\/07\/image-1.jpg\",\"width\":1200,\"height\":1198,\"caption\":\"Schwarzes T-Shirt Evolution Kick -1\"},{\"@type\":\"BreadcrumbList\",\"@id\":\"https:\/\/www.daisho.be\/de\/produit\/schwarzes-t-shirt-evolution-kick\/#breadcrumb\",\"itemListElement\":[{\"@type\":\"ListItem\",\"position\":1,\"name\":\"Accueil\",\"item\":\"https:\/\/www.daisho.be\/de\/\"},{\"@type\":\"ListItem\",\"position\":2,\"name\":\"Produkte\",\"item\":\"https:\/\/www.daisho.be\/de\/produkte\/\"},{\"@type\":\"ListItem\",\"position\":3,\"name\":\"Ausr\u00fcstung und Kleidung f\u00fcr Kampfkunst und Kampfsport\",\"item\":\"https:\/\/www.daisho.be\/de\/categorie-produit\/ausrustung-und-kleidung-fur-kampfkunst-und-kampfsport\/\"},{\"@type\":\"ListItem\",\"position\":4,\"name\":\"Karate\",\"item\":\"https:\/\/www.daisho.be\/de\/categorie-produit\/ausrustung-und-kleidung-fur-kampfkunst-und-kampfsport\/karate-de-2\/\"},{\"@type\":\"ListItem\",\"position\":5,\"name\":\"Karate-Bekleidung\",\"item\":\"https:\/\/www.daisho.be\/de\/categorie-produit\/ausrustung-und-kleidung-fur-kampfkunst-und-kampfsport\/karate-de-2\/karate-bekleidung\/\"},{\"@type\":\"ListItem\",\"position\":6,\"name\":\"Schwarzes T-Shirt Evolution Kick\"}]},{\"@type\":\"WebSite\",\"@id\":\"https:\/\/www.daisho.be\/de\/#website\",\"url\":\"https:\/\/www.daisho.be\/de\/\",\"name\":\"Daisho\",\"description\":\"Sp&eacute;cialiste de l'&eacute;quipement sportif d'arts martiaux\",\"publisher\":{\"@id\":\"https:\/\/www.daisho.be\/de\/#organization\"},\"potentialAction\":[{\"@type\":\"SearchAction\",\"target\":{\"@type\":\"EntryPoint\",\"urlTemplate\":\"https:\/\/www.daisho.be\/de\/?s={search_term_string}\"},\"query-input\":{\"@type\":\"PropertyValueSpecification\",\"valueRequired\":true,\"valueName\":\"search_term_string\"}}],\"inLanguage\":\"de\"},{\"@type\":\"Organization\",\"@id\":\"https:\/\/www.daisho.be\/de\/#organization\",\"name\":\"Daisho\",\"url\":\"https:\/\/www.daisho.be\/de\/\",\"logo\":{\"@type\":\"ImageObject\",\"inLanguage\":\"de\",\"@id\":\"https:\/\/www.daisho.be\/de\/#\/schema\/logo\/image\/\",\"url\":\"https:\/\/www.daisho.be\/wp-content\/uploads\/2019\/07\/color-nothing-horizontale4x-e1564486100247.png\",\"contentUrl\":\"https:\/\/www.daisho.be\/wp-content\/uploads\/2019\/07\/color-nothing-horizontale4x-e1564486100247.png\",\"width\":1547,\"height\":385,\"caption\":\"Daisho\"},\"image\":{\"@id\":\"https:\/\/www.daisho.be\/de\/#\/schema\/logo\/image\/\"}}]}<\/script>\n<!-- \/ Yoast SEO plugin. -->","yoast_head_json":{"title":"Schwarzes T-Shirt Evolution Kick &#8211; Daisho","description":"Entdecken Sie das Evolution Kick T-Shirt, das Sie bei Ihren t\u00e4glichen Ausfl\u00fcgen oder beim Training tragen k\u00f6nnen. Kaufen Sie es auf www.daisho.be|Daisho","robots":{"index":"index","follow":"follow","max-snippet":"max-snippet:-1","max-image-preview":"max-image-preview:large","max-video-preview":"max-video-preview:-1"},"canonical":"https:\/\/www.daisho.be\/de\/produit\/schwarzes-t-shirt-evolution-kick\/","og_locale":"de_DE","og_type":"article","og_title":"Schwarzes T-Shirt Evolution Kick &#8211; Daisho","og_description":"Entdecken Sie das Evolution Kick T-Shirt, das Sie bei Ihren t\u00e4glichen Ausfl\u00fcgen oder beim Training tragen k\u00f6nnen. Kaufen Sie es auf www.daisho.be|Daisho","og_url":"https:\/\/www.daisho.be\/de\/produit\/schwarzes-t-shirt-evolution-kick\/","og_site_name":"Daisho","article_modified_time":"2025-10-09T12:16:23+00:00","og_image":[{"width":1200,"height":1198,"url":"https:\/\/www.daisho.be\/wp-content\/uploads\/2022\/07\/image-1.jpg","type":"image\/jpeg"}],"twitter_card":"summary_large_image","schema":{"@context":"https:\/\/schema.org","@graph":[{"@type":"WebPage","@id":"https:\/\/www.daisho.be\/de\/produit\/schwarzes-t-shirt-evolution-kick\/","url":"https:\/\/www.daisho.be\/de\/produit\/schwarzes-t-shirt-evolution-kick\/","name":"Schwarzes T-Shirt Evolution Kick &#8211; Daisho","isPartOf":{"@id":"https:\/\/www.daisho.be\/de\/#website"},"primaryImageOfPage":{"@id":"https:\/\/www.daisho.be\/de\/produit\/schwarzes-t-shirt-evolution-kick\/#primaryimage"},"image":{"@id":"https:\/\/www.daisho.be\/de\/produit\/schwarzes-t-shirt-evolution-kick\/#primaryimage"},"thumbnailUrl":"https:\/\/www.daisho.be\/wp-content\/uploads\/2022\/07\/image-1.jpg","datePublished":"2022-07-10T11:36:15+00:00","dateModified":"2025-10-09T12:16:23+00:00","description":"Entdecken Sie das Evolution Kick T-Shirt, das Sie bei Ihren t\u00e4glichen Ausfl\u00fcgen oder beim Training tragen k\u00f6nnen. Kaufen Sie es auf www.daisho.be|Daisho","breadcrumb":{"@id":"https:\/\/www.daisho.be\/de\/produit\/schwarzes-t-shirt-evolution-kick\/#breadcrumb"},"inLanguage":"de","potentialAction":[{"@type":"ReadAction","target":["https:\/\/www.daisho.be\/de\/produit\/schwarzes-t-shirt-evolution-kick\/"]}]},{"@type":"ImageObject","inLanguage":"de","@id":"https:\/\/www.daisho.be\/de\/produit\/schwarzes-t-shirt-evolution-kick\/#primaryimage","url":"https:\/\/www.daisho.be\/wp-content\/uploads\/2022\/07\/image-1.jpg","contentUrl":"https:\/\/www.daisho.be\/wp-content\/uploads\/2022\/07\/image-1.jpg","width":1200,"height":1198,"caption":"Schwarzes T-Shirt Evolution Kick -1"},{"@type":"BreadcrumbList","@id":"https:\/\/www.daisho.be\/de\/produit\/schwarzes-t-shirt-evolution-kick\/#breadcrumb","itemListElement":[{"@type":"ListItem","position":1,"name":"Accueil","item":"https:\/\/www.daisho.be\/de\/"},{"@type":"ListItem","position":2,"name":"Produkte","item":"https:\/\/www.daisho.be\/de\/produkte\/"},{"@type":"ListItem","position":3,"name":"Ausr\u00fcstung und Kleidung f\u00fcr Kampfkunst und Kampfsport","item":"https:\/\/www.daisho.be\/de\/categorie-produit\/ausrustung-und-kleidung-fur-kampfkunst-und-kampfsport\/"},{"@type":"ListItem","position":4,"name":"Karate","item":"https:\/\/www.daisho.be\/de\/categorie-produit\/ausrustung-und-kleidung-fur-kampfkunst-und-kampfsport\/karate-de-2\/"},{"@type":"ListItem","position":5,"name":"Karate-Bekleidung","item":"https:\/\/www.daisho.be\/de\/categorie-produit\/ausrustung-und-kleidung-fur-kampfkunst-und-kampfsport\/karate-de-2\/karate-bekleidung\/"},{"@type":"ListItem","position":6,"name":"Schwarzes T-Shirt Evolution Kick"}]},{"@type":"WebSite","@id":"https:\/\/www.daisho.be\/de\/#website","url":"https:\/\/www.daisho.be\/de\/","name":"Daisho","description":"Sp&eacute;cialiste de l'&eacute;quipement sportif d'arts martiaux","publisher":{"@id":"https:\/\/www.daisho.be\/de\/#organization"},"potentialAction":[{"@type":"SearchAction","target":{"@type":"EntryPoint","urlTemplate":"https:\/\/www.daisho.be\/de\/?s={search_term_string}"},"query-input":{"@type":"PropertyValueSpecification","valueRequired":true,"valueName":"search_term_string"}}],"inLanguage":"de"},{"@type":"Organization","@id":"https:\/\/www.daisho.be\/de\/#organization","name":"Daisho","url":"https:\/\/www.daisho.be\/de\/","logo":{"@type":"ImageObject","inLanguage":"de","@id":"https:\/\/www.daisho.be\/de\/#\/schema\/logo\/image\/","url":"https:\/\/www.daisho.be\/wp-content\/uploads\/2019\/07\/color-nothing-horizontale4x-e1564486100247.png","contentUrl":"https:\/\/www.daisho.be\/wp-content\/uploads\/2019\/07\/color-nothing-horizontale4x-e1564486100247.png","width":1547,"height":385,"caption":"Daisho"},"image":{"@id":"https:\/\/www.daisho.be\/de\/#\/schema\/logo\/image\/"}}]}},"_links":{"self":[{"href":"https:\/\/www.daisho.be\/de\/wp-json\/wp\/v2\/product\/458435","targetHints":{"allow":["GET"]}}],"collection":[{"href":"https:\/\/www.daisho.be\/de\/wp-json\/wp\/v2\/product"}],"about":[{"href":"https:\/\/www.daisho.be\/de\/wp-json\/wp\/v2\/types\/product"}],"replies":[{"embeddable":true,"href":"https:\/\/www.daisho.be\/de\/wp-json\/wp\/v2\/comments?post=458435"}],"wp:featuredmedia":[{"embeddable":true,"href":"https:\/\/www.daisho.be\/de\/wp-json\/wp\/v2\/media\/458447"}],"wp:attachment":[{"href":"https:\/\/www.daisho.be\/de\/wp-json\/wp\/v2\/media?parent=458435"}],"wp:term":[{"taxonomy":"product_brand","embeddable":true,"href":"https:\/\/www.daisho.be\/de\/wp-json\/wp\/v2\/product_brand?post=458435"},{"taxonomy":"product_cat","embeddable":true,"href":"https:\/\/www.daisho.be\/de\/wp-json\/wp\/v2\/product_cat?post=458435"},{"taxonomy":"product_tag","embeddable":true,"href":"https:\/\/www.daisho.be\/de\/wp-json\/wp\/v2\/product_tag?post=458435"},{"taxonomy":"sport","embeddable":true,"href":"https:\/\/www.daisho.be\/de\/wp-json\/wp\/v2\/sport?post=458435"}],"curies":[{"name":"wp","href":"https:\/\/api.w.org\/{rel}","templated":true}]}}