{"id":458410,"date":"2022-07-10T13:45:25","date_gmt":"2022-07-10T11:45:25","guid":{"rendered":"https:\/\/www.daisho.be\/produit\/adidas-trainingsjacke-schwarz\/"},"modified":"2025-02-27T17:35:26","modified_gmt":"2025-02-27T16:35:26","slug":"adidas-trainingsjacke-schwarz","status":"publish","type":"product","link":"https:\/\/www.daisho.be\/de\/produit\/adidas-trainingsjacke-schwarz\/","title":{"rendered":"adidas Trainingsjacke schwarz"},"content":{"rendered":"<p>Diese moderne Trainingsjacke von adidas wurde in einem klassischen Design entworfen. Die typischen 3-Streifen wurden auf den Schultern und den \u00c4rmeln angebracht. Das adidas Logo befindet sich auf der linken Brustseite und im Nacken.<br \/>\nAufgrund der gro\u00dfen freien Bereiche ist diese Jacke besonders f\u00fcr Vereine geeignet, da die Veredelung mit dem Vereinslogo hier gut m\u00f6glich ist.<br \/>\nDiese Jacke besteht aus schnell trocknendem, strapazierf\u00e4higem Polyester und einem atmungsaktiven Mesh-Futter. Die B\u00fcndchen an den Armen sorgen f\u00fcr eine gute Passform.<br \/>\nZwei Rei\u00dfverschlusstaschen bieten Platz f\u00fcr kleine Gegenst\u00e4nde.<br \/>\nFarbe schwarz mit wei\u00dfen Applikationen.<br \/>\nErh\u00e4ltlich in den Gr\u00f6\u00dfen 140, 152, 164, XS, S, M, L, XL, XXL, 3XL<br \/>\nFarbe: schwarz\/wei\u00df<br \/>\nMaterial: 100 % Polyester<br \/>\nElastische B\u00fcndchen<br \/>\n2 Handtaschen mit Rei\u00dfverschluss   <\/p>\n","protected":false},"excerpt":{"rendered":"<p>Diese moderne Trainingsjacke von adidas wurde in einem klassischen Design entworfen. Die typischen 3-Streifen wurden auf den Schultern und den \u00c4rmeln angebracht. Das adidas Logo befindet sich auf der linken Brustseite und im Nacken. Aufgrund der gro\u00dfen freien Bereiche ist diese Jacke besonders f\u00fcr Vereine geeignet, da die Veredelung mit dem Vereinslogo hier gut m\u00f6glich [&hellip;]<\/p>\n","protected":false},"featured_media":458423,"comment_status":"open","ping_status":"closed","template":"","meta":{"inline_featured_image":false},"product_brand":[],"product_cat":[2258,2257],"product_tag":[2178],"sport":[],"class_list":{"0":"post-458410","1":"product","2":"type-product","3":"status-publish","4":"has-post-thumbnail","6":"product_cat-adidas-combat-sports-bekleidung","7":"product_cat-adidas-kleidung-fur-karate","8":"product_tag-adidas-de","9":"pa_size-140-8-ans","10":"pa_size-152-10-ans","11":"pa_size-164-12-ans","12":"pa_size-2xl","13":"pa_size-3xl","14":"pa_size-l","15":"pa_size-m","16":"pa_size-s","17":"pa_size-xl","18":"pa_size-xs","20":"first","21":"instock","22":"taxable","23":"shipping-taxable","24":"purchasable","25":"product-type-variable"},"yoast_head":"<!-- This site is optimized with the Yoast SEO plugin v27.2 - https:\/\/yoast.com\/product\/yoast-seo-wordpress\/ -->\n<title>adidas Trainingsjacke schwarz &#8211; Daisho<\/title>\n<meta name=\"description\" content=\"Entdecken Sie die Adidas-Trainingsjacke, die f\u00fcr Komfort und Leistung entwickelt wurde. Kaufen Sie sie auf unserer Website www.daisho.be|Daisho\" \/>\n<meta name=\"robots\" content=\"index, follow, max-snippet:-1, max-image-preview:large, max-video-preview:-1\" \/>\n<link rel=\"canonical\" href=\"https:\/\/www.daisho.be\/de\/produit\/adidas-trainingsjacke-schwarz\/\" \/>\n<meta property=\"og:locale\" content=\"de_DE\" \/>\n<meta property=\"og:type\" content=\"article\" \/>\n<meta property=\"og:title\" content=\"adidas Trainingsjacke schwarz &#8211; Daisho\" \/>\n<meta property=\"og:description\" content=\"Entdecken Sie die Adidas-Trainingsjacke, die f\u00fcr Komfort und Leistung entwickelt wurde. Kaufen Sie sie auf unserer Website www.daisho.be|Daisho\" \/>\n<meta property=\"og:url\" content=\"https:\/\/www.daisho.be\/de\/produit\/adidas-trainingsjacke-schwarz\/\" \/>\n<meta property=\"og:site_name\" content=\"Daisho\" \/>\n<meta property=\"article:modified_time\" content=\"2025-02-27T16:35:26+00:00\" \/>\n<meta property=\"og:image\" content=\"https:\/\/www.daisho.be\/wp-content\/uploads\/2022\/07\/image-2.jpg\" \/>\n\t<meta property=\"og:image:width\" content=\"1200\" \/>\n\t<meta property=\"og:image:height\" content=\"1200\" \/>\n\t<meta property=\"og:image:type\" content=\"image\/jpeg\" \/>\n<meta name=\"twitter:card\" content=\"summary_large_image\" \/>\n<meta name=\"twitter:label1\" content=\"Gesch\u00e4tzte Lesezeit\" \/>\n\t<meta name=\"twitter:data1\" content=\"1\u00a0Minute\" \/>\n<script type=\"application\/ld+json\" class=\"yoast-schema-graph\">{\"@context\":\"https:\/\/schema.org\",\"@graph\":[{\"@type\":\"WebPage\",\"@id\":\"https:\/\/www.daisho.be\/de\/produit\/adidas-trainingsjacke-schwarz\/\",\"url\":\"https:\/\/www.daisho.be\/de\/produit\/adidas-trainingsjacke-schwarz\/\",\"name\":\"adidas Trainingsjacke schwarz &#8211; Daisho\",\"isPartOf\":{\"@id\":\"https:\/\/www.daisho.be\/de\/#website\"},\"primaryImageOfPage\":{\"@id\":\"https:\/\/www.daisho.be\/de\/produit\/adidas-trainingsjacke-schwarz\/#primaryimage\"},\"image\":{\"@id\":\"https:\/\/www.daisho.be\/de\/produit\/adidas-trainingsjacke-schwarz\/#primaryimage\"},\"thumbnailUrl\":\"https:\/\/www.daisho.be\/wp-content\/uploads\/2022\/07\/image-2.jpg\",\"datePublished\":\"2022-07-10T11:45:25+00:00\",\"dateModified\":\"2025-02-27T16:35:26+00:00\",\"description\":\"Entdecken Sie die Adidas-Trainingsjacke, die f\u00fcr Komfort und Leistung entwickelt wurde. Kaufen Sie sie auf unserer Website www.daisho.be|Daisho\",\"breadcrumb\":{\"@id\":\"https:\/\/www.daisho.be\/de\/produit\/adidas-trainingsjacke-schwarz\/#breadcrumb\"},\"inLanguage\":\"de\",\"potentialAction\":[{\"@type\":\"ReadAction\",\"target\":[\"https:\/\/www.daisho.be\/de\/produit\/adidas-trainingsjacke-schwarz\/\"]}]},{\"@type\":\"ImageObject\",\"inLanguage\":\"de\",\"@id\":\"https:\/\/www.daisho.be\/de\/produit\/adidas-trainingsjacke-schwarz\/#primaryimage\",\"url\":\"https:\/\/www.daisho.be\/wp-content\/uploads\/2022\/07\/image-2.jpg\",\"contentUrl\":\"https:\/\/www.daisho.be\/wp-content\/uploads\/2022\/07\/image-2.jpg\",\"width\":1200,\"height\":1200,\"caption\":\"adidas Trainingsjacke schwarz-1\"},{\"@type\":\"BreadcrumbList\",\"@id\":\"https:\/\/www.daisho.be\/de\/produit\/adidas-trainingsjacke-schwarz\/#breadcrumb\",\"itemListElement\":[{\"@type\":\"ListItem\",\"position\":1,\"name\":\"Accueil\",\"item\":\"https:\/\/www.daisho.be\/de\/\"},{\"@type\":\"ListItem\",\"position\":2,\"name\":\"Produkte\",\"item\":\"https:\/\/www.daisho.be\/de\/produkte\/\"},{\"@type\":\"ListItem\",\"position\":3,\"name\":\"ADIDAS COMBAT SPORTS\",\"item\":\"https:\/\/www.daisho.be\/de\/categorie-produit\/adidas-combat-sports-de\/\"},{\"@type\":\"ListItem\",\"position\":4,\"name\":\"Kampfsport\",\"item\":\"https:\/\/www.daisho.be\/de\/categorie-produit\/adidas-combat-sports-de\/kampfsport\/\"},{\"@type\":\"ListItem\",\"position\":5,\"name\":\"Adidas Combat Sports Bekleidung\",\"item\":\"https:\/\/www.daisho.be\/de\/categorie-produit\/adidas-combat-sports-de\/kampfsport\/adidas-combat-sports-bekleidung\/\"},{\"@type\":\"ListItem\",\"position\":6,\"name\":\"adidas Trainingsjacke schwarz\"}]},{\"@type\":\"WebSite\",\"@id\":\"https:\/\/www.daisho.be\/de\/#website\",\"url\":\"https:\/\/www.daisho.be\/de\/\",\"name\":\"Daisho\",\"description\":\"Sp&eacute;cialiste de l'&eacute;quipement sportif d'arts martiaux\",\"publisher\":{\"@id\":\"https:\/\/www.daisho.be\/de\/#organization\"},\"potentialAction\":[{\"@type\":\"SearchAction\",\"target\":{\"@type\":\"EntryPoint\",\"urlTemplate\":\"https:\/\/www.daisho.be\/de\/?s={search_term_string}\"},\"query-input\":{\"@type\":\"PropertyValueSpecification\",\"valueRequired\":true,\"valueName\":\"search_term_string\"}}],\"inLanguage\":\"de\"},{\"@type\":\"Organization\",\"@id\":\"https:\/\/www.daisho.be\/de\/#organization\",\"name\":\"Daisho\",\"url\":\"https:\/\/www.daisho.be\/de\/\",\"logo\":{\"@type\":\"ImageObject\",\"inLanguage\":\"de\",\"@id\":\"https:\/\/www.daisho.be\/de\/#\/schema\/logo\/image\/\",\"url\":\"https:\/\/www.daisho.be\/wp-content\/uploads\/2019\/07\/color-nothing-horizontale4x-e1564486100247.png\",\"contentUrl\":\"https:\/\/www.daisho.be\/wp-content\/uploads\/2019\/07\/color-nothing-horizontale4x-e1564486100247.png\",\"width\":1547,\"height\":385,\"caption\":\"Daisho\"},\"image\":{\"@id\":\"https:\/\/www.daisho.be\/de\/#\/schema\/logo\/image\/\"}}]}<\/script>\n<!-- \/ Yoast SEO plugin. -->","yoast_head_json":{"title":"adidas Trainingsjacke schwarz &#8211; Daisho","description":"Entdecken Sie die Adidas-Trainingsjacke, die f\u00fcr Komfort und Leistung entwickelt wurde. Kaufen Sie sie auf unserer Website www.daisho.be|Daisho","robots":{"index":"index","follow":"follow","max-snippet":"max-snippet:-1","max-image-preview":"max-image-preview:large","max-video-preview":"max-video-preview:-1"},"canonical":"https:\/\/www.daisho.be\/de\/produit\/adidas-trainingsjacke-schwarz\/","og_locale":"de_DE","og_type":"article","og_title":"adidas Trainingsjacke schwarz &#8211; Daisho","og_description":"Entdecken Sie die Adidas-Trainingsjacke, die f\u00fcr Komfort und Leistung entwickelt wurde. Kaufen Sie sie auf unserer Website www.daisho.be|Daisho","og_url":"https:\/\/www.daisho.be\/de\/produit\/adidas-trainingsjacke-schwarz\/","og_site_name":"Daisho","article_modified_time":"2025-02-27T16:35:26+00:00","og_image":[{"width":1200,"height":1200,"url":"https:\/\/www.daisho.be\/wp-content\/uploads\/2022\/07\/image-2.jpg","type":"image\/jpeg"}],"twitter_card":"summary_large_image","twitter_misc":{"Gesch\u00e4tzte Lesezeit":"1\u00a0Minute"},"schema":{"@context":"https:\/\/schema.org","@graph":[{"@type":"WebPage","@id":"https:\/\/www.daisho.be\/de\/produit\/adidas-trainingsjacke-schwarz\/","url":"https:\/\/www.daisho.be\/de\/produit\/adidas-trainingsjacke-schwarz\/","name":"adidas Trainingsjacke schwarz &#8211; Daisho","isPartOf":{"@id":"https:\/\/www.daisho.be\/de\/#website"},"primaryImageOfPage":{"@id":"https:\/\/www.daisho.be\/de\/produit\/adidas-trainingsjacke-schwarz\/#primaryimage"},"image":{"@id":"https:\/\/www.daisho.be\/de\/produit\/adidas-trainingsjacke-schwarz\/#primaryimage"},"thumbnailUrl":"https:\/\/www.daisho.be\/wp-content\/uploads\/2022\/07\/image-2.jpg","datePublished":"2022-07-10T11:45:25+00:00","dateModified":"2025-02-27T16:35:26+00:00","description":"Entdecken Sie die Adidas-Trainingsjacke, die f\u00fcr Komfort und Leistung entwickelt wurde. Kaufen Sie sie auf unserer Website www.daisho.be|Daisho","breadcrumb":{"@id":"https:\/\/www.daisho.be\/de\/produit\/adidas-trainingsjacke-schwarz\/#breadcrumb"},"inLanguage":"de","potentialAction":[{"@type":"ReadAction","target":["https:\/\/www.daisho.be\/de\/produit\/adidas-trainingsjacke-schwarz\/"]}]},{"@type":"ImageObject","inLanguage":"de","@id":"https:\/\/www.daisho.be\/de\/produit\/adidas-trainingsjacke-schwarz\/#primaryimage","url":"https:\/\/www.daisho.be\/wp-content\/uploads\/2022\/07\/image-2.jpg","contentUrl":"https:\/\/www.daisho.be\/wp-content\/uploads\/2022\/07\/image-2.jpg","width":1200,"height":1200,"caption":"adidas Trainingsjacke schwarz-1"},{"@type":"BreadcrumbList","@id":"https:\/\/www.daisho.be\/de\/produit\/adidas-trainingsjacke-schwarz\/#breadcrumb","itemListElement":[{"@type":"ListItem","position":1,"name":"Accueil","item":"https:\/\/www.daisho.be\/de\/"},{"@type":"ListItem","position":2,"name":"Produkte","item":"https:\/\/www.daisho.be\/de\/produkte\/"},{"@type":"ListItem","position":3,"name":"ADIDAS COMBAT SPORTS","item":"https:\/\/www.daisho.be\/de\/categorie-produit\/adidas-combat-sports-de\/"},{"@type":"ListItem","position":4,"name":"Kampfsport","item":"https:\/\/www.daisho.be\/de\/categorie-produit\/adidas-combat-sports-de\/kampfsport\/"},{"@type":"ListItem","position":5,"name":"Adidas Combat Sports Bekleidung","item":"https:\/\/www.daisho.be\/de\/categorie-produit\/adidas-combat-sports-de\/kampfsport\/adidas-combat-sports-bekleidung\/"},{"@type":"ListItem","position":6,"name":"adidas Trainingsjacke schwarz"}]},{"@type":"WebSite","@id":"https:\/\/www.daisho.be\/de\/#website","url":"https:\/\/www.daisho.be\/de\/","name":"Daisho","description":"Sp&eacute;cialiste de l'&eacute;quipement sportif d'arts martiaux","publisher":{"@id":"https:\/\/www.daisho.be\/de\/#organization"},"potentialAction":[{"@type":"SearchAction","target":{"@type":"EntryPoint","urlTemplate":"https:\/\/www.daisho.be\/de\/?s={search_term_string}"},"query-input":{"@type":"PropertyValueSpecification","valueRequired":true,"valueName":"search_term_string"}}],"inLanguage":"de"},{"@type":"Organization","@id":"https:\/\/www.daisho.be\/de\/#organization","name":"Daisho","url":"https:\/\/www.daisho.be\/de\/","logo":{"@type":"ImageObject","inLanguage":"de","@id":"https:\/\/www.daisho.be\/de\/#\/schema\/logo\/image\/","url":"https:\/\/www.daisho.be\/wp-content\/uploads\/2019\/07\/color-nothing-horizontale4x-e1564486100247.png","contentUrl":"https:\/\/www.daisho.be\/wp-content\/uploads\/2019\/07\/color-nothing-horizontale4x-e1564486100247.png","width":1547,"height":385,"caption":"Daisho"},"image":{"@id":"https:\/\/www.daisho.be\/de\/#\/schema\/logo\/image\/"}}]}},"_links":{"self":[{"href":"https:\/\/www.daisho.be\/de\/wp-json\/wp\/v2\/product\/458410","targetHints":{"allow":["GET"]}}],"collection":[{"href":"https:\/\/www.daisho.be\/de\/wp-json\/wp\/v2\/product"}],"about":[{"href":"https:\/\/www.daisho.be\/de\/wp-json\/wp\/v2\/types\/product"}],"replies":[{"embeddable":true,"href":"https:\/\/www.daisho.be\/de\/wp-json\/wp\/v2\/comments?post=458410"}],"wp:featuredmedia":[{"embeddable":true,"href":"https:\/\/www.daisho.be\/de\/wp-json\/wp\/v2\/media\/458423"}],"wp:attachment":[{"href":"https:\/\/www.daisho.be\/de\/wp-json\/wp\/v2\/media?parent=458410"}],"wp:term":[{"taxonomy":"product_brand","embeddable":true,"href":"https:\/\/www.daisho.be\/de\/wp-json\/wp\/v2\/product_brand?post=458410"},{"taxonomy":"product_cat","embeddable":true,"href":"https:\/\/www.daisho.be\/de\/wp-json\/wp\/v2\/product_cat?post=458410"},{"taxonomy":"product_tag","embeddable":true,"href":"https:\/\/www.daisho.be\/de\/wp-json\/wp\/v2\/product_tag?post=458410"},{"taxonomy":"sport","embeddable":true,"href":"https:\/\/www.daisho.be\/de\/wp-json\/wp\/v2\/sport?post=458410"}],"curies":[{"name":"wp","href":"https:\/\/api.w.org\/{rel}","templated":true}]}}