{"id":458374,"date":"2022-07-17T20:58:59","date_gmt":"2022-07-17T18:58:59","guid":{"rendered":"https:\/\/www.daisho.be\/produit\/baerentatzen-zebra-fitness-schwarz\/"},"modified":"2025-12-24T11:46:47","modified_gmt":"2025-12-24T10:46:47","slug":"baerentatzen-zebra-fitness-schwarz","status":"publish","type":"product","link":"https:\/\/www.daisho.be\/de\/produit\/baerentatzen-zebra-fitness-schwarz\/","title":{"rendered":"B\u00c4RENTATZEN ZEBRA FITNESS SCHWARZ"},"content":{"rendered":"<p>ZEBRA FITNESS Trainingshandschuh aus mattem, strapazierf\u00e4higem &#8222;FLX PU&#8220; Kunstleder.<br \/>\nLeicht vorgespannt mit einem extra leichten Schaumstoffkern f\u00fcr den vielseitigen Einsatz im Kampfsporttraining. Eine Griffkugel in der Mitte der Hand sorgt f\u00fcr die anatomische Position der H\u00e4nde und eine sichere Passform. Die gepolsterte Fingerabdeckung sch\u00fctzt vor Verletzungen und das Polyester-Netzgewebe sorgt f\u00fcr eine gute Bel\u00fcftung.<br \/>\nLeicht zu gleiten durch eine leicht gepolsterte Querstange auf dem Handr\u00fccken. Ein extra weiches Polster auf der Unterseite des Handgelenks bietet zus\u00e4tzliche Unterst\u00fctzung und Schutz f\u00fcr das Gelenk und hilft, harte Schl\u00e4ge zu absorbieren.<br \/>\nVielseitig einsetzbar f\u00fcr MMA, Boxen und Kickboxen.   <\/p>\n<p>Obermaterial: bestes FLX PU\u00e2\u20ac\u0153, matt<br \/>\nEine Griffkugel sorgt f\u00fcr eine gute anatomische Position der Hand<br \/>\nExtraleichter Schaumstoff mit sehr guter Polsterung<br \/>\nMa\u00dfe: ca. 28 x 20 x 6 cm<br \/>\nPaarweise verkauft<\/p>\n","protected":false},"excerpt":{"rendered":"<p>ZEBRA FITNESS Trainingshandschuh aus mattem, strapazierf\u00e4higem &#8222;FLX PU&#8220; Kunstleder. Leicht vorgespannt mit einem extra leichten Schaumstoffkern f\u00fcr den vielseitigen Einsatz im Kampfsporttraining. Eine Griffkugel in der Mitte der Hand sorgt f\u00fcr die anatomische Position der H\u00e4nde und eine sichere Passform. Die gepolsterte Fingerabdeckung sch\u00fctzt vor Verletzungen und das Polyester-Netzgewebe sorgt f\u00fcr eine gute Bel\u00fcftung. Leicht [&hellip;]<\/p>\n","protected":false},"featured_media":458379,"comment_status":"open","ping_status":"closed","template":"","meta":{"inline_featured_image":false},"product_brand":[],"product_cat":[2132,2100,2054,2043],"product_tag":[2319],"sport":[],"class_list":{"0":"post-458374","1":"product","2":"type-product","3":"status-publish","4":"has-post-thumbnail","6":"product_cat-boxsacke","7":"product_cat-mma-trainingsmaterial","8":"product_cat-trainingsmaterial","9":"product_cat-trainingsmaterial-boxen","10":"product_tag-zebra-de","11":"pa_size-28x20x5cm","13":"first","14":"instock","15":"sale","16":"taxable","17":"shipping-taxable","18":"purchasable","19":"product-type-variable"},"yoast_head":"<!-- This site is optimized with the Yoast SEO plugin v27.2 - https:\/\/yoast.com\/product\/yoast-seo-wordpress\/ -->\n<title>B\u00c4RENTATZEN ZEBRA FITNESS SCHWARZ &#8211; Daisho<\/title>\n<meta name=\"robots\" content=\"index, follow, max-snippet:-1, max-image-preview:large, max-video-preview:-1\" \/>\n<link rel=\"canonical\" href=\"https:\/\/www.daisho.be\/de\/produit\/baerentatzen-zebra-fitness-schwarz\/\" \/>\n<meta property=\"og:locale\" content=\"de_DE\" \/>\n<meta property=\"og:type\" content=\"article\" \/>\n<meta property=\"og:title\" content=\"B\u00c4RENTATZEN ZEBRA FITNESS SCHWARZ &#8211; Daisho\" \/>\n<meta property=\"og:description\" content=\"ZEBRA FITNESS Trainingshandschuh aus mattem, strapazierf\u00e4higem &#8222;FLX PU&#8220; Kunstleder. Leicht vorgespannt mit einem extra leichten Schaumstoffkern f\u00fcr den vielseitigen Einsatz im Kampfsporttraining. Eine Griffkugel in der Mitte der Hand sorgt f\u00fcr die anatomische Position der H\u00e4nde und eine sichere Passform. Die gepolsterte Fingerabdeckung sch\u00fctzt vor Verletzungen und das Polyester-Netzgewebe sorgt f\u00fcr eine gute Bel\u00fcftung. Leicht [&hellip;]\" \/>\n<meta property=\"og:url\" content=\"https:\/\/www.daisho.be\/de\/produit\/baerentatzen-zebra-fitness-schwarz\/\" \/>\n<meta property=\"og:site_name\" content=\"Daisho\" \/>\n<meta property=\"article:modified_time\" content=\"2025-12-24T10:46:47+00:00\" \/>\n<meta property=\"og:image\" content=\"https:\/\/www.daisho.be\/wp-content\/uploads\/2023\/06\/image-104.jpg\" \/>\n\t<meta property=\"og:image:width\" content=\"510\" \/>\n\t<meta property=\"og:image:height\" content=\"720\" \/>\n\t<meta property=\"og:image:type\" content=\"image\/jpeg\" \/>\n<meta name=\"twitter:card\" content=\"summary_large_image\" \/>\n<meta name=\"twitter:label1\" content=\"Gesch\u00e4tzte Lesezeit\" \/>\n\t<meta name=\"twitter:data1\" content=\"1\u00a0Minute\" \/>\n<script type=\"application\/ld+json\" class=\"yoast-schema-graph\">{\"@context\":\"https:\/\/schema.org\",\"@graph\":[{\"@type\":\"WebPage\",\"@id\":\"https:\/\/www.daisho.be\/de\/produit\/baerentatzen-zebra-fitness-schwarz\/\",\"url\":\"https:\/\/www.daisho.be\/de\/produit\/baerentatzen-zebra-fitness-schwarz\/\",\"name\":\"B\u00c4RENTATZEN ZEBRA FITNESS SCHWARZ &#8211; Daisho\",\"isPartOf\":{\"@id\":\"https:\/\/www.daisho.be\/de\/#website\"},\"primaryImageOfPage\":{\"@id\":\"https:\/\/www.daisho.be\/de\/produit\/baerentatzen-zebra-fitness-schwarz\/#primaryimage\"},\"image\":{\"@id\":\"https:\/\/www.daisho.be\/de\/produit\/baerentatzen-zebra-fitness-schwarz\/#primaryimage\"},\"thumbnailUrl\":\"https:\/\/www.daisho.be\/wp-content\/uploads\/2023\/06\/image-104.jpg\",\"datePublished\":\"2022-07-17T18:58:59+00:00\",\"dateModified\":\"2025-12-24T10:46:47+00:00\",\"breadcrumb\":{\"@id\":\"https:\/\/www.daisho.be\/de\/produit\/baerentatzen-zebra-fitness-schwarz\/#breadcrumb\"},\"inLanguage\":\"de\",\"potentialAction\":[{\"@type\":\"ReadAction\",\"target\":[\"https:\/\/www.daisho.be\/de\/produit\/baerentatzen-zebra-fitness-schwarz\/\"]}]},{\"@type\":\"ImageObject\",\"inLanguage\":\"de\",\"@id\":\"https:\/\/www.daisho.be\/de\/produit\/baerentatzen-zebra-fitness-schwarz\/#primaryimage\",\"url\":\"https:\/\/www.daisho.be\/wp-content\/uploads\/2023\/06\/image-104.jpg\",\"contentUrl\":\"https:\/\/www.daisho.be\/wp-content\/uploads\/2023\/06\/image-104.jpg\",\"width\":510,\"height\":720,\"caption\":\"B\u00c4RENTATZEN ZEBRA FITNESS SCHWARZ-1\"},{\"@type\":\"BreadcrumbList\",\"@id\":\"https:\/\/www.daisho.be\/de\/produit\/baerentatzen-zebra-fitness-schwarz\/#breadcrumb\",\"itemListElement\":[{\"@type\":\"ListItem\",\"position\":1,\"name\":\"Accueil\",\"item\":\"https:\/\/www.daisho.be\/de\/\"},{\"@type\":\"ListItem\",\"position\":2,\"name\":\"Produkte\",\"item\":\"https:\/\/www.daisho.be\/de\/produkte\/\"},{\"@type\":\"ListItem\",\"position\":3,\"name\":\"Ausr\u00fcstung und Kleidung f\u00fcr Kampfkunst und Kampfsport\",\"item\":\"https:\/\/www.daisho.be\/de\/categorie-produit\/ausrustung-und-kleidung-fur-kampfkunst-und-kampfsport\/\"},{\"@type\":\"ListItem\",\"position\":4,\"name\":\"MMA\",\"item\":\"https:\/\/www.daisho.be\/de\/categorie-produit\/ausrustung-und-kleidung-fur-kampfkunst-und-kampfsport\/mma-de-2\/\"},{\"@type\":\"ListItem\",\"position\":5,\"name\":\"MMA-Trainingsmaterial\",\"item\":\"https:\/\/www.daisho.be\/de\/categorie-produit\/ausrustung-und-kleidung-fur-kampfkunst-und-kampfsport\/mma-de-2\/mma-trainingsmaterial\/\"},{\"@type\":\"ListItem\",\"position\":6,\"name\":\"B\u00c4RENTATZEN ZEBRA FITNESS SCHWARZ\"}]},{\"@type\":\"WebSite\",\"@id\":\"https:\/\/www.daisho.be\/de\/#website\",\"url\":\"https:\/\/www.daisho.be\/de\/\",\"name\":\"Daisho\",\"description\":\"Sp&eacute;cialiste de l'&eacute;quipement sportif d'arts martiaux\",\"publisher\":{\"@id\":\"https:\/\/www.daisho.be\/de\/#organization\"},\"potentialAction\":[{\"@type\":\"SearchAction\",\"target\":{\"@type\":\"EntryPoint\",\"urlTemplate\":\"https:\/\/www.daisho.be\/de\/?s={search_term_string}\"},\"query-input\":{\"@type\":\"PropertyValueSpecification\",\"valueRequired\":true,\"valueName\":\"search_term_string\"}}],\"inLanguage\":\"de\"},{\"@type\":\"Organization\",\"@id\":\"https:\/\/www.daisho.be\/de\/#organization\",\"name\":\"Daisho\",\"url\":\"https:\/\/www.daisho.be\/de\/\",\"logo\":{\"@type\":\"ImageObject\",\"inLanguage\":\"de\",\"@id\":\"https:\/\/www.daisho.be\/de\/#\/schema\/logo\/image\/\",\"url\":\"https:\/\/www.daisho.be\/wp-content\/uploads\/2019\/07\/color-nothing-horizontale4x-e1564486100247.png\",\"contentUrl\":\"https:\/\/www.daisho.be\/wp-content\/uploads\/2019\/07\/color-nothing-horizontale4x-e1564486100247.png\",\"width\":1547,\"height\":385,\"caption\":\"Daisho\"},\"image\":{\"@id\":\"https:\/\/www.daisho.be\/de\/#\/schema\/logo\/image\/\"}}]}<\/script>\n<!-- \/ Yoast SEO plugin. -->","yoast_head_json":{"title":"B\u00c4RENTATZEN ZEBRA FITNESS SCHWARZ &#8211; Daisho","robots":{"index":"index","follow":"follow","max-snippet":"max-snippet:-1","max-image-preview":"max-image-preview:large","max-video-preview":"max-video-preview:-1"},"canonical":"https:\/\/www.daisho.be\/de\/produit\/baerentatzen-zebra-fitness-schwarz\/","og_locale":"de_DE","og_type":"article","og_title":"B\u00c4RENTATZEN ZEBRA FITNESS SCHWARZ &#8211; Daisho","og_description":"ZEBRA FITNESS Trainingshandschuh aus mattem, strapazierf\u00e4higem &#8222;FLX PU&#8220; Kunstleder. Leicht vorgespannt mit einem extra leichten Schaumstoffkern f\u00fcr den vielseitigen Einsatz im Kampfsporttraining. Eine Griffkugel in der Mitte der Hand sorgt f\u00fcr die anatomische Position der H\u00e4nde und eine sichere Passform. Die gepolsterte Fingerabdeckung sch\u00fctzt vor Verletzungen und das Polyester-Netzgewebe sorgt f\u00fcr eine gute Bel\u00fcftung. Leicht [&hellip;]","og_url":"https:\/\/www.daisho.be\/de\/produit\/baerentatzen-zebra-fitness-schwarz\/","og_site_name":"Daisho","article_modified_time":"2025-12-24T10:46:47+00:00","og_image":[{"width":510,"height":720,"url":"https:\/\/www.daisho.be\/wp-content\/uploads\/2023\/06\/image-104.jpg","type":"image\/jpeg"}],"twitter_card":"summary_large_image","twitter_misc":{"Gesch\u00e4tzte Lesezeit":"1\u00a0Minute"},"schema":{"@context":"https:\/\/schema.org","@graph":[{"@type":"WebPage","@id":"https:\/\/www.daisho.be\/de\/produit\/baerentatzen-zebra-fitness-schwarz\/","url":"https:\/\/www.daisho.be\/de\/produit\/baerentatzen-zebra-fitness-schwarz\/","name":"B\u00c4RENTATZEN ZEBRA FITNESS SCHWARZ &#8211; Daisho","isPartOf":{"@id":"https:\/\/www.daisho.be\/de\/#website"},"primaryImageOfPage":{"@id":"https:\/\/www.daisho.be\/de\/produit\/baerentatzen-zebra-fitness-schwarz\/#primaryimage"},"image":{"@id":"https:\/\/www.daisho.be\/de\/produit\/baerentatzen-zebra-fitness-schwarz\/#primaryimage"},"thumbnailUrl":"https:\/\/www.daisho.be\/wp-content\/uploads\/2023\/06\/image-104.jpg","datePublished":"2022-07-17T18:58:59+00:00","dateModified":"2025-12-24T10:46:47+00:00","breadcrumb":{"@id":"https:\/\/www.daisho.be\/de\/produit\/baerentatzen-zebra-fitness-schwarz\/#breadcrumb"},"inLanguage":"de","potentialAction":[{"@type":"ReadAction","target":["https:\/\/www.daisho.be\/de\/produit\/baerentatzen-zebra-fitness-schwarz\/"]}]},{"@type":"ImageObject","inLanguage":"de","@id":"https:\/\/www.daisho.be\/de\/produit\/baerentatzen-zebra-fitness-schwarz\/#primaryimage","url":"https:\/\/www.daisho.be\/wp-content\/uploads\/2023\/06\/image-104.jpg","contentUrl":"https:\/\/www.daisho.be\/wp-content\/uploads\/2023\/06\/image-104.jpg","width":510,"height":720,"caption":"B\u00c4RENTATZEN ZEBRA FITNESS SCHWARZ-1"},{"@type":"BreadcrumbList","@id":"https:\/\/www.daisho.be\/de\/produit\/baerentatzen-zebra-fitness-schwarz\/#breadcrumb","itemListElement":[{"@type":"ListItem","position":1,"name":"Accueil","item":"https:\/\/www.daisho.be\/de\/"},{"@type":"ListItem","position":2,"name":"Produkte","item":"https:\/\/www.daisho.be\/de\/produkte\/"},{"@type":"ListItem","position":3,"name":"Ausr\u00fcstung und Kleidung f\u00fcr Kampfkunst und Kampfsport","item":"https:\/\/www.daisho.be\/de\/categorie-produit\/ausrustung-und-kleidung-fur-kampfkunst-und-kampfsport\/"},{"@type":"ListItem","position":4,"name":"MMA","item":"https:\/\/www.daisho.be\/de\/categorie-produit\/ausrustung-und-kleidung-fur-kampfkunst-und-kampfsport\/mma-de-2\/"},{"@type":"ListItem","position":5,"name":"MMA-Trainingsmaterial","item":"https:\/\/www.daisho.be\/de\/categorie-produit\/ausrustung-und-kleidung-fur-kampfkunst-und-kampfsport\/mma-de-2\/mma-trainingsmaterial\/"},{"@type":"ListItem","position":6,"name":"B\u00c4RENTATZEN ZEBRA FITNESS SCHWARZ"}]},{"@type":"WebSite","@id":"https:\/\/www.daisho.be\/de\/#website","url":"https:\/\/www.daisho.be\/de\/","name":"Daisho","description":"Sp&eacute;cialiste de l'&eacute;quipement sportif d'arts martiaux","publisher":{"@id":"https:\/\/www.daisho.be\/de\/#organization"},"potentialAction":[{"@type":"SearchAction","target":{"@type":"EntryPoint","urlTemplate":"https:\/\/www.daisho.be\/de\/?s={search_term_string}"},"query-input":{"@type":"PropertyValueSpecification","valueRequired":true,"valueName":"search_term_string"}}],"inLanguage":"de"},{"@type":"Organization","@id":"https:\/\/www.daisho.be\/de\/#organization","name":"Daisho","url":"https:\/\/www.daisho.be\/de\/","logo":{"@type":"ImageObject","inLanguage":"de","@id":"https:\/\/www.daisho.be\/de\/#\/schema\/logo\/image\/","url":"https:\/\/www.daisho.be\/wp-content\/uploads\/2019\/07\/color-nothing-horizontale4x-e1564486100247.png","contentUrl":"https:\/\/www.daisho.be\/wp-content\/uploads\/2019\/07\/color-nothing-horizontale4x-e1564486100247.png","width":1547,"height":385,"caption":"Daisho"},"image":{"@id":"https:\/\/www.daisho.be\/de\/#\/schema\/logo\/image\/"}}]}},"_links":{"self":[{"href":"https:\/\/www.daisho.be\/de\/wp-json\/wp\/v2\/product\/458374","targetHints":{"allow":["GET"]}}],"collection":[{"href":"https:\/\/www.daisho.be\/de\/wp-json\/wp\/v2\/product"}],"about":[{"href":"https:\/\/www.daisho.be\/de\/wp-json\/wp\/v2\/types\/product"}],"replies":[{"embeddable":true,"href":"https:\/\/www.daisho.be\/de\/wp-json\/wp\/v2\/comments?post=458374"}],"wp:featuredmedia":[{"embeddable":true,"href":"https:\/\/www.daisho.be\/de\/wp-json\/wp\/v2\/media\/458379"}],"wp:attachment":[{"href":"https:\/\/www.daisho.be\/de\/wp-json\/wp\/v2\/media?parent=458374"}],"wp:term":[{"taxonomy":"product_brand","embeddable":true,"href":"https:\/\/www.daisho.be\/de\/wp-json\/wp\/v2\/product_brand?post=458374"},{"taxonomy":"product_cat","embeddable":true,"href":"https:\/\/www.daisho.be\/de\/wp-json\/wp\/v2\/product_cat?post=458374"},{"taxonomy":"product_tag","embeddable":true,"href":"https:\/\/www.daisho.be\/de\/wp-json\/wp\/v2\/product_tag?post=458374"},{"taxonomy":"sport","embeddable":true,"href":"https:\/\/www.daisho.be\/de\/wp-json\/wp\/v2\/sport?post=458374"}],"curies":[{"name":"wp","href":"https:\/\/api.w.org\/{rel}","templated":true}]}}