{"id":458357,"date":"2022-07-19T18:55:56","date_gmt":"2022-07-19T16:55:56","guid":{"rendered":"https:\/\/www.daisho.be\/produit\/karategi-tokaido-kumite-master-k1-wkf\/"},"modified":"2026-01-31T12:56:42","modified_gmt":"2026-01-31T11:56:42","slug":"karategi-tokaido-kumite-master-k1-wkf","status":"publish","type":"product","link":"https:\/\/www.daisho.be\/de\/produit\/karategi-tokaido-kumite-master-k1-wkf\/","title":{"rendered":"KARATEGI TOKAIDO KUMITE MASTER K1 &#8211; WKF"},"content":{"rendered":"<p>Der Kumite Master K1 ist der erste Karate Gi mit roter und blauer Schulterstickerei gleichzeitig!<br \/>\nDieses Gi ist beidseitig verwendbar &#8211; daher ist theoretisch nur ein Anzug f\u00fcr eine Meisterschaft nach WKF-Regeln ausreichend! &#8211; Auch ideal als Back UP Gi &#8211;<br \/>\nGleiche Oberfl\u00e4che des Innen- und Au\u00dfenstoffes. Der hohe Tragekomfort der Uniform wird perfekt erg\u00e4nzt durch die enorme Haltbarkeit und den extra weichen, elastischen Bund.  <\/p>\n<p>Merkmale:<\/p>\n<p>&#8211; Erstklassiger Karate-Gi mit WKF-Zulassung.<br \/>\n&#8211; Dieser Kumite Gi wird von Weltklasse-Karatek\u00e4mpfern getragen.<br \/>\n&#8211; Gleiche Stoffausf\u00fchrung innen und au\u00dfen.<br \/>\n&#8211; Super bequem durch einen extra breiten und weichen elastischen Bund an der Hose.<br \/>\n&#8211; Material, das nach Kontakt mit Wasser oder Schwei\u00df schnell trocknet.<br \/>\n&#8211; Das einfache Design und der lockere Schnitt machen den Anzug auch ideal f\u00fcr Kumite-Trainer.<br \/>\n&#8211; Das offizielle Tokaido-Logo ist auf der rechten Brust, dem Hals und dem Schienbein eingestickt.<br \/>\n&#8211; Aufgrund des hohen Anteils an Polyester l\u00e4uft der Anzug auch nach vielen W\u00e4schen kaum ein.<br \/>\n&#8211; Durch die Integration von Zwischengr\u00f6\u00dfen sind keine Kompromisse bei der Wahl der Gr\u00f6\u00dfe erforderlich.<br \/>\n&#8211; Undurchsichtig, selbst wenn der Anzug nach einem intensiven Training feucht ist.<br \/>\n&#8211; Die Lieferung umfasst eine Jacke und eine Hose.<br \/>\n&#8211; Material: 100 % Polyester, ca. 3,5 oz<\/p>\n","protected":false},"excerpt":{"rendered":"<p>Der Kumite Master K1 ist der erste Karate Gi mit roter und blauer Schulterstickerei gleichzeitig! Dieses Gi ist beidseitig verwendbar &#8211; daher ist theoretisch nur ein Anzug f\u00fcr eine Meisterschaft nach WKF-Regeln ausreichend! &#8211; Auch ideal als Back UP Gi &#8211; Gleiche Oberfl\u00e4che des Innen- und Au\u00dfenstoffes. Der hohe Tragekomfort der Uniform wird perfekt erg\u00e4nzt [&hellip;]<\/p>\n","protected":false},"featured_media":458358,"comment_status":"closed","ping_status":"closed","template":"","meta":{"inline_featured_image":false},"product_brand":[],"product_cat":[2008,2118],"product_tag":[2004],"sport":[73],"class_list":{"0":"post-458357","1":"product","2":"type-product","3":"status-publish","4":"has-post-thumbnail","6":"product_cat-karate-kimonos-de","7":"product_cat-kleidung-kimonos","8":"product_tag-tokaido-de","9":"pa_size-380","10":"pa_size-379","11":"pa_size-387","12":"pa_size-378","13":"pa_size-386","14":"pa_size-377","15":"pa_size-385","16":"pa_size-376","17":"pa_size-384","18":"pa_size-383","19":"sport-karate","21":"first","22":"instock","23":"taxable","24":"shipping-taxable","25":"purchasable","26":"product-type-variable"},"yoast_head":"<!-- This site is optimized with the Yoast SEO plugin v27.2 - https:\/\/yoast.com\/product\/yoast-seo-wordpress\/ -->\n<title>KARATEGI TOKAIDO KUMITE MASTER K1 - WKF &#8211; Daisho<\/title>\n<meta name=\"robots\" content=\"index, follow, max-snippet:-1, max-image-preview:large, max-video-preview:-1\" \/>\n<link rel=\"canonical\" href=\"https:\/\/www.daisho.be\/de\/produit\/karategi-tokaido-kumite-master-k1-wkf\/\" \/>\n<meta property=\"og:locale\" content=\"de_DE\" \/>\n<meta property=\"og:type\" content=\"article\" \/>\n<meta property=\"og:title\" content=\"KARATEGI TOKAIDO KUMITE MASTER K1 - WKF &#8211; Daisho\" \/>\n<meta property=\"og:description\" content=\"Der Kumite Master K1 ist der erste Karate Gi mit roter und blauer Schulterstickerei gleichzeitig! Dieses Gi ist beidseitig verwendbar &#8211; daher ist theoretisch nur ein Anzug f\u00fcr eine Meisterschaft nach WKF-Regeln ausreichend! &#8211; Auch ideal als Back UP Gi &#8211; Gleiche Oberfl\u00e4che des Innen- und Au\u00dfenstoffes. Der hohe Tragekomfort der Uniform wird perfekt erg\u00e4nzt [&hellip;]\" \/>\n<meta property=\"og:url\" content=\"https:\/\/www.daisho.be\/de\/produit\/karategi-tokaido-kumite-master-k1-wkf\/\" \/>\n<meta property=\"og:site_name\" content=\"Daisho\" \/>\n<meta property=\"article:modified_time\" content=\"2026-01-31T11:56:42+00:00\" \/>\n<meta property=\"og:image\" content=\"https:\/\/www.daisho.be\/wp-content\/uploads\/2023\/10\/image-1024x725.png\" \/>\n\t<meta property=\"og:image:width\" content=\"1024\" \/>\n\t<meta property=\"og:image:height\" content=\"725\" \/>\n\t<meta property=\"og:image:type\" content=\"image\/png\" \/>\n<meta name=\"twitter:card\" content=\"summary_large_image\" \/>\n<meta name=\"twitter:label1\" content=\"Gesch\u00e4tzte Lesezeit\" \/>\n\t<meta name=\"twitter:data1\" content=\"1\u00a0Minute\" \/>\n<script type=\"application\/ld+json\" class=\"yoast-schema-graph\">{\"@context\":\"https:\/\/schema.org\",\"@graph\":[{\"@type\":\"WebPage\",\"@id\":\"https:\/\/www.daisho.be\/de\/produit\/karategi-tokaido-kumite-master-k1-wkf\/\",\"url\":\"https:\/\/www.daisho.be\/de\/produit\/karategi-tokaido-kumite-master-k1-wkf\/\",\"name\":\"KARATEGI TOKAIDO KUMITE MASTER K1 - WKF &#8211; Daisho\",\"isPartOf\":{\"@id\":\"https:\/\/www.daisho.be\/de\/#website\"},\"primaryImageOfPage\":{\"@id\":\"https:\/\/www.daisho.be\/de\/produit\/karategi-tokaido-kumite-master-k1-wkf\/#primaryimage\"},\"image\":{\"@id\":\"https:\/\/www.daisho.be\/de\/produit\/karategi-tokaido-kumite-master-k1-wkf\/#primaryimage\"},\"thumbnailUrl\":\"https:\/\/www.daisho.be\/wp-content\/uploads\/2023\/10\/image.png\",\"datePublished\":\"2022-07-19T16:55:56+00:00\",\"dateModified\":\"2026-01-31T11:56:42+00:00\",\"breadcrumb\":{\"@id\":\"https:\/\/www.daisho.be\/de\/produit\/karategi-tokaido-kumite-master-k1-wkf\/#breadcrumb\"},\"inLanguage\":\"de\",\"potentialAction\":[{\"@type\":\"ReadAction\",\"target\":[\"https:\/\/www.daisho.be\/de\/produit\/karategi-tokaido-kumite-master-k1-wkf\/\"]}]},{\"@type\":\"ImageObject\",\"inLanguage\":\"de\",\"@id\":\"https:\/\/www.daisho.be\/de\/produit\/karategi-tokaido-kumite-master-k1-wkf\/#primaryimage\",\"url\":\"https:\/\/www.daisho.be\/wp-content\/uploads\/2023\/10\/image.png\",\"contentUrl\":\"https:\/\/www.daisho.be\/wp-content\/uploads\/2023\/10\/image.png\",\"width\":1920,\"height\":1359,\"caption\":\"KARATEGI TOKAIDO KUMITE MASTER K1 - WKF-1\"},{\"@type\":\"BreadcrumbList\",\"@id\":\"https:\/\/www.daisho.be\/de\/produit\/karategi-tokaido-kumite-master-k1-wkf\/#breadcrumb\",\"itemListElement\":[{\"@type\":\"ListItem\",\"position\":1,\"name\":\"Accueil\",\"item\":\"https:\/\/www.daisho.be\/de\/\"},{\"@type\":\"ListItem\",\"position\":2,\"name\":\"Produkte\",\"item\":\"https:\/\/www.daisho.be\/de\/produkte\/\"},{\"@type\":\"ListItem\",\"position\":3,\"name\":\"Kampfsportarten\",\"item\":\"https:\/\/www.daisho.be\/de\/categorie-produit\/kampfsportarten\/\"},{\"@type\":\"ListItem\",\"position\":4,\"name\":\"Kleidung (Kimonos)\",\"item\":\"https:\/\/www.daisho.be\/de\/categorie-produit\/kampfsportarten\/kleidung-kimonos\/\"},{\"@type\":\"ListItem\",\"position\":5,\"name\":\"KARATEGI TOKAIDO KUMITE MASTER K1 &#8211; WKF\"}]},{\"@type\":\"WebSite\",\"@id\":\"https:\/\/www.daisho.be\/de\/#website\",\"url\":\"https:\/\/www.daisho.be\/de\/\",\"name\":\"Daisho\",\"description\":\"Sp&eacute;cialiste de l'&eacute;quipement sportif d'arts martiaux\",\"publisher\":{\"@id\":\"https:\/\/www.daisho.be\/de\/#organization\"},\"potentialAction\":[{\"@type\":\"SearchAction\",\"target\":{\"@type\":\"EntryPoint\",\"urlTemplate\":\"https:\/\/www.daisho.be\/de\/?s={search_term_string}\"},\"query-input\":{\"@type\":\"PropertyValueSpecification\",\"valueRequired\":true,\"valueName\":\"search_term_string\"}}],\"inLanguage\":\"de\"},{\"@type\":\"Organization\",\"@id\":\"https:\/\/www.daisho.be\/de\/#organization\",\"name\":\"Daisho\",\"url\":\"https:\/\/www.daisho.be\/de\/\",\"logo\":{\"@type\":\"ImageObject\",\"inLanguage\":\"de\",\"@id\":\"https:\/\/www.daisho.be\/de\/#\/schema\/logo\/image\/\",\"url\":\"https:\/\/www.daisho.be\/wp-content\/uploads\/2019\/07\/color-nothing-horizontale4x-e1564486100247.png\",\"contentUrl\":\"https:\/\/www.daisho.be\/wp-content\/uploads\/2019\/07\/color-nothing-horizontale4x-e1564486100247.png\",\"width\":1547,\"height\":385,\"caption\":\"Daisho\"},\"image\":{\"@id\":\"https:\/\/www.daisho.be\/de\/#\/schema\/logo\/image\/\"}}]}<\/script>\n<!-- \/ Yoast SEO plugin. -->","yoast_head_json":{"title":"KARATEGI TOKAIDO KUMITE MASTER K1 - WKF &#8211; Daisho","robots":{"index":"index","follow":"follow","max-snippet":"max-snippet:-1","max-image-preview":"max-image-preview:large","max-video-preview":"max-video-preview:-1"},"canonical":"https:\/\/www.daisho.be\/de\/produit\/karategi-tokaido-kumite-master-k1-wkf\/","og_locale":"de_DE","og_type":"article","og_title":"KARATEGI TOKAIDO KUMITE MASTER K1 - WKF &#8211; Daisho","og_description":"Der Kumite Master K1 ist der erste Karate Gi mit roter und blauer Schulterstickerei gleichzeitig! Dieses Gi ist beidseitig verwendbar &#8211; daher ist theoretisch nur ein Anzug f\u00fcr eine Meisterschaft nach WKF-Regeln ausreichend! &#8211; Auch ideal als Back UP Gi &#8211; Gleiche Oberfl\u00e4che des Innen- und Au\u00dfenstoffes. Der hohe Tragekomfort der Uniform wird perfekt erg\u00e4nzt [&hellip;]","og_url":"https:\/\/www.daisho.be\/de\/produit\/karategi-tokaido-kumite-master-k1-wkf\/","og_site_name":"Daisho","article_modified_time":"2026-01-31T11:56:42+00:00","og_image":[{"width":1024,"height":725,"url":"https:\/\/www.daisho.be\/wp-content\/uploads\/2023\/10\/image-1024x725.png","type":"image\/png"}],"twitter_card":"summary_large_image","twitter_misc":{"Gesch\u00e4tzte Lesezeit":"1\u00a0Minute"},"schema":{"@context":"https:\/\/schema.org","@graph":[{"@type":"WebPage","@id":"https:\/\/www.daisho.be\/de\/produit\/karategi-tokaido-kumite-master-k1-wkf\/","url":"https:\/\/www.daisho.be\/de\/produit\/karategi-tokaido-kumite-master-k1-wkf\/","name":"KARATEGI TOKAIDO KUMITE MASTER K1 - WKF &#8211; Daisho","isPartOf":{"@id":"https:\/\/www.daisho.be\/de\/#website"},"primaryImageOfPage":{"@id":"https:\/\/www.daisho.be\/de\/produit\/karategi-tokaido-kumite-master-k1-wkf\/#primaryimage"},"image":{"@id":"https:\/\/www.daisho.be\/de\/produit\/karategi-tokaido-kumite-master-k1-wkf\/#primaryimage"},"thumbnailUrl":"https:\/\/www.daisho.be\/wp-content\/uploads\/2023\/10\/image.png","datePublished":"2022-07-19T16:55:56+00:00","dateModified":"2026-01-31T11:56:42+00:00","breadcrumb":{"@id":"https:\/\/www.daisho.be\/de\/produit\/karategi-tokaido-kumite-master-k1-wkf\/#breadcrumb"},"inLanguage":"de","potentialAction":[{"@type":"ReadAction","target":["https:\/\/www.daisho.be\/de\/produit\/karategi-tokaido-kumite-master-k1-wkf\/"]}]},{"@type":"ImageObject","inLanguage":"de","@id":"https:\/\/www.daisho.be\/de\/produit\/karategi-tokaido-kumite-master-k1-wkf\/#primaryimage","url":"https:\/\/www.daisho.be\/wp-content\/uploads\/2023\/10\/image.png","contentUrl":"https:\/\/www.daisho.be\/wp-content\/uploads\/2023\/10\/image.png","width":1920,"height":1359,"caption":"KARATEGI TOKAIDO KUMITE MASTER K1 - WKF-1"},{"@type":"BreadcrumbList","@id":"https:\/\/www.daisho.be\/de\/produit\/karategi-tokaido-kumite-master-k1-wkf\/#breadcrumb","itemListElement":[{"@type":"ListItem","position":1,"name":"Accueil","item":"https:\/\/www.daisho.be\/de\/"},{"@type":"ListItem","position":2,"name":"Produkte","item":"https:\/\/www.daisho.be\/de\/produkte\/"},{"@type":"ListItem","position":3,"name":"Kampfsportarten","item":"https:\/\/www.daisho.be\/de\/categorie-produit\/kampfsportarten\/"},{"@type":"ListItem","position":4,"name":"Kleidung (Kimonos)","item":"https:\/\/www.daisho.be\/de\/categorie-produit\/kampfsportarten\/kleidung-kimonos\/"},{"@type":"ListItem","position":5,"name":"KARATEGI TOKAIDO KUMITE MASTER K1 &#8211; WKF"}]},{"@type":"WebSite","@id":"https:\/\/www.daisho.be\/de\/#website","url":"https:\/\/www.daisho.be\/de\/","name":"Daisho","description":"Sp&eacute;cialiste de l'&eacute;quipement sportif d'arts martiaux","publisher":{"@id":"https:\/\/www.daisho.be\/de\/#organization"},"potentialAction":[{"@type":"SearchAction","target":{"@type":"EntryPoint","urlTemplate":"https:\/\/www.daisho.be\/de\/?s={search_term_string}"},"query-input":{"@type":"PropertyValueSpecification","valueRequired":true,"valueName":"search_term_string"}}],"inLanguage":"de"},{"@type":"Organization","@id":"https:\/\/www.daisho.be\/de\/#organization","name":"Daisho","url":"https:\/\/www.daisho.be\/de\/","logo":{"@type":"ImageObject","inLanguage":"de","@id":"https:\/\/www.daisho.be\/de\/#\/schema\/logo\/image\/","url":"https:\/\/www.daisho.be\/wp-content\/uploads\/2019\/07\/color-nothing-horizontale4x-e1564486100247.png","contentUrl":"https:\/\/www.daisho.be\/wp-content\/uploads\/2019\/07\/color-nothing-horizontale4x-e1564486100247.png","width":1547,"height":385,"caption":"Daisho"},"image":{"@id":"https:\/\/www.daisho.be\/de\/#\/schema\/logo\/image\/"}}]}},"_links":{"self":[{"href":"https:\/\/www.daisho.be\/de\/wp-json\/wp\/v2\/product\/458357","targetHints":{"allow":["GET"]}}],"collection":[{"href":"https:\/\/www.daisho.be\/de\/wp-json\/wp\/v2\/product"}],"about":[{"href":"https:\/\/www.daisho.be\/de\/wp-json\/wp\/v2\/types\/product"}],"replies":[{"embeddable":true,"href":"https:\/\/www.daisho.be\/de\/wp-json\/wp\/v2\/comments?post=458357"}],"wp:featuredmedia":[{"embeddable":true,"href":"https:\/\/www.daisho.be\/de\/wp-json\/wp\/v2\/media\/458358"}],"wp:attachment":[{"href":"https:\/\/www.daisho.be\/de\/wp-json\/wp\/v2\/media?parent=458357"}],"wp:term":[{"taxonomy":"product_brand","embeddable":true,"href":"https:\/\/www.daisho.be\/de\/wp-json\/wp\/v2\/product_brand?post=458357"},{"taxonomy":"product_cat","embeddable":true,"href":"https:\/\/www.daisho.be\/de\/wp-json\/wp\/v2\/product_cat?post=458357"},{"taxonomy":"product_tag","embeddable":true,"href":"https:\/\/www.daisho.be\/de\/wp-json\/wp\/v2\/product_tag?post=458357"},{"taxonomy":"sport","embeddable":true,"href":"https:\/\/www.daisho.be\/de\/wp-json\/wp\/v2\/sport?post=458357"}],"curies":[{"name":"wp","href":"https:\/\/api.w.org\/{rel}","templated":true}]}}