{"id":458317,"date":"2022-07-22T12:37:26","date_gmt":"2022-07-22T10:37:26","guid":{"rendered":"https:\/\/www.daisho.be\/produit\/thai-schild-zebra-pro\/"},"modified":"2022-07-22T12:37:26","modified_gmt":"2022-07-22T10:37:26","slug":"thai-schild-zebra-pro","status":"publish","type":"product","link":"https:\/\/www.daisho.be\/de\/produit\/thai-schild-zebra-pro\/","title":{"rendered":"Thai-Schild ZEBRA PRO"},"content":{"rendered":"<p>Die ZEBRA Pro Thai Ohrpolster sind aus extra haltbarem Rindsleder gefertigt. Der mehrschichtige &#8222;EVA&#8220;-Schaumstoff ist leicht, bietet aber immer noch die besten D\u00e4mpfungseigenschaften. Die Polster sind leicht vorgekr\u00fcmmt f\u00fcr harte Schl\u00e4ge und Tritte. Der verst\u00e4rkte Griff und zwei doppelte Klettverschl\u00fcsse sorgen f\u00fcr einen festen Sitz auf dem Unterarm. Ein extra dickes Polster f\u00fcr die Unterarmst\u00fctze und eine zus\u00e4tzliche weiche Polsterung \u00fcber die gesamte L\u00e4nge des Unterarms erh\u00f6hen den Komfort und helfen auch, den Aufprall von harten Schl\u00e4gen zu absorbieren. Unser bestes Produkt im PRO-Segment. Sehr haltbares Echtleder au\u00dfen<br \/>\nHervorragende D\u00e4mpfung durch mehrschichtigen &#8222;EVA&#8220;-Schaum und zus\u00e4tzliche weiche Unterarmpolsterung<br \/>\nLeicht vorgekr\u00fcmmt<br \/>\nMa\u00dfe: ca. 41 x 20 x 12 cm<br \/>\nPaarweise verkauft     <\/p>\n","protected":false},"excerpt":{"rendered":"<p>Die ZEBRA Pro Thai Ohrpolster sind aus extra haltbarem Rindsleder gefertigt. Der mehrschichtige &#8222;EVA&#8220;-Schaumstoff ist leicht, bietet aber immer noch die besten D\u00e4mpfungseigenschaften. Die Polster sind leicht vorgekr\u00fcmmt f\u00fcr harte Schl\u00e4ge und Tritte. Der verst\u00e4rkte Griff und zwei doppelte Klettverschl\u00fcsse sorgen f\u00fcr einen festen Sitz auf dem Unterarm. Ein extra dickes Polster f\u00fcr die Unterarmst\u00fctze [&hellip;]<\/p>\n","protected":false},"featured_media":458320,"comment_status":"open","ping_status":"closed","template":"","meta":{"inline_featured_image":false},"product_brand":[],"product_cat":[2056,2133,2043],"product_tag":[2319],"sport":[],"class_list":{"0":"post-458317","1":"product","2":"type-product","3":"status-publish","4":"has-post-thumbnail","6":"product_cat-kick-boxing-trainingsmaterial","7":"product_cat-muay-thai-trainingsmaterial","8":"product_cat-trainingsmaterial-boxen","9":"product_tag-zebra-de","10":"pa_size-41x20x12cm","12":"first","13":"instock","14":"taxable","15":"shipping-taxable","16":"purchasable","17":"product-type-variable"},"yoast_head":"<!-- This site is optimized with the Yoast SEO plugin v27.2 - https:\/\/yoast.com\/product\/yoast-seo-wordpress\/ -->\n<title>Thai-Schild ZEBRA PRO &#8211; Daisho<\/title>\n<meta name=\"robots\" content=\"index, follow, max-snippet:-1, max-image-preview:large, max-video-preview:-1\" \/>\n<link rel=\"canonical\" href=\"https:\/\/www.daisho.be\/de\/produit\/thai-schild-zebra-pro\/\" \/>\n<meta property=\"og:locale\" content=\"de_DE\" \/>\n<meta property=\"og:type\" content=\"article\" \/>\n<meta property=\"og:title\" content=\"Thai-Schild ZEBRA PRO &#8211; Daisho\" \/>\n<meta property=\"og:description\" content=\"Die ZEBRA Pro Thai Ohrpolster sind aus extra haltbarem Rindsleder gefertigt. Der mehrschichtige &#8222;EVA&#8220;-Schaumstoff ist leicht, bietet aber immer noch die besten D\u00e4mpfungseigenschaften. Die Polster sind leicht vorgekr\u00fcmmt f\u00fcr harte Schl\u00e4ge und Tritte. Der verst\u00e4rkte Griff und zwei doppelte Klettverschl\u00fcsse sorgen f\u00fcr einen festen Sitz auf dem Unterarm. Ein extra dickes Polster f\u00fcr die Unterarmst\u00fctze [&hellip;]\" \/>\n<meta property=\"og:url\" content=\"https:\/\/www.daisho.be\/de\/produit\/thai-schild-zebra-pro\/\" \/>\n<meta property=\"og:site_name\" content=\"Daisho\" \/>\n<meta property=\"og:image\" content=\"https:\/\/www.daisho.be\/wp-content\/uploads\/2022\/07\/image-65.jpg\" \/>\n\t<meta property=\"og:image:width\" content=\"510\" \/>\n\t<meta property=\"og:image:height\" content=\"720\" \/>\n\t<meta property=\"og:image:type\" content=\"image\/jpeg\" \/>\n<meta name=\"twitter:card\" content=\"summary_large_image\" \/>\n<meta name=\"twitter:label1\" content=\"Gesch\u00e4tzte Lesezeit\" \/>\n\t<meta name=\"twitter:data1\" content=\"1\u00a0Minute\" \/>\n<script type=\"application\/ld+json\" class=\"yoast-schema-graph\">{\"@context\":\"https:\/\/schema.org\",\"@graph\":[{\"@type\":\"WebPage\",\"@id\":\"https:\/\/www.daisho.be\/de\/produit\/thai-schild-zebra-pro\/\",\"url\":\"https:\/\/www.daisho.be\/de\/produit\/thai-schild-zebra-pro\/\",\"name\":\"Thai-Schild ZEBRA PRO &#8211; Daisho\",\"isPartOf\":{\"@id\":\"https:\/\/www.daisho.be\/de\/#website\"},\"primaryImageOfPage\":{\"@id\":\"https:\/\/www.daisho.be\/de\/produit\/thai-schild-zebra-pro\/#primaryimage\"},\"image\":{\"@id\":\"https:\/\/www.daisho.be\/de\/produit\/thai-schild-zebra-pro\/#primaryimage\"},\"thumbnailUrl\":\"https:\/\/www.daisho.be\/wp-content\/uploads\/2022\/07\/image-65.jpg\",\"datePublished\":\"2022-07-22T10:37:26+00:00\",\"breadcrumb\":{\"@id\":\"https:\/\/www.daisho.be\/de\/produit\/thai-schild-zebra-pro\/#breadcrumb\"},\"inLanguage\":\"de\",\"potentialAction\":[{\"@type\":\"ReadAction\",\"target\":[\"https:\/\/www.daisho.be\/de\/produit\/thai-schild-zebra-pro\/\"]}]},{\"@type\":\"ImageObject\",\"inLanguage\":\"de\",\"@id\":\"https:\/\/www.daisho.be\/de\/produit\/thai-schild-zebra-pro\/#primaryimage\",\"url\":\"https:\/\/www.daisho.be\/wp-content\/uploads\/2022\/07\/image-65.jpg\",\"contentUrl\":\"https:\/\/www.daisho.be\/wp-content\/uploads\/2022\/07\/image-65.jpg\",\"width\":510,\"height\":720},{\"@type\":\"BreadcrumbList\",\"@id\":\"https:\/\/www.daisho.be\/de\/produit\/thai-schild-zebra-pro\/#breadcrumb\",\"itemListElement\":[{\"@type\":\"ListItem\",\"position\":1,\"name\":\"Accueil\",\"item\":\"https:\/\/www.daisho.be\/de\/\"},{\"@type\":\"ListItem\",\"position\":2,\"name\":\"Produkte\",\"item\":\"https:\/\/www.daisho.be\/de\/produkte\/\"},{\"@type\":\"ListItem\",\"position\":3,\"name\":\"Ausr\u00fcstung und Kleidung f\u00fcr Kampfkunst und Kampfsport\",\"item\":\"https:\/\/www.daisho.be\/de\/categorie-produit\/ausrustung-und-kleidung-fur-kampfkunst-und-kampfsport\/\"},{\"@type\":\"ListItem\",\"position\":4,\"name\":\"Kick Boxing\",\"item\":\"https:\/\/www.daisho.be\/de\/categorie-produit\/ausrustung-und-kleidung-fur-kampfkunst-und-kampfsport\/kick-boxing-de-2\/\"},{\"@type\":\"ListItem\",\"position\":5,\"name\":\"Kick-Boxing Trainingsmaterial\",\"item\":\"https:\/\/www.daisho.be\/de\/categorie-produit\/ausrustung-und-kleidung-fur-kampfkunst-und-kampfsport\/kick-boxing-de-2\/kick-boxing-trainingsmaterial\/\"},{\"@type\":\"ListItem\",\"position\":6,\"name\":\"Thai-Schild ZEBRA PRO\"}]},{\"@type\":\"WebSite\",\"@id\":\"https:\/\/www.daisho.be\/de\/#website\",\"url\":\"https:\/\/www.daisho.be\/de\/\",\"name\":\"Daisho\",\"description\":\"Sp&eacute;cialiste de l'&eacute;quipement sportif d'arts martiaux\",\"publisher\":{\"@id\":\"https:\/\/www.daisho.be\/de\/#organization\"},\"potentialAction\":[{\"@type\":\"SearchAction\",\"target\":{\"@type\":\"EntryPoint\",\"urlTemplate\":\"https:\/\/www.daisho.be\/de\/?s={search_term_string}\"},\"query-input\":{\"@type\":\"PropertyValueSpecification\",\"valueRequired\":true,\"valueName\":\"search_term_string\"}}],\"inLanguage\":\"de\"},{\"@type\":\"Organization\",\"@id\":\"https:\/\/www.daisho.be\/de\/#organization\",\"name\":\"Daisho\",\"url\":\"https:\/\/www.daisho.be\/de\/\",\"logo\":{\"@type\":\"ImageObject\",\"inLanguage\":\"de\",\"@id\":\"https:\/\/www.daisho.be\/de\/#\/schema\/logo\/image\/\",\"url\":\"https:\/\/www.daisho.be\/wp-content\/uploads\/2019\/07\/color-nothing-horizontale4x-e1564486100247.png\",\"contentUrl\":\"https:\/\/www.daisho.be\/wp-content\/uploads\/2019\/07\/color-nothing-horizontale4x-e1564486100247.png\",\"width\":1547,\"height\":385,\"caption\":\"Daisho\"},\"image\":{\"@id\":\"https:\/\/www.daisho.be\/de\/#\/schema\/logo\/image\/\"}}]}<\/script>\n<!-- \/ Yoast SEO plugin. -->","yoast_head_json":{"title":"Thai-Schild ZEBRA PRO &#8211; Daisho","robots":{"index":"index","follow":"follow","max-snippet":"max-snippet:-1","max-image-preview":"max-image-preview:large","max-video-preview":"max-video-preview:-1"},"canonical":"https:\/\/www.daisho.be\/de\/produit\/thai-schild-zebra-pro\/","og_locale":"de_DE","og_type":"article","og_title":"Thai-Schild ZEBRA PRO &#8211; Daisho","og_description":"Die ZEBRA Pro Thai Ohrpolster sind aus extra haltbarem Rindsleder gefertigt. Der mehrschichtige &#8222;EVA&#8220;-Schaumstoff ist leicht, bietet aber immer noch die besten D\u00e4mpfungseigenschaften. Die Polster sind leicht vorgekr\u00fcmmt f\u00fcr harte Schl\u00e4ge und Tritte. Der verst\u00e4rkte Griff und zwei doppelte Klettverschl\u00fcsse sorgen f\u00fcr einen festen Sitz auf dem Unterarm. Ein extra dickes Polster f\u00fcr die Unterarmst\u00fctze [&hellip;]","og_url":"https:\/\/www.daisho.be\/de\/produit\/thai-schild-zebra-pro\/","og_site_name":"Daisho","og_image":[{"width":510,"height":720,"url":"https:\/\/www.daisho.be\/wp-content\/uploads\/2022\/07\/image-65.jpg","type":"image\/jpeg"}],"twitter_card":"summary_large_image","twitter_misc":{"Gesch\u00e4tzte Lesezeit":"1\u00a0Minute"},"schema":{"@context":"https:\/\/schema.org","@graph":[{"@type":"WebPage","@id":"https:\/\/www.daisho.be\/de\/produit\/thai-schild-zebra-pro\/","url":"https:\/\/www.daisho.be\/de\/produit\/thai-schild-zebra-pro\/","name":"Thai-Schild ZEBRA PRO &#8211; Daisho","isPartOf":{"@id":"https:\/\/www.daisho.be\/de\/#website"},"primaryImageOfPage":{"@id":"https:\/\/www.daisho.be\/de\/produit\/thai-schild-zebra-pro\/#primaryimage"},"image":{"@id":"https:\/\/www.daisho.be\/de\/produit\/thai-schild-zebra-pro\/#primaryimage"},"thumbnailUrl":"https:\/\/www.daisho.be\/wp-content\/uploads\/2022\/07\/image-65.jpg","datePublished":"2022-07-22T10:37:26+00:00","breadcrumb":{"@id":"https:\/\/www.daisho.be\/de\/produit\/thai-schild-zebra-pro\/#breadcrumb"},"inLanguage":"de","potentialAction":[{"@type":"ReadAction","target":["https:\/\/www.daisho.be\/de\/produit\/thai-schild-zebra-pro\/"]}]},{"@type":"ImageObject","inLanguage":"de","@id":"https:\/\/www.daisho.be\/de\/produit\/thai-schild-zebra-pro\/#primaryimage","url":"https:\/\/www.daisho.be\/wp-content\/uploads\/2022\/07\/image-65.jpg","contentUrl":"https:\/\/www.daisho.be\/wp-content\/uploads\/2022\/07\/image-65.jpg","width":510,"height":720},{"@type":"BreadcrumbList","@id":"https:\/\/www.daisho.be\/de\/produit\/thai-schild-zebra-pro\/#breadcrumb","itemListElement":[{"@type":"ListItem","position":1,"name":"Accueil","item":"https:\/\/www.daisho.be\/de\/"},{"@type":"ListItem","position":2,"name":"Produkte","item":"https:\/\/www.daisho.be\/de\/produkte\/"},{"@type":"ListItem","position":3,"name":"Ausr\u00fcstung und Kleidung f\u00fcr Kampfkunst und Kampfsport","item":"https:\/\/www.daisho.be\/de\/categorie-produit\/ausrustung-und-kleidung-fur-kampfkunst-und-kampfsport\/"},{"@type":"ListItem","position":4,"name":"Kick Boxing","item":"https:\/\/www.daisho.be\/de\/categorie-produit\/ausrustung-und-kleidung-fur-kampfkunst-und-kampfsport\/kick-boxing-de-2\/"},{"@type":"ListItem","position":5,"name":"Kick-Boxing Trainingsmaterial","item":"https:\/\/www.daisho.be\/de\/categorie-produit\/ausrustung-und-kleidung-fur-kampfkunst-und-kampfsport\/kick-boxing-de-2\/kick-boxing-trainingsmaterial\/"},{"@type":"ListItem","position":6,"name":"Thai-Schild ZEBRA PRO"}]},{"@type":"WebSite","@id":"https:\/\/www.daisho.be\/de\/#website","url":"https:\/\/www.daisho.be\/de\/","name":"Daisho","description":"Sp&eacute;cialiste de l'&eacute;quipement sportif d'arts martiaux","publisher":{"@id":"https:\/\/www.daisho.be\/de\/#organization"},"potentialAction":[{"@type":"SearchAction","target":{"@type":"EntryPoint","urlTemplate":"https:\/\/www.daisho.be\/de\/?s={search_term_string}"},"query-input":{"@type":"PropertyValueSpecification","valueRequired":true,"valueName":"search_term_string"}}],"inLanguage":"de"},{"@type":"Organization","@id":"https:\/\/www.daisho.be\/de\/#organization","name":"Daisho","url":"https:\/\/www.daisho.be\/de\/","logo":{"@type":"ImageObject","inLanguage":"de","@id":"https:\/\/www.daisho.be\/de\/#\/schema\/logo\/image\/","url":"https:\/\/www.daisho.be\/wp-content\/uploads\/2019\/07\/color-nothing-horizontale4x-e1564486100247.png","contentUrl":"https:\/\/www.daisho.be\/wp-content\/uploads\/2019\/07\/color-nothing-horizontale4x-e1564486100247.png","width":1547,"height":385,"caption":"Daisho"},"image":{"@id":"https:\/\/www.daisho.be\/de\/#\/schema\/logo\/image\/"}}]}},"_links":{"self":[{"href":"https:\/\/www.daisho.be\/de\/wp-json\/wp\/v2\/product\/458317","targetHints":{"allow":["GET"]}}],"collection":[{"href":"https:\/\/www.daisho.be\/de\/wp-json\/wp\/v2\/product"}],"about":[{"href":"https:\/\/www.daisho.be\/de\/wp-json\/wp\/v2\/types\/product"}],"replies":[{"embeddable":true,"href":"https:\/\/www.daisho.be\/de\/wp-json\/wp\/v2\/comments?post=458317"}],"wp:featuredmedia":[{"embeddable":true,"href":"https:\/\/www.daisho.be\/de\/wp-json\/wp\/v2\/media\/458320"}],"wp:attachment":[{"href":"https:\/\/www.daisho.be\/de\/wp-json\/wp\/v2\/media?parent=458317"}],"wp:term":[{"taxonomy":"product_brand","embeddable":true,"href":"https:\/\/www.daisho.be\/de\/wp-json\/wp\/v2\/product_brand?post=458317"},{"taxonomy":"product_cat","embeddable":true,"href":"https:\/\/www.daisho.be\/de\/wp-json\/wp\/v2\/product_cat?post=458317"},{"taxonomy":"product_tag","embeddable":true,"href":"https:\/\/www.daisho.be\/de\/wp-json\/wp\/v2\/product_tag?post=458317"},{"taxonomy":"sport","embeddable":true,"href":"https:\/\/www.daisho.be\/de\/wp-json\/wp\/v2\/sport?post=458317"}],"curies":[{"name":"wp","href":"https:\/\/api.w.org\/{rel}","templated":true}]}}