{"id":458313,"date":"2022-07-22T12:37:53","date_gmt":"2022-07-22T10:37:53","guid":{"rendered":"https:\/\/www.daisho.be\/produit\/lace-up-zebra-pro-boxhandschuhe-weiss\/"},"modified":"2022-07-22T12:37:53","modified_gmt":"2022-07-22T10:37:53","slug":"lace-up-zebra-pro-boxhandschuhe-weiss","status":"publish","type":"product","link":"https:\/\/www.daisho.be\/de\/produit\/lace-up-zebra-pro-boxhandschuhe-weiss\/","title":{"rendered":"Lace Up ZEBRA PRO Boxhandschuhe Wei\u00df"},"content":{"rendered":"<p>Professionelle Boxhandschuhe mit Schn\u00fcrung aus Rindsleder. Der mehrschichtige, vorgekr\u00fcmmte Latexschaum des &#8222;Easy Fist System&#8220; erfordert einen minimalen Kraftaufwand f\u00fcr einen festen Punch. Der Griff auf der Handfl\u00e4che und der angen\u00e4hte Daumen bieten zus\u00e4tzlichen Komfort und Sicherheit. Eine leichte Polsterung am Handgelenk sch\u00fctzt mit ausreichender Bewegungsfreiheit, wenn die Haken an Kopf und K\u00f6rper leicht verschraubt werden. Ein idealer Boxhandschuh f\u00fcr Wettkampf und Sparring.<br \/>\nEchtes Leder au\u00dfen und innen bietet hohe Haltbarkeit<br \/>\nMehrschichtige Latexschaumkissen sch\u00fctzen die Kn\u00f6chel<br \/>\nEFS Easy Fist System&#8220; durch optimale Vorbeugung<br \/>\nGen\u00e4hte Daumen sch\u00fctzen den Gegner vor Augenverletzungen.    <\/p>\n","protected":false},"excerpt":{"rendered":"<p>Professionelle Boxhandschuhe mit Schn\u00fcrung aus Rindsleder. Der mehrschichtige, vorgekr\u00fcmmte Latexschaum des &#8222;Easy Fist System&#8220; erfordert einen minimalen Kraftaufwand f\u00fcr einen festen Punch. Der Griff auf der Handfl\u00e4che und der angen\u00e4hte Daumen bieten zus\u00e4tzlichen Komfort und Sicherheit. Eine leichte Polsterung am Handgelenk sch\u00fctzt mit ausreichender Bewegungsfreiheit, wenn die Haken an Kopf und K\u00f6rper leicht verschraubt werden. [&hellip;]<\/p>\n","protected":false},"featured_media":458315,"comment_status":"open","ping_status":"closed","template":"","meta":{"inline_featured_image":false},"product_brand":[],"product_cat":[2072],"product_tag":[2319],"sport":[],"class_list":{"0":"post-458313","1":"product","2":"type-product","3":"status-publish","4":"has-post-thumbnail","6":"product_cat-boxhandschuhe","7":"product_tag-zebra-de","8":"pa_size-08-12oz","10":"first","11":"instock","12":"taxable","13":"shipping-taxable","14":"purchasable","15":"product-type-variable"},"yoast_head":"<!-- This site is optimized with the Yoast SEO plugin v27.2 - https:\/\/yoast.com\/product\/yoast-seo-wordpress\/ -->\n<title>Lace Up ZEBRA PRO Boxhandschuhe Wei\u00df &#8211; Daisho<\/title>\n<meta name=\"robots\" content=\"index, follow, max-snippet:-1, max-image-preview:large, max-video-preview:-1\" \/>\n<link rel=\"canonical\" href=\"https:\/\/www.daisho.be\/de\/produit\/lace-up-zebra-pro-boxhandschuhe-weiss\/\" \/>\n<meta property=\"og:locale\" content=\"de_DE\" \/>\n<meta property=\"og:type\" content=\"article\" \/>\n<meta property=\"og:title\" content=\"Lace Up ZEBRA PRO Boxhandschuhe Wei\u00df &#8211; Daisho\" \/>\n<meta property=\"og:description\" content=\"Professionelle Boxhandschuhe mit Schn\u00fcrung aus Rindsleder. Der mehrschichtige, vorgekr\u00fcmmte Latexschaum des &#8222;Easy Fist System&#8220; erfordert einen minimalen Kraftaufwand f\u00fcr einen festen Punch. Der Griff auf der Handfl\u00e4che und der angen\u00e4hte Daumen bieten zus\u00e4tzlichen Komfort und Sicherheit. Eine leichte Polsterung am Handgelenk sch\u00fctzt mit ausreichender Bewegungsfreiheit, wenn die Haken an Kopf und K\u00f6rper leicht verschraubt werden. [&hellip;]\" \/>\n<meta property=\"og:url\" content=\"https:\/\/www.daisho.be\/de\/produit\/lace-up-zebra-pro-boxhandschuhe-weiss\/\" \/>\n<meta property=\"og:site_name\" content=\"Daisho\" \/>\n<meta property=\"og:image\" content=\"https:\/\/www.daisho.be\/wp-content\/uploads\/2022\/07\/image-72.jpg\" \/>\n\t<meta property=\"og:image:width\" content=\"510\" \/>\n\t<meta property=\"og:image:height\" content=\"720\" \/>\n\t<meta property=\"og:image:type\" content=\"image\/jpeg\" \/>\n<meta name=\"twitter:card\" content=\"summary_large_image\" \/>\n<meta name=\"twitter:label1\" content=\"Gesch\u00e4tzte Lesezeit\" \/>\n\t<meta name=\"twitter:data1\" content=\"1\u00a0Minute\" \/>\n<script type=\"application\/ld+json\" class=\"yoast-schema-graph\">{\"@context\":\"https:\/\/schema.org\",\"@graph\":[{\"@type\":\"WebPage\",\"@id\":\"https:\/\/www.daisho.be\/de\/produit\/lace-up-zebra-pro-boxhandschuhe-weiss\/\",\"url\":\"https:\/\/www.daisho.be\/de\/produit\/lace-up-zebra-pro-boxhandschuhe-weiss\/\",\"name\":\"Lace Up ZEBRA PRO Boxhandschuhe Wei\u00df &#8211; Daisho\",\"isPartOf\":{\"@id\":\"https:\/\/www.daisho.be\/de\/#website\"},\"primaryImageOfPage\":{\"@id\":\"https:\/\/www.daisho.be\/de\/produit\/lace-up-zebra-pro-boxhandschuhe-weiss\/#primaryimage\"},\"image\":{\"@id\":\"https:\/\/www.daisho.be\/de\/produit\/lace-up-zebra-pro-boxhandschuhe-weiss\/#primaryimage\"},\"thumbnailUrl\":\"https:\/\/www.daisho.be\/wp-content\/uploads\/2022\/07\/image-72.jpg\",\"datePublished\":\"2022-07-22T10:37:53+00:00\",\"breadcrumb\":{\"@id\":\"https:\/\/www.daisho.be\/de\/produit\/lace-up-zebra-pro-boxhandschuhe-weiss\/#breadcrumb\"},\"inLanguage\":\"de\",\"potentialAction\":[{\"@type\":\"ReadAction\",\"target\":[\"https:\/\/www.daisho.be\/de\/produit\/lace-up-zebra-pro-boxhandschuhe-weiss\/\"]}]},{\"@type\":\"ImageObject\",\"inLanguage\":\"de\",\"@id\":\"https:\/\/www.daisho.be\/de\/produit\/lace-up-zebra-pro-boxhandschuhe-weiss\/#primaryimage\",\"url\":\"https:\/\/www.daisho.be\/wp-content\/uploads\/2022\/07\/image-72.jpg\",\"contentUrl\":\"https:\/\/www.daisho.be\/wp-content\/uploads\/2022\/07\/image-72.jpg\",\"width\":510,\"height\":720},{\"@type\":\"BreadcrumbList\",\"@id\":\"https:\/\/www.daisho.be\/de\/produit\/lace-up-zebra-pro-boxhandschuhe-weiss\/#breadcrumb\",\"itemListElement\":[{\"@type\":\"ListItem\",\"position\":1,\"name\":\"Accueil\",\"item\":\"https:\/\/www.daisho.be\/de\/\"},{\"@type\":\"ListItem\",\"position\":2,\"name\":\"Produkte\",\"item\":\"https:\/\/www.daisho.be\/de\/produkte\/\"},{\"@type\":\"ListItem\",\"position\":3,\"name\":\"Ausr\u00fcstung und Kleidung f\u00fcr Kampfkunst und Kampfsport\",\"item\":\"https:\/\/www.daisho.be\/de\/categorie-produit\/ausrustung-und-kleidung-fur-kampfkunst-und-kampfsport\/\"},{\"@type\":\"ListItem\",\"position\":4,\"name\":\"Boxen\",\"item\":\"https:\/\/www.daisho.be\/de\/categorie-produit\/ausrustung-und-kleidung-fur-kampfkunst-und-kampfsport\/boxen-de\/\"},{\"@type\":\"ListItem\",\"position\":5,\"name\":\"Boxhandschuhe\",\"item\":\"https:\/\/www.daisho.be\/de\/categorie-produit\/ausrustung-und-kleidung-fur-kampfkunst-und-kampfsport\/boxen-de\/boxhandschuhe\/\"},{\"@type\":\"ListItem\",\"position\":6,\"name\":\"Lace Up ZEBRA PRO Boxhandschuhe Wei\u00df\"}]},{\"@type\":\"WebSite\",\"@id\":\"https:\/\/www.daisho.be\/de\/#website\",\"url\":\"https:\/\/www.daisho.be\/de\/\",\"name\":\"Daisho\",\"description\":\"Sp&eacute;cialiste de l'&eacute;quipement sportif d'arts martiaux\",\"publisher\":{\"@id\":\"https:\/\/www.daisho.be\/de\/#organization\"},\"potentialAction\":[{\"@type\":\"SearchAction\",\"target\":{\"@type\":\"EntryPoint\",\"urlTemplate\":\"https:\/\/www.daisho.be\/de\/?s={search_term_string}\"},\"query-input\":{\"@type\":\"PropertyValueSpecification\",\"valueRequired\":true,\"valueName\":\"search_term_string\"}}],\"inLanguage\":\"de\"},{\"@type\":\"Organization\",\"@id\":\"https:\/\/www.daisho.be\/de\/#organization\",\"name\":\"Daisho\",\"url\":\"https:\/\/www.daisho.be\/de\/\",\"logo\":{\"@type\":\"ImageObject\",\"inLanguage\":\"de\",\"@id\":\"https:\/\/www.daisho.be\/de\/#\/schema\/logo\/image\/\",\"url\":\"https:\/\/www.daisho.be\/wp-content\/uploads\/2019\/07\/color-nothing-horizontale4x-e1564486100247.png\",\"contentUrl\":\"https:\/\/www.daisho.be\/wp-content\/uploads\/2019\/07\/color-nothing-horizontale4x-e1564486100247.png\",\"width\":1547,\"height\":385,\"caption\":\"Daisho\"},\"image\":{\"@id\":\"https:\/\/www.daisho.be\/de\/#\/schema\/logo\/image\/\"}}]}<\/script>\n<!-- \/ Yoast SEO plugin. -->","yoast_head_json":{"title":"Lace Up ZEBRA PRO Boxhandschuhe Wei\u00df &#8211; Daisho","robots":{"index":"index","follow":"follow","max-snippet":"max-snippet:-1","max-image-preview":"max-image-preview:large","max-video-preview":"max-video-preview:-1"},"canonical":"https:\/\/www.daisho.be\/de\/produit\/lace-up-zebra-pro-boxhandschuhe-weiss\/","og_locale":"de_DE","og_type":"article","og_title":"Lace Up ZEBRA PRO Boxhandschuhe Wei\u00df &#8211; Daisho","og_description":"Professionelle Boxhandschuhe mit Schn\u00fcrung aus Rindsleder. Der mehrschichtige, vorgekr\u00fcmmte Latexschaum des &#8222;Easy Fist System&#8220; erfordert einen minimalen Kraftaufwand f\u00fcr einen festen Punch. Der Griff auf der Handfl\u00e4che und der angen\u00e4hte Daumen bieten zus\u00e4tzlichen Komfort und Sicherheit. Eine leichte Polsterung am Handgelenk sch\u00fctzt mit ausreichender Bewegungsfreiheit, wenn die Haken an Kopf und K\u00f6rper leicht verschraubt werden. [&hellip;]","og_url":"https:\/\/www.daisho.be\/de\/produit\/lace-up-zebra-pro-boxhandschuhe-weiss\/","og_site_name":"Daisho","og_image":[{"width":510,"height":720,"url":"https:\/\/www.daisho.be\/wp-content\/uploads\/2022\/07\/image-72.jpg","type":"image\/jpeg"}],"twitter_card":"summary_large_image","twitter_misc":{"Gesch\u00e4tzte Lesezeit":"1\u00a0Minute"},"schema":{"@context":"https:\/\/schema.org","@graph":[{"@type":"WebPage","@id":"https:\/\/www.daisho.be\/de\/produit\/lace-up-zebra-pro-boxhandschuhe-weiss\/","url":"https:\/\/www.daisho.be\/de\/produit\/lace-up-zebra-pro-boxhandschuhe-weiss\/","name":"Lace Up ZEBRA PRO Boxhandschuhe Wei\u00df &#8211; Daisho","isPartOf":{"@id":"https:\/\/www.daisho.be\/de\/#website"},"primaryImageOfPage":{"@id":"https:\/\/www.daisho.be\/de\/produit\/lace-up-zebra-pro-boxhandschuhe-weiss\/#primaryimage"},"image":{"@id":"https:\/\/www.daisho.be\/de\/produit\/lace-up-zebra-pro-boxhandschuhe-weiss\/#primaryimage"},"thumbnailUrl":"https:\/\/www.daisho.be\/wp-content\/uploads\/2022\/07\/image-72.jpg","datePublished":"2022-07-22T10:37:53+00:00","breadcrumb":{"@id":"https:\/\/www.daisho.be\/de\/produit\/lace-up-zebra-pro-boxhandschuhe-weiss\/#breadcrumb"},"inLanguage":"de","potentialAction":[{"@type":"ReadAction","target":["https:\/\/www.daisho.be\/de\/produit\/lace-up-zebra-pro-boxhandschuhe-weiss\/"]}]},{"@type":"ImageObject","inLanguage":"de","@id":"https:\/\/www.daisho.be\/de\/produit\/lace-up-zebra-pro-boxhandschuhe-weiss\/#primaryimage","url":"https:\/\/www.daisho.be\/wp-content\/uploads\/2022\/07\/image-72.jpg","contentUrl":"https:\/\/www.daisho.be\/wp-content\/uploads\/2022\/07\/image-72.jpg","width":510,"height":720},{"@type":"BreadcrumbList","@id":"https:\/\/www.daisho.be\/de\/produit\/lace-up-zebra-pro-boxhandschuhe-weiss\/#breadcrumb","itemListElement":[{"@type":"ListItem","position":1,"name":"Accueil","item":"https:\/\/www.daisho.be\/de\/"},{"@type":"ListItem","position":2,"name":"Produkte","item":"https:\/\/www.daisho.be\/de\/produkte\/"},{"@type":"ListItem","position":3,"name":"Ausr\u00fcstung und Kleidung f\u00fcr Kampfkunst und Kampfsport","item":"https:\/\/www.daisho.be\/de\/categorie-produit\/ausrustung-und-kleidung-fur-kampfkunst-und-kampfsport\/"},{"@type":"ListItem","position":4,"name":"Boxen","item":"https:\/\/www.daisho.be\/de\/categorie-produit\/ausrustung-und-kleidung-fur-kampfkunst-und-kampfsport\/boxen-de\/"},{"@type":"ListItem","position":5,"name":"Boxhandschuhe","item":"https:\/\/www.daisho.be\/de\/categorie-produit\/ausrustung-und-kleidung-fur-kampfkunst-und-kampfsport\/boxen-de\/boxhandschuhe\/"},{"@type":"ListItem","position":6,"name":"Lace Up ZEBRA PRO Boxhandschuhe Wei\u00df"}]},{"@type":"WebSite","@id":"https:\/\/www.daisho.be\/de\/#website","url":"https:\/\/www.daisho.be\/de\/","name":"Daisho","description":"Sp&eacute;cialiste de l'&eacute;quipement sportif d'arts martiaux","publisher":{"@id":"https:\/\/www.daisho.be\/de\/#organization"},"potentialAction":[{"@type":"SearchAction","target":{"@type":"EntryPoint","urlTemplate":"https:\/\/www.daisho.be\/de\/?s={search_term_string}"},"query-input":{"@type":"PropertyValueSpecification","valueRequired":true,"valueName":"search_term_string"}}],"inLanguage":"de"},{"@type":"Organization","@id":"https:\/\/www.daisho.be\/de\/#organization","name":"Daisho","url":"https:\/\/www.daisho.be\/de\/","logo":{"@type":"ImageObject","inLanguage":"de","@id":"https:\/\/www.daisho.be\/de\/#\/schema\/logo\/image\/","url":"https:\/\/www.daisho.be\/wp-content\/uploads\/2019\/07\/color-nothing-horizontale4x-e1564486100247.png","contentUrl":"https:\/\/www.daisho.be\/wp-content\/uploads\/2019\/07\/color-nothing-horizontale4x-e1564486100247.png","width":1547,"height":385,"caption":"Daisho"},"image":{"@id":"https:\/\/www.daisho.be\/de\/#\/schema\/logo\/image\/"}}]}},"_links":{"self":[{"href":"https:\/\/www.daisho.be\/de\/wp-json\/wp\/v2\/product\/458313","targetHints":{"allow":["GET"]}}],"collection":[{"href":"https:\/\/www.daisho.be\/de\/wp-json\/wp\/v2\/product"}],"about":[{"href":"https:\/\/www.daisho.be\/de\/wp-json\/wp\/v2\/types\/product"}],"replies":[{"embeddable":true,"href":"https:\/\/www.daisho.be\/de\/wp-json\/wp\/v2\/comments?post=458313"}],"wp:featuredmedia":[{"embeddable":true,"href":"https:\/\/www.daisho.be\/de\/wp-json\/wp\/v2\/media\/458315"}],"wp:attachment":[{"href":"https:\/\/www.daisho.be\/de\/wp-json\/wp\/v2\/media?parent=458313"}],"wp:term":[{"taxonomy":"product_brand","embeddable":true,"href":"https:\/\/www.daisho.be\/de\/wp-json\/wp\/v2\/product_brand?post=458313"},{"taxonomy":"product_cat","embeddable":true,"href":"https:\/\/www.daisho.be\/de\/wp-json\/wp\/v2\/product_cat?post=458313"},{"taxonomy":"product_tag","embeddable":true,"href":"https:\/\/www.daisho.be\/de\/wp-json\/wp\/v2\/product_tag?post=458313"},{"taxonomy":"sport","embeddable":true,"href":"https:\/\/www.daisho.be\/de\/wp-json\/wp\/v2\/sport?post=458313"}],"curies":[{"name":"wp","href":"https:\/\/api.w.org\/{rel}","templated":true}]}}