{"id":458296,"date":"2022-07-22T12:38:02","date_gmt":"2022-07-22T10:38:02","guid":{"rendered":"https:\/\/www.daisho.be\/produit\/lace-up-zebra-pro-boxhandschuhe-schwarz\/"},"modified":"2025-10-09T14:16:15","modified_gmt":"2025-10-09T12:16:15","slug":"lace-up-zebra-pro-boxhandschuhe-schwarz","status":"publish","type":"product","link":"https:\/\/www.daisho.be\/de\/produit\/lace-up-zebra-pro-boxhandschuhe-schwarz\/","title":{"rendered":"Lace Up ZEBRA PRO Boxhandschuhe Schwarz"},"content":{"rendered":"<p>Professionelle Boxhandschuhe mit Schn\u00fcrung aus Rindsleder.<br \/>\nDer mehrschichtige, vorgekr\u00fcmmte Latexschaum des &#8222;Easy Fist System&#8220; erfordert einen minimalen Kraftaufwand f\u00fcr einen festen Stempel.<br \/>\nDer Griff auf der Handfl\u00e4che und der angen\u00e4hte Daumen bieten zus\u00e4tzlichen Komfort und Sicherheit.<br \/>\nEine leichte Polsterung am Handgelenk sch\u00fctzt mit ausreichender Bewegungsfreiheit, wenn die Haken am Kopf und am K\u00f6rper leicht eingeschraubt werden k\u00f6nnen.<br \/>\nEin idealer Boxhandschuh f\u00fcr den Wettkampf und das Sparring.<br \/>\nEchtes Leder auf der Au\u00dfen- und Innenseite bietet eine lange Lebensdauer.<br \/>\nDie Polsterung aus mehrschichtigem Latexschaum sch\u00fctzt die Kn\u00f6chel.<br \/>\nEasy Fist EFS System&#8220; mit optimalen pr\u00e4okularen Schutzdaumen sch\u00fctzt den Gegner vor Augenverletzungen.<\/p>\n","protected":false},"excerpt":{"rendered":"<p>Professionelle Boxhandschuhe mit Schn\u00fcrung aus Rindsleder. Der mehrschichtige, vorgekr\u00fcmmte Latexschaum des &#8222;Easy Fist System&#8220; erfordert einen minimalen Kraftaufwand f\u00fcr einen festen Stempel. Der Griff auf der Handfl\u00e4che und der angen\u00e4hte Daumen bieten zus\u00e4tzlichen Komfort und Sicherheit. Eine leichte Polsterung am Handgelenk sch\u00fctzt mit ausreichender Bewegungsfreiheit, wenn die Haken am Kopf und am K\u00f6rper leicht eingeschraubt [&hellip;]<\/p>\n","protected":false},"featured_media":458307,"comment_status":"open","ping_status":"closed","template":"","meta":{"inline_featured_image":false},"product_brand":[],"product_cat":[2072,2051],"product_tag":[2319],"sport":[],"class_list":{"0":"post-458296","1":"product","2":"type-product","3":"status-publish","4":"has-post-thumbnail","6":"product_cat-boxhandschuhe","7":"product_cat-schutz","8":"product_tag-zebra-de","9":"pa_size-372","10":"pa_size-371","11":"pa_size-370","12":"pa_size-461","13":"pa_size-1097","14":"pa_size-1173","15":"pa_size-439","17":"first","18":"instock","19":"taxable","20":"shipping-taxable","21":"purchasable","22":"product-type-variable"},"yoast_head":"<!-- This site is optimized with the Yoast SEO plugin v27.2 - https:\/\/yoast.com\/product\/yoast-seo-wordpress\/ -->\n<title>Lace Up ZEBRA PRO Boxhandschuhe Schwarz &#8211; Daisho<\/title>\n<meta name=\"robots\" content=\"index, follow, max-snippet:-1, max-image-preview:large, max-video-preview:-1\" \/>\n<link rel=\"canonical\" href=\"https:\/\/www.daisho.be\/de\/produit\/lace-up-zebra-pro-boxhandschuhe-schwarz\/\" \/>\n<meta property=\"og:locale\" content=\"de_DE\" \/>\n<meta property=\"og:type\" content=\"article\" \/>\n<meta property=\"og:title\" content=\"Lace Up ZEBRA PRO Boxhandschuhe Schwarz &#8211; Daisho\" \/>\n<meta property=\"og:description\" content=\"Professionelle Boxhandschuhe mit Schn\u00fcrung aus Rindsleder. Der mehrschichtige, vorgekr\u00fcmmte Latexschaum des &#8222;Easy Fist System&#8220; erfordert einen minimalen Kraftaufwand f\u00fcr einen festen Stempel. Der Griff auf der Handfl\u00e4che und der angen\u00e4hte Daumen bieten zus\u00e4tzlichen Komfort und Sicherheit. Eine leichte Polsterung am Handgelenk sch\u00fctzt mit ausreichender Bewegungsfreiheit, wenn die Haken am Kopf und am K\u00f6rper leicht eingeschraubt [&hellip;]\" \/>\n<meta property=\"og:url\" content=\"https:\/\/www.daisho.be\/de\/produit\/lace-up-zebra-pro-boxhandschuhe-schwarz\/\" \/>\n<meta property=\"og:site_name\" content=\"Daisho\" \/>\n<meta property=\"article:modified_time\" content=\"2025-10-09T12:16:15+00:00\" \/>\n<meta property=\"og:image\" content=\"https:\/\/www.daisho.be\/wp-content\/uploads\/2023\/05\/image-2.jpg\" \/>\n\t<meta property=\"og:image:width\" content=\"510\" \/>\n\t<meta property=\"og:image:height\" content=\"720\" \/>\n\t<meta property=\"og:image:type\" content=\"image\/jpeg\" \/>\n<meta name=\"twitter:card\" content=\"summary_large_image\" \/>\n<meta name=\"twitter:label1\" content=\"Gesch\u00e4tzte Lesezeit\" \/>\n\t<meta name=\"twitter:data1\" content=\"1\u00a0Minute\" \/>\n<script type=\"application\/ld+json\" class=\"yoast-schema-graph\">{\"@context\":\"https:\/\/schema.org\",\"@graph\":[{\"@type\":\"WebPage\",\"@id\":\"https:\/\/www.daisho.be\/de\/produit\/lace-up-zebra-pro-boxhandschuhe-schwarz\/\",\"url\":\"https:\/\/www.daisho.be\/de\/produit\/lace-up-zebra-pro-boxhandschuhe-schwarz\/\",\"name\":\"Lace Up ZEBRA PRO Boxhandschuhe Schwarz &#8211; Daisho\",\"isPartOf\":{\"@id\":\"https:\/\/www.daisho.be\/de\/#website\"},\"primaryImageOfPage\":{\"@id\":\"https:\/\/www.daisho.be\/de\/produit\/lace-up-zebra-pro-boxhandschuhe-schwarz\/#primaryimage\"},\"image\":{\"@id\":\"https:\/\/www.daisho.be\/de\/produit\/lace-up-zebra-pro-boxhandschuhe-schwarz\/#primaryimage\"},\"thumbnailUrl\":\"https:\/\/www.daisho.be\/wp-content\/uploads\/2023\/05\/image-2.jpg\",\"datePublished\":\"2022-07-22T10:38:02+00:00\",\"dateModified\":\"2025-10-09T12:16:15+00:00\",\"breadcrumb\":{\"@id\":\"https:\/\/www.daisho.be\/de\/produit\/lace-up-zebra-pro-boxhandschuhe-schwarz\/#breadcrumb\"},\"inLanguage\":\"de\",\"potentialAction\":[{\"@type\":\"ReadAction\",\"target\":[\"https:\/\/www.daisho.be\/de\/produit\/lace-up-zebra-pro-boxhandschuhe-schwarz\/\"]}]},{\"@type\":\"ImageObject\",\"inLanguage\":\"de\",\"@id\":\"https:\/\/www.daisho.be\/de\/produit\/lace-up-zebra-pro-boxhandschuhe-schwarz\/#primaryimage\",\"url\":\"https:\/\/www.daisho.be\/wp-content\/uploads\/2023\/05\/image-2.jpg\",\"contentUrl\":\"https:\/\/www.daisho.be\/wp-content\/uploads\/2023\/05\/image-2.jpg\",\"width\":510,\"height\":720,\"caption\":\"Lace Up ZEBRA PRO Boxhandschuhe Schwarz-1\"},{\"@type\":\"BreadcrumbList\",\"@id\":\"https:\/\/www.daisho.be\/de\/produit\/lace-up-zebra-pro-boxhandschuhe-schwarz\/#breadcrumb\",\"itemListElement\":[{\"@type\":\"ListItem\",\"position\":1,\"name\":\"Accueil\",\"item\":\"https:\/\/www.daisho.be\/de\/\"},{\"@type\":\"ListItem\",\"position\":2,\"name\":\"Produkte\",\"item\":\"https:\/\/www.daisho.be\/de\/produkte\/\"},{\"@type\":\"ListItem\",\"position\":3,\"name\":\"Ausr\u00fcstung und Kleidung f\u00fcr Kampfkunst und Kampfsport\",\"item\":\"https:\/\/www.daisho.be\/de\/categorie-produit\/ausrustung-und-kleidung-fur-kampfkunst-und-kampfsport\/\"},{\"@type\":\"ListItem\",\"position\":4,\"name\":\"Boxen\",\"item\":\"https:\/\/www.daisho.be\/de\/categorie-produit\/ausrustung-und-kleidung-fur-kampfkunst-und-kampfsport\/boxen-de\/\"},{\"@type\":\"ListItem\",\"position\":5,\"name\":\"Boxhandschuhe\",\"item\":\"https:\/\/www.daisho.be\/de\/categorie-produit\/ausrustung-und-kleidung-fur-kampfkunst-und-kampfsport\/boxen-de\/boxhandschuhe\/\"},{\"@type\":\"ListItem\",\"position\":6,\"name\":\"Lace Up ZEBRA PRO Boxhandschuhe Schwarz\"}]},{\"@type\":\"WebSite\",\"@id\":\"https:\/\/www.daisho.be\/de\/#website\",\"url\":\"https:\/\/www.daisho.be\/de\/\",\"name\":\"Daisho\",\"description\":\"Sp&eacute;cialiste de l'&eacute;quipement sportif d'arts martiaux\",\"publisher\":{\"@id\":\"https:\/\/www.daisho.be\/de\/#organization\"},\"potentialAction\":[{\"@type\":\"SearchAction\",\"target\":{\"@type\":\"EntryPoint\",\"urlTemplate\":\"https:\/\/www.daisho.be\/de\/?s={search_term_string}\"},\"query-input\":{\"@type\":\"PropertyValueSpecification\",\"valueRequired\":true,\"valueName\":\"search_term_string\"}}],\"inLanguage\":\"de\"},{\"@type\":\"Organization\",\"@id\":\"https:\/\/www.daisho.be\/de\/#organization\",\"name\":\"Daisho\",\"url\":\"https:\/\/www.daisho.be\/de\/\",\"logo\":{\"@type\":\"ImageObject\",\"inLanguage\":\"de\",\"@id\":\"https:\/\/www.daisho.be\/de\/#\/schema\/logo\/image\/\",\"url\":\"https:\/\/www.daisho.be\/wp-content\/uploads\/2019\/07\/color-nothing-horizontale4x-e1564486100247.png\",\"contentUrl\":\"https:\/\/www.daisho.be\/wp-content\/uploads\/2019\/07\/color-nothing-horizontale4x-e1564486100247.png\",\"width\":1547,\"height\":385,\"caption\":\"Daisho\"},\"image\":{\"@id\":\"https:\/\/www.daisho.be\/de\/#\/schema\/logo\/image\/\"}}]}<\/script>\n<!-- \/ Yoast SEO plugin. -->","yoast_head_json":{"title":"Lace Up ZEBRA PRO Boxhandschuhe Schwarz &#8211; Daisho","robots":{"index":"index","follow":"follow","max-snippet":"max-snippet:-1","max-image-preview":"max-image-preview:large","max-video-preview":"max-video-preview:-1"},"canonical":"https:\/\/www.daisho.be\/de\/produit\/lace-up-zebra-pro-boxhandschuhe-schwarz\/","og_locale":"de_DE","og_type":"article","og_title":"Lace Up ZEBRA PRO Boxhandschuhe Schwarz &#8211; Daisho","og_description":"Professionelle Boxhandschuhe mit Schn\u00fcrung aus Rindsleder. Der mehrschichtige, vorgekr\u00fcmmte Latexschaum des &#8222;Easy Fist System&#8220; erfordert einen minimalen Kraftaufwand f\u00fcr einen festen Stempel. Der Griff auf der Handfl\u00e4che und der angen\u00e4hte Daumen bieten zus\u00e4tzlichen Komfort und Sicherheit. Eine leichte Polsterung am Handgelenk sch\u00fctzt mit ausreichender Bewegungsfreiheit, wenn die Haken am Kopf und am K\u00f6rper leicht eingeschraubt [&hellip;]","og_url":"https:\/\/www.daisho.be\/de\/produit\/lace-up-zebra-pro-boxhandschuhe-schwarz\/","og_site_name":"Daisho","article_modified_time":"2025-10-09T12:16:15+00:00","og_image":[{"width":510,"height":720,"url":"https:\/\/www.daisho.be\/wp-content\/uploads\/2023\/05\/image-2.jpg","type":"image\/jpeg"}],"twitter_card":"summary_large_image","twitter_misc":{"Gesch\u00e4tzte Lesezeit":"1\u00a0Minute"},"schema":{"@context":"https:\/\/schema.org","@graph":[{"@type":"WebPage","@id":"https:\/\/www.daisho.be\/de\/produit\/lace-up-zebra-pro-boxhandschuhe-schwarz\/","url":"https:\/\/www.daisho.be\/de\/produit\/lace-up-zebra-pro-boxhandschuhe-schwarz\/","name":"Lace Up ZEBRA PRO Boxhandschuhe Schwarz &#8211; Daisho","isPartOf":{"@id":"https:\/\/www.daisho.be\/de\/#website"},"primaryImageOfPage":{"@id":"https:\/\/www.daisho.be\/de\/produit\/lace-up-zebra-pro-boxhandschuhe-schwarz\/#primaryimage"},"image":{"@id":"https:\/\/www.daisho.be\/de\/produit\/lace-up-zebra-pro-boxhandschuhe-schwarz\/#primaryimage"},"thumbnailUrl":"https:\/\/www.daisho.be\/wp-content\/uploads\/2023\/05\/image-2.jpg","datePublished":"2022-07-22T10:38:02+00:00","dateModified":"2025-10-09T12:16:15+00:00","breadcrumb":{"@id":"https:\/\/www.daisho.be\/de\/produit\/lace-up-zebra-pro-boxhandschuhe-schwarz\/#breadcrumb"},"inLanguage":"de","potentialAction":[{"@type":"ReadAction","target":["https:\/\/www.daisho.be\/de\/produit\/lace-up-zebra-pro-boxhandschuhe-schwarz\/"]}]},{"@type":"ImageObject","inLanguage":"de","@id":"https:\/\/www.daisho.be\/de\/produit\/lace-up-zebra-pro-boxhandschuhe-schwarz\/#primaryimage","url":"https:\/\/www.daisho.be\/wp-content\/uploads\/2023\/05\/image-2.jpg","contentUrl":"https:\/\/www.daisho.be\/wp-content\/uploads\/2023\/05\/image-2.jpg","width":510,"height":720,"caption":"Lace Up ZEBRA PRO Boxhandschuhe Schwarz-1"},{"@type":"BreadcrumbList","@id":"https:\/\/www.daisho.be\/de\/produit\/lace-up-zebra-pro-boxhandschuhe-schwarz\/#breadcrumb","itemListElement":[{"@type":"ListItem","position":1,"name":"Accueil","item":"https:\/\/www.daisho.be\/de\/"},{"@type":"ListItem","position":2,"name":"Produkte","item":"https:\/\/www.daisho.be\/de\/produkte\/"},{"@type":"ListItem","position":3,"name":"Ausr\u00fcstung und Kleidung f\u00fcr Kampfkunst und Kampfsport","item":"https:\/\/www.daisho.be\/de\/categorie-produit\/ausrustung-und-kleidung-fur-kampfkunst-und-kampfsport\/"},{"@type":"ListItem","position":4,"name":"Boxen","item":"https:\/\/www.daisho.be\/de\/categorie-produit\/ausrustung-und-kleidung-fur-kampfkunst-und-kampfsport\/boxen-de\/"},{"@type":"ListItem","position":5,"name":"Boxhandschuhe","item":"https:\/\/www.daisho.be\/de\/categorie-produit\/ausrustung-und-kleidung-fur-kampfkunst-und-kampfsport\/boxen-de\/boxhandschuhe\/"},{"@type":"ListItem","position":6,"name":"Lace Up ZEBRA PRO Boxhandschuhe Schwarz"}]},{"@type":"WebSite","@id":"https:\/\/www.daisho.be\/de\/#website","url":"https:\/\/www.daisho.be\/de\/","name":"Daisho","description":"Sp&eacute;cialiste de l'&eacute;quipement sportif d'arts martiaux","publisher":{"@id":"https:\/\/www.daisho.be\/de\/#organization"},"potentialAction":[{"@type":"SearchAction","target":{"@type":"EntryPoint","urlTemplate":"https:\/\/www.daisho.be\/de\/?s={search_term_string}"},"query-input":{"@type":"PropertyValueSpecification","valueRequired":true,"valueName":"search_term_string"}}],"inLanguage":"de"},{"@type":"Organization","@id":"https:\/\/www.daisho.be\/de\/#organization","name":"Daisho","url":"https:\/\/www.daisho.be\/de\/","logo":{"@type":"ImageObject","inLanguage":"de","@id":"https:\/\/www.daisho.be\/de\/#\/schema\/logo\/image\/","url":"https:\/\/www.daisho.be\/wp-content\/uploads\/2019\/07\/color-nothing-horizontale4x-e1564486100247.png","contentUrl":"https:\/\/www.daisho.be\/wp-content\/uploads\/2019\/07\/color-nothing-horizontale4x-e1564486100247.png","width":1547,"height":385,"caption":"Daisho"},"image":{"@id":"https:\/\/www.daisho.be\/de\/#\/schema\/logo\/image\/"}}]}},"_links":{"self":[{"href":"https:\/\/www.daisho.be\/de\/wp-json\/wp\/v2\/product\/458296","targetHints":{"allow":["GET"]}}],"collection":[{"href":"https:\/\/www.daisho.be\/de\/wp-json\/wp\/v2\/product"}],"about":[{"href":"https:\/\/www.daisho.be\/de\/wp-json\/wp\/v2\/types\/product"}],"replies":[{"embeddable":true,"href":"https:\/\/www.daisho.be\/de\/wp-json\/wp\/v2\/comments?post=458296"}],"wp:featuredmedia":[{"embeddable":true,"href":"https:\/\/www.daisho.be\/de\/wp-json\/wp\/v2\/media\/458307"}],"wp:attachment":[{"href":"https:\/\/www.daisho.be\/de\/wp-json\/wp\/v2\/media?parent=458296"}],"wp:term":[{"taxonomy":"product_brand","embeddable":true,"href":"https:\/\/www.daisho.be\/de\/wp-json\/wp\/v2\/product_brand?post=458296"},{"taxonomy":"product_cat","embeddable":true,"href":"https:\/\/www.daisho.be\/de\/wp-json\/wp\/v2\/product_cat?post=458296"},{"taxonomy":"product_tag","embeddable":true,"href":"https:\/\/www.daisho.be\/de\/wp-json\/wp\/v2\/product_tag?post=458296"},{"taxonomy":"sport","embeddable":true,"href":"https:\/\/www.daisho.be\/de\/wp-json\/wp\/v2\/sport?post=458296"}],"curies":[{"name":"wp","href":"https:\/\/api.w.org\/{rel}","templated":true}]}}