{"id":458268,"date":"2022-07-22T12:38:10","date_gmt":"2022-07-22T10:38:10","guid":{"rendered":"https:\/\/www.daisho.be\/produit\/boxhandschuhe-zebra-fitness-schwarz\/"},"modified":"2026-01-03T12:43:03","modified_gmt":"2026-01-03T11:43:03","slug":"boxhandschuhe-zebra-fitness-schwarz","status":"publish","type":"product","link":"https:\/\/www.daisho.be\/de\/produit\/boxhandschuhe-zebra-fitness-schwarz\/","title":{"rendered":"Boxhandschuhe ZEBRA FITNESS Schwarz"},"content":{"rendered":"<p>Fitness-Boxhandschuhe mit Klettverschluss aus bestem &#8222;FLX PU&#8220;.<\/p>\n<p>Der breite &#8222;All Around&#8220;-Klettverschluss sorgt f\u00fcr eine sehr gute Stabilit\u00e4t des Handgelenks.<\/p>\n<p>Der vorgespannte 2-lagige Schaumstoff im &#8222;Easy Fist System&#8220; erfordert einen minimalen Kraftaufwand f\u00fcr einen festen Stempel. L<\/p>\n<p>Der Griff auf der Handfl\u00e4che und der angen\u00e4hte Daumen bieten zus\u00e4tzlichen Komfort und Sicherheit.<\/p>\n<p>Die Innenseite aus atmungsaktivem Polyester-Mesh sorgt f\u00fcr eine gute Bel\u00fcftung und h\u00e4lt den Handschuh so trocken wie m\u00f6glich.<\/p>\n<p>Ein idealer Handschuh f\u00fcr Fitness-Boxen und Kickbox-Training mit einem guten Preis-Leistungs-Verh\u00e4ltnis.<\/p>\n<p>Au\u00dfenmaterial: FLX PU<br \/>\nPolyester-Mesh-Innenfutter f\u00fcr gute Bel\u00fcftung<br \/>\n2-Schicht-Schaumstoffpolsterung zum Schutz der Kn\u00f6chel<br \/>\nEFS Easy Fist System durch optimale Voruntersuchung<\/p>\n","protected":false},"excerpt":{"rendered":"<p>Fitness-Boxhandschuhe mit Klettverschluss aus bestem &#8222;FLX PU&#8220;. Der breite &#8222;All Around&#8220;-Klettverschluss sorgt f\u00fcr eine sehr gute Stabilit\u00e4t des Handgelenks. Der vorgespannte 2-lagige Schaumstoff im &#8222;Easy Fist System&#8220; erfordert einen minimalen Kraftaufwand f\u00fcr einen festen Stempel. L Der Griff auf der Handfl\u00e4che und der angen\u00e4hte Daumen bieten zus\u00e4tzlichen Komfort und Sicherheit. Die Innenseite aus atmungsaktivem Polyester-Mesh [&hellip;]<\/p>\n","protected":false},"featured_media":458280,"comment_status":"open","ping_status":"closed","template":"","meta":{"inline_featured_image":false},"product_brand":[],"product_cat":[2072,2070,2051],"product_tag":[2319],"sport":[],"class_list":{"0":"post-458268","1":"product","2":"type-product","3":"status-publish","4":"has-post-thumbnail","6":"product_cat-boxhandschuhe","7":"product_cat-kick-boxing-handschuhe","8":"product_cat-schutz","9":"product_tag-zebra-de","10":"pa_size-372","11":"pa_size-371","12":"pa_size-370","13":"pa_size-461","14":"pa_size-84","15":"pa_size-440","16":"pa_size-439","18":"first","19":"instock","20":"sale","21":"taxable","22":"shipping-taxable","23":"purchasable","24":"product-type-variable"},"yoast_head":"<!-- This site is optimized with the Yoast SEO plugin v27.2 - https:\/\/yoast.com\/product\/yoast-seo-wordpress\/ -->\n<title>Boxhandschuhe ZEBRA FITNESS Schwarz &#8211; Daisho<\/title>\n<meta name=\"robots\" content=\"index, follow, max-snippet:-1, max-image-preview:large, max-video-preview:-1\" \/>\n<link rel=\"canonical\" href=\"https:\/\/www.daisho.be\/de\/produit\/boxhandschuhe-zebra-fitness-schwarz\/\" \/>\n<meta property=\"og:locale\" content=\"de_DE\" \/>\n<meta property=\"og:type\" content=\"article\" \/>\n<meta property=\"og:title\" content=\"Boxhandschuhe ZEBRA FITNESS Schwarz &#8211; Daisho\" \/>\n<meta property=\"og:description\" content=\"Fitness-Boxhandschuhe mit Klettverschluss aus bestem &#8222;FLX PU&#8220;. Der breite &#8222;All Around&#8220;-Klettverschluss sorgt f\u00fcr eine sehr gute Stabilit\u00e4t des Handgelenks. Der vorgespannte 2-lagige Schaumstoff im &#8222;Easy Fist System&#8220; erfordert einen minimalen Kraftaufwand f\u00fcr einen festen Stempel. L Der Griff auf der Handfl\u00e4che und der angen\u00e4hte Daumen bieten zus\u00e4tzlichen Komfort und Sicherheit. Die Innenseite aus atmungsaktivem Polyester-Mesh [&hellip;]\" \/>\n<meta property=\"og:url\" content=\"https:\/\/www.daisho.be\/de\/produit\/boxhandschuhe-zebra-fitness-schwarz\/\" \/>\n<meta property=\"og:site_name\" content=\"Daisho\" \/>\n<meta property=\"article:modified_time\" content=\"2026-01-03T11:43:03+00:00\" \/>\n<meta property=\"og:image\" content=\"https:\/\/www.daisho.be\/wp-content\/uploads\/2023\/08\/image-66.jpg\" \/>\n\t<meta property=\"og:image:width\" content=\"510\" \/>\n\t<meta property=\"og:image:height\" content=\"720\" \/>\n\t<meta property=\"og:image:type\" content=\"image\/jpeg\" \/>\n<meta name=\"twitter:card\" content=\"summary_large_image\" \/>\n<meta name=\"twitter:label1\" content=\"Gesch\u00e4tzte Lesezeit\" \/>\n\t<meta name=\"twitter:data1\" content=\"1\u00a0Minute\" \/>\n<script type=\"application\/ld+json\" class=\"yoast-schema-graph\">{\"@context\":\"https:\/\/schema.org\",\"@graph\":[{\"@type\":\"WebPage\",\"@id\":\"https:\/\/www.daisho.be\/de\/produit\/boxhandschuhe-zebra-fitness-schwarz\/\",\"url\":\"https:\/\/www.daisho.be\/de\/produit\/boxhandschuhe-zebra-fitness-schwarz\/\",\"name\":\"Boxhandschuhe ZEBRA FITNESS Schwarz &#8211; Daisho\",\"isPartOf\":{\"@id\":\"https:\/\/www.daisho.be\/de\/#website\"},\"primaryImageOfPage\":{\"@id\":\"https:\/\/www.daisho.be\/de\/produit\/boxhandschuhe-zebra-fitness-schwarz\/#primaryimage\"},\"image\":{\"@id\":\"https:\/\/www.daisho.be\/de\/produit\/boxhandschuhe-zebra-fitness-schwarz\/#primaryimage\"},\"thumbnailUrl\":\"https:\/\/www.daisho.be\/wp-content\/uploads\/2023\/08\/image-66.jpg\",\"datePublished\":\"2022-07-22T10:38:10+00:00\",\"dateModified\":\"2026-01-03T11:43:03+00:00\",\"breadcrumb\":{\"@id\":\"https:\/\/www.daisho.be\/de\/produit\/boxhandschuhe-zebra-fitness-schwarz\/#breadcrumb\"},\"inLanguage\":\"de\",\"potentialAction\":[{\"@type\":\"ReadAction\",\"target\":[\"https:\/\/www.daisho.be\/de\/produit\/boxhandschuhe-zebra-fitness-schwarz\/\"]}]},{\"@type\":\"ImageObject\",\"inLanguage\":\"de\",\"@id\":\"https:\/\/www.daisho.be\/de\/produit\/boxhandschuhe-zebra-fitness-schwarz\/#primaryimage\",\"url\":\"https:\/\/www.daisho.be\/wp-content\/uploads\/2023\/08\/image-66.jpg\",\"contentUrl\":\"https:\/\/www.daisho.be\/wp-content\/uploads\/2023\/08\/image-66.jpg\",\"width\":510,\"height\":720,\"caption\":\"Boxhandschuhe ZEBRA FITNESS Schwarz-1\"},{\"@type\":\"BreadcrumbList\",\"@id\":\"https:\/\/www.daisho.be\/de\/produit\/boxhandschuhe-zebra-fitness-schwarz\/#breadcrumb\",\"itemListElement\":[{\"@type\":\"ListItem\",\"position\":1,\"name\":\"Accueil\",\"item\":\"https:\/\/www.daisho.be\/de\/\"},{\"@type\":\"ListItem\",\"position\":2,\"name\":\"Produkte\",\"item\":\"https:\/\/www.daisho.be\/de\/produkte\/\"},{\"@type\":\"ListItem\",\"position\":3,\"name\":\"Ausr\u00fcstung und Kleidung f\u00fcr Kampfkunst und Kampfsport\",\"item\":\"https:\/\/www.daisho.be\/de\/categorie-produit\/ausrustung-und-kleidung-fur-kampfkunst-und-kampfsport\/\"},{\"@type\":\"ListItem\",\"position\":4,\"name\":\"Boxen\",\"item\":\"https:\/\/www.daisho.be\/de\/categorie-produit\/ausrustung-und-kleidung-fur-kampfkunst-und-kampfsport\/boxen-de\/\"},{\"@type\":\"ListItem\",\"position\":5,\"name\":\"Boxhandschuhe\",\"item\":\"https:\/\/www.daisho.be\/de\/categorie-produit\/ausrustung-und-kleidung-fur-kampfkunst-und-kampfsport\/boxen-de\/boxhandschuhe\/\"},{\"@type\":\"ListItem\",\"position\":6,\"name\":\"Boxhandschuhe ZEBRA FITNESS Schwarz\"}]},{\"@type\":\"WebSite\",\"@id\":\"https:\/\/www.daisho.be\/de\/#website\",\"url\":\"https:\/\/www.daisho.be\/de\/\",\"name\":\"Daisho\",\"description\":\"Sp&eacute;cialiste de l'&eacute;quipement sportif d'arts martiaux\",\"publisher\":{\"@id\":\"https:\/\/www.daisho.be\/de\/#organization\"},\"potentialAction\":[{\"@type\":\"SearchAction\",\"target\":{\"@type\":\"EntryPoint\",\"urlTemplate\":\"https:\/\/www.daisho.be\/de\/?s={search_term_string}\"},\"query-input\":{\"@type\":\"PropertyValueSpecification\",\"valueRequired\":true,\"valueName\":\"search_term_string\"}}],\"inLanguage\":\"de\"},{\"@type\":\"Organization\",\"@id\":\"https:\/\/www.daisho.be\/de\/#organization\",\"name\":\"Daisho\",\"url\":\"https:\/\/www.daisho.be\/de\/\",\"logo\":{\"@type\":\"ImageObject\",\"inLanguage\":\"de\",\"@id\":\"https:\/\/www.daisho.be\/de\/#\/schema\/logo\/image\/\",\"url\":\"https:\/\/www.daisho.be\/wp-content\/uploads\/2019\/07\/color-nothing-horizontale4x-e1564486100247.png\",\"contentUrl\":\"https:\/\/www.daisho.be\/wp-content\/uploads\/2019\/07\/color-nothing-horizontale4x-e1564486100247.png\",\"width\":1547,\"height\":385,\"caption\":\"Daisho\"},\"image\":{\"@id\":\"https:\/\/www.daisho.be\/de\/#\/schema\/logo\/image\/\"}}]}<\/script>\n<!-- \/ Yoast SEO plugin. -->","yoast_head_json":{"title":"Boxhandschuhe ZEBRA FITNESS Schwarz &#8211; Daisho","robots":{"index":"index","follow":"follow","max-snippet":"max-snippet:-1","max-image-preview":"max-image-preview:large","max-video-preview":"max-video-preview:-1"},"canonical":"https:\/\/www.daisho.be\/de\/produit\/boxhandschuhe-zebra-fitness-schwarz\/","og_locale":"de_DE","og_type":"article","og_title":"Boxhandschuhe ZEBRA FITNESS Schwarz &#8211; Daisho","og_description":"Fitness-Boxhandschuhe mit Klettverschluss aus bestem &#8222;FLX PU&#8220;. Der breite &#8222;All Around&#8220;-Klettverschluss sorgt f\u00fcr eine sehr gute Stabilit\u00e4t des Handgelenks. Der vorgespannte 2-lagige Schaumstoff im &#8222;Easy Fist System&#8220; erfordert einen minimalen Kraftaufwand f\u00fcr einen festen Stempel. L Der Griff auf der Handfl\u00e4che und der angen\u00e4hte Daumen bieten zus\u00e4tzlichen Komfort und Sicherheit. Die Innenseite aus atmungsaktivem Polyester-Mesh [&hellip;]","og_url":"https:\/\/www.daisho.be\/de\/produit\/boxhandschuhe-zebra-fitness-schwarz\/","og_site_name":"Daisho","article_modified_time":"2026-01-03T11:43:03+00:00","og_image":[{"width":510,"height":720,"url":"https:\/\/www.daisho.be\/wp-content\/uploads\/2023\/08\/image-66.jpg","type":"image\/jpeg"}],"twitter_card":"summary_large_image","twitter_misc":{"Gesch\u00e4tzte Lesezeit":"1\u00a0Minute"},"schema":{"@context":"https:\/\/schema.org","@graph":[{"@type":"WebPage","@id":"https:\/\/www.daisho.be\/de\/produit\/boxhandschuhe-zebra-fitness-schwarz\/","url":"https:\/\/www.daisho.be\/de\/produit\/boxhandschuhe-zebra-fitness-schwarz\/","name":"Boxhandschuhe ZEBRA FITNESS Schwarz &#8211; Daisho","isPartOf":{"@id":"https:\/\/www.daisho.be\/de\/#website"},"primaryImageOfPage":{"@id":"https:\/\/www.daisho.be\/de\/produit\/boxhandschuhe-zebra-fitness-schwarz\/#primaryimage"},"image":{"@id":"https:\/\/www.daisho.be\/de\/produit\/boxhandschuhe-zebra-fitness-schwarz\/#primaryimage"},"thumbnailUrl":"https:\/\/www.daisho.be\/wp-content\/uploads\/2023\/08\/image-66.jpg","datePublished":"2022-07-22T10:38:10+00:00","dateModified":"2026-01-03T11:43:03+00:00","breadcrumb":{"@id":"https:\/\/www.daisho.be\/de\/produit\/boxhandschuhe-zebra-fitness-schwarz\/#breadcrumb"},"inLanguage":"de","potentialAction":[{"@type":"ReadAction","target":["https:\/\/www.daisho.be\/de\/produit\/boxhandschuhe-zebra-fitness-schwarz\/"]}]},{"@type":"ImageObject","inLanguage":"de","@id":"https:\/\/www.daisho.be\/de\/produit\/boxhandschuhe-zebra-fitness-schwarz\/#primaryimage","url":"https:\/\/www.daisho.be\/wp-content\/uploads\/2023\/08\/image-66.jpg","contentUrl":"https:\/\/www.daisho.be\/wp-content\/uploads\/2023\/08\/image-66.jpg","width":510,"height":720,"caption":"Boxhandschuhe ZEBRA FITNESS Schwarz-1"},{"@type":"BreadcrumbList","@id":"https:\/\/www.daisho.be\/de\/produit\/boxhandschuhe-zebra-fitness-schwarz\/#breadcrumb","itemListElement":[{"@type":"ListItem","position":1,"name":"Accueil","item":"https:\/\/www.daisho.be\/de\/"},{"@type":"ListItem","position":2,"name":"Produkte","item":"https:\/\/www.daisho.be\/de\/produkte\/"},{"@type":"ListItem","position":3,"name":"Ausr\u00fcstung und Kleidung f\u00fcr Kampfkunst und Kampfsport","item":"https:\/\/www.daisho.be\/de\/categorie-produit\/ausrustung-und-kleidung-fur-kampfkunst-und-kampfsport\/"},{"@type":"ListItem","position":4,"name":"Boxen","item":"https:\/\/www.daisho.be\/de\/categorie-produit\/ausrustung-und-kleidung-fur-kampfkunst-und-kampfsport\/boxen-de\/"},{"@type":"ListItem","position":5,"name":"Boxhandschuhe","item":"https:\/\/www.daisho.be\/de\/categorie-produit\/ausrustung-und-kleidung-fur-kampfkunst-und-kampfsport\/boxen-de\/boxhandschuhe\/"},{"@type":"ListItem","position":6,"name":"Boxhandschuhe ZEBRA FITNESS Schwarz"}]},{"@type":"WebSite","@id":"https:\/\/www.daisho.be\/de\/#website","url":"https:\/\/www.daisho.be\/de\/","name":"Daisho","description":"Sp&eacute;cialiste de l'&eacute;quipement sportif d'arts martiaux","publisher":{"@id":"https:\/\/www.daisho.be\/de\/#organization"},"potentialAction":[{"@type":"SearchAction","target":{"@type":"EntryPoint","urlTemplate":"https:\/\/www.daisho.be\/de\/?s={search_term_string}"},"query-input":{"@type":"PropertyValueSpecification","valueRequired":true,"valueName":"search_term_string"}}],"inLanguage":"de"},{"@type":"Organization","@id":"https:\/\/www.daisho.be\/de\/#organization","name":"Daisho","url":"https:\/\/www.daisho.be\/de\/","logo":{"@type":"ImageObject","inLanguage":"de","@id":"https:\/\/www.daisho.be\/de\/#\/schema\/logo\/image\/","url":"https:\/\/www.daisho.be\/wp-content\/uploads\/2019\/07\/color-nothing-horizontale4x-e1564486100247.png","contentUrl":"https:\/\/www.daisho.be\/wp-content\/uploads\/2019\/07\/color-nothing-horizontale4x-e1564486100247.png","width":1547,"height":385,"caption":"Daisho"},"image":{"@id":"https:\/\/www.daisho.be\/de\/#\/schema\/logo\/image\/"}}]}},"_links":{"self":[{"href":"https:\/\/www.daisho.be\/de\/wp-json\/wp\/v2\/product\/458268","targetHints":{"allow":["GET"]}}],"collection":[{"href":"https:\/\/www.daisho.be\/de\/wp-json\/wp\/v2\/product"}],"about":[{"href":"https:\/\/www.daisho.be\/de\/wp-json\/wp\/v2\/types\/product"}],"replies":[{"embeddable":true,"href":"https:\/\/www.daisho.be\/de\/wp-json\/wp\/v2\/comments?post=458268"}],"wp:featuredmedia":[{"embeddable":true,"href":"https:\/\/www.daisho.be\/de\/wp-json\/wp\/v2\/media\/458280"}],"wp:attachment":[{"href":"https:\/\/www.daisho.be\/de\/wp-json\/wp\/v2\/media?parent=458268"}],"wp:term":[{"taxonomy":"product_brand","embeddable":true,"href":"https:\/\/www.daisho.be\/de\/wp-json\/wp\/v2\/product_brand?post=458268"},{"taxonomy":"product_cat","embeddable":true,"href":"https:\/\/www.daisho.be\/de\/wp-json\/wp\/v2\/product_cat?post=458268"},{"taxonomy":"product_tag","embeddable":true,"href":"https:\/\/www.daisho.be\/de\/wp-json\/wp\/v2\/product_tag?post=458268"},{"taxonomy":"sport","embeddable":true,"href":"https:\/\/www.daisho.be\/de\/wp-json\/wp\/v2\/sport?post=458268"}],"curies":[{"name":"wp","href":"https:\/\/api.w.org\/{rel}","templated":true}]}}