{"id":458237,"date":"2022-07-22T12:38:45","date_gmt":"2022-07-22T10:38:45","guid":{"rendered":"https:\/\/www.daisho.be\/produit\/zebra-performance-mma-sparring-handschuhe\/"},"modified":"2026-01-03T12:40:47","modified_gmt":"2026-01-03T11:40:47","slug":"zebra-performance-mma-sparring-handschuhe","status":"publish","type":"product","link":"https:\/\/www.daisho.be\/de\/produit\/zebra-performance-mma-sparring-handschuhe\/","title":{"rendered":"ZEBRA PERFORMANCE MMA Sparring-Handschuhe"},"content":{"rendered":"<p>MMA Sparringhandschuhe aus mattem &#8222;FLX PU&#8220;. Der extra dicke EVA-Schaumstoff bietet einen sehr guten Schutz bei realistischen Sparrings. Die offenen Finger und Daumen erlauben alle Arten von Griffen. Die zus\u00e4tzliche Polsterung hinter den Kn\u00f6cheln und die Fingerpolsterung sch\u00fctzen beim Blockieren von Tritten und Schl\u00e4gen. Der extra lange Klettverschlussriemen bietet zus\u00e4tzliche Stabilit\u00e4t bei zwei Umdrehungen um das Handgelenk.    <\/p>\n<p>FLX PU Au\u00dfenmaterial f\u00fcr einfache Reinigung<br \/>\nExtra dicke EVA-Schaumstoffpolsterung<br \/>\nExtra langer Klettverschluss zur Stabilisierung des Handgelenks<\/p>\n","protected":false},"excerpt":{"rendered":"<p>MMA Sparringhandschuhe aus mattem &#8222;FLX PU&#8220;. Der extra dicke EVA-Schaumstoff bietet einen sehr guten Schutz bei realistischen Sparrings. Die offenen Finger und Daumen erlauben alle Arten von Griffen. Die zus\u00e4tzliche Polsterung hinter den Kn\u00f6cheln und die Fingerpolsterung sch\u00fctzen beim Blockieren von Tritten und Schl\u00e4gen. Der extra lange Klettverschlussriemen bietet zus\u00e4tzliche Stabilit\u00e4t bei zwei Umdrehungen um [&hellip;]<\/p>\n","protected":false},"featured_media":458245,"comment_status":"open","ping_status":"closed","template":"","meta":{"inline_featured_image":false},"product_brand":[],"product_cat":[2071,2075,2051],"product_tag":[2319],"sport":[],"class_list":{"0":"post-458237","1":"product","2":"type-product","3":"status-publish","4":"has-post-thumbnail","6":"product_cat-krav-maga-handschuhe","7":"product_cat-mma-handschuhe","8":"product_cat-schutz","9":"product_tag-zebra-de","10":"pa_size-l","11":"pa_size-m","12":"pa_size-s","13":"pa_size-xl","15":"first","16":"instock","17":"sale","18":"taxable","19":"shipping-taxable","20":"purchasable","21":"product-type-variable"},"yoast_head":"<!-- This site is optimized with the Yoast SEO plugin v27.2 - https:\/\/yoast.com\/product\/yoast-seo-wordpress\/ -->\n<title>ZEBRA PERFORMANCE MMA Sparring-Handschuhe &#8211; Daisho<\/title>\n<meta name=\"robots\" content=\"index, follow, max-snippet:-1, max-image-preview:large, max-video-preview:-1\" \/>\n<link rel=\"canonical\" href=\"https:\/\/www.daisho.be\/de\/produit\/zebra-performance-mma-sparring-handschuhe\/\" \/>\n<meta property=\"og:locale\" content=\"de_DE\" \/>\n<meta property=\"og:type\" content=\"article\" \/>\n<meta property=\"og:title\" content=\"ZEBRA PERFORMANCE MMA Sparring-Handschuhe &#8211; Daisho\" \/>\n<meta property=\"og:description\" content=\"MMA Sparringhandschuhe aus mattem &#8222;FLX PU&#8220;. Der extra dicke EVA-Schaumstoff bietet einen sehr guten Schutz bei realistischen Sparrings. Die offenen Finger und Daumen erlauben alle Arten von Griffen. Die zus\u00e4tzliche Polsterung hinter den Kn\u00f6cheln und die Fingerpolsterung sch\u00fctzen beim Blockieren von Tritten und Schl\u00e4gen. Der extra lange Klettverschlussriemen bietet zus\u00e4tzliche Stabilit\u00e4t bei zwei Umdrehungen um [&hellip;]\" \/>\n<meta property=\"og:url\" content=\"https:\/\/www.daisho.be\/de\/produit\/zebra-performance-mma-sparring-handschuhe\/\" \/>\n<meta property=\"og:site_name\" content=\"Daisho\" \/>\n<meta property=\"article:modified_time\" content=\"2026-01-03T11:40:47+00:00\" \/>\n<meta property=\"og:image\" content=\"https:\/\/www.daisho.be\/wp-content\/uploads\/2023\/05\/image.jpg\" \/>\n\t<meta property=\"og:image:width\" content=\"510\" \/>\n\t<meta property=\"og:image:height\" content=\"720\" \/>\n\t<meta property=\"og:image:type\" content=\"image\/jpeg\" \/>\n<meta name=\"twitter:card\" content=\"summary_large_image\" \/>\n<script type=\"application\/ld+json\" class=\"yoast-schema-graph\">{\"@context\":\"https:\/\/schema.org\",\"@graph\":[{\"@type\":\"WebPage\",\"@id\":\"https:\/\/www.daisho.be\/de\/produit\/zebra-performance-mma-sparring-handschuhe\/\",\"url\":\"https:\/\/www.daisho.be\/de\/produit\/zebra-performance-mma-sparring-handschuhe\/\",\"name\":\"ZEBRA PERFORMANCE MMA Sparring-Handschuhe &#8211; Daisho\",\"isPartOf\":{\"@id\":\"https:\/\/www.daisho.be\/de\/#website\"},\"primaryImageOfPage\":{\"@id\":\"https:\/\/www.daisho.be\/de\/produit\/zebra-performance-mma-sparring-handschuhe\/#primaryimage\"},\"image\":{\"@id\":\"https:\/\/www.daisho.be\/de\/produit\/zebra-performance-mma-sparring-handschuhe\/#primaryimage\"},\"thumbnailUrl\":\"https:\/\/www.daisho.be\/wp-content\/uploads\/2023\/05\/image.jpg\",\"datePublished\":\"2022-07-22T10:38:45+00:00\",\"dateModified\":\"2026-01-03T11:40:47+00:00\",\"breadcrumb\":{\"@id\":\"https:\/\/www.daisho.be\/de\/produit\/zebra-performance-mma-sparring-handschuhe\/#breadcrumb\"},\"inLanguage\":\"de\",\"potentialAction\":[{\"@type\":\"ReadAction\",\"target\":[\"https:\/\/www.daisho.be\/de\/produit\/zebra-performance-mma-sparring-handschuhe\/\"]}]},{\"@type\":\"ImageObject\",\"inLanguage\":\"de\",\"@id\":\"https:\/\/www.daisho.be\/de\/produit\/zebra-performance-mma-sparring-handschuhe\/#primaryimage\",\"url\":\"https:\/\/www.daisho.be\/wp-content\/uploads\/2023\/05\/image.jpg\",\"contentUrl\":\"https:\/\/www.daisho.be\/wp-content\/uploads\/2023\/05\/image.jpg\",\"width\":510,\"height\":720,\"caption\":\"Sparring-Handschuhe ZEBRA PERFORMANCE MMA-1\"},{\"@type\":\"BreadcrumbList\",\"@id\":\"https:\/\/www.daisho.be\/de\/produit\/zebra-performance-mma-sparring-handschuhe\/#breadcrumb\",\"itemListElement\":[{\"@type\":\"ListItem\",\"position\":1,\"name\":\"Accueil\",\"item\":\"https:\/\/www.daisho.be\/de\/\"},{\"@type\":\"ListItem\",\"position\":2,\"name\":\"Produkte\",\"item\":\"https:\/\/www.daisho.be\/de\/produkte\/\"},{\"@type\":\"ListItem\",\"position\":3,\"name\":\"Ausr\u00fcstung und Kleidung f\u00fcr Kampfkunst und Kampfsport\",\"item\":\"https:\/\/www.daisho.be\/de\/categorie-produit\/ausrustung-und-kleidung-fur-kampfkunst-und-kampfsport\/\"},{\"@type\":\"ListItem\",\"position\":4,\"name\":\"Krav Maga\",\"item\":\"https:\/\/www.daisho.be\/de\/categorie-produit\/ausrustung-und-kleidung-fur-kampfkunst-und-kampfsport\/krav-maga-de\/\"},{\"@type\":\"ListItem\",\"position\":5,\"name\":\"Krav Maga Handschuhe\",\"item\":\"https:\/\/www.daisho.be\/de\/categorie-produit\/ausrustung-und-kleidung-fur-kampfkunst-und-kampfsport\/krav-maga-de\/krav-maga-handschuhe\/\"},{\"@type\":\"ListItem\",\"position\":6,\"name\":\"ZEBRA PERFORMANCE MMA Sparring-Handschuhe\"}]},{\"@type\":\"WebSite\",\"@id\":\"https:\/\/www.daisho.be\/de\/#website\",\"url\":\"https:\/\/www.daisho.be\/de\/\",\"name\":\"Daisho\",\"description\":\"Sp&eacute;cialiste de l'&eacute;quipement sportif d'arts martiaux\",\"publisher\":{\"@id\":\"https:\/\/www.daisho.be\/de\/#organization\"},\"potentialAction\":[{\"@type\":\"SearchAction\",\"target\":{\"@type\":\"EntryPoint\",\"urlTemplate\":\"https:\/\/www.daisho.be\/de\/?s={search_term_string}\"},\"query-input\":{\"@type\":\"PropertyValueSpecification\",\"valueRequired\":true,\"valueName\":\"search_term_string\"}}],\"inLanguage\":\"de\"},{\"@type\":\"Organization\",\"@id\":\"https:\/\/www.daisho.be\/de\/#organization\",\"name\":\"Daisho\",\"url\":\"https:\/\/www.daisho.be\/de\/\",\"logo\":{\"@type\":\"ImageObject\",\"inLanguage\":\"de\",\"@id\":\"https:\/\/www.daisho.be\/de\/#\/schema\/logo\/image\/\",\"url\":\"https:\/\/www.daisho.be\/wp-content\/uploads\/2019\/07\/color-nothing-horizontale4x-e1564486100247.png\",\"contentUrl\":\"https:\/\/www.daisho.be\/wp-content\/uploads\/2019\/07\/color-nothing-horizontale4x-e1564486100247.png\",\"width\":1547,\"height\":385,\"caption\":\"Daisho\"},\"image\":{\"@id\":\"https:\/\/www.daisho.be\/de\/#\/schema\/logo\/image\/\"}}]}<\/script>\n<!-- \/ Yoast SEO plugin. -->","yoast_head_json":{"title":"ZEBRA PERFORMANCE MMA Sparring-Handschuhe &#8211; Daisho","robots":{"index":"index","follow":"follow","max-snippet":"max-snippet:-1","max-image-preview":"max-image-preview:large","max-video-preview":"max-video-preview:-1"},"canonical":"https:\/\/www.daisho.be\/de\/produit\/zebra-performance-mma-sparring-handschuhe\/","og_locale":"de_DE","og_type":"article","og_title":"ZEBRA PERFORMANCE MMA Sparring-Handschuhe &#8211; Daisho","og_description":"MMA Sparringhandschuhe aus mattem &#8222;FLX PU&#8220;. Der extra dicke EVA-Schaumstoff bietet einen sehr guten Schutz bei realistischen Sparrings. Die offenen Finger und Daumen erlauben alle Arten von Griffen. Die zus\u00e4tzliche Polsterung hinter den Kn\u00f6cheln und die Fingerpolsterung sch\u00fctzen beim Blockieren von Tritten und Schl\u00e4gen. Der extra lange Klettverschlussriemen bietet zus\u00e4tzliche Stabilit\u00e4t bei zwei Umdrehungen um [&hellip;]","og_url":"https:\/\/www.daisho.be\/de\/produit\/zebra-performance-mma-sparring-handschuhe\/","og_site_name":"Daisho","article_modified_time":"2026-01-03T11:40:47+00:00","og_image":[{"width":510,"height":720,"url":"https:\/\/www.daisho.be\/wp-content\/uploads\/2023\/05\/image.jpg","type":"image\/jpeg"}],"twitter_card":"summary_large_image","schema":{"@context":"https:\/\/schema.org","@graph":[{"@type":"WebPage","@id":"https:\/\/www.daisho.be\/de\/produit\/zebra-performance-mma-sparring-handschuhe\/","url":"https:\/\/www.daisho.be\/de\/produit\/zebra-performance-mma-sparring-handschuhe\/","name":"ZEBRA PERFORMANCE MMA Sparring-Handschuhe &#8211; Daisho","isPartOf":{"@id":"https:\/\/www.daisho.be\/de\/#website"},"primaryImageOfPage":{"@id":"https:\/\/www.daisho.be\/de\/produit\/zebra-performance-mma-sparring-handschuhe\/#primaryimage"},"image":{"@id":"https:\/\/www.daisho.be\/de\/produit\/zebra-performance-mma-sparring-handschuhe\/#primaryimage"},"thumbnailUrl":"https:\/\/www.daisho.be\/wp-content\/uploads\/2023\/05\/image.jpg","datePublished":"2022-07-22T10:38:45+00:00","dateModified":"2026-01-03T11:40:47+00:00","breadcrumb":{"@id":"https:\/\/www.daisho.be\/de\/produit\/zebra-performance-mma-sparring-handschuhe\/#breadcrumb"},"inLanguage":"de","potentialAction":[{"@type":"ReadAction","target":["https:\/\/www.daisho.be\/de\/produit\/zebra-performance-mma-sparring-handschuhe\/"]}]},{"@type":"ImageObject","inLanguage":"de","@id":"https:\/\/www.daisho.be\/de\/produit\/zebra-performance-mma-sparring-handschuhe\/#primaryimage","url":"https:\/\/www.daisho.be\/wp-content\/uploads\/2023\/05\/image.jpg","contentUrl":"https:\/\/www.daisho.be\/wp-content\/uploads\/2023\/05\/image.jpg","width":510,"height":720,"caption":"Sparring-Handschuhe ZEBRA PERFORMANCE MMA-1"},{"@type":"BreadcrumbList","@id":"https:\/\/www.daisho.be\/de\/produit\/zebra-performance-mma-sparring-handschuhe\/#breadcrumb","itemListElement":[{"@type":"ListItem","position":1,"name":"Accueil","item":"https:\/\/www.daisho.be\/de\/"},{"@type":"ListItem","position":2,"name":"Produkte","item":"https:\/\/www.daisho.be\/de\/produkte\/"},{"@type":"ListItem","position":3,"name":"Ausr\u00fcstung und Kleidung f\u00fcr Kampfkunst und Kampfsport","item":"https:\/\/www.daisho.be\/de\/categorie-produit\/ausrustung-und-kleidung-fur-kampfkunst-und-kampfsport\/"},{"@type":"ListItem","position":4,"name":"Krav Maga","item":"https:\/\/www.daisho.be\/de\/categorie-produit\/ausrustung-und-kleidung-fur-kampfkunst-und-kampfsport\/krav-maga-de\/"},{"@type":"ListItem","position":5,"name":"Krav Maga Handschuhe","item":"https:\/\/www.daisho.be\/de\/categorie-produit\/ausrustung-und-kleidung-fur-kampfkunst-und-kampfsport\/krav-maga-de\/krav-maga-handschuhe\/"},{"@type":"ListItem","position":6,"name":"ZEBRA PERFORMANCE MMA Sparring-Handschuhe"}]},{"@type":"WebSite","@id":"https:\/\/www.daisho.be\/de\/#website","url":"https:\/\/www.daisho.be\/de\/","name":"Daisho","description":"Sp&eacute;cialiste de l'&eacute;quipement sportif d'arts martiaux","publisher":{"@id":"https:\/\/www.daisho.be\/de\/#organization"},"potentialAction":[{"@type":"SearchAction","target":{"@type":"EntryPoint","urlTemplate":"https:\/\/www.daisho.be\/de\/?s={search_term_string}"},"query-input":{"@type":"PropertyValueSpecification","valueRequired":true,"valueName":"search_term_string"}}],"inLanguage":"de"},{"@type":"Organization","@id":"https:\/\/www.daisho.be\/de\/#organization","name":"Daisho","url":"https:\/\/www.daisho.be\/de\/","logo":{"@type":"ImageObject","inLanguage":"de","@id":"https:\/\/www.daisho.be\/de\/#\/schema\/logo\/image\/","url":"https:\/\/www.daisho.be\/wp-content\/uploads\/2019\/07\/color-nothing-horizontale4x-e1564486100247.png","contentUrl":"https:\/\/www.daisho.be\/wp-content\/uploads\/2019\/07\/color-nothing-horizontale4x-e1564486100247.png","width":1547,"height":385,"caption":"Daisho"},"image":{"@id":"https:\/\/www.daisho.be\/de\/#\/schema\/logo\/image\/"}}]}},"_links":{"self":[{"href":"https:\/\/www.daisho.be\/de\/wp-json\/wp\/v2\/product\/458237","targetHints":{"allow":["GET"]}}],"collection":[{"href":"https:\/\/www.daisho.be\/de\/wp-json\/wp\/v2\/product"}],"about":[{"href":"https:\/\/www.daisho.be\/de\/wp-json\/wp\/v2\/types\/product"}],"replies":[{"embeddable":true,"href":"https:\/\/www.daisho.be\/de\/wp-json\/wp\/v2\/comments?post=458237"}],"wp:featuredmedia":[{"embeddable":true,"href":"https:\/\/www.daisho.be\/de\/wp-json\/wp\/v2\/media\/458245"}],"wp:attachment":[{"href":"https:\/\/www.daisho.be\/de\/wp-json\/wp\/v2\/media?parent=458237"}],"wp:term":[{"taxonomy":"product_brand","embeddable":true,"href":"https:\/\/www.daisho.be\/de\/wp-json\/wp\/v2\/product_brand?post=458237"},{"taxonomy":"product_cat","embeddable":true,"href":"https:\/\/www.daisho.be\/de\/wp-json\/wp\/v2\/product_cat?post=458237"},{"taxonomy":"product_tag","embeddable":true,"href":"https:\/\/www.daisho.be\/de\/wp-json\/wp\/v2\/product_tag?post=458237"},{"taxonomy":"sport","embeddable":true,"href":"https:\/\/www.daisho.be\/de\/wp-json\/wp\/v2\/sport?post=458237"}],"curies":[{"name":"wp","href":"https:\/\/api.w.org\/{rel}","templated":true}]}}