{"id":458227,"date":"2022-07-22T12:38:28","date_gmt":"2022-07-22T10:38:28","guid":{"rendered":"https:\/\/www.daisho.be\/produit\/boxhandschuhe-zebra-performance-schwarz\/"},"modified":"2022-07-22T12:38:28","modified_gmt":"2022-07-22T10:38:28","slug":"boxhandschuhe-zebra-performance-schwarz","status":"publish","type":"product","link":"https:\/\/www.daisho.be\/de\/produit\/boxhandschuhe-zebra-performance-schwarz\/","title":{"rendered":"Boxhandschuhe ZEBRA PERFORMANCE Schwarz"},"content":{"rendered":"<p>Box- und Kickboxhandschuhe mit Klettverschluss aus der besten Kombination von &#8222;Rindsleder&#8220; und &#8222;FLX PU&#8220;. Der breite &#8222;All Around&#8220; Klettverschluss bietet zus\u00e4tzliche Stabilit\u00e4t f\u00fcr das Handgelenk und macht den Handschuh ideal f\u00fcr das Training mit schweren S\u00e4cken. Eine zus\u00e4tzliche Schaumstoffschicht am Handgelenk bietet zus\u00e4tzlichen Schutz, wenn Sie Schl\u00e4ge oder Tritte abblocken. Der mehrschichtige, vorgekr\u00fcmmte Latexschaum des &#8222;Easy Fist System&#8220; erfordert einen minimalen Kraftaufwand f\u00fcr einen festen Punch. Der Griff auf der Handfl\u00e4che und der angen\u00e4hte Daumen bieten zus\u00e4tzlichen Komfort und Sicherheit. Ein idealer Handschuh f\u00fcr Boxen und Kickboxen, Sparring, schwere Taschen und Trainingshandschuhe. Echtes Leder au\u00dfen f\u00fcr lange Haltbarkeit<br \/>\nFLX PU Handgelenk und Klettverschluss innen<br \/>\nMehrschichtige Latexschaumkissen sch\u00fctzen die Kn\u00f6chel<br \/>\nEFS Easy Fist System&#8220; durch optimale Vorbiegung<br \/>\nDie angen\u00e4hten Daumen sch\u00fctzen Gegner vor Augenverletzungen<br \/>\nZus\u00e4tzliche Polsterung am Handgelenk sch\u00fctzt beim Blocken.     <\/p>\n","protected":false},"excerpt":{"rendered":"<p>Box- und Kickboxhandschuhe mit Klettverschluss aus der besten Kombination von &#8222;Rindsleder&#8220; und &#8222;FLX PU&#8220;. Der breite &#8222;All Around&#8220; Klettverschluss bietet zus\u00e4tzliche Stabilit\u00e4t f\u00fcr das Handgelenk und macht den Handschuh ideal f\u00fcr das Training mit schweren S\u00e4cken. Eine zus\u00e4tzliche Schaumstoffschicht am Handgelenk bietet zus\u00e4tzlichen Schutz, wenn Sie Schl\u00e4ge oder Tritte abblocken. Der mehrschichtige, vorgekr\u00fcmmte Latexschaum des [&hellip;]<\/p>\n","protected":false},"featured_media":458231,"comment_status":"open","ping_status":"closed","template":"","meta":{"inline_featured_image":false},"product_brand":[],"product_cat":[2072],"product_tag":[2319],"sport":[],"class_list":{"0":"post-458227","1":"product","2":"type-product","3":"status-publish","4":"has-post-thumbnail","6":"product_cat-boxhandschuhe","7":"product_tag-zebra-de","8":"pa_size-08-12oz","10":"first","11":"instock","12":"taxable","13":"shipping-taxable","14":"purchasable","15":"product-type-variable"},"yoast_head":"<!-- This site is optimized with the Yoast SEO plugin v27.2 - https:\/\/yoast.com\/product\/yoast-seo-wordpress\/ -->\n<title>Boxhandschuhe ZEBRA PERFORMANCE Schwarz &#8211; Daisho<\/title>\n<meta name=\"robots\" content=\"index, follow, max-snippet:-1, max-image-preview:large, max-video-preview:-1\" \/>\n<link rel=\"canonical\" href=\"https:\/\/www.daisho.be\/de\/produit\/boxhandschuhe-zebra-performance-schwarz\/\" \/>\n<meta property=\"og:locale\" content=\"de_DE\" \/>\n<meta property=\"og:type\" content=\"article\" \/>\n<meta property=\"og:title\" content=\"Boxhandschuhe ZEBRA PERFORMANCE Schwarz &#8211; Daisho\" \/>\n<meta property=\"og:description\" content=\"Box- und Kickboxhandschuhe mit Klettverschluss aus der besten Kombination von &#8222;Rindsleder&#8220; und &#8222;FLX PU&#8220;. Der breite &#8222;All Around&#8220; Klettverschluss bietet zus\u00e4tzliche Stabilit\u00e4t f\u00fcr das Handgelenk und macht den Handschuh ideal f\u00fcr das Training mit schweren S\u00e4cken. Eine zus\u00e4tzliche Schaumstoffschicht am Handgelenk bietet zus\u00e4tzlichen Schutz, wenn Sie Schl\u00e4ge oder Tritte abblocken. Der mehrschichtige, vorgekr\u00fcmmte Latexschaum des [&hellip;]\" \/>\n<meta property=\"og:url\" content=\"https:\/\/www.daisho.be\/de\/produit\/boxhandschuhe-zebra-performance-schwarz\/\" \/>\n<meta property=\"og:site_name\" content=\"Daisho\" \/>\n<meta property=\"og:image\" content=\"https:\/\/www.daisho.be\/wp-content\/uploads\/2022\/07\/image-80.jpg\" \/>\n\t<meta property=\"og:image:width\" content=\"510\" \/>\n\t<meta property=\"og:image:height\" content=\"720\" \/>\n\t<meta property=\"og:image:type\" content=\"image\/jpeg\" \/>\n<meta name=\"twitter:card\" content=\"summary_large_image\" \/>\n<meta name=\"twitter:label1\" content=\"Gesch\u00e4tzte Lesezeit\" \/>\n\t<meta name=\"twitter:data1\" content=\"1\u00a0Minute\" \/>\n<script type=\"application\/ld+json\" class=\"yoast-schema-graph\">{\"@context\":\"https:\/\/schema.org\",\"@graph\":[{\"@type\":\"WebPage\",\"@id\":\"https:\/\/www.daisho.be\/de\/produit\/boxhandschuhe-zebra-performance-schwarz\/\",\"url\":\"https:\/\/www.daisho.be\/de\/produit\/boxhandschuhe-zebra-performance-schwarz\/\",\"name\":\"Boxhandschuhe ZEBRA PERFORMANCE Schwarz &#8211; Daisho\",\"isPartOf\":{\"@id\":\"https:\/\/www.daisho.be\/de\/#website\"},\"primaryImageOfPage\":{\"@id\":\"https:\/\/www.daisho.be\/de\/produit\/boxhandschuhe-zebra-performance-schwarz\/#primaryimage\"},\"image\":{\"@id\":\"https:\/\/www.daisho.be\/de\/produit\/boxhandschuhe-zebra-performance-schwarz\/#primaryimage\"},\"thumbnailUrl\":\"https:\/\/www.daisho.be\/wp-content\/uploads\/2022\/07\/image-80.jpg\",\"datePublished\":\"2022-07-22T10:38:28+00:00\",\"breadcrumb\":{\"@id\":\"https:\/\/www.daisho.be\/de\/produit\/boxhandschuhe-zebra-performance-schwarz\/#breadcrumb\"},\"inLanguage\":\"de\",\"potentialAction\":[{\"@type\":\"ReadAction\",\"target\":[\"https:\/\/www.daisho.be\/de\/produit\/boxhandschuhe-zebra-performance-schwarz\/\"]}]},{\"@type\":\"ImageObject\",\"inLanguage\":\"de\",\"@id\":\"https:\/\/www.daisho.be\/de\/produit\/boxhandschuhe-zebra-performance-schwarz\/#primaryimage\",\"url\":\"https:\/\/www.daisho.be\/wp-content\/uploads\/2022\/07\/image-80.jpg\",\"contentUrl\":\"https:\/\/www.daisho.be\/wp-content\/uploads\/2022\/07\/image-80.jpg\",\"width\":510,\"height\":720},{\"@type\":\"BreadcrumbList\",\"@id\":\"https:\/\/www.daisho.be\/de\/produit\/boxhandschuhe-zebra-performance-schwarz\/#breadcrumb\",\"itemListElement\":[{\"@type\":\"ListItem\",\"position\":1,\"name\":\"Accueil\",\"item\":\"https:\/\/www.daisho.be\/de\/\"},{\"@type\":\"ListItem\",\"position\":2,\"name\":\"Produkte\",\"item\":\"https:\/\/www.daisho.be\/de\/produkte\/\"},{\"@type\":\"ListItem\",\"position\":3,\"name\":\"Ausr\u00fcstung und Kleidung f\u00fcr Kampfkunst und Kampfsport\",\"item\":\"https:\/\/www.daisho.be\/de\/categorie-produit\/ausrustung-und-kleidung-fur-kampfkunst-und-kampfsport\/\"},{\"@type\":\"ListItem\",\"position\":4,\"name\":\"Boxen\",\"item\":\"https:\/\/www.daisho.be\/de\/categorie-produit\/ausrustung-und-kleidung-fur-kampfkunst-und-kampfsport\/boxen-de\/\"},{\"@type\":\"ListItem\",\"position\":5,\"name\":\"Boxhandschuhe\",\"item\":\"https:\/\/www.daisho.be\/de\/categorie-produit\/ausrustung-und-kleidung-fur-kampfkunst-und-kampfsport\/boxen-de\/boxhandschuhe\/\"},{\"@type\":\"ListItem\",\"position\":6,\"name\":\"Boxhandschuhe ZEBRA PERFORMANCE Schwarz\"}]},{\"@type\":\"WebSite\",\"@id\":\"https:\/\/www.daisho.be\/de\/#website\",\"url\":\"https:\/\/www.daisho.be\/de\/\",\"name\":\"Daisho\",\"description\":\"Sp&eacute;cialiste de l'&eacute;quipement sportif d'arts martiaux\",\"publisher\":{\"@id\":\"https:\/\/www.daisho.be\/de\/#organization\"},\"potentialAction\":[{\"@type\":\"SearchAction\",\"target\":{\"@type\":\"EntryPoint\",\"urlTemplate\":\"https:\/\/www.daisho.be\/de\/?s={search_term_string}\"},\"query-input\":{\"@type\":\"PropertyValueSpecification\",\"valueRequired\":true,\"valueName\":\"search_term_string\"}}],\"inLanguage\":\"de\"},{\"@type\":\"Organization\",\"@id\":\"https:\/\/www.daisho.be\/de\/#organization\",\"name\":\"Daisho\",\"url\":\"https:\/\/www.daisho.be\/de\/\",\"logo\":{\"@type\":\"ImageObject\",\"inLanguage\":\"de\",\"@id\":\"https:\/\/www.daisho.be\/de\/#\/schema\/logo\/image\/\",\"url\":\"https:\/\/www.daisho.be\/wp-content\/uploads\/2019\/07\/color-nothing-horizontale4x-e1564486100247.png\",\"contentUrl\":\"https:\/\/www.daisho.be\/wp-content\/uploads\/2019\/07\/color-nothing-horizontale4x-e1564486100247.png\",\"width\":1547,\"height\":385,\"caption\":\"Daisho\"},\"image\":{\"@id\":\"https:\/\/www.daisho.be\/de\/#\/schema\/logo\/image\/\"}}]}<\/script>\n<!-- \/ Yoast SEO plugin. -->","yoast_head_json":{"title":"Boxhandschuhe ZEBRA PERFORMANCE Schwarz &#8211; Daisho","robots":{"index":"index","follow":"follow","max-snippet":"max-snippet:-1","max-image-preview":"max-image-preview:large","max-video-preview":"max-video-preview:-1"},"canonical":"https:\/\/www.daisho.be\/de\/produit\/boxhandschuhe-zebra-performance-schwarz\/","og_locale":"de_DE","og_type":"article","og_title":"Boxhandschuhe ZEBRA PERFORMANCE Schwarz &#8211; Daisho","og_description":"Box- und Kickboxhandschuhe mit Klettverschluss aus der besten Kombination von &#8222;Rindsleder&#8220; und &#8222;FLX PU&#8220;. Der breite &#8222;All Around&#8220; Klettverschluss bietet zus\u00e4tzliche Stabilit\u00e4t f\u00fcr das Handgelenk und macht den Handschuh ideal f\u00fcr das Training mit schweren S\u00e4cken. Eine zus\u00e4tzliche Schaumstoffschicht am Handgelenk bietet zus\u00e4tzlichen Schutz, wenn Sie Schl\u00e4ge oder Tritte abblocken. Der mehrschichtige, vorgekr\u00fcmmte Latexschaum des [&hellip;]","og_url":"https:\/\/www.daisho.be\/de\/produit\/boxhandschuhe-zebra-performance-schwarz\/","og_site_name":"Daisho","og_image":[{"width":510,"height":720,"url":"https:\/\/www.daisho.be\/wp-content\/uploads\/2022\/07\/image-80.jpg","type":"image\/jpeg"}],"twitter_card":"summary_large_image","twitter_misc":{"Gesch\u00e4tzte Lesezeit":"1\u00a0Minute"},"schema":{"@context":"https:\/\/schema.org","@graph":[{"@type":"WebPage","@id":"https:\/\/www.daisho.be\/de\/produit\/boxhandschuhe-zebra-performance-schwarz\/","url":"https:\/\/www.daisho.be\/de\/produit\/boxhandschuhe-zebra-performance-schwarz\/","name":"Boxhandschuhe ZEBRA PERFORMANCE Schwarz &#8211; Daisho","isPartOf":{"@id":"https:\/\/www.daisho.be\/de\/#website"},"primaryImageOfPage":{"@id":"https:\/\/www.daisho.be\/de\/produit\/boxhandschuhe-zebra-performance-schwarz\/#primaryimage"},"image":{"@id":"https:\/\/www.daisho.be\/de\/produit\/boxhandschuhe-zebra-performance-schwarz\/#primaryimage"},"thumbnailUrl":"https:\/\/www.daisho.be\/wp-content\/uploads\/2022\/07\/image-80.jpg","datePublished":"2022-07-22T10:38:28+00:00","breadcrumb":{"@id":"https:\/\/www.daisho.be\/de\/produit\/boxhandschuhe-zebra-performance-schwarz\/#breadcrumb"},"inLanguage":"de","potentialAction":[{"@type":"ReadAction","target":["https:\/\/www.daisho.be\/de\/produit\/boxhandschuhe-zebra-performance-schwarz\/"]}]},{"@type":"ImageObject","inLanguage":"de","@id":"https:\/\/www.daisho.be\/de\/produit\/boxhandschuhe-zebra-performance-schwarz\/#primaryimage","url":"https:\/\/www.daisho.be\/wp-content\/uploads\/2022\/07\/image-80.jpg","contentUrl":"https:\/\/www.daisho.be\/wp-content\/uploads\/2022\/07\/image-80.jpg","width":510,"height":720},{"@type":"BreadcrumbList","@id":"https:\/\/www.daisho.be\/de\/produit\/boxhandschuhe-zebra-performance-schwarz\/#breadcrumb","itemListElement":[{"@type":"ListItem","position":1,"name":"Accueil","item":"https:\/\/www.daisho.be\/de\/"},{"@type":"ListItem","position":2,"name":"Produkte","item":"https:\/\/www.daisho.be\/de\/produkte\/"},{"@type":"ListItem","position":3,"name":"Ausr\u00fcstung und Kleidung f\u00fcr Kampfkunst und Kampfsport","item":"https:\/\/www.daisho.be\/de\/categorie-produit\/ausrustung-und-kleidung-fur-kampfkunst-und-kampfsport\/"},{"@type":"ListItem","position":4,"name":"Boxen","item":"https:\/\/www.daisho.be\/de\/categorie-produit\/ausrustung-und-kleidung-fur-kampfkunst-und-kampfsport\/boxen-de\/"},{"@type":"ListItem","position":5,"name":"Boxhandschuhe","item":"https:\/\/www.daisho.be\/de\/categorie-produit\/ausrustung-und-kleidung-fur-kampfkunst-und-kampfsport\/boxen-de\/boxhandschuhe\/"},{"@type":"ListItem","position":6,"name":"Boxhandschuhe ZEBRA PERFORMANCE Schwarz"}]},{"@type":"WebSite","@id":"https:\/\/www.daisho.be\/de\/#website","url":"https:\/\/www.daisho.be\/de\/","name":"Daisho","description":"Sp&eacute;cialiste de l'&eacute;quipement sportif d'arts martiaux","publisher":{"@id":"https:\/\/www.daisho.be\/de\/#organization"},"potentialAction":[{"@type":"SearchAction","target":{"@type":"EntryPoint","urlTemplate":"https:\/\/www.daisho.be\/de\/?s={search_term_string}"},"query-input":{"@type":"PropertyValueSpecification","valueRequired":true,"valueName":"search_term_string"}}],"inLanguage":"de"},{"@type":"Organization","@id":"https:\/\/www.daisho.be\/de\/#organization","name":"Daisho","url":"https:\/\/www.daisho.be\/de\/","logo":{"@type":"ImageObject","inLanguage":"de","@id":"https:\/\/www.daisho.be\/de\/#\/schema\/logo\/image\/","url":"https:\/\/www.daisho.be\/wp-content\/uploads\/2019\/07\/color-nothing-horizontale4x-e1564486100247.png","contentUrl":"https:\/\/www.daisho.be\/wp-content\/uploads\/2019\/07\/color-nothing-horizontale4x-e1564486100247.png","width":1547,"height":385,"caption":"Daisho"},"image":{"@id":"https:\/\/www.daisho.be\/de\/#\/schema\/logo\/image\/"}}]}},"_links":{"self":[{"href":"https:\/\/www.daisho.be\/de\/wp-json\/wp\/v2\/product\/458227","targetHints":{"allow":["GET"]}}],"collection":[{"href":"https:\/\/www.daisho.be\/de\/wp-json\/wp\/v2\/product"}],"about":[{"href":"https:\/\/www.daisho.be\/de\/wp-json\/wp\/v2\/types\/product"}],"replies":[{"embeddable":true,"href":"https:\/\/www.daisho.be\/de\/wp-json\/wp\/v2\/comments?post=458227"}],"wp:featuredmedia":[{"embeddable":true,"href":"https:\/\/www.daisho.be\/de\/wp-json\/wp\/v2\/media\/458231"}],"wp:attachment":[{"href":"https:\/\/www.daisho.be\/de\/wp-json\/wp\/v2\/media?parent=458227"}],"wp:term":[{"taxonomy":"product_brand","embeddable":true,"href":"https:\/\/www.daisho.be\/de\/wp-json\/wp\/v2\/product_brand?post=458227"},{"taxonomy":"product_cat","embeddable":true,"href":"https:\/\/www.daisho.be\/de\/wp-json\/wp\/v2\/product_cat?post=458227"},{"taxonomy":"product_tag","embeddable":true,"href":"https:\/\/www.daisho.be\/de\/wp-json\/wp\/v2\/product_tag?post=458227"},{"taxonomy":"sport","embeddable":true,"href":"https:\/\/www.daisho.be\/de\/wp-json\/wp\/v2\/sport?post=458227"}],"curies":[{"name":"wp","href":"https:\/\/api.w.org\/{rel}","templated":true}]}}