{"id":458220,"date":"2022-07-22T12:38:54","date_gmt":"2022-07-22T10:38:54","guid":{"rendered":"https:\/\/www.daisho.be\/produit\/handschuhe-fight-zebra-pro-mma\/"},"modified":"2022-07-22T12:38:54","modified_gmt":"2022-07-22T10:38:54","slug":"handschuhe-fight-zebra-pro-mma","status":"publish","type":"product","link":"https:\/\/www.daisho.be\/de\/produit\/handschuhe-fight-zebra-pro-mma\/","title":{"rendered":"Handschuhe Fight ZEBRA PRO MMA"},"content":{"rendered":"<p>Professionelle MMA-Handschuhe aus Rindsleder. Der vorgeformte Schaumstoffteil des &#8222;Easy Fist System&#8220; erfordert minimalen Kraftaufwand f\u00fcr einen festen Schlag. Die offenen Finger und Daumen erm\u00f6glichen alle Arten von Griffen. Eine zus\u00e4tzliche Polsterung hinter den Kn\u00f6cheln und Ballen sch\u00fctzt beim Blockieren von Tritten und Schl\u00e4gen. Der extra lange Klettverschlussriemen wird durch zwei Umdrehungen um das Handgelenk stabilisiert. Echtes Leder au\u00dfen und innen f\u00fcr au\u00dfergew\u00f6hnliche Haltbarkeit<br \/>\nVorgekr\u00fcmmter, geformter Schaumstoff f\u00fcr einen leichten Faustschluss<br \/>\nExtra langer Klettverschluss f\u00fcr mehr Stabilit\u00e4t am Handgelenk    <\/p>\n","protected":false},"excerpt":{"rendered":"<p>Professionelle MMA-Handschuhe aus Rindsleder. Der vorgeformte Schaumstoffteil des &#8222;Easy Fist System&#8220; erfordert minimalen Kraftaufwand f\u00fcr einen festen Schlag. Die offenen Finger und Daumen erm\u00f6glichen alle Arten von Griffen. Eine zus\u00e4tzliche Polsterung hinter den Kn\u00f6cheln und Ballen sch\u00fctzt beim Blockieren von Tritten und Schl\u00e4gen. Der extra lange Klettverschlussriemen wird durch zwei Umdrehungen um das Handgelenk stabilisiert. [&hellip;]<\/p>\n","protected":false},"featured_media":458225,"comment_status":"open","ping_status":"closed","template":"","meta":{"inline_featured_image":false},"product_brand":[],"product_cat":[2075],"product_tag":[2319],"sport":[],"class_list":{"0":"post-458220","1":"product","2":"type-product","3":"status-publish","4":"has-post-thumbnail","6":"product_cat-mma-handschuhe","7":"product_tag-zebra-de","8":"pa_size-s-xl","10":"first","11":"instock","12":"sale","13":"taxable","14":"shipping-taxable","15":"purchasable","16":"product-type-variable"},"yoast_head":"<!-- This site is optimized with the Yoast SEO plugin v27.2 - https:\/\/yoast.com\/product\/yoast-seo-wordpress\/ -->\n<title>Handschuhe Fight ZEBRA PRO MMA &#8211; Daisho<\/title>\n<meta name=\"robots\" content=\"index, follow, max-snippet:-1, max-image-preview:large, max-video-preview:-1\" \/>\n<link rel=\"canonical\" href=\"https:\/\/www.daisho.be\/de\/produit\/handschuhe-fight-zebra-pro-mma\/\" \/>\n<meta property=\"og:locale\" content=\"de_DE\" \/>\n<meta property=\"og:type\" content=\"article\" \/>\n<meta property=\"og:title\" content=\"Handschuhe Fight ZEBRA PRO MMA &#8211; Daisho\" \/>\n<meta property=\"og:description\" content=\"Professionelle MMA-Handschuhe aus Rindsleder. Der vorgeformte Schaumstoffteil des &#8222;Easy Fist System&#8220; erfordert minimalen Kraftaufwand f\u00fcr einen festen Schlag. Die offenen Finger und Daumen erm\u00f6glichen alle Arten von Griffen. Eine zus\u00e4tzliche Polsterung hinter den Kn\u00f6cheln und Ballen sch\u00fctzt beim Blockieren von Tritten und Schl\u00e4gen. Der extra lange Klettverschlussriemen wird durch zwei Umdrehungen um das Handgelenk stabilisiert. [&hellip;]\" \/>\n<meta property=\"og:url\" content=\"https:\/\/www.daisho.be\/de\/produit\/handschuhe-fight-zebra-pro-mma\/\" \/>\n<meta property=\"og:site_name\" content=\"Daisho\" \/>\n<meta property=\"og:image\" content=\"https:\/\/www.daisho.be\/wp-content\/uploads\/2022\/07\/image-86.jpg\" \/>\n\t<meta property=\"og:image:width\" content=\"510\" \/>\n\t<meta property=\"og:image:height\" content=\"720\" \/>\n\t<meta property=\"og:image:type\" content=\"image\/jpeg\" \/>\n<meta name=\"twitter:card\" content=\"summary_large_image\" \/>\n<script type=\"application\/ld+json\" class=\"yoast-schema-graph\">{\"@context\":\"https:\/\/schema.org\",\"@graph\":[{\"@type\":\"WebPage\",\"@id\":\"https:\/\/www.daisho.be\/de\/produit\/handschuhe-fight-zebra-pro-mma\/\",\"url\":\"https:\/\/www.daisho.be\/de\/produit\/handschuhe-fight-zebra-pro-mma\/\",\"name\":\"Handschuhe Fight ZEBRA PRO MMA &#8211; Daisho\",\"isPartOf\":{\"@id\":\"https:\/\/www.daisho.be\/de\/#website\"},\"primaryImageOfPage\":{\"@id\":\"https:\/\/www.daisho.be\/de\/produit\/handschuhe-fight-zebra-pro-mma\/#primaryimage\"},\"image\":{\"@id\":\"https:\/\/www.daisho.be\/de\/produit\/handschuhe-fight-zebra-pro-mma\/#primaryimage\"},\"thumbnailUrl\":\"https:\/\/www.daisho.be\/wp-content\/uploads\/2022\/07\/image-86.jpg\",\"datePublished\":\"2022-07-22T10:38:54+00:00\",\"breadcrumb\":{\"@id\":\"https:\/\/www.daisho.be\/de\/produit\/handschuhe-fight-zebra-pro-mma\/#breadcrumb\"},\"inLanguage\":\"de\",\"potentialAction\":[{\"@type\":\"ReadAction\",\"target\":[\"https:\/\/www.daisho.be\/de\/produit\/handschuhe-fight-zebra-pro-mma\/\"]}]},{\"@type\":\"ImageObject\",\"inLanguage\":\"de\",\"@id\":\"https:\/\/www.daisho.be\/de\/produit\/handschuhe-fight-zebra-pro-mma\/#primaryimage\",\"url\":\"https:\/\/www.daisho.be\/wp-content\/uploads\/2022\/07\/image-86.jpg\",\"contentUrl\":\"https:\/\/www.daisho.be\/wp-content\/uploads\/2022\/07\/image-86.jpg\",\"width\":510,\"height\":720},{\"@type\":\"BreadcrumbList\",\"@id\":\"https:\/\/www.daisho.be\/de\/produit\/handschuhe-fight-zebra-pro-mma\/#breadcrumb\",\"itemListElement\":[{\"@type\":\"ListItem\",\"position\":1,\"name\":\"Accueil\",\"item\":\"https:\/\/www.daisho.be\/de\/\"},{\"@type\":\"ListItem\",\"position\":2,\"name\":\"Produkte\",\"item\":\"https:\/\/www.daisho.be\/de\/produkte\/\"},{\"@type\":\"ListItem\",\"position\":3,\"name\":\"Ausr\u00fcstung und Kleidung f\u00fcr Kampfkunst und Kampfsport\",\"item\":\"https:\/\/www.daisho.be\/de\/categorie-produit\/ausrustung-und-kleidung-fur-kampfkunst-und-kampfsport\/\"},{\"@type\":\"ListItem\",\"position\":4,\"name\":\"MMA\",\"item\":\"https:\/\/www.daisho.be\/de\/categorie-produit\/ausrustung-und-kleidung-fur-kampfkunst-und-kampfsport\/mma-de-2\/\"},{\"@type\":\"ListItem\",\"position\":5,\"name\":\"MMA-Handschuhe\",\"item\":\"https:\/\/www.daisho.be\/de\/categorie-produit\/ausrustung-und-kleidung-fur-kampfkunst-und-kampfsport\/mma-de-2\/mma-handschuhe\/\"},{\"@type\":\"ListItem\",\"position\":6,\"name\":\"Handschuhe Fight ZEBRA PRO MMA\"}]},{\"@type\":\"WebSite\",\"@id\":\"https:\/\/www.daisho.be\/de\/#website\",\"url\":\"https:\/\/www.daisho.be\/de\/\",\"name\":\"Daisho\",\"description\":\"Sp&eacute;cialiste de l'&eacute;quipement sportif d'arts martiaux\",\"publisher\":{\"@id\":\"https:\/\/www.daisho.be\/de\/#organization\"},\"potentialAction\":[{\"@type\":\"SearchAction\",\"target\":{\"@type\":\"EntryPoint\",\"urlTemplate\":\"https:\/\/www.daisho.be\/de\/?s={search_term_string}\"},\"query-input\":{\"@type\":\"PropertyValueSpecification\",\"valueRequired\":true,\"valueName\":\"search_term_string\"}}],\"inLanguage\":\"de\"},{\"@type\":\"Organization\",\"@id\":\"https:\/\/www.daisho.be\/de\/#organization\",\"name\":\"Daisho\",\"url\":\"https:\/\/www.daisho.be\/de\/\",\"logo\":{\"@type\":\"ImageObject\",\"inLanguage\":\"de\",\"@id\":\"https:\/\/www.daisho.be\/de\/#\/schema\/logo\/image\/\",\"url\":\"https:\/\/www.daisho.be\/wp-content\/uploads\/2019\/07\/color-nothing-horizontale4x-e1564486100247.png\",\"contentUrl\":\"https:\/\/www.daisho.be\/wp-content\/uploads\/2019\/07\/color-nothing-horizontale4x-e1564486100247.png\",\"width\":1547,\"height\":385,\"caption\":\"Daisho\"},\"image\":{\"@id\":\"https:\/\/www.daisho.be\/de\/#\/schema\/logo\/image\/\"}}]}<\/script>\n<!-- \/ Yoast SEO plugin. -->","yoast_head_json":{"title":"Handschuhe Fight ZEBRA PRO MMA &#8211; Daisho","robots":{"index":"index","follow":"follow","max-snippet":"max-snippet:-1","max-image-preview":"max-image-preview:large","max-video-preview":"max-video-preview:-1"},"canonical":"https:\/\/www.daisho.be\/de\/produit\/handschuhe-fight-zebra-pro-mma\/","og_locale":"de_DE","og_type":"article","og_title":"Handschuhe Fight ZEBRA PRO MMA &#8211; Daisho","og_description":"Professionelle MMA-Handschuhe aus Rindsleder. Der vorgeformte Schaumstoffteil des &#8222;Easy Fist System&#8220; erfordert minimalen Kraftaufwand f\u00fcr einen festen Schlag. Die offenen Finger und Daumen erm\u00f6glichen alle Arten von Griffen. Eine zus\u00e4tzliche Polsterung hinter den Kn\u00f6cheln und Ballen sch\u00fctzt beim Blockieren von Tritten und Schl\u00e4gen. Der extra lange Klettverschlussriemen wird durch zwei Umdrehungen um das Handgelenk stabilisiert. [&hellip;]","og_url":"https:\/\/www.daisho.be\/de\/produit\/handschuhe-fight-zebra-pro-mma\/","og_site_name":"Daisho","og_image":[{"width":510,"height":720,"url":"https:\/\/www.daisho.be\/wp-content\/uploads\/2022\/07\/image-86.jpg","type":"image\/jpeg"}],"twitter_card":"summary_large_image","schema":{"@context":"https:\/\/schema.org","@graph":[{"@type":"WebPage","@id":"https:\/\/www.daisho.be\/de\/produit\/handschuhe-fight-zebra-pro-mma\/","url":"https:\/\/www.daisho.be\/de\/produit\/handschuhe-fight-zebra-pro-mma\/","name":"Handschuhe Fight ZEBRA PRO MMA &#8211; Daisho","isPartOf":{"@id":"https:\/\/www.daisho.be\/de\/#website"},"primaryImageOfPage":{"@id":"https:\/\/www.daisho.be\/de\/produit\/handschuhe-fight-zebra-pro-mma\/#primaryimage"},"image":{"@id":"https:\/\/www.daisho.be\/de\/produit\/handschuhe-fight-zebra-pro-mma\/#primaryimage"},"thumbnailUrl":"https:\/\/www.daisho.be\/wp-content\/uploads\/2022\/07\/image-86.jpg","datePublished":"2022-07-22T10:38:54+00:00","breadcrumb":{"@id":"https:\/\/www.daisho.be\/de\/produit\/handschuhe-fight-zebra-pro-mma\/#breadcrumb"},"inLanguage":"de","potentialAction":[{"@type":"ReadAction","target":["https:\/\/www.daisho.be\/de\/produit\/handschuhe-fight-zebra-pro-mma\/"]}]},{"@type":"ImageObject","inLanguage":"de","@id":"https:\/\/www.daisho.be\/de\/produit\/handschuhe-fight-zebra-pro-mma\/#primaryimage","url":"https:\/\/www.daisho.be\/wp-content\/uploads\/2022\/07\/image-86.jpg","contentUrl":"https:\/\/www.daisho.be\/wp-content\/uploads\/2022\/07\/image-86.jpg","width":510,"height":720},{"@type":"BreadcrumbList","@id":"https:\/\/www.daisho.be\/de\/produit\/handschuhe-fight-zebra-pro-mma\/#breadcrumb","itemListElement":[{"@type":"ListItem","position":1,"name":"Accueil","item":"https:\/\/www.daisho.be\/de\/"},{"@type":"ListItem","position":2,"name":"Produkte","item":"https:\/\/www.daisho.be\/de\/produkte\/"},{"@type":"ListItem","position":3,"name":"Ausr\u00fcstung und Kleidung f\u00fcr Kampfkunst und Kampfsport","item":"https:\/\/www.daisho.be\/de\/categorie-produit\/ausrustung-und-kleidung-fur-kampfkunst-und-kampfsport\/"},{"@type":"ListItem","position":4,"name":"MMA","item":"https:\/\/www.daisho.be\/de\/categorie-produit\/ausrustung-und-kleidung-fur-kampfkunst-und-kampfsport\/mma-de-2\/"},{"@type":"ListItem","position":5,"name":"MMA-Handschuhe","item":"https:\/\/www.daisho.be\/de\/categorie-produit\/ausrustung-und-kleidung-fur-kampfkunst-und-kampfsport\/mma-de-2\/mma-handschuhe\/"},{"@type":"ListItem","position":6,"name":"Handschuhe Fight ZEBRA PRO MMA"}]},{"@type":"WebSite","@id":"https:\/\/www.daisho.be\/de\/#website","url":"https:\/\/www.daisho.be\/de\/","name":"Daisho","description":"Sp&eacute;cialiste de l'&eacute;quipement sportif d'arts martiaux","publisher":{"@id":"https:\/\/www.daisho.be\/de\/#organization"},"potentialAction":[{"@type":"SearchAction","target":{"@type":"EntryPoint","urlTemplate":"https:\/\/www.daisho.be\/de\/?s={search_term_string}"},"query-input":{"@type":"PropertyValueSpecification","valueRequired":true,"valueName":"search_term_string"}}],"inLanguage":"de"},{"@type":"Organization","@id":"https:\/\/www.daisho.be\/de\/#organization","name":"Daisho","url":"https:\/\/www.daisho.be\/de\/","logo":{"@type":"ImageObject","inLanguage":"de","@id":"https:\/\/www.daisho.be\/de\/#\/schema\/logo\/image\/","url":"https:\/\/www.daisho.be\/wp-content\/uploads\/2019\/07\/color-nothing-horizontale4x-e1564486100247.png","contentUrl":"https:\/\/www.daisho.be\/wp-content\/uploads\/2019\/07\/color-nothing-horizontale4x-e1564486100247.png","width":1547,"height":385,"caption":"Daisho"},"image":{"@id":"https:\/\/www.daisho.be\/de\/#\/schema\/logo\/image\/"}}]}},"_links":{"self":[{"href":"https:\/\/www.daisho.be\/de\/wp-json\/wp\/v2\/product\/458220","targetHints":{"allow":["GET"]}}],"collection":[{"href":"https:\/\/www.daisho.be\/de\/wp-json\/wp\/v2\/product"}],"about":[{"href":"https:\/\/www.daisho.be\/de\/wp-json\/wp\/v2\/types\/product"}],"replies":[{"embeddable":true,"href":"https:\/\/www.daisho.be\/de\/wp-json\/wp\/v2\/comments?post=458220"}],"wp:featuredmedia":[{"embeddable":true,"href":"https:\/\/www.daisho.be\/de\/wp-json\/wp\/v2\/media\/458225"}],"wp:attachment":[{"href":"https:\/\/www.daisho.be\/de\/wp-json\/wp\/v2\/media?parent=458220"}],"wp:term":[{"taxonomy":"product_brand","embeddable":true,"href":"https:\/\/www.daisho.be\/de\/wp-json\/wp\/v2\/product_brand?post=458220"},{"taxonomy":"product_cat","embeddable":true,"href":"https:\/\/www.daisho.be\/de\/wp-json\/wp\/v2\/product_cat?post=458220"},{"taxonomy":"product_tag","embeddable":true,"href":"https:\/\/www.daisho.be\/de\/wp-json\/wp\/v2\/product_tag?post=458220"},{"taxonomy":"sport","embeddable":true,"href":"https:\/\/www.daisho.be\/de\/wp-json\/wp\/v2\/sport?post=458220"}],"curies":[{"name":"wp","href":"https:\/\/api.w.org\/{rel}","templated":true}]}}