{"id":458098,"date":"2021-09-14T09:01:12","date_gmt":"2021-09-14T07:01:12","guid":{"rendered":"https:\/\/www.daisho.be\/produit\/boxsack-adidas-pro-safety-de-luxe-150h-durchmesser-35cm\/"},"modified":"2025-11-18T15:00:51","modified_gmt":"2025-11-18T14:00:51","slug":"boxsack-adidas-pro-safety-de-luxe-150h-durchmesser-35cm","status":"publish","type":"product","link":"https:\/\/www.daisho.be\/de\/produit\/boxsack-adidas-pro-safety-de-luxe-150h-durchmesser-35cm\/","title":{"rendered":"Boxsack adidas Pro Safety de Luxe 150H Durchmesser 35cm"},"content":{"rendered":"<p>Der adidas Pro Safety de Luxe Boxsack ist ein Boxsack in Lederoptik, der sehr robust und langlebig ist.<br \/>\nDieser Boxsack zeichnet sich durch seine F\u00fcllung aus. Er besteht aus einer 10 cm dicken Schaumstoffschicht, die Ihre H\u00e4nde und F\u00fc\u00dfe sch\u00fctzt und Schl\u00e4ge und Tritte perfekt abf\u00e4ngt. Dies macht den Boxsack sehr sicher. Das Granulat im Mittelkern sorgt f\u00fcr das richtige Gewicht und die Balance des Boxsacks. Der Pro de Luxe ist ein dreifacher Boxsack. Der Innensack besteht aus PVC-beschichtetem gewebtem Stoff und der Au\u00dfensack besteht aus sehr dickem Kunstleder, das mit einer dicken Schicht PU-Polyurethan verst\u00e4rkt ist. Dies hat eine sehr dicke Wand geschaffen, weshalb der Boxsack immer sein glattes und elegantes Aussehen behalten wird. Die verst\u00e4rkten Gurte mit seitlichen Ringen f\u00fcr die Aufh\u00e4ngung haben eine Dicke von 4 Schichten. Alle N\u00e4hte des Boxsacks sind mehrfach vern\u00e4ht,<br \/>\nDie Pro Safety de Luxe Boxs\u00e4cke werden sogar mit einem Durchmesser von 35, 40 und 45 cm hergestellt.<br \/>\nVorteile:<br \/>\n&#8211; robust und langlebig<br \/>\n&#8211; f\u00fcr Profis und Amateure<br \/>\n&#8211; sehr gute Absorptionsf\u00e4higkeit<br \/>\n&#8211; Schaumstoffwand mit Granulatkern<br \/>\n&#8211; sicher f\u00fcr H\u00e4nde und F\u00fc\u00dfe<br \/>\n&#8211; authentisches Aussehen        <\/p>\n","protected":false},"excerpt":{"rendered":"<p>Der adidas Pro Safety de Luxe Boxsack ist ein Boxsack in Lederoptik, der sehr robust und langlebig ist. Dieser Boxsack zeichnet sich durch seine F\u00fcllung aus. Er besteht aus einer 10 cm dicken Schaumstoffschicht, die Ihre H\u00e4nde und F\u00fc\u00dfe sch\u00fctzt und Schl\u00e4ge und Tritte perfekt abf\u00e4ngt. Dies macht den Boxsack sehr sicher. Das Granulat im [&hellip;]<\/p>\n","protected":false},"featured_media":458102,"comment_status":"open","ping_status":"closed","template":"","meta":{"inline_featured_image":false},"product_brand":[],"product_cat":[2252,2278,2251,2256],"product_tag":[2178,2554],"sport":[],"class_list":{"0":"post-458098","1":"product","2":"type-product","3":"status-publish","4":"has-post-thumbnail","6":"product_cat-boxsacke-und-trainingszubehor","7":"product_cat-boxsacke-und-trainingszubehor-boxen","8":"product_cat-boxsacke-und-trainingszubehor-karate","9":"product_cat-taekwondo-boxsacke-und-trainingszubehor-von-adidas","10":"product_tag-adidas-de","11":"product_tag-kostenvoranschlag","12":"product_shipping_class-schwere-produkte","13":"pa_size-150-cm","15":"first","16":"instock","17":"taxable","18":"shipping-taxable","19":"purchasable","20":"product-type-variable"},"yoast_head":"<!-- This site is optimized with the Yoast SEO plugin v27.2 - https:\/\/yoast.com\/product\/yoast-seo-wordpress\/ -->\n<title>Boxsack adidas Pro Safety de Luxe 150H Durchmesser 35cm &#8211; Daisho<\/title>\n<meta name=\"description\" content=\"Entdecken Sie den Boxsack, mit dem Sie Ihre Leistung steigern k\u00f6nnen. Kaufen Sie ihn auf unserer Website www.daisho.be|Daisho.\" \/>\n<meta name=\"robots\" content=\"index, follow, max-snippet:-1, max-image-preview:large, max-video-preview:-1\" \/>\n<link rel=\"canonical\" href=\"https:\/\/www.daisho.be\/de\/produit\/boxsack-adidas-pro-safety-de-luxe-150h-durchmesser-35cm\/\" \/>\n<meta property=\"og:locale\" content=\"de_DE\" \/>\n<meta property=\"og:type\" content=\"article\" \/>\n<meta property=\"og:title\" content=\"Boxsack adidas Pro Safety de Luxe 150H Durchmesser 35cm &#8211; Daisho\" \/>\n<meta property=\"og:description\" content=\"Entdecken Sie den Boxsack, mit dem Sie Ihre Leistung steigern k\u00f6nnen. Kaufen Sie ihn auf unserer Website www.daisho.be|Daisho.\" \/>\n<meta property=\"og:url\" content=\"https:\/\/www.daisho.be\/de\/produit\/boxsack-adidas-pro-safety-de-luxe-150h-durchmesser-35cm\/\" \/>\n<meta property=\"og:site_name\" content=\"Daisho\" \/>\n<meta property=\"article:modified_time\" content=\"2025-11-18T14:00:51+00:00\" \/>\n<meta property=\"og:image\" content=\"https:\/\/www.daisho.be\/wp-content\/uploads\/2021\/09\/image-256.jpg\" \/>\n\t<meta property=\"og:image:width\" content=\"650\" \/>\n\t<meta property=\"og:image:height\" content=\"650\" \/>\n\t<meta property=\"og:image:type\" content=\"image\/jpeg\" \/>\n<meta name=\"twitter:card\" content=\"summary_large_image\" \/>\n<meta name=\"twitter:label1\" content=\"Gesch\u00e4tzte Lesezeit\" \/>\n\t<meta name=\"twitter:data1\" content=\"1\u00a0Minute\" \/>\n<script type=\"application\/ld+json\" class=\"yoast-schema-graph\">{\"@context\":\"https:\/\/schema.org\",\"@graph\":[{\"@type\":\"WebPage\",\"@id\":\"https:\/\/www.daisho.be\/de\/produit\/boxsack-adidas-pro-safety-de-luxe-150h-durchmesser-35cm\/\",\"url\":\"https:\/\/www.daisho.be\/de\/produit\/boxsack-adidas-pro-safety-de-luxe-150h-durchmesser-35cm\/\",\"name\":\"Boxsack adidas Pro Safety de Luxe 150H Durchmesser 35cm &#8211; Daisho\",\"isPartOf\":{\"@id\":\"https:\/\/www.daisho.be\/de\/#website\"},\"primaryImageOfPage\":{\"@id\":\"https:\/\/www.daisho.be\/de\/produit\/boxsack-adidas-pro-safety-de-luxe-150h-durchmesser-35cm\/#primaryimage\"},\"image\":{\"@id\":\"https:\/\/www.daisho.be\/de\/produit\/boxsack-adidas-pro-safety-de-luxe-150h-durchmesser-35cm\/#primaryimage\"},\"thumbnailUrl\":\"https:\/\/www.daisho.be\/wp-content\/uploads\/2021\/09\/image-256.jpg\",\"datePublished\":\"2021-09-14T07:01:12+00:00\",\"dateModified\":\"2025-11-18T14:00:51+00:00\",\"description\":\"Entdecken Sie den Boxsack, mit dem Sie Ihre Leistung steigern k\u00f6nnen. Kaufen Sie ihn auf unserer Website www.daisho.be|Daisho.\",\"breadcrumb\":{\"@id\":\"https:\/\/www.daisho.be\/de\/produit\/boxsack-adidas-pro-safety-de-luxe-150h-durchmesser-35cm\/#breadcrumb\"},\"inLanguage\":\"de\",\"potentialAction\":[{\"@type\":\"ReadAction\",\"target\":[\"https:\/\/www.daisho.be\/de\/produit\/boxsack-adidas-pro-safety-de-luxe-150h-durchmesser-35cm\/\"]}]},{\"@type\":\"ImageObject\",\"inLanguage\":\"de\",\"@id\":\"https:\/\/www.daisho.be\/de\/produit\/boxsack-adidas-pro-safety-de-luxe-150h-durchmesser-35cm\/#primaryimage\",\"url\":\"https:\/\/www.daisho.be\/wp-content\/uploads\/2021\/09\/image-256.jpg\",\"contentUrl\":\"https:\/\/www.daisho.be\/wp-content\/uploads\/2021\/09\/image-256.jpg\",\"width\":650,\"height\":650,\"caption\":\"Boxsack adidas Pro Safety de Luxe 150H Durchmesser 35cm -1\"},{\"@type\":\"BreadcrumbList\",\"@id\":\"https:\/\/www.daisho.be\/de\/produit\/boxsack-adidas-pro-safety-de-luxe-150h-durchmesser-35cm\/#breadcrumb\",\"itemListElement\":[{\"@type\":\"ListItem\",\"position\":1,\"name\":\"Accueil\",\"item\":\"https:\/\/www.daisho.be\/de\/\"},{\"@type\":\"ListItem\",\"position\":2,\"name\":\"Produkte\",\"item\":\"https:\/\/www.daisho.be\/de\/produkte\/\"},{\"@type\":\"ListItem\",\"position\":3,\"name\":\"ADIDAS COMBAT SPORTS\",\"item\":\"https:\/\/www.daisho.be\/de\/categorie-produit\/adidas-combat-sports-de\/\"},{\"@type\":\"ListItem\",\"position\":4,\"name\":\"MMA\",\"item\":\"https:\/\/www.daisho.be\/de\/categorie-produit\/adidas-combat-sports-de\/mma-de\/\"},{\"@type\":\"ListItem\",\"position\":5,\"name\":\"Boxs\u00e4cke und Trainingszubeh\u00f6r\",\"item\":\"https:\/\/www.daisho.be\/de\/categorie-produit\/adidas-combat-sports-de\/mma-de\/boxsacke-und-trainingszubehor\/\"},{\"@type\":\"ListItem\",\"position\":6,\"name\":\"Boxsack adidas Pro Safety de Luxe 150H Durchmesser 35cm\"}]},{\"@type\":\"WebSite\",\"@id\":\"https:\/\/www.daisho.be\/de\/#website\",\"url\":\"https:\/\/www.daisho.be\/de\/\",\"name\":\"Daisho\",\"description\":\"Sp&eacute;cialiste de l'&eacute;quipement sportif d'arts martiaux\",\"publisher\":{\"@id\":\"https:\/\/www.daisho.be\/de\/#organization\"},\"potentialAction\":[{\"@type\":\"SearchAction\",\"target\":{\"@type\":\"EntryPoint\",\"urlTemplate\":\"https:\/\/www.daisho.be\/de\/?s={search_term_string}\"},\"query-input\":{\"@type\":\"PropertyValueSpecification\",\"valueRequired\":true,\"valueName\":\"search_term_string\"}}],\"inLanguage\":\"de\"},{\"@type\":\"Organization\",\"@id\":\"https:\/\/www.daisho.be\/de\/#organization\",\"name\":\"Daisho\",\"url\":\"https:\/\/www.daisho.be\/de\/\",\"logo\":{\"@type\":\"ImageObject\",\"inLanguage\":\"de\",\"@id\":\"https:\/\/www.daisho.be\/de\/#\/schema\/logo\/image\/\",\"url\":\"https:\/\/www.daisho.be\/wp-content\/uploads\/2019\/07\/color-nothing-horizontale4x-e1564486100247.png\",\"contentUrl\":\"https:\/\/www.daisho.be\/wp-content\/uploads\/2019\/07\/color-nothing-horizontale4x-e1564486100247.png\",\"width\":1547,\"height\":385,\"caption\":\"Daisho\"},\"image\":{\"@id\":\"https:\/\/www.daisho.be\/de\/#\/schema\/logo\/image\/\"}}]}<\/script>\n<!-- \/ Yoast SEO plugin. -->","yoast_head_json":{"title":"Boxsack adidas Pro Safety de Luxe 150H Durchmesser 35cm &#8211; Daisho","description":"Entdecken Sie den Boxsack, mit dem Sie Ihre Leistung steigern k\u00f6nnen. Kaufen Sie ihn auf unserer Website www.daisho.be|Daisho.","robots":{"index":"index","follow":"follow","max-snippet":"max-snippet:-1","max-image-preview":"max-image-preview:large","max-video-preview":"max-video-preview:-1"},"canonical":"https:\/\/www.daisho.be\/de\/produit\/boxsack-adidas-pro-safety-de-luxe-150h-durchmesser-35cm\/","og_locale":"de_DE","og_type":"article","og_title":"Boxsack adidas Pro Safety de Luxe 150H Durchmesser 35cm &#8211; Daisho","og_description":"Entdecken Sie den Boxsack, mit dem Sie Ihre Leistung steigern k\u00f6nnen. Kaufen Sie ihn auf unserer Website www.daisho.be|Daisho.","og_url":"https:\/\/www.daisho.be\/de\/produit\/boxsack-adidas-pro-safety-de-luxe-150h-durchmesser-35cm\/","og_site_name":"Daisho","article_modified_time":"2025-11-18T14:00:51+00:00","og_image":[{"width":650,"height":650,"url":"https:\/\/www.daisho.be\/wp-content\/uploads\/2021\/09\/image-256.jpg","type":"image\/jpeg"}],"twitter_card":"summary_large_image","twitter_misc":{"Gesch\u00e4tzte Lesezeit":"1\u00a0Minute"},"schema":{"@context":"https:\/\/schema.org","@graph":[{"@type":"WebPage","@id":"https:\/\/www.daisho.be\/de\/produit\/boxsack-adidas-pro-safety-de-luxe-150h-durchmesser-35cm\/","url":"https:\/\/www.daisho.be\/de\/produit\/boxsack-adidas-pro-safety-de-luxe-150h-durchmesser-35cm\/","name":"Boxsack adidas Pro Safety de Luxe 150H Durchmesser 35cm &#8211; Daisho","isPartOf":{"@id":"https:\/\/www.daisho.be\/de\/#website"},"primaryImageOfPage":{"@id":"https:\/\/www.daisho.be\/de\/produit\/boxsack-adidas-pro-safety-de-luxe-150h-durchmesser-35cm\/#primaryimage"},"image":{"@id":"https:\/\/www.daisho.be\/de\/produit\/boxsack-adidas-pro-safety-de-luxe-150h-durchmesser-35cm\/#primaryimage"},"thumbnailUrl":"https:\/\/www.daisho.be\/wp-content\/uploads\/2021\/09\/image-256.jpg","datePublished":"2021-09-14T07:01:12+00:00","dateModified":"2025-11-18T14:00:51+00:00","description":"Entdecken Sie den Boxsack, mit dem Sie Ihre Leistung steigern k\u00f6nnen. Kaufen Sie ihn auf unserer Website www.daisho.be|Daisho.","breadcrumb":{"@id":"https:\/\/www.daisho.be\/de\/produit\/boxsack-adidas-pro-safety-de-luxe-150h-durchmesser-35cm\/#breadcrumb"},"inLanguage":"de","potentialAction":[{"@type":"ReadAction","target":["https:\/\/www.daisho.be\/de\/produit\/boxsack-adidas-pro-safety-de-luxe-150h-durchmesser-35cm\/"]}]},{"@type":"ImageObject","inLanguage":"de","@id":"https:\/\/www.daisho.be\/de\/produit\/boxsack-adidas-pro-safety-de-luxe-150h-durchmesser-35cm\/#primaryimage","url":"https:\/\/www.daisho.be\/wp-content\/uploads\/2021\/09\/image-256.jpg","contentUrl":"https:\/\/www.daisho.be\/wp-content\/uploads\/2021\/09\/image-256.jpg","width":650,"height":650,"caption":"Boxsack adidas Pro Safety de Luxe 150H Durchmesser 35cm -1"},{"@type":"BreadcrumbList","@id":"https:\/\/www.daisho.be\/de\/produit\/boxsack-adidas-pro-safety-de-luxe-150h-durchmesser-35cm\/#breadcrumb","itemListElement":[{"@type":"ListItem","position":1,"name":"Accueil","item":"https:\/\/www.daisho.be\/de\/"},{"@type":"ListItem","position":2,"name":"Produkte","item":"https:\/\/www.daisho.be\/de\/produkte\/"},{"@type":"ListItem","position":3,"name":"ADIDAS COMBAT SPORTS","item":"https:\/\/www.daisho.be\/de\/categorie-produit\/adidas-combat-sports-de\/"},{"@type":"ListItem","position":4,"name":"MMA","item":"https:\/\/www.daisho.be\/de\/categorie-produit\/adidas-combat-sports-de\/mma-de\/"},{"@type":"ListItem","position":5,"name":"Boxs\u00e4cke und Trainingszubeh\u00f6r","item":"https:\/\/www.daisho.be\/de\/categorie-produit\/adidas-combat-sports-de\/mma-de\/boxsacke-und-trainingszubehor\/"},{"@type":"ListItem","position":6,"name":"Boxsack adidas Pro Safety de Luxe 150H Durchmesser 35cm"}]},{"@type":"WebSite","@id":"https:\/\/www.daisho.be\/de\/#website","url":"https:\/\/www.daisho.be\/de\/","name":"Daisho","description":"Sp&eacute;cialiste de l'&eacute;quipement sportif d'arts martiaux","publisher":{"@id":"https:\/\/www.daisho.be\/de\/#organization"},"potentialAction":[{"@type":"SearchAction","target":{"@type":"EntryPoint","urlTemplate":"https:\/\/www.daisho.be\/de\/?s={search_term_string}"},"query-input":{"@type":"PropertyValueSpecification","valueRequired":true,"valueName":"search_term_string"}}],"inLanguage":"de"},{"@type":"Organization","@id":"https:\/\/www.daisho.be\/de\/#organization","name":"Daisho","url":"https:\/\/www.daisho.be\/de\/","logo":{"@type":"ImageObject","inLanguage":"de","@id":"https:\/\/www.daisho.be\/de\/#\/schema\/logo\/image\/","url":"https:\/\/www.daisho.be\/wp-content\/uploads\/2019\/07\/color-nothing-horizontale4x-e1564486100247.png","contentUrl":"https:\/\/www.daisho.be\/wp-content\/uploads\/2019\/07\/color-nothing-horizontale4x-e1564486100247.png","width":1547,"height":385,"caption":"Daisho"},"image":{"@id":"https:\/\/www.daisho.be\/de\/#\/schema\/logo\/image\/"}}]}},"_links":{"self":[{"href":"https:\/\/www.daisho.be\/de\/wp-json\/wp\/v2\/product\/458098","targetHints":{"allow":["GET"]}}],"collection":[{"href":"https:\/\/www.daisho.be\/de\/wp-json\/wp\/v2\/product"}],"about":[{"href":"https:\/\/www.daisho.be\/de\/wp-json\/wp\/v2\/types\/product"}],"replies":[{"embeddable":true,"href":"https:\/\/www.daisho.be\/de\/wp-json\/wp\/v2\/comments?post=458098"}],"wp:featuredmedia":[{"embeddable":true,"href":"https:\/\/www.daisho.be\/de\/wp-json\/wp\/v2\/media\/458102"}],"wp:attachment":[{"href":"https:\/\/www.daisho.be\/de\/wp-json\/wp\/v2\/media?parent=458098"}],"wp:term":[{"taxonomy":"product_brand","embeddable":true,"href":"https:\/\/www.daisho.be\/de\/wp-json\/wp\/v2\/product_brand?post=458098"},{"taxonomy":"product_cat","embeddable":true,"href":"https:\/\/www.daisho.be\/de\/wp-json\/wp\/v2\/product_cat?post=458098"},{"taxonomy":"product_tag","embeddable":true,"href":"https:\/\/www.daisho.be\/de\/wp-json\/wp\/v2\/product_tag?post=458098"},{"taxonomy":"sport","embeddable":true,"href":"https:\/\/www.daisho.be\/de\/wp-json\/wp\/v2\/sport?post=458098"}],"curies":[{"name":"wp","href":"https:\/\/api.w.org\/{rel}","templated":true}]}}