{"id":458056,"date":"2021-09-14T14:43:01","date_gmt":"2021-09-14T12:43:01","guid":{"rendered":"https:\/\/www.daisho.be\/produit\/lummic-licht-und-soundtrainingsset\/"},"modified":"2026-02-16T11:56:40","modified_gmt":"2026-02-16T10:56:40","slug":"lummic-licht-und-soundtrainingsset","status":"publish","type":"product","link":"https:\/\/www.daisho.be\/de\/produit\/lummic-licht-und-soundtrainingsset\/","title":{"rendered":"LUMMIC Licht- und Soundtrainingsset"},"content":{"rendered":"<p>Lummic ist ein Trainingssystem, das auf Licht und auditiver Reaktion basiert. Es erm\u00f6glicht Ihnen, Geschwindigkeit, Reflexe, Reaktionsverm\u00f6gen, Assoziation von Elementen, Bewegung im Raum, Ged\u00e4chtnis&#8230; zu entwickeln. Lummic ist f\u00fcr jeden geeignet!<br \/>\nLUMMIC ist f\u00fcr Sportler, Kinder und Senioren geeignet. Es verf\u00fcgt \u00fcber unendliche M\u00f6glichkeiten und Modi, die es Ihnen erm\u00f6glichen, sich weiterzuentwickeln und den von Ihnen gew\u00e4hlten Bereich zu verbessern.<br \/>\nLUMMIC wurde f\u00fcr vier verschiedene Zielgruppen entwickelt, aber das Beste von allem ist, dass Sie f\u00fcr jede von ihnen das Gleiche ben\u00f6tigen: Lummic Pack + offizielle Lummic App.<br \/>\nDas Paket enth\u00e4lt :<br \/>\n&#8211; Lummic (x4)<br \/>\n&#8211; K\u00f6rperbefestigungsgurte (x4)<br \/>\n&#8211; Saugn\u00e4pfe (8&#215;4)<br \/>\n&#8211; Befestigungsmagnete (X4)<br \/>\n&#8211; Hechtbefestigungen (\u00d825mm) (x4)<br \/>\n&#8211; 1 Transporttasche (x1)<br \/>\n&#8211; USB-Ladekabel (x1)<br \/>\n&#8211; Anleitungsheft.<br \/>\n&#8211; Weitere Informationen finden Sie unter: lummic.com<\/p>\n<p> LUMMIC FOR FITNESS: Ver\u00e4ndern Sie die Art und Weise, wie Sie trainieren. Mit Lummic k\u00f6nnen Sie Ihr Training viel dynamischer und kreativer gestalten. Einzeln oder in der Gruppe.<br \/>\nHerausforderungen zu zweit, Zeitwettbewerbe, st\u00e4ndige Herausforderungen, Spa\u00df&#8230; w\u00e4hrend Sie Fortschritte machen und sich Tag f\u00fcr Tag verbessern.<br \/>\nSie k\u00f6nnen Ihren Fortschritt mit der Anwendung auf Ihrem Mobiltelefon verfolgen, um sich in jedem Training zu verbessern.<br \/>\nLUMMIC FOR SPORT: Das beste Werkzeug, um die sportliche Leistung zu testen und zu verbessern. F\u00fcr alle Sportarten, ob Einzel- oder Mannschaftssport.<br \/>\nIntegrieren Sie LUMMIC in Ihr Training, um die Reaktionsf\u00e4higkeit, die Raumverteilung und die Geschwindigkeit zu verbessern und einen konstanten Anreiz unter den Kollegen zu erzeugen, um gr\u00f6\u00dfere Fortschritte zu erzielen.<br \/>\nAu\u00dferdem k\u00f6nnen Sie mit Hilfe der Anwendung Vergleiche mit der Zeit anstellen und sehen, wie sich jede Trainingseinheit entwickelt hat.<br \/>\nADRESSENS-, REAKTIONS- UND INTELLIGENZSPIELE<br \/>\nLUMMIC FOR KIDS: Wenn Sie Lummic in Spiele mit Kindern einbauen, werden Sie sie dazu bringen, ihre kognitiven und sozialen F\u00e4higkeiten auf unterhaltsame Weise zu verbessern, ohne dass sie merken, dass sie etwas lernen.<br \/>\nKoordination, soziale Beziehungen, Geschwindigkeitsspiele, Verteilung im Raum, Zuordnung von Farben und Kl\u00e4ngen, Reflexe&#8230; All dies k\u00f6nnen Sie mit den verschiedenen Programmen tun, die bereits in der Anwendung installiert sind.<br \/>\nLUMMIC FOR SENIORS: Manchmal wissen wir nicht, wie wir \u00e4ltere Menschen in Aktivit\u00e4ten einbeziehen k\u00f6nnen, um ihre F\u00e4higkeiten zu verbessern. Mit Lummic ist dieses Problem gel\u00f6st.<br \/>\nIndividuell oder mit Freunden k\u00f6nnen Sie Spiele zur Verbesserung des H\u00f6rverm\u00f6gens, des Ged\u00e4chtnisses, der Mobilit\u00e4t und sogar der sozialen Beziehungen durchf\u00fchren. Alle mit verschiedenen Niveaus, um sich an jeden anzupassen und sich weiterzuentwickeln.<br \/>\nAPP OFICIAL LUMMIC: Planen Sie Ihr Training\/Ihre Spiele und \u00fcberpr\u00fcfen Sie Ihren Fortschritt mit der App, mit vordefinierten Programmen und Programmen, die Sie individuell anpassen und auf Ihre Bed\u00fcrfnisse abstimmen k\u00f6nnen. App verf\u00fcgbar f\u00fcr iOS und Android.    <\/p>\n","protected":false},"excerpt":{"rendered":"<p>Lummic ist ein Trainingssystem, das auf Licht und auditiver Reaktion basiert. Es erm\u00f6glicht Ihnen, Geschwindigkeit, Reflexe, Reaktionsverm\u00f6gen, Assoziation von Elementen, Bewegung im Raum, Ged\u00e4chtnis&#8230; zu entwickeln. Lummic ist f\u00fcr jeden geeignet! LUMMIC ist f\u00fcr Sportler, Kinder und Senioren geeignet. Es verf\u00fcgt \u00fcber unendliche M\u00f6glichkeiten und Modi, die es Ihnen erm\u00f6glichen, sich weiterzuentwickeln und den von [&hellip;]<\/p>\n","protected":false},"featured_media":521579,"comment_status":"open","ping_status":"closed","template":"","meta":{"inline_featured_image":false},"product_brand":[],"product_cat":[2055,2054],"product_tag":[2318],"sport":[73],"class_list":{"0":"post-458056","1":"product","2":"type-product","3":"status-publish","4":"has-post-thumbnail","6":"product_cat-karate-trainingsmaterial","7":"product_cat-trainingsmaterial","8":"product_tag-lummic-de","9":"pa_size-sans-taille-defaut","10":"sport-karate","12":"first","13":"instock","14":"taxable","15":"shipping-taxable","16":"purchasable","17":"product-type-simple"},"yoast_head":"<!-- This site is optimized with the Yoast SEO plugin v27.2 - https:\/\/yoast.com\/product\/yoast-seo-wordpress\/ -->\n<title>LUMMIC Licht- und Soundtrainingsset &#8211; Daisho<\/title>\n<meta name=\"description\" content=\"Brauchen Sie ein interaktives und intuitives Set f\u00fcr Ihr Training? Lummic bietet Ihnen ein Set mit Licht und Ton. Sie finden es unter www.daisho.be|Daisho.\" \/>\n<meta name=\"robots\" content=\"index, follow, max-snippet:-1, max-image-preview:large, max-video-preview:-1\" \/>\n<link rel=\"canonical\" href=\"https:\/\/www.daisho.be\/de\/produit\/lummic-licht-und-soundtrainingsset\/\" \/>\n<meta property=\"og:locale\" content=\"de_DE\" \/>\n<meta property=\"og:type\" content=\"article\" \/>\n<meta property=\"og:title\" content=\"LUMMIC Licht- und Soundtrainingsset &#8211; Daisho\" \/>\n<meta property=\"og:description\" content=\"Brauchen Sie ein interaktives und intuitives Set f\u00fcr Ihr Training? Lummic bietet Ihnen ein Set mit Licht und Ton. Sie finden es unter www.daisho.be|Daisho.\" \/>\n<meta property=\"og:url\" content=\"https:\/\/www.daisho.be\/de\/produit\/lummic-licht-und-soundtrainingsset\/\" \/>\n<meta property=\"og:site_name\" content=\"Daisho\" \/>\n<meta property=\"article:modified_time\" content=\"2026-02-16T10:56:40+00:00\" \/>\n<meta property=\"og:image\" content=\"https:\/\/www.daisho.be\/wp-content\/uploads\/2025\/05\/image-23.jpg\" \/>\n\t<meta property=\"og:image:width\" content=\"1000\" \/>\n\t<meta property=\"og:image:height\" content=\"1000\" \/>\n\t<meta property=\"og:image:type\" content=\"image\/jpeg\" \/>\n<meta name=\"twitter:card\" content=\"summary_large_image\" \/>\n<meta name=\"twitter:label1\" content=\"Gesch\u00e4tzte Lesezeit\" \/>\n\t<meta name=\"twitter:data1\" content=\"2\u00a0Minuten\" \/>\n<script type=\"application\/ld+json\" class=\"yoast-schema-graph\">{\"@context\":\"https:\/\/schema.org\",\"@graph\":[{\"@type\":\"WebPage\",\"@id\":\"https:\/\/www.daisho.be\/de\/produit\/lummic-licht-und-soundtrainingsset\/\",\"url\":\"https:\/\/www.daisho.be\/de\/produit\/lummic-licht-und-soundtrainingsset\/\",\"name\":\"LUMMIC Licht- und Soundtrainingsset &#8211; Daisho\",\"isPartOf\":{\"@id\":\"https:\/\/www.daisho.be\/de\/#website\"},\"primaryImageOfPage\":{\"@id\":\"https:\/\/www.daisho.be\/de\/produit\/lummic-licht-und-soundtrainingsset\/#primaryimage\"},\"image\":{\"@id\":\"https:\/\/www.daisho.be\/de\/produit\/lummic-licht-und-soundtrainingsset\/#primaryimage\"},\"thumbnailUrl\":\"https:\/\/www.daisho.be\/wp-content\/uploads\/2025\/05\/image-23.jpg\",\"datePublished\":\"2021-09-14T12:43:01+00:00\",\"dateModified\":\"2026-02-16T10:56:40+00:00\",\"description\":\"Brauchen Sie ein interaktives und intuitives Set f\u00fcr Ihr Training? Lummic bietet Ihnen ein Set mit Licht und Ton. Sie finden es unter www.daisho.be|Daisho.\",\"breadcrumb\":{\"@id\":\"https:\/\/www.daisho.be\/de\/produit\/lummic-licht-und-soundtrainingsset\/#breadcrumb\"},\"inLanguage\":\"de\",\"potentialAction\":[{\"@type\":\"ReadAction\",\"target\":[\"https:\/\/www.daisho.be\/de\/produit\/lummic-licht-und-soundtrainingsset\/\"]}]},{\"@type\":\"ImageObject\",\"inLanguage\":\"de\",\"@id\":\"https:\/\/www.daisho.be\/de\/produit\/lummic-licht-und-soundtrainingsset\/#primaryimage\",\"url\":\"https:\/\/www.daisho.be\/wp-content\/uploads\/2025\/05\/image-23.jpg\",\"contentUrl\":\"https:\/\/www.daisho.be\/wp-content\/uploads\/2025\/05\/image-23.jpg\",\"width\":1000,\"height\":1000,\"caption\":\"LUMMIC-1 Licht- und Ton\u00fcbungsset\"},{\"@type\":\"BreadcrumbList\",\"@id\":\"https:\/\/www.daisho.be\/de\/produit\/lummic-licht-und-soundtrainingsset\/#breadcrumb\",\"itemListElement\":[{\"@type\":\"ListItem\",\"position\":1,\"name\":\"Accueil\",\"item\":\"https:\/\/www.daisho.be\/de\/\"},{\"@type\":\"ListItem\",\"position\":2,\"name\":\"Produkte\",\"item\":\"https:\/\/www.daisho.be\/de\/produkte\/\"},{\"@type\":\"ListItem\",\"position\":3,\"name\":\"Ausr\u00fcstung und Kleidung f\u00fcr Kampfkunst und Kampfsport\",\"item\":\"https:\/\/www.daisho.be\/de\/categorie-produit\/ausrustung-und-kleidung-fur-kampfkunst-und-kampfsport\/\"},{\"@type\":\"ListItem\",\"position\":4,\"name\":\"Karate\",\"item\":\"https:\/\/www.daisho.be\/de\/categorie-produit\/ausrustung-und-kleidung-fur-kampfkunst-und-kampfsport\/karate-de-2\/\"},{\"@type\":\"ListItem\",\"position\":5,\"name\":\"Karate Trainingsmaterial\",\"item\":\"https:\/\/www.daisho.be\/de\/categorie-produit\/ausrustung-und-kleidung-fur-kampfkunst-und-kampfsport\/karate-de-2\/karate-trainingsmaterial\/\"},{\"@type\":\"ListItem\",\"position\":6,\"name\":\"LUMMIC Licht- und Soundtrainingsset\"}]},{\"@type\":\"WebSite\",\"@id\":\"https:\/\/www.daisho.be\/de\/#website\",\"url\":\"https:\/\/www.daisho.be\/de\/\",\"name\":\"Daisho\",\"description\":\"Sp&eacute;cialiste de l'&eacute;quipement sportif d'arts martiaux\",\"publisher\":{\"@id\":\"https:\/\/www.daisho.be\/de\/#organization\"},\"potentialAction\":[{\"@type\":\"SearchAction\",\"target\":{\"@type\":\"EntryPoint\",\"urlTemplate\":\"https:\/\/www.daisho.be\/de\/?s={search_term_string}\"},\"query-input\":{\"@type\":\"PropertyValueSpecification\",\"valueRequired\":true,\"valueName\":\"search_term_string\"}}],\"inLanguage\":\"de\"},{\"@type\":\"Organization\",\"@id\":\"https:\/\/www.daisho.be\/de\/#organization\",\"name\":\"Daisho\",\"url\":\"https:\/\/www.daisho.be\/de\/\",\"logo\":{\"@type\":\"ImageObject\",\"inLanguage\":\"de\",\"@id\":\"https:\/\/www.daisho.be\/de\/#\/schema\/logo\/image\/\",\"url\":\"https:\/\/www.daisho.be\/wp-content\/uploads\/2019\/07\/color-nothing-horizontale4x-e1564486100247.png\",\"contentUrl\":\"https:\/\/www.daisho.be\/wp-content\/uploads\/2019\/07\/color-nothing-horizontale4x-e1564486100247.png\",\"width\":1547,\"height\":385,\"caption\":\"Daisho\"},\"image\":{\"@id\":\"https:\/\/www.daisho.be\/de\/#\/schema\/logo\/image\/\"}}]}<\/script>\n<!-- \/ Yoast SEO plugin. -->","yoast_head_json":{"title":"LUMMIC Licht- und Soundtrainingsset &#8211; Daisho","description":"Brauchen Sie ein interaktives und intuitives Set f\u00fcr Ihr Training? Lummic bietet Ihnen ein Set mit Licht und Ton. Sie finden es unter www.daisho.be|Daisho.","robots":{"index":"index","follow":"follow","max-snippet":"max-snippet:-1","max-image-preview":"max-image-preview:large","max-video-preview":"max-video-preview:-1"},"canonical":"https:\/\/www.daisho.be\/de\/produit\/lummic-licht-und-soundtrainingsset\/","og_locale":"de_DE","og_type":"article","og_title":"LUMMIC Licht- und Soundtrainingsset &#8211; Daisho","og_description":"Brauchen Sie ein interaktives und intuitives Set f\u00fcr Ihr Training? Lummic bietet Ihnen ein Set mit Licht und Ton. Sie finden es unter www.daisho.be|Daisho.","og_url":"https:\/\/www.daisho.be\/de\/produit\/lummic-licht-und-soundtrainingsset\/","og_site_name":"Daisho","article_modified_time":"2026-02-16T10:56:40+00:00","og_image":[{"width":1000,"height":1000,"url":"https:\/\/www.daisho.be\/wp-content\/uploads\/2025\/05\/image-23.jpg","type":"image\/jpeg"}],"twitter_card":"summary_large_image","twitter_misc":{"Gesch\u00e4tzte Lesezeit":"2\u00a0Minuten"},"schema":{"@context":"https:\/\/schema.org","@graph":[{"@type":"WebPage","@id":"https:\/\/www.daisho.be\/de\/produit\/lummic-licht-und-soundtrainingsset\/","url":"https:\/\/www.daisho.be\/de\/produit\/lummic-licht-und-soundtrainingsset\/","name":"LUMMIC Licht- und Soundtrainingsset &#8211; Daisho","isPartOf":{"@id":"https:\/\/www.daisho.be\/de\/#website"},"primaryImageOfPage":{"@id":"https:\/\/www.daisho.be\/de\/produit\/lummic-licht-und-soundtrainingsset\/#primaryimage"},"image":{"@id":"https:\/\/www.daisho.be\/de\/produit\/lummic-licht-und-soundtrainingsset\/#primaryimage"},"thumbnailUrl":"https:\/\/www.daisho.be\/wp-content\/uploads\/2025\/05\/image-23.jpg","datePublished":"2021-09-14T12:43:01+00:00","dateModified":"2026-02-16T10:56:40+00:00","description":"Brauchen Sie ein interaktives und intuitives Set f\u00fcr Ihr Training? Lummic bietet Ihnen ein Set mit Licht und Ton. Sie finden es unter www.daisho.be|Daisho.","breadcrumb":{"@id":"https:\/\/www.daisho.be\/de\/produit\/lummic-licht-und-soundtrainingsset\/#breadcrumb"},"inLanguage":"de","potentialAction":[{"@type":"ReadAction","target":["https:\/\/www.daisho.be\/de\/produit\/lummic-licht-und-soundtrainingsset\/"]}]},{"@type":"ImageObject","inLanguage":"de","@id":"https:\/\/www.daisho.be\/de\/produit\/lummic-licht-und-soundtrainingsset\/#primaryimage","url":"https:\/\/www.daisho.be\/wp-content\/uploads\/2025\/05\/image-23.jpg","contentUrl":"https:\/\/www.daisho.be\/wp-content\/uploads\/2025\/05\/image-23.jpg","width":1000,"height":1000,"caption":"LUMMIC-1 Licht- und Ton\u00fcbungsset"},{"@type":"BreadcrumbList","@id":"https:\/\/www.daisho.be\/de\/produit\/lummic-licht-und-soundtrainingsset\/#breadcrumb","itemListElement":[{"@type":"ListItem","position":1,"name":"Accueil","item":"https:\/\/www.daisho.be\/de\/"},{"@type":"ListItem","position":2,"name":"Produkte","item":"https:\/\/www.daisho.be\/de\/produkte\/"},{"@type":"ListItem","position":3,"name":"Ausr\u00fcstung und Kleidung f\u00fcr Kampfkunst und Kampfsport","item":"https:\/\/www.daisho.be\/de\/categorie-produit\/ausrustung-und-kleidung-fur-kampfkunst-und-kampfsport\/"},{"@type":"ListItem","position":4,"name":"Karate","item":"https:\/\/www.daisho.be\/de\/categorie-produit\/ausrustung-und-kleidung-fur-kampfkunst-und-kampfsport\/karate-de-2\/"},{"@type":"ListItem","position":5,"name":"Karate Trainingsmaterial","item":"https:\/\/www.daisho.be\/de\/categorie-produit\/ausrustung-und-kleidung-fur-kampfkunst-und-kampfsport\/karate-de-2\/karate-trainingsmaterial\/"},{"@type":"ListItem","position":6,"name":"LUMMIC Licht- und Soundtrainingsset"}]},{"@type":"WebSite","@id":"https:\/\/www.daisho.be\/de\/#website","url":"https:\/\/www.daisho.be\/de\/","name":"Daisho","description":"Sp&eacute;cialiste de l'&eacute;quipement sportif d'arts martiaux","publisher":{"@id":"https:\/\/www.daisho.be\/de\/#organization"},"potentialAction":[{"@type":"SearchAction","target":{"@type":"EntryPoint","urlTemplate":"https:\/\/www.daisho.be\/de\/?s={search_term_string}"},"query-input":{"@type":"PropertyValueSpecification","valueRequired":true,"valueName":"search_term_string"}}],"inLanguage":"de"},{"@type":"Organization","@id":"https:\/\/www.daisho.be\/de\/#organization","name":"Daisho","url":"https:\/\/www.daisho.be\/de\/","logo":{"@type":"ImageObject","inLanguage":"de","@id":"https:\/\/www.daisho.be\/de\/#\/schema\/logo\/image\/","url":"https:\/\/www.daisho.be\/wp-content\/uploads\/2019\/07\/color-nothing-horizontale4x-e1564486100247.png","contentUrl":"https:\/\/www.daisho.be\/wp-content\/uploads\/2019\/07\/color-nothing-horizontale4x-e1564486100247.png","width":1547,"height":385,"caption":"Daisho"},"image":{"@id":"https:\/\/www.daisho.be\/de\/#\/schema\/logo\/image\/"}}]}},"_links":{"self":[{"href":"https:\/\/www.daisho.be\/de\/wp-json\/wp\/v2\/product\/458056","targetHints":{"allow":["GET"]}}],"collection":[{"href":"https:\/\/www.daisho.be\/de\/wp-json\/wp\/v2\/product"}],"about":[{"href":"https:\/\/www.daisho.be\/de\/wp-json\/wp\/v2\/types\/product"}],"replies":[{"embeddable":true,"href":"https:\/\/www.daisho.be\/de\/wp-json\/wp\/v2\/comments?post=458056"}],"wp:featuredmedia":[{"embeddable":true,"href":"https:\/\/www.daisho.be\/de\/wp-json\/wp\/v2\/media\/521579"}],"wp:attachment":[{"href":"https:\/\/www.daisho.be\/de\/wp-json\/wp\/v2\/media?parent=458056"}],"wp:term":[{"taxonomy":"product_brand","embeddable":true,"href":"https:\/\/www.daisho.be\/de\/wp-json\/wp\/v2\/product_brand?post=458056"},{"taxonomy":"product_cat","embeddable":true,"href":"https:\/\/www.daisho.be\/de\/wp-json\/wp\/v2\/product_cat?post=458056"},{"taxonomy":"product_tag","embeddable":true,"href":"https:\/\/www.daisho.be\/de\/wp-json\/wp\/v2\/product_tag?post=458056"},{"taxonomy":"sport","embeddable":true,"href":"https:\/\/www.daisho.be\/de\/wp-json\/wp\/v2\/sport?post=458056"}],"curies":[{"name":"wp","href":"https:\/\/api.w.org\/{rel}","templated":true}]}}