{"id":458004,"date":"2021-09-15T22:27:57","date_gmt":"2021-09-15T20:27:57","guid":{"rendered":"https:\/\/www.daisho.be\/produit\/poomsae-guertel-adidas-taekwondo-schwarz-rot\/"},"modified":"2025-03-03T15:26:36","modified_gmt":"2025-03-03T14:26:36","slug":"poomsae-guertel-adidas-taekwondo-schwarz-rot","status":"publish","type":"product","link":"https:\/\/www.daisho.be\/de\/produit\/poomsae-guertel-adidas-taekwondo-schwarz-rot\/","title":{"rendered":"Poomsae G\u00fcrtel adidas Taekwondo Schwarz\/Rot"},"content":{"rendered":"<p>Budog\u00fcrtel Poomsae von Adidas, geeignet f\u00fcr Taekwondo oder andere Kampfsportarten.<br \/>\nMaterial: 100 % Baumwolle.<br \/>\nDer G\u00fcrtel hat die offizielle Breite von 43 mm.<\/p>\n","protected":false},"excerpt":{"rendered":"<p>Budog\u00fcrtel Poomsae von Adidas, geeignet f\u00fcr Taekwondo oder andere Kampfsportarten. Material: 100 % Baumwolle. Der G\u00fcrtel hat die offizielle Breite von 43 mm.<\/p>\n","protected":false},"featured_media":458011,"comment_status":"open","ping_status":"closed","template":"","meta":{"inline_featured_image":false},"product_brand":[],"product_cat":[2293,2104,2110,2164],"product_tag":[2178],"sport":[],"class_list":{"0":"post-458004","1":"product","2":"type-product","3":"status-publish","4":"has-post-thumbnail","6":"product_cat-adidas-gurtel","7":"product_cat-gurtel","8":"product_cat-jiu-jitsu-gurtel","9":"product_cat-taekwondo-gurtel","10":"product_tag-adidas-de","11":"pa_size-254","12":"pa_size-253","13":"pa_size-280-50","14":"pa_size-251","15":"pa_size-415","17":"first","18":"instock","19":"taxable","20":"shipping-taxable","21":"purchasable","22":"product-type-variable"},"yoast_head":"<!-- This site is optimized with the Yoast SEO plugin v27.2 - https:\/\/yoast.com\/product\/yoast-seo-wordpress\/ -->\n<title>Poomsae G\u00fcrtel adidas Taekwondo Schwarz\/Rot &#8211; Daisho<\/title>\n<meta name=\"description\" content=\"Entdecken Sie den Poomsae-G\u00fcrtel f\u00fcr alle Kampfsportler. Kaufen Sie ihn jetzt auf unserer Website www.daisho.be|Daisho.\" \/>\n<meta name=\"robots\" content=\"index, follow, max-snippet:-1, max-image-preview:large, max-video-preview:-1\" \/>\n<link rel=\"canonical\" href=\"https:\/\/www.daisho.be\/de\/produit\/poomsae-guertel-adidas-taekwondo-schwarz-rot\/\" \/>\n<meta property=\"og:locale\" content=\"de_DE\" \/>\n<meta property=\"og:type\" content=\"article\" \/>\n<meta property=\"og:title\" content=\"Poomsae G\u00fcrtel adidas Taekwondo Schwarz\/Rot &#8211; Daisho\" \/>\n<meta property=\"og:description\" content=\"Entdecken Sie den Poomsae-G\u00fcrtel f\u00fcr alle Kampfsportler. Kaufen Sie ihn jetzt auf unserer Website www.daisho.be|Daisho.\" \/>\n<meta property=\"og:url\" content=\"https:\/\/www.daisho.be\/de\/produit\/poomsae-guertel-adidas-taekwondo-schwarz-rot\/\" \/>\n<meta property=\"og:site_name\" content=\"Daisho\" \/>\n<meta property=\"article:modified_time\" content=\"2025-03-03T14:26:36+00:00\" \/>\n<meta property=\"og:image\" content=\"https:\/\/www.daisho.be\/wp-content\/uploads\/2024\/11\/image-44.jpg\" \/>\n\t<meta property=\"og:image:width\" content=\"650\" \/>\n\t<meta property=\"og:image:height\" content=\"650\" \/>\n\t<meta property=\"og:image:type\" content=\"image\/jpeg\" \/>\n<meta name=\"twitter:card\" content=\"summary_large_image\" \/>\n<script type=\"application\/ld+json\" class=\"yoast-schema-graph\">{\"@context\":\"https:\/\/schema.org\",\"@graph\":[{\"@type\":\"WebPage\",\"@id\":\"https:\/\/www.daisho.be\/de\/produit\/poomsae-guertel-adidas-taekwondo-schwarz-rot\/\",\"url\":\"https:\/\/www.daisho.be\/de\/produit\/poomsae-guertel-adidas-taekwondo-schwarz-rot\/\",\"name\":\"Poomsae G\u00fcrtel adidas Taekwondo Schwarz\/Rot &#8211; Daisho\",\"isPartOf\":{\"@id\":\"https:\/\/www.daisho.be\/de\/#website\"},\"primaryImageOfPage\":{\"@id\":\"https:\/\/www.daisho.be\/de\/produit\/poomsae-guertel-adidas-taekwondo-schwarz-rot\/#primaryimage\"},\"image\":{\"@id\":\"https:\/\/www.daisho.be\/de\/produit\/poomsae-guertel-adidas-taekwondo-schwarz-rot\/#primaryimage\"},\"thumbnailUrl\":\"https:\/\/www.daisho.be\/wp-content\/uploads\/2024\/11\/image-44.jpg\",\"datePublished\":\"2021-09-15T20:27:57+00:00\",\"dateModified\":\"2025-03-03T14:26:36+00:00\",\"description\":\"Entdecken Sie den Poomsae-G\u00fcrtel f\u00fcr alle Kampfsportler. Kaufen Sie ihn jetzt auf unserer Website www.daisho.be|Daisho.\",\"breadcrumb\":{\"@id\":\"https:\/\/www.daisho.be\/de\/produit\/poomsae-guertel-adidas-taekwondo-schwarz-rot\/#breadcrumb\"},\"inLanguage\":\"de\",\"potentialAction\":[{\"@type\":\"ReadAction\",\"target\":[\"https:\/\/www.daisho.be\/de\/produit\/poomsae-guertel-adidas-taekwondo-schwarz-rot\/\"]}]},{\"@type\":\"ImageObject\",\"inLanguage\":\"de\",\"@id\":\"https:\/\/www.daisho.be\/de\/produit\/poomsae-guertel-adidas-taekwondo-schwarz-rot\/#primaryimage\",\"url\":\"https:\/\/www.daisho.be\/wp-content\/uploads\/2024\/11\/image-44.jpg\",\"contentUrl\":\"https:\/\/www.daisho.be\/wp-content\/uploads\/2024\/11\/image-44.jpg\",\"width\":650,\"height\":650,\"caption\":\"adidas Taekwondo Poomsae G\u00fcrtel Schwarz\/Rot-1\"},{\"@type\":\"BreadcrumbList\",\"@id\":\"https:\/\/www.daisho.be\/de\/produit\/poomsae-guertel-adidas-taekwondo-schwarz-rot\/#breadcrumb\",\"itemListElement\":[{\"@type\":\"ListItem\",\"position\":1,\"name\":\"Accueil\",\"item\":\"https:\/\/www.daisho.be\/de\/\"},{\"@type\":\"ListItem\",\"position\":2,\"name\":\"Produkte\",\"item\":\"https:\/\/www.daisho.be\/de\/produkte\/\"},{\"@type\":\"ListItem\",\"position\":3,\"name\":\"ADIDAS COMBAT SPORTS\",\"item\":\"https:\/\/www.daisho.be\/de\/categorie-produit\/adidas-combat-sports-de\/\"},{\"@type\":\"ListItem\",\"position\":4,\"name\":\"Taekwondo\",\"item\":\"https:\/\/www.daisho.be\/de\/categorie-produit\/adidas-combat-sports-de\/taekwondo-de\/\"},{\"@type\":\"ListItem\",\"position\":5,\"name\":\"Adidas G\u00fcrtel\",\"item\":\"https:\/\/www.daisho.be\/de\/categorie-produit\/adidas-combat-sports-de\/taekwondo-de\/adidas-gurtel\/\"},{\"@type\":\"ListItem\",\"position\":6,\"name\":\"Poomsae G\u00fcrtel adidas Taekwondo Schwarz\/Rot\"}]},{\"@type\":\"WebSite\",\"@id\":\"https:\/\/www.daisho.be\/de\/#website\",\"url\":\"https:\/\/www.daisho.be\/de\/\",\"name\":\"Daisho\",\"description\":\"Sp&eacute;cialiste de l'&eacute;quipement sportif d'arts martiaux\",\"publisher\":{\"@id\":\"https:\/\/www.daisho.be\/de\/#organization\"},\"potentialAction\":[{\"@type\":\"SearchAction\",\"target\":{\"@type\":\"EntryPoint\",\"urlTemplate\":\"https:\/\/www.daisho.be\/de\/?s={search_term_string}\"},\"query-input\":{\"@type\":\"PropertyValueSpecification\",\"valueRequired\":true,\"valueName\":\"search_term_string\"}}],\"inLanguage\":\"de\"},{\"@type\":\"Organization\",\"@id\":\"https:\/\/www.daisho.be\/de\/#organization\",\"name\":\"Daisho\",\"url\":\"https:\/\/www.daisho.be\/de\/\",\"logo\":{\"@type\":\"ImageObject\",\"inLanguage\":\"de\",\"@id\":\"https:\/\/www.daisho.be\/de\/#\/schema\/logo\/image\/\",\"url\":\"https:\/\/www.daisho.be\/wp-content\/uploads\/2019\/07\/color-nothing-horizontale4x-e1564486100247.png\",\"contentUrl\":\"https:\/\/www.daisho.be\/wp-content\/uploads\/2019\/07\/color-nothing-horizontale4x-e1564486100247.png\",\"width\":1547,\"height\":385,\"caption\":\"Daisho\"},\"image\":{\"@id\":\"https:\/\/www.daisho.be\/de\/#\/schema\/logo\/image\/\"}}]}<\/script>\n<!-- \/ Yoast SEO plugin. -->","yoast_head_json":{"title":"Poomsae G\u00fcrtel adidas Taekwondo Schwarz\/Rot &#8211; Daisho","description":"Entdecken Sie den Poomsae-G\u00fcrtel f\u00fcr alle Kampfsportler. Kaufen Sie ihn jetzt auf unserer Website www.daisho.be|Daisho.","robots":{"index":"index","follow":"follow","max-snippet":"max-snippet:-1","max-image-preview":"max-image-preview:large","max-video-preview":"max-video-preview:-1"},"canonical":"https:\/\/www.daisho.be\/de\/produit\/poomsae-guertel-adidas-taekwondo-schwarz-rot\/","og_locale":"de_DE","og_type":"article","og_title":"Poomsae G\u00fcrtel adidas Taekwondo Schwarz\/Rot &#8211; Daisho","og_description":"Entdecken Sie den Poomsae-G\u00fcrtel f\u00fcr alle Kampfsportler. Kaufen Sie ihn jetzt auf unserer Website www.daisho.be|Daisho.","og_url":"https:\/\/www.daisho.be\/de\/produit\/poomsae-guertel-adidas-taekwondo-schwarz-rot\/","og_site_name":"Daisho","article_modified_time":"2025-03-03T14:26:36+00:00","og_image":[{"width":650,"height":650,"url":"https:\/\/www.daisho.be\/wp-content\/uploads\/2024\/11\/image-44.jpg","type":"image\/jpeg"}],"twitter_card":"summary_large_image","schema":{"@context":"https:\/\/schema.org","@graph":[{"@type":"WebPage","@id":"https:\/\/www.daisho.be\/de\/produit\/poomsae-guertel-adidas-taekwondo-schwarz-rot\/","url":"https:\/\/www.daisho.be\/de\/produit\/poomsae-guertel-adidas-taekwondo-schwarz-rot\/","name":"Poomsae G\u00fcrtel adidas Taekwondo Schwarz\/Rot &#8211; Daisho","isPartOf":{"@id":"https:\/\/www.daisho.be\/de\/#website"},"primaryImageOfPage":{"@id":"https:\/\/www.daisho.be\/de\/produit\/poomsae-guertel-adidas-taekwondo-schwarz-rot\/#primaryimage"},"image":{"@id":"https:\/\/www.daisho.be\/de\/produit\/poomsae-guertel-adidas-taekwondo-schwarz-rot\/#primaryimage"},"thumbnailUrl":"https:\/\/www.daisho.be\/wp-content\/uploads\/2024\/11\/image-44.jpg","datePublished":"2021-09-15T20:27:57+00:00","dateModified":"2025-03-03T14:26:36+00:00","description":"Entdecken Sie den Poomsae-G\u00fcrtel f\u00fcr alle Kampfsportler. Kaufen Sie ihn jetzt auf unserer Website www.daisho.be|Daisho.","breadcrumb":{"@id":"https:\/\/www.daisho.be\/de\/produit\/poomsae-guertel-adidas-taekwondo-schwarz-rot\/#breadcrumb"},"inLanguage":"de","potentialAction":[{"@type":"ReadAction","target":["https:\/\/www.daisho.be\/de\/produit\/poomsae-guertel-adidas-taekwondo-schwarz-rot\/"]}]},{"@type":"ImageObject","inLanguage":"de","@id":"https:\/\/www.daisho.be\/de\/produit\/poomsae-guertel-adidas-taekwondo-schwarz-rot\/#primaryimage","url":"https:\/\/www.daisho.be\/wp-content\/uploads\/2024\/11\/image-44.jpg","contentUrl":"https:\/\/www.daisho.be\/wp-content\/uploads\/2024\/11\/image-44.jpg","width":650,"height":650,"caption":"adidas Taekwondo Poomsae G\u00fcrtel Schwarz\/Rot-1"},{"@type":"BreadcrumbList","@id":"https:\/\/www.daisho.be\/de\/produit\/poomsae-guertel-adidas-taekwondo-schwarz-rot\/#breadcrumb","itemListElement":[{"@type":"ListItem","position":1,"name":"Accueil","item":"https:\/\/www.daisho.be\/de\/"},{"@type":"ListItem","position":2,"name":"Produkte","item":"https:\/\/www.daisho.be\/de\/produkte\/"},{"@type":"ListItem","position":3,"name":"ADIDAS COMBAT SPORTS","item":"https:\/\/www.daisho.be\/de\/categorie-produit\/adidas-combat-sports-de\/"},{"@type":"ListItem","position":4,"name":"Taekwondo","item":"https:\/\/www.daisho.be\/de\/categorie-produit\/adidas-combat-sports-de\/taekwondo-de\/"},{"@type":"ListItem","position":5,"name":"Adidas G\u00fcrtel","item":"https:\/\/www.daisho.be\/de\/categorie-produit\/adidas-combat-sports-de\/taekwondo-de\/adidas-gurtel\/"},{"@type":"ListItem","position":6,"name":"Poomsae G\u00fcrtel adidas Taekwondo Schwarz\/Rot"}]},{"@type":"WebSite","@id":"https:\/\/www.daisho.be\/de\/#website","url":"https:\/\/www.daisho.be\/de\/","name":"Daisho","description":"Sp&eacute;cialiste de l'&eacute;quipement sportif d'arts martiaux","publisher":{"@id":"https:\/\/www.daisho.be\/de\/#organization"},"potentialAction":[{"@type":"SearchAction","target":{"@type":"EntryPoint","urlTemplate":"https:\/\/www.daisho.be\/de\/?s={search_term_string}"},"query-input":{"@type":"PropertyValueSpecification","valueRequired":true,"valueName":"search_term_string"}}],"inLanguage":"de"},{"@type":"Organization","@id":"https:\/\/www.daisho.be\/de\/#organization","name":"Daisho","url":"https:\/\/www.daisho.be\/de\/","logo":{"@type":"ImageObject","inLanguage":"de","@id":"https:\/\/www.daisho.be\/de\/#\/schema\/logo\/image\/","url":"https:\/\/www.daisho.be\/wp-content\/uploads\/2019\/07\/color-nothing-horizontale4x-e1564486100247.png","contentUrl":"https:\/\/www.daisho.be\/wp-content\/uploads\/2019\/07\/color-nothing-horizontale4x-e1564486100247.png","width":1547,"height":385,"caption":"Daisho"},"image":{"@id":"https:\/\/www.daisho.be\/de\/#\/schema\/logo\/image\/"}}]}},"_links":{"self":[{"href":"https:\/\/www.daisho.be\/de\/wp-json\/wp\/v2\/product\/458004","targetHints":{"allow":["GET"]}}],"collection":[{"href":"https:\/\/www.daisho.be\/de\/wp-json\/wp\/v2\/product"}],"about":[{"href":"https:\/\/www.daisho.be\/de\/wp-json\/wp\/v2\/types\/product"}],"replies":[{"embeddable":true,"href":"https:\/\/www.daisho.be\/de\/wp-json\/wp\/v2\/comments?post=458004"}],"wp:featuredmedia":[{"embeddable":true,"href":"https:\/\/www.daisho.be\/de\/wp-json\/wp\/v2\/media\/458011"}],"wp:attachment":[{"href":"https:\/\/www.daisho.be\/de\/wp-json\/wp\/v2\/media?parent=458004"}],"wp:term":[{"taxonomy":"product_brand","embeddable":true,"href":"https:\/\/www.daisho.be\/de\/wp-json\/wp\/v2\/product_brand?post=458004"},{"taxonomy":"product_cat","embeddable":true,"href":"https:\/\/www.daisho.be\/de\/wp-json\/wp\/v2\/product_cat?post=458004"},{"taxonomy":"product_tag","embeddable":true,"href":"https:\/\/www.daisho.be\/de\/wp-json\/wp\/v2\/product_tag?post=458004"},{"taxonomy":"sport","embeddable":true,"href":"https:\/\/www.daisho.be\/de\/wp-json\/wp\/v2\/sport?post=458004"}],"curies":[{"name":"wp","href":"https:\/\/api.w.org\/{rel}","templated":true}]}}