{"id":457981,"date":"2021-09-14T16:36:38","date_gmt":"2021-09-14T14:36:38","guid":{"rendered":"https:\/\/www.daisho.be\/produit\/boxsack-adidas-uppercut\/"},"modified":"2025-11-18T15:01:13","modified_gmt":"2025-11-18T14:01:13","slug":"boxsack-adidas-uppercut","status":"publish","type":"product","link":"https:\/\/www.daisho.be\/de\/produit\/boxsack-adidas-uppercut\/","title":{"rendered":"Boxsack adidas Uppercut"},"content":{"rendered":"<p>Der Boxsack Uppercut ist aus robustem Leder.<br \/>\nDieser Uppercut-Boxsack ist ideal zum Trainieren einer Vielzahl von Faustschl\u00e4gen, einschlie\u00dflich des sehr wichtigen Uppercuts.<br \/>\nDer Boxsack ist sehr strapazierf\u00e4hig und eine Bereicherung f\u00fcr Ihr Zuhause oder Ihr Fitnessstudio. Suchen Sie also einen idealen Trainingspartner f\u00fcr eine Vielzahl von Faustschl\u00e4gen? Dann ist dieser Boxsack genau das Richtige f\u00fcr Sie.<br \/>\nDer adidas Uppercut Boxsack ist f\u00fcr jedermann geeignet und insbesondere f\u00fcr diejenigen, die auch dem Punch besondere Aufmerksamkeit schenken m\u00f6chten.<br \/>\nAuch f\u00fcr Knie geeignet.<br \/>\nVorteile:<br \/>\n&#8211; stark und f\u00fcr alle geeignet<br \/>\n&#8211; PU3G &#8211; zu Ihrer Sicherheit gescannt<br \/>\n&#8211; f\u00fcr Haus und Fitnessstudio<br \/>\n&#8211; ideal f\u00fcr Schl\u00e4ge und Tritte<br \/>\n&#8211; wird mit einer 4-Punkt-Kette geliefert<br \/>\n&#8211; Ungef\u00e4hres Gewicht: 36 kg  <\/p>\n","protected":false},"excerpt":{"rendered":"<p>Der Boxsack Uppercut ist aus robustem Leder. Dieser Uppercut-Boxsack ist ideal zum Trainieren einer Vielzahl von Faustschl\u00e4gen, einschlie\u00dflich des sehr wichtigen Uppercuts. Der Boxsack ist sehr strapazierf\u00e4hig und eine Bereicherung f\u00fcr Ihr Zuhause oder Ihr Fitnessstudio. Suchen Sie also einen idealen Trainingspartner f\u00fcr eine Vielzahl von Faustschl\u00e4gen? Dann ist dieser Boxsack genau das Richtige f\u00fcr [&hellip;]<\/p>\n","protected":false},"featured_media":457983,"comment_status":"closed","ping_status":"closed","template":"","meta":{"inline_featured_image":false},"product_brand":[],"product_cat":[2252,2278,2251,2256],"product_tag":[2178,2554],"sport":[],"class_list":{"0":"post-457981","1":"product","2":"type-product","3":"status-publish","4":"has-post-thumbnail","6":"product_cat-boxsacke-und-trainingszubehor","7":"product_cat-boxsacke-und-trainingszubehor-boxen","8":"product_cat-boxsacke-und-trainingszubehor-karate","9":"product_cat-taekwondo-boxsacke-und-trainingszubehor-von-adidas","10":"product_tag-adidas-de","11":"product_tag-kostenvoranschlag","12":"product_shipping_class-schwere-produkte","13":"pa_size-sans-taille-defaut","15":"first","16":"instock","17":"taxable","18":"shipping-taxable","19":"purchasable","20":"product-type-simple"},"yoast_head":"<!-- This site is optimized with the Yoast SEO plugin v27.2 - https:\/\/yoast.com\/product\/yoast-seo-wordpress\/ -->\n<title>Boxsack adidas Uppercut &#8211; Daisho<\/title>\n<meta name=\"description\" content=\"Der Boxsack Uppercut ist aus robustem Leder gefertigt.Dieser Uppercut-Boxsack ist ideal f\u00fcr das Training einer Vielzahl von Faustschl\u00e4gen, einschlie\u00dflich des sehr wichtigen Uppercuts.\" \/>\n<meta name=\"robots\" content=\"index, follow, max-snippet:-1, max-image-preview:large, max-video-preview:-1\" \/>\n<link rel=\"canonical\" href=\"https:\/\/www.daisho.be\/de\/produit\/boxsack-adidas-uppercut\/\" \/>\n<meta property=\"og:locale\" content=\"de_DE\" \/>\n<meta property=\"og:type\" content=\"article\" \/>\n<meta property=\"og:title\" content=\"Boxsack adidas Uppercut &#8211; Daisho\" \/>\n<meta property=\"og:description\" content=\"Der Boxsack Uppercut ist aus robustem Leder gefertigt.Dieser Uppercut-Boxsack ist ideal f\u00fcr das Training einer Vielzahl von Faustschl\u00e4gen, einschlie\u00dflich des sehr wichtigen Uppercuts.\" \/>\n<meta property=\"og:url\" content=\"https:\/\/www.daisho.be\/de\/produit\/boxsack-adidas-uppercut\/\" \/>\n<meta property=\"og:site_name\" content=\"Daisho\" \/>\n<meta property=\"article:modified_time\" content=\"2025-11-18T14:01:13+00:00\" \/>\n<meta property=\"og:image\" content=\"https:\/\/www.daisho.be\/wp-content\/uploads\/2023\/06\/image-15.jpg\" \/>\n\t<meta property=\"og:image:width\" content=\"1920\" \/>\n\t<meta property=\"og:image:height\" content=\"1920\" \/>\n\t<meta property=\"og:image:type\" content=\"image\/jpeg\" \/>\n<meta name=\"twitter:card\" content=\"summary_large_image\" \/>\n<meta name=\"twitter:label1\" content=\"Gesch\u00e4tzte Lesezeit\" \/>\n\t<meta name=\"twitter:data1\" content=\"1\u00a0Minute\" \/>\n<script type=\"application\/ld+json\" class=\"yoast-schema-graph\">{\"@context\":\"https:\/\/schema.org\",\"@graph\":[{\"@type\":\"WebPage\",\"@id\":\"https:\/\/www.daisho.be\/de\/produit\/boxsack-adidas-uppercut\/\",\"url\":\"https:\/\/www.daisho.be\/de\/produit\/boxsack-adidas-uppercut\/\",\"name\":\"Boxsack adidas Uppercut &#8211; Daisho\",\"isPartOf\":{\"@id\":\"https:\/\/www.daisho.be\/de\/#website\"},\"primaryImageOfPage\":{\"@id\":\"https:\/\/www.daisho.be\/de\/produit\/boxsack-adidas-uppercut\/#primaryimage\"},\"image\":{\"@id\":\"https:\/\/www.daisho.be\/de\/produit\/boxsack-adidas-uppercut\/#primaryimage\"},\"thumbnailUrl\":\"https:\/\/www.daisho.be\/wp-content\/uploads\/2023\/06\/image-15.jpg\",\"datePublished\":\"2021-09-14T14:36:38+00:00\",\"dateModified\":\"2025-11-18T14:01:13+00:00\",\"description\":\"Der Boxsack Uppercut ist aus robustem Leder gefertigt.Dieser Uppercut-Boxsack ist ideal f\u00fcr das Training einer Vielzahl von Faustschl\u00e4gen, einschlie\u00dflich des sehr wichtigen Uppercuts.\",\"breadcrumb\":{\"@id\":\"https:\/\/www.daisho.be\/de\/produit\/boxsack-adidas-uppercut\/#breadcrumb\"},\"inLanguage\":\"de\",\"potentialAction\":[{\"@type\":\"ReadAction\",\"target\":[\"https:\/\/www.daisho.be\/de\/produit\/boxsack-adidas-uppercut\/\"]}]},{\"@type\":\"ImageObject\",\"inLanguage\":\"de\",\"@id\":\"https:\/\/www.daisho.be\/de\/produit\/boxsack-adidas-uppercut\/#primaryimage\",\"url\":\"https:\/\/www.daisho.be\/wp-content\/uploads\/2023\/06\/image-15.jpg\",\"contentUrl\":\"https:\/\/www.daisho.be\/wp-content\/uploads\/2023\/06\/image-15.jpg\",\"width\":1920,\"height\":1920,\"caption\":\"Boxsack adidas Uppercut-1\"},{\"@type\":\"BreadcrumbList\",\"@id\":\"https:\/\/www.daisho.be\/de\/produit\/boxsack-adidas-uppercut\/#breadcrumb\",\"itemListElement\":[{\"@type\":\"ListItem\",\"position\":1,\"name\":\"Accueil\",\"item\":\"https:\/\/www.daisho.be\/de\/\"},{\"@type\":\"ListItem\",\"position\":2,\"name\":\"Produkte\",\"item\":\"https:\/\/www.daisho.be\/de\/produkte\/\"},{\"@type\":\"ListItem\",\"position\":3,\"name\":\"ADIDAS COMBAT SPORTS\",\"item\":\"https:\/\/www.daisho.be\/de\/categorie-produit\/adidas-combat-sports-de\/\"},{\"@type\":\"ListItem\",\"position\":4,\"name\":\"MMA\",\"item\":\"https:\/\/www.daisho.be\/de\/categorie-produit\/adidas-combat-sports-de\/mma-de\/\"},{\"@type\":\"ListItem\",\"position\":5,\"name\":\"Boxs\u00e4cke und Trainingszubeh\u00f6r\",\"item\":\"https:\/\/www.daisho.be\/de\/categorie-produit\/adidas-combat-sports-de\/mma-de\/boxsacke-und-trainingszubehor\/\"},{\"@type\":\"ListItem\",\"position\":6,\"name\":\"Boxsack adidas Uppercut\"}]},{\"@type\":\"WebSite\",\"@id\":\"https:\/\/www.daisho.be\/de\/#website\",\"url\":\"https:\/\/www.daisho.be\/de\/\",\"name\":\"Daisho\",\"description\":\"Sp&eacute;cialiste de l'&eacute;quipement sportif d'arts martiaux\",\"publisher\":{\"@id\":\"https:\/\/www.daisho.be\/de\/#organization\"},\"potentialAction\":[{\"@type\":\"SearchAction\",\"target\":{\"@type\":\"EntryPoint\",\"urlTemplate\":\"https:\/\/www.daisho.be\/de\/?s={search_term_string}\"},\"query-input\":{\"@type\":\"PropertyValueSpecification\",\"valueRequired\":true,\"valueName\":\"search_term_string\"}}],\"inLanguage\":\"de\"},{\"@type\":\"Organization\",\"@id\":\"https:\/\/www.daisho.be\/de\/#organization\",\"name\":\"Daisho\",\"url\":\"https:\/\/www.daisho.be\/de\/\",\"logo\":{\"@type\":\"ImageObject\",\"inLanguage\":\"de\",\"@id\":\"https:\/\/www.daisho.be\/de\/#\/schema\/logo\/image\/\",\"url\":\"https:\/\/www.daisho.be\/wp-content\/uploads\/2019\/07\/color-nothing-horizontale4x-e1564486100247.png\",\"contentUrl\":\"https:\/\/www.daisho.be\/wp-content\/uploads\/2019\/07\/color-nothing-horizontale4x-e1564486100247.png\",\"width\":1547,\"height\":385,\"caption\":\"Daisho\"},\"image\":{\"@id\":\"https:\/\/www.daisho.be\/de\/#\/schema\/logo\/image\/\"}}]}<\/script>\n<!-- \/ Yoast SEO plugin. -->","yoast_head_json":{"title":"Boxsack adidas Uppercut &#8211; Daisho","description":"Der Boxsack Uppercut ist aus robustem Leder gefertigt.Dieser Uppercut-Boxsack ist ideal f\u00fcr das Training einer Vielzahl von Faustschl\u00e4gen, einschlie\u00dflich des sehr wichtigen Uppercuts.","robots":{"index":"index","follow":"follow","max-snippet":"max-snippet:-1","max-image-preview":"max-image-preview:large","max-video-preview":"max-video-preview:-1"},"canonical":"https:\/\/www.daisho.be\/de\/produit\/boxsack-adidas-uppercut\/","og_locale":"de_DE","og_type":"article","og_title":"Boxsack adidas Uppercut &#8211; Daisho","og_description":"Der Boxsack Uppercut ist aus robustem Leder gefertigt.Dieser Uppercut-Boxsack ist ideal f\u00fcr das Training einer Vielzahl von Faustschl\u00e4gen, einschlie\u00dflich des sehr wichtigen Uppercuts.","og_url":"https:\/\/www.daisho.be\/de\/produit\/boxsack-adidas-uppercut\/","og_site_name":"Daisho","article_modified_time":"2025-11-18T14:01:13+00:00","og_image":[{"width":1920,"height":1920,"url":"https:\/\/www.daisho.be\/wp-content\/uploads\/2023\/06\/image-15.jpg","type":"image\/jpeg"}],"twitter_card":"summary_large_image","twitter_misc":{"Gesch\u00e4tzte Lesezeit":"1\u00a0Minute"},"schema":{"@context":"https:\/\/schema.org","@graph":[{"@type":"WebPage","@id":"https:\/\/www.daisho.be\/de\/produit\/boxsack-adidas-uppercut\/","url":"https:\/\/www.daisho.be\/de\/produit\/boxsack-adidas-uppercut\/","name":"Boxsack adidas Uppercut &#8211; Daisho","isPartOf":{"@id":"https:\/\/www.daisho.be\/de\/#website"},"primaryImageOfPage":{"@id":"https:\/\/www.daisho.be\/de\/produit\/boxsack-adidas-uppercut\/#primaryimage"},"image":{"@id":"https:\/\/www.daisho.be\/de\/produit\/boxsack-adidas-uppercut\/#primaryimage"},"thumbnailUrl":"https:\/\/www.daisho.be\/wp-content\/uploads\/2023\/06\/image-15.jpg","datePublished":"2021-09-14T14:36:38+00:00","dateModified":"2025-11-18T14:01:13+00:00","description":"Der Boxsack Uppercut ist aus robustem Leder gefertigt.Dieser Uppercut-Boxsack ist ideal f\u00fcr das Training einer Vielzahl von Faustschl\u00e4gen, einschlie\u00dflich des sehr wichtigen Uppercuts.","breadcrumb":{"@id":"https:\/\/www.daisho.be\/de\/produit\/boxsack-adidas-uppercut\/#breadcrumb"},"inLanguage":"de","potentialAction":[{"@type":"ReadAction","target":["https:\/\/www.daisho.be\/de\/produit\/boxsack-adidas-uppercut\/"]}]},{"@type":"ImageObject","inLanguage":"de","@id":"https:\/\/www.daisho.be\/de\/produit\/boxsack-adidas-uppercut\/#primaryimage","url":"https:\/\/www.daisho.be\/wp-content\/uploads\/2023\/06\/image-15.jpg","contentUrl":"https:\/\/www.daisho.be\/wp-content\/uploads\/2023\/06\/image-15.jpg","width":1920,"height":1920,"caption":"Boxsack adidas Uppercut-1"},{"@type":"BreadcrumbList","@id":"https:\/\/www.daisho.be\/de\/produit\/boxsack-adidas-uppercut\/#breadcrumb","itemListElement":[{"@type":"ListItem","position":1,"name":"Accueil","item":"https:\/\/www.daisho.be\/de\/"},{"@type":"ListItem","position":2,"name":"Produkte","item":"https:\/\/www.daisho.be\/de\/produkte\/"},{"@type":"ListItem","position":3,"name":"ADIDAS COMBAT SPORTS","item":"https:\/\/www.daisho.be\/de\/categorie-produit\/adidas-combat-sports-de\/"},{"@type":"ListItem","position":4,"name":"MMA","item":"https:\/\/www.daisho.be\/de\/categorie-produit\/adidas-combat-sports-de\/mma-de\/"},{"@type":"ListItem","position":5,"name":"Boxs\u00e4cke und Trainingszubeh\u00f6r","item":"https:\/\/www.daisho.be\/de\/categorie-produit\/adidas-combat-sports-de\/mma-de\/boxsacke-und-trainingszubehor\/"},{"@type":"ListItem","position":6,"name":"Boxsack adidas Uppercut"}]},{"@type":"WebSite","@id":"https:\/\/www.daisho.be\/de\/#website","url":"https:\/\/www.daisho.be\/de\/","name":"Daisho","description":"Sp&eacute;cialiste de l'&eacute;quipement sportif d'arts martiaux","publisher":{"@id":"https:\/\/www.daisho.be\/de\/#organization"},"potentialAction":[{"@type":"SearchAction","target":{"@type":"EntryPoint","urlTemplate":"https:\/\/www.daisho.be\/de\/?s={search_term_string}"},"query-input":{"@type":"PropertyValueSpecification","valueRequired":true,"valueName":"search_term_string"}}],"inLanguage":"de"},{"@type":"Organization","@id":"https:\/\/www.daisho.be\/de\/#organization","name":"Daisho","url":"https:\/\/www.daisho.be\/de\/","logo":{"@type":"ImageObject","inLanguage":"de","@id":"https:\/\/www.daisho.be\/de\/#\/schema\/logo\/image\/","url":"https:\/\/www.daisho.be\/wp-content\/uploads\/2019\/07\/color-nothing-horizontale4x-e1564486100247.png","contentUrl":"https:\/\/www.daisho.be\/wp-content\/uploads\/2019\/07\/color-nothing-horizontale4x-e1564486100247.png","width":1547,"height":385,"caption":"Daisho"},"image":{"@id":"https:\/\/www.daisho.be\/de\/#\/schema\/logo\/image\/"}}]}},"_links":{"self":[{"href":"https:\/\/www.daisho.be\/de\/wp-json\/wp\/v2\/product\/457981","targetHints":{"allow":["GET"]}}],"collection":[{"href":"https:\/\/www.daisho.be\/de\/wp-json\/wp\/v2\/product"}],"about":[{"href":"https:\/\/www.daisho.be\/de\/wp-json\/wp\/v2\/types\/product"}],"replies":[{"embeddable":true,"href":"https:\/\/www.daisho.be\/de\/wp-json\/wp\/v2\/comments?post=457981"}],"wp:featuredmedia":[{"embeddable":true,"href":"https:\/\/www.daisho.be\/de\/wp-json\/wp\/v2\/media\/457983"}],"wp:attachment":[{"href":"https:\/\/www.daisho.be\/de\/wp-json\/wp\/v2\/media?parent=457981"}],"wp:term":[{"taxonomy":"product_brand","embeddable":true,"href":"https:\/\/www.daisho.be\/de\/wp-json\/wp\/v2\/product_brand?post=457981"},{"taxonomy":"product_cat","embeddable":true,"href":"https:\/\/www.daisho.be\/de\/wp-json\/wp\/v2\/product_cat?post=457981"},{"taxonomy":"product_tag","embeddable":true,"href":"https:\/\/www.daisho.be\/de\/wp-json\/wp\/v2\/product_tag?post=457981"},{"taxonomy":"sport","embeddable":true,"href":"https:\/\/www.daisho.be\/de\/wp-json\/wp\/v2\/sport?post=457981"}],"curies":[{"name":"wp","href":"https:\/\/api.w.org\/{rel}","templated":true}]}}