{"id":457791,"date":"2021-12-01T22:55:04","date_gmt":"2021-12-01T21:55:04","guid":{"rendered":"https:\/\/www.daisho.be\/produit\/adidas-hybrid-75-pocket-handschuhe-schwarz-weiss\/"},"modified":"2025-03-03T14:44:47","modified_gmt":"2025-03-03T13:44:47","slug":"adidas-hybrid-75-pocket-handschuhe-schwarz-weiss","status":"publish","type":"product","link":"https:\/\/www.daisho.be\/de\/produit\/adidas-hybrid-75-pocket-handschuhe-schwarz-weiss\/","title":{"rendered":"adidas Hybrid 75 Pocket Handschuhe Schwarz\/Wei\u00df"},"content":{"rendered":"<p>Der Taschenhandschuh Hybrid 75 wurde f\u00fcr den Kampfk\u00fcnstler entwickelt, der einen anst\u00e4ndigen Taschenhandschuh sucht.<br \/>\nDiese Hybrid-Taschenhandschuhe haben eine perfekte Polsterung, die die H\u00e4nde maximal sch\u00fctzt. Der Taschenhandschuh hat einen sch\u00f6nen Schnitt. Der Taschenhandschuh besteht aus PU von h\u00f6chstm\u00f6glicher Qualit\u00e4t. Das Mesh auf der Innenseite der Handfl\u00e4che sorgt f\u00fcr zus\u00e4tzliche Bel\u00fcftung und der geschlossene Daumen bietet etwas zus\u00e4tzlichen Schutz. Diese Taschenhandschuhe eignen sich f\u00fcr Anf\u00e4nger und Amateure.<br \/>\nDer Handschuh eignet sich f\u00fcr Anf\u00e4nger und Profis, die eine hohe Qualit\u00e4t mit den neuesten Technologien w\u00fcnschen. Diese adidas-Handschuhe eignen sich f\u00fcr das Training am Pad und am Boxsack.<br \/>\nVorteile: &#8211;<br \/>\n&#8211; PU von h\u00f6chster Qualit\u00e4t<br \/>\n&#8211; Feste und sch\u00fctzende Polsterung<br \/>\n&#8211; Vorgeformt f\u00fcr die Faust<br \/>\n&#8211; Sto\u00dfd\u00e4mpfung f\u00fcr mehr Komfort<br \/>\n&#8211; Ideal f\u00fcr das Training am Pad und am Boxsack<br \/>\n&#8211; Mesh auf der Innenseite     <\/p>\n","protected":false},"excerpt":{"rendered":"<p>Der Taschenhandschuh Hybrid 75 wurde f\u00fcr den Kampfk\u00fcnstler entwickelt, der einen anst\u00e4ndigen Taschenhandschuh sucht. Diese Hybrid-Taschenhandschuhe haben eine perfekte Polsterung, die die H\u00e4nde maximal sch\u00fctzt. Der Taschenhandschuh hat einen sch\u00f6nen Schnitt. Der Taschenhandschuh besteht aus PU von h\u00f6chstm\u00f6glicher Qualit\u00e4t. Das Mesh auf der Innenseite der Handfl\u00e4che sorgt f\u00fcr zus\u00e4tzliche Bel\u00fcftung und der geschlossene Daumen bietet [&hellip;]<\/p>\n","protected":false},"featured_media":457798,"comment_status":"open","ping_status":"closed","template":"","meta":{"inline_featured_image":false},"product_brand":[],"product_cat":[2306,2277],"product_tag":[2178],"sport":[],"class_list":{"0":"post-457791","1":"product","2":"type-product","3":"status-publish","4":"has-post-thumbnail","6":"product_cat-boxhandschuhe-adidas","7":"product_cat-kick-boxing-protektoren-adidas","8":"product_tag-adidas-de","9":"pa_size-l-xl-2","10":"pa_size-s-m-2","12":"first","13":"instock","14":"taxable","15":"shipping-taxable","16":"purchasable","17":"product-type-variable"},"yoast_head":"<!-- This site is optimized with the Yoast SEO plugin v27.2 - https:\/\/yoast.com\/product\/yoast-seo-wordpress\/ -->\n<title>adidas Hybrid 75 Pocket Handschuhe Schwarz\/Wei\u00df &#8211; Daisho<\/title>\n<meta name=\"description\" content=\"Entdecken Sie die Taschenhandschuhe Hybrid. Diese Handschuhe bieten perfekten Schutz f\u00fcr die H\u00e4nde. Kaufen Sie sie auf unserer Website www.daisho.be|Daisho\" \/>\n<meta name=\"robots\" content=\"index, follow, max-snippet:-1, max-image-preview:large, max-video-preview:-1\" \/>\n<link rel=\"canonical\" href=\"https:\/\/www.daisho.be\/de\/produit\/adidas-hybrid-75-pocket-handschuhe-schwarz-weiss\/\" \/>\n<meta property=\"og:locale\" content=\"de_DE\" \/>\n<meta property=\"og:type\" content=\"article\" \/>\n<meta property=\"og:title\" content=\"adidas Hybrid 75 Pocket Handschuhe Schwarz\/Wei\u00df &#8211; Daisho\" \/>\n<meta property=\"og:description\" content=\"Entdecken Sie die Taschenhandschuhe Hybrid. Diese Handschuhe bieten perfekten Schutz f\u00fcr die H\u00e4nde. Kaufen Sie sie auf unserer Website www.daisho.be|Daisho\" \/>\n<meta property=\"og:url\" content=\"https:\/\/www.daisho.be\/de\/produit\/adidas-hybrid-75-pocket-handschuhe-schwarz-weiss\/\" \/>\n<meta property=\"og:site_name\" content=\"Daisho\" \/>\n<meta property=\"article:modified_time\" content=\"2025-03-03T13:44:47+00:00\" \/>\n<meta property=\"og:image\" content=\"https:\/\/www.daisho.be\/wp-content\/uploads\/2022\/02\/image-74.jpg\" \/>\n\t<meta property=\"og:image:width\" content=\"65\" \/>\n\t<meta property=\"og:image:height\" content=\"65\" \/>\n\t<meta property=\"og:image:type\" content=\"image\/jpeg\" \/>\n<meta name=\"twitter:card\" content=\"summary_large_image\" \/>\n<meta name=\"twitter:label1\" content=\"Gesch\u00e4tzte Lesezeit\" \/>\n\t<meta name=\"twitter:data1\" content=\"1\u00a0Minute\" \/>\n<script type=\"application\/ld+json\" class=\"yoast-schema-graph\">{\"@context\":\"https:\/\/schema.org\",\"@graph\":[{\"@type\":\"WebPage\",\"@id\":\"https:\/\/www.daisho.be\/de\/produit\/adidas-hybrid-75-pocket-handschuhe-schwarz-weiss\/\",\"url\":\"https:\/\/www.daisho.be\/de\/produit\/adidas-hybrid-75-pocket-handschuhe-schwarz-weiss\/\",\"name\":\"adidas Hybrid 75 Pocket Handschuhe Schwarz\/Wei\u00df &#8211; Daisho\",\"isPartOf\":{\"@id\":\"https:\/\/www.daisho.be\/de\/#website\"},\"primaryImageOfPage\":{\"@id\":\"https:\/\/www.daisho.be\/de\/produit\/adidas-hybrid-75-pocket-handschuhe-schwarz-weiss\/#primaryimage\"},\"image\":{\"@id\":\"https:\/\/www.daisho.be\/de\/produit\/adidas-hybrid-75-pocket-handschuhe-schwarz-weiss\/#primaryimage\"},\"thumbnailUrl\":\"https:\/\/www.daisho.be\/wp-content\/uploads\/2022\/02\/image-74.jpg\",\"datePublished\":\"2021-12-01T21:55:04+00:00\",\"dateModified\":\"2025-03-03T13:44:47+00:00\",\"description\":\"Entdecken Sie die Taschenhandschuhe Hybrid. Diese Handschuhe bieten perfekten Schutz f\u00fcr die H\u00e4nde. Kaufen Sie sie auf unserer Website www.daisho.be|Daisho\",\"breadcrumb\":{\"@id\":\"https:\/\/www.daisho.be\/de\/produit\/adidas-hybrid-75-pocket-handschuhe-schwarz-weiss\/#breadcrumb\"},\"inLanguage\":\"de\",\"potentialAction\":[{\"@type\":\"ReadAction\",\"target\":[\"https:\/\/www.daisho.be\/de\/produit\/adidas-hybrid-75-pocket-handschuhe-schwarz-weiss\/\"]}]},{\"@type\":\"ImageObject\",\"inLanguage\":\"de\",\"@id\":\"https:\/\/www.daisho.be\/de\/produit\/adidas-hybrid-75-pocket-handschuhe-schwarz-weiss\/#primaryimage\",\"url\":\"https:\/\/www.daisho.be\/wp-content\/uploads\/2022\/02\/image-74.jpg\",\"contentUrl\":\"https:\/\/www.daisho.be\/wp-content\/uploads\/2022\/02\/image-74.jpg\",\"width\":65,\"height\":65,\"caption\":\"adidas Hybrid 75 Pocket Handschuhe Schwarz\/Wei\u00df-1\"},{\"@type\":\"BreadcrumbList\",\"@id\":\"https:\/\/www.daisho.be\/de\/produit\/adidas-hybrid-75-pocket-handschuhe-schwarz-weiss\/#breadcrumb\",\"itemListElement\":[{\"@type\":\"ListItem\",\"position\":1,\"name\":\"Accueil\",\"item\":\"https:\/\/www.daisho.be\/de\/\"},{\"@type\":\"ListItem\",\"position\":2,\"name\":\"Produkte\",\"item\":\"https:\/\/www.daisho.be\/de\/produkte\/\"},{\"@type\":\"ListItem\",\"position\":3,\"name\":\"ADIDAS COMBAT SPORTS\",\"item\":\"https:\/\/www.daisho.be\/de\/categorie-produit\/adidas-combat-sports-de\/\"},{\"@type\":\"ListItem\",\"position\":4,\"name\":\"Boxen\",\"item\":\"https:\/\/www.daisho.be\/de\/categorie-produit\/adidas-combat-sports-de\/boxen\/\"},{\"@type\":\"ListItem\",\"position\":5,\"name\":\"Boxhandschuhe Adidas\",\"item\":\"https:\/\/www.daisho.be\/de\/categorie-produit\/adidas-combat-sports-de\/boxen\/boxhandschuhe-adidas\/\"},{\"@type\":\"ListItem\",\"position\":6,\"name\":\"adidas Hybrid 75 Pocket Handschuhe Schwarz\/Wei\u00df\"}]},{\"@type\":\"WebSite\",\"@id\":\"https:\/\/www.daisho.be\/de\/#website\",\"url\":\"https:\/\/www.daisho.be\/de\/\",\"name\":\"Daisho\",\"description\":\"Sp&eacute;cialiste de l'&eacute;quipement sportif d'arts martiaux\",\"publisher\":{\"@id\":\"https:\/\/www.daisho.be\/de\/#organization\"},\"potentialAction\":[{\"@type\":\"SearchAction\",\"target\":{\"@type\":\"EntryPoint\",\"urlTemplate\":\"https:\/\/www.daisho.be\/de\/?s={search_term_string}\"},\"query-input\":{\"@type\":\"PropertyValueSpecification\",\"valueRequired\":true,\"valueName\":\"search_term_string\"}}],\"inLanguage\":\"de\"},{\"@type\":\"Organization\",\"@id\":\"https:\/\/www.daisho.be\/de\/#organization\",\"name\":\"Daisho\",\"url\":\"https:\/\/www.daisho.be\/de\/\",\"logo\":{\"@type\":\"ImageObject\",\"inLanguage\":\"de\",\"@id\":\"https:\/\/www.daisho.be\/de\/#\/schema\/logo\/image\/\",\"url\":\"https:\/\/www.daisho.be\/wp-content\/uploads\/2019\/07\/color-nothing-horizontale4x-e1564486100247.png\",\"contentUrl\":\"https:\/\/www.daisho.be\/wp-content\/uploads\/2019\/07\/color-nothing-horizontale4x-e1564486100247.png\",\"width\":1547,\"height\":385,\"caption\":\"Daisho\"},\"image\":{\"@id\":\"https:\/\/www.daisho.be\/de\/#\/schema\/logo\/image\/\"}}]}<\/script>\n<!-- \/ Yoast SEO plugin. -->","yoast_head_json":{"title":"adidas Hybrid 75 Pocket Handschuhe Schwarz\/Wei\u00df &#8211; Daisho","description":"Entdecken Sie die Taschenhandschuhe Hybrid. Diese Handschuhe bieten perfekten Schutz f\u00fcr die H\u00e4nde. Kaufen Sie sie auf unserer Website www.daisho.be|Daisho","robots":{"index":"index","follow":"follow","max-snippet":"max-snippet:-1","max-image-preview":"max-image-preview:large","max-video-preview":"max-video-preview:-1"},"canonical":"https:\/\/www.daisho.be\/de\/produit\/adidas-hybrid-75-pocket-handschuhe-schwarz-weiss\/","og_locale":"de_DE","og_type":"article","og_title":"adidas Hybrid 75 Pocket Handschuhe Schwarz\/Wei\u00df &#8211; Daisho","og_description":"Entdecken Sie die Taschenhandschuhe Hybrid. Diese Handschuhe bieten perfekten Schutz f\u00fcr die H\u00e4nde. Kaufen Sie sie auf unserer Website www.daisho.be|Daisho","og_url":"https:\/\/www.daisho.be\/de\/produit\/adidas-hybrid-75-pocket-handschuhe-schwarz-weiss\/","og_site_name":"Daisho","article_modified_time":"2025-03-03T13:44:47+00:00","og_image":[{"width":65,"height":65,"url":"https:\/\/www.daisho.be\/wp-content\/uploads\/2022\/02\/image-74.jpg","type":"image\/jpeg"}],"twitter_card":"summary_large_image","twitter_misc":{"Gesch\u00e4tzte Lesezeit":"1\u00a0Minute"},"schema":{"@context":"https:\/\/schema.org","@graph":[{"@type":"WebPage","@id":"https:\/\/www.daisho.be\/de\/produit\/adidas-hybrid-75-pocket-handschuhe-schwarz-weiss\/","url":"https:\/\/www.daisho.be\/de\/produit\/adidas-hybrid-75-pocket-handschuhe-schwarz-weiss\/","name":"adidas Hybrid 75 Pocket Handschuhe Schwarz\/Wei\u00df &#8211; Daisho","isPartOf":{"@id":"https:\/\/www.daisho.be\/de\/#website"},"primaryImageOfPage":{"@id":"https:\/\/www.daisho.be\/de\/produit\/adidas-hybrid-75-pocket-handschuhe-schwarz-weiss\/#primaryimage"},"image":{"@id":"https:\/\/www.daisho.be\/de\/produit\/adidas-hybrid-75-pocket-handschuhe-schwarz-weiss\/#primaryimage"},"thumbnailUrl":"https:\/\/www.daisho.be\/wp-content\/uploads\/2022\/02\/image-74.jpg","datePublished":"2021-12-01T21:55:04+00:00","dateModified":"2025-03-03T13:44:47+00:00","description":"Entdecken Sie die Taschenhandschuhe Hybrid. Diese Handschuhe bieten perfekten Schutz f\u00fcr die H\u00e4nde. Kaufen Sie sie auf unserer Website www.daisho.be|Daisho","breadcrumb":{"@id":"https:\/\/www.daisho.be\/de\/produit\/adidas-hybrid-75-pocket-handschuhe-schwarz-weiss\/#breadcrumb"},"inLanguage":"de","potentialAction":[{"@type":"ReadAction","target":["https:\/\/www.daisho.be\/de\/produit\/adidas-hybrid-75-pocket-handschuhe-schwarz-weiss\/"]}]},{"@type":"ImageObject","inLanguage":"de","@id":"https:\/\/www.daisho.be\/de\/produit\/adidas-hybrid-75-pocket-handschuhe-schwarz-weiss\/#primaryimage","url":"https:\/\/www.daisho.be\/wp-content\/uploads\/2022\/02\/image-74.jpg","contentUrl":"https:\/\/www.daisho.be\/wp-content\/uploads\/2022\/02\/image-74.jpg","width":65,"height":65,"caption":"adidas Hybrid 75 Pocket Handschuhe Schwarz\/Wei\u00df-1"},{"@type":"BreadcrumbList","@id":"https:\/\/www.daisho.be\/de\/produit\/adidas-hybrid-75-pocket-handschuhe-schwarz-weiss\/#breadcrumb","itemListElement":[{"@type":"ListItem","position":1,"name":"Accueil","item":"https:\/\/www.daisho.be\/de\/"},{"@type":"ListItem","position":2,"name":"Produkte","item":"https:\/\/www.daisho.be\/de\/produkte\/"},{"@type":"ListItem","position":3,"name":"ADIDAS COMBAT SPORTS","item":"https:\/\/www.daisho.be\/de\/categorie-produit\/adidas-combat-sports-de\/"},{"@type":"ListItem","position":4,"name":"Boxen","item":"https:\/\/www.daisho.be\/de\/categorie-produit\/adidas-combat-sports-de\/boxen\/"},{"@type":"ListItem","position":5,"name":"Boxhandschuhe Adidas","item":"https:\/\/www.daisho.be\/de\/categorie-produit\/adidas-combat-sports-de\/boxen\/boxhandschuhe-adidas\/"},{"@type":"ListItem","position":6,"name":"adidas Hybrid 75 Pocket Handschuhe Schwarz\/Wei\u00df"}]},{"@type":"WebSite","@id":"https:\/\/www.daisho.be\/de\/#website","url":"https:\/\/www.daisho.be\/de\/","name":"Daisho","description":"Sp&eacute;cialiste de l'&eacute;quipement sportif d'arts martiaux","publisher":{"@id":"https:\/\/www.daisho.be\/de\/#organization"},"potentialAction":[{"@type":"SearchAction","target":{"@type":"EntryPoint","urlTemplate":"https:\/\/www.daisho.be\/de\/?s={search_term_string}"},"query-input":{"@type":"PropertyValueSpecification","valueRequired":true,"valueName":"search_term_string"}}],"inLanguage":"de"},{"@type":"Organization","@id":"https:\/\/www.daisho.be\/de\/#organization","name":"Daisho","url":"https:\/\/www.daisho.be\/de\/","logo":{"@type":"ImageObject","inLanguage":"de","@id":"https:\/\/www.daisho.be\/de\/#\/schema\/logo\/image\/","url":"https:\/\/www.daisho.be\/wp-content\/uploads\/2019\/07\/color-nothing-horizontale4x-e1564486100247.png","contentUrl":"https:\/\/www.daisho.be\/wp-content\/uploads\/2019\/07\/color-nothing-horizontale4x-e1564486100247.png","width":1547,"height":385,"caption":"Daisho"},"image":{"@id":"https:\/\/www.daisho.be\/de\/#\/schema\/logo\/image\/"}}]}},"_links":{"self":[{"href":"https:\/\/www.daisho.be\/de\/wp-json\/wp\/v2\/product\/457791","targetHints":{"allow":["GET"]}}],"collection":[{"href":"https:\/\/www.daisho.be\/de\/wp-json\/wp\/v2\/product"}],"about":[{"href":"https:\/\/www.daisho.be\/de\/wp-json\/wp\/v2\/types\/product"}],"replies":[{"embeddable":true,"href":"https:\/\/www.daisho.be\/de\/wp-json\/wp\/v2\/comments?post=457791"}],"wp:featuredmedia":[{"embeddable":true,"href":"https:\/\/www.daisho.be\/de\/wp-json\/wp\/v2\/media\/457798"}],"wp:attachment":[{"href":"https:\/\/www.daisho.be\/de\/wp-json\/wp\/v2\/media?parent=457791"}],"wp:term":[{"taxonomy":"product_brand","embeddable":true,"href":"https:\/\/www.daisho.be\/de\/wp-json\/wp\/v2\/product_brand?post=457791"},{"taxonomy":"product_cat","embeddable":true,"href":"https:\/\/www.daisho.be\/de\/wp-json\/wp\/v2\/product_cat?post=457791"},{"taxonomy":"product_tag","embeddable":true,"href":"https:\/\/www.daisho.be\/de\/wp-json\/wp\/v2\/product_tag?post=457791"},{"taxonomy":"sport","embeddable":true,"href":"https:\/\/www.daisho.be\/de\/wp-json\/wp\/v2\/sport?post=457791"}],"curies":[{"name":"wp","href":"https:\/\/api.w.org\/{rel}","templated":true}]}}