{"id":457697,"date":"2021-12-22T16:24:15","date_gmt":"2021-12-22T15:24:15","guid":{"rendered":"https:\/\/www.daisho.be\/produit\/adidas-k200-karategi-fuer-kinder-weiss-pink\/"},"modified":"2025-12-24T08:30:16","modified_gmt":"2025-12-24T07:30:16","slug":"adidas-k200-karategi-fuer-kinder-weiss-pink","status":"publish","type":"product","link":"https:\/\/www.daisho.be\/de\/produit\/adidas-k200-karategi-fuer-kinder-weiss-pink\/","title":{"rendered":"adidas K200 Karategi f\u00fcr Kinder Wei\u00df\/Pink"},"content":{"rendered":"<p>Der adidas Karategi K200E ist der Karategi oder Kimono, der mit Ihren Kindern mitw\u00e4chst.<br \/>\nDer Karategi ist aus einem weichen Material, 60% Polyester und 40% Baumwolle, gefertigt, wodurch er beim Training angenehm zu tragen ist.<br \/>\nDer Bund der Hose ist mit einem Gummiband versehen.<br \/>\nDer Karategi wird mit einem wei\u00dfen G\u00fcrtel geliefert.<br \/>\nVorteile:<br \/>\n&#8211; Der Karategi ist leicht zu taillieren<br \/>\n&#8211; Sehr flexibel<br \/>\n&#8211; Gute Passform<br \/>\n&#8211; Inklusive wei\u00dfem G\u00fcrtel.<\/p>\n","protected":false},"excerpt":{"rendered":"<p>Der adidas Karategi K200E ist der Karategi oder Kimono, der mit Ihren Kindern mitw\u00e4chst. Der Karategi ist aus einem weichen Material, 60% Polyester und 40% Baumwolle, gefertigt, wodurch er beim Training angenehm zu tragen ist. Der Bund der Hose ist mit einem Gummiband versehen. Der Karategi wird mit einem wei\u00dfen G\u00fcrtel geliefert. Vorteile: &#8211; Der [&hellip;]<\/p>\n","protected":false},"featured_media":457704,"comment_status":"open","ping_status":"closed","template":"","meta":{"inline_featured_image":false},"product_brand":[],"product_cat":[2008,2184,2118],"product_tag":[2178],"sport":[],"class_list":{"0":"post-457697","1":"product","2":"type-product","3":"status-publish","4":"has-post-thumbnail","6":"product_cat-karate-kimonos-de","7":"product_cat-kimono-karategi-adidas-de","8":"product_cat-kleidung-kimonos","9":"product_tag-adidas-de","10":"pa_size-120-130","11":"pa_size-130-140","12":"pa_size-140-150","13":"pa_size-150-160","15":"first","16":"instock","17":"taxable","18":"shipping-taxable","19":"purchasable","20":"product-type-variable"},"yoast_head":"<!-- This site is optimized with the Yoast SEO plugin v27.2 - https:\/\/yoast.com\/product\/yoast-seo-wordpress\/ -->\n<title>adidas K200 Karategi f\u00fcr Kinder Wei\u00df\/Pink &#8211; Daisho<\/title>\n<meta name=\"description\" content=\"Der Karategi k200 wurde speziell f\u00fcr Kinder entwickelt. Kaufen Sie es auf www.daisho.be und erhalten Sie den wei\u00dfen G\u00fcrtel gleich mitgeliefert.\" \/>\n<meta name=\"robots\" content=\"index, follow, max-snippet:-1, max-image-preview:large, max-video-preview:-1\" \/>\n<link rel=\"canonical\" href=\"https:\/\/www.daisho.be\/de\/produit\/adidas-k200-karategi-fuer-kinder-weiss-pink\/\" \/>\n<meta property=\"og:locale\" content=\"de_DE\" \/>\n<meta property=\"og:type\" content=\"article\" \/>\n<meta property=\"og:title\" content=\"adidas K200 Karategi f\u00fcr Kinder Wei\u00df\/Pink &#8211; Daisho\" \/>\n<meta property=\"og:description\" content=\"Der Karategi k200 wurde speziell f\u00fcr Kinder entwickelt. Kaufen Sie es auf www.daisho.be und erhalten Sie den wei\u00dfen G\u00fcrtel gleich mitgeliefert.\" \/>\n<meta property=\"og:url\" content=\"https:\/\/www.daisho.be\/de\/produit\/adidas-k200-karategi-fuer-kinder-weiss-pink\/\" \/>\n<meta property=\"og:site_name\" content=\"Daisho\" \/>\n<meta property=\"article:modified_time\" content=\"2025-12-24T07:30:16+00:00\" \/>\n<meta property=\"og:image\" content=\"https:\/\/www.daisho.be\/wp-content\/uploads\/2023\/05\/image-20.jpg\" \/>\n\t<meta property=\"og:image:width\" content=\"650\" \/>\n\t<meta property=\"og:image:height\" content=\"650\" \/>\n\t<meta property=\"og:image:type\" content=\"image\/jpeg\" \/>\n<meta name=\"twitter:card\" content=\"summary_large_image\" \/>\n<script type=\"application\/ld+json\" class=\"yoast-schema-graph\">{\"@context\":\"https:\/\/schema.org\",\"@graph\":[{\"@type\":\"WebPage\",\"@id\":\"https:\/\/www.daisho.be\/de\/produit\/adidas-k200-karategi-fuer-kinder-weiss-pink\/\",\"url\":\"https:\/\/www.daisho.be\/de\/produit\/adidas-k200-karategi-fuer-kinder-weiss-pink\/\",\"name\":\"adidas K200 Karategi f\u00fcr Kinder Wei\u00df\/Pink &#8211; Daisho\",\"isPartOf\":{\"@id\":\"https:\/\/www.daisho.be\/de\/#website\"},\"primaryImageOfPage\":{\"@id\":\"https:\/\/www.daisho.be\/de\/produit\/adidas-k200-karategi-fuer-kinder-weiss-pink\/#primaryimage\"},\"image\":{\"@id\":\"https:\/\/www.daisho.be\/de\/produit\/adidas-k200-karategi-fuer-kinder-weiss-pink\/#primaryimage\"},\"thumbnailUrl\":\"https:\/\/www.daisho.be\/wp-content\/uploads\/2023\/05\/image-20.jpg\",\"datePublished\":\"2021-12-22T15:24:15+00:00\",\"dateModified\":\"2025-12-24T07:30:16+00:00\",\"description\":\"Der Karategi k200 wurde speziell f\u00fcr Kinder entwickelt. Kaufen Sie es auf www.daisho.be und erhalten Sie den wei\u00dfen G\u00fcrtel gleich mitgeliefert.\",\"breadcrumb\":{\"@id\":\"https:\/\/www.daisho.be\/de\/produit\/adidas-k200-karategi-fuer-kinder-weiss-pink\/#breadcrumb\"},\"inLanguage\":\"de\",\"potentialAction\":[{\"@type\":\"ReadAction\",\"target\":[\"https:\/\/www.daisho.be\/de\/produit\/adidas-k200-karategi-fuer-kinder-weiss-pink\/\"]}]},{\"@type\":\"ImageObject\",\"inLanguage\":\"de\",\"@id\":\"https:\/\/www.daisho.be\/de\/produit\/adidas-k200-karategi-fuer-kinder-weiss-pink\/#primaryimage\",\"url\":\"https:\/\/www.daisho.be\/wp-content\/uploads\/2023\/05\/image-20.jpg\",\"contentUrl\":\"https:\/\/www.daisho.be\/wp-content\/uploads\/2023\/05\/image-20.jpg\",\"width\":650,\"height\":650,\"caption\":\"Karategi adidas K200 Kind Wei\u00df\/Rosa-1\"},{\"@type\":\"BreadcrumbList\",\"@id\":\"https:\/\/www.daisho.be\/de\/produit\/adidas-k200-karategi-fuer-kinder-weiss-pink\/#breadcrumb\",\"itemListElement\":[{\"@type\":\"ListItem\",\"position\":1,\"name\":\"Accueil\",\"item\":\"https:\/\/www.daisho.be\/de\/\"},{\"@type\":\"ListItem\",\"position\":2,\"name\":\"Produkte\",\"item\":\"https:\/\/www.daisho.be\/de\/produkte\/\"},{\"@type\":\"ListItem\",\"position\":3,\"name\":\"Ausr\u00fcstung und Kleidung f\u00fcr Kampfkunst und Kampfsport\",\"item\":\"https:\/\/www.daisho.be\/de\/categorie-produit\/ausrustung-und-kleidung-fur-kampfkunst-und-kampfsport\/\"},{\"@type\":\"ListItem\",\"position\":4,\"name\":\"Karate\",\"item\":\"https:\/\/www.daisho.be\/de\/categorie-produit\/ausrustung-und-kleidung-fur-kampfkunst-und-kampfsport\/karate-de-2\/\"},{\"@type\":\"ListItem\",\"position\":5,\"name\":\"Karate-Kimonos\",\"item\":\"https:\/\/www.daisho.be\/de\/categorie-produit\/ausrustung-und-kleidung-fur-kampfkunst-und-kampfsport\/karate-de-2\/karate-kimonos-de\/\"},{\"@type\":\"ListItem\",\"position\":6,\"name\":\"adidas K200 Karategi f\u00fcr Kinder Wei\u00df\/Pink\"}]},{\"@type\":\"WebSite\",\"@id\":\"https:\/\/www.daisho.be\/de\/#website\",\"url\":\"https:\/\/www.daisho.be\/de\/\",\"name\":\"Daisho\",\"description\":\"Sp&eacute;cialiste de l'&eacute;quipement sportif d'arts martiaux\",\"publisher\":{\"@id\":\"https:\/\/www.daisho.be\/de\/#organization\"},\"potentialAction\":[{\"@type\":\"SearchAction\",\"target\":{\"@type\":\"EntryPoint\",\"urlTemplate\":\"https:\/\/www.daisho.be\/de\/?s={search_term_string}\"},\"query-input\":{\"@type\":\"PropertyValueSpecification\",\"valueRequired\":true,\"valueName\":\"search_term_string\"}}],\"inLanguage\":\"de\"},{\"@type\":\"Organization\",\"@id\":\"https:\/\/www.daisho.be\/de\/#organization\",\"name\":\"Daisho\",\"url\":\"https:\/\/www.daisho.be\/de\/\",\"logo\":{\"@type\":\"ImageObject\",\"inLanguage\":\"de\",\"@id\":\"https:\/\/www.daisho.be\/de\/#\/schema\/logo\/image\/\",\"url\":\"https:\/\/www.daisho.be\/wp-content\/uploads\/2019\/07\/color-nothing-horizontale4x-e1564486100247.png\",\"contentUrl\":\"https:\/\/www.daisho.be\/wp-content\/uploads\/2019\/07\/color-nothing-horizontale4x-e1564486100247.png\",\"width\":1547,\"height\":385,\"caption\":\"Daisho\"},\"image\":{\"@id\":\"https:\/\/www.daisho.be\/de\/#\/schema\/logo\/image\/\"}}]}<\/script>\n<!-- \/ Yoast SEO plugin. -->","yoast_head_json":{"title":"adidas K200 Karategi f\u00fcr Kinder Wei\u00df\/Pink &#8211; Daisho","description":"Der Karategi k200 wurde speziell f\u00fcr Kinder entwickelt. Kaufen Sie es auf www.daisho.be und erhalten Sie den wei\u00dfen G\u00fcrtel gleich mitgeliefert.","robots":{"index":"index","follow":"follow","max-snippet":"max-snippet:-1","max-image-preview":"max-image-preview:large","max-video-preview":"max-video-preview:-1"},"canonical":"https:\/\/www.daisho.be\/de\/produit\/adidas-k200-karategi-fuer-kinder-weiss-pink\/","og_locale":"de_DE","og_type":"article","og_title":"adidas K200 Karategi f\u00fcr Kinder Wei\u00df\/Pink &#8211; Daisho","og_description":"Der Karategi k200 wurde speziell f\u00fcr Kinder entwickelt. Kaufen Sie es auf www.daisho.be und erhalten Sie den wei\u00dfen G\u00fcrtel gleich mitgeliefert.","og_url":"https:\/\/www.daisho.be\/de\/produit\/adidas-k200-karategi-fuer-kinder-weiss-pink\/","og_site_name":"Daisho","article_modified_time":"2025-12-24T07:30:16+00:00","og_image":[{"width":650,"height":650,"url":"https:\/\/www.daisho.be\/wp-content\/uploads\/2023\/05\/image-20.jpg","type":"image\/jpeg"}],"twitter_card":"summary_large_image","schema":{"@context":"https:\/\/schema.org","@graph":[{"@type":"WebPage","@id":"https:\/\/www.daisho.be\/de\/produit\/adidas-k200-karategi-fuer-kinder-weiss-pink\/","url":"https:\/\/www.daisho.be\/de\/produit\/adidas-k200-karategi-fuer-kinder-weiss-pink\/","name":"adidas K200 Karategi f\u00fcr Kinder Wei\u00df\/Pink &#8211; Daisho","isPartOf":{"@id":"https:\/\/www.daisho.be\/de\/#website"},"primaryImageOfPage":{"@id":"https:\/\/www.daisho.be\/de\/produit\/adidas-k200-karategi-fuer-kinder-weiss-pink\/#primaryimage"},"image":{"@id":"https:\/\/www.daisho.be\/de\/produit\/adidas-k200-karategi-fuer-kinder-weiss-pink\/#primaryimage"},"thumbnailUrl":"https:\/\/www.daisho.be\/wp-content\/uploads\/2023\/05\/image-20.jpg","datePublished":"2021-12-22T15:24:15+00:00","dateModified":"2025-12-24T07:30:16+00:00","description":"Der Karategi k200 wurde speziell f\u00fcr Kinder entwickelt. Kaufen Sie es auf www.daisho.be und erhalten Sie den wei\u00dfen G\u00fcrtel gleich mitgeliefert.","breadcrumb":{"@id":"https:\/\/www.daisho.be\/de\/produit\/adidas-k200-karategi-fuer-kinder-weiss-pink\/#breadcrumb"},"inLanguage":"de","potentialAction":[{"@type":"ReadAction","target":["https:\/\/www.daisho.be\/de\/produit\/adidas-k200-karategi-fuer-kinder-weiss-pink\/"]}]},{"@type":"ImageObject","inLanguage":"de","@id":"https:\/\/www.daisho.be\/de\/produit\/adidas-k200-karategi-fuer-kinder-weiss-pink\/#primaryimage","url":"https:\/\/www.daisho.be\/wp-content\/uploads\/2023\/05\/image-20.jpg","contentUrl":"https:\/\/www.daisho.be\/wp-content\/uploads\/2023\/05\/image-20.jpg","width":650,"height":650,"caption":"Karategi adidas K200 Kind Wei\u00df\/Rosa-1"},{"@type":"BreadcrumbList","@id":"https:\/\/www.daisho.be\/de\/produit\/adidas-k200-karategi-fuer-kinder-weiss-pink\/#breadcrumb","itemListElement":[{"@type":"ListItem","position":1,"name":"Accueil","item":"https:\/\/www.daisho.be\/de\/"},{"@type":"ListItem","position":2,"name":"Produkte","item":"https:\/\/www.daisho.be\/de\/produkte\/"},{"@type":"ListItem","position":3,"name":"Ausr\u00fcstung und Kleidung f\u00fcr Kampfkunst und Kampfsport","item":"https:\/\/www.daisho.be\/de\/categorie-produit\/ausrustung-und-kleidung-fur-kampfkunst-und-kampfsport\/"},{"@type":"ListItem","position":4,"name":"Karate","item":"https:\/\/www.daisho.be\/de\/categorie-produit\/ausrustung-und-kleidung-fur-kampfkunst-und-kampfsport\/karate-de-2\/"},{"@type":"ListItem","position":5,"name":"Karate-Kimonos","item":"https:\/\/www.daisho.be\/de\/categorie-produit\/ausrustung-und-kleidung-fur-kampfkunst-und-kampfsport\/karate-de-2\/karate-kimonos-de\/"},{"@type":"ListItem","position":6,"name":"adidas K200 Karategi f\u00fcr Kinder Wei\u00df\/Pink"}]},{"@type":"WebSite","@id":"https:\/\/www.daisho.be\/de\/#website","url":"https:\/\/www.daisho.be\/de\/","name":"Daisho","description":"Sp&eacute;cialiste de l'&eacute;quipement sportif d'arts martiaux","publisher":{"@id":"https:\/\/www.daisho.be\/de\/#organization"},"potentialAction":[{"@type":"SearchAction","target":{"@type":"EntryPoint","urlTemplate":"https:\/\/www.daisho.be\/de\/?s={search_term_string}"},"query-input":{"@type":"PropertyValueSpecification","valueRequired":true,"valueName":"search_term_string"}}],"inLanguage":"de"},{"@type":"Organization","@id":"https:\/\/www.daisho.be\/de\/#organization","name":"Daisho","url":"https:\/\/www.daisho.be\/de\/","logo":{"@type":"ImageObject","inLanguage":"de","@id":"https:\/\/www.daisho.be\/de\/#\/schema\/logo\/image\/","url":"https:\/\/www.daisho.be\/wp-content\/uploads\/2019\/07\/color-nothing-horizontale4x-e1564486100247.png","contentUrl":"https:\/\/www.daisho.be\/wp-content\/uploads\/2019\/07\/color-nothing-horizontale4x-e1564486100247.png","width":1547,"height":385,"caption":"Daisho"},"image":{"@id":"https:\/\/www.daisho.be\/de\/#\/schema\/logo\/image\/"}}]}},"_links":{"self":[{"href":"https:\/\/www.daisho.be\/de\/wp-json\/wp\/v2\/product\/457697","targetHints":{"allow":["GET"]}}],"collection":[{"href":"https:\/\/www.daisho.be\/de\/wp-json\/wp\/v2\/product"}],"about":[{"href":"https:\/\/www.daisho.be\/de\/wp-json\/wp\/v2\/types\/product"}],"replies":[{"embeddable":true,"href":"https:\/\/www.daisho.be\/de\/wp-json\/wp\/v2\/comments?post=457697"}],"wp:featuredmedia":[{"embeddable":true,"href":"https:\/\/www.daisho.be\/de\/wp-json\/wp\/v2\/media\/457704"}],"wp:attachment":[{"href":"https:\/\/www.daisho.be\/de\/wp-json\/wp\/v2\/media?parent=457697"}],"wp:term":[{"taxonomy":"product_brand","embeddable":true,"href":"https:\/\/www.daisho.be\/de\/wp-json\/wp\/v2\/product_brand?post=457697"},{"taxonomy":"product_cat","embeddable":true,"href":"https:\/\/www.daisho.be\/de\/wp-json\/wp\/v2\/product_cat?post=457697"},{"taxonomy":"product_tag","embeddable":true,"href":"https:\/\/www.daisho.be\/de\/wp-json\/wp\/v2\/product_tag?post=457697"},{"taxonomy":"sport","embeddable":true,"href":"https:\/\/www.daisho.be\/de\/wp-json\/wp\/v2\/sport?post=457697"}],"curies":[{"name":"wp","href":"https:\/\/api.w.org\/{rel}","templated":true}]}}