{"id":457597,"date":"2022-01-16T21:42:22","date_gmt":"2022-01-16T20:42:22","guid":{"rendered":"https:\/\/www.daisho.be\/produit\/tatami-basic-plus\/"},"modified":"2026-03-31T14:52:34","modified_gmt":"2026-03-31T12:52:34","slug":"tatami-basic-plus","status":"publish","type":"product","link":"https:\/\/www.daisho.be\/de\/produit\/tatami-basic-plus\/","title":{"rendered":"Tatami BASIC PLUS"},"content":{"rendered":"<p>Die Tatami ProGame Basic Plus ist eine ausgezeichnete L\u00f6sung f\u00fcr Trainings aller Art und f\u00fcr alle grundlegenden sportlichen Aktivit\u00e4ten.<br \/>\nDiese vielseitige Matte ist sowohl kompakt als auch weich, was Sicherheit und Sto\u00dfd\u00e4mpfung gew\u00e4hrleistet.<br \/>\nSie bietet auch langfristig eine hohe Widerstandsf\u00e4higkeit.<br \/>\nDas Puzzle-Aufh\u00e4ngesystem sorgt f\u00fcr eine schnelle Installation.<br \/>\nDie Matte hat auch einen Reisstroh-Pr\u00e4gestil.<\/p>\n<p><strong><u>Eigenschaften:<\/u> <\/strong><br \/>\nAbmessungen: 1000 x 1000 x 32 mm<br \/>\nGewicht: 1,8 kg<br \/>\nFarben: Rot\/Grau\/Blau<br \/>\nSicherheit: EN 1177 HIC (Head Injury Criteria)<\/p>\n<p><strong><u>Anmerkung :<\/u> <\/strong><br \/>\nDie Abschlusskanten sind nicht im Lieferumfang der Tatamis enthalten.<br \/>\nBitte kontaktieren Sie uns, um die Verf\u00fcgbarkeit der Kanten zu pr\u00fcfen.<\/p>\n","protected":false},"excerpt":{"rendered":"<p>Die Tatami ProGame Basic Plus ist eine ausgezeichnete L\u00f6sung f\u00fcr Trainings aller Art und f\u00fcr alle grundlegenden sportlichen Aktivit\u00e4ten. Diese vielseitige Matte ist sowohl kompakt als auch weich, was Sicherheit und Sto\u00dfd\u00e4mpfung gew\u00e4hrleistet. Sie bietet auch langfristig eine hohe Widerstandsf\u00e4higkeit. Das Puzzle-Aufh\u00e4ngesystem sorgt f\u00fcr eine schnelle Installation. Die Matte hat auch einen Reisstroh-Pr\u00e4gestil. Eigenschaften: Abmessungen: [&hellip;]<\/p>\n","protected":false},"featured_media":457600,"comment_status":"closed","ping_status":"closed","template":"","meta":{"inline_featured_image":false},"product_brand":[],"product_cat":[2016],"product_tag":[2554,2030],"sport":[],"class_list":{"0":"post-457597","1":"product","2":"type-product","3":"status-publish","4":"has-post-thumbnail","6":"product_cat-tatamis-fur-judo-karate-und-taekwondo-kampfkunste","7":"product_tag-kostenvoranschlag","8":"product_tag-progame-tatamis-de","9":"product_shipping_class-grose-produkte","10":"pa_size-3-cm","12":"first","13":"instock","14":"taxable","15":"shipping-taxable","16":"purchasable","17":"product-type-variable"},"yoast_head":"<!-- This site is optimized with the Yoast SEO plugin v27.2 - https:\/\/yoast.com\/product\/yoast-seo-wordpress\/ -->\n<title>Tatami BASIC PLUS &#8211; Daisho<\/title>\n<meta name=\"description\" content=\"Vielseitige, praktische Tatami, die Flexibilit\u00e4t und Sicherheit f\u00fcr alle Arten von Training bietet. Sie finden sie auf www.daisho.be|Daisho\" \/>\n<meta name=\"robots\" content=\"index, follow, max-snippet:-1, max-image-preview:large, max-video-preview:-1\" \/>\n<link rel=\"canonical\" href=\"https:\/\/www.daisho.be\/de\/produit\/tatami-basic-plus\/\" \/>\n<meta property=\"og:locale\" content=\"de_DE\" \/>\n<meta property=\"og:type\" content=\"article\" \/>\n<meta property=\"og:title\" content=\"Tatami BASIC PLUS &#8211; Daisho\" \/>\n<meta property=\"og:description\" content=\"Vielseitige, praktische Tatami, die Flexibilit\u00e4t und Sicherheit f\u00fcr alle Arten von Training bietet. Sie finden sie auf www.daisho.be|Daisho\" \/>\n<meta property=\"og:url\" content=\"https:\/\/www.daisho.be\/de\/produit\/tatami-basic-plus\/\" \/>\n<meta property=\"og:site_name\" content=\"Daisho\" \/>\n<meta property=\"article:modified_time\" content=\"2026-03-31T12:52:34+00:00\" \/>\n<meta property=\"og:image\" content=\"https:\/\/www.daisho.be\/wp-content\/uploads\/2023\/11\/image-84.jpg\" \/>\n\t<meta property=\"og:image:width\" content=\"1920\" \/>\n\t<meta property=\"og:image:height\" content=\"1440\" \/>\n\t<meta property=\"og:image:type\" content=\"image\/jpeg\" \/>\n<meta name=\"twitter:card\" content=\"summary_large_image\" \/>\n<meta name=\"twitter:label1\" content=\"Gesch\u00e4tzte Lesezeit\" \/>\n\t<meta name=\"twitter:data1\" content=\"1\u00a0Minute\" \/>\n<script type=\"application\/ld+json\" class=\"yoast-schema-graph\">{\"@context\":\"https:\/\/schema.org\",\"@graph\":[{\"@type\":\"WebPage\",\"@id\":\"https:\/\/www.daisho.be\/de\/produit\/tatami-basic-plus\/\",\"url\":\"https:\/\/www.daisho.be\/de\/produit\/tatami-basic-plus\/\",\"name\":\"Tatami BASIC PLUS &#8211; Daisho\",\"isPartOf\":{\"@id\":\"https:\/\/www.daisho.be\/de\/#website\"},\"primaryImageOfPage\":{\"@id\":\"https:\/\/www.daisho.be\/de\/produit\/tatami-basic-plus\/#primaryimage\"},\"image\":{\"@id\":\"https:\/\/www.daisho.be\/de\/produit\/tatami-basic-plus\/#primaryimage\"},\"thumbnailUrl\":\"https:\/\/www.daisho.be\/wp-content\/uploads\/2023\/11\/image-84.jpg\",\"datePublished\":\"2022-01-16T20:42:22+00:00\",\"dateModified\":\"2026-03-31T12:52:34+00:00\",\"description\":\"Vielseitige, praktische Tatami, die Flexibilit\u00e4t und Sicherheit f\u00fcr alle Arten von Training bietet. Sie finden sie auf www.daisho.be|Daisho\",\"breadcrumb\":{\"@id\":\"https:\/\/www.daisho.be\/de\/produit\/tatami-basic-plus\/#breadcrumb\"},\"inLanguage\":\"de\",\"potentialAction\":[{\"@type\":\"ReadAction\",\"target\":[\"https:\/\/www.daisho.be\/de\/produit\/tatami-basic-plus\/\"]}]},{\"@type\":\"ImageObject\",\"inLanguage\":\"de\",\"@id\":\"https:\/\/www.daisho.be\/de\/produit\/tatami-basic-plus\/#primaryimage\",\"url\":\"https:\/\/www.daisho.be\/wp-content\/uploads\/2023\/11\/image-84.jpg\",\"contentUrl\":\"https:\/\/www.daisho.be\/wp-content\/uploads\/2023\/11\/image-84.jpg\",\"width\":1920,\"height\":1440,\"caption\":\"Tatami BASIC PLUS-5\"},{\"@type\":\"BreadcrumbList\",\"@id\":\"https:\/\/www.daisho.be\/de\/produit\/tatami-basic-plus\/#breadcrumb\",\"itemListElement\":[{\"@type\":\"ListItem\",\"position\":1,\"name\":\"Accueil\",\"item\":\"https:\/\/www.daisho.be\/de\/\"},{\"@type\":\"ListItem\",\"position\":2,\"name\":\"Produkte\",\"item\":\"https:\/\/www.daisho.be\/de\/produkte\/\"},{\"@type\":\"ListItem\",\"position\":3,\"name\":\"Kampfsportarten\",\"item\":\"https:\/\/www.daisho.be\/de\/categorie-produit\/kampfsportarten\/\"},{\"@type\":\"ListItem\",\"position\":4,\"name\":\"Tatamis f\u00fcr Judo, Karate und Taekwondo (Kampfk\u00fcnste)\",\"item\":\"https:\/\/www.daisho.be\/de\/categorie-produit\/kampfsportarten\/tatamis-fur-judo-karate-und-taekwondo-kampfkunste\/\"},{\"@type\":\"ListItem\",\"position\":5,\"name\":\"Tatami BASIC PLUS\"}]},{\"@type\":\"WebSite\",\"@id\":\"https:\/\/www.daisho.be\/de\/#website\",\"url\":\"https:\/\/www.daisho.be\/de\/\",\"name\":\"Daisho\",\"description\":\"Sp&eacute;cialiste de l'&eacute;quipement sportif d'arts martiaux\",\"publisher\":{\"@id\":\"https:\/\/www.daisho.be\/de\/#organization\"},\"potentialAction\":[{\"@type\":\"SearchAction\",\"target\":{\"@type\":\"EntryPoint\",\"urlTemplate\":\"https:\/\/www.daisho.be\/de\/?s={search_term_string}\"},\"query-input\":{\"@type\":\"PropertyValueSpecification\",\"valueRequired\":true,\"valueName\":\"search_term_string\"}}],\"inLanguage\":\"de\"},{\"@type\":\"Organization\",\"@id\":\"https:\/\/www.daisho.be\/de\/#organization\",\"name\":\"Daisho\",\"url\":\"https:\/\/www.daisho.be\/de\/\",\"logo\":{\"@type\":\"ImageObject\",\"inLanguage\":\"de\",\"@id\":\"https:\/\/www.daisho.be\/de\/#\/schema\/logo\/image\/\",\"url\":\"https:\/\/www.daisho.be\/wp-content\/uploads\/2019\/07\/color-nothing-horizontale4x-e1564486100247.png\",\"contentUrl\":\"https:\/\/www.daisho.be\/wp-content\/uploads\/2019\/07\/color-nothing-horizontale4x-e1564486100247.png\",\"width\":1547,\"height\":385,\"caption\":\"Daisho\"},\"image\":{\"@id\":\"https:\/\/www.daisho.be\/de\/#\/schema\/logo\/image\/\"}}]}<\/script>\n<!-- \/ Yoast SEO plugin. -->","yoast_head_json":{"title":"Tatami BASIC PLUS &#8211; Daisho","description":"Vielseitige, praktische Tatami, die Flexibilit\u00e4t und Sicherheit f\u00fcr alle Arten von Training bietet. Sie finden sie auf www.daisho.be|Daisho","robots":{"index":"index","follow":"follow","max-snippet":"max-snippet:-1","max-image-preview":"max-image-preview:large","max-video-preview":"max-video-preview:-1"},"canonical":"https:\/\/www.daisho.be\/de\/produit\/tatami-basic-plus\/","og_locale":"de_DE","og_type":"article","og_title":"Tatami BASIC PLUS &#8211; Daisho","og_description":"Vielseitige, praktische Tatami, die Flexibilit\u00e4t und Sicherheit f\u00fcr alle Arten von Training bietet. Sie finden sie auf www.daisho.be|Daisho","og_url":"https:\/\/www.daisho.be\/de\/produit\/tatami-basic-plus\/","og_site_name":"Daisho","article_modified_time":"2026-03-31T12:52:34+00:00","og_image":[{"width":1920,"height":1440,"url":"https:\/\/www.daisho.be\/wp-content\/uploads\/2023\/11\/image-84.jpg","type":"image\/jpeg"}],"twitter_card":"summary_large_image","twitter_misc":{"Gesch\u00e4tzte Lesezeit":"1\u00a0Minute"},"schema":{"@context":"https:\/\/schema.org","@graph":[{"@type":"WebPage","@id":"https:\/\/www.daisho.be\/de\/produit\/tatami-basic-plus\/","url":"https:\/\/www.daisho.be\/de\/produit\/tatami-basic-plus\/","name":"Tatami BASIC PLUS &#8211; Daisho","isPartOf":{"@id":"https:\/\/www.daisho.be\/de\/#website"},"primaryImageOfPage":{"@id":"https:\/\/www.daisho.be\/de\/produit\/tatami-basic-plus\/#primaryimage"},"image":{"@id":"https:\/\/www.daisho.be\/de\/produit\/tatami-basic-plus\/#primaryimage"},"thumbnailUrl":"https:\/\/www.daisho.be\/wp-content\/uploads\/2023\/11\/image-84.jpg","datePublished":"2022-01-16T20:42:22+00:00","dateModified":"2026-03-31T12:52:34+00:00","description":"Vielseitige, praktische Tatami, die Flexibilit\u00e4t und Sicherheit f\u00fcr alle Arten von Training bietet. Sie finden sie auf www.daisho.be|Daisho","breadcrumb":{"@id":"https:\/\/www.daisho.be\/de\/produit\/tatami-basic-plus\/#breadcrumb"},"inLanguage":"de","potentialAction":[{"@type":"ReadAction","target":["https:\/\/www.daisho.be\/de\/produit\/tatami-basic-plus\/"]}]},{"@type":"ImageObject","inLanguage":"de","@id":"https:\/\/www.daisho.be\/de\/produit\/tatami-basic-plus\/#primaryimage","url":"https:\/\/www.daisho.be\/wp-content\/uploads\/2023\/11\/image-84.jpg","contentUrl":"https:\/\/www.daisho.be\/wp-content\/uploads\/2023\/11\/image-84.jpg","width":1920,"height":1440,"caption":"Tatami BASIC PLUS-5"},{"@type":"BreadcrumbList","@id":"https:\/\/www.daisho.be\/de\/produit\/tatami-basic-plus\/#breadcrumb","itemListElement":[{"@type":"ListItem","position":1,"name":"Accueil","item":"https:\/\/www.daisho.be\/de\/"},{"@type":"ListItem","position":2,"name":"Produkte","item":"https:\/\/www.daisho.be\/de\/produkte\/"},{"@type":"ListItem","position":3,"name":"Kampfsportarten","item":"https:\/\/www.daisho.be\/de\/categorie-produit\/kampfsportarten\/"},{"@type":"ListItem","position":4,"name":"Tatamis f\u00fcr Judo, Karate und Taekwondo (Kampfk\u00fcnste)","item":"https:\/\/www.daisho.be\/de\/categorie-produit\/kampfsportarten\/tatamis-fur-judo-karate-und-taekwondo-kampfkunste\/"},{"@type":"ListItem","position":5,"name":"Tatami BASIC PLUS"}]},{"@type":"WebSite","@id":"https:\/\/www.daisho.be\/de\/#website","url":"https:\/\/www.daisho.be\/de\/","name":"Daisho","description":"Sp&eacute;cialiste de l'&eacute;quipement sportif d'arts martiaux","publisher":{"@id":"https:\/\/www.daisho.be\/de\/#organization"},"potentialAction":[{"@type":"SearchAction","target":{"@type":"EntryPoint","urlTemplate":"https:\/\/www.daisho.be\/de\/?s={search_term_string}"},"query-input":{"@type":"PropertyValueSpecification","valueRequired":true,"valueName":"search_term_string"}}],"inLanguage":"de"},{"@type":"Organization","@id":"https:\/\/www.daisho.be\/de\/#organization","name":"Daisho","url":"https:\/\/www.daisho.be\/de\/","logo":{"@type":"ImageObject","inLanguage":"de","@id":"https:\/\/www.daisho.be\/de\/#\/schema\/logo\/image\/","url":"https:\/\/www.daisho.be\/wp-content\/uploads\/2019\/07\/color-nothing-horizontale4x-e1564486100247.png","contentUrl":"https:\/\/www.daisho.be\/wp-content\/uploads\/2019\/07\/color-nothing-horizontale4x-e1564486100247.png","width":1547,"height":385,"caption":"Daisho"},"image":{"@id":"https:\/\/www.daisho.be\/de\/#\/schema\/logo\/image\/"}}]}},"_links":{"self":[{"href":"https:\/\/www.daisho.be\/de\/wp-json\/wp\/v2\/product\/457597","targetHints":{"allow":["GET"]}}],"collection":[{"href":"https:\/\/www.daisho.be\/de\/wp-json\/wp\/v2\/product"}],"about":[{"href":"https:\/\/www.daisho.be\/de\/wp-json\/wp\/v2\/types\/product"}],"replies":[{"embeddable":true,"href":"https:\/\/www.daisho.be\/de\/wp-json\/wp\/v2\/comments?post=457597"}],"wp:featuredmedia":[{"embeddable":true,"href":"https:\/\/www.daisho.be\/de\/wp-json\/wp\/v2\/media\/457600"}],"wp:attachment":[{"href":"https:\/\/www.daisho.be\/de\/wp-json\/wp\/v2\/media?parent=457597"}],"wp:term":[{"taxonomy":"product_brand","embeddable":true,"href":"https:\/\/www.daisho.be\/de\/wp-json\/wp\/v2\/product_brand?post=457597"},{"taxonomy":"product_cat","embeddable":true,"href":"https:\/\/www.daisho.be\/de\/wp-json\/wp\/v2\/product_cat?post=457597"},{"taxonomy":"product_tag","embeddable":true,"href":"https:\/\/www.daisho.be\/de\/wp-json\/wp\/v2\/product_tag?post=457597"},{"taxonomy":"sport","embeddable":true,"href":"https:\/\/www.daisho.be\/de\/wp-json\/wp\/v2\/sport?post=457597"}],"curies":[{"name":"wp","href":"https:\/\/api.w.org\/{rel}","templated":true}]}}