{"id":457585,"date":"2022-01-20T09:27:48","date_gmt":"2022-01-20T08:27:48","guid":{"rendered":"https:\/\/www.daisho.be\/produit\/boxsack-in-uppercut\/"},"modified":"2022-01-20T09:27:48","modified_gmt":"2022-01-20T08:27:48","slug":"boxsack-in-uppercut","status":"publish","type":"product","link":"https:\/\/www.daisho.be\/de\/produit\/boxsack-in-uppercut\/","title":{"rendered":"Boxsack in Uppercut"},"content":{"rendered":"<p>Der Uppercut-Boxsack ist aus robustem Bisonyl gefertigt. Dieser Uppercut-Boxsack ist ideal f\u00fcr das Training einer Vielzahl von Schl\u00e4gen, einschlie\u00dflich und vor allem des Uppercuts. Der Boxsack ist sehr haltbar und ist eine Bereicherung f\u00fcr Ihr Zuhause oder die Turnhalle. Sind Sie also auf der Suche nach einem idealen Trainingspartner f\u00fcr eine Vielzahl von Schl\u00e4gen? Dann ist dieser Boxsack genau das Richtige f\u00fcr Sie. Der Uppercut Punching Bag ist f\u00fcr jeden geeignet, insbesondere f\u00fcr diejenigen, die dem Push besonders viel Aufmerksamkeit schenken wollen. Auch f\u00fcr Tritte und Kniest\u00f6\u00dfe geeignet. Eigenschaften:<br \/>\n&#8211; Farbe: schwarz<br \/>\n&#8211; Gr\u00f6\u00dfe 80 x 33 cm<br \/>\n&#8211; Gewicht: +\/- 20 kg Vorteile des Uppercut Punching Bag &#8211; stabil und f\u00fcr alle geeignet<br \/>\n&#8211; Material: Bisonyl<br \/>\n&#8211; zu Ihrer Sicherheit gescannt<br \/>\n&#8211; f\u00fcr den Gebrauch zu Hause und im Fitnessstudio<br \/>\n&#8211; ideal f\u00fcr Uppercuts und Tritte<br \/>\n&#8211; enth\u00e4lt eine 4-Punkt-Kette Tipp: Tragen Sie Boxhandschuhe oder Bandagen w\u00e4hrend des Trainings auf dem Uppercut Punching Bag.  <\/p>\n","protected":false},"excerpt":{"rendered":"<p>Der Uppercut-Boxsack ist aus robustem Bisonyl gefertigt. Dieser Uppercut-Boxsack ist ideal f\u00fcr das Training einer Vielzahl von Schl\u00e4gen, einschlie\u00dflich und vor allem des Uppercuts. Der Boxsack ist sehr haltbar und ist eine Bereicherung f\u00fcr Ihr Zuhause oder die Turnhalle. Sind Sie also auf der Suche nach einem idealen Trainingspartner f\u00fcr eine Vielzahl von Schl\u00e4gen? Dann [&hellip;]<\/p>\n","protected":false},"featured_media":457588,"comment_status":"open","ping_status":"closed","template":"","meta":{"inline_featured_image":false},"product_brand":[],"product_cat":[2134,2055,2056,2100],"product_tag":[2053],"sport":[],"class_list":{"0":"post-457585","1":"product","2":"type-product","3":"status-publish","4":"has-post-thumbnail","6":"product_cat-boxsacke-de","7":"product_cat-karate-trainingsmaterial","8":"product_cat-kick-boxing-trainingsmaterial","9":"product_cat-mma-trainingsmaterial","10":"product_tag-daisho-de","11":"pa_size-sans-taille-defaut","13":"first","14":"instock","15":"taxable","16":"shipping-taxable","17":"purchasable","18":"product-type-variable"},"yoast_head":"<!-- This site is optimized with the Yoast SEO plugin v27.2 - https:\/\/yoast.com\/product\/yoast-seo-wordpress\/ -->\n<title>Boxsack in Uppercut &#8211; Daisho<\/title>\n<meta name=\"robots\" content=\"index, follow, max-snippet:-1, max-image-preview:large, max-video-preview:-1\" \/>\n<link rel=\"canonical\" href=\"https:\/\/www.daisho.be\/de\/produit\/boxsack-in-uppercut\/\" \/>\n<meta property=\"og:locale\" content=\"de_DE\" \/>\n<meta property=\"og:type\" content=\"article\" \/>\n<meta property=\"og:title\" content=\"Boxsack in Uppercut &#8211; Daisho\" \/>\n<meta property=\"og:description\" content=\"Der Uppercut-Boxsack ist aus robustem Bisonyl gefertigt. Dieser Uppercut-Boxsack ist ideal f\u00fcr das Training einer Vielzahl von Schl\u00e4gen, einschlie\u00dflich und vor allem des Uppercuts. Der Boxsack ist sehr haltbar und ist eine Bereicherung f\u00fcr Ihr Zuhause oder die Turnhalle. Sind Sie also auf der Suche nach einem idealen Trainingspartner f\u00fcr eine Vielzahl von Schl\u00e4gen? Dann [&hellip;]\" \/>\n<meta property=\"og:url\" content=\"https:\/\/www.daisho.be\/de\/produit\/boxsack-in-uppercut\/\" \/>\n<meta property=\"og:site_name\" content=\"Daisho\" \/>\n<meta property=\"og:image\" content=\"https:\/\/www.daisho.be\/wp-content\/uploads\/2022\/01\/image-74.jpg\" \/>\n\t<meta property=\"og:image:width\" content=\"650\" \/>\n\t<meta property=\"og:image:height\" content=\"650\" \/>\n\t<meta property=\"og:image:type\" content=\"image\/jpeg\" \/>\n<meta name=\"twitter:card\" content=\"summary_large_image\" \/>\n<meta name=\"twitter:label1\" content=\"Gesch\u00e4tzte Lesezeit\" \/>\n\t<meta name=\"twitter:data1\" content=\"1\u00a0Minute\" \/>\n<script type=\"application\/ld+json\" class=\"yoast-schema-graph\">{\"@context\":\"https:\/\/schema.org\",\"@graph\":[{\"@type\":\"WebPage\",\"@id\":\"https:\/\/www.daisho.be\/de\/produit\/boxsack-in-uppercut\/\",\"url\":\"https:\/\/www.daisho.be\/de\/produit\/boxsack-in-uppercut\/\",\"name\":\"Boxsack in Uppercut &#8211; Daisho\",\"isPartOf\":{\"@id\":\"https:\/\/www.daisho.be\/de\/#website\"},\"primaryImageOfPage\":{\"@id\":\"https:\/\/www.daisho.be\/de\/produit\/boxsack-in-uppercut\/#primaryimage\"},\"image\":{\"@id\":\"https:\/\/www.daisho.be\/de\/produit\/boxsack-in-uppercut\/#primaryimage\"},\"thumbnailUrl\":\"https:\/\/www.daisho.be\/wp-content\/uploads\/2022\/01\/image-74.jpg\",\"datePublished\":\"2022-01-20T08:27:48+00:00\",\"breadcrumb\":{\"@id\":\"https:\/\/www.daisho.be\/de\/produit\/boxsack-in-uppercut\/#breadcrumb\"},\"inLanguage\":\"de\",\"potentialAction\":[{\"@type\":\"ReadAction\",\"target\":[\"https:\/\/www.daisho.be\/de\/produit\/boxsack-in-uppercut\/\"]}]},{\"@type\":\"ImageObject\",\"inLanguage\":\"de\",\"@id\":\"https:\/\/www.daisho.be\/de\/produit\/boxsack-in-uppercut\/#primaryimage\",\"url\":\"https:\/\/www.daisho.be\/wp-content\/uploads\/2022\/01\/image-74.jpg\",\"contentUrl\":\"https:\/\/www.daisho.be\/wp-content\/uploads\/2022\/01\/image-74.jpg\",\"width\":650,\"height\":650},{\"@type\":\"BreadcrumbList\",\"@id\":\"https:\/\/www.daisho.be\/de\/produit\/boxsack-in-uppercut\/#breadcrumb\",\"itemListElement\":[{\"@type\":\"ListItem\",\"position\":1,\"name\":\"Accueil\",\"item\":\"https:\/\/www.daisho.be\/de\/\"},{\"@type\":\"ListItem\",\"position\":2,\"name\":\"Produkte\",\"item\":\"https:\/\/www.daisho.be\/de\/produkte\/\"},{\"@type\":\"ListItem\",\"position\":3,\"name\":\"Ausr\u00fcstung und Kleidung f\u00fcr Kampfkunst und Kampfsport\",\"item\":\"https:\/\/www.daisho.be\/de\/categorie-produit\/ausrustung-und-kleidung-fur-kampfkunst-und-kampfsport\/\"},{\"@type\":\"ListItem\",\"position\":4,\"name\":\"Boxen\",\"item\":\"https:\/\/www.daisho.be\/de\/categorie-produit\/ausrustung-und-kleidung-fur-kampfkunst-und-kampfsport\/boxen-de\/\"},{\"@type\":\"ListItem\",\"position\":5,\"name\":\"Boxs\u00e4cke\",\"item\":\"https:\/\/www.daisho.be\/de\/categorie-produit\/ausrustung-und-kleidung-fur-kampfkunst-und-kampfsport\/boxen-de\/boxsacke-de\/\"},{\"@type\":\"ListItem\",\"position\":6,\"name\":\"Boxsack in Uppercut\"}]},{\"@type\":\"WebSite\",\"@id\":\"https:\/\/www.daisho.be\/de\/#website\",\"url\":\"https:\/\/www.daisho.be\/de\/\",\"name\":\"Daisho\",\"description\":\"Sp&eacute;cialiste de l'&eacute;quipement sportif d'arts martiaux\",\"publisher\":{\"@id\":\"https:\/\/www.daisho.be\/de\/#organization\"},\"potentialAction\":[{\"@type\":\"SearchAction\",\"target\":{\"@type\":\"EntryPoint\",\"urlTemplate\":\"https:\/\/www.daisho.be\/de\/?s={search_term_string}\"},\"query-input\":{\"@type\":\"PropertyValueSpecification\",\"valueRequired\":true,\"valueName\":\"search_term_string\"}}],\"inLanguage\":\"de\"},{\"@type\":\"Organization\",\"@id\":\"https:\/\/www.daisho.be\/de\/#organization\",\"name\":\"Daisho\",\"url\":\"https:\/\/www.daisho.be\/de\/\",\"logo\":{\"@type\":\"ImageObject\",\"inLanguage\":\"de\",\"@id\":\"https:\/\/www.daisho.be\/de\/#\/schema\/logo\/image\/\",\"url\":\"https:\/\/www.daisho.be\/wp-content\/uploads\/2019\/07\/color-nothing-horizontale4x-e1564486100247.png\",\"contentUrl\":\"https:\/\/www.daisho.be\/wp-content\/uploads\/2019\/07\/color-nothing-horizontale4x-e1564486100247.png\",\"width\":1547,\"height\":385,\"caption\":\"Daisho\"},\"image\":{\"@id\":\"https:\/\/www.daisho.be\/de\/#\/schema\/logo\/image\/\"}}]}<\/script>\n<!-- \/ Yoast SEO plugin. -->","yoast_head_json":{"title":"Boxsack in Uppercut &#8211; Daisho","robots":{"index":"index","follow":"follow","max-snippet":"max-snippet:-1","max-image-preview":"max-image-preview:large","max-video-preview":"max-video-preview:-1"},"canonical":"https:\/\/www.daisho.be\/de\/produit\/boxsack-in-uppercut\/","og_locale":"de_DE","og_type":"article","og_title":"Boxsack in Uppercut &#8211; Daisho","og_description":"Der Uppercut-Boxsack ist aus robustem Bisonyl gefertigt. Dieser Uppercut-Boxsack ist ideal f\u00fcr das Training einer Vielzahl von Schl\u00e4gen, einschlie\u00dflich und vor allem des Uppercuts. Der Boxsack ist sehr haltbar und ist eine Bereicherung f\u00fcr Ihr Zuhause oder die Turnhalle. Sind Sie also auf der Suche nach einem idealen Trainingspartner f\u00fcr eine Vielzahl von Schl\u00e4gen? Dann [&hellip;]","og_url":"https:\/\/www.daisho.be\/de\/produit\/boxsack-in-uppercut\/","og_site_name":"Daisho","og_image":[{"width":650,"height":650,"url":"https:\/\/www.daisho.be\/wp-content\/uploads\/2022\/01\/image-74.jpg","type":"image\/jpeg"}],"twitter_card":"summary_large_image","twitter_misc":{"Gesch\u00e4tzte Lesezeit":"1\u00a0Minute"},"schema":{"@context":"https:\/\/schema.org","@graph":[{"@type":"WebPage","@id":"https:\/\/www.daisho.be\/de\/produit\/boxsack-in-uppercut\/","url":"https:\/\/www.daisho.be\/de\/produit\/boxsack-in-uppercut\/","name":"Boxsack in Uppercut &#8211; Daisho","isPartOf":{"@id":"https:\/\/www.daisho.be\/de\/#website"},"primaryImageOfPage":{"@id":"https:\/\/www.daisho.be\/de\/produit\/boxsack-in-uppercut\/#primaryimage"},"image":{"@id":"https:\/\/www.daisho.be\/de\/produit\/boxsack-in-uppercut\/#primaryimage"},"thumbnailUrl":"https:\/\/www.daisho.be\/wp-content\/uploads\/2022\/01\/image-74.jpg","datePublished":"2022-01-20T08:27:48+00:00","breadcrumb":{"@id":"https:\/\/www.daisho.be\/de\/produit\/boxsack-in-uppercut\/#breadcrumb"},"inLanguage":"de","potentialAction":[{"@type":"ReadAction","target":["https:\/\/www.daisho.be\/de\/produit\/boxsack-in-uppercut\/"]}]},{"@type":"ImageObject","inLanguage":"de","@id":"https:\/\/www.daisho.be\/de\/produit\/boxsack-in-uppercut\/#primaryimage","url":"https:\/\/www.daisho.be\/wp-content\/uploads\/2022\/01\/image-74.jpg","contentUrl":"https:\/\/www.daisho.be\/wp-content\/uploads\/2022\/01\/image-74.jpg","width":650,"height":650},{"@type":"BreadcrumbList","@id":"https:\/\/www.daisho.be\/de\/produit\/boxsack-in-uppercut\/#breadcrumb","itemListElement":[{"@type":"ListItem","position":1,"name":"Accueil","item":"https:\/\/www.daisho.be\/de\/"},{"@type":"ListItem","position":2,"name":"Produkte","item":"https:\/\/www.daisho.be\/de\/produkte\/"},{"@type":"ListItem","position":3,"name":"Ausr\u00fcstung und Kleidung f\u00fcr Kampfkunst und Kampfsport","item":"https:\/\/www.daisho.be\/de\/categorie-produit\/ausrustung-und-kleidung-fur-kampfkunst-und-kampfsport\/"},{"@type":"ListItem","position":4,"name":"Boxen","item":"https:\/\/www.daisho.be\/de\/categorie-produit\/ausrustung-und-kleidung-fur-kampfkunst-und-kampfsport\/boxen-de\/"},{"@type":"ListItem","position":5,"name":"Boxs\u00e4cke","item":"https:\/\/www.daisho.be\/de\/categorie-produit\/ausrustung-und-kleidung-fur-kampfkunst-und-kampfsport\/boxen-de\/boxsacke-de\/"},{"@type":"ListItem","position":6,"name":"Boxsack in Uppercut"}]},{"@type":"WebSite","@id":"https:\/\/www.daisho.be\/de\/#website","url":"https:\/\/www.daisho.be\/de\/","name":"Daisho","description":"Sp&eacute;cialiste de l'&eacute;quipement sportif d'arts martiaux","publisher":{"@id":"https:\/\/www.daisho.be\/de\/#organization"},"potentialAction":[{"@type":"SearchAction","target":{"@type":"EntryPoint","urlTemplate":"https:\/\/www.daisho.be\/de\/?s={search_term_string}"},"query-input":{"@type":"PropertyValueSpecification","valueRequired":true,"valueName":"search_term_string"}}],"inLanguage":"de"},{"@type":"Organization","@id":"https:\/\/www.daisho.be\/de\/#organization","name":"Daisho","url":"https:\/\/www.daisho.be\/de\/","logo":{"@type":"ImageObject","inLanguage":"de","@id":"https:\/\/www.daisho.be\/de\/#\/schema\/logo\/image\/","url":"https:\/\/www.daisho.be\/wp-content\/uploads\/2019\/07\/color-nothing-horizontale4x-e1564486100247.png","contentUrl":"https:\/\/www.daisho.be\/wp-content\/uploads\/2019\/07\/color-nothing-horizontale4x-e1564486100247.png","width":1547,"height":385,"caption":"Daisho"},"image":{"@id":"https:\/\/www.daisho.be\/de\/#\/schema\/logo\/image\/"}}]}},"_links":{"self":[{"href":"https:\/\/www.daisho.be\/de\/wp-json\/wp\/v2\/product\/457585","targetHints":{"allow":["GET"]}}],"collection":[{"href":"https:\/\/www.daisho.be\/de\/wp-json\/wp\/v2\/product"}],"about":[{"href":"https:\/\/www.daisho.be\/de\/wp-json\/wp\/v2\/types\/product"}],"replies":[{"embeddable":true,"href":"https:\/\/www.daisho.be\/de\/wp-json\/wp\/v2\/comments?post=457585"}],"wp:featuredmedia":[{"embeddable":true,"href":"https:\/\/www.daisho.be\/de\/wp-json\/wp\/v2\/media\/457588"}],"wp:attachment":[{"href":"https:\/\/www.daisho.be\/de\/wp-json\/wp\/v2\/media?parent=457585"}],"wp:term":[{"taxonomy":"product_brand","embeddable":true,"href":"https:\/\/www.daisho.be\/de\/wp-json\/wp\/v2\/product_brand?post=457585"},{"taxonomy":"product_cat","embeddable":true,"href":"https:\/\/www.daisho.be\/de\/wp-json\/wp\/v2\/product_cat?post=457585"},{"taxonomy":"product_tag","embeddable":true,"href":"https:\/\/www.daisho.be\/de\/wp-json\/wp\/v2\/product_tag?post=457585"},{"taxonomy":"sport","embeddable":true,"href":"https:\/\/www.daisho.be\/de\/wp-json\/wp\/v2\/sport?post=457585"}],"curies":[{"name":"wp","href":"https:\/\/api.w.org\/{rel}","templated":true}]}}