{"id":457565,"date":"2022-01-20T12:46:50","date_gmt":"2022-01-20T11:46:50","guid":{"rendered":"https:\/\/www.daisho.be\/produit\/boxsack-mit-uppercut-super-pro\/"},"modified":"2022-01-20T12:46:50","modified_gmt":"2022-01-20T11:46:50","slug":"boxsack-mit-uppercut-super-pro","status":"publish","type":"product","link":"https:\/\/www.daisho.be\/de\/produit\/boxsack-mit-uppercut-super-pro\/","title":{"rendered":"Boxsack mit Uppercut Super Pro"},"content":{"rendered":"<p>Super Pro Combat Gear Uppercut Punching Bag<br \/>\nDer Uppercut Boxsack ist aus sehr robustem PU hergestellt.<br \/>\nDieser Uppercut Boxsack ist ideal, um eine Vielzahl von Schl\u00e4gen, insbesondere den Uppercut, zu trainieren. Der Boxsack ist sehr langlebig und ein Muss f\u00fcr das Fitnessstudio oder zu Hause.<br \/>\nDann sind Sie auf der Suche nach dem idealen Partner, um eine Vielzahl von F\u00e4usten zu trainieren? Dann ist der Uppercut Boxsack das Produkt, das Sie suchen.<br \/>\nSuper Pro Combat Gear ist bereits seit 1978 f\u00fcr seine hohe Qualit\u00e4t bekannt. Super Pro macht keine Zugest\u00e4ndnisse bei der Wahl des Materials oder des Komforts. Die Super Pro Produktlinie wird von weltbekannten Trainern und Weltmeister-Athleten entwickelt. Sie sind die wahren Experten, die wissen, wie man erstklassige Kampfausr\u00fcstungsprodukte herstellt. Der Super Pro Uppercut Punching Bag ist f\u00fcr jeden geeignet, aber besonders f\u00fcr diejenigen, die ihrem Uppercut-Training besondere Aufmerksamkeit widmen wollen. Auch f\u00fcr das Training von Tritten und Kniest\u00f6\u00dfen geeignet. Eigenschaften:<br \/>\n&#8211; Farbe: schwarz<br \/>\n&#8211; Gr\u00f6\u00dfe 80 x 33 cm<br \/>\n&#8211; Gewicht: +\/- 20 kg Vorteile des Uppercut Super Pro Teardrop Bag: &#8211; stark und f\u00fcr alle geeignet<br \/>\n&#8211; Material : Bisonyl<br \/>\n&#8211; zu Ihrer Sicherheit gescannt<br \/>\n&#8211; f\u00fcr den Gebrauch zu Hause und im Fitnessstudio<br \/>\n&#8211; ideal f\u00fcr Uppercut und Kicks<br \/>\n&#8211; enth\u00e4lt eine 4-Punkt-Kette Tipp: Tragen Sie Boxhandschuhe oder Bandagen w\u00e4hrend des Trainings auf dem Uppercut Bag.     <\/p>\n","protected":false},"excerpt":{"rendered":"<p>Super Pro Combat Gear Uppercut Punching Bag Der Uppercut Boxsack ist aus sehr robustem PU hergestellt. Dieser Uppercut Boxsack ist ideal, um eine Vielzahl von Schl\u00e4gen, insbesondere den Uppercut, zu trainieren. Der Boxsack ist sehr langlebig und ein Muss f\u00fcr das Fitnessstudio oder zu Hause. Dann sind Sie auf der Suche nach dem idealen Partner, [&hellip;]<\/p>\n","protected":false},"featured_media":457568,"comment_status":"closed","ping_status":"closed","template":"","meta":{"inline_featured_image":false},"product_brand":[],"product_cat":[2134,2055,2056,2100],"product_tag":[2312],"sport":[],"class_list":{"0":"post-457565","1":"product","2":"type-product","3":"status-publish","4":"has-post-thumbnail","6":"product_cat-boxsacke-de","7":"product_cat-karate-trainingsmaterial","8":"product_cat-kick-boxing-trainingsmaterial","9":"product_cat-mma-trainingsmaterial","10":"product_tag-super-pro-de","11":"product_shipping_class-schwere-produkte","12":"pa_size-sans-taille-defaut","14":"first","15":"instock","16":"taxable","17":"shipping-taxable","18":"purchasable","19":"product-type-simple"},"yoast_head":"<!-- This site is optimized with the Yoast SEO plugin v27.2 - https:\/\/yoast.com\/product\/yoast-seo-wordpress\/ -->\n<title>Boxsack mit Uppercut Super Pro &#8211; Daisho<\/title>\n<meta name=\"description\" content=\"Erh\u00f6hen Sie Ihr Training mit dem Uppercut Super Pro Boxsack. Robust, ergonomisch und auf Leistung ausgelegt. Entdecken Sie ihn jetzt!\" \/>\n<meta name=\"robots\" content=\"index, follow, max-snippet:-1, max-image-preview:large, max-video-preview:-1\" \/>\n<link rel=\"canonical\" href=\"https:\/\/www.daisho.be\/de\/produit\/boxsack-mit-uppercut-super-pro\/\" \/>\n<meta property=\"og:locale\" content=\"de_DE\" \/>\n<meta property=\"og:type\" content=\"article\" \/>\n<meta property=\"og:title\" content=\"Boxsack mit Uppercut Super Pro &#8211; Daisho\" \/>\n<meta property=\"og:description\" content=\"Erh\u00f6hen Sie Ihr Training mit dem Uppercut Super Pro Boxsack. Robust, ergonomisch und auf Leistung ausgelegt. Entdecken Sie ihn jetzt!\" \/>\n<meta property=\"og:url\" content=\"https:\/\/www.daisho.be\/de\/produit\/boxsack-mit-uppercut-super-pro\/\" \/>\n<meta property=\"og:site_name\" content=\"Daisho\" \/>\n<meta property=\"og:image\" content=\"https:\/\/www.daisho.be\/wp-content\/uploads\/2023\/10\/image.jpg\" \/>\n\t<meta property=\"og:image:width\" content=\"831\" \/>\n\t<meta property=\"og:image:height\" content=\"832\" \/>\n\t<meta property=\"og:image:type\" content=\"image\/jpeg\" \/>\n<meta name=\"twitter:card\" content=\"summary_large_image\" \/>\n<meta name=\"twitter:label1\" content=\"Gesch\u00e4tzte Lesezeit\" \/>\n\t<meta name=\"twitter:data1\" content=\"1\u00a0Minute\" \/>\n<script type=\"application\/ld+json\" class=\"yoast-schema-graph\">{\"@context\":\"https:\/\/schema.org\",\"@graph\":[{\"@type\":\"WebPage\",\"@id\":\"https:\/\/www.daisho.be\/de\/produit\/boxsack-mit-uppercut-super-pro\/\",\"url\":\"https:\/\/www.daisho.be\/de\/produit\/boxsack-mit-uppercut-super-pro\/\",\"name\":\"Boxsack mit Uppercut Super Pro &#8211; Daisho\",\"isPartOf\":{\"@id\":\"https:\/\/www.daisho.be\/de\/#website\"},\"primaryImageOfPage\":{\"@id\":\"https:\/\/www.daisho.be\/de\/produit\/boxsack-mit-uppercut-super-pro\/#primaryimage\"},\"image\":{\"@id\":\"https:\/\/www.daisho.be\/de\/produit\/boxsack-mit-uppercut-super-pro\/#primaryimage\"},\"thumbnailUrl\":\"https:\/\/www.daisho.be\/wp-content\/uploads\/2023\/10\/image.jpg\",\"datePublished\":\"2022-01-20T11:46:50+00:00\",\"description\":\"Erh\u00f6hen Sie Ihr Training mit dem Uppercut Super Pro Boxsack. Robust, ergonomisch und auf Leistung ausgelegt. Entdecken Sie ihn jetzt!\",\"breadcrumb\":{\"@id\":\"https:\/\/www.daisho.be\/de\/produit\/boxsack-mit-uppercut-super-pro\/#breadcrumb\"},\"inLanguage\":\"de\",\"potentialAction\":[{\"@type\":\"ReadAction\",\"target\":[\"https:\/\/www.daisho.be\/de\/produit\/boxsack-mit-uppercut-super-pro\/\"]}]},{\"@type\":\"ImageObject\",\"inLanguage\":\"de\",\"@id\":\"https:\/\/www.daisho.be\/de\/produit\/boxsack-mit-uppercut-super-pro\/#primaryimage\",\"url\":\"https:\/\/www.daisho.be\/wp-content\/uploads\/2023\/10\/image.jpg\",\"contentUrl\":\"https:\/\/www.daisho.be\/wp-content\/uploads\/2023\/10\/image.jpg\",\"width\":831,\"height\":832},{\"@type\":\"BreadcrumbList\",\"@id\":\"https:\/\/www.daisho.be\/de\/produit\/boxsack-mit-uppercut-super-pro\/#breadcrumb\",\"itemListElement\":[{\"@type\":\"ListItem\",\"position\":1,\"name\":\"Accueil\",\"item\":\"https:\/\/www.daisho.be\/de\/\"},{\"@type\":\"ListItem\",\"position\":2,\"name\":\"Produkte\",\"item\":\"https:\/\/www.daisho.be\/de\/produkte\/\"},{\"@type\":\"ListItem\",\"position\":3,\"name\":\"Ausr\u00fcstung und Kleidung f\u00fcr Kampfkunst und Kampfsport\",\"item\":\"https:\/\/www.daisho.be\/de\/categorie-produit\/ausrustung-und-kleidung-fur-kampfkunst-und-kampfsport\/\"},{\"@type\":\"ListItem\",\"position\":4,\"name\":\"Boxen\",\"item\":\"https:\/\/www.daisho.be\/de\/categorie-produit\/ausrustung-und-kleidung-fur-kampfkunst-und-kampfsport\/boxen-de\/\"},{\"@type\":\"ListItem\",\"position\":5,\"name\":\"Boxs\u00e4cke\",\"item\":\"https:\/\/www.daisho.be\/de\/categorie-produit\/ausrustung-und-kleidung-fur-kampfkunst-und-kampfsport\/boxen-de\/boxsacke-de\/\"},{\"@type\":\"ListItem\",\"position\":6,\"name\":\"Boxsack mit Uppercut Super Pro\"}]},{\"@type\":\"WebSite\",\"@id\":\"https:\/\/www.daisho.be\/de\/#website\",\"url\":\"https:\/\/www.daisho.be\/de\/\",\"name\":\"Daisho\",\"description\":\"Sp&eacute;cialiste de l'&eacute;quipement sportif d'arts martiaux\",\"publisher\":{\"@id\":\"https:\/\/www.daisho.be\/de\/#organization\"},\"potentialAction\":[{\"@type\":\"SearchAction\",\"target\":{\"@type\":\"EntryPoint\",\"urlTemplate\":\"https:\/\/www.daisho.be\/de\/?s={search_term_string}\"},\"query-input\":{\"@type\":\"PropertyValueSpecification\",\"valueRequired\":true,\"valueName\":\"search_term_string\"}}],\"inLanguage\":\"de\"},{\"@type\":\"Organization\",\"@id\":\"https:\/\/www.daisho.be\/de\/#organization\",\"name\":\"Daisho\",\"url\":\"https:\/\/www.daisho.be\/de\/\",\"logo\":{\"@type\":\"ImageObject\",\"inLanguage\":\"de\",\"@id\":\"https:\/\/www.daisho.be\/de\/#\/schema\/logo\/image\/\",\"url\":\"https:\/\/www.daisho.be\/wp-content\/uploads\/2019\/07\/color-nothing-horizontale4x-e1564486100247.png\",\"contentUrl\":\"https:\/\/www.daisho.be\/wp-content\/uploads\/2019\/07\/color-nothing-horizontale4x-e1564486100247.png\",\"width\":1547,\"height\":385,\"caption\":\"Daisho\"},\"image\":{\"@id\":\"https:\/\/www.daisho.be\/de\/#\/schema\/logo\/image\/\"}}]}<\/script>\n<!-- \/ Yoast SEO plugin. -->","yoast_head_json":{"title":"Boxsack mit Uppercut Super Pro &#8211; Daisho","description":"Erh\u00f6hen Sie Ihr Training mit dem Uppercut Super Pro Boxsack. Robust, ergonomisch und auf Leistung ausgelegt. Entdecken Sie ihn jetzt!","robots":{"index":"index","follow":"follow","max-snippet":"max-snippet:-1","max-image-preview":"max-image-preview:large","max-video-preview":"max-video-preview:-1"},"canonical":"https:\/\/www.daisho.be\/de\/produit\/boxsack-mit-uppercut-super-pro\/","og_locale":"de_DE","og_type":"article","og_title":"Boxsack mit Uppercut Super Pro &#8211; Daisho","og_description":"Erh\u00f6hen Sie Ihr Training mit dem Uppercut Super Pro Boxsack. Robust, ergonomisch und auf Leistung ausgelegt. Entdecken Sie ihn jetzt!","og_url":"https:\/\/www.daisho.be\/de\/produit\/boxsack-mit-uppercut-super-pro\/","og_site_name":"Daisho","og_image":[{"width":831,"height":832,"url":"https:\/\/www.daisho.be\/wp-content\/uploads\/2023\/10\/image.jpg","type":"image\/jpeg"}],"twitter_card":"summary_large_image","twitter_misc":{"Gesch\u00e4tzte Lesezeit":"1\u00a0Minute"},"schema":{"@context":"https:\/\/schema.org","@graph":[{"@type":"WebPage","@id":"https:\/\/www.daisho.be\/de\/produit\/boxsack-mit-uppercut-super-pro\/","url":"https:\/\/www.daisho.be\/de\/produit\/boxsack-mit-uppercut-super-pro\/","name":"Boxsack mit Uppercut Super Pro &#8211; Daisho","isPartOf":{"@id":"https:\/\/www.daisho.be\/de\/#website"},"primaryImageOfPage":{"@id":"https:\/\/www.daisho.be\/de\/produit\/boxsack-mit-uppercut-super-pro\/#primaryimage"},"image":{"@id":"https:\/\/www.daisho.be\/de\/produit\/boxsack-mit-uppercut-super-pro\/#primaryimage"},"thumbnailUrl":"https:\/\/www.daisho.be\/wp-content\/uploads\/2023\/10\/image.jpg","datePublished":"2022-01-20T11:46:50+00:00","description":"Erh\u00f6hen Sie Ihr Training mit dem Uppercut Super Pro Boxsack. Robust, ergonomisch und auf Leistung ausgelegt. Entdecken Sie ihn jetzt!","breadcrumb":{"@id":"https:\/\/www.daisho.be\/de\/produit\/boxsack-mit-uppercut-super-pro\/#breadcrumb"},"inLanguage":"de","potentialAction":[{"@type":"ReadAction","target":["https:\/\/www.daisho.be\/de\/produit\/boxsack-mit-uppercut-super-pro\/"]}]},{"@type":"ImageObject","inLanguage":"de","@id":"https:\/\/www.daisho.be\/de\/produit\/boxsack-mit-uppercut-super-pro\/#primaryimage","url":"https:\/\/www.daisho.be\/wp-content\/uploads\/2023\/10\/image.jpg","contentUrl":"https:\/\/www.daisho.be\/wp-content\/uploads\/2023\/10\/image.jpg","width":831,"height":832},{"@type":"BreadcrumbList","@id":"https:\/\/www.daisho.be\/de\/produit\/boxsack-mit-uppercut-super-pro\/#breadcrumb","itemListElement":[{"@type":"ListItem","position":1,"name":"Accueil","item":"https:\/\/www.daisho.be\/de\/"},{"@type":"ListItem","position":2,"name":"Produkte","item":"https:\/\/www.daisho.be\/de\/produkte\/"},{"@type":"ListItem","position":3,"name":"Ausr\u00fcstung und Kleidung f\u00fcr Kampfkunst und Kampfsport","item":"https:\/\/www.daisho.be\/de\/categorie-produit\/ausrustung-und-kleidung-fur-kampfkunst-und-kampfsport\/"},{"@type":"ListItem","position":4,"name":"Boxen","item":"https:\/\/www.daisho.be\/de\/categorie-produit\/ausrustung-und-kleidung-fur-kampfkunst-und-kampfsport\/boxen-de\/"},{"@type":"ListItem","position":5,"name":"Boxs\u00e4cke","item":"https:\/\/www.daisho.be\/de\/categorie-produit\/ausrustung-und-kleidung-fur-kampfkunst-und-kampfsport\/boxen-de\/boxsacke-de\/"},{"@type":"ListItem","position":6,"name":"Boxsack mit Uppercut Super Pro"}]},{"@type":"WebSite","@id":"https:\/\/www.daisho.be\/de\/#website","url":"https:\/\/www.daisho.be\/de\/","name":"Daisho","description":"Sp&eacute;cialiste de l'&eacute;quipement sportif d'arts martiaux","publisher":{"@id":"https:\/\/www.daisho.be\/de\/#organization"},"potentialAction":[{"@type":"SearchAction","target":{"@type":"EntryPoint","urlTemplate":"https:\/\/www.daisho.be\/de\/?s={search_term_string}"},"query-input":{"@type":"PropertyValueSpecification","valueRequired":true,"valueName":"search_term_string"}}],"inLanguage":"de"},{"@type":"Organization","@id":"https:\/\/www.daisho.be\/de\/#organization","name":"Daisho","url":"https:\/\/www.daisho.be\/de\/","logo":{"@type":"ImageObject","inLanguage":"de","@id":"https:\/\/www.daisho.be\/de\/#\/schema\/logo\/image\/","url":"https:\/\/www.daisho.be\/wp-content\/uploads\/2019\/07\/color-nothing-horizontale4x-e1564486100247.png","contentUrl":"https:\/\/www.daisho.be\/wp-content\/uploads\/2019\/07\/color-nothing-horizontale4x-e1564486100247.png","width":1547,"height":385,"caption":"Daisho"},"image":{"@id":"https:\/\/www.daisho.be\/de\/#\/schema\/logo\/image\/"}}]}},"_links":{"self":[{"href":"https:\/\/www.daisho.be\/de\/wp-json\/wp\/v2\/product\/457565","targetHints":{"allow":["GET"]}}],"collection":[{"href":"https:\/\/www.daisho.be\/de\/wp-json\/wp\/v2\/product"}],"about":[{"href":"https:\/\/www.daisho.be\/de\/wp-json\/wp\/v2\/types\/product"}],"replies":[{"embeddable":true,"href":"https:\/\/www.daisho.be\/de\/wp-json\/wp\/v2\/comments?post=457565"}],"wp:featuredmedia":[{"embeddable":true,"href":"https:\/\/www.daisho.be\/de\/wp-json\/wp\/v2\/media\/457568"}],"wp:attachment":[{"href":"https:\/\/www.daisho.be\/de\/wp-json\/wp\/v2\/media?parent=457565"}],"wp:term":[{"taxonomy":"product_brand","embeddable":true,"href":"https:\/\/www.daisho.be\/de\/wp-json\/wp\/v2\/product_brand?post=457565"},{"taxonomy":"product_cat","embeddable":true,"href":"https:\/\/www.daisho.be\/de\/wp-json\/wp\/v2\/product_cat?post=457565"},{"taxonomy":"product_tag","embeddable":true,"href":"https:\/\/www.daisho.be\/de\/wp-json\/wp\/v2\/product_tag?post=457565"},{"taxonomy":"sport","embeddable":true,"href":"https:\/\/www.daisho.be\/de\/wp-json\/wp\/v2\/sport?post=457565"}],"curies":[{"name":"wp","href":"https:\/\/api.w.org\/{rel}","templated":true}]}}