{"id":457545,"date":"2022-01-31T09:11:38","date_gmt":"2022-01-31T08:11:38","guid":{"rendered":"https:\/\/www.daisho.be\/produit\/adidas-shadow-weight-l-xl-handschuhe\/"},"modified":"2025-03-03T14:07:55","modified_gmt":"2025-03-03T13:07:55","slug":"adidas-shadow-weight-l-xl-handschuhe","status":"publish","type":"product","link":"https:\/\/www.daisho.be\/de\/produit\/adidas-shadow-weight-l-xl-handschuhe\/","title":{"rendered":"adidas Shadow Weight L\/XL Handschuhe"},"content":{"rendered":"<p>Ideale Handschuhe f\u00fcr das Training mit mehr Gewicht.<br \/>\nExtrem geeignet f\u00fcr Schattenboxen. Dadurch werden Ihre Arme st\u00e4rker trainiert.<br \/>\nDie Climacool-Technologie wurde angewendet.<br \/>\nDieser Handschuh ist f\u00fcr alle geeignet, die ihr Training mit mehr Gewicht erschweren m\u00f6chten.<br \/>\nDies sind Handschuhe mit Gewicht. Dieser Handschuh ist f\u00fcr jeden geeignet, der sein Training mit mehr Gewichten etwas schwerer machen m\u00f6chte.<br \/>\nDie Handschuhe sind aus Neopren und auf der Oberseite des Handschuhs befinden sich verschiedene F\u00e4cher, in denen sich die Eisengewichte befinden. Der Handschuh ist in verschiedene F\u00e4cher unterteilt, so dass die Schattenboxen die M\u00fcnzen nicht verrutschen lassen.<br \/>\nDie Handfl\u00e4che ist mit der climacool-Technologie hergestellt, wodurch der Handschuh feuchtigkeitsregulierend und atmungsaktiv arbeitet. Die Handschuhe haben einen Klettverschluss.<br \/>\nDie Handschuhe sind daher ideal f\u00fcr das Training mit etwas mehr Gewicht, insbesondere f\u00fcr Schattenboxen.<br \/>\nDer Kickboxhandschuh ist in schwarz und in einer Gr\u00f6\u00dfe: Einheitsgr\u00f6\u00dfe erh\u00e4ltlich. Der Handschuh ist 0,5 kg schwer     <\/p>\n","protected":false},"excerpt":{"rendered":"<p>Ideale Handschuhe f\u00fcr das Training mit mehr Gewicht. Extrem geeignet f\u00fcr Schattenboxen. Dadurch werden Ihre Arme st\u00e4rker trainiert. Die Climacool-Technologie wurde angewendet. Dieser Handschuh ist f\u00fcr alle geeignet, die ihr Training mit mehr Gewicht erschweren m\u00f6chten. Dies sind Handschuhe mit Gewicht. Dieser Handschuh ist f\u00fcr jeden geeignet, der sein Training mit mehr Gewichten etwas schwerer [&hellip;]<\/p>\n","protected":false},"featured_media":457550,"comment_status":"open","ping_status":"closed","template":"","meta":{"inline_featured_image":false},"product_brand":[],"product_cat":[2306,2180,2277],"product_tag":[2178],"sport":[],"class_list":{"0":"post-457545","1":"product","2":"type-product","3":"status-publish","4":"has-post-thumbnail","6":"product_cat-boxhandschuhe-adidas","7":"product_cat-karate-schutzkleidung-adidas","8":"product_cat-kick-boxing-protektoren-adidas","9":"product_tag-adidas-de","10":"pa_size-l-xl-2","12":"first","13":"instock","14":"taxable","15":"shipping-taxable","16":"purchasable","17":"product-type-variable"},"yoast_head":"<!-- This site is optimized with the Yoast SEO plugin v27.2 - https:\/\/yoast.com\/product\/yoast-seo-wordpress\/ -->\n<title>adidas Shadow Weight L\/XL Handschuhe &#8211; Daisho<\/title>\n<meta name=\"description\" content=\"Entdecken Sie die Shadow Boxing Handschuhe, die ideal sind, um mit mehr Gewicht zu trainieren. Kaufen Sie sie auf unserer Website www.daisho.be|Daisho\" \/>\n<meta name=\"robots\" content=\"index, follow, max-snippet:-1, max-image-preview:large, max-video-preview:-1\" \/>\n<link rel=\"canonical\" href=\"https:\/\/www.daisho.be\/de\/produit\/adidas-shadow-weight-l-xl-handschuhe\/\" \/>\n<meta property=\"og:locale\" content=\"de_DE\" \/>\n<meta property=\"og:type\" content=\"article\" \/>\n<meta property=\"og:title\" content=\"adidas Shadow Weight L\/XL Handschuhe &#8211; Daisho\" \/>\n<meta property=\"og:description\" content=\"Entdecken Sie die Shadow Boxing Handschuhe, die ideal sind, um mit mehr Gewicht zu trainieren. Kaufen Sie sie auf unserer Website www.daisho.be|Daisho\" \/>\n<meta property=\"og:url\" content=\"https:\/\/www.daisho.be\/de\/produit\/adidas-shadow-weight-l-xl-handschuhe\/\" \/>\n<meta property=\"og:site_name\" content=\"Daisho\" \/>\n<meta property=\"article:modified_time\" content=\"2025-03-03T13:07:55+00:00\" \/>\n<meta property=\"og:image\" content=\"https:\/\/www.daisho.be\/wp-content\/uploads\/2022\/02\/image-105.jpg\" \/>\n\t<meta property=\"og:image:width\" content=\"650\" \/>\n\t<meta property=\"og:image:height\" content=\"650\" \/>\n\t<meta property=\"og:image:type\" content=\"image\/jpeg\" \/>\n<meta name=\"twitter:card\" content=\"summary_large_image\" \/>\n<meta name=\"twitter:label1\" content=\"Gesch\u00e4tzte Lesezeit\" \/>\n\t<meta name=\"twitter:data1\" content=\"1\u00a0Minute\" \/>\n<script type=\"application\/ld+json\" class=\"yoast-schema-graph\">{\"@context\":\"https:\/\/schema.org\",\"@graph\":[{\"@type\":\"WebPage\",\"@id\":\"https:\/\/www.daisho.be\/de\/produit\/adidas-shadow-weight-l-xl-handschuhe\/\",\"url\":\"https:\/\/www.daisho.be\/de\/produit\/adidas-shadow-weight-l-xl-handschuhe\/\",\"name\":\"adidas Shadow Weight L\/XL Handschuhe &#8211; Daisho\",\"isPartOf\":{\"@id\":\"https:\/\/www.daisho.be\/de\/#website\"},\"primaryImageOfPage\":{\"@id\":\"https:\/\/www.daisho.be\/de\/produit\/adidas-shadow-weight-l-xl-handschuhe\/#primaryimage\"},\"image\":{\"@id\":\"https:\/\/www.daisho.be\/de\/produit\/adidas-shadow-weight-l-xl-handschuhe\/#primaryimage\"},\"thumbnailUrl\":\"https:\/\/www.daisho.be\/wp-content\/uploads\/2022\/02\/image-105.jpg\",\"datePublished\":\"2022-01-31T08:11:38+00:00\",\"dateModified\":\"2025-03-03T13:07:55+00:00\",\"description\":\"Entdecken Sie die Shadow Boxing Handschuhe, die ideal sind, um mit mehr Gewicht zu trainieren. Kaufen Sie sie auf unserer Website www.daisho.be|Daisho\",\"breadcrumb\":{\"@id\":\"https:\/\/www.daisho.be\/de\/produit\/adidas-shadow-weight-l-xl-handschuhe\/#breadcrumb\"},\"inLanguage\":\"de\",\"potentialAction\":[{\"@type\":\"ReadAction\",\"target\":[\"https:\/\/www.daisho.be\/de\/produit\/adidas-shadow-weight-l-xl-handschuhe\/\"]}]},{\"@type\":\"ImageObject\",\"inLanguage\":\"de\",\"@id\":\"https:\/\/www.daisho.be\/de\/produit\/adidas-shadow-weight-l-xl-handschuhe\/#primaryimage\",\"url\":\"https:\/\/www.daisho.be\/wp-content\/uploads\/2022\/02\/image-105.jpg\",\"contentUrl\":\"https:\/\/www.daisho.be\/wp-content\/uploads\/2022\/02\/image-105.jpg\",\"width\":650,\"height\":650,\"caption\":\"adidas Shadow Weight L\/XL-1 Handschuhe\"},{\"@type\":\"BreadcrumbList\",\"@id\":\"https:\/\/www.daisho.be\/de\/produit\/adidas-shadow-weight-l-xl-handschuhe\/#breadcrumb\",\"itemListElement\":[{\"@type\":\"ListItem\",\"position\":1,\"name\":\"Accueil\",\"item\":\"https:\/\/www.daisho.be\/de\/\"},{\"@type\":\"ListItem\",\"position\":2,\"name\":\"Produkte\",\"item\":\"https:\/\/www.daisho.be\/de\/produkte\/\"},{\"@type\":\"ListItem\",\"position\":3,\"name\":\"ADIDAS COMBAT SPORTS\",\"item\":\"https:\/\/www.daisho.be\/de\/categorie-produit\/adidas-combat-sports-de\/\"},{\"@type\":\"ListItem\",\"position\":4,\"name\":\"Boxen\",\"item\":\"https:\/\/www.daisho.be\/de\/categorie-produit\/adidas-combat-sports-de\/boxen\/\"},{\"@type\":\"ListItem\",\"position\":5,\"name\":\"Boxhandschuhe Adidas\",\"item\":\"https:\/\/www.daisho.be\/de\/categorie-produit\/adidas-combat-sports-de\/boxen\/boxhandschuhe-adidas\/\"},{\"@type\":\"ListItem\",\"position\":6,\"name\":\"adidas Shadow Weight L\/XL Handschuhe\"}]},{\"@type\":\"WebSite\",\"@id\":\"https:\/\/www.daisho.be\/de\/#website\",\"url\":\"https:\/\/www.daisho.be\/de\/\",\"name\":\"Daisho\",\"description\":\"Sp&eacute;cialiste de l'&eacute;quipement sportif d'arts martiaux\",\"publisher\":{\"@id\":\"https:\/\/www.daisho.be\/de\/#organization\"},\"potentialAction\":[{\"@type\":\"SearchAction\",\"target\":{\"@type\":\"EntryPoint\",\"urlTemplate\":\"https:\/\/www.daisho.be\/de\/?s={search_term_string}\"},\"query-input\":{\"@type\":\"PropertyValueSpecification\",\"valueRequired\":true,\"valueName\":\"search_term_string\"}}],\"inLanguage\":\"de\"},{\"@type\":\"Organization\",\"@id\":\"https:\/\/www.daisho.be\/de\/#organization\",\"name\":\"Daisho\",\"url\":\"https:\/\/www.daisho.be\/de\/\",\"logo\":{\"@type\":\"ImageObject\",\"inLanguage\":\"de\",\"@id\":\"https:\/\/www.daisho.be\/de\/#\/schema\/logo\/image\/\",\"url\":\"https:\/\/www.daisho.be\/wp-content\/uploads\/2019\/07\/color-nothing-horizontale4x-e1564486100247.png\",\"contentUrl\":\"https:\/\/www.daisho.be\/wp-content\/uploads\/2019\/07\/color-nothing-horizontale4x-e1564486100247.png\",\"width\":1547,\"height\":385,\"caption\":\"Daisho\"},\"image\":{\"@id\":\"https:\/\/www.daisho.be\/de\/#\/schema\/logo\/image\/\"}}]}<\/script>\n<!-- \/ Yoast SEO plugin. -->","yoast_head_json":{"title":"adidas Shadow Weight L\/XL Handschuhe &#8211; Daisho","description":"Entdecken Sie die Shadow Boxing Handschuhe, die ideal sind, um mit mehr Gewicht zu trainieren. Kaufen Sie sie auf unserer Website www.daisho.be|Daisho","robots":{"index":"index","follow":"follow","max-snippet":"max-snippet:-1","max-image-preview":"max-image-preview:large","max-video-preview":"max-video-preview:-1"},"canonical":"https:\/\/www.daisho.be\/de\/produit\/adidas-shadow-weight-l-xl-handschuhe\/","og_locale":"de_DE","og_type":"article","og_title":"adidas Shadow Weight L\/XL Handschuhe &#8211; Daisho","og_description":"Entdecken Sie die Shadow Boxing Handschuhe, die ideal sind, um mit mehr Gewicht zu trainieren. Kaufen Sie sie auf unserer Website www.daisho.be|Daisho","og_url":"https:\/\/www.daisho.be\/de\/produit\/adidas-shadow-weight-l-xl-handschuhe\/","og_site_name":"Daisho","article_modified_time":"2025-03-03T13:07:55+00:00","og_image":[{"width":650,"height":650,"url":"https:\/\/www.daisho.be\/wp-content\/uploads\/2022\/02\/image-105.jpg","type":"image\/jpeg"}],"twitter_card":"summary_large_image","twitter_misc":{"Gesch\u00e4tzte Lesezeit":"1\u00a0Minute"},"schema":{"@context":"https:\/\/schema.org","@graph":[{"@type":"WebPage","@id":"https:\/\/www.daisho.be\/de\/produit\/adidas-shadow-weight-l-xl-handschuhe\/","url":"https:\/\/www.daisho.be\/de\/produit\/adidas-shadow-weight-l-xl-handschuhe\/","name":"adidas Shadow Weight L\/XL Handschuhe &#8211; Daisho","isPartOf":{"@id":"https:\/\/www.daisho.be\/de\/#website"},"primaryImageOfPage":{"@id":"https:\/\/www.daisho.be\/de\/produit\/adidas-shadow-weight-l-xl-handschuhe\/#primaryimage"},"image":{"@id":"https:\/\/www.daisho.be\/de\/produit\/adidas-shadow-weight-l-xl-handschuhe\/#primaryimage"},"thumbnailUrl":"https:\/\/www.daisho.be\/wp-content\/uploads\/2022\/02\/image-105.jpg","datePublished":"2022-01-31T08:11:38+00:00","dateModified":"2025-03-03T13:07:55+00:00","description":"Entdecken Sie die Shadow Boxing Handschuhe, die ideal sind, um mit mehr Gewicht zu trainieren. Kaufen Sie sie auf unserer Website www.daisho.be|Daisho","breadcrumb":{"@id":"https:\/\/www.daisho.be\/de\/produit\/adidas-shadow-weight-l-xl-handschuhe\/#breadcrumb"},"inLanguage":"de","potentialAction":[{"@type":"ReadAction","target":["https:\/\/www.daisho.be\/de\/produit\/adidas-shadow-weight-l-xl-handschuhe\/"]}]},{"@type":"ImageObject","inLanguage":"de","@id":"https:\/\/www.daisho.be\/de\/produit\/adidas-shadow-weight-l-xl-handschuhe\/#primaryimage","url":"https:\/\/www.daisho.be\/wp-content\/uploads\/2022\/02\/image-105.jpg","contentUrl":"https:\/\/www.daisho.be\/wp-content\/uploads\/2022\/02\/image-105.jpg","width":650,"height":650,"caption":"adidas Shadow Weight L\/XL-1 Handschuhe"},{"@type":"BreadcrumbList","@id":"https:\/\/www.daisho.be\/de\/produit\/adidas-shadow-weight-l-xl-handschuhe\/#breadcrumb","itemListElement":[{"@type":"ListItem","position":1,"name":"Accueil","item":"https:\/\/www.daisho.be\/de\/"},{"@type":"ListItem","position":2,"name":"Produkte","item":"https:\/\/www.daisho.be\/de\/produkte\/"},{"@type":"ListItem","position":3,"name":"ADIDAS COMBAT SPORTS","item":"https:\/\/www.daisho.be\/de\/categorie-produit\/adidas-combat-sports-de\/"},{"@type":"ListItem","position":4,"name":"Boxen","item":"https:\/\/www.daisho.be\/de\/categorie-produit\/adidas-combat-sports-de\/boxen\/"},{"@type":"ListItem","position":5,"name":"Boxhandschuhe Adidas","item":"https:\/\/www.daisho.be\/de\/categorie-produit\/adidas-combat-sports-de\/boxen\/boxhandschuhe-adidas\/"},{"@type":"ListItem","position":6,"name":"adidas Shadow Weight L\/XL Handschuhe"}]},{"@type":"WebSite","@id":"https:\/\/www.daisho.be\/de\/#website","url":"https:\/\/www.daisho.be\/de\/","name":"Daisho","description":"Sp&eacute;cialiste de l'&eacute;quipement sportif d'arts martiaux","publisher":{"@id":"https:\/\/www.daisho.be\/de\/#organization"},"potentialAction":[{"@type":"SearchAction","target":{"@type":"EntryPoint","urlTemplate":"https:\/\/www.daisho.be\/de\/?s={search_term_string}"},"query-input":{"@type":"PropertyValueSpecification","valueRequired":true,"valueName":"search_term_string"}}],"inLanguage":"de"},{"@type":"Organization","@id":"https:\/\/www.daisho.be\/de\/#organization","name":"Daisho","url":"https:\/\/www.daisho.be\/de\/","logo":{"@type":"ImageObject","inLanguage":"de","@id":"https:\/\/www.daisho.be\/de\/#\/schema\/logo\/image\/","url":"https:\/\/www.daisho.be\/wp-content\/uploads\/2019\/07\/color-nothing-horizontale4x-e1564486100247.png","contentUrl":"https:\/\/www.daisho.be\/wp-content\/uploads\/2019\/07\/color-nothing-horizontale4x-e1564486100247.png","width":1547,"height":385,"caption":"Daisho"},"image":{"@id":"https:\/\/www.daisho.be\/de\/#\/schema\/logo\/image\/"}}]}},"_links":{"self":[{"href":"https:\/\/www.daisho.be\/de\/wp-json\/wp\/v2\/product\/457545","targetHints":{"allow":["GET"]}}],"collection":[{"href":"https:\/\/www.daisho.be\/de\/wp-json\/wp\/v2\/product"}],"about":[{"href":"https:\/\/www.daisho.be\/de\/wp-json\/wp\/v2\/types\/product"}],"replies":[{"embeddable":true,"href":"https:\/\/www.daisho.be\/de\/wp-json\/wp\/v2\/comments?post=457545"}],"wp:featuredmedia":[{"embeddable":true,"href":"https:\/\/www.daisho.be\/de\/wp-json\/wp\/v2\/media\/457550"}],"wp:attachment":[{"href":"https:\/\/www.daisho.be\/de\/wp-json\/wp\/v2\/media?parent=457545"}],"wp:term":[{"taxonomy":"product_brand","embeddable":true,"href":"https:\/\/www.daisho.be\/de\/wp-json\/wp\/v2\/product_brand?post=457545"},{"taxonomy":"product_cat","embeddable":true,"href":"https:\/\/www.daisho.be\/de\/wp-json\/wp\/v2\/product_cat?post=457545"},{"taxonomy":"product_tag","embeddable":true,"href":"https:\/\/www.daisho.be\/de\/wp-json\/wp\/v2\/product_tag?post=457545"},{"taxonomy":"sport","embeddable":true,"href":"https:\/\/www.daisho.be\/de\/wp-json\/wp\/v2\/sport?post=457545"}],"curies":[{"name":"wp","href":"https:\/\/api.w.org\/{rel}","templated":true}]}}