{"id":457534,"date":"2022-01-30T22:50:55","date_gmt":"2022-01-30T21:50:55","guid":{"rendered":"https:\/\/www.daisho.be\/produit\/adidas-semi-contact-handschuhe-weiss-gold\/"},"modified":"2025-03-03T14:17:32","modified_gmt":"2025-03-03T13:17:32","slug":"adidas-semi-contact-handschuhe-weiss-gold","status":"publish","type":"product","link":"https:\/\/www.daisho.be\/de\/produit\/adidas-semi-contact-handschuhe-weiss-gold\/","title":{"rendered":"adidas Semi Contact Handschuhe Wei\u00df\/Gold"},"content":{"rendered":"<p>Die PUG3-Handschuhe von adidas f\u00fcr alle Semikontakt-Sportarten. Ihre Hand ist optimal gesch\u00fctzt, aber Sie k\u00f6nnen die Finger und den Daumen immer noch gut einsetzen. Die Handfl\u00e4chen der Handschuhe sind offen.<br \/>\nDiese Handschuhe eignen sich f\u00fcr alle Semikontaktsportarten, einschlie\u00dflich Karate und Taekwondo.<br \/>\nVorteile:<br \/>\n&#8211; elastischer Verschluss<br \/>\n&#8211; perfekte Passform<br \/>\n&#8211; sehr sicher<br \/>\n&#8211; Comfort+ Technologie<br \/>\n&#8211; PU3G Technologie  <\/p>\n","protected":false},"excerpt":{"rendered":"<p>Die PUG3-Handschuhe von adidas f\u00fcr alle Semikontakt-Sportarten. Ihre Hand ist optimal gesch\u00fctzt, aber Sie k\u00f6nnen die Finger und den Daumen immer noch gut einsetzen. Die Handfl\u00e4chen der Handschuhe sind offen. Diese Handschuhe eignen sich f\u00fcr alle Semikontaktsportarten, einschlie\u00dflich Karate und Taekwondo. Vorteile: &#8211; elastischer Verschluss &#8211; perfekte Passform &#8211; sehr sicher &#8211; Comfort+ Technologie &#8211; [&hellip;]<\/p>\n","protected":false},"featured_media":457541,"comment_status":"open","ping_status":"closed","template":"","meta":{"inline_featured_image":false},"product_brand":[],"product_cat":[2180,2277,2261,2183],"product_tag":[2178],"sport":[],"class_list":{"0":"post-457534","1":"product","2":"type-product","3":"status-publish","4":"has-post-thumbnail","6":"product_cat-karate-schutzkleidung-adidas","7":"product_cat-kick-boxing-protektoren-adidas","8":"product_cat-mma-protektoren-adidas","9":"product_cat-taekwondo-protektoren-adidas","10":"product_tag-adidas-de","11":"pa_size-l","12":"pa_size-m","13":"pa_size-s","14":"pa_size-xl","15":"pa_size-xs","17":"first","18":"instock","19":"taxable","20":"shipping-taxable","21":"purchasable","22":"product-type-variable"},"yoast_head":"<!-- This site is optimized with the Yoast SEO plugin v27.2 - https:\/\/yoast.com\/product\/yoast-seo-wordpress\/ -->\n<title>adidas Semi Contact Handschuhe Wei\u00df\/Gold &#8211; Daisho<\/title>\n<meta name=\"description\" content=\"Entdecken Sie die Handschuhe, die sich ideal f\u00fcr alle Arten von Semikontakt-Sportarten eignen. Kaufen Sie sie auf unserer Website www.daisho.be|Daisho\" \/>\n<meta name=\"robots\" content=\"index, follow, max-snippet:-1, max-image-preview:large, max-video-preview:-1\" \/>\n<link rel=\"canonical\" href=\"https:\/\/www.daisho.be\/de\/produit\/adidas-semi-contact-handschuhe-weiss-gold\/\" \/>\n<meta property=\"og:locale\" content=\"de_DE\" \/>\n<meta property=\"og:type\" content=\"article\" \/>\n<meta property=\"og:title\" content=\"adidas Semi Contact Handschuhe Wei\u00df\/Gold &#8211; Daisho\" \/>\n<meta property=\"og:description\" content=\"Entdecken Sie die Handschuhe, die sich ideal f\u00fcr alle Arten von Semikontakt-Sportarten eignen. Kaufen Sie sie auf unserer Website www.daisho.be|Daisho\" \/>\n<meta property=\"og:url\" content=\"https:\/\/www.daisho.be\/de\/produit\/adidas-semi-contact-handschuhe-weiss-gold\/\" \/>\n<meta property=\"og:site_name\" content=\"Daisho\" \/>\n<meta property=\"article:modified_time\" content=\"2025-03-03T13:17:32+00:00\" \/>\n<meta property=\"og:image\" content=\"https:\/\/www.daisho.be\/wp-content\/uploads\/2022\/10\/image-12.jpg\" \/>\n\t<meta property=\"og:image:width\" content=\"650\" \/>\n\t<meta property=\"og:image:height\" content=\"650\" \/>\n\t<meta property=\"og:image:type\" content=\"image\/jpeg\" \/>\n<meta name=\"twitter:card\" content=\"summary_large_image\" \/>\n<script type=\"application\/ld+json\" class=\"yoast-schema-graph\">{\"@context\":\"https:\/\/schema.org\",\"@graph\":[{\"@type\":\"WebPage\",\"@id\":\"https:\/\/www.daisho.be\/de\/produit\/adidas-semi-contact-handschuhe-weiss-gold\/\",\"url\":\"https:\/\/www.daisho.be\/de\/produit\/adidas-semi-contact-handschuhe-weiss-gold\/\",\"name\":\"adidas Semi Contact Handschuhe Wei\u00df\/Gold &#8211; Daisho\",\"isPartOf\":{\"@id\":\"https:\/\/www.daisho.be\/de\/#website\"},\"primaryImageOfPage\":{\"@id\":\"https:\/\/www.daisho.be\/de\/produit\/adidas-semi-contact-handschuhe-weiss-gold\/#primaryimage\"},\"image\":{\"@id\":\"https:\/\/www.daisho.be\/de\/produit\/adidas-semi-contact-handschuhe-weiss-gold\/#primaryimage\"},\"thumbnailUrl\":\"https:\/\/www.daisho.be\/wp-content\/uploads\/2022\/10\/image-12.jpg\",\"datePublished\":\"2022-01-30T21:50:55+00:00\",\"dateModified\":\"2025-03-03T13:17:32+00:00\",\"description\":\"Entdecken Sie die Handschuhe, die sich ideal f\u00fcr alle Arten von Semikontakt-Sportarten eignen. Kaufen Sie sie auf unserer Website www.daisho.be|Daisho\",\"breadcrumb\":{\"@id\":\"https:\/\/www.daisho.be\/de\/produit\/adidas-semi-contact-handschuhe-weiss-gold\/#breadcrumb\"},\"inLanguage\":\"de\",\"potentialAction\":[{\"@type\":\"ReadAction\",\"target\":[\"https:\/\/www.daisho.be\/de\/produit\/adidas-semi-contact-handschuhe-weiss-gold\/\"]}]},{\"@type\":\"ImageObject\",\"inLanguage\":\"de\",\"@id\":\"https:\/\/www.daisho.be\/de\/produit\/adidas-semi-contact-handschuhe-weiss-gold\/#primaryimage\",\"url\":\"https:\/\/www.daisho.be\/wp-content\/uploads\/2022\/10\/image-12.jpg\",\"contentUrl\":\"https:\/\/www.daisho.be\/wp-content\/uploads\/2022\/10\/image-12.jpg\",\"width\":650,\"height\":650,\"caption\":\"adidas Semi Contact Handschuhe Wei\u00df\/Gold-1\"},{\"@type\":\"BreadcrumbList\",\"@id\":\"https:\/\/www.daisho.be\/de\/produit\/adidas-semi-contact-handschuhe-weiss-gold\/#breadcrumb\",\"itemListElement\":[{\"@type\":\"ListItem\",\"position\":1,\"name\":\"Accueil\",\"item\":\"https:\/\/www.daisho.be\/de\/\"},{\"@type\":\"ListItem\",\"position\":2,\"name\":\"Produkte\",\"item\":\"https:\/\/www.daisho.be\/de\/produkte\/\"},{\"@type\":\"ListItem\",\"position\":3,\"name\":\"ADIDAS COMBAT SPORTS\",\"item\":\"https:\/\/www.daisho.be\/de\/categorie-produit\/adidas-combat-sports-de\/\"},{\"@type\":\"ListItem\",\"position\":4,\"name\":\"Karate\",\"item\":\"https:\/\/www.daisho.be\/de\/categorie-produit\/adidas-combat-sports-de\/karate-de\/\"},{\"@type\":\"ListItem\",\"position\":5,\"name\":\"Karate-Schutzkleidung Adidas\",\"item\":\"https:\/\/www.daisho.be\/de\/categorie-produit\/adidas-combat-sports-de\/karate-de\/karate-schutzkleidung-adidas\/\"},{\"@type\":\"ListItem\",\"position\":6,\"name\":\"adidas Semi Contact Handschuhe Wei\u00df\/Gold\"}]},{\"@type\":\"WebSite\",\"@id\":\"https:\/\/www.daisho.be\/de\/#website\",\"url\":\"https:\/\/www.daisho.be\/de\/\",\"name\":\"Daisho\",\"description\":\"Sp&eacute;cialiste de l'&eacute;quipement sportif d'arts martiaux\",\"publisher\":{\"@id\":\"https:\/\/www.daisho.be\/de\/#organization\"},\"potentialAction\":[{\"@type\":\"SearchAction\",\"target\":{\"@type\":\"EntryPoint\",\"urlTemplate\":\"https:\/\/www.daisho.be\/de\/?s={search_term_string}\"},\"query-input\":{\"@type\":\"PropertyValueSpecification\",\"valueRequired\":true,\"valueName\":\"search_term_string\"}}],\"inLanguage\":\"de\"},{\"@type\":\"Organization\",\"@id\":\"https:\/\/www.daisho.be\/de\/#organization\",\"name\":\"Daisho\",\"url\":\"https:\/\/www.daisho.be\/de\/\",\"logo\":{\"@type\":\"ImageObject\",\"inLanguage\":\"de\",\"@id\":\"https:\/\/www.daisho.be\/de\/#\/schema\/logo\/image\/\",\"url\":\"https:\/\/www.daisho.be\/wp-content\/uploads\/2019\/07\/color-nothing-horizontale4x-e1564486100247.png\",\"contentUrl\":\"https:\/\/www.daisho.be\/wp-content\/uploads\/2019\/07\/color-nothing-horizontale4x-e1564486100247.png\",\"width\":1547,\"height\":385,\"caption\":\"Daisho\"},\"image\":{\"@id\":\"https:\/\/www.daisho.be\/de\/#\/schema\/logo\/image\/\"}}]}<\/script>\n<!-- \/ Yoast SEO plugin. -->","yoast_head_json":{"title":"adidas Semi Contact Handschuhe Wei\u00df\/Gold &#8211; Daisho","description":"Entdecken Sie die Handschuhe, die sich ideal f\u00fcr alle Arten von Semikontakt-Sportarten eignen. Kaufen Sie sie auf unserer Website www.daisho.be|Daisho","robots":{"index":"index","follow":"follow","max-snippet":"max-snippet:-1","max-image-preview":"max-image-preview:large","max-video-preview":"max-video-preview:-1"},"canonical":"https:\/\/www.daisho.be\/de\/produit\/adidas-semi-contact-handschuhe-weiss-gold\/","og_locale":"de_DE","og_type":"article","og_title":"adidas Semi Contact Handschuhe Wei\u00df\/Gold &#8211; Daisho","og_description":"Entdecken Sie die Handschuhe, die sich ideal f\u00fcr alle Arten von Semikontakt-Sportarten eignen. Kaufen Sie sie auf unserer Website www.daisho.be|Daisho","og_url":"https:\/\/www.daisho.be\/de\/produit\/adidas-semi-contact-handschuhe-weiss-gold\/","og_site_name":"Daisho","article_modified_time":"2025-03-03T13:17:32+00:00","og_image":[{"width":650,"height":650,"url":"https:\/\/www.daisho.be\/wp-content\/uploads\/2022\/10\/image-12.jpg","type":"image\/jpeg"}],"twitter_card":"summary_large_image","schema":{"@context":"https:\/\/schema.org","@graph":[{"@type":"WebPage","@id":"https:\/\/www.daisho.be\/de\/produit\/adidas-semi-contact-handschuhe-weiss-gold\/","url":"https:\/\/www.daisho.be\/de\/produit\/adidas-semi-contact-handschuhe-weiss-gold\/","name":"adidas Semi Contact Handschuhe Wei\u00df\/Gold &#8211; Daisho","isPartOf":{"@id":"https:\/\/www.daisho.be\/de\/#website"},"primaryImageOfPage":{"@id":"https:\/\/www.daisho.be\/de\/produit\/adidas-semi-contact-handschuhe-weiss-gold\/#primaryimage"},"image":{"@id":"https:\/\/www.daisho.be\/de\/produit\/adidas-semi-contact-handschuhe-weiss-gold\/#primaryimage"},"thumbnailUrl":"https:\/\/www.daisho.be\/wp-content\/uploads\/2022\/10\/image-12.jpg","datePublished":"2022-01-30T21:50:55+00:00","dateModified":"2025-03-03T13:17:32+00:00","description":"Entdecken Sie die Handschuhe, die sich ideal f\u00fcr alle Arten von Semikontakt-Sportarten eignen. Kaufen Sie sie auf unserer Website www.daisho.be|Daisho","breadcrumb":{"@id":"https:\/\/www.daisho.be\/de\/produit\/adidas-semi-contact-handschuhe-weiss-gold\/#breadcrumb"},"inLanguage":"de","potentialAction":[{"@type":"ReadAction","target":["https:\/\/www.daisho.be\/de\/produit\/adidas-semi-contact-handschuhe-weiss-gold\/"]}]},{"@type":"ImageObject","inLanguage":"de","@id":"https:\/\/www.daisho.be\/de\/produit\/adidas-semi-contact-handschuhe-weiss-gold\/#primaryimage","url":"https:\/\/www.daisho.be\/wp-content\/uploads\/2022\/10\/image-12.jpg","contentUrl":"https:\/\/www.daisho.be\/wp-content\/uploads\/2022\/10\/image-12.jpg","width":650,"height":650,"caption":"adidas Semi Contact Handschuhe Wei\u00df\/Gold-1"},{"@type":"BreadcrumbList","@id":"https:\/\/www.daisho.be\/de\/produit\/adidas-semi-contact-handschuhe-weiss-gold\/#breadcrumb","itemListElement":[{"@type":"ListItem","position":1,"name":"Accueil","item":"https:\/\/www.daisho.be\/de\/"},{"@type":"ListItem","position":2,"name":"Produkte","item":"https:\/\/www.daisho.be\/de\/produkte\/"},{"@type":"ListItem","position":3,"name":"ADIDAS COMBAT SPORTS","item":"https:\/\/www.daisho.be\/de\/categorie-produit\/adidas-combat-sports-de\/"},{"@type":"ListItem","position":4,"name":"Karate","item":"https:\/\/www.daisho.be\/de\/categorie-produit\/adidas-combat-sports-de\/karate-de\/"},{"@type":"ListItem","position":5,"name":"Karate-Schutzkleidung Adidas","item":"https:\/\/www.daisho.be\/de\/categorie-produit\/adidas-combat-sports-de\/karate-de\/karate-schutzkleidung-adidas\/"},{"@type":"ListItem","position":6,"name":"adidas Semi Contact Handschuhe Wei\u00df\/Gold"}]},{"@type":"WebSite","@id":"https:\/\/www.daisho.be\/de\/#website","url":"https:\/\/www.daisho.be\/de\/","name":"Daisho","description":"Sp&eacute;cialiste de l'&eacute;quipement sportif d'arts martiaux","publisher":{"@id":"https:\/\/www.daisho.be\/de\/#organization"},"potentialAction":[{"@type":"SearchAction","target":{"@type":"EntryPoint","urlTemplate":"https:\/\/www.daisho.be\/de\/?s={search_term_string}"},"query-input":{"@type":"PropertyValueSpecification","valueRequired":true,"valueName":"search_term_string"}}],"inLanguage":"de"},{"@type":"Organization","@id":"https:\/\/www.daisho.be\/de\/#organization","name":"Daisho","url":"https:\/\/www.daisho.be\/de\/","logo":{"@type":"ImageObject","inLanguage":"de","@id":"https:\/\/www.daisho.be\/de\/#\/schema\/logo\/image\/","url":"https:\/\/www.daisho.be\/wp-content\/uploads\/2019\/07\/color-nothing-horizontale4x-e1564486100247.png","contentUrl":"https:\/\/www.daisho.be\/wp-content\/uploads\/2019\/07\/color-nothing-horizontale4x-e1564486100247.png","width":1547,"height":385,"caption":"Daisho"},"image":{"@id":"https:\/\/www.daisho.be\/de\/#\/schema\/logo\/image\/"}}]}},"_links":{"self":[{"href":"https:\/\/www.daisho.be\/de\/wp-json\/wp\/v2\/product\/457534","targetHints":{"allow":["GET"]}}],"collection":[{"href":"https:\/\/www.daisho.be\/de\/wp-json\/wp\/v2\/product"}],"about":[{"href":"https:\/\/www.daisho.be\/de\/wp-json\/wp\/v2\/types\/product"}],"replies":[{"embeddable":true,"href":"https:\/\/www.daisho.be\/de\/wp-json\/wp\/v2\/comments?post=457534"}],"wp:featuredmedia":[{"embeddable":true,"href":"https:\/\/www.daisho.be\/de\/wp-json\/wp\/v2\/media\/457541"}],"wp:attachment":[{"href":"https:\/\/www.daisho.be\/de\/wp-json\/wp\/v2\/media?parent=457534"}],"wp:term":[{"taxonomy":"product_brand","embeddable":true,"href":"https:\/\/www.daisho.be\/de\/wp-json\/wp\/v2\/product_brand?post=457534"},{"taxonomy":"product_cat","embeddable":true,"href":"https:\/\/www.daisho.be\/de\/wp-json\/wp\/v2\/product_cat?post=457534"},{"taxonomy":"product_tag","embeddable":true,"href":"https:\/\/www.daisho.be\/de\/wp-json\/wp\/v2\/product_tag?post=457534"},{"taxonomy":"sport","embeddable":true,"href":"https:\/\/www.daisho.be\/de\/wp-json\/wp\/v2\/sport?post=457534"}],"curies":[{"name":"wp","href":"https:\/\/api.w.org\/{rel}","templated":true}]}}