{"id":457499,"date":"2022-01-31T09:15:15","date_gmt":"2022-01-31T08:15:15","guid":{"rendered":"https:\/\/www.daisho.be\/produit\/adidas-speed-mma-handschuhe-schwarz-gelb\/"},"modified":"2026-01-03T12:23:20","modified_gmt":"2026-01-03T11:23:20","slug":"adidas-speed-mma-handschuhe-schwarz-gelb","status":"publish","type":"product","link":"https:\/\/www.daisho.be\/de\/produit\/adidas-speed-mma-handschuhe-schwarz-gelb\/","title":{"rendered":"adidas Speed MMA Handschuhe Schwarz\/Gelb"},"content":{"rendered":"<p>Diese MMA-Handschuhe sind aus hochwertigem Leder gefertigt. Der Klettverschluss ist aus PU. Die Polsterung besteht aus 35 mm dickem EVA-Schaum mit Gel, das gut zur\u00fcckspringt. Die Innenseite ist mit einem schnell trocknenden Material gef\u00fcttert, das zus\u00e4tzlichen Komfort und Haltbarkeit bietet. Die Handschuhe sind leicht, was zu einer h\u00f6heren Schlaggeschwindigkeit f\u00fchrt.<br \/>\nDiese MMA-Handschuhe eignen sich f\u00fcr MMA, Grappling und Freikampf sowie f\u00fcr das Training am Sack und am Pad.<br \/>\nVorteile:<br \/>\n&#8211; Klettverschluss<br \/>\n&#8211; perfekte Passform<br \/>\n&#8211; Icomfort + Technology<br \/>\n&#8211; 35 mm dicke Polsterung  <\/p>\n","protected":false},"excerpt":{"rendered":"<p>Diese MMA-Handschuhe sind aus hochwertigem Leder gefertigt. Der Klettverschluss ist aus PU. Die Polsterung besteht aus 35 mm dickem EVA-Schaum mit Gel, das gut zur\u00fcckspringt. Die Innenseite ist mit einem schnell trocknenden Material gef\u00fcttert, das zus\u00e4tzlichen Komfort und Haltbarkeit bietet. Die Handschuhe sind leicht, was zu einer h\u00f6heren Schlaggeschwindigkeit f\u00fchrt. Diese MMA-Handschuhe eignen sich f\u00fcr [&hellip;]<\/p>\n","protected":false},"featured_media":457504,"comment_status":"open","ping_status":"closed","template":"","meta":{"inline_featured_image":false},"product_brand":[],"product_cat":[2071,2261,2075,2051],"product_tag":[2178],"sport":[],"class_list":{"0":"post-457499","1":"product","2":"type-product","3":"status-publish","4":"has-post-thumbnail","6":"product_cat-krav-maga-handschuhe","7":"product_cat-mma-protektoren-adidas","8":"product_cat-mma-handschuhe","9":"product_cat-schutz","10":"product_tag-adidas-de","11":"pa_size-l","12":"pa_size-m","13":"pa_size-s","14":"pa_size-xl","16":"first","17":"instock","18":"taxable","19":"shipping-taxable","20":"purchasable","21":"product-type-variable"},"yoast_head":"<!-- This site is optimized with the Yoast SEO plugin v27.2 - https:\/\/yoast.com\/product\/yoast-seo-wordpress\/ -->\n<title>adidas Speed MMA Handschuhe Schwarz\/Gelb &#8211; Daisho<\/title>\n<meta name=\"description\" content=\"Entdecken Sie die MMA-Handschuhe, die f\u00fcr optimalen Komfort und hohe Qualit\u00e4t entwickelt wurden. Kaufen Sie sie bei www.daisho.be|Daisho\" \/>\n<meta name=\"robots\" content=\"index, follow, max-snippet:-1, max-image-preview:large, max-video-preview:-1\" \/>\n<link rel=\"canonical\" href=\"https:\/\/www.daisho.be\/de\/produit\/adidas-speed-mma-handschuhe-schwarz-gelb\/\" \/>\n<meta property=\"og:locale\" content=\"de_DE\" \/>\n<meta property=\"og:type\" content=\"article\" \/>\n<meta property=\"og:title\" content=\"adidas Speed MMA Handschuhe Schwarz\/Gelb &#8211; Daisho\" \/>\n<meta property=\"og:description\" content=\"Entdecken Sie die MMA-Handschuhe, die f\u00fcr optimalen Komfort und hohe Qualit\u00e4t entwickelt wurden. Kaufen Sie sie bei www.daisho.be|Daisho\" \/>\n<meta property=\"og:url\" content=\"https:\/\/www.daisho.be\/de\/produit\/adidas-speed-mma-handschuhe-schwarz-gelb\/\" \/>\n<meta property=\"og:site_name\" content=\"Daisho\" \/>\n<meta property=\"article:modified_time\" content=\"2026-01-03T11:23:20+00:00\" \/>\n<meta property=\"og:image\" content=\"https:\/\/www.daisho.be\/wp-content\/uploads\/2024\/10\/image-36.jpg\" \/>\n\t<meta property=\"og:image:width\" content=\"650\" \/>\n\t<meta property=\"og:image:height\" content=\"650\" \/>\n\t<meta property=\"og:image:type\" content=\"image\/jpeg\" \/>\n<meta name=\"twitter:card\" content=\"summary_large_image\" \/>\n<script type=\"application\/ld+json\" class=\"yoast-schema-graph\">{\"@context\":\"https:\/\/schema.org\",\"@graph\":[{\"@type\":\"WebPage\",\"@id\":\"https:\/\/www.daisho.be\/de\/produit\/adidas-speed-mma-handschuhe-schwarz-gelb\/\",\"url\":\"https:\/\/www.daisho.be\/de\/produit\/adidas-speed-mma-handschuhe-schwarz-gelb\/\",\"name\":\"adidas Speed MMA Handschuhe Schwarz\/Gelb &#8211; Daisho\",\"isPartOf\":{\"@id\":\"https:\/\/www.daisho.be\/de\/#website\"},\"primaryImageOfPage\":{\"@id\":\"https:\/\/www.daisho.be\/de\/produit\/adidas-speed-mma-handschuhe-schwarz-gelb\/#primaryimage\"},\"image\":{\"@id\":\"https:\/\/www.daisho.be\/de\/produit\/adidas-speed-mma-handschuhe-schwarz-gelb\/#primaryimage\"},\"thumbnailUrl\":\"https:\/\/www.daisho.be\/wp-content\/uploads\/2024\/10\/image-36.jpg\",\"datePublished\":\"2022-01-31T08:15:15+00:00\",\"dateModified\":\"2026-01-03T11:23:20+00:00\",\"description\":\"Entdecken Sie die MMA-Handschuhe, die f\u00fcr optimalen Komfort und hohe Qualit\u00e4t entwickelt wurden. Kaufen Sie sie bei www.daisho.be|Daisho\",\"breadcrumb\":{\"@id\":\"https:\/\/www.daisho.be\/de\/produit\/adidas-speed-mma-handschuhe-schwarz-gelb\/#breadcrumb\"},\"inLanguage\":\"de\",\"potentialAction\":[{\"@type\":\"ReadAction\",\"target\":[\"https:\/\/www.daisho.be\/de\/produit\/adidas-speed-mma-handschuhe-schwarz-gelb\/\"]}]},{\"@type\":\"ImageObject\",\"inLanguage\":\"de\",\"@id\":\"https:\/\/www.daisho.be\/de\/produit\/adidas-speed-mma-handschuhe-schwarz-gelb\/#primaryimage\",\"url\":\"https:\/\/www.daisho.be\/wp-content\/uploads\/2024\/10\/image-36.jpg\",\"contentUrl\":\"https:\/\/www.daisho.be\/wp-content\/uploads\/2024\/10\/image-36.jpg\",\"width\":650,\"height\":650,\"caption\":\"adidas Speed MMA Handschuhe Schwarz\/Gelb-1\"},{\"@type\":\"BreadcrumbList\",\"@id\":\"https:\/\/www.daisho.be\/de\/produit\/adidas-speed-mma-handschuhe-schwarz-gelb\/#breadcrumb\",\"itemListElement\":[{\"@type\":\"ListItem\",\"position\":1,\"name\":\"Accueil\",\"item\":\"https:\/\/www.daisho.be\/de\/\"},{\"@type\":\"ListItem\",\"position\":2,\"name\":\"Produkte\",\"item\":\"https:\/\/www.daisho.be\/de\/produkte\/\"},{\"@type\":\"ListItem\",\"position\":3,\"name\":\"Ausr\u00fcstung und Kleidung f\u00fcr Kampfkunst und Kampfsport\",\"item\":\"https:\/\/www.daisho.be\/de\/categorie-produit\/ausrustung-und-kleidung-fur-kampfkunst-und-kampfsport\/\"},{\"@type\":\"ListItem\",\"position\":4,\"name\":\"Krav Maga\",\"item\":\"https:\/\/www.daisho.be\/de\/categorie-produit\/ausrustung-und-kleidung-fur-kampfkunst-und-kampfsport\/krav-maga-de\/\"},{\"@type\":\"ListItem\",\"position\":5,\"name\":\"Krav Maga Handschuhe\",\"item\":\"https:\/\/www.daisho.be\/de\/categorie-produit\/ausrustung-und-kleidung-fur-kampfkunst-und-kampfsport\/krav-maga-de\/krav-maga-handschuhe\/\"},{\"@type\":\"ListItem\",\"position\":6,\"name\":\"adidas Speed MMA Handschuhe Schwarz\/Gelb\"}]},{\"@type\":\"WebSite\",\"@id\":\"https:\/\/www.daisho.be\/de\/#website\",\"url\":\"https:\/\/www.daisho.be\/de\/\",\"name\":\"Daisho\",\"description\":\"Sp&eacute;cialiste de l'&eacute;quipement sportif d'arts martiaux\",\"publisher\":{\"@id\":\"https:\/\/www.daisho.be\/de\/#organization\"},\"potentialAction\":[{\"@type\":\"SearchAction\",\"target\":{\"@type\":\"EntryPoint\",\"urlTemplate\":\"https:\/\/www.daisho.be\/de\/?s={search_term_string}\"},\"query-input\":{\"@type\":\"PropertyValueSpecification\",\"valueRequired\":true,\"valueName\":\"search_term_string\"}}],\"inLanguage\":\"de\"},{\"@type\":\"Organization\",\"@id\":\"https:\/\/www.daisho.be\/de\/#organization\",\"name\":\"Daisho\",\"url\":\"https:\/\/www.daisho.be\/de\/\",\"logo\":{\"@type\":\"ImageObject\",\"inLanguage\":\"de\",\"@id\":\"https:\/\/www.daisho.be\/de\/#\/schema\/logo\/image\/\",\"url\":\"https:\/\/www.daisho.be\/wp-content\/uploads\/2019\/07\/color-nothing-horizontale4x-e1564486100247.png\",\"contentUrl\":\"https:\/\/www.daisho.be\/wp-content\/uploads\/2019\/07\/color-nothing-horizontale4x-e1564486100247.png\",\"width\":1547,\"height\":385,\"caption\":\"Daisho\"},\"image\":{\"@id\":\"https:\/\/www.daisho.be\/de\/#\/schema\/logo\/image\/\"}}]}<\/script>\n<!-- \/ Yoast SEO plugin. -->","yoast_head_json":{"title":"adidas Speed MMA Handschuhe Schwarz\/Gelb &#8211; Daisho","description":"Entdecken Sie die MMA-Handschuhe, die f\u00fcr optimalen Komfort und hohe Qualit\u00e4t entwickelt wurden. Kaufen Sie sie bei www.daisho.be|Daisho","robots":{"index":"index","follow":"follow","max-snippet":"max-snippet:-1","max-image-preview":"max-image-preview:large","max-video-preview":"max-video-preview:-1"},"canonical":"https:\/\/www.daisho.be\/de\/produit\/adidas-speed-mma-handschuhe-schwarz-gelb\/","og_locale":"de_DE","og_type":"article","og_title":"adidas Speed MMA Handschuhe Schwarz\/Gelb &#8211; Daisho","og_description":"Entdecken Sie die MMA-Handschuhe, die f\u00fcr optimalen Komfort und hohe Qualit\u00e4t entwickelt wurden. Kaufen Sie sie bei www.daisho.be|Daisho","og_url":"https:\/\/www.daisho.be\/de\/produit\/adidas-speed-mma-handschuhe-schwarz-gelb\/","og_site_name":"Daisho","article_modified_time":"2026-01-03T11:23:20+00:00","og_image":[{"width":650,"height":650,"url":"https:\/\/www.daisho.be\/wp-content\/uploads\/2024\/10\/image-36.jpg","type":"image\/jpeg"}],"twitter_card":"summary_large_image","schema":{"@context":"https:\/\/schema.org","@graph":[{"@type":"WebPage","@id":"https:\/\/www.daisho.be\/de\/produit\/adidas-speed-mma-handschuhe-schwarz-gelb\/","url":"https:\/\/www.daisho.be\/de\/produit\/adidas-speed-mma-handschuhe-schwarz-gelb\/","name":"adidas Speed MMA Handschuhe Schwarz\/Gelb &#8211; Daisho","isPartOf":{"@id":"https:\/\/www.daisho.be\/de\/#website"},"primaryImageOfPage":{"@id":"https:\/\/www.daisho.be\/de\/produit\/adidas-speed-mma-handschuhe-schwarz-gelb\/#primaryimage"},"image":{"@id":"https:\/\/www.daisho.be\/de\/produit\/adidas-speed-mma-handschuhe-schwarz-gelb\/#primaryimage"},"thumbnailUrl":"https:\/\/www.daisho.be\/wp-content\/uploads\/2024\/10\/image-36.jpg","datePublished":"2022-01-31T08:15:15+00:00","dateModified":"2026-01-03T11:23:20+00:00","description":"Entdecken Sie die MMA-Handschuhe, die f\u00fcr optimalen Komfort und hohe Qualit\u00e4t entwickelt wurden. Kaufen Sie sie bei www.daisho.be|Daisho","breadcrumb":{"@id":"https:\/\/www.daisho.be\/de\/produit\/adidas-speed-mma-handschuhe-schwarz-gelb\/#breadcrumb"},"inLanguage":"de","potentialAction":[{"@type":"ReadAction","target":["https:\/\/www.daisho.be\/de\/produit\/adidas-speed-mma-handschuhe-schwarz-gelb\/"]}]},{"@type":"ImageObject","inLanguage":"de","@id":"https:\/\/www.daisho.be\/de\/produit\/adidas-speed-mma-handschuhe-schwarz-gelb\/#primaryimage","url":"https:\/\/www.daisho.be\/wp-content\/uploads\/2024\/10\/image-36.jpg","contentUrl":"https:\/\/www.daisho.be\/wp-content\/uploads\/2024\/10\/image-36.jpg","width":650,"height":650,"caption":"adidas Speed MMA Handschuhe Schwarz\/Gelb-1"},{"@type":"BreadcrumbList","@id":"https:\/\/www.daisho.be\/de\/produit\/adidas-speed-mma-handschuhe-schwarz-gelb\/#breadcrumb","itemListElement":[{"@type":"ListItem","position":1,"name":"Accueil","item":"https:\/\/www.daisho.be\/de\/"},{"@type":"ListItem","position":2,"name":"Produkte","item":"https:\/\/www.daisho.be\/de\/produkte\/"},{"@type":"ListItem","position":3,"name":"Ausr\u00fcstung und Kleidung f\u00fcr Kampfkunst und Kampfsport","item":"https:\/\/www.daisho.be\/de\/categorie-produit\/ausrustung-und-kleidung-fur-kampfkunst-und-kampfsport\/"},{"@type":"ListItem","position":4,"name":"Krav Maga","item":"https:\/\/www.daisho.be\/de\/categorie-produit\/ausrustung-und-kleidung-fur-kampfkunst-und-kampfsport\/krav-maga-de\/"},{"@type":"ListItem","position":5,"name":"Krav Maga Handschuhe","item":"https:\/\/www.daisho.be\/de\/categorie-produit\/ausrustung-und-kleidung-fur-kampfkunst-und-kampfsport\/krav-maga-de\/krav-maga-handschuhe\/"},{"@type":"ListItem","position":6,"name":"adidas Speed MMA Handschuhe Schwarz\/Gelb"}]},{"@type":"WebSite","@id":"https:\/\/www.daisho.be\/de\/#website","url":"https:\/\/www.daisho.be\/de\/","name":"Daisho","description":"Sp&eacute;cialiste de l'&eacute;quipement sportif d'arts martiaux","publisher":{"@id":"https:\/\/www.daisho.be\/de\/#organization"},"potentialAction":[{"@type":"SearchAction","target":{"@type":"EntryPoint","urlTemplate":"https:\/\/www.daisho.be\/de\/?s={search_term_string}"},"query-input":{"@type":"PropertyValueSpecification","valueRequired":true,"valueName":"search_term_string"}}],"inLanguage":"de"},{"@type":"Organization","@id":"https:\/\/www.daisho.be\/de\/#organization","name":"Daisho","url":"https:\/\/www.daisho.be\/de\/","logo":{"@type":"ImageObject","inLanguage":"de","@id":"https:\/\/www.daisho.be\/de\/#\/schema\/logo\/image\/","url":"https:\/\/www.daisho.be\/wp-content\/uploads\/2019\/07\/color-nothing-horizontale4x-e1564486100247.png","contentUrl":"https:\/\/www.daisho.be\/wp-content\/uploads\/2019\/07\/color-nothing-horizontale4x-e1564486100247.png","width":1547,"height":385,"caption":"Daisho"},"image":{"@id":"https:\/\/www.daisho.be\/de\/#\/schema\/logo\/image\/"}}]}},"_links":{"self":[{"href":"https:\/\/www.daisho.be\/de\/wp-json\/wp\/v2\/product\/457499","targetHints":{"allow":["GET"]}}],"collection":[{"href":"https:\/\/www.daisho.be\/de\/wp-json\/wp\/v2\/product"}],"about":[{"href":"https:\/\/www.daisho.be\/de\/wp-json\/wp\/v2\/types\/product"}],"replies":[{"embeddable":true,"href":"https:\/\/www.daisho.be\/de\/wp-json\/wp\/v2\/comments?post=457499"}],"wp:featuredmedia":[{"embeddable":true,"href":"https:\/\/www.daisho.be\/de\/wp-json\/wp\/v2\/media\/457504"}],"wp:attachment":[{"href":"https:\/\/www.daisho.be\/de\/wp-json\/wp\/v2\/media?parent=457499"}],"wp:term":[{"taxonomy":"product_brand","embeddable":true,"href":"https:\/\/www.daisho.be\/de\/wp-json\/wp\/v2\/product_brand?post=457499"},{"taxonomy":"product_cat","embeddable":true,"href":"https:\/\/www.daisho.be\/de\/wp-json\/wp\/v2\/product_cat?post=457499"},{"taxonomy":"product_tag","embeddable":true,"href":"https:\/\/www.daisho.be\/de\/wp-json\/wp\/v2\/product_tag?post=457499"},{"taxonomy":"sport","embeddable":true,"href":"https:\/\/www.daisho.be\/de\/wp-json\/wp\/v2\/sport?post=457499"}],"curies":[{"name":"wp","href":"https:\/\/api.w.org\/{rel}","templated":true}]}}