{"id":457350,"date":"2022-01-31T09:34:08","date_gmt":"2022-01-31T08:34:08","guid":{"rendered":"https:\/\/www.daisho.be\/produit\/adidas-speed-100-kick-boxhandschuhe-schwarz-gold\/"},"modified":"2025-12-30T16:17:02","modified_gmt":"2025-12-30T15:17:02","slug":"adidas-speed-100-kick-boxhandschuhe-schwarz-gold","status":"publish","type":"product","link":"https:\/\/www.daisho.be\/de\/produit\/adidas-speed-100-kick-boxhandschuhe-schwarz-gold\/","title":{"rendered":"adidas Speed 100 (Kick) Boxhandschuhe Schwarz\/Gold"},"content":{"rendered":"<p>Das Speed 100 wurde f\u00fcr den Kampfk\u00fcnstler entwickelt, der gerne schnell arbeitet. Schnelle Kombinationen, Pad-Training und so weiter. Das Einzigartigste an diesen Kickboxhandschuhen ist die IMF-Schaumpolsterung. Es ist ein St\u00fcck von den Fingerspitzen bis zum Ende des Handgelenks. adidas ist damit einzigartig! Die einteilige Polsterung bietet viel zus\u00e4tzlichen Komfort, das Handgelenk erh\u00e4lt zus\u00e4tzliche Unterst\u00fctzung und Schutz.<br \/>\nDer Gesamthandschuh bietet eine perfekte Passform und maximalen Schutz f\u00fcr die H\u00e4nde. Das PU3G\/Maya-Material ist von hoher Qualit\u00e4t und hat ein sch\u00f6nes, auffallendes Design. Der teilelastische Klettverschluss bietet zus\u00e4tzlichen Komfort und einen guten, festen Verschluss.<br \/>\nDiese (Kick-)Boxhandschuhe sind f\u00fcr Anf\u00e4nger und Fortgeschrittene geeignet.<br \/>\nDer Handschuh ist f\u00fcr Amateure geeignet, die eine hohe Qualit\u00e4t mit den neuesten Technologien w\u00fcnschen.<br \/>\nDiese adidas-Handschuhe eignen sich f\u00fcr Thai-\/Kickboxen und Original-Boxen.<br \/>\nVorteile:<br \/>\n&#8211; PU3G\/Maya von h\u00f6chster Qualit\u00e4t<br \/>\n&#8211; robuste 1-teilige Schutzpolsterung<br \/>\n&#8211; vorgeformte Faust<br \/>\n&#8211; Sto\u00dfd\u00e4mpfung f\u00fcr mehr Komfort<br \/>\n&#8211; robuster, teilelastischer Klettverschluss<br \/>\n&#8211; geeignet f\u00fcr Amateure       <\/p>\n","protected":false},"excerpt":{"rendered":"<p>Das Speed 100 wurde f\u00fcr den Kampfk\u00fcnstler entwickelt, der gerne schnell arbeitet. Schnelle Kombinationen, Pad-Training und so weiter. Das Einzigartigste an diesen Kickboxhandschuhen ist die IMF-Schaumpolsterung. Es ist ein St\u00fcck von den Fingerspitzen bis zum Ende des Handgelenks. adidas ist damit einzigartig! Die einteilige Polsterung bietet viel zus\u00e4tzlichen Komfort, das Handgelenk erh\u00e4lt zus\u00e4tzliche Unterst\u00fctzung und [&hellip;]<\/p>\n","protected":false},"featured_media":457360,"comment_status":"open","ping_status":"closed","template":"","meta":{"inline_featured_image":false},"product_brand":[],"product_cat":[2072,2306,2277,2051],"product_tag":[2178],"sport":[],"class_list":{"0":"post-457350","1":"product","2":"type-product","3":"status-publish","4":"has-post-thumbnail","6":"product_cat-boxhandschuhe","7":"product_cat-boxhandschuhe-adidas","8":"product_cat-kick-boxing-protektoren-adidas","9":"product_cat-schutz","10":"product_tag-adidas-de","11":"pa_size-372","12":"pa_size-371","13":"pa_size-370","14":"pa_size-461","16":"first","17":"instock","18":"taxable","19":"shipping-taxable","20":"purchasable","21":"product-type-variable"},"yoast_head":"<!-- This site is optimized with the Yoast SEO plugin v27.2 - https:\/\/yoast.com\/product\/yoast-seo-wordpress\/ -->\n<title>adidas Speed 100 (Kick) Boxhandschuhe Schwarz\/Gold &#8211; Daisho<\/title>\n<meta name=\"description\" content=\"Entdecken Sie die Boxhandschuhe, die speziell f\u00fcr diejenigen entwickelt wurden, die Wert auf Schnelligkeit und hohe Qualit\u00e4t legen. Kaufen Sie sie bei www.daisho.be|Daisho\" \/>\n<meta name=\"robots\" content=\"index, follow, max-snippet:-1, max-image-preview:large, max-video-preview:-1\" \/>\n<link rel=\"canonical\" href=\"https:\/\/www.daisho.be\/de\/produit\/adidas-speed-100-kick-boxhandschuhe-schwarz-gold\/\" \/>\n<meta property=\"og:locale\" content=\"de_DE\" \/>\n<meta property=\"og:type\" content=\"article\" \/>\n<meta property=\"og:title\" content=\"adidas Speed 100 (Kick) Boxhandschuhe Schwarz\/Gold &#8211; Daisho\" \/>\n<meta property=\"og:description\" content=\"Entdecken Sie die Boxhandschuhe, die speziell f\u00fcr diejenigen entwickelt wurden, die Wert auf Schnelligkeit und hohe Qualit\u00e4t legen. Kaufen Sie sie bei www.daisho.be|Daisho\" \/>\n<meta property=\"og:url\" content=\"https:\/\/www.daisho.be\/de\/produit\/adidas-speed-100-kick-boxhandschuhe-schwarz-gold\/\" \/>\n<meta property=\"og:site_name\" content=\"Daisho\" \/>\n<meta property=\"article:modified_time\" content=\"2025-12-30T15:17:02+00:00\" \/>\n<meta property=\"og:image\" content=\"https:\/\/www.daisho.be\/wp-content\/uploads\/2023\/09\/image-8.jpg\" \/>\n\t<meta property=\"og:image:width\" content=\"1000\" \/>\n\t<meta property=\"og:image:height\" content=\"1000\" \/>\n\t<meta property=\"og:image:type\" content=\"image\/jpeg\" \/>\n<meta name=\"twitter:card\" content=\"summary_large_image\" \/>\n<meta name=\"twitter:label1\" content=\"Gesch\u00e4tzte Lesezeit\" \/>\n\t<meta name=\"twitter:data1\" content=\"1\u00a0Minute\" \/>\n<script type=\"application\/ld+json\" class=\"yoast-schema-graph\">{\"@context\":\"https:\/\/schema.org\",\"@graph\":[{\"@type\":\"WebPage\",\"@id\":\"https:\/\/www.daisho.be\/de\/produit\/adidas-speed-100-kick-boxhandschuhe-schwarz-gold\/\",\"url\":\"https:\/\/www.daisho.be\/de\/produit\/adidas-speed-100-kick-boxhandschuhe-schwarz-gold\/\",\"name\":\"adidas Speed 100 (Kick) Boxhandschuhe Schwarz\/Gold &#8211; Daisho\",\"isPartOf\":{\"@id\":\"https:\/\/www.daisho.be\/de\/#website\"},\"primaryImageOfPage\":{\"@id\":\"https:\/\/www.daisho.be\/de\/produit\/adidas-speed-100-kick-boxhandschuhe-schwarz-gold\/#primaryimage\"},\"image\":{\"@id\":\"https:\/\/www.daisho.be\/de\/produit\/adidas-speed-100-kick-boxhandschuhe-schwarz-gold\/#primaryimage\"},\"thumbnailUrl\":\"https:\/\/www.daisho.be\/wp-content\/uploads\/2023\/09\/image-8.jpg\",\"datePublished\":\"2022-01-31T08:34:08+00:00\",\"dateModified\":\"2025-12-30T15:17:02+00:00\",\"description\":\"Entdecken Sie die Boxhandschuhe, die speziell f\u00fcr diejenigen entwickelt wurden, die Wert auf Schnelligkeit und hohe Qualit\u00e4t legen. Kaufen Sie sie bei www.daisho.be|Daisho\",\"breadcrumb\":{\"@id\":\"https:\/\/www.daisho.be\/de\/produit\/adidas-speed-100-kick-boxhandschuhe-schwarz-gold\/#breadcrumb\"},\"inLanguage\":\"de\",\"potentialAction\":[{\"@type\":\"ReadAction\",\"target\":[\"https:\/\/www.daisho.be\/de\/produit\/adidas-speed-100-kick-boxhandschuhe-schwarz-gold\/\"]}]},{\"@type\":\"ImageObject\",\"inLanguage\":\"de\",\"@id\":\"https:\/\/www.daisho.be\/de\/produit\/adidas-speed-100-kick-boxhandschuhe-schwarz-gold\/#primaryimage\",\"url\":\"https:\/\/www.daisho.be\/wp-content\/uploads\/2023\/09\/image-8.jpg\",\"contentUrl\":\"https:\/\/www.daisho.be\/wp-content\/uploads\/2023\/09\/image-8.jpg\",\"width\":1000,\"height\":1000,\"caption\":\"adidas Speed 100 (Kick) Boxhandschuhe Schwarz\/Gold-1\"},{\"@type\":\"BreadcrumbList\",\"@id\":\"https:\/\/www.daisho.be\/de\/produit\/adidas-speed-100-kick-boxhandschuhe-schwarz-gold\/#breadcrumb\",\"itemListElement\":[{\"@type\":\"ListItem\",\"position\":1,\"name\":\"Accueil\",\"item\":\"https:\/\/www.daisho.be\/de\/\"},{\"@type\":\"ListItem\",\"position\":2,\"name\":\"Produkte\",\"item\":\"https:\/\/www.daisho.be\/de\/produkte\/\"},{\"@type\":\"ListItem\",\"position\":3,\"name\":\"Ausr\u00fcstung und Kleidung f\u00fcr Kampfkunst und Kampfsport\",\"item\":\"https:\/\/www.daisho.be\/de\/categorie-produit\/ausrustung-und-kleidung-fur-kampfkunst-und-kampfsport\/\"},{\"@type\":\"ListItem\",\"position\":4,\"name\":\"Boxen\",\"item\":\"https:\/\/www.daisho.be\/de\/categorie-produit\/ausrustung-und-kleidung-fur-kampfkunst-und-kampfsport\/boxen-de\/\"},{\"@type\":\"ListItem\",\"position\":5,\"name\":\"Boxhandschuhe\",\"item\":\"https:\/\/www.daisho.be\/de\/categorie-produit\/ausrustung-und-kleidung-fur-kampfkunst-und-kampfsport\/boxen-de\/boxhandschuhe\/\"},{\"@type\":\"ListItem\",\"position\":6,\"name\":\"adidas Speed 100 (Kick) Boxhandschuhe Schwarz\/Gold\"}]},{\"@type\":\"WebSite\",\"@id\":\"https:\/\/www.daisho.be\/de\/#website\",\"url\":\"https:\/\/www.daisho.be\/de\/\",\"name\":\"Daisho\",\"description\":\"Sp&eacute;cialiste de l'&eacute;quipement sportif d'arts martiaux\",\"publisher\":{\"@id\":\"https:\/\/www.daisho.be\/de\/#organization\"},\"potentialAction\":[{\"@type\":\"SearchAction\",\"target\":{\"@type\":\"EntryPoint\",\"urlTemplate\":\"https:\/\/www.daisho.be\/de\/?s={search_term_string}\"},\"query-input\":{\"@type\":\"PropertyValueSpecification\",\"valueRequired\":true,\"valueName\":\"search_term_string\"}}],\"inLanguage\":\"de\"},{\"@type\":\"Organization\",\"@id\":\"https:\/\/www.daisho.be\/de\/#organization\",\"name\":\"Daisho\",\"url\":\"https:\/\/www.daisho.be\/de\/\",\"logo\":{\"@type\":\"ImageObject\",\"inLanguage\":\"de\",\"@id\":\"https:\/\/www.daisho.be\/de\/#\/schema\/logo\/image\/\",\"url\":\"https:\/\/www.daisho.be\/wp-content\/uploads\/2019\/07\/color-nothing-horizontale4x-e1564486100247.png\",\"contentUrl\":\"https:\/\/www.daisho.be\/wp-content\/uploads\/2019\/07\/color-nothing-horizontale4x-e1564486100247.png\",\"width\":1547,\"height\":385,\"caption\":\"Daisho\"},\"image\":{\"@id\":\"https:\/\/www.daisho.be\/de\/#\/schema\/logo\/image\/\"}}]}<\/script>\n<!-- \/ Yoast SEO plugin. -->","yoast_head_json":{"title":"adidas Speed 100 (Kick) Boxhandschuhe Schwarz\/Gold &#8211; Daisho","description":"Entdecken Sie die Boxhandschuhe, die speziell f\u00fcr diejenigen entwickelt wurden, die Wert auf Schnelligkeit und hohe Qualit\u00e4t legen. Kaufen Sie sie bei www.daisho.be|Daisho","robots":{"index":"index","follow":"follow","max-snippet":"max-snippet:-1","max-image-preview":"max-image-preview:large","max-video-preview":"max-video-preview:-1"},"canonical":"https:\/\/www.daisho.be\/de\/produit\/adidas-speed-100-kick-boxhandschuhe-schwarz-gold\/","og_locale":"de_DE","og_type":"article","og_title":"adidas Speed 100 (Kick) Boxhandschuhe Schwarz\/Gold &#8211; Daisho","og_description":"Entdecken Sie die Boxhandschuhe, die speziell f\u00fcr diejenigen entwickelt wurden, die Wert auf Schnelligkeit und hohe Qualit\u00e4t legen. Kaufen Sie sie bei www.daisho.be|Daisho","og_url":"https:\/\/www.daisho.be\/de\/produit\/adidas-speed-100-kick-boxhandschuhe-schwarz-gold\/","og_site_name":"Daisho","article_modified_time":"2025-12-30T15:17:02+00:00","og_image":[{"width":1000,"height":1000,"url":"https:\/\/www.daisho.be\/wp-content\/uploads\/2023\/09\/image-8.jpg","type":"image\/jpeg"}],"twitter_card":"summary_large_image","twitter_misc":{"Gesch\u00e4tzte Lesezeit":"1\u00a0Minute"},"schema":{"@context":"https:\/\/schema.org","@graph":[{"@type":"WebPage","@id":"https:\/\/www.daisho.be\/de\/produit\/adidas-speed-100-kick-boxhandschuhe-schwarz-gold\/","url":"https:\/\/www.daisho.be\/de\/produit\/adidas-speed-100-kick-boxhandschuhe-schwarz-gold\/","name":"adidas Speed 100 (Kick) Boxhandschuhe Schwarz\/Gold &#8211; Daisho","isPartOf":{"@id":"https:\/\/www.daisho.be\/de\/#website"},"primaryImageOfPage":{"@id":"https:\/\/www.daisho.be\/de\/produit\/adidas-speed-100-kick-boxhandschuhe-schwarz-gold\/#primaryimage"},"image":{"@id":"https:\/\/www.daisho.be\/de\/produit\/adidas-speed-100-kick-boxhandschuhe-schwarz-gold\/#primaryimage"},"thumbnailUrl":"https:\/\/www.daisho.be\/wp-content\/uploads\/2023\/09\/image-8.jpg","datePublished":"2022-01-31T08:34:08+00:00","dateModified":"2025-12-30T15:17:02+00:00","description":"Entdecken Sie die Boxhandschuhe, die speziell f\u00fcr diejenigen entwickelt wurden, die Wert auf Schnelligkeit und hohe Qualit\u00e4t legen. Kaufen Sie sie bei www.daisho.be|Daisho","breadcrumb":{"@id":"https:\/\/www.daisho.be\/de\/produit\/adidas-speed-100-kick-boxhandschuhe-schwarz-gold\/#breadcrumb"},"inLanguage":"de","potentialAction":[{"@type":"ReadAction","target":["https:\/\/www.daisho.be\/de\/produit\/adidas-speed-100-kick-boxhandschuhe-schwarz-gold\/"]}]},{"@type":"ImageObject","inLanguage":"de","@id":"https:\/\/www.daisho.be\/de\/produit\/adidas-speed-100-kick-boxhandschuhe-schwarz-gold\/#primaryimage","url":"https:\/\/www.daisho.be\/wp-content\/uploads\/2023\/09\/image-8.jpg","contentUrl":"https:\/\/www.daisho.be\/wp-content\/uploads\/2023\/09\/image-8.jpg","width":1000,"height":1000,"caption":"adidas Speed 100 (Kick) Boxhandschuhe Schwarz\/Gold-1"},{"@type":"BreadcrumbList","@id":"https:\/\/www.daisho.be\/de\/produit\/adidas-speed-100-kick-boxhandschuhe-schwarz-gold\/#breadcrumb","itemListElement":[{"@type":"ListItem","position":1,"name":"Accueil","item":"https:\/\/www.daisho.be\/de\/"},{"@type":"ListItem","position":2,"name":"Produkte","item":"https:\/\/www.daisho.be\/de\/produkte\/"},{"@type":"ListItem","position":3,"name":"Ausr\u00fcstung und Kleidung f\u00fcr Kampfkunst und Kampfsport","item":"https:\/\/www.daisho.be\/de\/categorie-produit\/ausrustung-und-kleidung-fur-kampfkunst-und-kampfsport\/"},{"@type":"ListItem","position":4,"name":"Boxen","item":"https:\/\/www.daisho.be\/de\/categorie-produit\/ausrustung-und-kleidung-fur-kampfkunst-und-kampfsport\/boxen-de\/"},{"@type":"ListItem","position":5,"name":"Boxhandschuhe","item":"https:\/\/www.daisho.be\/de\/categorie-produit\/ausrustung-und-kleidung-fur-kampfkunst-und-kampfsport\/boxen-de\/boxhandschuhe\/"},{"@type":"ListItem","position":6,"name":"adidas Speed 100 (Kick) Boxhandschuhe Schwarz\/Gold"}]},{"@type":"WebSite","@id":"https:\/\/www.daisho.be\/de\/#website","url":"https:\/\/www.daisho.be\/de\/","name":"Daisho","description":"Sp&eacute;cialiste de l'&eacute;quipement sportif d'arts martiaux","publisher":{"@id":"https:\/\/www.daisho.be\/de\/#organization"},"potentialAction":[{"@type":"SearchAction","target":{"@type":"EntryPoint","urlTemplate":"https:\/\/www.daisho.be\/de\/?s={search_term_string}"},"query-input":{"@type":"PropertyValueSpecification","valueRequired":true,"valueName":"search_term_string"}}],"inLanguage":"de"},{"@type":"Organization","@id":"https:\/\/www.daisho.be\/de\/#organization","name":"Daisho","url":"https:\/\/www.daisho.be\/de\/","logo":{"@type":"ImageObject","inLanguage":"de","@id":"https:\/\/www.daisho.be\/de\/#\/schema\/logo\/image\/","url":"https:\/\/www.daisho.be\/wp-content\/uploads\/2019\/07\/color-nothing-horizontale4x-e1564486100247.png","contentUrl":"https:\/\/www.daisho.be\/wp-content\/uploads\/2019\/07\/color-nothing-horizontale4x-e1564486100247.png","width":1547,"height":385,"caption":"Daisho"},"image":{"@id":"https:\/\/www.daisho.be\/de\/#\/schema\/logo\/image\/"}}]}},"_links":{"self":[{"href":"https:\/\/www.daisho.be\/de\/wp-json\/wp\/v2\/product\/457350","targetHints":{"allow":["GET"]}}],"collection":[{"href":"https:\/\/www.daisho.be\/de\/wp-json\/wp\/v2\/product"}],"about":[{"href":"https:\/\/www.daisho.be\/de\/wp-json\/wp\/v2\/types\/product"}],"replies":[{"embeddable":true,"href":"https:\/\/www.daisho.be\/de\/wp-json\/wp\/v2\/comments?post=457350"}],"wp:featuredmedia":[{"embeddable":true,"href":"https:\/\/www.daisho.be\/de\/wp-json\/wp\/v2\/media\/457360"}],"wp:attachment":[{"href":"https:\/\/www.daisho.be\/de\/wp-json\/wp\/v2\/media?parent=457350"}],"wp:term":[{"taxonomy":"product_brand","embeddable":true,"href":"https:\/\/www.daisho.be\/de\/wp-json\/wp\/v2\/product_brand?post=457350"},{"taxonomy":"product_cat","embeddable":true,"href":"https:\/\/www.daisho.be\/de\/wp-json\/wp\/v2\/product_cat?post=457350"},{"taxonomy":"product_tag","embeddable":true,"href":"https:\/\/www.daisho.be\/de\/wp-json\/wp\/v2\/product_tag?post=457350"},{"taxonomy":"sport","embeddable":true,"href":"https:\/\/www.daisho.be\/de\/wp-json\/wp\/v2\/sport?post=457350"}],"curies":[{"name":"wp","href":"https:\/\/api.w.org\/{rel}","templated":true}]}}