{"id":457244,"date":"2022-01-31T10:09:47","date_gmt":"2022-01-31T09:09:47","guid":{"rendered":"https:\/\/www.daisho.be\/produit\/adidas-speed-pro-boxhandschuhe-rot-gruen-weiss\/"},"modified":"2025-03-03T13:41:38","modified_gmt":"2025-03-03T12:41:38","slug":"adidas-speed-pro-boxhandschuhe-rot-gruen-weiss","status":"publish","type":"product","link":"https:\/\/www.daisho.be\/de\/produit\/adidas-speed-pro-boxhandschuhe-rot-gruen-weiss\/","title":{"rendered":"adidas Speed Pro Boxhandschuhe Rot\/Gr\u00fcn\/Wei\u00df"},"content":{"rendered":"<p>Dieser Speed-Boxhandschuh wurde speziell f\u00fcr den professionellen Bereich entwickelt und ist aus hochwertigem Leder gefertigt.<br \/>\nF\u00fcr eine optimale Stabilisierung des Handgelenks besteht der adidas Speed Pro aus einer mehrschichtigen Schaumstoffkonstruktion. Ein Klettverschluss sorgt f\u00fcr eine perfekte Passform und die Schaumstoffpolsterung d\u00e4mpft die Auswirkungen von harten Schl\u00e4gen im professionellen Bereich. Innen ist dieser Speed Pro Boxhandschuh mit Satin gef\u00fcttert, um optimalen Halt und Komfort zu gew\u00e4hrleisten.<br \/>\nDiese Handschuhe sind f\u00fcr den professionellen K\u00e4mpfer geeignet, f\u00fcr den sie die beste Wahl sind.  <\/p>\n<p>Vorteile:<br \/>\n&#8211; Hergestellt aus echtem Leder<br \/>\n&#8211; Form aus einem St\u00fcck<br \/>\n&#8211; Stabiler Klettverschluss<br \/>\n&#8211; Satinfutter<\/p>\n","protected":false},"excerpt":{"rendered":"<p>Dieser Speed-Boxhandschuh wurde speziell f\u00fcr den professionellen Bereich entwickelt und ist aus hochwertigem Leder gefertigt. F\u00fcr eine optimale Stabilisierung des Handgelenks besteht der adidas Speed Pro aus einer mehrschichtigen Schaumstoffkonstruktion. Ein Klettverschluss sorgt f\u00fcr eine perfekte Passform und die Schaumstoffpolsterung d\u00e4mpft die Auswirkungen von harten Schl\u00e4gen im professionellen Bereich. Innen ist dieser Speed Pro Boxhandschuh [&hellip;]<\/p>\n","protected":false},"featured_media":457252,"comment_status":"open","ping_status":"closed","template":"","meta":{"inline_featured_image":false},"product_brand":[],"product_cat":[2306,2277,2297],"product_tag":[2178],"sport":[],"class_list":{"0":"post-457244","1":"product","2":"type-product","3":"status-publish","4":"has-post-thumbnail","6":"product_cat-boxhandschuhe-adidas","7":"product_cat-kick-boxing-protektoren-adidas","8":"product_cat-muay-thai-protektoren-adidas","9":"product_tag-adidas-de","10":"pa_size-371","11":"pa_size-370","12":"pa_size-461","13":"pa_size-1097","15":"first","16":"instock","17":"taxable","18":"shipping-taxable","19":"purchasable","20":"product-type-variable"},"yoast_head":"<!-- This site is optimized with the Yoast SEO plugin v27.2 - https:\/\/yoast.com\/product\/yoast-seo-wordpress\/ -->\n<title>adidas Speed Pro Boxhandschuhe Rot\/Gr\u00fcn\/Wei\u00df &#8211; Daisho<\/title>\n<meta name=\"description\" content=\"Entdecken Sie die Boxhandschuhe, die speziell f\u00fcr Profis entwickelt wurden und eine hohe Qualit\u00e4t gew\u00e4hrleisten. Kaufen Sie sie bei www.daisho.be|Daisho\" \/>\n<meta name=\"robots\" content=\"index, follow, max-snippet:-1, max-image-preview:large, max-video-preview:-1\" \/>\n<link rel=\"canonical\" href=\"https:\/\/www.daisho.be\/de\/produit\/adidas-speed-pro-boxhandschuhe-rot-gruen-weiss\/\" \/>\n<meta property=\"og:locale\" content=\"de_DE\" \/>\n<meta property=\"og:type\" content=\"article\" \/>\n<meta property=\"og:title\" content=\"adidas Speed Pro Boxhandschuhe Rot\/Gr\u00fcn\/Wei\u00df &#8211; Daisho\" \/>\n<meta property=\"og:description\" content=\"Entdecken Sie die Boxhandschuhe, die speziell f\u00fcr Profis entwickelt wurden und eine hohe Qualit\u00e4t gew\u00e4hrleisten. Kaufen Sie sie bei www.daisho.be|Daisho\" \/>\n<meta property=\"og:url\" content=\"https:\/\/www.daisho.be\/de\/produit\/adidas-speed-pro-boxhandschuhe-rot-gruen-weiss\/\" \/>\n<meta property=\"og:site_name\" content=\"Daisho\" \/>\n<meta property=\"article:modified_time\" content=\"2025-03-03T12:41:38+00:00\" \/>\n<meta property=\"og:image\" content=\"https:\/\/www.daisho.be\/wp-content\/uploads\/2022\/02\/image-299.jpg\" \/>\n\t<meta property=\"og:image:width\" content=\"650\" \/>\n\t<meta property=\"og:image:height\" content=\"650\" \/>\n\t<meta property=\"og:image:type\" content=\"image\/jpeg\" \/>\n<meta name=\"twitter:card\" content=\"summary_large_image\" \/>\n<meta name=\"twitter:label1\" content=\"Gesch\u00e4tzte Lesezeit\" \/>\n\t<meta name=\"twitter:data1\" content=\"1\u00a0Minute\" \/>\n<script type=\"application\/ld+json\" class=\"yoast-schema-graph\">{\"@context\":\"https:\/\/schema.org\",\"@graph\":[{\"@type\":\"WebPage\",\"@id\":\"https:\/\/www.daisho.be\/de\/produit\/adidas-speed-pro-boxhandschuhe-rot-gruen-weiss\/\",\"url\":\"https:\/\/www.daisho.be\/de\/produit\/adidas-speed-pro-boxhandschuhe-rot-gruen-weiss\/\",\"name\":\"adidas Speed Pro Boxhandschuhe Rot\/Gr\u00fcn\/Wei\u00df &#8211; Daisho\",\"isPartOf\":{\"@id\":\"https:\/\/www.daisho.be\/de\/#website\"},\"primaryImageOfPage\":{\"@id\":\"https:\/\/www.daisho.be\/de\/produit\/adidas-speed-pro-boxhandschuhe-rot-gruen-weiss\/#primaryimage\"},\"image\":{\"@id\":\"https:\/\/www.daisho.be\/de\/produit\/adidas-speed-pro-boxhandschuhe-rot-gruen-weiss\/#primaryimage\"},\"thumbnailUrl\":\"https:\/\/www.daisho.be\/wp-content\/uploads\/2022\/02\/image-299.jpg\",\"datePublished\":\"2022-01-31T09:09:47+00:00\",\"dateModified\":\"2025-03-03T12:41:38+00:00\",\"description\":\"Entdecken Sie die Boxhandschuhe, die speziell f\u00fcr Profis entwickelt wurden und eine hohe Qualit\u00e4t gew\u00e4hrleisten. Kaufen Sie sie bei www.daisho.be|Daisho\",\"breadcrumb\":{\"@id\":\"https:\/\/www.daisho.be\/de\/produit\/adidas-speed-pro-boxhandschuhe-rot-gruen-weiss\/#breadcrumb\"},\"inLanguage\":\"de\",\"potentialAction\":[{\"@type\":\"ReadAction\",\"target\":[\"https:\/\/www.daisho.be\/de\/produit\/adidas-speed-pro-boxhandschuhe-rot-gruen-weiss\/\"]}]},{\"@type\":\"ImageObject\",\"inLanguage\":\"de\",\"@id\":\"https:\/\/www.daisho.be\/de\/produit\/adidas-speed-pro-boxhandschuhe-rot-gruen-weiss\/#primaryimage\",\"url\":\"https:\/\/www.daisho.be\/wp-content\/uploads\/2022\/02\/image-299.jpg\",\"contentUrl\":\"https:\/\/www.daisho.be\/wp-content\/uploads\/2022\/02\/image-299.jpg\",\"width\":650,\"height\":650,\"caption\":\"adidas Speed Pro Boxhandschuhe Rot\/Gr\u00fcn\/Wei\u00df-1\"},{\"@type\":\"BreadcrumbList\",\"@id\":\"https:\/\/www.daisho.be\/de\/produit\/adidas-speed-pro-boxhandschuhe-rot-gruen-weiss\/#breadcrumb\",\"itemListElement\":[{\"@type\":\"ListItem\",\"position\":1,\"name\":\"Accueil\",\"item\":\"https:\/\/www.daisho.be\/de\/\"},{\"@type\":\"ListItem\",\"position\":2,\"name\":\"Produkte\",\"item\":\"https:\/\/www.daisho.be\/de\/produkte\/\"},{\"@type\":\"ListItem\",\"position\":3,\"name\":\"ADIDAS COMBAT SPORTS\",\"item\":\"https:\/\/www.daisho.be\/de\/categorie-produit\/adidas-combat-sports-de\/\"},{\"@type\":\"ListItem\",\"position\":4,\"name\":\"Boxen\",\"item\":\"https:\/\/www.daisho.be\/de\/categorie-produit\/adidas-combat-sports-de\/boxen\/\"},{\"@type\":\"ListItem\",\"position\":5,\"name\":\"Boxhandschuhe Adidas\",\"item\":\"https:\/\/www.daisho.be\/de\/categorie-produit\/adidas-combat-sports-de\/boxen\/boxhandschuhe-adidas\/\"},{\"@type\":\"ListItem\",\"position\":6,\"name\":\"adidas Speed Pro Boxhandschuhe Rot\/Gr\u00fcn\/Wei\u00df\"}]},{\"@type\":\"WebSite\",\"@id\":\"https:\/\/www.daisho.be\/de\/#website\",\"url\":\"https:\/\/www.daisho.be\/de\/\",\"name\":\"Daisho\",\"description\":\"Sp&eacute;cialiste de l'&eacute;quipement sportif d'arts martiaux\",\"publisher\":{\"@id\":\"https:\/\/www.daisho.be\/de\/#organization\"},\"potentialAction\":[{\"@type\":\"SearchAction\",\"target\":{\"@type\":\"EntryPoint\",\"urlTemplate\":\"https:\/\/www.daisho.be\/de\/?s={search_term_string}\"},\"query-input\":{\"@type\":\"PropertyValueSpecification\",\"valueRequired\":true,\"valueName\":\"search_term_string\"}}],\"inLanguage\":\"de\"},{\"@type\":\"Organization\",\"@id\":\"https:\/\/www.daisho.be\/de\/#organization\",\"name\":\"Daisho\",\"url\":\"https:\/\/www.daisho.be\/de\/\",\"logo\":{\"@type\":\"ImageObject\",\"inLanguage\":\"de\",\"@id\":\"https:\/\/www.daisho.be\/de\/#\/schema\/logo\/image\/\",\"url\":\"https:\/\/www.daisho.be\/wp-content\/uploads\/2019\/07\/color-nothing-horizontale4x-e1564486100247.png\",\"contentUrl\":\"https:\/\/www.daisho.be\/wp-content\/uploads\/2019\/07\/color-nothing-horizontale4x-e1564486100247.png\",\"width\":1547,\"height\":385,\"caption\":\"Daisho\"},\"image\":{\"@id\":\"https:\/\/www.daisho.be\/de\/#\/schema\/logo\/image\/\"}}]}<\/script>\n<!-- \/ Yoast SEO plugin. -->","yoast_head_json":{"title":"adidas Speed Pro Boxhandschuhe Rot\/Gr\u00fcn\/Wei\u00df &#8211; Daisho","description":"Entdecken Sie die Boxhandschuhe, die speziell f\u00fcr Profis entwickelt wurden und eine hohe Qualit\u00e4t gew\u00e4hrleisten. Kaufen Sie sie bei www.daisho.be|Daisho","robots":{"index":"index","follow":"follow","max-snippet":"max-snippet:-1","max-image-preview":"max-image-preview:large","max-video-preview":"max-video-preview:-1"},"canonical":"https:\/\/www.daisho.be\/de\/produit\/adidas-speed-pro-boxhandschuhe-rot-gruen-weiss\/","og_locale":"de_DE","og_type":"article","og_title":"adidas Speed Pro Boxhandschuhe Rot\/Gr\u00fcn\/Wei\u00df &#8211; Daisho","og_description":"Entdecken Sie die Boxhandschuhe, die speziell f\u00fcr Profis entwickelt wurden und eine hohe Qualit\u00e4t gew\u00e4hrleisten. Kaufen Sie sie bei www.daisho.be|Daisho","og_url":"https:\/\/www.daisho.be\/de\/produit\/adidas-speed-pro-boxhandschuhe-rot-gruen-weiss\/","og_site_name":"Daisho","article_modified_time":"2025-03-03T12:41:38+00:00","og_image":[{"width":650,"height":650,"url":"https:\/\/www.daisho.be\/wp-content\/uploads\/2022\/02\/image-299.jpg","type":"image\/jpeg"}],"twitter_card":"summary_large_image","twitter_misc":{"Gesch\u00e4tzte Lesezeit":"1\u00a0Minute"},"schema":{"@context":"https:\/\/schema.org","@graph":[{"@type":"WebPage","@id":"https:\/\/www.daisho.be\/de\/produit\/adidas-speed-pro-boxhandschuhe-rot-gruen-weiss\/","url":"https:\/\/www.daisho.be\/de\/produit\/adidas-speed-pro-boxhandschuhe-rot-gruen-weiss\/","name":"adidas Speed Pro Boxhandschuhe Rot\/Gr\u00fcn\/Wei\u00df &#8211; Daisho","isPartOf":{"@id":"https:\/\/www.daisho.be\/de\/#website"},"primaryImageOfPage":{"@id":"https:\/\/www.daisho.be\/de\/produit\/adidas-speed-pro-boxhandschuhe-rot-gruen-weiss\/#primaryimage"},"image":{"@id":"https:\/\/www.daisho.be\/de\/produit\/adidas-speed-pro-boxhandschuhe-rot-gruen-weiss\/#primaryimage"},"thumbnailUrl":"https:\/\/www.daisho.be\/wp-content\/uploads\/2022\/02\/image-299.jpg","datePublished":"2022-01-31T09:09:47+00:00","dateModified":"2025-03-03T12:41:38+00:00","description":"Entdecken Sie die Boxhandschuhe, die speziell f\u00fcr Profis entwickelt wurden und eine hohe Qualit\u00e4t gew\u00e4hrleisten. Kaufen Sie sie bei www.daisho.be|Daisho","breadcrumb":{"@id":"https:\/\/www.daisho.be\/de\/produit\/adidas-speed-pro-boxhandschuhe-rot-gruen-weiss\/#breadcrumb"},"inLanguage":"de","potentialAction":[{"@type":"ReadAction","target":["https:\/\/www.daisho.be\/de\/produit\/adidas-speed-pro-boxhandschuhe-rot-gruen-weiss\/"]}]},{"@type":"ImageObject","inLanguage":"de","@id":"https:\/\/www.daisho.be\/de\/produit\/adidas-speed-pro-boxhandschuhe-rot-gruen-weiss\/#primaryimage","url":"https:\/\/www.daisho.be\/wp-content\/uploads\/2022\/02\/image-299.jpg","contentUrl":"https:\/\/www.daisho.be\/wp-content\/uploads\/2022\/02\/image-299.jpg","width":650,"height":650,"caption":"adidas Speed Pro Boxhandschuhe Rot\/Gr\u00fcn\/Wei\u00df-1"},{"@type":"BreadcrumbList","@id":"https:\/\/www.daisho.be\/de\/produit\/adidas-speed-pro-boxhandschuhe-rot-gruen-weiss\/#breadcrumb","itemListElement":[{"@type":"ListItem","position":1,"name":"Accueil","item":"https:\/\/www.daisho.be\/de\/"},{"@type":"ListItem","position":2,"name":"Produkte","item":"https:\/\/www.daisho.be\/de\/produkte\/"},{"@type":"ListItem","position":3,"name":"ADIDAS COMBAT SPORTS","item":"https:\/\/www.daisho.be\/de\/categorie-produit\/adidas-combat-sports-de\/"},{"@type":"ListItem","position":4,"name":"Boxen","item":"https:\/\/www.daisho.be\/de\/categorie-produit\/adidas-combat-sports-de\/boxen\/"},{"@type":"ListItem","position":5,"name":"Boxhandschuhe Adidas","item":"https:\/\/www.daisho.be\/de\/categorie-produit\/adidas-combat-sports-de\/boxen\/boxhandschuhe-adidas\/"},{"@type":"ListItem","position":6,"name":"adidas Speed Pro Boxhandschuhe Rot\/Gr\u00fcn\/Wei\u00df"}]},{"@type":"WebSite","@id":"https:\/\/www.daisho.be\/de\/#website","url":"https:\/\/www.daisho.be\/de\/","name":"Daisho","description":"Sp&eacute;cialiste de l'&eacute;quipement sportif d'arts martiaux","publisher":{"@id":"https:\/\/www.daisho.be\/de\/#organization"},"potentialAction":[{"@type":"SearchAction","target":{"@type":"EntryPoint","urlTemplate":"https:\/\/www.daisho.be\/de\/?s={search_term_string}"},"query-input":{"@type":"PropertyValueSpecification","valueRequired":true,"valueName":"search_term_string"}}],"inLanguage":"de"},{"@type":"Organization","@id":"https:\/\/www.daisho.be\/de\/#organization","name":"Daisho","url":"https:\/\/www.daisho.be\/de\/","logo":{"@type":"ImageObject","inLanguage":"de","@id":"https:\/\/www.daisho.be\/de\/#\/schema\/logo\/image\/","url":"https:\/\/www.daisho.be\/wp-content\/uploads\/2019\/07\/color-nothing-horizontale4x-e1564486100247.png","contentUrl":"https:\/\/www.daisho.be\/wp-content\/uploads\/2019\/07\/color-nothing-horizontale4x-e1564486100247.png","width":1547,"height":385,"caption":"Daisho"},"image":{"@id":"https:\/\/www.daisho.be\/de\/#\/schema\/logo\/image\/"}}]}},"_links":{"self":[{"href":"https:\/\/www.daisho.be\/de\/wp-json\/wp\/v2\/product\/457244","targetHints":{"allow":["GET"]}}],"collection":[{"href":"https:\/\/www.daisho.be\/de\/wp-json\/wp\/v2\/product"}],"about":[{"href":"https:\/\/www.daisho.be\/de\/wp-json\/wp\/v2\/types\/product"}],"replies":[{"embeddable":true,"href":"https:\/\/www.daisho.be\/de\/wp-json\/wp\/v2\/comments?post=457244"}],"wp:featuredmedia":[{"embeddable":true,"href":"https:\/\/www.daisho.be\/de\/wp-json\/wp\/v2\/media\/457252"}],"wp:attachment":[{"href":"https:\/\/www.daisho.be\/de\/wp-json\/wp\/v2\/media?parent=457244"}],"wp:term":[{"taxonomy":"product_brand","embeddable":true,"href":"https:\/\/www.daisho.be\/de\/wp-json\/wp\/v2\/product_brand?post=457244"},{"taxonomy":"product_cat","embeddable":true,"href":"https:\/\/www.daisho.be\/de\/wp-json\/wp\/v2\/product_cat?post=457244"},{"taxonomy":"product_tag","embeddable":true,"href":"https:\/\/www.daisho.be\/de\/wp-json\/wp\/v2\/product_tag?post=457244"},{"taxonomy":"sport","embeddable":true,"href":"https:\/\/www.daisho.be\/de\/wp-json\/wp\/v2\/sport?post=457244"}],"curies":[{"name":"wp","href":"https:\/\/api.w.org\/{rel}","templated":true}]}}