{"id":457219,"date":"2022-01-31T10:10:49","date_gmt":"2022-01-31T09:10:49","guid":{"rendered":"https:\/\/www.daisho.be\/produit\/amateur-boxhandschuhe-adidas-aiba-pu-blau\/"},"modified":"2025-03-03T13:41:38","modified_gmt":"2025-03-03T12:41:38","slug":"amateur-boxhandschuhe-adidas-aiba-pu-blau","status":"publish","type":"product","link":"https:\/\/www.daisho.be\/de\/produit\/amateur-boxhandschuhe-adidas-aiba-pu-blau\/","title":{"rendered":"Amateur-Boxhandschuhe Adidas AIBA PU blau"},"content":{"rendered":"<p>Boxhandschuhe aus hochwertigem Kunstleder.<br \/>\nMit sehr saugf\u00e4higem, geformtem Schaumstoff gef\u00fcttert. Sehr robuster Klettverschluss f\u00fcr optimalen Halt und Komfort.<br \/>\nadidas Boxhandschuhe mit AIBA-Lizenz.<br \/>\nVollst\u00e4ndig wasserdichter Handschuh aus hochwertigem Rindsleder. Gef\u00fcllt mit sehr saugf\u00e4higem, geformtem Schaumstoff. Der Klettverschluss ist robust und bietet den n\u00f6tigen Komfort und Halt.<br \/>\nDie adidas AIBA Boxhandschuhe wurden bei den Olympischen Spielen 2008 in Peking und bei den Olympischen Spielen 2012 in London als Wettkampfhandschuhe verwendet.<br \/>\nAchtung, diese Handschuhe sind nicht f\u00fcr Wettk\u00e4mpfe zugelassen, sie sind identisch mit den AIBA zugelassenen Wettkampfhandschuhen, der einzige Unterschied ist das Material, das Kunstleder anstelle von Leder ist.<br \/>\nDer adidas Boxhandschuh eignet sich f\u00fcr Kickboxen, K1, regul\u00e4res Boxen usw.<br \/>\nDer adidas Boxhandschuh ist in den Gr\u00f6\u00dfen 10 und 12 oz erh\u00e4ltlich. Er ist ideal f\u00fcr das Training f\u00fcr Wettk\u00e4mpfe. 10 und 12 oz sind seit 2014 die offiziellen Wettkampfgewichte.     <\/p>\n<p>Vorteile:<br \/>\n&#8211; hochwertiges Kunstleder<br \/>\n&#8211; robuster Klettverschluss<br \/>\n&#8211; hochabsorbierende, geformte Schaumstofff\u00fcllung<br \/>\n&#8211; f\u00fcr Amateur und Profi<\/p>\n","protected":false},"excerpt":{"rendered":"<p>Boxhandschuhe aus hochwertigem Kunstleder. Mit sehr saugf\u00e4higem, geformtem Schaumstoff gef\u00fcttert. Sehr robuster Klettverschluss f\u00fcr optimalen Halt und Komfort. adidas Boxhandschuhe mit AIBA-Lizenz. Vollst\u00e4ndig wasserdichter Handschuh aus hochwertigem Rindsleder. Gef\u00fcllt mit sehr saugf\u00e4higem, geformtem Schaumstoff. Der Klettverschluss ist robust und bietet den n\u00f6tigen Komfort und Halt. Die adidas AIBA Boxhandschuhe wurden bei den Olympischen Spielen 2008 [&hellip;]<\/p>\n","protected":false},"featured_media":457229,"comment_status":"open","ping_status":"closed","template":"","meta":{"inline_featured_image":false},"product_brand":[],"product_cat":[2306,2277],"product_tag":[2178],"sport":[],"class_list":{"0":"post-457219","1":"product","2":"type-product","3":"status-publish","4":"has-post-thumbnail","6":"product_cat-boxhandschuhe-adidas","7":"product_cat-kick-boxing-protektoren-adidas","8":"product_tag-adidas-de","9":"pa_size-372","10":"pa_size-371","12":"first","13":"instock","14":"taxable","15":"shipping-taxable","16":"purchasable","17":"product-type-variable"},"yoast_head":"<!-- This site is optimized with the Yoast SEO plugin v27.2 - https:\/\/yoast.com\/product\/yoast-seo-wordpress\/ -->\n<title>Amateur-Boxhandschuhe Adidas AIBA PU blau &#8211; Daisho<\/title>\n<meta name=\"description\" content=\"Entdecken Sie die Boxhandschuhe, die speziell entwickelt wurden, um Ihr Training zu verbessern. Kaufen Sie sie bei www.daisho.be|Daisho\" \/>\n<meta name=\"robots\" content=\"index, follow, max-snippet:-1, max-image-preview:large, max-video-preview:-1\" \/>\n<link rel=\"canonical\" href=\"https:\/\/www.daisho.be\/de\/produit\/amateur-boxhandschuhe-adidas-aiba-pu-blau\/\" \/>\n<meta property=\"og:locale\" content=\"de_DE\" \/>\n<meta property=\"og:type\" content=\"article\" \/>\n<meta property=\"og:title\" content=\"Amateur-Boxhandschuhe Adidas AIBA PU blau &#8211; Daisho\" \/>\n<meta property=\"og:description\" content=\"Entdecken Sie die Boxhandschuhe, die speziell entwickelt wurden, um Ihr Training zu verbessern. Kaufen Sie sie bei www.daisho.be|Daisho\" \/>\n<meta property=\"og:url\" content=\"https:\/\/www.daisho.be\/de\/produit\/amateur-boxhandschuhe-adidas-aiba-pu-blau\/\" \/>\n<meta property=\"og:site_name\" content=\"Daisho\" \/>\n<meta property=\"article:modified_time\" content=\"2025-03-03T12:41:38+00:00\" \/>\n<meta property=\"og:image\" content=\"https:\/\/www.daisho.be\/wp-content\/uploads\/2022\/10\/image-13.jpg\" \/>\n\t<meta property=\"og:image:width\" content=\"1920\" \/>\n\t<meta property=\"og:image:height\" content=\"1920\" \/>\n\t<meta property=\"og:image:type\" content=\"image\/jpeg\" \/>\n<meta name=\"twitter:card\" content=\"summary_large_image\" \/>\n<meta name=\"twitter:label1\" content=\"Gesch\u00e4tzte Lesezeit\" \/>\n\t<meta name=\"twitter:data1\" content=\"1\u00a0Minute\" \/>\n<script type=\"application\/ld+json\" class=\"yoast-schema-graph\">{\"@context\":\"https:\/\/schema.org\",\"@graph\":[{\"@type\":\"WebPage\",\"@id\":\"https:\/\/www.daisho.be\/de\/produit\/amateur-boxhandschuhe-adidas-aiba-pu-blau\/\",\"url\":\"https:\/\/www.daisho.be\/de\/produit\/amateur-boxhandschuhe-adidas-aiba-pu-blau\/\",\"name\":\"Amateur-Boxhandschuhe Adidas AIBA PU blau &#8211; Daisho\",\"isPartOf\":{\"@id\":\"https:\/\/www.daisho.be\/de\/#website\"},\"primaryImageOfPage\":{\"@id\":\"https:\/\/www.daisho.be\/de\/produit\/amateur-boxhandschuhe-adidas-aiba-pu-blau\/#primaryimage\"},\"image\":{\"@id\":\"https:\/\/www.daisho.be\/de\/produit\/amateur-boxhandschuhe-adidas-aiba-pu-blau\/#primaryimage\"},\"thumbnailUrl\":\"https:\/\/www.daisho.be\/wp-content\/uploads\/2022\/10\/image-13.jpg\",\"datePublished\":\"2022-01-31T09:10:49+00:00\",\"dateModified\":\"2025-03-03T12:41:38+00:00\",\"description\":\"Entdecken Sie die Boxhandschuhe, die speziell entwickelt wurden, um Ihr Training zu verbessern. Kaufen Sie sie bei www.daisho.be|Daisho\",\"breadcrumb\":{\"@id\":\"https:\/\/www.daisho.be\/de\/produit\/amateur-boxhandschuhe-adidas-aiba-pu-blau\/#breadcrumb\"},\"inLanguage\":\"de\",\"potentialAction\":[{\"@type\":\"ReadAction\",\"target\":[\"https:\/\/www.daisho.be\/de\/produit\/amateur-boxhandschuhe-adidas-aiba-pu-blau\/\"]}]},{\"@type\":\"ImageObject\",\"inLanguage\":\"de\",\"@id\":\"https:\/\/www.daisho.be\/de\/produit\/amateur-boxhandschuhe-adidas-aiba-pu-blau\/#primaryimage\",\"url\":\"https:\/\/www.daisho.be\/wp-content\/uploads\/2022\/10\/image-13.jpg\",\"contentUrl\":\"https:\/\/www.daisho.be\/wp-content\/uploads\/2022\/10\/image-13.jpg\",\"width\":1920,\"height\":1920,\"caption\":\"Amateur-Boxhandschuhe Adidas AIBA PU blau-1\"},{\"@type\":\"BreadcrumbList\",\"@id\":\"https:\/\/www.daisho.be\/de\/produit\/amateur-boxhandschuhe-adidas-aiba-pu-blau\/#breadcrumb\",\"itemListElement\":[{\"@type\":\"ListItem\",\"position\":1,\"name\":\"Accueil\",\"item\":\"https:\/\/www.daisho.be\/de\/\"},{\"@type\":\"ListItem\",\"position\":2,\"name\":\"Produkte\",\"item\":\"https:\/\/www.daisho.be\/de\/produkte\/\"},{\"@type\":\"ListItem\",\"position\":3,\"name\":\"ADIDAS COMBAT SPORTS\",\"item\":\"https:\/\/www.daisho.be\/de\/categorie-produit\/adidas-combat-sports-de\/\"},{\"@type\":\"ListItem\",\"position\":4,\"name\":\"Boxen\",\"item\":\"https:\/\/www.daisho.be\/de\/categorie-produit\/adidas-combat-sports-de\/boxen\/\"},{\"@type\":\"ListItem\",\"position\":5,\"name\":\"Boxhandschuhe Adidas\",\"item\":\"https:\/\/www.daisho.be\/de\/categorie-produit\/adidas-combat-sports-de\/boxen\/boxhandschuhe-adidas\/\"},{\"@type\":\"ListItem\",\"position\":6,\"name\":\"Amateur-Boxhandschuhe Adidas AIBA PU blau\"}]},{\"@type\":\"WebSite\",\"@id\":\"https:\/\/www.daisho.be\/de\/#website\",\"url\":\"https:\/\/www.daisho.be\/de\/\",\"name\":\"Daisho\",\"description\":\"Sp&eacute;cialiste de l'&eacute;quipement sportif d'arts martiaux\",\"publisher\":{\"@id\":\"https:\/\/www.daisho.be\/de\/#organization\"},\"potentialAction\":[{\"@type\":\"SearchAction\",\"target\":{\"@type\":\"EntryPoint\",\"urlTemplate\":\"https:\/\/www.daisho.be\/de\/?s={search_term_string}\"},\"query-input\":{\"@type\":\"PropertyValueSpecification\",\"valueRequired\":true,\"valueName\":\"search_term_string\"}}],\"inLanguage\":\"de\"},{\"@type\":\"Organization\",\"@id\":\"https:\/\/www.daisho.be\/de\/#organization\",\"name\":\"Daisho\",\"url\":\"https:\/\/www.daisho.be\/de\/\",\"logo\":{\"@type\":\"ImageObject\",\"inLanguage\":\"de\",\"@id\":\"https:\/\/www.daisho.be\/de\/#\/schema\/logo\/image\/\",\"url\":\"https:\/\/www.daisho.be\/wp-content\/uploads\/2019\/07\/color-nothing-horizontale4x-e1564486100247.png\",\"contentUrl\":\"https:\/\/www.daisho.be\/wp-content\/uploads\/2019\/07\/color-nothing-horizontale4x-e1564486100247.png\",\"width\":1547,\"height\":385,\"caption\":\"Daisho\"},\"image\":{\"@id\":\"https:\/\/www.daisho.be\/de\/#\/schema\/logo\/image\/\"}}]}<\/script>\n<!-- \/ Yoast SEO plugin. -->","yoast_head_json":{"title":"Amateur-Boxhandschuhe Adidas AIBA PU blau &#8211; Daisho","description":"Entdecken Sie die Boxhandschuhe, die speziell entwickelt wurden, um Ihr Training zu verbessern. Kaufen Sie sie bei www.daisho.be|Daisho","robots":{"index":"index","follow":"follow","max-snippet":"max-snippet:-1","max-image-preview":"max-image-preview:large","max-video-preview":"max-video-preview:-1"},"canonical":"https:\/\/www.daisho.be\/de\/produit\/amateur-boxhandschuhe-adidas-aiba-pu-blau\/","og_locale":"de_DE","og_type":"article","og_title":"Amateur-Boxhandschuhe Adidas AIBA PU blau &#8211; Daisho","og_description":"Entdecken Sie die Boxhandschuhe, die speziell entwickelt wurden, um Ihr Training zu verbessern. Kaufen Sie sie bei www.daisho.be|Daisho","og_url":"https:\/\/www.daisho.be\/de\/produit\/amateur-boxhandschuhe-adidas-aiba-pu-blau\/","og_site_name":"Daisho","article_modified_time":"2025-03-03T12:41:38+00:00","og_image":[{"width":1920,"height":1920,"url":"https:\/\/www.daisho.be\/wp-content\/uploads\/2022\/10\/image-13.jpg","type":"image\/jpeg"}],"twitter_card":"summary_large_image","twitter_misc":{"Gesch\u00e4tzte Lesezeit":"1\u00a0Minute"},"schema":{"@context":"https:\/\/schema.org","@graph":[{"@type":"WebPage","@id":"https:\/\/www.daisho.be\/de\/produit\/amateur-boxhandschuhe-adidas-aiba-pu-blau\/","url":"https:\/\/www.daisho.be\/de\/produit\/amateur-boxhandschuhe-adidas-aiba-pu-blau\/","name":"Amateur-Boxhandschuhe Adidas AIBA PU blau &#8211; Daisho","isPartOf":{"@id":"https:\/\/www.daisho.be\/de\/#website"},"primaryImageOfPage":{"@id":"https:\/\/www.daisho.be\/de\/produit\/amateur-boxhandschuhe-adidas-aiba-pu-blau\/#primaryimage"},"image":{"@id":"https:\/\/www.daisho.be\/de\/produit\/amateur-boxhandschuhe-adidas-aiba-pu-blau\/#primaryimage"},"thumbnailUrl":"https:\/\/www.daisho.be\/wp-content\/uploads\/2022\/10\/image-13.jpg","datePublished":"2022-01-31T09:10:49+00:00","dateModified":"2025-03-03T12:41:38+00:00","description":"Entdecken Sie die Boxhandschuhe, die speziell entwickelt wurden, um Ihr Training zu verbessern. Kaufen Sie sie bei www.daisho.be|Daisho","breadcrumb":{"@id":"https:\/\/www.daisho.be\/de\/produit\/amateur-boxhandschuhe-adidas-aiba-pu-blau\/#breadcrumb"},"inLanguage":"de","potentialAction":[{"@type":"ReadAction","target":["https:\/\/www.daisho.be\/de\/produit\/amateur-boxhandschuhe-adidas-aiba-pu-blau\/"]}]},{"@type":"ImageObject","inLanguage":"de","@id":"https:\/\/www.daisho.be\/de\/produit\/amateur-boxhandschuhe-adidas-aiba-pu-blau\/#primaryimage","url":"https:\/\/www.daisho.be\/wp-content\/uploads\/2022\/10\/image-13.jpg","contentUrl":"https:\/\/www.daisho.be\/wp-content\/uploads\/2022\/10\/image-13.jpg","width":1920,"height":1920,"caption":"Amateur-Boxhandschuhe Adidas AIBA PU blau-1"},{"@type":"BreadcrumbList","@id":"https:\/\/www.daisho.be\/de\/produit\/amateur-boxhandschuhe-adidas-aiba-pu-blau\/#breadcrumb","itemListElement":[{"@type":"ListItem","position":1,"name":"Accueil","item":"https:\/\/www.daisho.be\/de\/"},{"@type":"ListItem","position":2,"name":"Produkte","item":"https:\/\/www.daisho.be\/de\/produkte\/"},{"@type":"ListItem","position":3,"name":"ADIDAS COMBAT SPORTS","item":"https:\/\/www.daisho.be\/de\/categorie-produit\/adidas-combat-sports-de\/"},{"@type":"ListItem","position":4,"name":"Boxen","item":"https:\/\/www.daisho.be\/de\/categorie-produit\/adidas-combat-sports-de\/boxen\/"},{"@type":"ListItem","position":5,"name":"Boxhandschuhe Adidas","item":"https:\/\/www.daisho.be\/de\/categorie-produit\/adidas-combat-sports-de\/boxen\/boxhandschuhe-adidas\/"},{"@type":"ListItem","position":6,"name":"Amateur-Boxhandschuhe Adidas AIBA PU blau"}]},{"@type":"WebSite","@id":"https:\/\/www.daisho.be\/de\/#website","url":"https:\/\/www.daisho.be\/de\/","name":"Daisho","description":"Sp&eacute;cialiste de l'&eacute;quipement sportif d'arts martiaux","publisher":{"@id":"https:\/\/www.daisho.be\/de\/#organization"},"potentialAction":[{"@type":"SearchAction","target":{"@type":"EntryPoint","urlTemplate":"https:\/\/www.daisho.be\/de\/?s={search_term_string}"},"query-input":{"@type":"PropertyValueSpecification","valueRequired":true,"valueName":"search_term_string"}}],"inLanguage":"de"},{"@type":"Organization","@id":"https:\/\/www.daisho.be\/de\/#organization","name":"Daisho","url":"https:\/\/www.daisho.be\/de\/","logo":{"@type":"ImageObject","inLanguage":"de","@id":"https:\/\/www.daisho.be\/de\/#\/schema\/logo\/image\/","url":"https:\/\/www.daisho.be\/wp-content\/uploads\/2019\/07\/color-nothing-horizontale4x-e1564486100247.png","contentUrl":"https:\/\/www.daisho.be\/wp-content\/uploads\/2019\/07\/color-nothing-horizontale4x-e1564486100247.png","width":1547,"height":385,"caption":"Daisho"},"image":{"@id":"https:\/\/www.daisho.be\/de\/#\/schema\/logo\/image\/"}}]}},"_links":{"self":[{"href":"https:\/\/www.daisho.be\/de\/wp-json\/wp\/v2\/product\/457219","targetHints":{"allow":["GET"]}}],"collection":[{"href":"https:\/\/www.daisho.be\/de\/wp-json\/wp\/v2\/product"}],"about":[{"href":"https:\/\/www.daisho.be\/de\/wp-json\/wp\/v2\/types\/product"}],"replies":[{"embeddable":true,"href":"https:\/\/www.daisho.be\/de\/wp-json\/wp\/v2\/comments?post=457219"}],"wp:featuredmedia":[{"embeddable":true,"href":"https:\/\/www.daisho.be\/de\/wp-json\/wp\/v2\/media\/457229"}],"wp:attachment":[{"href":"https:\/\/www.daisho.be\/de\/wp-json\/wp\/v2\/media?parent=457219"}],"wp:term":[{"taxonomy":"product_brand","embeddable":true,"href":"https:\/\/www.daisho.be\/de\/wp-json\/wp\/v2\/product_brand?post=457219"},{"taxonomy":"product_cat","embeddable":true,"href":"https:\/\/www.daisho.be\/de\/wp-json\/wp\/v2\/product_cat?post=457219"},{"taxonomy":"product_tag","embeddable":true,"href":"https:\/\/www.daisho.be\/de\/wp-json\/wp\/v2\/product_tag?post=457219"},{"taxonomy":"sport","embeddable":true,"href":"https:\/\/www.daisho.be\/de\/wp-json\/wp\/v2\/sport?post=457219"}],"curies":[{"name":"wp","href":"https:\/\/api.w.org\/{rel}","templated":true}]}}