{"id":457141,"date":"2022-02-05T14:42:28","date_gmt":"2022-02-05T13:42:28","guid":{"rendered":"https:\/\/www.daisho.be\/produit\/adidas-box-hog-2-0-boxschuhe-schwarz-weiss\/"},"modified":"2025-03-03T12:21:23","modified_gmt":"2025-03-03T11:21:23","slug":"adidas-box-hog-2-0-boxschuhe-schwarz-weiss","status":"publish","type":"product","link":"https:\/\/www.daisho.be\/de\/produit\/adidas-box-hog-2-0-boxschuhe-schwarz-weiss\/","title":{"rendered":"adidas Box-Hog 2.0 Boxschuhe Schwarz\/Wei\u00df"},"content":{"rendered":"<p>Eine starke Beinarbeit und ein gutes Gleichgewicht sind die Grundlage f\u00fcr jeden KO. Diese Boxschuhe f\u00fcr M\u00e4nner sind die Grundlage f\u00fcr eine agile Beinarbeit, um jede Runde zu dominieren. Das atmungsaktive Mesh-Obermaterial h\u00e4lt Ihre F\u00fc\u00dfe k\u00fchl und die d\u00fcnne Zwischensohle mit Gummigriff bietet Ihnen ein gepolstertes, aber nat\u00fcrliches Gef\u00fchl auf der Leinwand. Der Schuh hat eine extra lange Zunge f\u00fcr zus\u00e4tzlichen Komfort.<br \/>\nVorteile:<br \/>\n&#8211; Robustes, einlagiges, offenes Mesh-Obermaterial<br \/>\n&#8211; Synthetische Wildlederbeschichtungen f\u00fcr Haltbarkeit und Komfort<br \/>\n&#8211; Gewebtes Textil mit 3 Streifen<br \/>\n&#8211; D\u00fcnne, partielle EVA-Zwischensohle f\u00fcr leichte D\u00e4mpfung unter der Ferse und im Mittelfu\u00df<br \/>\n&#8211; Gummiau\u00dfensohle f\u00fcr ultimative Traktion<br \/>\n&#8211; Extra lange Zunge f\u00fcr zus\u00e4tzlichen Transport Festungsform   <\/p>\n","protected":false},"excerpt":{"rendered":"<p>Eine starke Beinarbeit und ein gutes Gleichgewicht sind die Grundlage f\u00fcr jeden KO. Diese Boxschuhe f\u00fcr M\u00e4nner sind die Grundlage f\u00fcr eine agile Beinarbeit, um jede Runde zu dominieren. Das atmungsaktive Mesh-Obermaterial h\u00e4lt Ihre F\u00fc\u00dfe k\u00fchl und die d\u00fcnne Zwischensohle mit Gummigriff bietet Ihnen ein gepolstertes, aber nat\u00fcrliches Gef\u00fchl auf der Leinwand. Der Schuh hat [&hellip;]<\/p>\n","protected":false},"featured_media":476694,"comment_status":"open","ping_status":"closed","template":"","meta":{"inline_featured_image":false},"product_brand":[],"product_cat":[2284,2449,2019],"product_tag":[2178],"sport":[],"class_list":{"0":"post-457141","1":"product","2":"type-product","3":"status-publish","4":"has-post-thumbnail","6":"product_cat-adidas-kleidung-fur-das-boxen","7":"product_cat-boxschuhe","8":"product_cat-schuhe","9":"product_tag-adidas-de","10":"pa_size-400","11":"pa_size-36-2-3","12":"pa_size-37-1-3","13":"pa_size-398","14":"pa_size-38-2-3","15":"pa_size-39-1-3","16":"pa_size-396","17":"pa_size-40-2-3","18":"pa_size-41-1-3","19":"pa_size-392","20":"pa_size-44-2-3","21":"pa_size-45-1-3","22":"pa_size-390","23":"pa_size-46-2-3","24":"pa_size-47-1-3","26":"first","27":"instock","28":"taxable","29":"shipping-taxable","30":"purchasable","31":"product-type-variable"},"yoast_head":"<!-- This site is optimized with the Yoast SEO plugin v27.2 - https:\/\/yoast.com\/product\/yoast-seo-wordpress\/ -->\n<title>adidas Box-Hog 2.0 Boxschuhe Schwarz\/Wei\u00df &#8211; Daisho<\/title>\n<meta name=\"description\" content=\"Entdecken Sie die Boxschuhe, die Ihre Beinarbeit verbessern. Kaufen Sie sie bei www.daisho.be|Daisho\" \/>\n<meta name=\"robots\" content=\"index, follow, max-snippet:-1, max-image-preview:large, max-video-preview:-1\" \/>\n<link rel=\"canonical\" href=\"https:\/\/www.daisho.be\/de\/produit\/adidas-box-hog-2-0-boxschuhe-schwarz-weiss\/\" \/>\n<meta property=\"og:locale\" content=\"de_DE\" \/>\n<meta property=\"og:type\" content=\"article\" \/>\n<meta property=\"og:title\" content=\"adidas Box-Hog 2.0 Boxschuhe Schwarz\/Wei\u00df &#8211; Daisho\" \/>\n<meta property=\"og:description\" content=\"Entdecken Sie die Boxschuhe, die Ihre Beinarbeit verbessern. Kaufen Sie sie bei www.daisho.be|Daisho\" \/>\n<meta property=\"og:url\" content=\"https:\/\/www.daisho.be\/de\/produit\/adidas-box-hog-2-0-boxschuhe-schwarz-weiss\/\" \/>\n<meta property=\"og:site_name\" content=\"Daisho\" \/>\n<meta property=\"article:modified_time\" content=\"2025-03-03T11:21:23+00:00\" \/>\n<meta property=\"og:image\" content=\"https:\/\/www.daisho.be\/wp-content\/uploads\/2024\/12\/image-46.jpg\" \/>\n\t<meta property=\"og:image:width\" content=\"650\" \/>\n\t<meta property=\"og:image:height\" content=\"650\" \/>\n\t<meta property=\"og:image:type\" content=\"image\/jpeg\" \/>\n<meta name=\"twitter:card\" content=\"summary_large_image\" \/>\n<meta name=\"twitter:label1\" content=\"Gesch\u00e4tzte Lesezeit\" \/>\n\t<meta name=\"twitter:data1\" content=\"1\u00a0Minute\" \/>\n<script type=\"application\/ld+json\" class=\"yoast-schema-graph\">{\"@context\":\"https:\/\/schema.org\",\"@graph\":[{\"@type\":\"WebPage\",\"@id\":\"https:\/\/www.daisho.be\/de\/produit\/adidas-box-hog-2-0-boxschuhe-schwarz-weiss\/\",\"url\":\"https:\/\/www.daisho.be\/de\/produit\/adidas-box-hog-2-0-boxschuhe-schwarz-weiss\/\",\"name\":\"adidas Box-Hog 2.0 Boxschuhe Schwarz\/Wei\u00df &#8211; Daisho\",\"isPartOf\":{\"@id\":\"https:\/\/www.daisho.be\/de\/#website\"},\"primaryImageOfPage\":{\"@id\":\"https:\/\/www.daisho.be\/de\/produit\/adidas-box-hog-2-0-boxschuhe-schwarz-weiss\/#primaryimage\"},\"image\":{\"@id\":\"https:\/\/www.daisho.be\/de\/produit\/adidas-box-hog-2-0-boxschuhe-schwarz-weiss\/#primaryimage\"},\"thumbnailUrl\":\"https:\/\/www.daisho.be\/wp-content\/uploads\/2024\/12\/image-46.jpg\",\"datePublished\":\"2022-02-05T13:42:28+00:00\",\"dateModified\":\"2025-03-03T11:21:23+00:00\",\"description\":\"Entdecken Sie die Boxschuhe, die Ihre Beinarbeit verbessern. Kaufen Sie sie bei www.daisho.be|Daisho\",\"breadcrumb\":{\"@id\":\"https:\/\/www.daisho.be\/de\/produit\/adidas-box-hog-2-0-boxschuhe-schwarz-weiss\/#breadcrumb\"},\"inLanguage\":\"de\",\"potentialAction\":[{\"@type\":\"ReadAction\",\"target\":[\"https:\/\/www.daisho.be\/de\/produit\/adidas-box-hog-2-0-boxschuhe-schwarz-weiss\/\"]}]},{\"@type\":\"ImageObject\",\"inLanguage\":\"de\",\"@id\":\"https:\/\/www.daisho.be\/de\/produit\/adidas-box-hog-2-0-boxschuhe-schwarz-weiss\/#primaryimage\",\"url\":\"https:\/\/www.daisho.be\/wp-content\/uploads\/2024\/12\/image-46.jpg\",\"contentUrl\":\"https:\/\/www.daisho.be\/wp-content\/uploads\/2024\/12\/image-46.jpg\",\"width\":650,\"height\":650,\"caption\":\"adidas Box-Hog 2.0 Boxschuhe Schwarz\/Wei\u00df-1\"},{\"@type\":\"BreadcrumbList\",\"@id\":\"https:\/\/www.daisho.be\/de\/produit\/adidas-box-hog-2-0-boxschuhe-schwarz-weiss\/#breadcrumb\",\"itemListElement\":[{\"@type\":\"ListItem\",\"position\":1,\"name\":\"Accueil\",\"item\":\"https:\/\/www.daisho.be\/de\/\"},{\"@type\":\"ListItem\",\"position\":2,\"name\":\"Produkte\",\"item\":\"https:\/\/www.daisho.be\/de\/produkte\/\"},{\"@type\":\"ListItem\",\"position\":3,\"name\":\"ADIDAS COMBAT SPORTS\",\"item\":\"https:\/\/www.daisho.be\/de\/categorie-produit\/adidas-combat-sports-de\/\"},{\"@type\":\"ListItem\",\"position\":4,\"name\":\"Boxen\",\"item\":\"https:\/\/www.daisho.be\/de\/categorie-produit\/adidas-combat-sports-de\/boxen\/\"},{\"@type\":\"ListItem\",\"position\":5,\"name\":\"Adidas-Kleidung f\u00fcr das Boxen\",\"item\":\"https:\/\/www.daisho.be\/de\/categorie-produit\/adidas-combat-sports-de\/boxen\/adidas-kleidung-fur-das-boxen\/\"},{\"@type\":\"ListItem\",\"position\":6,\"name\":\"adidas Box-Hog 2.0 Boxschuhe Schwarz\/Wei\u00df\"}]},{\"@type\":\"WebSite\",\"@id\":\"https:\/\/www.daisho.be\/de\/#website\",\"url\":\"https:\/\/www.daisho.be\/de\/\",\"name\":\"Daisho\",\"description\":\"Sp&eacute;cialiste de l'&eacute;quipement sportif d'arts martiaux\",\"publisher\":{\"@id\":\"https:\/\/www.daisho.be\/de\/#organization\"},\"potentialAction\":[{\"@type\":\"SearchAction\",\"target\":{\"@type\":\"EntryPoint\",\"urlTemplate\":\"https:\/\/www.daisho.be\/de\/?s={search_term_string}\"},\"query-input\":{\"@type\":\"PropertyValueSpecification\",\"valueRequired\":true,\"valueName\":\"search_term_string\"}}],\"inLanguage\":\"de\"},{\"@type\":\"Organization\",\"@id\":\"https:\/\/www.daisho.be\/de\/#organization\",\"name\":\"Daisho\",\"url\":\"https:\/\/www.daisho.be\/de\/\",\"logo\":{\"@type\":\"ImageObject\",\"inLanguage\":\"de\",\"@id\":\"https:\/\/www.daisho.be\/de\/#\/schema\/logo\/image\/\",\"url\":\"https:\/\/www.daisho.be\/wp-content\/uploads\/2019\/07\/color-nothing-horizontale4x-e1564486100247.png\",\"contentUrl\":\"https:\/\/www.daisho.be\/wp-content\/uploads\/2019\/07\/color-nothing-horizontale4x-e1564486100247.png\",\"width\":1547,\"height\":385,\"caption\":\"Daisho\"},\"image\":{\"@id\":\"https:\/\/www.daisho.be\/de\/#\/schema\/logo\/image\/\"}}]}<\/script>\n<!-- \/ Yoast SEO plugin. -->","yoast_head_json":{"title":"adidas Box-Hog 2.0 Boxschuhe Schwarz\/Wei\u00df &#8211; Daisho","description":"Entdecken Sie die Boxschuhe, die Ihre Beinarbeit verbessern. Kaufen Sie sie bei www.daisho.be|Daisho","robots":{"index":"index","follow":"follow","max-snippet":"max-snippet:-1","max-image-preview":"max-image-preview:large","max-video-preview":"max-video-preview:-1"},"canonical":"https:\/\/www.daisho.be\/de\/produit\/adidas-box-hog-2-0-boxschuhe-schwarz-weiss\/","og_locale":"de_DE","og_type":"article","og_title":"adidas Box-Hog 2.0 Boxschuhe Schwarz\/Wei\u00df &#8211; Daisho","og_description":"Entdecken Sie die Boxschuhe, die Ihre Beinarbeit verbessern. Kaufen Sie sie bei www.daisho.be|Daisho","og_url":"https:\/\/www.daisho.be\/de\/produit\/adidas-box-hog-2-0-boxschuhe-schwarz-weiss\/","og_site_name":"Daisho","article_modified_time":"2025-03-03T11:21:23+00:00","og_image":[{"width":650,"height":650,"url":"https:\/\/www.daisho.be\/wp-content\/uploads\/2024\/12\/image-46.jpg","type":"image\/jpeg"}],"twitter_card":"summary_large_image","twitter_misc":{"Gesch\u00e4tzte Lesezeit":"1\u00a0Minute"},"schema":{"@context":"https:\/\/schema.org","@graph":[{"@type":"WebPage","@id":"https:\/\/www.daisho.be\/de\/produit\/adidas-box-hog-2-0-boxschuhe-schwarz-weiss\/","url":"https:\/\/www.daisho.be\/de\/produit\/adidas-box-hog-2-0-boxschuhe-schwarz-weiss\/","name":"adidas Box-Hog 2.0 Boxschuhe Schwarz\/Wei\u00df &#8211; Daisho","isPartOf":{"@id":"https:\/\/www.daisho.be\/de\/#website"},"primaryImageOfPage":{"@id":"https:\/\/www.daisho.be\/de\/produit\/adidas-box-hog-2-0-boxschuhe-schwarz-weiss\/#primaryimage"},"image":{"@id":"https:\/\/www.daisho.be\/de\/produit\/adidas-box-hog-2-0-boxschuhe-schwarz-weiss\/#primaryimage"},"thumbnailUrl":"https:\/\/www.daisho.be\/wp-content\/uploads\/2024\/12\/image-46.jpg","datePublished":"2022-02-05T13:42:28+00:00","dateModified":"2025-03-03T11:21:23+00:00","description":"Entdecken Sie die Boxschuhe, die Ihre Beinarbeit verbessern. Kaufen Sie sie bei www.daisho.be|Daisho","breadcrumb":{"@id":"https:\/\/www.daisho.be\/de\/produit\/adidas-box-hog-2-0-boxschuhe-schwarz-weiss\/#breadcrumb"},"inLanguage":"de","potentialAction":[{"@type":"ReadAction","target":["https:\/\/www.daisho.be\/de\/produit\/adidas-box-hog-2-0-boxschuhe-schwarz-weiss\/"]}]},{"@type":"ImageObject","inLanguage":"de","@id":"https:\/\/www.daisho.be\/de\/produit\/adidas-box-hog-2-0-boxschuhe-schwarz-weiss\/#primaryimage","url":"https:\/\/www.daisho.be\/wp-content\/uploads\/2024\/12\/image-46.jpg","contentUrl":"https:\/\/www.daisho.be\/wp-content\/uploads\/2024\/12\/image-46.jpg","width":650,"height":650,"caption":"adidas Box-Hog 2.0 Boxschuhe Schwarz\/Wei\u00df-1"},{"@type":"BreadcrumbList","@id":"https:\/\/www.daisho.be\/de\/produit\/adidas-box-hog-2-0-boxschuhe-schwarz-weiss\/#breadcrumb","itemListElement":[{"@type":"ListItem","position":1,"name":"Accueil","item":"https:\/\/www.daisho.be\/de\/"},{"@type":"ListItem","position":2,"name":"Produkte","item":"https:\/\/www.daisho.be\/de\/produkte\/"},{"@type":"ListItem","position":3,"name":"ADIDAS COMBAT SPORTS","item":"https:\/\/www.daisho.be\/de\/categorie-produit\/adidas-combat-sports-de\/"},{"@type":"ListItem","position":4,"name":"Boxen","item":"https:\/\/www.daisho.be\/de\/categorie-produit\/adidas-combat-sports-de\/boxen\/"},{"@type":"ListItem","position":5,"name":"Adidas-Kleidung f\u00fcr das Boxen","item":"https:\/\/www.daisho.be\/de\/categorie-produit\/adidas-combat-sports-de\/boxen\/adidas-kleidung-fur-das-boxen\/"},{"@type":"ListItem","position":6,"name":"adidas Box-Hog 2.0 Boxschuhe Schwarz\/Wei\u00df"}]},{"@type":"WebSite","@id":"https:\/\/www.daisho.be\/de\/#website","url":"https:\/\/www.daisho.be\/de\/","name":"Daisho","description":"Sp&eacute;cialiste de l'&eacute;quipement sportif d'arts martiaux","publisher":{"@id":"https:\/\/www.daisho.be\/de\/#organization"},"potentialAction":[{"@type":"SearchAction","target":{"@type":"EntryPoint","urlTemplate":"https:\/\/www.daisho.be\/de\/?s={search_term_string}"},"query-input":{"@type":"PropertyValueSpecification","valueRequired":true,"valueName":"search_term_string"}}],"inLanguage":"de"},{"@type":"Organization","@id":"https:\/\/www.daisho.be\/de\/#organization","name":"Daisho","url":"https:\/\/www.daisho.be\/de\/","logo":{"@type":"ImageObject","inLanguage":"de","@id":"https:\/\/www.daisho.be\/de\/#\/schema\/logo\/image\/","url":"https:\/\/www.daisho.be\/wp-content\/uploads\/2019\/07\/color-nothing-horizontale4x-e1564486100247.png","contentUrl":"https:\/\/www.daisho.be\/wp-content\/uploads\/2019\/07\/color-nothing-horizontale4x-e1564486100247.png","width":1547,"height":385,"caption":"Daisho"},"image":{"@id":"https:\/\/www.daisho.be\/de\/#\/schema\/logo\/image\/"}}]}},"_links":{"self":[{"href":"https:\/\/www.daisho.be\/de\/wp-json\/wp\/v2\/product\/457141","targetHints":{"allow":["GET"]}}],"collection":[{"href":"https:\/\/www.daisho.be\/de\/wp-json\/wp\/v2\/product"}],"about":[{"href":"https:\/\/www.daisho.be\/de\/wp-json\/wp\/v2\/types\/product"}],"replies":[{"embeddable":true,"href":"https:\/\/www.daisho.be\/de\/wp-json\/wp\/v2\/comments?post=457141"}],"wp:featuredmedia":[{"embeddable":true,"href":"https:\/\/www.daisho.be\/de\/wp-json\/wp\/v2\/media\/476694"}],"wp:attachment":[{"href":"https:\/\/www.daisho.be\/de\/wp-json\/wp\/v2\/media?parent=457141"}],"wp:term":[{"taxonomy":"product_brand","embeddable":true,"href":"https:\/\/www.daisho.be\/de\/wp-json\/wp\/v2\/product_brand?post=457141"},{"taxonomy":"product_cat","embeddable":true,"href":"https:\/\/www.daisho.be\/de\/wp-json\/wp\/v2\/product_cat?post=457141"},{"taxonomy":"product_tag","embeddable":true,"href":"https:\/\/www.daisho.be\/de\/wp-json\/wp\/v2\/product_tag?post=457141"},{"taxonomy":"sport","embeddable":true,"href":"https:\/\/www.daisho.be\/de\/wp-json\/wp\/v2\/sport?post=457141"}],"curies":[{"name":"wp","href":"https:\/\/api.w.org\/{rel}","templated":true}]}}