{"id":457102,"date":"2022-02-05T14:43:45","date_gmt":"2022-02-05T13:43:45","guid":{"rendered":"https:\/\/www.daisho.be\/produit\/adidas-box-hog-2-boxschuhe-schwarz-weiss\/"},"modified":"2025-03-03T12:21:24","modified_gmt":"2025-03-03T11:21:24","slug":"adidas-box-hog-2-boxschuhe-schwarz-weiss","status":"publish","type":"product","link":"https:\/\/www.daisho.be\/de\/produit\/adidas-box-hog-2-boxschuhe-schwarz-weiss\/","title":{"rendered":"adidas Box-Hog 2 Boxschuhe Schwarz\/Wei\u00df"},"content":{"rendered":"<p>Eine starke Beinarbeit und ein gutes Gleichgewicht sind die Grundlage f\u00fcr jeden KO. Diese Boxschuhe f\u00fcr M\u00e4nner sind die Grundlage f\u00fcr eine agile Beinarbeit, um jede Runde zu dominieren. Das atmungsaktive Mesh-Obermaterial h\u00e4lt Ihre F\u00fc\u00dfe k\u00fchl und die d\u00fcnne Zwischensohle mit Gummigriff sorgt f\u00fcr ein gepolstertes, aber nat\u00fcrliches Gef\u00fchl auf der Leinwand.<br \/>\nVorteile:<br \/>\n&#8211; Robustes, einschichtiges, offenes Mesh-Obermaterial<br \/>\n&#8211; Synthetische Wildleder-Overlays f\u00fcr Haltbarkeit und Komfort<br \/>\n&#8211; Gewebtes Textil mit 3 Streifen<br \/>\n&#8211; D\u00fcnne, partielle EVA-Zwischensohle f\u00fcr leichte D\u00e4mpfung unter der Ferse und im Mittelfu\u00df<br \/>\n&#8211; Gummiau\u00dfensohle f\u00fcr ultimative Traktion  <\/p>\n","protected":false},"excerpt":{"rendered":"<p>Eine starke Beinarbeit und ein gutes Gleichgewicht sind die Grundlage f\u00fcr jeden KO. Diese Boxschuhe f\u00fcr M\u00e4nner sind die Grundlage f\u00fcr eine agile Beinarbeit, um jede Runde zu dominieren. Das atmungsaktive Mesh-Obermaterial h\u00e4lt Ihre F\u00fc\u00dfe k\u00fchl und die d\u00fcnne Zwischensohle mit Gummigriff sorgt f\u00fcr ein gepolstertes, aber nat\u00fcrliches Gef\u00fchl auf der Leinwand. Vorteile: &#8211; Robustes, [&hellip;]<\/p>\n","protected":false},"featured_media":457124,"comment_status":"open","ping_status":"closed","template":"","meta":{"inline_featured_image":false},"product_brand":[],"product_cat":[2284],"product_tag":[2178],"sport":[],"class_list":{"0":"post-457102","1":"product","2":"type-product","3":"status-publish","4":"has-post-thumbnail","6":"product_cat-adidas-kleidung-fur-das-boxen","7":"product_tag-adidas-de","8":"pa_size-400","9":"pa_size-36-2-3","10":"pa_size-37-1-3","11":"pa_size-398","12":"pa_size-38-2-3","13":"pa_size-39-1-3","14":"pa_size-396","15":"pa_size-40-2-3","16":"pa_size-41-1-3","17":"pa_size-394","18":"pa_size-42-2-3","19":"pa_size-43-1-3","20":"pa_size-392","21":"pa_size-44-2-3","22":"pa_size-45-1-3","23":"pa_size-390","24":"pa_size-46-2-3","25":"pa_size-47-1-3","27":"first","28":"instock","29":"taxable","30":"shipping-taxable","31":"purchasable","32":"product-type-variable"},"yoast_head":"<!-- This site is optimized with the Yoast SEO plugin v27.2 - https:\/\/yoast.com\/product\/yoast-seo-wordpress\/ -->\n<title>adidas Box-Hog 2 Boxschuhe Schwarz\/Wei\u00df &#8211; Daisho<\/title>\n<meta name=\"description\" content=\"Entdecken Sie die Adidas-Boxschuhe. Sie helfen Ihnen, Ihre Leistung zu verbessern. Kaufen Sie sie auf www.daisho.be|Daisho\" \/>\n<meta name=\"robots\" content=\"index, follow, max-snippet:-1, max-image-preview:large, max-video-preview:-1\" \/>\n<link rel=\"canonical\" href=\"https:\/\/www.daisho.be\/de\/produit\/adidas-box-hog-2-boxschuhe-schwarz-weiss\/\" \/>\n<meta property=\"og:locale\" content=\"de_DE\" \/>\n<meta property=\"og:type\" content=\"article\" \/>\n<meta property=\"og:title\" content=\"adidas Box-Hog 2 Boxschuhe Schwarz\/Wei\u00df &#8211; Daisho\" \/>\n<meta property=\"og:description\" content=\"Entdecken Sie die Adidas-Boxschuhe. Sie helfen Ihnen, Ihre Leistung zu verbessern. Kaufen Sie sie auf www.daisho.be|Daisho\" \/>\n<meta property=\"og:url\" content=\"https:\/\/www.daisho.be\/de\/produit\/adidas-box-hog-2-boxschuhe-schwarz-weiss\/\" \/>\n<meta property=\"og:site_name\" content=\"Daisho\" \/>\n<meta property=\"article:modified_time\" content=\"2025-03-03T11:21:24+00:00\" \/>\n<meta property=\"og:image\" content=\"https:\/\/www.daisho.be\/wp-content\/uploads\/2022\/02\/image-50.jpg\" \/>\n\t<meta property=\"og:image:width\" content=\"650\" \/>\n\t<meta property=\"og:image:height\" content=\"650\" \/>\n\t<meta property=\"og:image:type\" content=\"image\/jpeg\" \/>\n<meta name=\"twitter:card\" content=\"summary_large_image\" \/>\n<meta name=\"twitter:label1\" content=\"Gesch\u00e4tzte Lesezeit\" \/>\n\t<meta name=\"twitter:data1\" content=\"1\u00a0Minute\" \/>\n<script type=\"application\/ld+json\" class=\"yoast-schema-graph\">{\"@context\":\"https:\/\/schema.org\",\"@graph\":[{\"@type\":\"WebPage\",\"@id\":\"https:\/\/www.daisho.be\/de\/produit\/adidas-box-hog-2-boxschuhe-schwarz-weiss\/\",\"url\":\"https:\/\/www.daisho.be\/de\/produit\/adidas-box-hog-2-boxschuhe-schwarz-weiss\/\",\"name\":\"adidas Box-Hog 2 Boxschuhe Schwarz\/Wei\u00df &#8211; Daisho\",\"isPartOf\":{\"@id\":\"https:\/\/www.daisho.be\/de\/#website\"},\"primaryImageOfPage\":{\"@id\":\"https:\/\/www.daisho.be\/de\/produit\/adidas-box-hog-2-boxschuhe-schwarz-weiss\/#primaryimage\"},\"image\":{\"@id\":\"https:\/\/www.daisho.be\/de\/produit\/adidas-box-hog-2-boxschuhe-schwarz-weiss\/#primaryimage\"},\"thumbnailUrl\":\"https:\/\/www.daisho.be\/wp-content\/uploads\/2022\/02\/image-50.jpg\",\"datePublished\":\"2022-02-05T13:43:45+00:00\",\"dateModified\":\"2025-03-03T11:21:24+00:00\",\"description\":\"Entdecken Sie die Adidas-Boxschuhe. Sie helfen Ihnen, Ihre Leistung zu verbessern. Kaufen Sie sie auf www.daisho.be|Daisho\",\"breadcrumb\":{\"@id\":\"https:\/\/www.daisho.be\/de\/produit\/adidas-box-hog-2-boxschuhe-schwarz-weiss\/#breadcrumb\"},\"inLanguage\":\"de\",\"potentialAction\":[{\"@type\":\"ReadAction\",\"target\":[\"https:\/\/www.daisho.be\/de\/produit\/adidas-box-hog-2-boxschuhe-schwarz-weiss\/\"]}]},{\"@type\":\"ImageObject\",\"inLanguage\":\"de\",\"@id\":\"https:\/\/www.daisho.be\/de\/produit\/adidas-box-hog-2-boxschuhe-schwarz-weiss\/#primaryimage\",\"url\":\"https:\/\/www.daisho.be\/wp-content\/uploads\/2022\/02\/image-50.jpg\",\"contentUrl\":\"https:\/\/www.daisho.be\/wp-content\/uploads\/2022\/02\/image-50.jpg\",\"width\":650,\"height\":650,\"caption\":\"adidas Box-Hog 2 Boxschuhe Schwarz\/Wei\u00df-1\"},{\"@type\":\"BreadcrumbList\",\"@id\":\"https:\/\/www.daisho.be\/de\/produit\/adidas-box-hog-2-boxschuhe-schwarz-weiss\/#breadcrumb\",\"itemListElement\":[{\"@type\":\"ListItem\",\"position\":1,\"name\":\"Accueil\",\"item\":\"https:\/\/www.daisho.be\/de\/\"},{\"@type\":\"ListItem\",\"position\":2,\"name\":\"Produkte\",\"item\":\"https:\/\/www.daisho.be\/de\/produkte\/\"},{\"@type\":\"ListItem\",\"position\":3,\"name\":\"ADIDAS COMBAT SPORTS\",\"item\":\"https:\/\/www.daisho.be\/de\/categorie-produit\/adidas-combat-sports-de\/\"},{\"@type\":\"ListItem\",\"position\":4,\"name\":\"Boxen\",\"item\":\"https:\/\/www.daisho.be\/de\/categorie-produit\/adidas-combat-sports-de\/boxen\/\"},{\"@type\":\"ListItem\",\"position\":5,\"name\":\"Adidas-Kleidung f\u00fcr das Boxen\",\"item\":\"https:\/\/www.daisho.be\/de\/categorie-produit\/adidas-combat-sports-de\/boxen\/adidas-kleidung-fur-das-boxen\/\"},{\"@type\":\"ListItem\",\"position\":6,\"name\":\"adidas Box-Hog 2 Boxschuhe Schwarz\/Wei\u00df\"}]},{\"@type\":\"WebSite\",\"@id\":\"https:\/\/www.daisho.be\/de\/#website\",\"url\":\"https:\/\/www.daisho.be\/de\/\",\"name\":\"Daisho\",\"description\":\"Sp&eacute;cialiste de l'&eacute;quipement sportif d'arts martiaux\",\"publisher\":{\"@id\":\"https:\/\/www.daisho.be\/de\/#organization\"},\"potentialAction\":[{\"@type\":\"SearchAction\",\"target\":{\"@type\":\"EntryPoint\",\"urlTemplate\":\"https:\/\/www.daisho.be\/de\/?s={search_term_string}\"},\"query-input\":{\"@type\":\"PropertyValueSpecification\",\"valueRequired\":true,\"valueName\":\"search_term_string\"}}],\"inLanguage\":\"de\"},{\"@type\":\"Organization\",\"@id\":\"https:\/\/www.daisho.be\/de\/#organization\",\"name\":\"Daisho\",\"url\":\"https:\/\/www.daisho.be\/de\/\",\"logo\":{\"@type\":\"ImageObject\",\"inLanguage\":\"de\",\"@id\":\"https:\/\/www.daisho.be\/de\/#\/schema\/logo\/image\/\",\"url\":\"https:\/\/www.daisho.be\/wp-content\/uploads\/2019\/07\/color-nothing-horizontale4x-e1564486100247.png\",\"contentUrl\":\"https:\/\/www.daisho.be\/wp-content\/uploads\/2019\/07\/color-nothing-horizontale4x-e1564486100247.png\",\"width\":1547,\"height\":385,\"caption\":\"Daisho\"},\"image\":{\"@id\":\"https:\/\/www.daisho.be\/de\/#\/schema\/logo\/image\/\"}}]}<\/script>\n<!-- \/ Yoast SEO plugin. -->","yoast_head_json":{"title":"adidas Box-Hog 2 Boxschuhe Schwarz\/Wei\u00df &#8211; Daisho","description":"Entdecken Sie die Adidas-Boxschuhe. Sie helfen Ihnen, Ihre Leistung zu verbessern. Kaufen Sie sie auf www.daisho.be|Daisho","robots":{"index":"index","follow":"follow","max-snippet":"max-snippet:-1","max-image-preview":"max-image-preview:large","max-video-preview":"max-video-preview:-1"},"canonical":"https:\/\/www.daisho.be\/de\/produit\/adidas-box-hog-2-boxschuhe-schwarz-weiss\/","og_locale":"de_DE","og_type":"article","og_title":"adidas Box-Hog 2 Boxschuhe Schwarz\/Wei\u00df &#8211; Daisho","og_description":"Entdecken Sie die Adidas-Boxschuhe. Sie helfen Ihnen, Ihre Leistung zu verbessern. Kaufen Sie sie auf www.daisho.be|Daisho","og_url":"https:\/\/www.daisho.be\/de\/produit\/adidas-box-hog-2-boxschuhe-schwarz-weiss\/","og_site_name":"Daisho","article_modified_time":"2025-03-03T11:21:24+00:00","og_image":[{"width":650,"height":650,"url":"https:\/\/www.daisho.be\/wp-content\/uploads\/2022\/02\/image-50.jpg","type":"image\/jpeg"}],"twitter_card":"summary_large_image","twitter_misc":{"Gesch\u00e4tzte Lesezeit":"1\u00a0Minute"},"schema":{"@context":"https:\/\/schema.org","@graph":[{"@type":"WebPage","@id":"https:\/\/www.daisho.be\/de\/produit\/adidas-box-hog-2-boxschuhe-schwarz-weiss\/","url":"https:\/\/www.daisho.be\/de\/produit\/adidas-box-hog-2-boxschuhe-schwarz-weiss\/","name":"adidas Box-Hog 2 Boxschuhe Schwarz\/Wei\u00df &#8211; Daisho","isPartOf":{"@id":"https:\/\/www.daisho.be\/de\/#website"},"primaryImageOfPage":{"@id":"https:\/\/www.daisho.be\/de\/produit\/adidas-box-hog-2-boxschuhe-schwarz-weiss\/#primaryimage"},"image":{"@id":"https:\/\/www.daisho.be\/de\/produit\/adidas-box-hog-2-boxschuhe-schwarz-weiss\/#primaryimage"},"thumbnailUrl":"https:\/\/www.daisho.be\/wp-content\/uploads\/2022\/02\/image-50.jpg","datePublished":"2022-02-05T13:43:45+00:00","dateModified":"2025-03-03T11:21:24+00:00","description":"Entdecken Sie die Adidas-Boxschuhe. Sie helfen Ihnen, Ihre Leistung zu verbessern. Kaufen Sie sie auf www.daisho.be|Daisho","breadcrumb":{"@id":"https:\/\/www.daisho.be\/de\/produit\/adidas-box-hog-2-boxschuhe-schwarz-weiss\/#breadcrumb"},"inLanguage":"de","potentialAction":[{"@type":"ReadAction","target":["https:\/\/www.daisho.be\/de\/produit\/adidas-box-hog-2-boxschuhe-schwarz-weiss\/"]}]},{"@type":"ImageObject","inLanguage":"de","@id":"https:\/\/www.daisho.be\/de\/produit\/adidas-box-hog-2-boxschuhe-schwarz-weiss\/#primaryimage","url":"https:\/\/www.daisho.be\/wp-content\/uploads\/2022\/02\/image-50.jpg","contentUrl":"https:\/\/www.daisho.be\/wp-content\/uploads\/2022\/02\/image-50.jpg","width":650,"height":650,"caption":"adidas Box-Hog 2 Boxschuhe Schwarz\/Wei\u00df-1"},{"@type":"BreadcrumbList","@id":"https:\/\/www.daisho.be\/de\/produit\/adidas-box-hog-2-boxschuhe-schwarz-weiss\/#breadcrumb","itemListElement":[{"@type":"ListItem","position":1,"name":"Accueil","item":"https:\/\/www.daisho.be\/de\/"},{"@type":"ListItem","position":2,"name":"Produkte","item":"https:\/\/www.daisho.be\/de\/produkte\/"},{"@type":"ListItem","position":3,"name":"ADIDAS COMBAT SPORTS","item":"https:\/\/www.daisho.be\/de\/categorie-produit\/adidas-combat-sports-de\/"},{"@type":"ListItem","position":4,"name":"Boxen","item":"https:\/\/www.daisho.be\/de\/categorie-produit\/adidas-combat-sports-de\/boxen\/"},{"@type":"ListItem","position":5,"name":"Adidas-Kleidung f\u00fcr das Boxen","item":"https:\/\/www.daisho.be\/de\/categorie-produit\/adidas-combat-sports-de\/boxen\/adidas-kleidung-fur-das-boxen\/"},{"@type":"ListItem","position":6,"name":"adidas Box-Hog 2 Boxschuhe Schwarz\/Wei\u00df"}]},{"@type":"WebSite","@id":"https:\/\/www.daisho.be\/de\/#website","url":"https:\/\/www.daisho.be\/de\/","name":"Daisho","description":"Sp&eacute;cialiste de l'&eacute;quipement sportif d'arts martiaux","publisher":{"@id":"https:\/\/www.daisho.be\/de\/#organization"},"potentialAction":[{"@type":"SearchAction","target":{"@type":"EntryPoint","urlTemplate":"https:\/\/www.daisho.be\/de\/?s={search_term_string}"},"query-input":{"@type":"PropertyValueSpecification","valueRequired":true,"valueName":"search_term_string"}}],"inLanguage":"de"},{"@type":"Organization","@id":"https:\/\/www.daisho.be\/de\/#organization","name":"Daisho","url":"https:\/\/www.daisho.be\/de\/","logo":{"@type":"ImageObject","inLanguage":"de","@id":"https:\/\/www.daisho.be\/de\/#\/schema\/logo\/image\/","url":"https:\/\/www.daisho.be\/wp-content\/uploads\/2019\/07\/color-nothing-horizontale4x-e1564486100247.png","contentUrl":"https:\/\/www.daisho.be\/wp-content\/uploads\/2019\/07\/color-nothing-horizontale4x-e1564486100247.png","width":1547,"height":385,"caption":"Daisho"},"image":{"@id":"https:\/\/www.daisho.be\/de\/#\/schema\/logo\/image\/"}}]}},"_links":{"self":[{"href":"https:\/\/www.daisho.be\/de\/wp-json\/wp\/v2\/product\/457102","targetHints":{"allow":["GET"]}}],"collection":[{"href":"https:\/\/www.daisho.be\/de\/wp-json\/wp\/v2\/product"}],"about":[{"href":"https:\/\/www.daisho.be\/de\/wp-json\/wp\/v2\/types\/product"}],"replies":[{"embeddable":true,"href":"https:\/\/www.daisho.be\/de\/wp-json\/wp\/v2\/comments?post=457102"}],"wp:featuredmedia":[{"embeddable":true,"href":"https:\/\/www.daisho.be\/de\/wp-json\/wp\/v2\/media\/457124"}],"wp:attachment":[{"href":"https:\/\/www.daisho.be\/de\/wp-json\/wp\/v2\/media?parent=457102"}],"wp:term":[{"taxonomy":"product_brand","embeddable":true,"href":"https:\/\/www.daisho.be\/de\/wp-json\/wp\/v2\/product_brand?post=457102"},{"taxonomy":"product_cat","embeddable":true,"href":"https:\/\/www.daisho.be\/de\/wp-json\/wp\/v2\/product_cat?post=457102"},{"taxonomy":"product_tag","embeddable":true,"href":"https:\/\/www.daisho.be\/de\/wp-json\/wp\/v2\/product_tag?post=457102"},{"taxonomy":"sport","embeddable":true,"href":"https:\/\/www.daisho.be\/de\/wp-json\/wp\/v2\/sport?post=457102"}],"curies":[{"name":"wp","href":"https:\/\/api.w.org\/{rel}","templated":true}]}}