{"id":457069,"date":"2022-02-05T14:53:22","date_gmt":"2022-02-05T13:53:22","guid":{"rendered":"https:\/\/www.daisho.be\/produit\/judogi-adidas-j990-millenium-weiss-orange\/"},"modified":"2025-12-22T15:55:45","modified_gmt":"2025-12-22T14:55:45","slug":"judogi-adidas-j990-millenium-weiss-orange","status":"publish","type":"product","link":"https:\/\/www.daisho.be\/de\/produit\/judogi-adidas-j990-millenium-weiss-orange\/","title":{"rendered":"Judogi adidas J990 Millenium Wei\u00df\/Orange"},"content":{"rendered":"<p>Dieser adidas Judogi wurde f\u00fcr die besten Athleten entworfen.<br \/>\nDie Jacke besteht aus 75% Baumwolle und 25% Polyester, die Hose aus 100% Baumwolle. Die verwendete Baumwolle wird auf einzigartige Weise verarbeitet, so dass der Anzug nicht schrumpft. Au\u00dferdem ist der Judogi an verschiedenen Stellen verst\u00e4rkt, um die Haltbarkeit zu erh\u00f6hen. Die Hose hat eine Schn\u00fcrung, damit sie an Ort und Stelle bleibt.<br \/>\nDer Judogi (Kimono) hat ein eng anliegendes Muster, damit er sich perfekt an Ihren K\u00f6rper anpasst. Die adidas-Streifen mit Logo sind auf die Schultern gestickt.<br \/>\nVorteile:<br \/>\n&#8211; Schrumpft nicht<br \/>\n&#8211; Jacke aus 75 % Baumwolle und 25 % Polyester<br \/>\n&#8211; Hose aus 100 % Baumwolle<br \/>\n&#8211; Extra verst\u00e4rkt an mehreren Stellen<br \/>\n&#8211; Stoff: Polycotton 990 g\/m\u00b2.    <\/p>\n","protected":false},"excerpt":{"rendered":"<p>Dieser adidas Judogi wurde f\u00fcr die besten Athleten entworfen. Die Jacke besteht aus 75% Baumwolle und 25% Polyester, die Hose aus 100% Baumwolle. Die verwendete Baumwolle wird auf einzigartige Weise verarbeitet, so dass der Anzug nicht schrumpft. Au\u00dferdem ist der Judogi an verschiedenen Stellen verst\u00e4rkt, um die Haltbarkeit zu erh\u00f6hen. Die Hose hat eine Schn\u00fcrung, [&hellip;]<\/p>\n","protected":false},"featured_media":645070,"comment_status":"open","ping_status":"closed","template":"","meta":{"inline_featured_image":false},"product_brand":[],"product_cat":[2287],"product_tag":[2178],"sport":[],"class_list":{"0":"post-457069","1":"product","2":"type-product","3":"status-publish","4":"has-post-thumbnail","6":"product_cat-kimono-judogi-adidas-de","7":"product_tag-adidas-de","8":"pa_size-380","9":"pa_size-388","10":"pa_size-379","11":"pa_size-387","12":"pa_size-378","13":"pa_size-386","14":"pa_size-377","15":"pa_size-385","16":"pa_size-376","17":"pa_size-384","18":"pa_size-383","19":"pa_size-953","21":"first","22":"instock","23":"taxable","24":"shipping-taxable","25":"purchasable","26":"product-type-variable"},"yoast_head":"<!-- This site is optimized with the Yoast SEO plugin v27.2 - https:\/\/yoast.com\/product\/yoast-seo-wordpress\/ -->\n<title>Judogi adidas J990 Millenium Wei\u00df\/Orange &#8211; Daisho<\/title>\n<meta name=\"description\" content=\"Entdecken Sie den Adidas Judogi, der speziell f\u00fcr Athleten entwickelt wurde. Er vereint Komfort und Haltbarkeit. Kaufen Sie ihn unter www.daihso|Daisho\" \/>\n<meta name=\"robots\" content=\"index, follow, max-snippet:-1, max-image-preview:large, max-video-preview:-1\" \/>\n<link rel=\"canonical\" href=\"https:\/\/www.daisho.be\/de\/produit\/judogi-adidas-j990-millenium-weiss-orange\/\" \/>\n<meta property=\"og:locale\" content=\"de_DE\" \/>\n<meta property=\"og:type\" content=\"article\" \/>\n<meta property=\"og:title\" content=\"Judogi adidas J990 Millenium Wei\u00df\/Orange &#8211; Daisho\" \/>\n<meta property=\"og:description\" content=\"Entdecken Sie den Adidas Judogi, der speziell f\u00fcr Athleten entwickelt wurde. Er vereint Komfort und Haltbarkeit. Kaufen Sie ihn unter www.daihso|Daisho\" \/>\n<meta property=\"og:url\" content=\"https:\/\/www.daisho.be\/de\/produit\/judogi-adidas-j990-millenium-weiss-orange\/\" \/>\n<meta property=\"og:site_name\" content=\"Daisho\" \/>\n<meta property=\"article:modified_time\" content=\"2025-12-22T14:55:45+00:00\" \/>\n<meta property=\"og:image\" content=\"https:\/\/www.daisho.be\/wp-content\/uploads\/2025\/12\/image-74.jpg\" \/>\n\t<meta property=\"og:image:width\" content=\"650\" \/>\n\t<meta property=\"og:image:height\" content=\"650\" \/>\n\t<meta property=\"og:image:type\" content=\"image\/jpeg\" \/>\n<meta name=\"twitter:card\" content=\"summary_large_image\" \/>\n<meta name=\"twitter:label1\" content=\"Gesch\u00e4tzte Lesezeit\" \/>\n\t<meta name=\"twitter:data1\" content=\"1\u00a0Minute\" \/>\n<script type=\"application\/ld+json\" class=\"yoast-schema-graph\">{\"@context\":\"https:\/\/schema.org\",\"@graph\":[{\"@type\":\"WebPage\",\"@id\":\"https:\/\/www.daisho.be\/de\/produit\/judogi-adidas-j990-millenium-weiss-orange\/\",\"url\":\"https:\/\/www.daisho.be\/de\/produit\/judogi-adidas-j990-millenium-weiss-orange\/\",\"name\":\"Judogi adidas J990 Millenium Wei\u00df\/Orange &#8211; Daisho\",\"isPartOf\":{\"@id\":\"https:\/\/www.daisho.be\/de\/#website\"},\"primaryImageOfPage\":{\"@id\":\"https:\/\/www.daisho.be\/de\/produit\/judogi-adidas-j990-millenium-weiss-orange\/#primaryimage\"},\"image\":{\"@id\":\"https:\/\/www.daisho.be\/de\/produit\/judogi-adidas-j990-millenium-weiss-orange\/#primaryimage\"},\"thumbnailUrl\":\"https:\/\/www.daisho.be\/wp-content\/uploads\/2025\/12\/image-74.jpg\",\"datePublished\":\"2022-02-05T13:53:22+00:00\",\"dateModified\":\"2025-12-22T14:55:45+00:00\",\"description\":\"Entdecken Sie den Adidas Judogi, der speziell f\u00fcr Athleten entwickelt wurde. Er vereint Komfort und Haltbarkeit. Kaufen Sie ihn unter www.daihso|Daisho\",\"breadcrumb\":{\"@id\":\"https:\/\/www.daisho.be\/de\/produit\/judogi-adidas-j990-millenium-weiss-orange\/#breadcrumb\"},\"inLanguage\":\"de\",\"potentialAction\":[{\"@type\":\"ReadAction\",\"target\":[\"https:\/\/www.daisho.be\/de\/produit\/judogi-adidas-j990-millenium-weiss-orange\/\"]}]},{\"@type\":\"ImageObject\",\"inLanguage\":\"de\",\"@id\":\"https:\/\/www.daisho.be\/de\/produit\/judogi-adidas-j990-millenium-weiss-orange\/#primaryimage\",\"url\":\"https:\/\/www.daisho.be\/wp-content\/uploads\/2025\/12\/image-74.jpg\",\"contentUrl\":\"https:\/\/www.daisho.be\/wp-content\/uploads\/2025\/12\/image-74.jpg\",\"width\":650,\"height\":650,\"caption\":\"Judogi adidas J990 Millenium Wei\u00df\/Orange-1\"},{\"@type\":\"BreadcrumbList\",\"@id\":\"https:\/\/www.daisho.be\/de\/produit\/judogi-adidas-j990-millenium-weiss-orange\/#breadcrumb\",\"itemListElement\":[{\"@type\":\"ListItem\",\"position\":1,\"name\":\"Accueil\",\"item\":\"https:\/\/www.daisho.be\/de\/\"},{\"@type\":\"ListItem\",\"position\":2,\"name\":\"Produkte\",\"item\":\"https:\/\/www.daisho.be\/de\/produkte\/\"},{\"@type\":\"ListItem\",\"position\":3,\"name\":\"ADIDAS COMBAT SPORTS\",\"item\":\"https:\/\/www.daisho.be\/de\/categorie-produit\/adidas-combat-sports-de\/\"},{\"@type\":\"ListItem\",\"position\":4,\"name\":\"Judo\",\"item\":\"https:\/\/www.daisho.be\/de\/categorie-produit\/adidas-combat-sports-de\/judo-de\/\"},{\"@type\":\"ListItem\",\"position\":5,\"name\":\"Kimono - Judogi Adidas\",\"item\":\"https:\/\/www.daisho.be\/de\/categorie-produit\/adidas-combat-sports-de\/judo-de\/kimono-judogi-adidas-de\/\"},{\"@type\":\"ListItem\",\"position\":6,\"name\":\"Judogi adidas J990 Millenium Wei\u00df\/Orange\"}]},{\"@type\":\"WebSite\",\"@id\":\"https:\/\/www.daisho.be\/de\/#website\",\"url\":\"https:\/\/www.daisho.be\/de\/\",\"name\":\"Daisho\",\"description\":\"Sp&eacute;cialiste de l'&eacute;quipement sportif d'arts martiaux\",\"publisher\":{\"@id\":\"https:\/\/www.daisho.be\/de\/#organization\"},\"potentialAction\":[{\"@type\":\"SearchAction\",\"target\":{\"@type\":\"EntryPoint\",\"urlTemplate\":\"https:\/\/www.daisho.be\/de\/?s={search_term_string}\"},\"query-input\":{\"@type\":\"PropertyValueSpecification\",\"valueRequired\":true,\"valueName\":\"search_term_string\"}}],\"inLanguage\":\"de\"},{\"@type\":\"Organization\",\"@id\":\"https:\/\/www.daisho.be\/de\/#organization\",\"name\":\"Daisho\",\"url\":\"https:\/\/www.daisho.be\/de\/\",\"logo\":{\"@type\":\"ImageObject\",\"inLanguage\":\"de\",\"@id\":\"https:\/\/www.daisho.be\/de\/#\/schema\/logo\/image\/\",\"url\":\"https:\/\/www.daisho.be\/wp-content\/uploads\/2019\/07\/color-nothing-horizontale4x-e1564486100247.png\",\"contentUrl\":\"https:\/\/www.daisho.be\/wp-content\/uploads\/2019\/07\/color-nothing-horizontale4x-e1564486100247.png\",\"width\":1547,\"height\":385,\"caption\":\"Daisho\"},\"image\":{\"@id\":\"https:\/\/www.daisho.be\/de\/#\/schema\/logo\/image\/\"}}]}<\/script>\n<!-- \/ Yoast SEO plugin. -->","yoast_head_json":{"title":"Judogi adidas J990 Millenium Wei\u00df\/Orange &#8211; Daisho","description":"Entdecken Sie den Adidas Judogi, der speziell f\u00fcr Athleten entwickelt wurde. Er vereint Komfort und Haltbarkeit. Kaufen Sie ihn unter www.daihso|Daisho","robots":{"index":"index","follow":"follow","max-snippet":"max-snippet:-1","max-image-preview":"max-image-preview:large","max-video-preview":"max-video-preview:-1"},"canonical":"https:\/\/www.daisho.be\/de\/produit\/judogi-adidas-j990-millenium-weiss-orange\/","og_locale":"de_DE","og_type":"article","og_title":"Judogi adidas J990 Millenium Wei\u00df\/Orange &#8211; Daisho","og_description":"Entdecken Sie den Adidas Judogi, der speziell f\u00fcr Athleten entwickelt wurde. Er vereint Komfort und Haltbarkeit. Kaufen Sie ihn unter www.daihso|Daisho","og_url":"https:\/\/www.daisho.be\/de\/produit\/judogi-adidas-j990-millenium-weiss-orange\/","og_site_name":"Daisho","article_modified_time":"2025-12-22T14:55:45+00:00","og_image":[{"width":650,"height":650,"url":"https:\/\/www.daisho.be\/wp-content\/uploads\/2025\/12\/image-74.jpg","type":"image\/jpeg"}],"twitter_card":"summary_large_image","twitter_misc":{"Gesch\u00e4tzte Lesezeit":"1\u00a0Minute"},"schema":{"@context":"https:\/\/schema.org","@graph":[{"@type":"WebPage","@id":"https:\/\/www.daisho.be\/de\/produit\/judogi-adidas-j990-millenium-weiss-orange\/","url":"https:\/\/www.daisho.be\/de\/produit\/judogi-adidas-j990-millenium-weiss-orange\/","name":"Judogi adidas J990 Millenium Wei\u00df\/Orange &#8211; Daisho","isPartOf":{"@id":"https:\/\/www.daisho.be\/de\/#website"},"primaryImageOfPage":{"@id":"https:\/\/www.daisho.be\/de\/produit\/judogi-adidas-j990-millenium-weiss-orange\/#primaryimage"},"image":{"@id":"https:\/\/www.daisho.be\/de\/produit\/judogi-adidas-j990-millenium-weiss-orange\/#primaryimage"},"thumbnailUrl":"https:\/\/www.daisho.be\/wp-content\/uploads\/2025\/12\/image-74.jpg","datePublished":"2022-02-05T13:53:22+00:00","dateModified":"2025-12-22T14:55:45+00:00","description":"Entdecken Sie den Adidas Judogi, der speziell f\u00fcr Athleten entwickelt wurde. Er vereint Komfort und Haltbarkeit. Kaufen Sie ihn unter www.daihso|Daisho","breadcrumb":{"@id":"https:\/\/www.daisho.be\/de\/produit\/judogi-adidas-j990-millenium-weiss-orange\/#breadcrumb"},"inLanguage":"de","potentialAction":[{"@type":"ReadAction","target":["https:\/\/www.daisho.be\/de\/produit\/judogi-adidas-j990-millenium-weiss-orange\/"]}]},{"@type":"ImageObject","inLanguage":"de","@id":"https:\/\/www.daisho.be\/de\/produit\/judogi-adidas-j990-millenium-weiss-orange\/#primaryimage","url":"https:\/\/www.daisho.be\/wp-content\/uploads\/2025\/12\/image-74.jpg","contentUrl":"https:\/\/www.daisho.be\/wp-content\/uploads\/2025\/12\/image-74.jpg","width":650,"height":650,"caption":"Judogi adidas J990 Millenium Wei\u00df\/Orange-1"},{"@type":"BreadcrumbList","@id":"https:\/\/www.daisho.be\/de\/produit\/judogi-adidas-j990-millenium-weiss-orange\/#breadcrumb","itemListElement":[{"@type":"ListItem","position":1,"name":"Accueil","item":"https:\/\/www.daisho.be\/de\/"},{"@type":"ListItem","position":2,"name":"Produkte","item":"https:\/\/www.daisho.be\/de\/produkte\/"},{"@type":"ListItem","position":3,"name":"ADIDAS COMBAT SPORTS","item":"https:\/\/www.daisho.be\/de\/categorie-produit\/adidas-combat-sports-de\/"},{"@type":"ListItem","position":4,"name":"Judo","item":"https:\/\/www.daisho.be\/de\/categorie-produit\/adidas-combat-sports-de\/judo-de\/"},{"@type":"ListItem","position":5,"name":"Kimono - Judogi Adidas","item":"https:\/\/www.daisho.be\/de\/categorie-produit\/adidas-combat-sports-de\/judo-de\/kimono-judogi-adidas-de\/"},{"@type":"ListItem","position":6,"name":"Judogi adidas J990 Millenium Wei\u00df\/Orange"}]},{"@type":"WebSite","@id":"https:\/\/www.daisho.be\/de\/#website","url":"https:\/\/www.daisho.be\/de\/","name":"Daisho","description":"Sp&eacute;cialiste de l'&eacute;quipement sportif d'arts martiaux","publisher":{"@id":"https:\/\/www.daisho.be\/de\/#organization"},"potentialAction":[{"@type":"SearchAction","target":{"@type":"EntryPoint","urlTemplate":"https:\/\/www.daisho.be\/de\/?s={search_term_string}"},"query-input":{"@type":"PropertyValueSpecification","valueRequired":true,"valueName":"search_term_string"}}],"inLanguage":"de"},{"@type":"Organization","@id":"https:\/\/www.daisho.be\/de\/#organization","name":"Daisho","url":"https:\/\/www.daisho.be\/de\/","logo":{"@type":"ImageObject","inLanguage":"de","@id":"https:\/\/www.daisho.be\/de\/#\/schema\/logo\/image\/","url":"https:\/\/www.daisho.be\/wp-content\/uploads\/2019\/07\/color-nothing-horizontale4x-e1564486100247.png","contentUrl":"https:\/\/www.daisho.be\/wp-content\/uploads\/2019\/07\/color-nothing-horizontale4x-e1564486100247.png","width":1547,"height":385,"caption":"Daisho"},"image":{"@id":"https:\/\/www.daisho.be\/de\/#\/schema\/logo\/image\/"}}]}},"_links":{"self":[{"href":"https:\/\/www.daisho.be\/de\/wp-json\/wp\/v2\/product\/457069","targetHints":{"allow":["GET"]}}],"collection":[{"href":"https:\/\/www.daisho.be\/de\/wp-json\/wp\/v2\/product"}],"about":[{"href":"https:\/\/www.daisho.be\/de\/wp-json\/wp\/v2\/types\/product"}],"replies":[{"embeddable":true,"href":"https:\/\/www.daisho.be\/de\/wp-json\/wp\/v2\/comments?post=457069"}],"wp:featuredmedia":[{"embeddable":true,"href":"https:\/\/www.daisho.be\/de\/wp-json\/wp\/v2\/media\/645070"}],"wp:attachment":[{"href":"https:\/\/www.daisho.be\/de\/wp-json\/wp\/v2\/media?parent=457069"}],"wp:term":[{"taxonomy":"product_brand","embeddable":true,"href":"https:\/\/www.daisho.be\/de\/wp-json\/wp\/v2\/product_brand?post=457069"},{"taxonomy":"product_cat","embeddable":true,"href":"https:\/\/www.daisho.be\/de\/wp-json\/wp\/v2\/product_cat?post=457069"},{"taxonomy":"product_tag","embeddable":true,"href":"https:\/\/www.daisho.be\/de\/wp-json\/wp\/v2\/product_tag?post=457069"},{"taxonomy":"sport","embeddable":true,"href":"https:\/\/www.daisho.be\/de\/wp-json\/wp\/v2\/sport?post=457069"}],"curies":[{"name":"wp","href":"https:\/\/api.w.org\/{rel}","templated":true}]}}