{"id":456994,"date":"2022-02-05T16:01:52","date_gmt":"2022-02-05T15:01:52","guid":{"rendered":"https:\/\/www.daisho.be\/produit\/adidas-hybrid-200-kick-boxhandschuhe-schwarz-gold\/"},"modified":"2025-03-03T12:17:25","modified_gmt":"2025-03-03T11:17:25","slug":"adidas-hybrid-200-kick-boxhandschuhe-schwarz-gold","status":"publish","type":"product","link":"https:\/\/www.daisho.be\/de\/produit\/adidas-hybrid-200-kick-boxhandschuhe-schwarz-gold\/","title":{"rendered":"adidas Hybrid 200 (Kick) Boxhandschuhe Schwarz\/Gold"},"content":{"rendered":"<p>Der Hybrid 200 ist ideal mit einem sehr g\u00fcnstigen Preis f\u00fcr einen sehr guten Handschuh. Die Polsterung des Handschuhs besteht aus mehreren Schichten Schaumstoff. Dies bietet zus\u00e4tzlichen Komfort und Schutz. Der Klettverschluss bietet einen guten Schutz f\u00fcr Ihre Handgelenke.<br \/>\nDank des anatomisch vorgeformten Modells sind Ihre Faustschl\u00e4ge schnell und hart. Das PU-Material Maya ist von hoher Qualit\u00e4t und hat ein auffallend sch\u00f6nes Design.Diese Boxhandschuhe (Kick) eignen sich f\u00fcr Anf\u00e4nger.<br \/>\nDer Handschuh eignet sich f\u00fcr Amateure, die eine gute Qualit\u00e4t mit den neuesten Technologien w\u00fcnschen. Diese adidas-Handschuhe eignen sich f\u00fcr Thai-\/Kickboxen und Original-Boxen.<br \/>\nVorteile:<br \/>\n&#8211; Maya PU von h\u00f6chster Qualit\u00e4t<br \/>\n&#8211; solide Schutzpolsterung aus mehreren Schichten<br \/>\n&#8211; anatomisch vorgeformt f\u00fcr die Faust<br \/>\n&#8211; Sto\u00dfd\u00e4mpfung f\u00fcr mehr Komfort<br \/>\n&#8211; geeignet f\u00fcr Amateure     <\/p>\n<p>Um die Gr\u00f6\u00dfe und das Gewicht Ihrer Handschuhe zu bestimmen, folgen Sie bitte dem folgenden Diagramm:<\/p>\n<p>38 &#8211; 55 kg 10 oz<br \/>\n55 &#8211; 65 kg 12 oz<br \/>\n65 &#8211; 85 kg 14 oz<br \/>\n&gt;  85 kg 16 oz<\/p>\n","protected":false},"excerpt":{"rendered":"<p>Der Hybrid 200 ist ideal mit einem sehr g\u00fcnstigen Preis f\u00fcr einen sehr guten Handschuh. Die Polsterung des Handschuhs besteht aus mehreren Schichten Schaumstoff. Dies bietet zus\u00e4tzlichen Komfort und Schutz. Der Klettverschluss bietet einen guten Schutz f\u00fcr Ihre Handgelenke. Dank des anatomisch vorgeformten Modells sind Ihre Faustschl\u00e4ge schnell und hart. Das PU-Material Maya ist von [&hellip;]<\/p>\n","protected":false},"featured_media":456999,"comment_status":"open","ping_status":"closed","template":"","meta":{"inline_featured_image":false},"product_brand":[],"product_cat":[2306,2277,2309],"product_tag":[2178],"sport":[],"class_list":{"0":"post-456994","1":"product","2":"type-product","3":"status-publish","4":"has-post-thumbnail","6":"product_cat-boxhandschuhe-adidas","7":"product_cat-kick-boxing-protektoren-adidas","8":"product_cat-muay-thai-handschuhe-adidas","9":"product_tag-adidas-de","10":"pa_size-372","11":"pa_size-371","12":"pa_size-370","14":"first","15":"instock","16":"taxable","17":"shipping-taxable","18":"purchasable","19":"product-type-variable"},"yoast_head":"<!-- This site is optimized with the Yoast SEO plugin v27.2 - https:\/\/yoast.com\/product\/yoast-seo-wordpress\/ -->\n<title>adidas Hybrid 200 (Kick) Boxhandschuhe Schwarz\/Gold &#8211; Daisho<\/title>\n<meta name=\"description\" content=\"Die Adidas Hybrid Boxhandschuhe bieten ein au\u00dfergew\u00f6hnliches Preis-Leistungs-Verh\u00e4ltnis. Kaufen Sie sie auf unserer Website www.daisho.be|Daisho\" \/>\n<meta name=\"robots\" content=\"index, follow, max-snippet:-1, max-image-preview:large, max-video-preview:-1\" \/>\n<link rel=\"canonical\" href=\"https:\/\/www.daisho.be\/de\/produit\/adidas-hybrid-200-kick-boxhandschuhe-schwarz-gold\/\" \/>\n<meta property=\"og:locale\" content=\"de_DE\" \/>\n<meta property=\"og:type\" content=\"article\" \/>\n<meta property=\"og:title\" content=\"adidas Hybrid 200 (Kick) Boxhandschuhe Schwarz\/Gold &#8211; Daisho\" \/>\n<meta property=\"og:description\" content=\"Die Adidas Hybrid Boxhandschuhe bieten ein au\u00dfergew\u00f6hnliches Preis-Leistungs-Verh\u00e4ltnis. Kaufen Sie sie auf unserer Website www.daisho.be|Daisho\" \/>\n<meta property=\"og:url\" content=\"https:\/\/www.daisho.be\/de\/produit\/adidas-hybrid-200-kick-boxhandschuhe-schwarz-gold\/\" \/>\n<meta property=\"og:site_name\" content=\"Daisho\" \/>\n<meta property=\"article:modified_time\" content=\"2025-03-03T11:17:25+00:00\" \/>\n<meta property=\"og:image\" content=\"https:\/\/www.daisho.be\/wp-content\/uploads\/2022\/05\/image-20.jpg\" \/>\n\t<meta property=\"og:image:width\" content=\"650\" \/>\n\t<meta property=\"og:image:height\" content=\"650\" \/>\n\t<meta property=\"og:image:type\" content=\"image\/jpeg\" \/>\n<meta name=\"twitter:card\" content=\"summary_large_image\" \/>\n<meta name=\"twitter:label1\" content=\"Gesch\u00e4tzte Lesezeit\" \/>\n\t<meta name=\"twitter:data1\" content=\"1\u00a0Minute\" \/>\n<script type=\"application\/ld+json\" class=\"yoast-schema-graph\">{\"@context\":\"https:\/\/schema.org\",\"@graph\":[{\"@type\":\"WebPage\",\"@id\":\"https:\/\/www.daisho.be\/de\/produit\/adidas-hybrid-200-kick-boxhandschuhe-schwarz-gold\/\",\"url\":\"https:\/\/www.daisho.be\/de\/produit\/adidas-hybrid-200-kick-boxhandschuhe-schwarz-gold\/\",\"name\":\"adidas Hybrid 200 (Kick) Boxhandschuhe Schwarz\/Gold &#8211; Daisho\",\"isPartOf\":{\"@id\":\"https:\/\/www.daisho.be\/de\/#website\"},\"primaryImageOfPage\":{\"@id\":\"https:\/\/www.daisho.be\/de\/produit\/adidas-hybrid-200-kick-boxhandschuhe-schwarz-gold\/#primaryimage\"},\"image\":{\"@id\":\"https:\/\/www.daisho.be\/de\/produit\/adidas-hybrid-200-kick-boxhandschuhe-schwarz-gold\/#primaryimage\"},\"thumbnailUrl\":\"https:\/\/www.daisho.be\/wp-content\/uploads\/2022\/05\/image-20.jpg\",\"datePublished\":\"2022-02-05T15:01:52+00:00\",\"dateModified\":\"2025-03-03T11:17:25+00:00\",\"description\":\"Die Adidas Hybrid Boxhandschuhe bieten ein au\u00dfergew\u00f6hnliches Preis-Leistungs-Verh\u00e4ltnis. Kaufen Sie sie auf unserer Website www.daisho.be|Daisho\",\"breadcrumb\":{\"@id\":\"https:\/\/www.daisho.be\/de\/produit\/adidas-hybrid-200-kick-boxhandschuhe-schwarz-gold\/#breadcrumb\"},\"inLanguage\":\"de\",\"potentialAction\":[{\"@type\":\"ReadAction\",\"target\":[\"https:\/\/www.daisho.be\/de\/produit\/adidas-hybrid-200-kick-boxhandschuhe-schwarz-gold\/\"]}]},{\"@type\":\"ImageObject\",\"inLanguage\":\"de\",\"@id\":\"https:\/\/www.daisho.be\/de\/produit\/adidas-hybrid-200-kick-boxhandschuhe-schwarz-gold\/#primaryimage\",\"url\":\"https:\/\/www.daisho.be\/wp-content\/uploads\/2022\/05\/image-20.jpg\",\"contentUrl\":\"https:\/\/www.daisho.be\/wp-content\/uploads\/2022\/05\/image-20.jpg\",\"width\":650,\"height\":650,\"caption\":\"adidas Hybrid 200 (Kick) Boxhandschuhe Schwarz\/Gold-1\"},{\"@type\":\"BreadcrumbList\",\"@id\":\"https:\/\/www.daisho.be\/de\/produit\/adidas-hybrid-200-kick-boxhandschuhe-schwarz-gold\/#breadcrumb\",\"itemListElement\":[{\"@type\":\"ListItem\",\"position\":1,\"name\":\"Accueil\",\"item\":\"https:\/\/www.daisho.be\/de\/\"},{\"@type\":\"ListItem\",\"position\":2,\"name\":\"Produkte\",\"item\":\"https:\/\/www.daisho.be\/de\/produkte\/\"},{\"@type\":\"ListItem\",\"position\":3,\"name\":\"ADIDAS COMBAT SPORTS\",\"item\":\"https:\/\/www.daisho.be\/de\/categorie-produit\/adidas-combat-sports-de\/\"},{\"@type\":\"ListItem\",\"position\":4,\"name\":\"Boxen\",\"item\":\"https:\/\/www.daisho.be\/de\/categorie-produit\/adidas-combat-sports-de\/boxen\/\"},{\"@type\":\"ListItem\",\"position\":5,\"name\":\"Boxhandschuhe Adidas\",\"item\":\"https:\/\/www.daisho.be\/de\/categorie-produit\/adidas-combat-sports-de\/boxen\/boxhandschuhe-adidas\/\"},{\"@type\":\"ListItem\",\"position\":6,\"name\":\"adidas Hybrid 200 (Kick) Boxhandschuhe Schwarz\/Gold\"}]},{\"@type\":\"WebSite\",\"@id\":\"https:\/\/www.daisho.be\/de\/#website\",\"url\":\"https:\/\/www.daisho.be\/de\/\",\"name\":\"Daisho\",\"description\":\"Sp&eacute;cialiste de l'&eacute;quipement sportif d'arts martiaux\",\"publisher\":{\"@id\":\"https:\/\/www.daisho.be\/de\/#organization\"},\"potentialAction\":[{\"@type\":\"SearchAction\",\"target\":{\"@type\":\"EntryPoint\",\"urlTemplate\":\"https:\/\/www.daisho.be\/de\/?s={search_term_string}\"},\"query-input\":{\"@type\":\"PropertyValueSpecification\",\"valueRequired\":true,\"valueName\":\"search_term_string\"}}],\"inLanguage\":\"de\"},{\"@type\":\"Organization\",\"@id\":\"https:\/\/www.daisho.be\/de\/#organization\",\"name\":\"Daisho\",\"url\":\"https:\/\/www.daisho.be\/de\/\",\"logo\":{\"@type\":\"ImageObject\",\"inLanguage\":\"de\",\"@id\":\"https:\/\/www.daisho.be\/de\/#\/schema\/logo\/image\/\",\"url\":\"https:\/\/www.daisho.be\/wp-content\/uploads\/2019\/07\/color-nothing-horizontale4x-e1564486100247.png\",\"contentUrl\":\"https:\/\/www.daisho.be\/wp-content\/uploads\/2019\/07\/color-nothing-horizontale4x-e1564486100247.png\",\"width\":1547,\"height\":385,\"caption\":\"Daisho\"},\"image\":{\"@id\":\"https:\/\/www.daisho.be\/de\/#\/schema\/logo\/image\/\"}}]}<\/script>\n<!-- \/ Yoast SEO plugin. -->","yoast_head_json":{"title":"adidas Hybrid 200 (Kick) Boxhandschuhe Schwarz\/Gold &#8211; Daisho","description":"Die Adidas Hybrid Boxhandschuhe bieten ein au\u00dfergew\u00f6hnliches Preis-Leistungs-Verh\u00e4ltnis. Kaufen Sie sie auf unserer Website www.daisho.be|Daisho","robots":{"index":"index","follow":"follow","max-snippet":"max-snippet:-1","max-image-preview":"max-image-preview:large","max-video-preview":"max-video-preview:-1"},"canonical":"https:\/\/www.daisho.be\/de\/produit\/adidas-hybrid-200-kick-boxhandschuhe-schwarz-gold\/","og_locale":"de_DE","og_type":"article","og_title":"adidas Hybrid 200 (Kick) Boxhandschuhe Schwarz\/Gold &#8211; Daisho","og_description":"Die Adidas Hybrid Boxhandschuhe bieten ein au\u00dfergew\u00f6hnliches Preis-Leistungs-Verh\u00e4ltnis. Kaufen Sie sie auf unserer Website www.daisho.be|Daisho","og_url":"https:\/\/www.daisho.be\/de\/produit\/adidas-hybrid-200-kick-boxhandschuhe-schwarz-gold\/","og_site_name":"Daisho","article_modified_time":"2025-03-03T11:17:25+00:00","og_image":[{"width":650,"height":650,"url":"https:\/\/www.daisho.be\/wp-content\/uploads\/2022\/05\/image-20.jpg","type":"image\/jpeg"}],"twitter_card":"summary_large_image","twitter_misc":{"Gesch\u00e4tzte Lesezeit":"1\u00a0Minute"},"schema":{"@context":"https:\/\/schema.org","@graph":[{"@type":"WebPage","@id":"https:\/\/www.daisho.be\/de\/produit\/adidas-hybrid-200-kick-boxhandschuhe-schwarz-gold\/","url":"https:\/\/www.daisho.be\/de\/produit\/adidas-hybrid-200-kick-boxhandschuhe-schwarz-gold\/","name":"adidas Hybrid 200 (Kick) Boxhandschuhe Schwarz\/Gold &#8211; Daisho","isPartOf":{"@id":"https:\/\/www.daisho.be\/de\/#website"},"primaryImageOfPage":{"@id":"https:\/\/www.daisho.be\/de\/produit\/adidas-hybrid-200-kick-boxhandschuhe-schwarz-gold\/#primaryimage"},"image":{"@id":"https:\/\/www.daisho.be\/de\/produit\/adidas-hybrid-200-kick-boxhandschuhe-schwarz-gold\/#primaryimage"},"thumbnailUrl":"https:\/\/www.daisho.be\/wp-content\/uploads\/2022\/05\/image-20.jpg","datePublished":"2022-02-05T15:01:52+00:00","dateModified":"2025-03-03T11:17:25+00:00","description":"Die Adidas Hybrid Boxhandschuhe bieten ein au\u00dfergew\u00f6hnliches Preis-Leistungs-Verh\u00e4ltnis. Kaufen Sie sie auf unserer Website www.daisho.be|Daisho","breadcrumb":{"@id":"https:\/\/www.daisho.be\/de\/produit\/adidas-hybrid-200-kick-boxhandschuhe-schwarz-gold\/#breadcrumb"},"inLanguage":"de","potentialAction":[{"@type":"ReadAction","target":["https:\/\/www.daisho.be\/de\/produit\/adidas-hybrid-200-kick-boxhandschuhe-schwarz-gold\/"]}]},{"@type":"ImageObject","inLanguage":"de","@id":"https:\/\/www.daisho.be\/de\/produit\/adidas-hybrid-200-kick-boxhandschuhe-schwarz-gold\/#primaryimage","url":"https:\/\/www.daisho.be\/wp-content\/uploads\/2022\/05\/image-20.jpg","contentUrl":"https:\/\/www.daisho.be\/wp-content\/uploads\/2022\/05\/image-20.jpg","width":650,"height":650,"caption":"adidas Hybrid 200 (Kick) Boxhandschuhe Schwarz\/Gold-1"},{"@type":"BreadcrumbList","@id":"https:\/\/www.daisho.be\/de\/produit\/adidas-hybrid-200-kick-boxhandschuhe-schwarz-gold\/#breadcrumb","itemListElement":[{"@type":"ListItem","position":1,"name":"Accueil","item":"https:\/\/www.daisho.be\/de\/"},{"@type":"ListItem","position":2,"name":"Produkte","item":"https:\/\/www.daisho.be\/de\/produkte\/"},{"@type":"ListItem","position":3,"name":"ADIDAS COMBAT SPORTS","item":"https:\/\/www.daisho.be\/de\/categorie-produit\/adidas-combat-sports-de\/"},{"@type":"ListItem","position":4,"name":"Boxen","item":"https:\/\/www.daisho.be\/de\/categorie-produit\/adidas-combat-sports-de\/boxen\/"},{"@type":"ListItem","position":5,"name":"Boxhandschuhe Adidas","item":"https:\/\/www.daisho.be\/de\/categorie-produit\/adidas-combat-sports-de\/boxen\/boxhandschuhe-adidas\/"},{"@type":"ListItem","position":6,"name":"adidas Hybrid 200 (Kick) Boxhandschuhe Schwarz\/Gold"}]},{"@type":"WebSite","@id":"https:\/\/www.daisho.be\/de\/#website","url":"https:\/\/www.daisho.be\/de\/","name":"Daisho","description":"Sp&eacute;cialiste de l'&eacute;quipement sportif d'arts martiaux","publisher":{"@id":"https:\/\/www.daisho.be\/de\/#organization"},"potentialAction":[{"@type":"SearchAction","target":{"@type":"EntryPoint","urlTemplate":"https:\/\/www.daisho.be\/de\/?s={search_term_string}"},"query-input":{"@type":"PropertyValueSpecification","valueRequired":true,"valueName":"search_term_string"}}],"inLanguage":"de"},{"@type":"Organization","@id":"https:\/\/www.daisho.be\/de\/#organization","name":"Daisho","url":"https:\/\/www.daisho.be\/de\/","logo":{"@type":"ImageObject","inLanguage":"de","@id":"https:\/\/www.daisho.be\/de\/#\/schema\/logo\/image\/","url":"https:\/\/www.daisho.be\/wp-content\/uploads\/2019\/07\/color-nothing-horizontale4x-e1564486100247.png","contentUrl":"https:\/\/www.daisho.be\/wp-content\/uploads\/2019\/07\/color-nothing-horizontale4x-e1564486100247.png","width":1547,"height":385,"caption":"Daisho"},"image":{"@id":"https:\/\/www.daisho.be\/de\/#\/schema\/logo\/image\/"}}]}},"_links":{"self":[{"href":"https:\/\/www.daisho.be\/de\/wp-json\/wp\/v2\/product\/456994","targetHints":{"allow":["GET"]}}],"collection":[{"href":"https:\/\/www.daisho.be\/de\/wp-json\/wp\/v2\/product"}],"about":[{"href":"https:\/\/www.daisho.be\/de\/wp-json\/wp\/v2\/types\/product"}],"replies":[{"embeddable":true,"href":"https:\/\/www.daisho.be\/de\/wp-json\/wp\/v2\/comments?post=456994"}],"wp:featuredmedia":[{"embeddable":true,"href":"https:\/\/www.daisho.be\/de\/wp-json\/wp\/v2\/media\/456999"}],"wp:attachment":[{"href":"https:\/\/www.daisho.be\/de\/wp-json\/wp\/v2\/media?parent=456994"}],"wp:term":[{"taxonomy":"product_brand","embeddable":true,"href":"https:\/\/www.daisho.be\/de\/wp-json\/wp\/v2\/product_brand?post=456994"},{"taxonomy":"product_cat","embeddable":true,"href":"https:\/\/www.daisho.be\/de\/wp-json\/wp\/v2\/product_cat?post=456994"},{"taxonomy":"product_tag","embeddable":true,"href":"https:\/\/www.daisho.be\/de\/wp-json\/wp\/v2\/product_tag?post=456994"},{"taxonomy":"sport","embeddable":true,"href":"https:\/\/www.daisho.be\/de\/wp-json\/wp\/v2\/sport?post=456994"}],"curies":[{"name":"wp","href":"https:\/\/api.w.org\/{rel}","templated":true}]}}