{"id":456900,"date":"2020-12-15T23:21:10","date_gmt":"2020-12-15T22:21:10","guid":{"rendered":"https:\/\/www.daisho.be\/produit\/adidas-zieltasche\/"},"modified":"2025-11-20T12:15:12","modified_gmt":"2025-11-20T11:15:12","slug":"adidas-zieltasche","status":"publish","type":"product","link":"https:\/\/www.daisho.be\/de\/produit\/adidas-zieltasche\/","title":{"rendered":"Tasche Adidas Zielscheibe 180 cm"},"content":{"rendered":"<p>Adidas Zieltasche<br \/>\nAu\u00dfenmaterial aus strapazierf\u00e4higem PU.<br \/>\nAufgeh\u00e4ngt an vier Ketten und einem Kugelgelenk aus verzinktem Stahl, um die Tasche an einer Decke aufzuh\u00e4ngen.<br \/>\nSechs aufgedruckte Ziele auf der Tasche erm\u00f6glichen ein pr\u00e4zises Training, ideal f\u00fcr Kickboxen, Karate und Thai-Boxen.<br \/>\nDiese Tasche ist nur mit Stoffresten gef\u00fcllt und wurde zu Ihrer Sicherheit durch einen Scanner \u00fcberpr\u00fcft.<br \/>\nFarbe: Schwarz \/ Wei\u00df.<br \/>\nMa\u00dfe: 180 X 30 cm<br \/>\nGewicht: 40kg ( +- 5 %)<\/p>\n","protected":false},"excerpt":{"rendered":"<p>Adidas Zieltasche Au\u00dfenmaterial aus strapazierf\u00e4higem PU. Aufgeh\u00e4ngt an vier Ketten und einem Kugelgelenk aus verzinktem Stahl, um die Tasche an einer Decke aufzuh\u00e4ngen. Sechs aufgedruckte Ziele auf der Tasche erm\u00f6glichen ein pr\u00e4zises Training, ideal f\u00fcr Kickboxen, Karate und Thai-Boxen. Diese Tasche ist nur mit Stoffresten gef\u00fcllt und wurde zu Ihrer Sicherheit durch einen Scanner \u00fcberpr\u00fcft. [&hellip;]<\/p>\n","protected":false},"featured_media":615143,"comment_status":"open","ping_status":"closed","template":"","meta":{"inline_featured_image":false},"product_brand":[],"product_cat":[2132,2134,2278,2251],"product_tag":[2178,2554],"sport":[],"class_list":{"0":"post-456900","1":"product","2":"type-product","3":"status-publish","4":"has-post-thumbnail","6":"product_cat-boxsacke","7":"product_cat-boxsacke-de","8":"product_cat-boxsacke-und-trainingszubehor-boxen","9":"product_cat-boxsacke-und-trainingszubehor-karate","10":"product_tag-adidas-de","11":"product_tag-kostenvoranschlag","12":"product_shipping_class-schwere-produkte","13":"pa_size-sans-taille-defaut","15":"first","16":"instock","17":"taxable","18":"shipping-taxable","19":"purchasable","20":"product-type-variable"},"yoast_head":"<!-- This site is optimized with the Yoast SEO plugin v27.2 - https:\/\/yoast.com\/product\/yoast-seo-wordpress\/ -->\n<title>Tasche Adidas Zielscheibe 180 cm &#8211; Daisho<\/title>\n<meta name=\"description\" content=\"Entdecken Sie die Adidas Zieltasche, die Ihnen hilft, Ihr Training mit den 6 aufgedruckten Zielen zu verbessern. Kaufen Sie ihn auf www.daisho.be|Daisho\" \/>\n<meta name=\"robots\" content=\"index, follow, max-snippet:-1, max-image-preview:large, max-video-preview:-1\" \/>\n<link rel=\"canonical\" href=\"https:\/\/www.daisho.be\/de\/produit\/adidas-zieltasche\/\" \/>\n<meta property=\"og:locale\" content=\"de_DE\" \/>\n<meta property=\"og:type\" content=\"article\" \/>\n<meta property=\"og:title\" content=\"Tasche Adidas Zielscheibe 180 cm &#8211; Daisho\" \/>\n<meta property=\"og:description\" content=\"Entdecken Sie die Adidas Zieltasche, die Ihnen hilft, Ihr Training mit den 6 aufgedruckten Zielen zu verbessern. Kaufen Sie ihn auf www.daisho.be|Daisho\" \/>\n<meta property=\"og:url\" content=\"https:\/\/www.daisho.be\/de\/produit\/adidas-zieltasche\/\" \/>\n<meta property=\"og:site_name\" content=\"Daisho\" \/>\n<meta property=\"article:modified_time\" content=\"2025-11-20T11:15:12+00:00\" \/>\n<meta property=\"og:image\" content=\"https:\/\/www.daisho.be\/wp-content\/uploads\/2025\/11\/image-8-scaled.jpg\" \/>\n\t<meta property=\"og:image:width\" content=\"2048\" \/>\n\t<meta property=\"og:image:height\" content=\"2048\" \/>\n\t<meta property=\"og:image:type\" content=\"image\/jpeg\" \/>\n<meta name=\"twitter:card\" content=\"summary_large_image\" \/>\n<script type=\"application\/ld+json\" class=\"yoast-schema-graph\">{\"@context\":\"https:\/\/schema.org\",\"@graph\":[{\"@type\":\"WebPage\",\"@id\":\"https:\/\/www.daisho.be\/de\/produit\/adidas-zieltasche\/\",\"url\":\"https:\/\/www.daisho.be\/de\/produit\/adidas-zieltasche\/\",\"name\":\"Tasche Adidas Zielscheibe 180 cm &#8211; Daisho\",\"isPartOf\":{\"@id\":\"https:\/\/www.daisho.be\/de\/#website\"},\"primaryImageOfPage\":{\"@id\":\"https:\/\/www.daisho.be\/de\/produit\/adidas-zieltasche\/#primaryimage\"},\"image\":{\"@id\":\"https:\/\/www.daisho.be\/de\/produit\/adidas-zieltasche\/#primaryimage\"},\"thumbnailUrl\":\"https:\/\/www.daisho.be\/wp-content\/uploads\/2025\/11\/image-8-scaled.jpg\",\"datePublished\":\"2020-12-15T22:21:10+00:00\",\"dateModified\":\"2025-11-20T11:15:12+00:00\",\"description\":\"Entdecken Sie die Adidas Zieltasche, die Ihnen hilft, Ihr Training mit den 6 aufgedruckten Zielen zu verbessern. Kaufen Sie ihn auf www.daisho.be|Daisho\",\"breadcrumb\":{\"@id\":\"https:\/\/www.daisho.be\/de\/produit\/adidas-zieltasche\/#breadcrumb\"},\"inLanguage\":\"de\",\"potentialAction\":[{\"@type\":\"ReadAction\",\"target\":[\"https:\/\/www.daisho.be\/de\/produit\/adidas-zieltasche\/\"]}]},{\"@type\":\"ImageObject\",\"inLanguage\":\"de\",\"@id\":\"https:\/\/www.daisho.be\/de\/produit\/adidas-zieltasche\/#primaryimage\",\"url\":\"https:\/\/www.daisho.be\/wp-content\/uploads\/2025\/11\/image-8-scaled.jpg\",\"contentUrl\":\"https:\/\/www.daisho.be\/wp-content\/uploads\/2025\/11\/image-8-scaled.jpg\",\"width\":2048,\"height\":2048,\"caption\":\"Adidas Zieltasche 180 cm-1\"},{\"@type\":\"BreadcrumbList\",\"@id\":\"https:\/\/www.daisho.be\/de\/produit\/adidas-zieltasche\/#breadcrumb\",\"itemListElement\":[{\"@type\":\"ListItem\",\"position\":1,\"name\":\"Accueil\",\"item\":\"https:\/\/www.daisho.be\/de\/\"},{\"@type\":\"ListItem\",\"position\":2,\"name\":\"Produkte\",\"item\":\"https:\/\/www.daisho.be\/de\/produkte\/\"},{\"@type\":\"ListItem\",\"position\":3,\"name\":\"Ausr\u00fcstung und Kleidung f\u00fcr Kampfkunst und Kampfsport\",\"item\":\"https:\/\/www.daisho.be\/de\/categorie-produit\/ausrustung-und-kleidung-fur-kampfkunst-und-kampfsport\/\"},{\"@type\":\"ListItem\",\"position\":4,\"name\":\"Boxen\",\"item\":\"https:\/\/www.daisho.be\/de\/categorie-produit\/ausrustung-und-kleidung-fur-kampfkunst-und-kampfsport\/boxen-de\/\"},{\"@type\":\"ListItem\",\"position\":5,\"name\":\"Boxs\u00e4cke\",\"item\":\"https:\/\/www.daisho.be\/de\/categorie-produit\/ausrustung-und-kleidung-fur-kampfkunst-und-kampfsport\/boxen-de\/boxsacke-de\/\"},{\"@type\":\"ListItem\",\"position\":6,\"name\":\"Tasche Adidas Zielscheibe 180 cm\"}]},{\"@type\":\"WebSite\",\"@id\":\"https:\/\/www.daisho.be\/de\/#website\",\"url\":\"https:\/\/www.daisho.be\/de\/\",\"name\":\"Daisho\",\"description\":\"Sp&eacute;cialiste de l'&eacute;quipement sportif d'arts martiaux\",\"publisher\":{\"@id\":\"https:\/\/www.daisho.be\/de\/#organization\"},\"potentialAction\":[{\"@type\":\"SearchAction\",\"target\":{\"@type\":\"EntryPoint\",\"urlTemplate\":\"https:\/\/www.daisho.be\/de\/?s={search_term_string}\"},\"query-input\":{\"@type\":\"PropertyValueSpecification\",\"valueRequired\":true,\"valueName\":\"search_term_string\"}}],\"inLanguage\":\"de\"},{\"@type\":\"Organization\",\"@id\":\"https:\/\/www.daisho.be\/de\/#organization\",\"name\":\"Daisho\",\"url\":\"https:\/\/www.daisho.be\/de\/\",\"logo\":{\"@type\":\"ImageObject\",\"inLanguage\":\"de\",\"@id\":\"https:\/\/www.daisho.be\/de\/#\/schema\/logo\/image\/\",\"url\":\"https:\/\/www.daisho.be\/wp-content\/uploads\/2019\/07\/color-nothing-horizontale4x-e1564486100247.png\",\"contentUrl\":\"https:\/\/www.daisho.be\/wp-content\/uploads\/2019\/07\/color-nothing-horizontale4x-e1564486100247.png\",\"width\":1547,\"height\":385,\"caption\":\"Daisho\"},\"image\":{\"@id\":\"https:\/\/www.daisho.be\/de\/#\/schema\/logo\/image\/\"}}]}<\/script>\n<!-- \/ Yoast SEO plugin. -->","yoast_head_json":{"title":"Tasche Adidas Zielscheibe 180 cm &#8211; Daisho","description":"Entdecken Sie die Adidas Zieltasche, die Ihnen hilft, Ihr Training mit den 6 aufgedruckten Zielen zu verbessern. Kaufen Sie ihn auf www.daisho.be|Daisho","robots":{"index":"index","follow":"follow","max-snippet":"max-snippet:-1","max-image-preview":"max-image-preview:large","max-video-preview":"max-video-preview:-1"},"canonical":"https:\/\/www.daisho.be\/de\/produit\/adidas-zieltasche\/","og_locale":"de_DE","og_type":"article","og_title":"Tasche Adidas Zielscheibe 180 cm &#8211; Daisho","og_description":"Entdecken Sie die Adidas Zieltasche, die Ihnen hilft, Ihr Training mit den 6 aufgedruckten Zielen zu verbessern. Kaufen Sie ihn auf www.daisho.be|Daisho","og_url":"https:\/\/www.daisho.be\/de\/produit\/adidas-zieltasche\/","og_site_name":"Daisho","article_modified_time":"2025-11-20T11:15:12+00:00","og_image":[{"width":2048,"height":2048,"url":"https:\/\/www.daisho.be\/wp-content\/uploads\/2025\/11\/image-8-scaled.jpg","type":"image\/jpeg"}],"twitter_card":"summary_large_image","schema":{"@context":"https:\/\/schema.org","@graph":[{"@type":"WebPage","@id":"https:\/\/www.daisho.be\/de\/produit\/adidas-zieltasche\/","url":"https:\/\/www.daisho.be\/de\/produit\/adidas-zieltasche\/","name":"Tasche Adidas Zielscheibe 180 cm &#8211; Daisho","isPartOf":{"@id":"https:\/\/www.daisho.be\/de\/#website"},"primaryImageOfPage":{"@id":"https:\/\/www.daisho.be\/de\/produit\/adidas-zieltasche\/#primaryimage"},"image":{"@id":"https:\/\/www.daisho.be\/de\/produit\/adidas-zieltasche\/#primaryimage"},"thumbnailUrl":"https:\/\/www.daisho.be\/wp-content\/uploads\/2025\/11\/image-8-scaled.jpg","datePublished":"2020-12-15T22:21:10+00:00","dateModified":"2025-11-20T11:15:12+00:00","description":"Entdecken Sie die Adidas Zieltasche, die Ihnen hilft, Ihr Training mit den 6 aufgedruckten Zielen zu verbessern. Kaufen Sie ihn auf www.daisho.be|Daisho","breadcrumb":{"@id":"https:\/\/www.daisho.be\/de\/produit\/adidas-zieltasche\/#breadcrumb"},"inLanguage":"de","potentialAction":[{"@type":"ReadAction","target":["https:\/\/www.daisho.be\/de\/produit\/adidas-zieltasche\/"]}]},{"@type":"ImageObject","inLanguage":"de","@id":"https:\/\/www.daisho.be\/de\/produit\/adidas-zieltasche\/#primaryimage","url":"https:\/\/www.daisho.be\/wp-content\/uploads\/2025\/11\/image-8-scaled.jpg","contentUrl":"https:\/\/www.daisho.be\/wp-content\/uploads\/2025\/11\/image-8-scaled.jpg","width":2048,"height":2048,"caption":"Adidas Zieltasche 180 cm-1"},{"@type":"BreadcrumbList","@id":"https:\/\/www.daisho.be\/de\/produit\/adidas-zieltasche\/#breadcrumb","itemListElement":[{"@type":"ListItem","position":1,"name":"Accueil","item":"https:\/\/www.daisho.be\/de\/"},{"@type":"ListItem","position":2,"name":"Produkte","item":"https:\/\/www.daisho.be\/de\/produkte\/"},{"@type":"ListItem","position":3,"name":"Ausr\u00fcstung und Kleidung f\u00fcr Kampfkunst und Kampfsport","item":"https:\/\/www.daisho.be\/de\/categorie-produit\/ausrustung-und-kleidung-fur-kampfkunst-und-kampfsport\/"},{"@type":"ListItem","position":4,"name":"Boxen","item":"https:\/\/www.daisho.be\/de\/categorie-produit\/ausrustung-und-kleidung-fur-kampfkunst-und-kampfsport\/boxen-de\/"},{"@type":"ListItem","position":5,"name":"Boxs\u00e4cke","item":"https:\/\/www.daisho.be\/de\/categorie-produit\/ausrustung-und-kleidung-fur-kampfkunst-und-kampfsport\/boxen-de\/boxsacke-de\/"},{"@type":"ListItem","position":6,"name":"Tasche Adidas Zielscheibe 180 cm"}]},{"@type":"WebSite","@id":"https:\/\/www.daisho.be\/de\/#website","url":"https:\/\/www.daisho.be\/de\/","name":"Daisho","description":"Sp&eacute;cialiste de l'&eacute;quipement sportif d'arts martiaux","publisher":{"@id":"https:\/\/www.daisho.be\/de\/#organization"},"potentialAction":[{"@type":"SearchAction","target":{"@type":"EntryPoint","urlTemplate":"https:\/\/www.daisho.be\/de\/?s={search_term_string}"},"query-input":{"@type":"PropertyValueSpecification","valueRequired":true,"valueName":"search_term_string"}}],"inLanguage":"de"},{"@type":"Organization","@id":"https:\/\/www.daisho.be\/de\/#organization","name":"Daisho","url":"https:\/\/www.daisho.be\/de\/","logo":{"@type":"ImageObject","inLanguage":"de","@id":"https:\/\/www.daisho.be\/de\/#\/schema\/logo\/image\/","url":"https:\/\/www.daisho.be\/wp-content\/uploads\/2019\/07\/color-nothing-horizontale4x-e1564486100247.png","contentUrl":"https:\/\/www.daisho.be\/wp-content\/uploads\/2019\/07\/color-nothing-horizontale4x-e1564486100247.png","width":1547,"height":385,"caption":"Daisho"},"image":{"@id":"https:\/\/www.daisho.be\/de\/#\/schema\/logo\/image\/"}}]}},"_links":{"self":[{"href":"https:\/\/www.daisho.be\/de\/wp-json\/wp\/v2\/product\/456900","targetHints":{"allow":["GET"]}}],"collection":[{"href":"https:\/\/www.daisho.be\/de\/wp-json\/wp\/v2\/product"}],"about":[{"href":"https:\/\/www.daisho.be\/de\/wp-json\/wp\/v2\/types\/product"}],"replies":[{"embeddable":true,"href":"https:\/\/www.daisho.be\/de\/wp-json\/wp\/v2\/comments?post=456900"}],"wp:featuredmedia":[{"embeddable":true,"href":"https:\/\/www.daisho.be\/de\/wp-json\/wp\/v2\/media\/615143"}],"wp:attachment":[{"href":"https:\/\/www.daisho.be\/de\/wp-json\/wp\/v2\/media?parent=456900"}],"wp:term":[{"taxonomy":"product_brand","embeddable":true,"href":"https:\/\/www.daisho.be\/de\/wp-json\/wp\/v2\/product_brand?post=456900"},{"taxonomy":"product_cat","embeddable":true,"href":"https:\/\/www.daisho.be\/de\/wp-json\/wp\/v2\/product_cat?post=456900"},{"taxonomy":"product_tag","embeddable":true,"href":"https:\/\/www.daisho.be\/de\/wp-json\/wp\/v2\/product_tag?post=456900"},{"taxonomy":"sport","embeddable":true,"href":"https:\/\/www.daisho.be\/de\/wp-json\/wp\/v2\/sport?post=456900"}],"curies":[{"name":"wp","href":"https:\/\/api.w.org\/{rel}","templated":true}]}}