{"id":456822,"date":"2021-03-15T15:24:12","date_gmt":"2021-03-15T14:24:12","guid":{"rendered":"https:\/\/www.daisho.be\/produit\/airtrick-p3-8-x-6-m\/"},"modified":"2025-12-11T12:18:21","modified_gmt":"2025-12-11T11:18:21","slug":"airtrick-p3-8-x-6-m","status":"publish","type":"product","link":"https:\/\/www.daisho.be\/de\/produit\/airtrick-p3-8-x-6-m\/","title":{"rendered":"AirTrick P3 8 x 6 m"},"content":{"rendered":"<p>Wenn Sie nach einer M\u00f6glichkeit suchen, Ihre F\u00e4higkeiten schneller als je zuvor zu verbessern, dann haben Sie sie gefunden!<br \/>\nDer AirTrick ist die erste Etage, die speziell f\u00fcr das Training und das Freerunning entwickelt wurde. Die dicke und breite Oberfl\u00e4che erzeugt einen R\u00fcckprall wie kein anderer Boden und ist ideal f\u00fcr das \u00dcben von Anf\u00e4nger- und Fortgeschrittenenbewegungen. Der AirTrick ist perfekt f\u00fcr gro\u00dfe Gruppen und freie Bewegungen. Jeder, ob jung oder alt, ob Freizeitsportler oder Profi, kann sich auf dem AirTrick austoben! Weltbekannte Athleten wie der Freerunner-Profi &#8222;DK&#8220; und der professionelle Stuntman Damien Walters b\u00fcrgen f\u00fcr die M\u00f6glichkeiten, auf dem AirTrick zu gro\u00dfen Spielern zu werden.<br \/>\nEinzigartige Sprungschanze.<br \/>\nIndividuell anpassbar.<br \/>\n5 Jahre Garantie.    <\/p>\n","protected":false},"excerpt":{"rendered":"<p>Wenn Sie nach einer M\u00f6glichkeit suchen, Ihre F\u00e4higkeiten schneller als je zuvor zu verbessern, dann haben Sie sie gefunden! Der AirTrick ist die erste Etage, die speziell f\u00fcr das Training und das Freerunning entwickelt wurde. Die dicke und breite Oberfl\u00e4che erzeugt einen R\u00fcckprall wie kein anderer Boden und ist ideal f\u00fcr das \u00dcben von Anf\u00e4nger- [&hellip;]<\/p>\n","protected":false},"featured_media":547764,"comment_status":"open","ping_status":"closed","template":"","meta":{"inline_featured_image":false},"product_brand":[],"product_cat":[2253],"product_tag":[2254,2554],"sport":[],"class_list":{"0":"post-456822","1":"product","2":"type-product","3":"status-publish","4":"has-post-thumbnail","6":"product_cat-teppich","7":"product_tag-airtrack-factory","8":"product_tag-kostenvoranschlag","9":"product_shipping_class-grose-produkte","10":"pa_size-sans-taille-defaut","12":"first","13":"instock","14":"taxable","15":"shipping-taxable","16":"purchasable","17":"product-type-variable"},"yoast_head":"<!-- This site is optimized with the Yoast SEO plugin v27.2 - https:\/\/yoast.com\/product\/yoast-seo-wordpress\/ -->\n<title>AirTrick P3 8 x 6 m &#8211; Daisho<\/title>\n<meta name=\"robots\" content=\"index, follow, max-snippet:-1, max-image-preview:large, max-video-preview:-1\" \/>\n<link rel=\"canonical\" href=\"https:\/\/www.daisho.be\/de\/produit\/airtrick-p3-8-x-6-m\/\" \/>\n<meta property=\"og:locale\" content=\"de_DE\" \/>\n<meta property=\"og:type\" content=\"article\" \/>\n<meta property=\"og:title\" content=\"AirTrick P3 8 x 6 m &#8211; Daisho\" \/>\n<meta property=\"og:description\" content=\"Wenn Sie nach einer M\u00f6glichkeit suchen, Ihre F\u00e4higkeiten schneller als je zuvor zu verbessern, dann haben Sie sie gefunden! Der AirTrick ist die erste Etage, die speziell f\u00fcr das Training und das Freerunning entwickelt wurde. Die dicke und breite Oberfl\u00e4che erzeugt einen R\u00fcckprall wie kein anderer Boden und ist ideal f\u00fcr das \u00dcben von Anf\u00e4nger- [&hellip;]\" \/>\n<meta property=\"og:url\" content=\"https:\/\/www.daisho.be\/de\/produit\/airtrick-p3-8-x-6-m\/\" \/>\n<meta property=\"og:site_name\" content=\"Daisho\" \/>\n<meta property=\"article:modified_time\" content=\"2025-12-11T11:18:21+00:00\" \/>\n<meta property=\"og:image\" content=\"https:\/\/www.daisho.be\/wp-content\/uploads\/2025\/08\/image-118.png\" \/>\n\t<meta property=\"og:image:width\" content=\"1369\" \/>\n\t<meta property=\"og:image:height\" content=\"694\" \/>\n\t<meta property=\"og:image:type\" content=\"image\/png\" \/>\n<meta name=\"twitter:card\" content=\"summary_large_image\" \/>\n<meta name=\"twitter:label1\" content=\"Gesch\u00e4tzte Lesezeit\" \/>\n\t<meta name=\"twitter:data1\" content=\"1\u00a0Minute\" \/>\n<script type=\"application\/ld+json\" class=\"yoast-schema-graph\">{\"@context\":\"https:\/\/schema.org\",\"@graph\":[{\"@type\":\"WebPage\",\"@id\":\"https:\/\/www.daisho.be\/de\/produit\/airtrick-p3-8-x-6-m\/\",\"url\":\"https:\/\/www.daisho.be\/de\/produit\/airtrick-p3-8-x-6-m\/\",\"name\":\"AirTrick P3 8 x 6 m &#8211; Daisho\",\"isPartOf\":{\"@id\":\"https:\/\/www.daisho.be\/de\/#website\"},\"primaryImageOfPage\":{\"@id\":\"https:\/\/www.daisho.be\/de\/produit\/airtrick-p3-8-x-6-m\/#primaryimage\"},\"image\":{\"@id\":\"https:\/\/www.daisho.be\/de\/produit\/airtrick-p3-8-x-6-m\/#primaryimage\"},\"thumbnailUrl\":\"https:\/\/www.daisho.be\/wp-content\/uploads\/2025\/08\/image-118.png\",\"datePublished\":\"2021-03-15T14:24:12+00:00\",\"dateModified\":\"2025-12-11T11:18:21+00:00\",\"breadcrumb\":{\"@id\":\"https:\/\/www.daisho.be\/de\/produit\/airtrick-p3-8-x-6-m\/#breadcrumb\"},\"inLanguage\":\"de\",\"potentialAction\":[{\"@type\":\"ReadAction\",\"target\":[\"https:\/\/www.daisho.be\/de\/produit\/airtrick-p3-8-x-6-m\/\"]}]},{\"@type\":\"ImageObject\",\"inLanguage\":\"de\",\"@id\":\"https:\/\/www.daisho.be\/de\/produit\/airtrick-p3-8-x-6-m\/#primaryimage\",\"url\":\"https:\/\/www.daisho.be\/wp-content\/uploads\/2025\/08\/image-118.png\",\"contentUrl\":\"https:\/\/www.daisho.be\/wp-content\/uploads\/2025\/08\/image-118.png\",\"width\":1369,\"height\":694,\"caption\":\"AirTrick P3 8 x 6 m-1\"},{\"@type\":\"BreadcrumbList\",\"@id\":\"https:\/\/www.daisho.be\/de\/produit\/airtrick-p3-8-x-6-m\/#breadcrumb\",\"itemListElement\":[{\"@type\":\"ListItem\",\"position\":1,\"name\":\"Accueil\",\"item\":\"https:\/\/www.daisho.be\/de\/\"},{\"@type\":\"ListItem\",\"position\":2,\"name\":\"Produkte\",\"item\":\"https:\/\/www.daisho.be\/de\/produkte\/\"},{\"@type\":\"ListItem\",\"position\":3,\"name\":\"Kampfsportarten\",\"item\":\"https:\/\/www.daisho.be\/de\/categorie-produit\/kampfsportarten\/\"},{\"@type\":\"ListItem\",\"position\":4,\"name\":\"Teppich\",\"item\":\"https:\/\/www.daisho.be\/de\/categorie-produit\/kampfsportarten\/teppich\/\"},{\"@type\":\"ListItem\",\"position\":5,\"name\":\"AirTrick P3 8 x 6 m\"}]},{\"@type\":\"WebSite\",\"@id\":\"https:\/\/www.daisho.be\/de\/#website\",\"url\":\"https:\/\/www.daisho.be\/de\/\",\"name\":\"Daisho\",\"description\":\"Sp&eacute;cialiste de l'&eacute;quipement sportif d'arts martiaux\",\"publisher\":{\"@id\":\"https:\/\/www.daisho.be\/de\/#organization\"},\"potentialAction\":[{\"@type\":\"SearchAction\",\"target\":{\"@type\":\"EntryPoint\",\"urlTemplate\":\"https:\/\/www.daisho.be\/de\/?s={search_term_string}\"},\"query-input\":{\"@type\":\"PropertyValueSpecification\",\"valueRequired\":true,\"valueName\":\"search_term_string\"}}],\"inLanguage\":\"de\"},{\"@type\":\"Organization\",\"@id\":\"https:\/\/www.daisho.be\/de\/#organization\",\"name\":\"Daisho\",\"url\":\"https:\/\/www.daisho.be\/de\/\",\"logo\":{\"@type\":\"ImageObject\",\"inLanguage\":\"de\",\"@id\":\"https:\/\/www.daisho.be\/de\/#\/schema\/logo\/image\/\",\"url\":\"https:\/\/www.daisho.be\/wp-content\/uploads\/2019\/07\/color-nothing-horizontale4x-e1564486100247.png\",\"contentUrl\":\"https:\/\/www.daisho.be\/wp-content\/uploads\/2019\/07\/color-nothing-horizontale4x-e1564486100247.png\",\"width\":1547,\"height\":385,\"caption\":\"Daisho\"},\"image\":{\"@id\":\"https:\/\/www.daisho.be\/de\/#\/schema\/logo\/image\/\"}}]}<\/script>\n<!-- \/ Yoast SEO plugin. -->","yoast_head_json":{"title":"AirTrick P3 8 x 6 m &#8211; Daisho","robots":{"index":"index","follow":"follow","max-snippet":"max-snippet:-1","max-image-preview":"max-image-preview:large","max-video-preview":"max-video-preview:-1"},"canonical":"https:\/\/www.daisho.be\/de\/produit\/airtrick-p3-8-x-6-m\/","og_locale":"de_DE","og_type":"article","og_title":"AirTrick P3 8 x 6 m &#8211; Daisho","og_description":"Wenn Sie nach einer M\u00f6glichkeit suchen, Ihre F\u00e4higkeiten schneller als je zuvor zu verbessern, dann haben Sie sie gefunden! Der AirTrick ist die erste Etage, die speziell f\u00fcr das Training und das Freerunning entwickelt wurde. Die dicke und breite Oberfl\u00e4che erzeugt einen R\u00fcckprall wie kein anderer Boden und ist ideal f\u00fcr das \u00dcben von Anf\u00e4nger- [&hellip;]","og_url":"https:\/\/www.daisho.be\/de\/produit\/airtrick-p3-8-x-6-m\/","og_site_name":"Daisho","article_modified_time":"2025-12-11T11:18:21+00:00","og_image":[{"width":1369,"height":694,"url":"https:\/\/www.daisho.be\/wp-content\/uploads\/2025\/08\/image-118.png","type":"image\/png"}],"twitter_card":"summary_large_image","twitter_misc":{"Gesch\u00e4tzte Lesezeit":"1\u00a0Minute"},"schema":{"@context":"https:\/\/schema.org","@graph":[{"@type":"WebPage","@id":"https:\/\/www.daisho.be\/de\/produit\/airtrick-p3-8-x-6-m\/","url":"https:\/\/www.daisho.be\/de\/produit\/airtrick-p3-8-x-6-m\/","name":"AirTrick P3 8 x 6 m &#8211; Daisho","isPartOf":{"@id":"https:\/\/www.daisho.be\/de\/#website"},"primaryImageOfPage":{"@id":"https:\/\/www.daisho.be\/de\/produit\/airtrick-p3-8-x-6-m\/#primaryimage"},"image":{"@id":"https:\/\/www.daisho.be\/de\/produit\/airtrick-p3-8-x-6-m\/#primaryimage"},"thumbnailUrl":"https:\/\/www.daisho.be\/wp-content\/uploads\/2025\/08\/image-118.png","datePublished":"2021-03-15T14:24:12+00:00","dateModified":"2025-12-11T11:18:21+00:00","breadcrumb":{"@id":"https:\/\/www.daisho.be\/de\/produit\/airtrick-p3-8-x-6-m\/#breadcrumb"},"inLanguage":"de","potentialAction":[{"@type":"ReadAction","target":["https:\/\/www.daisho.be\/de\/produit\/airtrick-p3-8-x-6-m\/"]}]},{"@type":"ImageObject","inLanguage":"de","@id":"https:\/\/www.daisho.be\/de\/produit\/airtrick-p3-8-x-6-m\/#primaryimage","url":"https:\/\/www.daisho.be\/wp-content\/uploads\/2025\/08\/image-118.png","contentUrl":"https:\/\/www.daisho.be\/wp-content\/uploads\/2025\/08\/image-118.png","width":1369,"height":694,"caption":"AirTrick P3 8 x 6 m-1"},{"@type":"BreadcrumbList","@id":"https:\/\/www.daisho.be\/de\/produit\/airtrick-p3-8-x-6-m\/#breadcrumb","itemListElement":[{"@type":"ListItem","position":1,"name":"Accueil","item":"https:\/\/www.daisho.be\/de\/"},{"@type":"ListItem","position":2,"name":"Produkte","item":"https:\/\/www.daisho.be\/de\/produkte\/"},{"@type":"ListItem","position":3,"name":"Kampfsportarten","item":"https:\/\/www.daisho.be\/de\/categorie-produit\/kampfsportarten\/"},{"@type":"ListItem","position":4,"name":"Teppich","item":"https:\/\/www.daisho.be\/de\/categorie-produit\/kampfsportarten\/teppich\/"},{"@type":"ListItem","position":5,"name":"AirTrick P3 8 x 6 m"}]},{"@type":"WebSite","@id":"https:\/\/www.daisho.be\/de\/#website","url":"https:\/\/www.daisho.be\/de\/","name":"Daisho","description":"Sp&eacute;cialiste de l'&eacute;quipement sportif d'arts martiaux","publisher":{"@id":"https:\/\/www.daisho.be\/de\/#organization"},"potentialAction":[{"@type":"SearchAction","target":{"@type":"EntryPoint","urlTemplate":"https:\/\/www.daisho.be\/de\/?s={search_term_string}"},"query-input":{"@type":"PropertyValueSpecification","valueRequired":true,"valueName":"search_term_string"}}],"inLanguage":"de"},{"@type":"Organization","@id":"https:\/\/www.daisho.be\/de\/#organization","name":"Daisho","url":"https:\/\/www.daisho.be\/de\/","logo":{"@type":"ImageObject","inLanguage":"de","@id":"https:\/\/www.daisho.be\/de\/#\/schema\/logo\/image\/","url":"https:\/\/www.daisho.be\/wp-content\/uploads\/2019\/07\/color-nothing-horizontale4x-e1564486100247.png","contentUrl":"https:\/\/www.daisho.be\/wp-content\/uploads\/2019\/07\/color-nothing-horizontale4x-e1564486100247.png","width":1547,"height":385,"caption":"Daisho"},"image":{"@id":"https:\/\/www.daisho.be\/de\/#\/schema\/logo\/image\/"}}]}},"_links":{"self":[{"href":"https:\/\/www.daisho.be\/de\/wp-json\/wp\/v2\/product\/456822","targetHints":{"allow":["GET"]}}],"collection":[{"href":"https:\/\/www.daisho.be\/de\/wp-json\/wp\/v2\/product"}],"about":[{"href":"https:\/\/www.daisho.be\/de\/wp-json\/wp\/v2\/types\/product"}],"replies":[{"embeddable":true,"href":"https:\/\/www.daisho.be\/de\/wp-json\/wp\/v2\/comments?post=456822"}],"wp:featuredmedia":[{"embeddable":true,"href":"https:\/\/www.daisho.be\/de\/wp-json\/wp\/v2\/media\/547764"}],"wp:attachment":[{"href":"https:\/\/www.daisho.be\/de\/wp-json\/wp\/v2\/media?parent=456822"}],"wp:term":[{"taxonomy":"product_brand","embeddable":true,"href":"https:\/\/www.daisho.be\/de\/wp-json\/wp\/v2\/product_brand?post=456822"},{"taxonomy":"product_cat","embeddable":true,"href":"https:\/\/www.daisho.be\/de\/wp-json\/wp\/v2\/product_cat?post=456822"},{"taxonomy":"product_tag","embeddable":true,"href":"https:\/\/www.daisho.be\/de\/wp-json\/wp\/v2\/product_tag?post=456822"},{"taxonomy":"sport","embeddable":true,"href":"https:\/\/www.daisho.be\/de\/wp-json\/wp\/v2\/sport?post=456822"}],"curies":[{"name":"wp","href":"https:\/\/api.w.org\/{rel}","templated":true}]}}