{"id":456754,"date":"2021-07-18T11:28:10","date_gmt":"2021-07-18T09:28:10","guid":{"rendered":"https:\/\/www.daisho.be\/produit\/adidas-armpad-de-luxe-schwarz\/"},"modified":"2025-10-09T14:08:01","modified_gmt":"2025-10-09T12:08:01","slug":"adidas-armpad-de-luxe-schwarz","status":"publish","type":"product","link":"https:\/\/www.daisho.be\/de\/produit\/adidas-armpad-de-luxe-schwarz\/","title":{"rendered":"adidas Armpad de Luxe Schwarz"},"content":{"rendered":"<p>Dieser Schild ist aus Kunstleder gefertigt, das sehr robust und langlebig ist.<br \/>\nAn der R\u00fcckseite sind Nylonriemen befestigt, die verstellbar sind, um die Manschette gut zu fixieren. Die Polsterung besteht aus einem extra starken Polyetherschaum, der sicherstellt, dass das Polster keinen Hohlraum erzeugt, sondern Tritte und Schl\u00e4ge auf ein Minimum reduziert. Es gibt auch Bel\u00fcftungsl\u00f6cher, so dass die Luft, die aus dem Kissen gepresst wird, richtig entweichen kann und das Kissen nicht rei\u00dft. All dies zusammen bietet einen hohen Trainingskomfort. Dieser Schild ist ideal zum \u00dcben von Schl\u00e4gen und Tritten, sowohl auf der Seite Ihres Trainers als auch auf der Seite Ihres Trainingspartners. Abgeschlossen mit einem Rei\u00dfverschluss an der Unterseite.<x id=\"gid_1\"><\/x>Dieses Schild ist f\u00fcr alle Kampfk\u00fcnstler geeignet. Sowohl f\u00fcr den Trainer als auch f\u00fcr den Sch\u00fcler.<br \/>\nVorteile:<br \/>\n&#8211; robust und langlebig<br \/>\n&#8211; f\u00fcr Profis und Amateure<br \/>\n&#8211; gute Absorptionsf\u00e4higkeit<br \/>\n&#8211; sicher f\u00fcr H\u00e4nde und F\u00fc\u00dfe<br \/>\n&#8211; verstellbare Riemen<br \/>\n&#8211; gute Griffigkeit durch robuste Riemen      <\/p>\n","protected":false},"excerpt":{"rendered":"<p>Dieser Schild ist aus Kunstleder gefertigt, das sehr robust und langlebig ist. An der R\u00fcckseite sind Nylonriemen befestigt, die verstellbar sind, um die Manschette gut zu fixieren. Die Polsterung besteht aus einem extra starken Polyetherschaum, der sicherstellt, dass das Polster keinen Hohlraum erzeugt, sondern Tritte und Schl\u00e4ge auf ein Minimum reduziert. Es gibt auch Bel\u00fcftungsl\u00f6cher, [&hellip;]<\/p>\n","protected":false},"featured_media":456756,"comment_status":"open","ping_status":"closed","template":"","meta":{"inline_featured_image":false},"product_brand":[],"product_cat":[2252,2251,2055,2100],"product_tag":[2178],"sport":[],"class_list":{"0":"post-456754","1":"product","2":"type-product","3":"status-publish","4":"has-post-thumbnail","6":"product_cat-boxsacke-und-trainingszubehor","7":"product_cat-boxsacke-und-trainingszubehor-karate","8":"product_cat-karate-trainingsmaterial","9":"product_cat-mma-trainingsmaterial","10":"product_tag-adidas-de","11":"pa_size-sans-taille-defaut","13":"first","14":"instock","15":"taxable","16":"shipping-taxable","17":"purchasable","18":"product-type-simple"},"yoast_head":"<!-- This site is optimized with the Yoast SEO plugin v27.2 - https:\/\/yoast.com\/product\/yoast-seo-wordpress\/ -->\n<title>adidas Armpad de Luxe Schwarz &#8211; Daisho<\/title>\n<meta name=\"description\" content=\"Entdecken Sie das Armpad-Schild, das f\u00fcr alle Kampfsportarten und sowohl f\u00fcr Trainer als auch f\u00fcr Sch\u00fcler geeignet ist. Kaufen Sie es auf www.daisho.be|Daisho\" \/>\n<meta name=\"robots\" content=\"index, follow, max-snippet:-1, max-image-preview:large, max-video-preview:-1\" \/>\n<link rel=\"canonical\" href=\"https:\/\/www.daisho.be\/de\/produit\/adidas-armpad-de-luxe-schwarz\/\" \/>\n<meta property=\"og:locale\" content=\"de_DE\" \/>\n<meta property=\"og:type\" content=\"article\" \/>\n<meta property=\"og:title\" content=\"adidas Armpad de Luxe Schwarz &#8211; Daisho\" \/>\n<meta property=\"og:description\" content=\"Entdecken Sie das Armpad-Schild, das f\u00fcr alle Kampfsportarten und sowohl f\u00fcr Trainer als auch f\u00fcr Sch\u00fcler geeignet ist. Kaufen Sie es auf www.daisho.be|Daisho\" \/>\n<meta property=\"og:url\" content=\"https:\/\/www.daisho.be\/de\/produit\/adidas-armpad-de-luxe-schwarz\/\" \/>\n<meta property=\"og:site_name\" content=\"Daisho\" \/>\n<meta property=\"article:modified_time\" content=\"2025-10-09T12:08:01+00:00\" \/>\n<meta property=\"og:image\" content=\"https:\/\/www.daisho.be\/wp-content\/uploads\/2024\/01\/image-259.jpg\" \/>\n\t<meta property=\"og:image:width\" content=\"650\" \/>\n\t<meta property=\"og:image:height\" content=\"650\" \/>\n\t<meta property=\"og:image:type\" content=\"image\/jpeg\" \/>\n<meta name=\"twitter:card\" content=\"summary_large_image\" \/>\n<meta name=\"twitter:label1\" content=\"Gesch\u00e4tzte Lesezeit\" \/>\n\t<meta name=\"twitter:data1\" content=\"1\u00a0Minute\" \/>\n<script type=\"application\/ld+json\" class=\"yoast-schema-graph\">{\"@context\":\"https:\/\/schema.org\",\"@graph\":[{\"@type\":\"WebPage\",\"@id\":\"https:\/\/www.daisho.be\/de\/produit\/adidas-armpad-de-luxe-schwarz\/\",\"url\":\"https:\/\/www.daisho.be\/de\/produit\/adidas-armpad-de-luxe-schwarz\/\",\"name\":\"adidas Armpad de Luxe Schwarz &#8211; Daisho\",\"isPartOf\":{\"@id\":\"https:\/\/www.daisho.be\/de\/#website\"},\"primaryImageOfPage\":{\"@id\":\"https:\/\/www.daisho.be\/de\/produit\/adidas-armpad-de-luxe-schwarz\/#primaryimage\"},\"image\":{\"@id\":\"https:\/\/www.daisho.be\/de\/produit\/adidas-armpad-de-luxe-schwarz\/#primaryimage\"},\"thumbnailUrl\":\"https:\/\/www.daisho.be\/wp-content\/uploads\/2024\/01\/image-259.jpg\",\"datePublished\":\"2021-07-18T09:28:10+00:00\",\"dateModified\":\"2025-10-09T12:08:01+00:00\",\"description\":\"Entdecken Sie das Armpad-Schild, das f\u00fcr alle Kampfsportarten und sowohl f\u00fcr Trainer als auch f\u00fcr Sch\u00fcler geeignet ist. Kaufen Sie es auf www.daisho.be|Daisho\",\"breadcrumb\":{\"@id\":\"https:\/\/www.daisho.be\/de\/produit\/adidas-armpad-de-luxe-schwarz\/#breadcrumb\"},\"inLanguage\":\"de\",\"potentialAction\":[{\"@type\":\"ReadAction\",\"target\":[\"https:\/\/www.daisho.be\/de\/produit\/adidas-armpad-de-luxe-schwarz\/\"]}]},{\"@type\":\"ImageObject\",\"inLanguage\":\"de\",\"@id\":\"https:\/\/www.daisho.be\/de\/produit\/adidas-armpad-de-luxe-schwarz\/#primaryimage\",\"url\":\"https:\/\/www.daisho.be\/wp-content\/uploads\/2024\/01\/image-259.jpg\",\"contentUrl\":\"https:\/\/www.daisho.be\/wp-content\/uploads\/2024\/01\/image-259.jpg\",\"width\":650,\"height\":650,\"caption\":\"adidas Armpad de Luxe Schwarz-1\"},{\"@type\":\"BreadcrumbList\",\"@id\":\"https:\/\/www.daisho.be\/de\/produit\/adidas-armpad-de-luxe-schwarz\/#breadcrumb\",\"itemListElement\":[{\"@type\":\"ListItem\",\"position\":1,\"name\":\"Accueil\",\"item\":\"https:\/\/www.daisho.be\/de\/\"},{\"@type\":\"ListItem\",\"position\":2,\"name\":\"Produkte\",\"item\":\"https:\/\/www.daisho.be\/de\/produkte\/\"},{\"@type\":\"ListItem\",\"position\":3,\"name\":\"ADIDAS COMBAT SPORTS\",\"item\":\"https:\/\/www.daisho.be\/de\/categorie-produit\/adidas-combat-sports-de\/\"},{\"@type\":\"ListItem\",\"position\":4,\"name\":\"MMA\",\"item\":\"https:\/\/www.daisho.be\/de\/categorie-produit\/adidas-combat-sports-de\/mma-de\/\"},{\"@type\":\"ListItem\",\"position\":5,\"name\":\"Boxs\u00e4cke und Trainingszubeh\u00f6r\",\"item\":\"https:\/\/www.daisho.be\/de\/categorie-produit\/adidas-combat-sports-de\/mma-de\/boxsacke-und-trainingszubehor\/\"},{\"@type\":\"ListItem\",\"position\":6,\"name\":\"adidas Armpad de Luxe Schwarz\"}]},{\"@type\":\"WebSite\",\"@id\":\"https:\/\/www.daisho.be\/de\/#website\",\"url\":\"https:\/\/www.daisho.be\/de\/\",\"name\":\"Daisho\",\"description\":\"Sp&eacute;cialiste de l'&eacute;quipement sportif d'arts martiaux\",\"publisher\":{\"@id\":\"https:\/\/www.daisho.be\/de\/#organization\"},\"potentialAction\":[{\"@type\":\"SearchAction\",\"target\":{\"@type\":\"EntryPoint\",\"urlTemplate\":\"https:\/\/www.daisho.be\/de\/?s={search_term_string}\"},\"query-input\":{\"@type\":\"PropertyValueSpecification\",\"valueRequired\":true,\"valueName\":\"search_term_string\"}}],\"inLanguage\":\"de\"},{\"@type\":\"Organization\",\"@id\":\"https:\/\/www.daisho.be\/de\/#organization\",\"name\":\"Daisho\",\"url\":\"https:\/\/www.daisho.be\/de\/\",\"logo\":{\"@type\":\"ImageObject\",\"inLanguage\":\"de\",\"@id\":\"https:\/\/www.daisho.be\/de\/#\/schema\/logo\/image\/\",\"url\":\"https:\/\/www.daisho.be\/wp-content\/uploads\/2019\/07\/color-nothing-horizontale4x-e1564486100247.png\",\"contentUrl\":\"https:\/\/www.daisho.be\/wp-content\/uploads\/2019\/07\/color-nothing-horizontale4x-e1564486100247.png\",\"width\":1547,\"height\":385,\"caption\":\"Daisho\"},\"image\":{\"@id\":\"https:\/\/www.daisho.be\/de\/#\/schema\/logo\/image\/\"}}]}<\/script>\n<!-- \/ Yoast SEO plugin. -->","yoast_head_json":{"title":"adidas Armpad de Luxe Schwarz &#8211; Daisho","description":"Entdecken Sie das Armpad-Schild, das f\u00fcr alle Kampfsportarten und sowohl f\u00fcr Trainer als auch f\u00fcr Sch\u00fcler geeignet ist. Kaufen Sie es auf www.daisho.be|Daisho","robots":{"index":"index","follow":"follow","max-snippet":"max-snippet:-1","max-image-preview":"max-image-preview:large","max-video-preview":"max-video-preview:-1"},"canonical":"https:\/\/www.daisho.be\/de\/produit\/adidas-armpad-de-luxe-schwarz\/","og_locale":"de_DE","og_type":"article","og_title":"adidas Armpad de Luxe Schwarz &#8211; Daisho","og_description":"Entdecken Sie das Armpad-Schild, das f\u00fcr alle Kampfsportarten und sowohl f\u00fcr Trainer als auch f\u00fcr Sch\u00fcler geeignet ist. Kaufen Sie es auf www.daisho.be|Daisho","og_url":"https:\/\/www.daisho.be\/de\/produit\/adidas-armpad-de-luxe-schwarz\/","og_site_name":"Daisho","article_modified_time":"2025-10-09T12:08:01+00:00","og_image":[{"width":650,"height":650,"url":"https:\/\/www.daisho.be\/wp-content\/uploads\/2024\/01\/image-259.jpg","type":"image\/jpeg"}],"twitter_card":"summary_large_image","twitter_misc":{"Gesch\u00e4tzte Lesezeit":"1\u00a0Minute"},"schema":{"@context":"https:\/\/schema.org","@graph":[{"@type":"WebPage","@id":"https:\/\/www.daisho.be\/de\/produit\/adidas-armpad-de-luxe-schwarz\/","url":"https:\/\/www.daisho.be\/de\/produit\/adidas-armpad-de-luxe-schwarz\/","name":"adidas Armpad de Luxe Schwarz &#8211; Daisho","isPartOf":{"@id":"https:\/\/www.daisho.be\/de\/#website"},"primaryImageOfPage":{"@id":"https:\/\/www.daisho.be\/de\/produit\/adidas-armpad-de-luxe-schwarz\/#primaryimage"},"image":{"@id":"https:\/\/www.daisho.be\/de\/produit\/adidas-armpad-de-luxe-schwarz\/#primaryimage"},"thumbnailUrl":"https:\/\/www.daisho.be\/wp-content\/uploads\/2024\/01\/image-259.jpg","datePublished":"2021-07-18T09:28:10+00:00","dateModified":"2025-10-09T12:08:01+00:00","description":"Entdecken Sie das Armpad-Schild, das f\u00fcr alle Kampfsportarten und sowohl f\u00fcr Trainer als auch f\u00fcr Sch\u00fcler geeignet ist. Kaufen Sie es auf www.daisho.be|Daisho","breadcrumb":{"@id":"https:\/\/www.daisho.be\/de\/produit\/adidas-armpad-de-luxe-schwarz\/#breadcrumb"},"inLanguage":"de","potentialAction":[{"@type":"ReadAction","target":["https:\/\/www.daisho.be\/de\/produit\/adidas-armpad-de-luxe-schwarz\/"]}]},{"@type":"ImageObject","inLanguage":"de","@id":"https:\/\/www.daisho.be\/de\/produit\/adidas-armpad-de-luxe-schwarz\/#primaryimage","url":"https:\/\/www.daisho.be\/wp-content\/uploads\/2024\/01\/image-259.jpg","contentUrl":"https:\/\/www.daisho.be\/wp-content\/uploads\/2024\/01\/image-259.jpg","width":650,"height":650,"caption":"adidas Armpad de Luxe Schwarz-1"},{"@type":"BreadcrumbList","@id":"https:\/\/www.daisho.be\/de\/produit\/adidas-armpad-de-luxe-schwarz\/#breadcrumb","itemListElement":[{"@type":"ListItem","position":1,"name":"Accueil","item":"https:\/\/www.daisho.be\/de\/"},{"@type":"ListItem","position":2,"name":"Produkte","item":"https:\/\/www.daisho.be\/de\/produkte\/"},{"@type":"ListItem","position":3,"name":"ADIDAS COMBAT SPORTS","item":"https:\/\/www.daisho.be\/de\/categorie-produit\/adidas-combat-sports-de\/"},{"@type":"ListItem","position":4,"name":"MMA","item":"https:\/\/www.daisho.be\/de\/categorie-produit\/adidas-combat-sports-de\/mma-de\/"},{"@type":"ListItem","position":5,"name":"Boxs\u00e4cke und Trainingszubeh\u00f6r","item":"https:\/\/www.daisho.be\/de\/categorie-produit\/adidas-combat-sports-de\/mma-de\/boxsacke-und-trainingszubehor\/"},{"@type":"ListItem","position":6,"name":"adidas Armpad de Luxe Schwarz"}]},{"@type":"WebSite","@id":"https:\/\/www.daisho.be\/de\/#website","url":"https:\/\/www.daisho.be\/de\/","name":"Daisho","description":"Sp&eacute;cialiste de l'&eacute;quipement sportif d'arts martiaux","publisher":{"@id":"https:\/\/www.daisho.be\/de\/#organization"},"potentialAction":[{"@type":"SearchAction","target":{"@type":"EntryPoint","urlTemplate":"https:\/\/www.daisho.be\/de\/?s={search_term_string}"},"query-input":{"@type":"PropertyValueSpecification","valueRequired":true,"valueName":"search_term_string"}}],"inLanguage":"de"},{"@type":"Organization","@id":"https:\/\/www.daisho.be\/de\/#organization","name":"Daisho","url":"https:\/\/www.daisho.be\/de\/","logo":{"@type":"ImageObject","inLanguage":"de","@id":"https:\/\/www.daisho.be\/de\/#\/schema\/logo\/image\/","url":"https:\/\/www.daisho.be\/wp-content\/uploads\/2019\/07\/color-nothing-horizontale4x-e1564486100247.png","contentUrl":"https:\/\/www.daisho.be\/wp-content\/uploads\/2019\/07\/color-nothing-horizontale4x-e1564486100247.png","width":1547,"height":385,"caption":"Daisho"},"image":{"@id":"https:\/\/www.daisho.be\/de\/#\/schema\/logo\/image\/"}}]}},"_links":{"self":[{"href":"https:\/\/www.daisho.be\/de\/wp-json\/wp\/v2\/product\/456754","targetHints":{"allow":["GET"]}}],"collection":[{"href":"https:\/\/www.daisho.be\/de\/wp-json\/wp\/v2\/product"}],"about":[{"href":"https:\/\/www.daisho.be\/de\/wp-json\/wp\/v2\/types\/product"}],"replies":[{"embeddable":true,"href":"https:\/\/www.daisho.be\/de\/wp-json\/wp\/v2\/comments?post=456754"}],"wp:featuredmedia":[{"embeddable":true,"href":"https:\/\/www.daisho.be\/de\/wp-json\/wp\/v2\/media\/456756"}],"wp:attachment":[{"href":"https:\/\/www.daisho.be\/de\/wp-json\/wp\/v2\/media?parent=456754"}],"wp:term":[{"taxonomy":"product_brand","embeddable":true,"href":"https:\/\/www.daisho.be\/de\/wp-json\/wp\/v2\/product_brand?post=456754"},{"taxonomy":"product_cat","embeddable":true,"href":"https:\/\/www.daisho.be\/de\/wp-json\/wp\/v2\/product_cat?post=456754"},{"taxonomy":"product_tag","embeddable":true,"href":"https:\/\/www.daisho.be\/de\/wp-json\/wp\/v2\/product_tag?post=456754"},{"taxonomy":"sport","embeddable":true,"href":"https:\/\/www.daisho.be\/de\/wp-json\/wp\/v2\/sport?post=456754"}],"curies":[{"name":"wp","href":"https:\/\/api.w.org\/{rel}","templated":true}]}}