{"id":456571,"date":"2021-07-18T11:43:52","date_gmt":"2021-07-18T09:43:52","guid":{"rendered":"https:\/\/www.daisho.be\/produit\/adidas-fender-heavy-straight\/"},"modified":"2025-10-09T14:06:43","modified_gmt":"2025-10-09T12:06:43","slug":"adidas-fender-heavy-straight","status":"publish","type":"product","link":"https:\/\/www.daisho.be\/de\/produit\/adidas-fender-heavy-straight\/","title":{"rendered":"adidas Fender Heavy Straight"},"content":{"rendered":"<p>Dieses Kick-Pad ist aus Kunstleder gefertigt, das sehr robust und langlebig ist. An der R\u00fcckseite sind Nylonriemen befestigt, um das Kick-Pad sicher zu halten. Die Polsterung besteht aus einem extra starken Poly\u00e4therschaum mit einem Gewicht von 2,2 kg, der sicherstellt, dass das Kickpad keinen Hohlraum erzeugt, sondern Tritte und Schl\u00e4ge auf ein Minimum reduziert. Es gibt auch Bel\u00fcftungsl\u00f6cher, so dass die Luft, die aus dem Kissen gepresst wird, richtig entweichen kann und das Kissen nicht rei\u00dft. Der extra schwere Schaumstoff sorgt daf\u00fcr, dass auch die st\u00e4rksten Gewichte nicht durch das Kissen dringen. All dies zusammen bietet einen hohen Trainingskomfort. Dieses Kissen ist ideal, um Ihre Schl\u00e4ge und Tritte zu \u00fcben, sowohl auf der Seite Ihres Trainers als auch auf der Seite Ihres Trainingspartners. Abgeschlossen mit einem Rei\u00dfverschluss an der Unterseite.<br \/>\nDiese Schlag- und Trittmatte ist f\u00fcr alle Kampfk\u00fcnstler geeignet. Sowohl f\u00fcr den Trainer als auch f\u00fcr den Sch\u00fcler.<br \/>\nVorteile: &#8211; robust und langlebig &#8211; f\u00fcr Profis und Amateure &#8211; gute Absorptionsf\u00e4higkeit &#8211; sicher f\u00fcr H\u00e4nde und F\u00fc\u00dfe &#8211; gute Griffigkeit durch robuste Riemen.        <\/p>\n","protected":false},"excerpt":{"rendered":"<p>Dieses Kick-Pad ist aus Kunstleder gefertigt, das sehr robust und langlebig ist. An der R\u00fcckseite sind Nylonriemen befestigt, um das Kick-Pad sicher zu halten. Die Polsterung besteht aus einem extra starken Poly\u00e4therschaum mit einem Gewicht von 2,2 kg, der sicherstellt, dass das Kickpad keinen Hohlraum erzeugt, sondern Tritte und Schl\u00e4ge auf ein Minimum reduziert. Es [&hellip;]<\/p>\n","protected":false},"featured_media":456573,"comment_status":"open","ping_status":"closed","template":"","meta":{"inline_featured_image":false},"product_brand":[],"product_cat":[2252,2278],"product_tag":[2178],"sport":[],"class_list":{"0":"post-456571","1":"product","2":"type-product","3":"status-publish","4":"has-post-thumbnail","6":"product_cat-boxsacke-und-trainingszubehor","7":"product_cat-boxsacke-und-trainingszubehor-boxen","8":"product_tag-adidas-de","9":"pa_size-sans-taille-defaut","11":"first","12":"outofstock","13":"taxable","14":"shipping-taxable","15":"product-type-variable"},"yoast_head":"<!-- This site is optimized with the Yoast SEO plugin v27.2 - https:\/\/yoast.com\/product\/yoast-seo-wordpress\/ -->\n<title>adidas Fender Heavy Straight &#8211; Daisho<\/title>\n<meta name=\"description\" content=\"Das Adidas Fender Heavy ist ein langlebiges und robustes Kickkissen, da es aus Leder gefertigt ist. Kaufen Sie es auf www.daisho.be|Daisho\" \/>\n<meta name=\"robots\" content=\"index, follow, max-snippet:-1, max-image-preview:large, max-video-preview:-1\" \/>\n<link rel=\"canonical\" href=\"https:\/\/www.daisho.be\/de\/produit\/adidas-fender-heavy-straight\/\" \/>\n<meta property=\"og:locale\" content=\"de_DE\" \/>\n<meta property=\"og:type\" content=\"article\" \/>\n<meta property=\"og:title\" content=\"adidas Fender Heavy Straight &#8211; Daisho\" \/>\n<meta property=\"og:description\" content=\"Das Adidas Fender Heavy ist ein langlebiges und robustes Kickkissen, da es aus Leder gefertigt ist. Kaufen Sie es auf www.daisho.be|Daisho\" \/>\n<meta property=\"og:url\" content=\"https:\/\/www.daisho.be\/de\/produit\/adidas-fender-heavy-straight\/\" \/>\n<meta property=\"og:site_name\" content=\"Daisho\" \/>\n<meta property=\"article:modified_time\" content=\"2025-10-09T12:06:43+00:00\" \/>\n<meta property=\"og:image\" content=\"https:\/\/www.daisho.be\/wp-content\/uploads\/2021\/07\/image-1.png\" \/>\n\t<meta property=\"og:image:width\" content=\"650\" \/>\n\t<meta property=\"og:image:height\" content=\"650\" \/>\n\t<meta property=\"og:image:type\" content=\"image\/png\" \/>\n<meta name=\"twitter:card\" content=\"summary_large_image\" \/>\n<meta name=\"twitter:label1\" content=\"Gesch\u00e4tzte Lesezeit\" \/>\n\t<meta name=\"twitter:data1\" content=\"1\u00a0Minute\" \/>\n<script type=\"application\/ld+json\" class=\"yoast-schema-graph\">{\"@context\":\"https:\/\/schema.org\",\"@graph\":[{\"@type\":\"WebPage\",\"@id\":\"https:\/\/www.daisho.be\/de\/produit\/adidas-fender-heavy-straight\/\",\"url\":\"https:\/\/www.daisho.be\/de\/produit\/adidas-fender-heavy-straight\/\",\"name\":\"adidas Fender Heavy Straight &#8211; Daisho\",\"isPartOf\":{\"@id\":\"https:\/\/www.daisho.be\/de\/#website\"},\"primaryImageOfPage\":{\"@id\":\"https:\/\/www.daisho.be\/de\/produit\/adidas-fender-heavy-straight\/#primaryimage\"},\"image\":{\"@id\":\"https:\/\/www.daisho.be\/de\/produit\/adidas-fender-heavy-straight\/#primaryimage\"},\"thumbnailUrl\":\"https:\/\/www.daisho.be\/wp-content\/uploads\/2021\/07\/image-1.png\",\"datePublished\":\"2021-07-18T09:43:52+00:00\",\"dateModified\":\"2025-10-09T12:06:43+00:00\",\"description\":\"Das Adidas Fender Heavy ist ein langlebiges und robustes Kickkissen, da es aus Leder gefertigt ist. Kaufen Sie es auf www.daisho.be|Daisho\",\"breadcrumb\":{\"@id\":\"https:\/\/www.daisho.be\/de\/produit\/adidas-fender-heavy-straight\/#breadcrumb\"},\"inLanguage\":\"de\",\"potentialAction\":[{\"@type\":\"ReadAction\",\"target\":[\"https:\/\/www.daisho.be\/de\/produit\/adidas-fender-heavy-straight\/\"]}]},{\"@type\":\"ImageObject\",\"inLanguage\":\"de\",\"@id\":\"https:\/\/www.daisho.be\/de\/produit\/adidas-fender-heavy-straight\/#primaryimage\",\"url\":\"https:\/\/www.daisho.be\/wp-content\/uploads\/2021\/07\/image-1.png\",\"contentUrl\":\"https:\/\/www.daisho.be\/wp-content\/uploads\/2021\/07\/image-1.png\",\"width\":650,\"height\":650,\"caption\":\"adidas Fender Heavy Straight-1\"},{\"@type\":\"BreadcrumbList\",\"@id\":\"https:\/\/www.daisho.be\/de\/produit\/adidas-fender-heavy-straight\/#breadcrumb\",\"itemListElement\":[{\"@type\":\"ListItem\",\"position\":1,\"name\":\"Accueil\",\"item\":\"https:\/\/www.daisho.be\/de\/\"},{\"@type\":\"ListItem\",\"position\":2,\"name\":\"Produkte\",\"item\":\"https:\/\/www.daisho.be\/de\/produkte\/\"},{\"@type\":\"ListItem\",\"position\":3,\"name\":\"ADIDAS COMBAT SPORTS\",\"item\":\"https:\/\/www.daisho.be\/de\/categorie-produit\/adidas-combat-sports-de\/\"},{\"@type\":\"ListItem\",\"position\":4,\"name\":\"MMA\",\"item\":\"https:\/\/www.daisho.be\/de\/categorie-produit\/adidas-combat-sports-de\/mma-de\/\"},{\"@type\":\"ListItem\",\"position\":5,\"name\":\"Boxs\u00e4cke und Trainingszubeh\u00f6r\",\"item\":\"https:\/\/www.daisho.be\/de\/categorie-produit\/adidas-combat-sports-de\/mma-de\/boxsacke-und-trainingszubehor\/\"},{\"@type\":\"ListItem\",\"position\":6,\"name\":\"adidas Fender Heavy Straight\"}]},{\"@type\":\"WebSite\",\"@id\":\"https:\/\/www.daisho.be\/de\/#website\",\"url\":\"https:\/\/www.daisho.be\/de\/\",\"name\":\"Daisho\",\"description\":\"Sp&eacute;cialiste de l'&eacute;quipement sportif d'arts martiaux\",\"publisher\":{\"@id\":\"https:\/\/www.daisho.be\/de\/#organization\"},\"potentialAction\":[{\"@type\":\"SearchAction\",\"target\":{\"@type\":\"EntryPoint\",\"urlTemplate\":\"https:\/\/www.daisho.be\/de\/?s={search_term_string}\"},\"query-input\":{\"@type\":\"PropertyValueSpecification\",\"valueRequired\":true,\"valueName\":\"search_term_string\"}}],\"inLanguage\":\"de\"},{\"@type\":\"Organization\",\"@id\":\"https:\/\/www.daisho.be\/de\/#organization\",\"name\":\"Daisho\",\"url\":\"https:\/\/www.daisho.be\/de\/\",\"logo\":{\"@type\":\"ImageObject\",\"inLanguage\":\"de\",\"@id\":\"https:\/\/www.daisho.be\/de\/#\/schema\/logo\/image\/\",\"url\":\"https:\/\/www.daisho.be\/wp-content\/uploads\/2019\/07\/color-nothing-horizontale4x-e1564486100247.png\",\"contentUrl\":\"https:\/\/www.daisho.be\/wp-content\/uploads\/2019\/07\/color-nothing-horizontale4x-e1564486100247.png\",\"width\":1547,\"height\":385,\"caption\":\"Daisho\"},\"image\":{\"@id\":\"https:\/\/www.daisho.be\/de\/#\/schema\/logo\/image\/\"}}]}<\/script>\n<!-- \/ Yoast SEO plugin. -->","yoast_head_json":{"title":"adidas Fender Heavy Straight &#8211; Daisho","description":"Das Adidas Fender Heavy ist ein langlebiges und robustes Kickkissen, da es aus Leder gefertigt ist. Kaufen Sie es auf www.daisho.be|Daisho","robots":{"index":"index","follow":"follow","max-snippet":"max-snippet:-1","max-image-preview":"max-image-preview:large","max-video-preview":"max-video-preview:-1"},"canonical":"https:\/\/www.daisho.be\/de\/produit\/adidas-fender-heavy-straight\/","og_locale":"de_DE","og_type":"article","og_title":"adidas Fender Heavy Straight &#8211; Daisho","og_description":"Das Adidas Fender Heavy ist ein langlebiges und robustes Kickkissen, da es aus Leder gefertigt ist. Kaufen Sie es auf www.daisho.be|Daisho","og_url":"https:\/\/www.daisho.be\/de\/produit\/adidas-fender-heavy-straight\/","og_site_name":"Daisho","article_modified_time":"2025-10-09T12:06:43+00:00","og_image":[{"width":650,"height":650,"url":"https:\/\/www.daisho.be\/wp-content\/uploads\/2021\/07\/image-1.png","type":"image\/png"}],"twitter_card":"summary_large_image","twitter_misc":{"Gesch\u00e4tzte Lesezeit":"1\u00a0Minute"},"schema":{"@context":"https:\/\/schema.org","@graph":[{"@type":"WebPage","@id":"https:\/\/www.daisho.be\/de\/produit\/adidas-fender-heavy-straight\/","url":"https:\/\/www.daisho.be\/de\/produit\/adidas-fender-heavy-straight\/","name":"adidas Fender Heavy Straight &#8211; Daisho","isPartOf":{"@id":"https:\/\/www.daisho.be\/de\/#website"},"primaryImageOfPage":{"@id":"https:\/\/www.daisho.be\/de\/produit\/adidas-fender-heavy-straight\/#primaryimage"},"image":{"@id":"https:\/\/www.daisho.be\/de\/produit\/adidas-fender-heavy-straight\/#primaryimage"},"thumbnailUrl":"https:\/\/www.daisho.be\/wp-content\/uploads\/2021\/07\/image-1.png","datePublished":"2021-07-18T09:43:52+00:00","dateModified":"2025-10-09T12:06:43+00:00","description":"Das Adidas Fender Heavy ist ein langlebiges und robustes Kickkissen, da es aus Leder gefertigt ist. Kaufen Sie es auf www.daisho.be|Daisho","breadcrumb":{"@id":"https:\/\/www.daisho.be\/de\/produit\/adidas-fender-heavy-straight\/#breadcrumb"},"inLanguage":"de","potentialAction":[{"@type":"ReadAction","target":["https:\/\/www.daisho.be\/de\/produit\/adidas-fender-heavy-straight\/"]}]},{"@type":"ImageObject","inLanguage":"de","@id":"https:\/\/www.daisho.be\/de\/produit\/adidas-fender-heavy-straight\/#primaryimage","url":"https:\/\/www.daisho.be\/wp-content\/uploads\/2021\/07\/image-1.png","contentUrl":"https:\/\/www.daisho.be\/wp-content\/uploads\/2021\/07\/image-1.png","width":650,"height":650,"caption":"adidas Fender Heavy Straight-1"},{"@type":"BreadcrumbList","@id":"https:\/\/www.daisho.be\/de\/produit\/adidas-fender-heavy-straight\/#breadcrumb","itemListElement":[{"@type":"ListItem","position":1,"name":"Accueil","item":"https:\/\/www.daisho.be\/de\/"},{"@type":"ListItem","position":2,"name":"Produkte","item":"https:\/\/www.daisho.be\/de\/produkte\/"},{"@type":"ListItem","position":3,"name":"ADIDAS COMBAT SPORTS","item":"https:\/\/www.daisho.be\/de\/categorie-produit\/adidas-combat-sports-de\/"},{"@type":"ListItem","position":4,"name":"MMA","item":"https:\/\/www.daisho.be\/de\/categorie-produit\/adidas-combat-sports-de\/mma-de\/"},{"@type":"ListItem","position":5,"name":"Boxs\u00e4cke und Trainingszubeh\u00f6r","item":"https:\/\/www.daisho.be\/de\/categorie-produit\/adidas-combat-sports-de\/mma-de\/boxsacke-und-trainingszubehor\/"},{"@type":"ListItem","position":6,"name":"adidas Fender Heavy Straight"}]},{"@type":"WebSite","@id":"https:\/\/www.daisho.be\/de\/#website","url":"https:\/\/www.daisho.be\/de\/","name":"Daisho","description":"Sp&eacute;cialiste de l'&eacute;quipement sportif d'arts martiaux","publisher":{"@id":"https:\/\/www.daisho.be\/de\/#organization"},"potentialAction":[{"@type":"SearchAction","target":{"@type":"EntryPoint","urlTemplate":"https:\/\/www.daisho.be\/de\/?s={search_term_string}"},"query-input":{"@type":"PropertyValueSpecification","valueRequired":true,"valueName":"search_term_string"}}],"inLanguage":"de"},{"@type":"Organization","@id":"https:\/\/www.daisho.be\/de\/#organization","name":"Daisho","url":"https:\/\/www.daisho.be\/de\/","logo":{"@type":"ImageObject","inLanguage":"de","@id":"https:\/\/www.daisho.be\/de\/#\/schema\/logo\/image\/","url":"https:\/\/www.daisho.be\/wp-content\/uploads\/2019\/07\/color-nothing-horizontale4x-e1564486100247.png","contentUrl":"https:\/\/www.daisho.be\/wp-content\/uploads\/2019\/07\/color-nothing-horizontale4x-e1564486100247.png","width":1547,"height":385,"caption":"Daisho"},"image":{"@id":"https:\/\/www.daisho.be\/de\/#\/schema\/logo\/image\/"}}]}},"_links":{"self":[{"href":"https:\/\/www.daisho.be\/de\/wp-json\/wp\/v2\/product\/456571","targetHints":{"allow":["GET"]}}],"collection":[{"href":"https:\/\/www.daisho.be\/de\/wp-json\/wp\/v2\/product"}],"about":[{"href":"https:\/\/www.daisho.be\/de\/wp-json\/wp\/v2\/types\/product"}],"replies":[{"embeddable":true,"href":"https:\/\/www.daisho.be\/de\/wp-json\/wp\/v2\/comments?post=456571"}],"wp:featuredmedia":[{"embeddable":true,"href":"https:\/\/www.daisho.be\/de\/wp-json\/wp\/v2\/media\/456573"}],"wp:attachment":[{"href":"https:\/\/www.daisho.be\/de\/wp-json\/wp\/v2\/media?parent=456571"}],"wp:term":[{"taxonomy":"product_brand","embeddable":true,"href":"https:\/\/www.daisho.be\/de\/wp-json\/wp\/v2\/product_brand?post=456571"},{"taxonomy":"product_cat","embeddable":true,"href":"https:\/\/www.daisho.be\/de\/wp-json\/wp\/v2\/product_cat?post=456571"},{"taxonomy":"product_tag","embeddable":true,"href":"https:\/\/www.daisho.be\/de\/wp-json\/wp\/v2\/product_tag?post=456571"},{"taxonomy":"sport","embeddable":true,"href":"https:\/\/www.daisho.be\/de\/wp-json\/wp\/v2\/sport?post=456571"}],"curies":[{"name":"wp","href":"https:\/\/api.w.org\/{rel}","templated":true}]}}