{"id":456561,"date":"2021-07-18T11:44:24","date_gmt":"2021-07-18T09:44:24","guid":{"rendered":"https:\/\/www.daisho.be\/produit\/adidas-focus-thai-pad-schwarz-weiss-satz-von-2\/"},"modified":"2025-12-24T11:21:03","modified_gmt":"2025-12-24T10:21:03","slug":"adidas-focus-thai-pad-schwarz-weiss-satz-von-2","status":"publish","type":"product","link":"https:\/\/www.daisho.be\/de\/produit\/adidas-focus-thai-pad-schwarz-weiss-satz-von-2\/","title":{"rendered":"adidas Focus Thai Pad Schwarz\/Wei\u00df (Satz von 2)"},"content":{"rendered":"<p>Diese thail\u00e4ndische Mittaine wurde speziell f\u00fcr den professionellen Gebrauch entwickelt. Diese Mittaine ist aus strapazierf\u00e4higem synthetischem Vinyl gefertigt, das sehr robust und langlebig ist. Auf der R\u00fcckseite befinden sich 3 starke Riemen, die verstellbar sind, um die Manschette sicher zu halten. Am Ellbogen befindet sich ein zus\u00e4tzliches Kissen f\u00fcr zus\u00e4tzlichen Schutz und Komfort, das auch Treppenstufen abfedert. Die Polsterung besteht aus einem extra starken, geschichteten EVA-Schaumstoff, der sicherstellt, dass das Polster keinen Hohlraum erzeugt, sondern Tritte und Schl\u00e4ge auf ein Minimum reduziert. Es gibt auch Bel\u00fcftungsl\u00f6cher, damit die Luft, die aus dem Kissen gepresst wird, richtig entweichen kann und das Kissen nicht rei\u00dft. All dies zusammen bietet einen hohen Trainingskomfort. Dieses Kissen ist ideal zum \u00dcben von Schl\u00e4gen und Tritten, sowohl auf der Seite Ihres Trainers als auch auf der Seite Ihres Trainingspartners. Das Kissen wird im 2er-Set geliefert.<br \/>\nGeeignet f\u00fcr alle Kampfsportler. Sowohl f\u00fcr den Trainer als auch f\u00fcr den Sch\u00fcler.<br \/>\nVorteile: &#8211; robustes und langlebiges synthetisches Vinyl &#8211; f\u00fcr Profis und Amateure &#8211; gute Absorptionsf\u00e4higkeit &#8211; sicher f\u00fcr H\u00e4nde und F\u00fc\u00dfe &#8211; verstellbare Riemen &#8211; gute Haftung dank der robusten Riemen.         <\/p>\n","protected":false},"excerpt":{"rendered":"<p>Diese thail\u00e4ndische Mittaine wurde speziell f\u00fcr den professionellen Gebrauch entwickelt. Diese Mittaine ist aus strapazierf\u00e4higem synthetischem Vinyl gefertigt, das sehr robust und langlebig ist. Auf der R\u00fcckseite befinden sich 3 starke Riemen, die verstellbar sind, um die Manschette sicher zu halten. Am Ellbogen befindet sich ein zus\u00e4tzliches Kissen f\u00fcr zus\u00e4tzlichen Schutz und Komfort, das auch [&hellip;]<\/p>\n","protected":false},"featured_media":456564,"comment_status":"open","ping_status":"closed","template":"","meta":{"inline_featured_image":false},"product_brand":[],"product_cat":[2132,2252,2278,2133],"product_tag":[2178],"sport":[],"class_list":{"0":"post-456561","1":"product","2":"type-product","3":"status-publish","4":"has-post-thumbnail","6":"product_cat-boxsacke","7":"product_cat-boxsacke-und-trainingszubehor","8":"product_cat-boxsacke-und-trainingszubehor-boxen","9":"product_cat-muay-thai-trainingsmaterial","10":"product_tag-adidas-de","11":"pa_size-sans-taille-defaut","13":"first","14":"instock","15":"taxable","16":"shipping-taxable","17":"purchasable","18":"product-type-variable"},"yoast_head":"<!-- This site is optimized with the Yoast SEO plugin v27.2 - https:\/\/yoast.com\/product\/yoast-seo-wordpress\/ -->\n<title>adidas Focus Thai Pad Schwarz\/Wei\u00df (Satz von 2) &#8211; Daisho<\/title>\n<meta name=\"description\" content=\"Entdecken Sie den F\u00e4ustling, der vollst\u00e4ndig in Thailand hergestellt wird. Er ist f\u00fcr Berufst\u00e4tige geeignet. Kaufen Sie ihn auf www.daisho.be|Daisho.\" \/>\n<meta name=\"robots\" content=\"index, follow, max-snippet:-1, max-image-preview:large, max-video-preview:-1\" \/>\n<link rel=\"canonical\" href=\"https:\/\/www.daisho.be\/de\/produit\/adidas-focus-thai-pad-schwarz-weiss-satz-von-2\/\" \/>\n<meta property=\"og:locale\" content=\"de_DE\" \/>\n<meta property=\"og:type\" content=\"article\" \/>\n<meta property=\"og:title\" content=\"adidas Focus Thai Pad Schwarz\/Wei\u00df (Satz von 2) &#8211; Daisho\" \/>\n<meta property=\"og:description\" content=\"Entdecken Sie den F\u00e4ustling, der vollst\u00e4ndig in Thailand hergestellt wird. Er ist f\u00fcr Berufst\u00e4tige geeignet. Kaufen Sie ihn auf www.daisho.be|Daisho.\" \/>\n<meta property=\"og:url\" content=\"https:\/\/www.daisho.be\/de\/produit\/adidas-focus-thai-pad-schwarz-weiss-satz-von-2\/\" \/>\n<meta property=\"og:site_name\" content=\"Daisho\" \/>\n<meta property=\"article:modified_time\" content=\"2025-12-24T10:21:03+00:00\" \/>\n<meta property=\"og:image\" content=\"https:\/\/www.daisho.be\/wp-content\/uploads\/2024\/04\/image-10.jpg\" \/>\n\t<meta property=\"og:image:width\" content=\"650\" \/>\n\t<meta property=\"og:image:height\" content=\"650\" \/>\n\t<meta property=\"og:image:type\" content=\"image\/jpeg\" \/>\n<meta name=\"twitter:card\" content=\"summary_large_image\" \/>\n<meta name=\"twitter:label1\" content=\"Gesch\u00e4tzte Lesezeit\" \/>\n\t<meta name=\"twitter:data1\" content=\"1\u00a0Minute\" \/>\n<script type=\"application\/ld+json\" class=\"yoast-schema-graph\">{\"@context\":\"https:\/\/schema.org\",\"@graph\":[{\"@type\":\"WebPage\",\"@id\":\"https:\/\/www.daisho.be\/de\/produit\/adidas-focus-thai-pad-schwarz-weiss-satz-von-2\/\",\"url\":\"https:\/\/www.daisho.be\/de\/produit\/adidas-focus-thai-pad-schwarz-weiss-satz-von-2\/\",\"name\":\"adidas Focus Thai Pad Schwarz\/Wei\u00df (Satz von 2) &#8211; Daisho\",\"isPartOf\":{\"@id\":\"https:\/\/www.daisho.be\/de\/#website\"},\"primaryImageOfPage\":{\"@id\":\"https:\/\/www.daisho.be\/de\/produit\/adidas-focus-thai-pad-schwarz-weiss-satz-von-2\/#primaryimage\"},\"image\":{\"@id\":\"https:\/\/www.daisho.be\/de\/produit\/adidas-focus-thai-pad-schwarz-weiss-satz-von-2\/#primaryimage\"},\"thumbnailUrl\":\"https:\/\/www.daisho.be\/wp-content\/uploads\/2024\/04\/image-10.jpg\",\"datePublished\":\"2021-07-18T09:44:24+00:00\",\"dateModified\":\"2025-12-24T10:21:03+00:00\",\"description\":\"Entdecken Sie den F\u00e4ustling, der vollst\u00e4ndig in Thailand hergestellt wird. Er ist f\u00fcr Berufst\u00e4tige geeignet. Kaufen Sie ihn auf www.daisho.be|Daisho.\",\"breadcrumb\":{\"@id\":\"https:\/\/www.daisho.be\/de\/produit\/adidas-focus-thai-pad-schwarz-weiss-satz-von-2\/#breadcrumb\"},\"inLanguage\":\"de\",\"potentialAction\":[{\"@type\":\"ReadAction\",\"target\":[\"https:\/\/www.daisho.be\/de\/produit\/adidas-focus-thai-pad-schwarz-weiss-satz-von-2\/\"]}]},{\"@type\":\"ImageObject\",\"inLanguage\":\"de\",\"@id\":\"https:\/\/www.daisho.be\/de\/produit\/adidas-focus-thai-pad-schwarz-weiss-satz-von-2\/#primaryimage\",\"url\":\"https:\/\/www.daisho.be\/wp-content\/uploads\/2024\/04\/image-10.jpg\",\"contentUrl\":\"https:\/\/www.daisho.be\/wp-content\/uploads\/2024\/04\/image-10.jpg\",\"width\":650,\"height\":650,\"caption\":\"adidas Focus Thai Pad Schwarz\/Wei\u00df (2er Set)-1\"},{\"@type\":\"BreadcrumbList\",\"@id\":\"https:\/\/www.daisho.be\/de\/produit\/adidas-focus-thai-pad-schwarz-weiss-satz-von-2\/#breadcrumb\",\"itemListElement\":[{\"@type\":\"ListItem\",\"position\":1,\"name\":\"Accueil\",\"item\":\"https:\/\/www.daisho.be\/de\/\"},{\"@type\":\"ListItem\",\"position\":2,\"name\":\"Produkte\",\"item\":\"https:\/\/www.daisho.be\/de\/produkte\/\"},{\"@type\":\"ListItem\",\"position\":3,\"name\":\"ADIDAS COMBAT SPORTS\",\"item\":\"https:\/\/www.daisho.be\/de\/categorie-produit\/adidas-combat-sports-de\/\"},{\"@type\":\"ListItem\",\"position\":4,\"name\":\"MMA\",\"item\":\"https:\/\/www.daisho.be\/de\/categorie-produit\/adidas-combat-sports-de\/mma-de\/\"},{\"@type\":\"ListItem\",\"position\":5,\"name\":\"Boxs\u00e4cke und Trainingszubeh\u00f6r\",\"item\":\"https:\/\/www.daisho.be\/de\/categorie-produit\/adidas-combat-sports-de\/mma-de\/boxsacke-und-trainingszubehor\/\"},{\"@type\":\"ListItem\",\"position\":6,\"name\":\"adidas Focus Thai Pad Schwarz\/Wei\u00df (Satz von 2)\"}]},{\"@type\":\"WebSite\",\"@id\":\"https:\/\/www.daisho.be\/de\/#website\",\"url\":\"https:\/\/www.daisho.be\/de\/\",\"name\":\"Daisho\",\"description\":\"Sp&eacute;cialiste de l'&eacute;quipement sportif d'arts martiaux\",\"publisher\":{\"@id\":\"https:\/\/www.daisho.be\/de\/#organization\"},\"potentialAction\":[{\"@type\":\"SearchAction\",\"target\":{\"@type\":\"EntryPoint\",\"urlTemplate\":\"https:\/\/www.daisho.be\/de\/?s={search_term_string}\"},\"query-input\":{\"@type\":\"PropertyValueSpecification\",\"valueRequired\":true,\"valueName\":\"search_term_string\"}}],\"inLanguage\":\"de\"},{\"@type\":\"Organization\",\"@id\":\"https:\/\/www.daisho.be\/de\/#organization\",\"name\":\"Daisho\",\"url\":\"https:\/\/www.daisho.be\/de\/\",\"logo\":{\"@type\":\"ImageObject\",\"inLanguage\":\"de\",\"@id\":\"https:\/\/www.daisho.be\/de\/#\/schema\/logo\/image\/\",\"url\":\"https:\/\/www.daisho.be\/wp-content\/uploads\/2019\/07\/color-nothing-horizontale4x-e1564486100247.png\",\"contentUrl\":\"https:\/\/www.daisho.be\/wp-content\/uploads\/2019\/07\/color-nothing-horizontale4x-e1564486100247.png\",\"width\":1547,\"height\":385,\"caption\":\"Daisho\"},\"image\":{\"@id\":\"https:\/\/www.daisho.be\/de\/#\/schema\/logo\/image\/\"}}]}<\/script>\n<!-- \/ Yoast SEO plugin. -->","yoast_head_json":{"title":"adidas Focus Thai Pad Schwarz\/Wei\u00df (Satz von 2) &#8211; Daisho","description":"Entdecken Sie den F\u00e4ustling, der vollst\u00e4ndig in Thailand hergestellt wird. Er ist f\u00fcr Berufst\u00e4tige geeignet. Kaufen Sie ihn auf www.daisho.be|Daisho.","robots":{"index":"index","follow":"follow","max-snippet":"max-snippet:-1","max-image-preview":"max-image-preview:large","max-video-preview":"max-video-preview:-1"},"canonical":"https:\/\/www.daisho.be\/de\/produit\/adidas-focus-thai-pad-schwarz-weiss-satz-von-2\/","og_locale":"de_DE","og_type":"article","og_title":"adidas Focus Thai Pad Schwarz\/Wei\u00df (Satz von 2) &#8211; Daisho","og_description":"Entdecken Sie den F\u00e4ustling, der vollst\u00e4ndig in Thailand hergestellt wird. Er ist f\u00fcr Berufst\u00e4tige geeignet. Kaufen Sie ihn auf www.daisho.be|Daisho.","og_url":"https:\/\/www.daisho.be\/de\/produit\/adidas-focus-thai-pad-schwarz-weiss-satz-von-2\/","og_site_name":"Daisho","article_modified_time":"2025-12-24T10:21:03+00:00","og_image":[{"width":650,"height":650,"url":"https:\/\/www.daisho.be\/wp-content\/uploads\/2024\/04\/image-10.jpg","type":"image\/jpeg"}],"twitter_card":"summary_large_image","twitter_misc":{"Gesch\u00e4tzte Lesezeit":"1\u00a0Minute"},"schema":{"@context":"https:\/\/schema.org","@graph":[{"@type":"WebPage","@id":"https:\/\/www.daisho.be\/de\/produit\/adidas-focus-thai-pad-schwarz-weiss-satz-von-2\/","url":"https:\/\/www.daisho.be\/de\/produit\/adidas-focus-thai-pad-schwarz-weiss-satz-von-2\/","name":"adidas Focus Thai Pad Schwarz\/Wei\u00df (Satz von 2) &#8211; Daisho","isPartOf":{"@id":"https:\/\/www.daisho.be\/de\/#website"},"primaryImageOfPage":{"@id":"https:\/\/www.daisho.be\/de\/produit\/adidas-focus-thai-pad-schwarz-weiss-satz-von-2\/#primaryimage"},"image":{"@id":"https:\/\/www.daisho.be\/de\/produit\/adidas-focus-thai-pad-schwarz-weiss-satz-von-2\/#primaryimage"},"thumbnailUrl":"https:\/\/www.daisho.be\/wp-content\/uploads\/2024\/04\/image-10.jpg","datePublished":"2021-07-18T09:44:24+00:00","dateModified":"2025-12-24T10:21:03+00:00","description":"Entdecken Sie den F\u00e4ustling, der vollst\u00e4ndig in Thailand hergestellt wird. Er ist f\u00fcr Berufst\u00e4tige geeignet. Kaufen Sie ihn auf www.daisho.be|Daisho.","breadcrumb":{"@id":"https:\/\/www.daisho.be\/de\/produit\/adidas-focus-thai-pad-schwarz-weiss-satz-von-2\/#breadcrumb"},"inLanguage":"de","potentialAction":[{"@type":"ReadAction","target":["https:\/\/www.daisho.be\/de\/produit\/adidas-focus-thai-pad-schwarz-weiss-satz-von-2\/"]}]},{"@type":"ImageObject","inLanguage":"de","@id":"https:\/\/www.daisho.be\/de\/produit\/adidas-focus-thai-pad-schwarz-weiss-satz-von-2\/#primaryimage","url":"https:\/\/www.daisho.be\/wp-content\/uploads\/2024\/04\/image-10.jpg","contentUrl":"https:\/\/www.daisho.be\/wp-content\/uploads\/2024\/04\/image-10.jpg","width":650,"height":650,"caption":"adidas Focus Thai Pad Schwarz\/Wei\u00df (2er Set)-1"},{"@type":"BreadcrumbList","@id":"https:\/\/www.daisho.be\/de\/produit\/adidas-focus-thai-pad-schwarz-weiss-satz-von-2\/#breadcrumb","itemListElement":[{"@type":"ListItem","position":1,"name":"Accueil","item":"https:\/\/www.daisho.be\/de\/"},{"@type":"ListItem","position":2,"name":"Produkte","item":"https:\/\/www.daisho.be\/de\/produkte\/"},{"@type":"ListItem","position":3,"name":"ADIDAS COMBAT SPORTS","item":"https:\/\/www.daisho.be\/de\/categorie-produit\/adidas-combat-sports-de\/"},{"@type":"ListItem","position":4,"name":"MMA","item":"https:\/\/www.daisho.be\/de\/categorie-produit\/adidas-combat-sports-de\/mma-de\/"},{"@type":"ListItem","position":5,"name":"Boxs\u00e4cke und Trainingszubeh\u00f6r","item":"https:\/\/www.daisho.be\/de\/categorie-produit\/adidas-combat-sports-de\/mma-de\/boxsacke-und-trainingszubehor\/"},{"@type":"ListItem","position":6,"name":"adidas Focus Thai Pad Schwarz\/Wei\u00df (Satz von 2)"}]},{"@type":"WebSite","@id":"https:\/\/www.daisho.be\/de\/#website","url":"https:\/\/www.daisho.be\/de\/","name":"Daisho","description":"Sp&eacute;cialiste de l'&eacute;quipement sportif d'arts martiaux","publisher":{"@id":"https:\/\/www.daisho.be\/de\/#organization"},"potentialAction":[{"@type":"SearchAction","target":{"@type":"EntryPoint","urlTemplate":"https:\/\/www.daisho.be\/de\/?s={search_term_string}"},"query-input":{"@type":"PropertyValueSpecification","valueRequired":true,"valueName":"search_term_string"}}],"inLanguage":"de"},{"@type":"Organization","@id":"https:\/\/www.daisho.be\/de\/#organization","name":"Daisho","url":"https:\/\/www.daisho.be\/de\/","logo":{"@type":"ImageObject","inLanguage":"de","@id":"https:\/\/www.daisho.be\/de\/#\/schema\/logo\/image\/","url":"https:\/\/www.daisho.be\/wp-content\/uploads\/2019\/07\/color-nothing-horizontale4x-e1564486100247.png","contentUrl":"https:\/\/www.daisho.be\/wp-content\/uploads\/2019\/07\/color-nothing-horizontale4x-e1564486100247.png","width":1547,"height":385,"caption":"Daisho"},"image":{"@id":"https:\/\/www.daisho.be\/de\/#\/schema\/logo\/image\/"}}]}},"_links":{"self":[{"href":"https:\/\/www.daisho.be\/de\/wp-json\/wp\/v2\/product\/456561","targetHints":{"allow":["GET"]}}],"collection":[{"href":"https:\/\/www.daisho.be\/de\/wp-json\/wp\/v2\/product"}],"about":[{"href":"https:\/\/www.daisho.be\/de\/wp-json\/wp\/v2\/types\/product"}],"replies":[{"embeddable":true,"href":"https:\/\/www.daisho.be\/de\/wp-json\/wp\/v2\/comments?post=456561"}],"wp:featuredmedia":[{"embeddable":true,"href":"https:\/\/www.daisho.be\/de\/wp-json\/wp\/v2\/media\/456564"}],"wp:attachment":[{"href":"https:\/\/www.daisho.be\/de\/wp-json\/wp\/v2\/media?parent=456561"}],"wp:term":[{"taxonomy":"product_brand","embeddable":true,"href":"https:\/\/www.daisho.be\/de\/wp-json\/wp\/v2\/product_brand?post=456561"},{"taxonomy":"product_cat","embeddable":true,"href":"https:\/\/www.daisho.be\/de\/wp-json\/wp\/v2\/product_cat?post=456561"},{"taxonomy":"product_tag","embeddable":true,"href":"https:\/\/www.daisho.be\/de\/wp-json\/wp\/v2\/product_tag?post=456561"},{"taxonomy":"sport","embeddable":true,"href":"https:\/\/www.daisho.be\/de\/wp-json\/wp\/v2\/sport?post=456561"}],"curies":[{"name":"wp","href":"https:\/\/api.w.org\/{rel}","templated":true}]}}