{"id":456555,"date":"2021-07-18T11:43:24","date_gmt":"2021-07-18T09:43:24","guid":{"rendered":"https:\/\/www.daisho.be\/produit\/adidas-e-foot-protector\/"},"modified":"2025-10-09T14:06:50","modified_gmt":"2025-10-09T12:06:50","slug":"adidas-e-foot-protector","status":"publish","type":"product","link":"https:\/\/www.daisho.be\/de\/produit\/adidas-e-foot-protector\/","title":{"rendered":"adidas E-Foot Protector"},"content":{"rendered":"<p>Dieser adidas e-foot Protektor ist ein Muss f\u00fcr jedes gr\u00f6\u00dfere Turnier.<br \/>\nIst es nicht unfair, wenn ein Teilnehmer mit einem schwachen Tritt einen Punkt erzielt? Ein Richter, der genau diesen einen Tritt \u00fcbersieht, der ein Spiel unfair macht? Mit dem adidas E-Body Protector geh\u00f6rt dies der Vergangenheit an.<br \/>\nDie KP&amp;P-Systeme wurden in den letzten 3 Jahren bei \u00fcber 150 Wettk\u00e4mpfen in Korea eingesetzt und wurden speziell f\u00fcr Taekwondo entwickelt und optimiert.<br \/>\nDer Protektor hat das gleiche geringe Gewicht wie ein Standard-Fu\u00dfschutz, aber mit einer einzigartigen Technologie, die mittels Sensoren anzeigt, wenn ein Punkt erzielt wird. Der Protektor ist drahtlos, sicher und funktioniert nur in Kombination mit dem e-Body Protektor und dem Empf\u00e4nger + Ladeger\u00e4t. Der e-foot Protektor wird als Paar geliefert.<br \/>\nVorteile:<br \/>\n&#8211; keine Fehler, die von den Richtern gemessen werden<br \/>\n&#8211; klare Bewertung<br \/>\n&#8211; fortschrittliches System<br \/>\n&#8211; das System erkennt 99,9% aller Bewegungen<br \/>\n&#8211; das System erkennt sogar verschiedene Tritte wie z.B. Wendeltreppen.    <\/p>\n","protected":false},"excerpt":{"rendered":"<p>Dieser adidas e-foot Protektor ist ein Muss f\u00fcr jedes gr\u00f6\u00dfere Turnier. Ist es nicht unfair, wenn ein Teilnehmer mit einem schwachen Tritt einen Punkt erzielt? Ein Richter, der genau diesen einen Tritt \u00fcbersieht, der ein Spiel unfair macht? Mit dem adidas E-Body Protector geh\u00f6rt dies der Vergangenheit an. Die KP&amp;P-Systeme wurden in den letzten 3 [&hellip;]<\/p>\n","protected":false},"featured_media":456558,"comment_status":"open","ping_status":"closed","template":"","meta":{"inline_featured_image":false},"product_brand":[],"product_cat":[2051,2092,2183],"product_tag":[2178],"sport":[],"class_list":{"0":"post-456555","1":"product","2":"type-product","3":"status-publish","4":"has-post-thumbnail","6":"product_cat-schutz","7":"product_cat-taekwondo-protektoren","8":"product_cat-taekwondo-protektoren-adidas","9":"product_tag-adidas-de","10":"pa_size-395","11":"pa_size-392","12":"pa_size-391","14":"first","15":"instock","16":"taxable","17":"shipping-taxable","18":"purchasable","19":"product-type-variable"},"yoast_head":"<!-- This site is optimized with the Yoast SEO plugin v27.2 - https:\/\/yoast.com\/product\/yoast-seo-wordpress\/ -->\n<title>adidas E-Foot Protector &#8211; Daisho<\/title>\n<meta name=\"description\" content=\"Entdecken Sie den E-Fu\u00dfball-Schutz, der Sie bei Ihren Wettk\u00e4mpfen vor Fehlentscheidungen der Schiedsrichter sch\u00fctzt. Kaufen Sie es auf unserer Website www.daisho.be|Daisho.\" \/>\n<meta name=\"robots\" content=\"index, follow, max-snippet:-1, max-image-preview:large, max-video-preview:-1\" \/>\n<link rel=\"canonical\" href=\"https:\/\/www.daisho.be\/de\/produit\/adidas-e-foot-protector\/\" \/>\n<meta property=\"og:locale\" content=\"de_DE\" \/>\n<meta property=\"og:type\" content=\"article\" \/>\n<meta property=\"og:title\" content=\"adidas E-Foot Protector &#8211; Daisho\" \/>\n<meta property=\"og:description\" content=\"Entdecken Sie den E-Fu\u00dfball-Schutz, der Sie bei Ihren Wettk\u00e4mpfen vor Fehlentscheidungen der Schiedsrichter sch\u00fctzt. Kaufen Sie es auf unserer Website www.daisho.be|Daisho.\" \/>\n<meta property=\"og:url\" content=\"https:\/\/www.daisho.be\/de\/produit\/adidas-e-foot-protector\/\" \/>\n<meta property=\"og:site_name\" content=\"Daisho\" \/>\n<meta property=\"article:modified_time\" content=\"2025-10-09T12:06:50+00:00\" \/>\n<meta property=\"og:image\" content=\"https:\/\/www.daisho.be\/wp-content\/uploads\/2024\/10\/image-3.png\" \/>\n\t<meta property=\"og:image:width\" content=\"453\" \/>\n\t<meta property=\"og:image:height\" content=\"586\" \/>\n\t<meta property=\"og:image:type\" content=\"image\/png\" \/>\n<meta name=\"twitter:card\" content=\"summary_large_image\" \/>\n<meta name=\"twitter:label1\" content=\"Gesch\u00e4tzte Lesezeit\" \/>\n\t<meta name=\"twitter:data1\" content=\"1\u00a0Minute\" \/>\n<script type=\"application\/ld+json\" class=\"yoast-schema-graph\">{\"@context\":\"https:\/\/schema.org\",\"@graph\":[{\"@type\":\"WebPage\",\"@id\":\"https:\/\/www.daisho.be\/de\/produit\/adidas-e-foot-protector\/\",\"url\":\"https:\/\/www.daisho.be\/de\/produit\/adidas-e-foot-protector\/\",\"name\":\"adidas E-Foot Protector &#8211; Daisho\",\"isPartOf\":{\"@id\":\"https:\/\/www.daisho.be\/de\/#website\"},\"primaryImageOfPage\":{\"@id\":\"https:\/\/www.daisho.be\/de\/produit\/adidas-e-foot-protector\/#primaryimage\"},\"image\":{\"@id\":\"https:\/\/www.daisho.be\/de\/produit\/adidas-e-foot-protector\/#primaryimage\"},\"thumbnailUrl\":\"https:\/\/www.daisho.be\/wp-content\/uploads\/2024\/10\/image-3.png\",\"datePublished\":\"2021-07-18T09:43:24+00:00\",\"dateModified\":\"2025-10-09T12:06:50+00:00\",\"description\":\"Entdecken Sie den E-Fu\u00dfball-Schutz, der Sie bei Ihren Wettk\u00e4mpfen vor Fehlentscheidungen der Schiedsrichter sch\u00fctzt. Kaufen Sie es auf unserer Website www.daisho.be|Daisho.\",\"breadcrumb\":{\"@id\":\"https:\/\/www.daisho.be\/de\/produit\/adidas-e-foot-protector\/#breadcrumb\"},\"inLanguage\":\"de\",\"potentialAction\":[{\"@type\":\"ReadAction\",\"target\":[\"https:\/\/www.daisho.be\/de\/produit\/adidas-e-foot-protector\/\"]}]},{\"@type\":\"ImageObject\",\"inLanguage\":\"de\",\"@id\":\"https:\/\/www.daisho.be\/de\/produit\/adidas-e-foot-protector\/#primaryimage\",\"url\":\"https:\/\/www.daisho.be\/wp-content\/uploads\/2024\/10\/image-3.png\",\"contentUrl\":\"https:\/\/www.daisho.be\/wp-content\/uploads\/2024\/10\/image-3.png\",\"width\":453,\"height\":586,\"caption\":\"adidas E-Foot Protector-1\"},{\"@type\":\"BreadcrumbList\",\"@id\":\"https:\/\/www.daisho.be\/de\/produit\/adidas-e-foot-protector\/#breadcrumb\",\"itemListElement\":[{\"@type\":\"ListItem\",\"position\":1,\"name\":\"Accueil\",\"item\":\"https:\/\/www.daisho.be\/de\/\"},{\"@type\":\"ListItem\",\"position\":2,\"name\":\"Produkte\",\"item\":\"https:\/\/www.daisho.be\/de\/produkte\/\"},{\"@type\":\"ListItem\",\"position\":3,\"name\":\"Ausr\u00fcstung und Kleidung f\u00fcr Kampfkunst und Kampfsport\",\"item\":\"https:\/\/www.daisho.be\/de\/categorie-produit\/ausrustung-und-kleidung-fur-kampfkunst-und-kampfsport\/\"},{\"@type\":\"ListItem\",\"position\":4,\"name\":\"Taekwondo\",\"item\":\"https:\/\/www.daisho.be\/de\/categorie-produit\/ausrustung-und-kleidung-fur-kampfkunst-und-kampfsport\/taekwondo-de-2\/\"},{\"@type\":\"ListItem\",\"position\":5,\"name\":\"Taekwondo Protektoren\",\"item\":\"https:\/\/www.daisho.be\/de\/categorie-produit\/ausrustung-und-kleidung-fur-kampfkunst-und-kampfsport\/taekwondo-de-2\/taekwondo-protektoren\/\"},{\"@type\":\"ListItem\",\"position\":6,\"name\":\"adidas E-Foot Protector\"}]},{\"@type\":\"WebSite\",\"@id\":\"https:\/\/www.daisho.be\/de\/#website\",\"url\":\"https:\/\/www.daisho.be\/de\/\",\"name\":\"Daisho\",\"description\":\"Sp&eacute;cialiste de l'&eacute;quipement sportif d'arts martiaux\",\"publisher\":{\"@id\":\"https:\/\/www.daisho.be\/de\/#organization\"},\"potentialAction\":[{\"@type\":\"SearchAction\",\"target\":{\"@type\":\"EntryPoint\",\"urlTemplate\":\"https:\/\/www.daisho.be\/de\/?s={search_term_string}\"},\"query-input\":{\"@type\":\"PropertyValueSpecification\",\"valueRequired\":true,\"valueName\":\"search_term_string\"}}],\"inLanguage\":\"de\"},{\"@type\":\"Organization\",\"@id\":\"https:\/\/www.daisho.be\/de\/#organization\",\"name\":\"Daisho\",\"url\":\"https:\/\/www.daisho.be\/de\/\",\"logo\":{\"@type\":\"ImageObject\",\"inLanguage\":\"de\",\"@id\":\"https:\/\/www.daisho.be\/de\/#\/schema\/logo\/image\/\",\"url\":\"https:\/\/www.daisho.be\/wp-content\/uploads\/2019\/07\/color-nothing-horizontale4x-e1564486100247.png\",\"contentUrl\":\"https:\/\/www.daisho.be\/wp-content\/uploads\/2019\/07\/color-nothing-horizontale4x-e1564486100247.png\",\"width\":1547,\"height\":385,\"caption\":\"Daisho\"},\"image\":{\"@id\":\"https:\/\/www.daisho.be\/de\/#\/schema\/logo\/image\/\"}}]}<\/script>\n<!-- \/ Yoast SEO plugin. -->","yoast_head_json":{"title":"adidas E-Foot Protector &#8211; Daisho","description":"Entdecken Sie den E-Fu\u00dfball-Schutz, der Sie bei Ihren Wettk\u00e4mpfen vor Fehlentscheidungen der Schiedsrichter sch\u00fctzt. Kaufen Sie es auf unserer Website www.daisho.be|Daisho.","robots":{"index":"index","follow":"follow","max-snippet":"max-snippet:-1","max-image-preview":"max-image-preview:large","max-video-preview":"max-video-preview:-1"},"canonical":"https:\/\/www.daisho.be\/de\/produit\/adidas-e-foot-protector\/","og_locale":"de_DE","og_type":"article","og_title":"adidas E-Foot Protector &#8211; Daisho","og_description":"Entdecken Sie den E-Fu\u00dfball-Schutz, der Sie bei Ihren Wettk\u00e4mpfen vor Fehlentscheidungen der Schiedsrichter sch\u00fctzt. Kaufen Sie es auf unserer Website www.daisho.be|Daisho.","og_url":"https:\/\/www.daisho.be\/de\/produit\/adidas-e-foot-protector\/","og_site_name":"Daisho","article_modified_time":"2025-10-09T12:06:50+00:00","og_image":[{"width":453,"height":586,"url":"https:\/\/www.daisho.be\/wp-content\/uploads\/2024\/10\/image-3.png","type":"image\/png"}],"twitter_card":"summary_large_image","twitter_misc":{"Gesch\u00e4tzte Lesezeit":"1\u00a0Minute"},"schema":{"@context":"https:\/\/schema.org","@graph":[{"@type":"WebPage","@id":"https:\/\/www.daisho.be\/de\/produit\/adidas-e-foot-protector\/","url":"https:\/\/www.daisho.be\/de\/produit\/adidas-e-foot-protector\/","name":"adidas E-Foot Protector &#8211; Daisho","isPartOf":{"@id":"https:\/\/www.daisho.be\/de\/#website"},"primaryImageOfPage":{"@id":"https:\/\/www.daisho.be\/de\/produit\/adidas-e-foot-protector\/#primaryimage"},"image":{"@id":"https:\/\/www.daisho.be\/de\/produit\/adidas-e-foot-protector\/#primaryimage"},"thumbnailUrl":"https:\/\/www.daisho.be\/wp-content\/uploads\/2024\/10\/image-3.png","datePublished":"2021-07-18T09:43:24+00:00","dateModified":"2025-10-09T12:06:50+00:00","description":"Entdecken Sie den E-Fu\u00dfball-Schutz, der Sie bei Ihren Wettk\u00e4mpfen vor Fehlentscheidungen der Schiedsrichter sch\u00fctzt. Kaufen Sie es auf unserer Website www.daisho.be|Daisho.","breadcrumb":{"@id":"https:\/\/www.daisho.be\/de\/produit\/adidas-e-foot-protector\/#breadcrumb"},"inLanguage":"de","potentialAction":[{"@type":"ReadAction","target":["https:\/\/www.daisho.be\/de\/produit\/adidas-e-foot-protector\/"]}]},{"@type":"ImageObject","inLanguage":"de","@id":"https:\/\/www.daisho.be\/de\/produit\/adidas-e-foot-protector\/#primaryimage","url":"https:\/\/www.daisho.be\/wp-content\/uploads\/2024\/10\/image-3.png","contentUrl":"https:\/\/www.daisho.be\/wp-content\/uploads\/2024\/10\/image-3.png","width":453,"height":586,"caption":"adidas E-Foot Protector-1"},{"@type":"BreadcrumbList","@id":"https:\/\/www.daisho.be\/de\/produit\/adidas-e-foot-protector\/#breadcrumb","itemListElement":[{"@type":"ListItem","position":1,"name":"Accueil","item":"https:\/\/www.daisho.be\/de\/"},{"@type":"ListItem","position":2,"name":"Produkte","item":"https:\/\/www.daisho.be\/de\/produkte\/"},{"@type":"ListItem","position":3,"name":"Ausr\u00fcstung und Kleidung f\u00fcr Kampfkunst und Kampfsport","item":"https:\/\/www.daisho.be\/de\/categorie-produit\/ausrustung-und-kleidung-fur-kampfkunst-und-kampfsport\/"},{"@type":"ListItem","position":4,"name":"Taekwondo","item":"https:\/\/www.daisho.be\/de\/categorie-produit\/ausrustung-und-kleidung-fur-kampfkunst-und-kampfsport\/taekwondo-de-2\/"},{"@type":"ListItem","position":5,"name":"Taekwondo Protektoren","item":"https:\/\/www.daisho.be\/de\/categorie-produit\/ausrustung-und-kleidung-fur-kampfkunst-und-kampfsport\/taekwondo-de-2\/taekwondo-protektoren\/"},{"@type":"ListItem","position":6,"name":"adidas E-Foot Protector"}]},{"@type":"WebSite","@id":"https:\/\/www.daisho.be\/de\/#website","url":"https:\/\/www.daisho.be\/de\/","name":"Daisho","description":"Sp&eacute;cialiste de l'&eacute;quipement sportif d'arts martiaux","publisher":{"@id":"https:\/\/www.daisho.be\/de\/#organization"},"potentialAction":[{"@type":"SearchAction","target":{"@type":"EntryPoint","urlTemplate":"https:\/\/www.daisho.be\/de\/?s={search_term_string}"},"query-input":{"@type":"PropertyValueSpecification","valueRequired":true,"valueName":"search_term_string"}}],"inLanguage":"de"},{"@type":"Organization","@id":"https:\/\/www.daisho.be\/de\/#organization","name":"Daisho","url":"https:\/\/www.daisho.be\/de\/","logo":{"@type":"ImageObject","inLanguage":"de","@id":"https:\/\/www.daisho.be\/de\/#\/schema\/logo\/image\/","url":"https:\/\/www.daisho.be\/wp-content\/uploads\/2019\/07\/color-nothing-horizontale4x-e1564486100247.png","contentUrl":"https:\/\/www.daisho.be\/wp-content\/uploads\/2019\/07\/color-nothing-horizontale4x-e1564486100247.png","width":1547,"height":385,"caption":"Daisho"},"image":{"@id":"https:\/\/www.daisho.be\/de\/#\/schema\/logo\/image\/"}}]}},"_links":{"self":[{"href":"https:\/\/www.daisho.be\/de\/wp-json\/wp\/v2\/product\/456555","targetHints":{"allow":["GET"]}}],"collection":[{"href":"https:\/\/www.daisho.be\/de\/wp-json\/wp\/v2\/product"}],"about":[{"href":"https:\/\/www.daisho.be\/de\/wp-json\/wp\/v2\/types\/product"}],"replies":[{"embeddable":true,"href":"https:\/\/www.daisho.be\/de\/wp-json\/wp\/v2\/comments?post=456555"}],"wp:featuredmedia":[{"embeddable":true,"href":"https:\/\/www.daisho.be\/de\/wp-json\/wp\/v2\/media\/456558"}],"wp:attachment":[{"href":"https:\/\/www.daisho.be\/de\/wp-json\/wp\/v2\/media?parent=456555"}],"wp:term":[{"taxonomy":"product_brand","embeddable":true,"href":"https:\/\/www.daisho.be\/de\/wp-json\/wp\/v2\/product_brand?post=456555"},{"taxonomy":"product_cat","embeddable":true,"href":"https:\/\/www.daisho.be\/de\/wp-json\/wp\/v2\/product_cat?post=456555"},{"taxonomy":"product_tag","embeddable":true,"href":"https:\/\/www.daisho.be\/de\/wp-json\/wp\/v2\/product_tag?post=456555"},{"taxonomy":"sport","embeddable":true,"href":"https:\/\/www.daisho.be\/de\/wp-json\/wp\/v2\/sport?post=456555"}],"curies":[{"name":"wp","href":"https:\/\/api.w.org\/{rel}","templated":true}]}}