{"id":456506,"date":"2021-07-18T11:46:19","date_gmt":"2021-07-18T09:46:19","guid":{"rendered":"https:\/\/www.daisho.be\/produit\/adidas-muay-thai-tp200-handschuhe-schwarz-weiss\/"},"modified":"2025-12-30T16:25:53","modified_gmt":"2025-12-30T15:25:53","slug":"adidas-muay-thai-tp200-handschuhe-schwarz-weiss","status":"publish","type":"product","link":"https:\/\/www.daisho.be\/de\/produit\/adidas-muay-thai-tp200-handschuhe-schwarz-weiss\/","title":{"rendered":"adidas Muay Thai TP200 Handschuhe Schwarz\/Wei\u00df"},"content":{"rendered":"<p>Die adidas TP 200 Handschuhe sind echte thail\u00e4ndische Handschuhe. Sie werden in Thailand entworfen und aus thail\u00e4ndischem Leder und thail\u00e4ndischer Polsterung hergestellt. Die Handschuhe wurden entwickelt, um thail\u00e4ndischen K\u00e4mpfern zu erm\u00f6glichen, das Beste aus sich herauszuholen und wurden f\u00fcr das Training unter harten Bedingungen, sowohl im Thai- als auch im Kickboxunterricht, mit maximaler Intensit\u00e4t getestet. Die Handschuhe haben einen langen Klettverschluss f\u00fcr optimalen Halt am Handgelenk und eine Polsterung auf der Innenseite der Handschuhe.<br \/>\nDiese Handschuhe eignen sich f\u00fcr den professionellen K\u00e4mpfer, f\u00fcr den nur das Beste gut genug ist. Entwickelt als Thaiboxhandschuhe, aber auch gut geeignet f\u00fcr Kickboxen oder Originalboxen.<br \/>\nVorteile: &#8211; Hergestellt aus hochwertigem Leder &#8211; Polsterung auf der Innenseite der Handschuhe &#8211; Langer Klettverschluss    <\/p>\n","protected":false},"excerpt":{"rendered":"<p>Die adidas TP 200 Handschuhe sind echte thail\u00e4ndische Handschuhe. Sie werden in Thailand entworfen und aus thail\u00e4ndischem Leder und thail\u00e4ndischer Polsterung hergestellt. Die Handschuhe wurden entwickelt, um thail\u00e4ndischen K\u00e4mpfern zu erm\u00f6glichen, das Beste aus sich herauszuholen und wurden f\u00fcr das Training unter harten Bedingungen, sowohl im Thai- als auch im Kickboxunterricht, mit maximaler Intensit\u00e4t getestet. [&hellip;]<\/p>\n","protected":false},"featured_media":456514,"comment_status":"open","ping_status":"closed","template":"","meta":{"inline_featured_image":false},"product_brand":[],"product_cat":[2162,2309,2051],"product_tag":[2178],"sport":[],"class_list":{"0":"post-456506","1":"product","2":"type-product","3":"status-publish","4":"has-post-thumbnail","6":"product_cat-muay-thai-handschuhe","7":"product_cat-muay-thai-handschuhe-adidas","8":"product_cat-schutz","9":"product_tag-adidas-de","10":"pa_size-371","11":"pa_size-370","12":"pa_size-461","14":"first","15":"instock","16":"taxable","17":"shipping-taxable","18":"purchasable","19":"product-type-variable"},"yoast_head":"<!-- This site is optimized with the Yoast SEO plugin v27.2 - https:\/\/yoast.com\/product\/yoast-seo-wordpress\/ -->\n<title>adidas Muay Thai TP200 Handschuhe Schwarz\/Wei\u00df &#8211; Daisho<\/title>\n<meta name=\"description\" content=\"Entdecken Sie die TP200 Handschuhe, die vollst\u00e4ndig in Thailand hergestellt werden. Kaufen Sie sie jetzt auf unserer Webseite www.daisho.be|Daisho\" \/>\n<meta name=\"robots\" content=\"index, follow, max-snippet:-1, max-image-preview:large, max-video-preview:-1\" \/>\n<link rel=\"canonical\" href=\"https:\/\/www.daisho.be\/de\/produit\/adidas-muay-thai-tp200-handschuhe-schwarz-weiss\/\" \/>\n<meta property=\"og:locale\" content=\"de_DE\" \/>\n<meta property=\"og:type\" content=\"article\" \/>\n<meta property=\"og:title\" content=\"adidas Muay Thai TP200 Handschuhe Schwarz\/Wei\u00df &#8211; Daisho\" \/>\n<meta property=\"og:description\" content=\"Entdecken Sie die TP200 Handschuhe, die vollst\u00e4ndig in Thailand hergestellt werden. Kaufen Sie sie jetzt auf unserer Webseite www.daisho.be|Daisho\" \/>\n<meta property=\"og:url\" content=\"https:\/\/www.daisho.be\/de\/produit\/adidas-muay-thai-tp200-handschuhe-schwarz-weiss\/\" \/>\n<meta property=\"og:site_name\" content=\"Daisho\" \/>\n<meta property=\"article:modified_time\" content=\"2025-12-30T15:25:53+00:00\" \/>\n<meta property=\"og:image\" content=\"https:\/\/www.daisho.be\/wp-content\/uploads\/2023\/11\/image-152.jpg\" \/>\n\t<meta property=\"og:image:width\" content=\"650\" \/>\n\t<meta property=\"og:image:height\" content=\"650\" \/>\n\t<meta property=\"og:image:type\" content=\"image\/jpeg\" \/>\n<meta name=\"twitter:card\" content=\"summary_large_image\" \/>\n<meta name=\"twitter:label1\" content=\"Gesch\u00e4tzte Lesezeit\" \/>\n\t<meta name=\"twitter:data1\" content=\"1\u00a0Minute\" \/>\n<script type=\"application\/ld+json\" class=\"yoast-schema-graph\">{\"@context\":\"https:\/\/schema.org\",\"@graph\":[{\"@type\":\"WebPage\",\"@id\":\"https:\/\/www.daisho.be\/de\/produit\/adidas-muay-thai-tp200-handschuhe-schwarz-weiss\/\",\"url\":\"https:\/\/www.daisho.be\/de\/produit\/adidas-muay-thai-tp200-handschuhe-schwarz-weiss\/\",\"name\":\"adidas Muay Thai TP200 Handschuhe Schwarz\/Wei\u00df &#8211; Daisho\",\"isPartOf\":{\"@id\":\"https:\/\/www.daisho.be\/de\/#website\"},\"primaryImageOfPage\":{\"@id\":\"https:\/\/www.daisho.be\/de\/produit\/adidas-muay-thai-tp200-handschuhe-schwarz-weiss\/#primaryimage\"},\"image\":{\"@id\":\"https:\/\/www.daisho.be\/de\/produit\/adidas-muay-thai-tp200-handschuhe-schwarz-weiss\/#primaryimage\"},\"thumbnailUrl\":\"https:\/\/www.daisho.be\/wp-content\/uploads\/2023\/11\/image-152.jpg\",\"datePublished\":\"2021-07-18T09:46:19+00:00\",\"dateModified\":\"2025-12-30T15:25:53+00:00\",\"description\":\"Entdecken Sie die TP200 Handschuhe, die vollst\u00e4ndig in Thailand hergestellt werden. Kaufen Sie sie jetzt auf unserer Webseite www.daisho.be|Daisho\",\"breadcrumb\":{\"@id\":\"https:\/\/www.daisho.be\/de\/produit\/adidas-muay-thai-tp200-handschuhe-schwarz-weiss\/#breadcrumb\"},\"inLanguage\":\"de\",\"potentialAction\":[{\"@type\":\"ReadAction\",\"target\":[\"https:\/\/www.daisho.be\/de\/produit\/adidas-muay-thai-tp200-handschuhe-schwarz-weiss\/\"]}]},{\"@type\":\"ImageObject\",\"inLanguage\":\"de\",\"@id\":\"https:\/\/www.daisho.be\/de\/produit\/adidas-muay-thai-tp200-handschuhe-schwarz-weiss\/#primaryimage\",\"url\":\"https:\/\/www.daisho.be\/wp-content\/uploads\/2023\/11\/image-152.jpg\",\"contentUrl\":\"https:\/\/www.daisho.be\/wp-content\/uploads\/2023\/11\/image-152.jpg\",\"width\":650,\"height\":650,\"caption\":\"adidas Muay Thai TP200 Handschuhe Schwarz\/Wei\u00df-1\"},{\"@type\":\"BreadcrumbList\",\"@id\":\"https:\/\/www.daisho.be\/de\/produit\/adidas-muay-thai-tp200-handschuhe-schwarz-weiss\/#breadcrumb\",\"itemListElement\":[{\"@type\":\"ListItem\",\"position\":1,\"name\":\"Accueil\",\"item\":\"https:\/\/www.daisho.be\/de\/\"},{\"@type\":\"ListItem\",\"position\":2,\"name\":\"Produkte\",\"item\":\"https:\/\/www.daisho.be\/de\/produkte\/\"},{\"@type\":\"ListItem\",\"position\":3,\"name\":\"Ausr\u00fcstung und Kleidung f\u00fcr Kampfkunst und Kampfsport\",\"item\":\"https:\/\/www.daisho.be\/de\/categorie-produit\/ausrustung-und-kleidung-fur-kampfkunst-und-kampfsport\/\"},{\"@type\":\"ListItem\",\"position\":4,\"name\":\"Muay Thai\",\"item\":\"https:\/\/www.daisho.be\/de\/categorie-produit\/ausrustung-und-kleidung-fur-kampfkunst-und-kampfsport\/muay-thai-de-2\/\"},{\"@type\":\"ListItem\",\"position\":5,\"name\":\"Muay Thai Handschuhe\",\"item\":\"https:\/\/www.daisho.be\/de\/categorie-produit\/ausrustung-und-kleidung-fur-kampfkunst-und-kampfsport\/muay-thai-de-2\/muay-thai-handschuhe\/\"},{\"@type\":\"ListItem\",\"position\":6,\"name\":\"adidas Muay Thai TP200 Handschuhe Schwarz\/Wei\u00df\"}]},{\"@type\":\"WebSite\",\"@id\":\"https:\/\/www.daisho.be\/de\/#website\",\"url\":\"https:\/\/www.daisho.be\/de\/\",\"name\":\"Daisho\",\"description\":\"Sp&eacute;cialiste de l'&eacute;quipement sportif d'arts martiaux\",\"publisher\":{\"@id\":\"https:\/\/www.daisho.be\/de\/#organization\"},\"potentialAction\":[{\"@type\":\"SearchAction\",\"target\":{\"@type\":\"EntryPoint\",\"urlTemplate\":\"https:\/\/www.daisho.be\/de\/?s={search_term_string}\"},\"query-input\":{\"@type\":\"PropertyValueSpecification\",\"valueRequired\":true,\"valueName\":\"search_term_string\"}}],\"inLanguage\":\"de\"},{\"@type\":\"Organization\",\"@id\":\"https:\/\/www.daisho.be\/de\/#organization\",\"name\":\"Daisho\",\"url\":\"https:\/\/www.daisho.be\/de\/\",\"logo\":{\"@type\":\"ImageObject\",\"inLanguage\":\"de\",\"@id\":\"https:\/\/www.daisho.be\/de\/#\/schema\/logo\/image\/\",\"url\":\"https:\/\/www.daisho.be\/wp-content\/uploads\/2019\/07\/color-nothing-horizontale4x-e1564486100247.png\",\"contentUrl\":\"https:\/\/www.daisho.be\/wp-content\/uploads\/2019\/07\/color-nothing-horizontale4x-e1564486100247.png\",\"width\":1547,\"height\":385,\"caption\":\"Daisho\"},\"image\":{\"@id\":\"https:\/\/www.daisho.be\/de\/#\/schema\/logo\/image\/\"}}]}<\/script>\n<!-- \/ Yoast SEO plugin. -->","yoast_head_json":{"title":"adidas Muay Thai TP200 Handschuhe Schwarz\/Wei\u00df &#8211; Daisho","description":"Entdecken Sie die TP200 Handschuhe, die vollst\u00e4ndig in Thailand hergestellt werden. Kaufen Sie sie jetzt auf unserer Webseite www.daisho.be|Daisho","robots":{"index":"index","follow":"follow","max-snippet":"max-snippet:-1","max-image-preview":"max-image-preview:large","max-video-preview":"max-video-preview:-1"},"canonical":"https:\/\/www.daisho.be\/de\/produit\/adidas-muay-thai-tp200-handschuhe-schwarz-weiss\/","og_locale":"de_DE","og_type":"article","og_title":"adidas Muay Thai TP200 Handschuhe Schwarz\/Wei\u00df &#8211; Daisho","og_description":"Entdecken Sie die TP200 Handschuhe, die vollst\u00e4ndig in Thailand hergestellt werden. Kaufen Sie sie jetzt auf unserer Webseite www.daisho.be|Daisho","og_url":"https:\/\/www.daisho.be\/de\/produit\/adidas-muay-thai-tp200-handschuhe-schwarz-weiss\/","og_site_name":"Daisho","article_modified_time":"2025-12-30T15:25:53+00:00","og_image":[{"width":650,"height":650,"url":"https:\/\/www.daisho.be\/wp-content\/uploads\/2023\/11\/image-152.jpg","type":"image\/jpeg"}],"twitter_card":"summary_large_image","twitter_misc":{"Gesch\u00e4tzte Lesezeit":"1\u00a0Minute"},"schema":{"@context":"https:\/\/schema.org","@graph":[{"@type":"WebPage","@id":"https:\/\/www.daisho.be\/de\/produit\/adidas-muay-thai-tp200-handschuhe-schwarz-weiss\/","url":"https:\/\/www.daisho.be\/de\/produit\/adidas-muay-thai-tp200-handschuhe-schwarz-weiss\/","name":"adidas Muay Thai TP200 Handschuhe Schwarz\/Wei\u00df &#8211; Daisho","isPartOf":{"@id":"https:\/\/www.daisho.be\/de\/#website"},"primaryImageOfPage":{"@id":"https:\/\/www.daisho.be\/de\/produit\/adidas-muay-thai-tp200-handschuhe-schwarz-weiss\/#primaryimage"},"image":{"@id":"https:\/\/www.daisho.be\/de\/produit\/adidas-muay-thai-tp200-handschuhe-schwarz-weiss\/#primaryimage"},"thumbnailUrl":"https:\/\/www.daisho.be\/wp-content\/uploads\/2023\/11\/image-152.jpg","datePublished":"2021-07-18T09:46:19+00:00","dateModified":"2025-12-30T15:25:53+00:00","description":"Entdecken Sie die TP200 Handschuhe, die vollst\u00e4ndig in Thailand hergestellt werden. Kaufen Sie sie jetzt auf unserer Webseite www.daisho.be|Daisho","breadcrumb":{"@id":"https:\/\/www.daisho.be\/de\/produit\/adidas-muay-thai-tp200-handschuhe-schwarz-weiss\/#breadcrumb"},"inLanguage":"de","potentialAction":[{"@type":"ReadAction","target":["https:\/\/www.daisho.be\/de\/produit\/adidas-muay-thai-tp200-handschuhe-schwarz-weiss\/"]}]},{"@type":"ImageObject","inLanguage":"de","@id":"https:\/\/www.daisho.be\/de\/produit\/adidas-muay-thai-tp200-handschuhe-schwarz-weiss\/#primaryimage","url":"https:\/\/www.daisho.be\/wp-content\/uploads\/2023\/11\/image-152.jpg","contentUrl":"https:\/\/www.daisho.be\/wp-content\/uploads\/2023\/11\/image-152.jpg","width":650,"height":650,"caption":"adidas Muay Thai TP200 Handschuhe Schwarz\/Wei\u00df-1"},{"@type":"BreadcrumbList","@id":"https:\/\/www.daisho.be\/de\/produit\/adidas-muay-thai-tp200-handschuhe-schwarz-weiss\/#breadcrumb","itemListElement":[{"@type":"ListItem","position":1,"name":"Accueil","item":"https:\/\/www.daisho.be\/de\/"},{"@type":"ListItem","position":2,"name":"Produkte","item":"https:\/\/www.daisho.be\/de\/produkte\/"},{"@type":"ListItem","position":3,"name":"Ausr\u00fcstung und Kleidung f\u00fcr Kampfkunst und Kampfsport","item":"https:\/\/www.daisho.be\/de\/categorie-produit\/ausrustung-und-kleidung-fur-kampfkunst-und-kampfsport\/"},{"@type":"ListItem","position":4,"name":"Muay Thai","item":"https:\/\/www.daisho.be\/de\/categorie-produit\/ausrustung-und-kleidung-fur-kampfkunst-und-kampfsport\/muay-thai-de-2\/"},{"@type":"ListItem","position":5,"name":"Muay Thai Handschuhe","item":"https:\/\/www.daisho.be\/de\/categorie-produit\/ausrustung-und-kleidung-fur-kampfkunst-und-kampfsport\/muay-thai-de-2\/muay-thai-handschuhe\/"},{"@type":"ListItem","position":6,"name":"adidas Muay Thai TP200 Handschuhe Schwarz\/Wei\u00df"}]},{"@type":"WebSite","@id":"https:\/\/www.daisho.be\/de\/#website","url":"https:\/\/www.daisho.be\/de\/","name":"Daisho","description":"Sp&eacute;cialiste de l'&eacute;quipement sportif d'arts martiaux","publisher":{"@id":"https:\/\/www.daisho.be\/de\/#organization"},"potentialAction":[{"@type":"SearchAction","target":{"@type":"EntryPoint","urlTemplate":"https:\/\/www.daisho.be\/de\/?s={search_term_string}"},"query-input":{"@type":"PropertyValueSpecification","valueRequired":true,"valueName":"search_term_string"}}],"inLanguage":"de"},{"@type":"Organization","@id":"https:\/\/www.daisho.be\/de\/#organization","name":"Daisho","url":"https:\/\/www.daisho.be\/de\/","logo":{"@type":"ImageObject","inLanguage":"de","@id":"https:\/\/www.daisho.be\/de\/#\/schema\/logo\/image\/","url":"https:\/\/www.daisho.be\/wp-content\/uploads\/2019\/07\/color-nothing-horizontale4x-e1564486100247.png","contentUrl":"https:\/\/www.daisho.be\/wp-content\/uploads\/2019\/07\/color-nothing-horizontale4x-e1564486100247.png","width":1547,"height":385,"caption":"Daisho"},"image":{"@id":"https:\/\/www.daisho.be\/de\/#\/schema\/logo\/image\/"}}]}},"_links":{"self":[{"href":"https:\/\/www.daisho.be\/de\/wp-json\/wp\/v2\/product\/456506","targetHints":{"allow":["GET"]}}],"collection":[{"href":"https:\/\/www.daisho.be\/de\/wp-json\/wp\/v2\/product"}],"about":[{"href":"https:\/\/www.daisho.be\/de\/wp-json\/wp\/v2\/types\/product"}],"replies":[{"embeddable":true,"href":"https:\/\/www.daisho.be\/de\/wp-json\/wp\/v2\/comments?post=456506"}],"wp:featuredmedia":[{"embeddable":true,"href":"https:\/\/www.daisho.be\/de\/wp-json\/wp\/v2\/media\/456514"}],"wp:attachment":[{"href":"https:\/\/www.daisho.be\/de\/wp-json\/wp\/v2\/media?parent=456506"}],"wp:term":[{"taxonomy":"product_brand","embeddable":true,"href":"https:\/\/www.daisho.be\/de\/wp-json\/wp\/v2\/product_brand?post=456506"},{"taxonomy":"product_cat","embeddable":true,"href":"https:\/\/www.daisho.be\/de\/wp-json\/wp\/v2\/product_cat?post=456506"},{"taxonomy":"product_tag","embeddable":true,"href":"https:\/\/www.daisho.be\/de\/wp-json\/wp\/v2\/product_tag?post=456506"},{"taxonomy":"sport","embeddable":true,"href":"https:\/\/www.daisho.be\/de\/wp-json\/wp\/v2\/sport?post=456506"}],"curies":[{"name":"wp","href":"https:\/\/api.w.org\/{rel}","templated":true}]}}