{"id":456445,"date":"2022-02-05T16:03:43","date_gmt":"2022-02-05T15:03:43","guid":{"rendered":"https:\/\/www.daisho.be\/produit\/adidas-hybrid-75-kick-boxhandschuhe-schwarz-weiss-silber\/"},"modified":"2025-03-03T12:19:30","modified_gmt":"2025-03-03T11:19:30","slug":"adidas-hybrid-75-kick-boxhandschuhe-schwarz-weiss-silber","status":"publish","type":"product","link":"https:\/\/www.daisho.be\/de\/produit\/adidas-hybrid-75-kick-boxhandschuhe-schwarz-weiss-silber\/","title":{"rendered":"adidas Hybrid 75 (Kick) Boxhandschuhe Schwarz\/Wei\u00df\/Silber"},"content":{"rendered":"<p>Der Hybrid 75 ist ideal mit seinem sehr g\u00fcnstigen Preis f\u00fcr einen sehr guten Handschuh.<br \/>\nDie Polsterung des Handschuhs besteht aus mehreren Schichten Schaumstoff. Dies bietet zus\u00e4tzlichen Komfort und Schutz. Der Klettverschluss bietet einen guten Schutz f\u00fcr Ihre Handgelenke.<br \/>\nDank des anatomisch vorgeformten Modells sind Ihre Schl\u00e4ge schnell und hart. Das PU-Material Maya ist von hoher Qualit\u00e4t und hat ein atemberaubend sch\u00f6nes Design.<br \/>\nDiese Boxhandschuhe (Kick) sind f\u00fcr Anf\u00e4nger geeignet.<br \/>\nDer Handschuh ist f\u00fcr Amateure geeignet, die eine gute Qualit\u00e4t mit den neuesten Technologien w\u00fcnschen.<br \/>\nDiese adidas-Handschuhe eignen sich f\u00fcr Thai\/Kickboxen und Original Boxen.<br \/>\nVorteile:<br \/>\n&#8211; Maya PU von h\u00f6chster Qualit\u00e4t<br \/>\n&#8211; solide Schutzpolsterung aus mehreren Schichten<br \/>\n&#8211; anatomisch vorgeformt f\u00fcr die Faust<br \/>\n&#8211; Sto\u00dfd\u00e4mpfung f\u00fcr mehr Komfort &#8211; geeignet f\u00fcr Amateure   <\/p>\n","protected":false},"excerpt":{"rendered":"<p>Der Hybrid 75 ist ideal mit seinem sehr g\u00fcnstigen Preis f\u00fcr einen sehr guten Handschuh. Die Polsterung des Handschuhs besteht aus mehreren Schichten Schaumstoff. Dies bietet zus\u00e4tzlichen Komfort und Schutz. Der Klettverschluss bietet einen guten Schutz f\u00fcr Ihre Handgelenke. Dank des anatomisch vorgeformten Modells sind Ihre Schl\u00e4ge schnell und hart. Das PU-Material Maya ist von [&hellip;]<\/p>\n","protected":false},"featured_media":456454,"comment_status":"open","ping_status":"closed","template":"","meta":{"inline_featured_image":false},"product_brand":[],"product_cat":[2306,2277,2309],"product_tag":[2178],"sport":[],"class_list":{"0":"post-456445","1":"product","2":"type-product","3":"status-publish","4":"has-post-thumbnail","6":"product_cat-boxhandschuhe-adidas","7":"product_cat-kick-boxing-protektoren-adidas","8":"product_cat-muay-thai-handschuhe-adidas","9":"product_tag-adidas-de","10":"pa_size-372","12":"first","13":"instock","14":"taxable","15":"shipping-taxable","16":"purchasable","17":"product-type-variable"},"yoast_head":"<!-- This site is optimized with the Yoast SEO plugin v27.2 - https:\/\/yoast.com\/product\/yoast-seo-wordpress\/ -->\n<title>adidas Hybrid 75 (Kick) Boxhandschuhe Schwarz\/Wei\u00df\/Silber &#8211; Daisho<\/title>\n<meta name=\"description\" content=\"Die Adidas Hybird Boxhandschuhe bieten ein au\u00dfergew\u00f6hnliches Preis-Leistungs-Verh\u00e4ltnis. Kaufen Sie sie auf unserer Website www.daisho.be|Daisho\" \/>\n<meta name=\"robots\" content=\"index, follow, max-snippet:-1, max-image-preview:large, max-video-preview:-1\" \/>\n<link rel=\"canonical\" href=\"https:\/\/www.daisho.be\/de\/produit\/adidas-hybrid-75-kick-boxhandschuhe-schwarz-weiss-silber\/\" \/>\n<meta property=\"og:locale\" content=\"de_DE\" \/>\n<meta property=\"og:type\" content=\"article\" \/>\n<meta property=\"og:title\" content=\"adidas Hybrid 75 (Kick) Boxhandschuhe Schwarz\/Wei\u00df\/Silber &#8211; Daisho\" \/>\n<meta property=\"og:description\" content=\"Die Adidas Hybird Boxhandschuhe bieten ein au\u00dfergew\u00f6hnliches Preis-Leistungs-Verh\u00e4ltnis. Kaufen Sie sie auf unserer Website www.daisho.be|Daisho\" \/>\n<meta property=\"og:url\" content=\"https:\/\/www.daisho.be\/de\/produit\/adidas-hybrid-75-kick-boxhandschuhe-schwarz-weiss-silber\/\" \/>\n<meta property=\"og:site_name\" content=\"Daisho\" \/>\n<meta property=\"article:modified_time\" content=\"2025-03-03T11:19:30+00:00\" \/>\n<meta property=\"og:image\" content=\"https:\/\/www.daisho.be\/wp-content\/uploads\/2022\/02\/image-226.jpg\" \/>\n\t<meta property=\"og:image:width\" content=\"650\" \/>\n\t<meta property=\"og:image:height\" content=\"651\" \/>\n\t<meta property=\"og:image:type\" content=\"image\/jpeg\" \/>\n<meta name=\"twitter:card\" content=\"summary_large_image\" \/>\n<meta name=\"twitter:label1\" content=\"Gesch\u00e4tzte Lesezeit\" \/>\n\t<meta name=\"twitter:data1\" content=\"1\u00a0Minute\" \/>\n<script type=\"application\/ld+json\" class=\"yoast-schema-graph\">{\"@context\":\"https:\/\/schema.org\",\"@graph\":[{\"@type\":\"WebPage\",\"@id\":\"https:\/\/www.daisho.be\/de\/produit\/adidas-hybrid-75-kick-boxhandschuhe-schwarz-weiss-silber\/\",\"url\":\"https:\/\/www.daisho.be\/de\/produit\/adidas-hybrid-75-kick-boxhandschuhe-schwarz-weiss-silber\/\",\"name\":\"adidas Hybrid 75 (Kick) Boxhandschuhe Schwarz\/Wei\u00df\/Silber &#8211; Daisho\",\"isPartOf\":{\"@id\":\"https:\/\/www.daisho.be\/de\/#website\"},\"primaryImageOfPage\":{\"@id\":\"https:\/\/www.daisho.be\/de\/produit\/adidas-hybrid-75-kick-boxhandschuhe-schwarz-weiss-silber\/#primaryimage\"},\"image\":{\"@id\":\"https:\/\/www.daisho.be\/de\/produit\/adidas-hybrid-75-kick-boxhandschuhe-schwarz-weiss-silber\/#primaryimage\"},\"thumbnailUrl\":\"https:\/\/www.daisho.be\/wp-content\/uploads\/2022\/02\/image-226.jpg\",\"datePublished\":\"2022-02-05T15:03:43+00:00\",\"dateModified\":\"2025-03-03T11:19:30+00:00\",\"description\":\"Die Adidas Hybird Boxhandschuhe bieten ein au\u00dfergew\u00f6hnliches Preis-Leistungs-Verh\u00e4ltnis. Kaufen Sie sie auf unserer Website www.daisho.be|Daisho\",\"breadcrumb\":{\"@id\":\"https:\/\/www.daisho.be\/de\/produit\/adidas-hybrid-75-kick-boxhandschuhe-schwarz-weiss-silber\/#breadcrumb\"},\"inLanguage\":\"de\",\"potentialAction\":[{\"@type\":\"ReadAction\",\"target\":[\"https:\/\/www.daisho.be\/de\/produit\/adidas-hybrid-75-kick-boxhandschuhe-schwarz-weiss-silber\/\"]}]},{\"@type\":\"ImageObject\",\"inLanguage\":\"de\",\"@id\":\"https:\/\/www.daisho.be\/de\/produit\/adidas-hybrid-75-kick-boxhandschuhe-schwarz-weiss-silber\/#primaryimage\",\"url\":\"https:\/\/www.daisho.be\/wp-content\/uploads\/2022\/02\/image-226.jpg\",\"contentUrl\":\"https:\/\/www.daisho.be\/wp-content\/uploads\/2022\/02\/image-226.jpg\",\"width\":650,\"height\":651,\"caption\":\"adidas Hybrid 75 (Kick) Boxhandschuhe Schwarz\/Wei\u00df\/Silber-1\"},{\"@type\":\"BreadcrumbList\",\"@id\":\"https:\/\/www.daisho.be\/de\/produit\/adidas-hybrid-75-kick-boxhandschuhe-schwarz-weiss-silber\/#breadcrumb\",\"itemListElement\":[{\"@type\":\"ListItem\",\"position\":1,\"name\":\"Accueil\",\"item\":\"https:\/\/www.daisho.be\/de\/\"},{\"@type\":\"ListItem\",\"position\":2,\"name\":\"Produkte\",\"item\":\"https:\/\/www.daisho.be\/de\/produkte\/\"},{\"@type\":\"ListItem\",\"position\":3,\"name\":\"ADIDAS COMBAT SPORTS\",\"item\":\"https:\/\/www.daisho.be\/de\/categorie-produit\/adidas-combat-sports-de\/\"},{\"@type\":\"ListItem\",\"position\":4,\"name\":\"Boxen\",\"item\":\"https:\/\/www.daisho.be\/de\/categorie-produit\/adidas-combat-sports-de\/boxen\/\"},{\"@type\":\"ListItem\",\"position\":5,\"name\":\"Boxhandschuhe Adidas\",\"item\":\"https:\/\/www.daisho.be\/de\/categorie-produit\/adidas-combat-sports-de\/boxen\/boxhandschuhe-adidas\/\"},{\"@type\":\"ListItem\",\"position\":6,\"name\":\"adidas Hybrid 75 (Kick) Boxhandschuhe Schwarz\/Wei\u00df\/Silber\"}]},{\"@type\":\"WebSite\",\"@id\":\"https:\/\/www.daisho.be\/de\/#website\",\"url\":\"https:\/\/www.daisho.be\/de\/\",\"name\":\"Daisho\",\"description\":\"Sp&eacute;cialiste de l'&eacute;quipement sportif d'arts martiaux\",\"publisher\":{\"@id\":\"https:\/\/www.daisho.be\/de\/#organization\"},\"potentialAction\":[{\"@type\":\"SearchAction\",\"target\":{\"@type\":\"EntryPoint\",\"urlTemplate\":\"https:\/\/www.daisho.be\/de\/?s={search_term_string}\"},\"query-input\":{\"@type\":\"PropertyValueSpecification\",\"valueRequired\":true,\"valueName\":\"search_term_string\"}}],\"inLanguage\":\"de\"},{\"@type\":\"Organization\",\"@id\":\"https:\/\/www.daisho.be\/de\/#organization\",\"name\":\"Daisho\",\"url\":\"https:\/\/www.daisho.be\/de\/\",\"logo\":{\"@type\":\"ImageObject\",\"inLanguage\":\"de\",\"@id\":\"https:\/\/www.daisho.be\/de\/#\/schema\/logo\/image\/\",\"url\":\"https:\/\/www.daisho.be\/wp-content\/uploads\/2019\/07\/color-nothing-horizontale4x-e1564486100247.png\",\"contentUrl\":\"https:\/\/www.daisho.be\/wp-content\/uploads\/2019\/07\/color-nothing-horizontale4x-e1564486100247.png\",\"width\":1547,\"height\":385,\"caption\":\"Daisho\"},\"image\":{\"@id\":\"https:\/\/www.daisho.be\/de\/#\/schema\/logo\/image\/\"}}]}<\/script>\n<!-- \/ Yoast SEO plugin. -->","yoast_head_json":{"title":"adidas Hybrid 75 (Kick) Boxhandschuhe Schwarz\/Wei\u00df\/Silber &#8211; Daisho","description":"Die Adidas Hybird Boxhandschuhe bieten ein au\u00dfergew\u00f6hnliches Preis-Leistungs-Verh\u00e4ltnis. Kaufen Sie sie auf unserer Website www.daisho.be|Daisho","robots":{"index":"index","follow":"follow","max-snippet":"max-snippet:-1","max-image-preview":"max-image-preview:large","max-video-preview":"max-video-preview:-1"},"canonical":"https:\/\/www.daisho.be\/de\/produit\/adidas-hybrid-75-kick-boxhandschuhe-schwarz-weiss-silber\/","og_locale":"de_DE","og_type":"article","og_title":"adidas Hybrid 75 (Kick) Boxhandschuhe Schwarz\/Wei\u00df\/Silber &#8211; Daisho","og_description":"Die Adidas Hybird Boxhandschuhe bieten ein au\u00dfergew\u00f6hnliches Preis-Leistungs-Verh\u00e4ltnis. Kaufen Sie sie auf unserer Website www.daisho.be|Daisho","og_url":"https:\/\/www.daisho.be\/de\/produit\/adidas-hybrid-75-kick-boxhandschuhe-schwarz-weiss-silber\/","og_site_name":"Daisho","article_modified_time":"2025-03-03T11:19:30+00:00","og_image":[{"width":650,"height":651,"url":"https:\/\/www.daisho.be\/wp-content\/uploads\/2022\/02\/image-226.jpg","type":"image\/jpeg"}],"twitter_card":"summary_large_image","twitter_misc":{"Gesch\u00e4tzte Lesezeit":"1\u00a0Minute"},"schema":{"@context":"https:\/\/schema.org","@graph":[{"@type":"WebPage","@id":"https:\/\/www.daisho.be\/de\/produit\/adidas-hybrid-75-kick-boxhandschuhe-schwarz-weiss-silber\/","url":"https:\/\/www.daisho.be\/de\/produit\/adidas-hybrid-75-kick-boxhandschuhe-schwarz-weiss-silber\/","name":"adidas Hybrid 75 (Kick) Boxhandschuhe Schwarz\/Wei\u00df\/Silber &#8211; Daisho","isPartOf":{"@id":"https:\/\/www.daisho.be\/de\/#website"},"primaryImageOfPage":{"@id":"https:\/\/www.daisho.be\/de\/produit\/adidas-hybrid-75-kick-boxhandschuhe-schwarz-weiss-silber\/#primaryimage"},"image":{"@id":"https:\/\/www.daisho.be\/de\/produit\/adidas-hybrid-75-kick-boxhandschuhe-schwarz-weiss-silber\/#primaryimage"},"thumbnailUrl":"https:\/\/www.daisho.be\/wp-content\/uploads\/2022\/02\/image-226.jpg","datePublished":"2022-02-05T15:03:43+00:00","dateModified":"2025-03-03T11:19:30+00:00","description":"Die Adidas Hybird Boxhandschuhe bieten ein au\u00dfergew\u00f6hnliches Preis-Leistungs-Verh\u00e4ltnis. Kaufen Sie sie auf unserer Website www.daisho.be|Daisho","breadcrumb":{"@id":"https:\/\/www.daisho.be\/de\/produit\/adidas-hybrid-75-kick-boxhandschuhe-schwarz-weiss-silber\/#breadcrumb"},"inLanguage":"de","potentialAction":[{"@type":"ReadAction","target":["https:\/\/www.daisho.be\/de\/produit\/adidas-hybrid-75-kick-boxhandschuhe-schwarz-weiss-silber\/"]}]},{"@type":"ImageObject","inLanguage":"de","@id":"https:\/\/www.daisho.be\/de\/produit\/adidas-hybrid-75-kick-boxhandschuhe-schwarz-weiss-silber\/#primaryimage","url":"https:\/\/www.daisho.be\/wp-content\/uploads\/2022\/02\/image-226.jpg","contentUrl":"https:\/\/www.daisho.be\/wp-content\/uploads\/2022\/02\/image-226.jpg","width":650,"height":651,"caption":"adidas Hybrid 75 (Kick) Boxhandschuhe Schwarz\/Wei\u00df\/Silber-1"},{"@type":"BreadcrumbList","@id":"https:\/\/www.daisho.be\/de\/produit\/adidas-hybrid-75-kick-boxhandschuhe-schwarz-weiss-silber\/#breadcrumb","itemListElement":[{"@type":"ListItem","position":1,"name":"Accueil","item":"https:\/\/www.daisho.be\/de\/"},{"@type":"ListItem","position":2,"name":"Produkte","item":"https:\/\/www.daisho.be\/de\/produkte\/"},{"@type":"ListItem","position":3,"name":"ADIDAS COMBAT SPORTS","item":"https:\/\/www.daisho.be\/de\/categorie-produit\/adidas-combat-sports-de\/"},{"@type":"ListItem","position":4,"name":"Boxen","item":"https:\/\/www.daisho.be\/de\/categorie-produit\/adidas-combat-sports-de\/boxen\/"},{"@type":"ListItem","position":5,"name":"Boxhandschuhe Adidas","item":"https:\/\/www.daisho.be\/de\/categorie-produit\/adidas-combat-sports-de\/boxen\/boxhandschuhe-adidas\/"},{"@type":"ListItem","position":6,"name":"adidas Hybrid 75 (Kick) Boxhandschuhe Schwarz\/Wei\u00df\/Silber"}]},{"@type":"WebSite","@id":"https:\/\/www.daisho.be\/de\/#website","url":"https:\/\/www.daisho.be\/de\/","name":"Daisho","description":"Sp&eacute;cialiste de l'&eacute;quipement sportif d'arts martiaux","publisher":{"@id":"https:\/\/www.daisho.be\/de\/#organization"},"potentialAction":[{"@type":"SearchAction","target":{"@type":"EntryPoint","urlTemplate":"https:\/\/www.daisho.be\/de\/?s={search_term_string}"},"query-input":{"@type":"PropertyValueSpecification","valueRequired":true,"valueName":"search_term_string"}}],"inLanguage":"de"},{"@type":"Organization","@id":"https:\/\/www.daisho.be\/de\/#organization","name":"Daisho","url":"https:\/\/www.daisho.be\/de\/","logo":{"@type":"ImageObject","inLanguage":"de","@id":"https:\/\/www.daisho.be\/de\/#\/schema\/logo\/image\/","url":"https:\/\/www.daisho.be\/wp-content\/uploads\/2019\/07\/color-nothing-horizontale4x-e1564486100247.png","contentUrl":"https:\/\/www.daisho.be\/wp-content\/uploads\/2019\/07\/color-nothing-horizontale4x-e1564486100247.png","width":1547,"height":385,"caption":"Daisho"},"image":{"@id":"https:\/\/www.daisho.be\/de\/#\/schema\/logo\/image\/"}}]}},"_links":{"self":[{"href":"https:\/\/www.daisho.be\/de\/wp-json\/wp\/v2\/product\/456445","targetHints":{"allow":["GET"]}}],"collection":[{"href":"https:\/\/www.daisho.be\/de\/wp-json\/wp\/v2\/product"}],"about":[{"href":"https:\/\/www.daisho.be\/de\/wp-json\/wp\/v2\/types\/product"}],"replies":[{"embeddable":true,"href":"https:\/\/www.daisho.be\/de\/wp-json\/wp\/v2\/comments?post=456445"}],"wp:featuredmedia":[{"embeddable":true,"href":"https:\/\/www.daisho.be\/de\/wp-json\/wp\/v2\/media\/456454"}],"wp:attachment":[{"href":"https:\/\/www.daisho.be\/de\/wp-json\/wp\/v2\/media?parent=456445"}],"wp:term":[{"taxonomy":"product_brand","embeddable":true,"href":"https:\/\/www.daisho.be\/de\/wp-json\/wp\/v2\/product_brand?post=456445"},{"taxonomy":"product_cat","embeddable":true,"href":"https:\/\/www.daisho.be\/de\/wp-json\/wp\/v2\/product_cat?post=456445"},{"taxonomy":"product_tag","embeddable":true,"href":"https:\/\/www.daisho.be\/de\/wp-json\/wp\/v2\/product_tag?post=456445"},{"taxonomy":"sport","embeddable":true,"href":"https:\/\/www.daisho.be\/de\/wp-json\/wp\/v2\/sport?post=456445"}],"curies":[{"name":"wp","href":"https:\/\/api.w.org\/{rel}","templated":true}]}}