{"id":456384,"date":"2021-07-18T11:51:30","date_gmt":"2021-07-18T09:51:30","guid":{"rendered":"https:\/\/www.daisho.be\/produit\/kopfhoerer-adidas-aiba-rot\/"},"modified":"2026-03-19T15:08:23","modified_gmt":"2026-03-19T14:08:23","slug":"kopfhoerer-adidas-aiba-rot","status":"publish","type":"product","link":"https:\/\/www.daisho.be\/de\/produit\/kopfhoerer-adidas-aiba-rot\/","title":{"rendered":"Kopfh\u00f6rer adidas AIBA rot"},"content":{"rendered":"<p>Der adidas Wettkampfhelm ist von der AIBA lizenziert. Kopfschutz aus hochwertigem Rindsleder. Ausgestattet mit einem Innenfutter aus japanischem &#8222;Amara&#8220;-Leder. Gef\u00fcllt mit leichtem Schaumstoff &#8222;Supaflex XL&#8220;. Klettverschluss aus Leder auf der R\u00fcckseite.<br \/>\nAIBA-Helme sind die sichersten Helme der Welt. Diese von der AIBA zugelassenen Kopfsch\u00fctzer erf\u00fcllen alle Sicherheitsanforderungen. Die Kapuzen sind aus hochwertigem Leder und die Polsterung besteht aus hochabsorbierendem Air-Schaumstoff. Der Helm hat einen Klettverschluss aus Leder unter dem Kinn und am Hinterkopf. Der adidas AIBA Handprotektor wurde bereits bei den Olympischen Spielen 2008 in Peking gew\u00e4hlt und wurde auch bei den Olympischen Spielen 2012 in London als Wettkampfhelm gew\u00e4hlt.<br \/>\nDieser Kopfschutz ist f\u00fcr Profis geeignet. Dieser adidas-Helm ist geeignet f\u00fcr : Thail\u00e4ndisch\/Kickboxen, Original Boxen, K1         <\/p>\n","protected":false},"excerpt":{"rendered":"<p>Der adidas Wettkampfhelm ist von der AIBA lizenziert. Kopfschutz aus hochwertigem Rindsleder. Ausgestattet mit einem Innenfutter aus japanischem &#8222;Amara&#8220;-Leder. Gef\u00fcllt mit leichtem Schaumstoff &#8222;Supaflex XL&#8220;. Klettverschluss aus Leder auf der R\u00fcckseite. AIBA-Helme sind die sichersten Helme der Welt. Diese von der AIBA zugelassenen Kopfsch\u00fctzer erf\u00fcllen alle Sicherheitsanforderungen. Die Kapuzen sind aus hochwertigem Leder und die [&hellip;]<\/p>\n","protected":false},"featured_media":669645,"comment_status":"open","ping_status":"closed","template":"","meta":{"inline_featured_image":false},"product_brand":[],"product_cat":[2271],"product_tag":[2178],"sport":[],"class_list":{"0":"post-456384","1":"product","2":"type-product","3":"status-publish","4":"has-post-thumbnail","6":"product_cat-adidas-boxing-protektoren","7":"product_tag-adidas-de","8":"pa_size-l","9":"pa_size-m","10":"pa_size-s","11":"pa_size-xl","13":"first","14":"instock","15":"taxable","16":"shipping-taxable","17":"purchasable","18":"product-type-variable"},"yoast_head":"<!-- This site is optimized with the Yoast SEO plugin v27.2 - https:\/\/yoast.com\/product\/yoast-seo-wordpress\/ -->\n<title>Kopfh\u00f6rer adidas AIBA rot &#8211; Daisho<\/title>\n<meta name=\"description\" content=\"Entdecken Sie den Adidas-Helm f\u00fcr alle Kampfsportler. Kaufen Sie ihn jetzt auf unserer Website www.daisho.be|Daisho.\" \/>\n<meta name=\"robots\" content=\"index, follow, max-snippet:-1, max-image-preview:large, max-video-preview:-1\" \/>\n<link rel=\"canonical\" href=\"https:\/\/www.daisho.be\/de\/produit\/kopfhoerer-adidas-aiba-rot\/\" \/>\n<meta property=\"og:locale\" content=\"de_DE\" \/>\n<meta property=\"og:type\" content=\"article\" \/>\n<meta property=\"og:title\" content=\"Kopfh\u00f6rer adidas AIBA rot &#8211; Daisho\" \/>\n<meta property=\"og:description\" content=\"Entdecken Sie den Adidas-Helm f\u00fcr alle Kampfsportler. Kaufen Sie ihn jetzt auf unserer Website www.daisho.be|Daisho.\" \/>\n<meta property=\"og:url\" content=\"https:\/\/www.daisho.be\/de\/produit\/kopfhoerer-adidas-aiba-rot\/\" \/>\n<meta property=\"og:site_name\" content=\"Daisho\" \/>\n<meta property=\"article:modified_time\" content=\"2026-03-19T14:08:23+00:00\" \/>\n<meta property=\"og:image\" content=\"https:\/\/www.daisho.be\/wp-content\/uploads\/2026\/03\/image-40.jpg\" \/>\n\t<meta property=\"og:image:width\" content=\"650\" \/>\n\t<meta property=\"og:image:height\" content=\"650\" \/>\n\t<meta property=\"og:image:type\" content=\"image\/jpeg\" \/>\n<meta name=\"twitter:card\" content=\"summary_large_image\" \/>\n<meta name=\"twitter:label1\" content=\"Gesch\u00e4tzte Lesezeit\" \/>\n\t<meta name=\"twitter:data1\" content=\"1\u00a0Minute\" \/>\n<script type=\"application\/ld+json\" class=\"yoast-schema-graph\">{\"@context\":\"https:\/\/schema.org\",\"@graph\":[{\"@type\":\"WebPage\",\"@id\":\"https:\/\/www.daisho.be\/de\/produit\/kopfhoerer-adidas-aiba-rot\/\",\"url\":\"https:\/\/www.daisho.be\/de\/produit\/kopfhoerer-adidas-aiba-rot\/\",\"name\":\"Kopfh\u00f6rer adidas AIBA rot &#8211; Daisho\",\"isPartOf\":{\"@id\":\"https:\/\/www.daisho.be\/de\/#website\"},\"primaryImageOfPage\":{\"@id\":\"https:\/\/www.daisho.be\/de\/produit\/kopfhoerer-adidas-aiba-rot\/#primaryimage\"},\"image\":{\"@id\":\"https:\/\/www.daisho.be\/de\/produit\/kopfhoerer-adidas-aiba-rot\/#primaryimage\"},\"thumbnailUrl\":\"https:\/\/www.daisho.be\/wp-content\/uploads\/2026\/03\/image-40.jpg\",\"datePublished\":\"2021-07-18T09:51:30+00:00\",\"dateModified\":\"2026-03-19T14:08:23+00:00\",\"description\":\"Entdecken Sie den Adidas-Helm f\u00fcr alle Kampfsportler. Kaufen Sie ihn jetzt auf unserer Website www.daisho.be|Daisho.\",\"breadcrumb\":{\"@id\":\"https:\/\/www.daisho.be\/de\/produit\/kopfhoerer-adidas-aiba-rot\/#breadcrumb\"},\"inLanguage\":\"de\",\"potentialAction\":[{\"@type\":\"ReadAction\",\"target\":[\"https:\/\/www.daisho.be\/de\/produit\/kopfhoerer-adidas-aiba-rot\/\"]}]},{\"@type\":\"ImageObject\",\"inLanguage\":\"de\",\"@id\":\"https:\/\/www.daisho.be\/de\/produit\/kopfhoerer-adidas-aiba-rot\/#primaryimage\",\"url\":\"https:\/\/www.daisho.be\/wp-content\/uploads\/2026\/03\/image-40.jpg\",\"contentUrl\":\"https:\/\/www.daisho.be\/wp-content\/uploads\/2026\/03\/image-40.jpg\",\"width\":650,\"height\":650,\"caption\":\"Kopfbedeckung adidas AIBA rot-1\"},{\"@type\":\"BreadcrumbList\",\"@id\":\"https:\/\/www.daisho.be\/de\/produit\/kopfhoerer-adidas-aiba-rot\/#breadcrumb\",\"itemListElement\":[{\"@type\":\"ListItem\",\"position\":1,\"name\":\"Accueil\",\"item\":\"https:\/\/www.daisho.be\/de\/\"},{\"@type\":\"ListItem\",\"position\":2,\"name\":\"Produkte\",\"item\":\"https:\/\/www.daisho.be\/de\/produkte\/\"},{\"@type\":\"ListItem\",\"position\":3,\"name\":\"ADIDAS COMBAT SPORTS\",\"item\":\"https:\/\/www.daisho.be\/de\/categorie-produit\/adidas-combat-sports-de\/\"},{\"@type\":\"ListItem\",\"position\":4,\"name\":\"Boxen\",\"item\":\"https:\/\/www.daisho.be\/de\/categorie-produit\/adidas-combat-sports-de\/boxen\/\"},{\"@type\":\"ListItem\",\"position\":5,\"name\":\"Adidas Boxing Protektoren\",\"item\":\"https:\/\/www.daisho.be\/de\/categorie-produit\/adidas-combat-sports-de\/boxen\/adidas-boxing-protektoren\/\"},{\"@type\":\"ListItem\",\"position\":6,\"name\":\"Kopfh\u00f6rer adidas AIBA rot\"}]},{\"@type\":\"WebSite\",\"@id\":\"https:\/\/www.daisho.be\/de\/#website\",\"url\":\"https:\/\/www.daisho.be\/de\/\",\"name\":\"Daisho\",\"description\":\"Sp&eacute;cialiste de l'&eacute;quipement sportif d'arts martiaux\",\"publisher\":{\"@id\":\"https:\/\/www.daisho.be\/de\/#organization\"},\"potentialAction\":[{\"@type\":\"SearchAction\",\"target\":{\"@type\":\"EntryPoint\",\"urlTemplate\":\"https:\/\/www.daisho.be\/de\/?s={search_term_string}\"},\"query-input\":{\"@type\":\"PropertyValueSpecification\",\"valueRequired\":true,\"valueName\":\"search_term_string\"}}],\"inLanguage\":\"de\"},{\"@type\":\"Organization\",\"@id\":\"https:\/\/www.daisho.be\/de\/#organization\",\"name\":\"Daisho\",\"url\":\"https:\/\/www.daisho.be\/de\/\",\"logo\":{\"@type\":\"ImageObject\",\"inLanguage\":\"de\",\"@id\":\"https:\/\/www.daisho.be\/de\/#\/schema\/logo\/image\/\",\"url\":\"https:\/\/www.daisho.be\/wp-content\/uploads\/2019\/07\/color-nothing-horizontale4x-e1564486100247.png\",\"contentUrl\":\"https:\/\/www.daisho.be\/wp-content\/uploads\/2019\/07\/color-nothing-horizontale4x-e1564486100247.png\",\"width\":1547,\"height\":385,\"caption\":\"Daisho\"},\"image\":{\"@id\":\"https:\/\/www.daisho.be\/de\/#\/schema\/logo\/image\/\"}}]}<\/script>\n<!-- \/ Yoast SEO plugin. -->","yoast_head_json":{"title":"Kopfh\u00f6rer adidas AIBA rot &#8211; Daisho","description":"Entdecken Sie den Adidas-Helm f\u00fcr alle Kampfsportler. Kaufen Sie ihn jetzt auf unserer Website www.daisho.be|Daisho.","robots":{"index":"index","follow":"follow","max-snippet":"max-snippet:-1","max-image-preview":"max-image-preview:large","max-video-preview":"max-video-preview:-1"},"canonical":"https:\/\/www.daisho.be\/de\/produit\/kopfhoerer-adidas-aiba-rot\/","og_locale":"de_DE","og_type":"article","og_title":"Kopfh\u00f6rer adidas AIBA rot &#8211; Daisho","og_description":"Entdecken Sie den Adidas-Helm f\u00fcr alle Kampfsportler. Kaufen Sie ihn jetzt auf unserer Website www.daisho.be|Daisho.","og_url":"https:\/\/www.daisho.be\/de\/produit\/kopfhoerer-adidas-aiba-rot\/","og_site_name":"Daisho","article_modified_time":"2026-03-19T14:08:23+00:00","og_image":[{"width":650,"height":650,"url":"https:\/\/www.daisho.be\/wp-content\/uploads\/2026\/03\/image-40.jpg","type":"image\/jpeg"}],"twitter_card":"summary_large_image","twitter_misc":{"Gesch\u00e4tzte Lesezeit":"1\u00a0Minute"},"schema":{"@context":"https:\/\/schema.org","@graph":[{"@type":"WebPage","@id":"https:\/\/www.daisho.be\/de\/produit\/kopfhoerer-adidas-aiba-rot\/","url":"https:\/\/www.daisho.be\/de\/produit\/kopfhoerer-adidas-aiba-rot\/","name":"Kopfh\u00f6rer adidas AIBA rot &#8211; Daisho","isPartOf":{"@id":"https:\/\/www.daisho.be\/de\/#website"},"primaryImageOfPage":{"@id":"https:\/\/www.daisho.be\/de\/produit\/kopfhoerer-adidas-aiba-rot\/#primaryimage"},"image":{"@id":"https:\/\/www.daisho.be\/de\/produit\/kopfhoerer-adidas-aiba-rot\/#primaryimage"},"thumbnailUrl":"https:\/\/www.daisho.be\/wp-content\/uploads\/2026\/03\/image-40.jpg","datePublished":"2021-07-18T09:51:30+00:00","dateModified":"2026-03-19T14:08:23+00:00","description":"Entdecken Sie den Adidas-Helm f\u00fcr alle Kampfsportler. Kaufen Sie ihn jetzt auf unserer Website www.daisho.be|Daisho.","breadcrumb":{"@id":"https:\/\/www.daisho.be\/de\/produit\/kopfhoerer-adidas-aiba-rot\/#breadcrumb"},"inLanguage":"de","potentialAction":[{"@type":"ReadAction","target":["https:\/\/www.daisho.be\/de\/produit\/kopfhoerer-adidas-aiba-rot\/"]}]},{"@type":"ImageObject","inLanguage":"de","@id":"https:\/\/www.daisho.be\/de\/produit\/kopfhoerer-adidas-aiba-rot\/#primaryimage","url":"https:\/\/www.daisho.be\/wp-content\/uploads\/2026\/03\/image-40.jpg","contentUrl":"https:\/\/www.daisho.be\/wp-content\/uploads\/2026\/03\/image-40.jpg","width":650,"height":650,"caption":"Kopfbedeckung adidas AIBA rot-1"},{"@type":"BreadcrumbList","@id":"https:\/\/www.daisho.be\/de\/produit\/kopfhoerer-adidas-aiba-rot\/#breadcrumb","itemListElement":[{"@type":"ListItem","position":1,"name":"Accueil","item":"https:\/\/www.daisho.be\/de\/"},{"@type":"ListItem","position":2,"name":"Produkte","item":"https:\/\/www.daisho.be\/de\/produkte\/"},{"@type":"ListItem","position":3,"name":"ADIDAS COMBAT SPORTS","item":"https:\/\/www.daisho.be\/de\/categorie-produit\/adidas-combat-sports-de\/"},{"@type":"ListItem","position":4,"name":"Boxen","item":"https:\/\/www.daisho.be\/de\/categorie-produit\/adidas-combat-sports-de\/boxen\/"},{"@type":"ListItem","position":5,"name":"Adidas Boxing Protektoren","item":"https:\/\/www.daisho.be\/de\/categorie-produit\/adidas-combat-sports-de\/boxen\/adidas-boxing-protektoren\/"},{"@type":"ListItem","position":6,"name":"Kopfh\u00f6rer adidas AIBA rot"}]},{"@type":"WebSite","@id":"https:\/\/www.daisho.be\/de\/#website","url":"https:\/\/www.daisho.be\/de\/","name":"Daisho","description":"Sp&eacute;cialiste de l'&eacute;quipement sportif d'arts martiaux","publisher":{"@id":"https:\/\/www.daisho.be\/de\/#organization"},"potentialAction":[{"@type":"SearchAction","target":{"@type":"EntryPoint","urlTemplate":"https:\/\/www.daisho.be\/de\/?s={search_term_string}"},"query-input":{"@type":"PropertyValueSpecification","valueRequired":true,"valueName":"search_term_string"}}],"inLanguage":"de"},{"@type":"Organization","@id":"https:\/\/www.daisho.be\/de\/#organization","name":"Daisho","url":"https:\/\/www.daisho.be\/de\/","logo":{"@type":"ImageObject","inLanguage":"de","@id":"https:\/\/www.daisho.be\/de\/#\/schema\/logo\/image\/","url":"https:\/\/www.daisho.be\/wp-content\/uploads\/2019\/07\/color-nothing-horizontale4x-e1564486100247.png","contentUrl":"https:\/\/www.daisho.be\/wp-content\/uploads\/2019\/07\/color-nothing-horizontale4x-e1564486100247.png","width":1547,"height":385,"caption":"Daisho"},"image":{"@id":"https:\/\/www.daisho.be\/de\/#\/schema\/logo\/image\/"}}]}},"_links":{"self":[{"href":"https:\/\/www.daisho.be\/de\/wp-json\/wp\/v2\/product\/456384","targetHints":{"allow":["GET"]}}],"collection":[{"href":"https:\/\/www.daisho.be\/de\/wp-json\/wp\/v2\/product"}],"about":[{"href":"https:\/\/www.daisho.be\/de\/wp-json\/wp\/v2\/types\/product"}],"replies":[{"embeddable":true,"href":"https:\/\/www.daisho.be\/de\/wp-json\/wp\/v2\/comments?post=456384"}],"wp:featuredmedia":[{"embeddable":true,"href":"https:\/\/www.daisho.be\/de\/wp-json\/wp\/v2\/media\/669645"}],"wp:attachment":[{"href":"https:\/\/www.daisho.be\/de\/wp-json\/wp\/v2\/media?parent=456384"}],"wp:term":[{"taxonomy":"product_brand","embeddable":true,"href":"https:\/\/www.daisho.be\/de\/wp-json\/wp\/v2\/product_brand?post=456384"},{"taxonomy":"product_cat","embeddable":true,"href":"https:\/\/www.daisho.be\/de\/wp-json\/wp\/v2\/product_cat?post=456384"},{"taxonomy":"product_tag","embeddable":true,"href":"https:\/\/www.daisho.be\/de\/wp-json\/wp\/v2\/product_tag?post=456384"},{"taxonomy":"sport","embeddable":true,"href":"https:\/\/www.daisho.be\/de\/wp-json\/wp\/v2\/sport?post=456384"}],"curies":[{"name":"wp","href":"https:\/\/api.w.org\/{rel}","templated":true}]}}