{"id":456335,"date":"2021-07-18T12:22:17","date_gmt":"2021-07-18T10:22:17","guid":{"rendered":"https:\/\/www.daisho.be\/produit\/adidas-kick-pad-gebogen-mittel\/"},"modified":"2025-01-02T18:29:24","modified_gmt":"2025-01-02T17:29:24","slug":"adidas-kick-pad-gebogen-mittel","status":"publish","type":"product","link":"https:\/\/www.daisho.be\/de\/produit\/adidas-kick-pad-gebogen-mittel\/","title":{"rendered":"adidas Kick Pad gebogen mittel"},"content":{"rendered":"<p>Dieses Kick Pad ist aus Kunstleder gefertigt, das sehr robust und langlebig ist. An der R\u00fcckseite sind Nylonriemen befestigt, um das Kick Pad sicher zu halten. Die Polsterung besteht aus einem extra starken 1,0 kg Polyetherschaum, der sicherstellt, dass das Kick Pad keinen Hohlraum erzeugt, sondern Tritte und Schl\u00e4ge auf ein Minimum reduziert. Es gibt auch Bel\u00fcftungsl\u00f6cher, damit die Luft, die aus dem Kick Pad gepresst wird, richtig entweichen kann und das Kick Pad nicht rei\u00dft. All dies zusammen bietet einen hohen Trainingskomfort.<br \/>\nDieses Kick Pad ist ideal zum \u00dcben von Schl\u00e4gen und Tritten, sowohl auf der Seite Ihres Trainers als auch auf der Seite Ihres Trainingspartners.<br \/>\nAbgeschlossen mit einem Rei\u00dfverschluss an der Unterseite.<br \/>\nDieser kleine Boxsack ist f\u00fcr alle Kampfk\u00fcnstler geeignet. Sowohl f\u00fcr den Trainer als auch f\u00fcr den Sch\u00fcler. Vorteile:<br \/>\n&#8211; robust und langlebig<br \/>\n&#8211; f\u00fcr Profis und Amateure<br \/>\n&#8211; gute Absorptionsf\u00e4higkeit<br \/>\n&#8211; sicher f\u00fcr H\u00e4nde und F\u00fc\u00dfe<br \/>\n&#8211; gute Griffigkeit durch robuste Riemen <\/p>\n","protected":false},"excerpt":{"rendered":"<p>Dieses Kick Pad ist aus Kunstleder gefertigt, das sehr robust und langlebig ist. An der R\u00fcckseite sind Nylonriemen befestigt, um das Kick Pad sicher zu halten. Die Polsterung besteht aus einem extra starken 1,0 kg Polyetherschaum, der sicherstellt, dass das Kick Pad keinen Hohlraum erzeugt, sondern Tritte und Schl\u00e4ge auf ein Minimum reduziert. Es gibt [&hellip;]<\/p>\n","protected":false},"featured_media":479676,"comment_status":"open","ping_status":"closed","template":"","meta":{"inline_featured_image":false},"product_brand":[],"product_cat":[2132,2252,2251,2055],"product_tag":[2178],"sport":[],"class_list":{"0":"post-456335","1":"product","2":"type-product","3":"status-publish","4":"has-post-thumbnail","6":"product_cat-boxsacke","7":"product_cat-boxsacke-und-trainingszubehor","8":"product_cat-boxsacke-und-trainingszubehor-karate","9":"product_cat-karate-trainingsmaterial","10":"product_tag-adidas-de","11":"pa_size-sans-taille-defaut","13":"first","14":"instock","15":"taxable","16":"shipping-taxable","17":"purchasable","18":"product-type-simple"},"yoast_head":"<!-- This site is optimized with the Yoast SEO plugin v27.2 - https:\/\/yoast.com\/product\/yoast-seo-wordpress\/ -->\n<title>adidas Kick Pad gebogen mittel &#8211; Daisho<\/title>\n<meta name=\"robots\" content=\"index, follow, max-snippet:-1, max-image-preview:large, max-video-preview:-1\" \/>\n<link rel=\"canonical\" href=\"https:\/\/www.daisho.be\/de\/produit\/adidas-kick-pad-gebogen-mittel\/\" \/>\n<meta property=\"og:locale\" content=\"de_DE\" \/>\n<meta property=\"og:type\" content=\"article\" \/>\n<meta property=\"og:title\" content=\"adidas Kick Pad gebogen mittel &#8211; Daisho\" \/>\n<meta property=\"og:description\" content=\"Dieses Kick Pad ist aus Kunstleder gefertigt, das sehr robust und langlebig ist. An der R\u00fcckseite sind Nylonriemen befestigt, um das Kick Pad sicher zu halten. Die Polsterung besteht aus einem extra starken 1,0 kg Polyetherschaum, der sicherstellt, dass das Kick Pad keinen Hohlraum erzeugt, sondern Tritte und Schl\u00e4ge auf ein Minimum reduziert. Es gibt [&hellip;]\" \/>\n<meta property=\"og:url\" content=\"https:\/\/www.daisho.be\/de\/produit\/adidas-kick-pad-gebogen-mittel\/\" \/>\n<meta property=\"og:site_name\" content=\"Daisho\" \/>\n<meta property=\"article:modified_time\" content=\"2025-01-02T17:29:24+00:00\" \/>\n<meta property=\"og:image\" content=\"https:\/\/www.daisho.be\/wp-content\/uploads\/2025\/01\/image-2.jpg\" \/>\n\t<meta property=\"og:image:width\" content=\"650\" \/>\n\t<meta property=\"og:image:height\" content=\"650\" \/>\n\t<meta property=\"og:image:type\" content=\"image\/jpeg\" \/>\n<meta name=\"twitter:card\" content=\"summary_large_image\" \/>\n<meta name=\"twitter:label1\" content=\"Gesch\u00e4tzte Lesezeit\" \/>\n\t<meta name=\"twitter:data1\" content=\"1\u00a0Minute\" \/>\n<script type=\"application\/ld+json\" class=\"yoast-schema-graph\">{\"@context\":\"https:\/\/schema.org\",\"@graph\":[{\"@type\":\"WebPage\",\"@id\":\"https:\/\/www.daisho.be\/de\/produit\/adidas-kick-pad-gebogen-mittel\/\",\"url\":\"https:\/\/www.daisho.be\/de\/produit\/adidas-kick-pad-gebogen-mittel\/\",\"name\":\"adidas Kick Pad gebogen mittel &#8211; Daisho\",\"isPartOf\":{\"@id\":\"https:\/\/www.daisho.be\/de\/#website\"},\"primaryImageOfPage\":{\"@id\":\"https:\/\/www.daisho.be\/de\/produit\/adidas-kick-pad-gebogen-mittel\/#primaryimage\"},\"image\":{\"@id\":\"https:\/\/www.daisho.be\/de\/produit\/adidas-kick-pad-gebogen-mittel\/#primaryimage\"},\"thumbnailUrl\":\"https:\/\/www.daisho.be\/wp-content\/uploads\/2025\/01\/image-2.jpg\",\"datePublished\":\"2021-07-18T10:22:17+00:00\",\"dateModified\":\"2025-01-02T17:29:24+00:00\",\"breadcrumb\":{\"@id\":\"https:\/\/www.daisho.be\/de\/produit\/adidas-kick-pad-gebogen-mittel\/#breadcrumb\"},\"inLanguage\":\"de\",\"potentialAction\":[{\"@type\":\"ReadAction\",\"target\":[\"https:\/\/www.daisho.be\/de\/produit\/adidas-kick-pad-gebogen-mittel\/\"]}]},{\"@type\":\"ImageObject\",\"inLanguage\":\"de\",\"@id\":\"https:\/\/www.daisho.be\/de\/produit\/adidas-kick-pad-gebogen-mittel\/#primaryimage\",\"url\":\"https:\/\/www.daisho.be\/wp-content\/uploads\/2025\/01\/image-2.jpg\",\"contentUrl\":\"https:\/\/www.daisho.be\/wp-content\/uploads\/2025\/01\/image-2.jpg\",\"width\":650,\"height\":650,\"caption\":\"adidas Kick Pad gebogen mittel-1\"},{\"@type\":\"BreadcrumbList\",\"@id\":\"https:\/\/www.daisho.be\/de\/produit\/adidas-kick-pad-gebogen-mittel\/#breadcrumb\",\"itemListElement\":[{\"@type\":\"ListItem\",\"position\":1,\"name\":\"Accueil\",\"item\":\"https:\/\/www.daisho.be\/de\/\"},{\"@type\":\"ListItem\",\"position\":2,\"name\":\"Produkte\",\"item\":\"https:\/\/www.daisho.be\/de\/produkte\/\"},{\"@type\":\"ListItem\",\"position\":3,\"name\":\"ADIDAS COMBAT SPORTS\",\"item\":\"https:\/\/www.daisho.be\/de\/categorie-produit\/adidas-combat-sports-de\/\"},{\"@type\":\"ListItem\",\"position\":4,\"name\":\"MMA\",\"item\":\"https:\/\/www.daisho.be\/de\/categorie-produit\/adidas-combat-sports-de\/mma-de\/\"},{\"@type\":\"ListItem\",\"position\":5,\"name\":\"Boxs\u00e4cke und Trainingszubeh\u00f6r\",\"item\":\"https:\/\/www.daisho.be\/de\/categorie-produit\/adidas-combat-sports-de\/mma-de\/boxsacke-und-trainingszubehor\/\"},{\"@type\":\"ListItem\",\"position\":6,\"name\":\"adidas Kick Pad gebogen mittel\"}]},{\"@type\":\"WebSite\",\"@id\":\"https:\/\/www.daisho.be\/de\/#website\",\"url\":\"https:\/\/www.daisho.be\/de\/\",\"name\":\"Daisho\",\"description\":\"Sp&eacute;cialiste de l'&eacute;quipement sportif d'arts martiaux\",\"publisher\":{\"@id\":\"https:\/\/www.daisho.be\/de\/#organization\"},\"potentialAction\":[{\"@type\":\"SearchAction\",\"target\":{\"@type\":\"EntryPoint\",\"urlTemplate\":\"https:\/\/www.daisho.be\/de\/?s={search_term_string}\"},\"query-input\":{\"@type\":\"PropertyValueSpecification\",\"valueRequired\":true,\"valueName\":\"search_term_string\"}}],\"inLanguage\":\"de\"},{\"@type\":\"Organization\",\"@id\":\"https:\/\/www.daisho.be\/de\/#organization\",\"name\":\"Daisho\",\"url\":\"https:\/\/www.daisho.be\/de\/\",\"logo\":{\"@type\":\"ImageObject\",\"inLanguage\":\"de\",\"@id\":\"https:\/\/www.daisho.be\/de\/#\/schema\/logo\/image\/\",\"url\":\"https:\/\/www.daisho.be\/wp-content\/uploads\/2019\/07\/color-nothing-horizontale4x-e1564486100247.png\",\"contentUrl\":\"https:\/\/www.daisho.be\/wp-content\/uploads\/2019\/07\/color-nothing-horizontale4x-e1564486100247.png\",\"width\":1547,\"height\":385,\"caption\":\"Daisho\"},\"image\":{\"@id\":\"https:\/\/www.daisho.be\/de\/#\/schema\/logo\/image\/\"}}]}<\/script>\n<!-- \/ Yoast SEO plugin. -->","yoast_head_json":{"title":"adidas Kick Pad gebogen mittel &#8211; Daisho","robots":{"index":"index","follow":"follow","max-snippet":"max-snippet:-1","max-image-preview":"max-image-preview:large","max-video-preview":"max-video-preview:-1"},"canonical":"https:\/\/www.daisho.be\/de\/produit\/adidas-kick-pad-gebogen-mittel\/","og_locale":"de_DE","og_type":"article","og_title":"adidas Kick Pad gebogen mittel &#8211; Daisho","og_description":"Dieses Kick Pad ist aus Kunstleder gefertigt, das sehr robust und langlebig ist. An der R\u00fcckseite sind Nylonriemen befestigt, um das Kick Pad sicher zu halten. Die Polsterung besteht aus einem extra starken 1,0 kg Polyetherschaum, der sicherstellt, dass das Kick Pad keinen Hohlraum erzeugt, sondern Tritte und Schl\u00e4ge auf ein Minimum reduziert. Es gibt [&hellip;]","og_url":"https:\/\/www.daisho.be\/de\/produit\/adidas-kick-pad-gebogen-mittel\/","og_site_name":"Daisho","article_modified_time":"2025-01-02T17:29:24+00:00","og_image":[{"width":650,"height":650,"url":"https:\/\/www.daisho.be\/wp-content\/uploads\/2025\/01\/image-2.jpg","type":"image\/jpeg"}],"twitter_card":"summary_large_image","twitter_misc":{"Gesch\u00e4tzte Lesezeit":"1\u00a0Minute"},"schema":{"@context":"https:\/\/schema.org","@graph":[{"@type":"WebPage","@id":"https:\/\/www.daisho.be\/de\/produit\/adidas-kick-pad-gebogen-mittel\/","url":"https:\/\/www.daisho.be\/de\/produit\/adidas-kick-pad-gebogen-mittel\/","name":"adidas Kick Pad gebogen mittel &#8211; Daisho","isPartOf":{"@id":"https:\/\/www.daisho.be\/de\/#website"},"primaryImageOfPage":{"@id":"https:\/\/www.daisho.be\/de\/produit\/adidas-kick-pad-gebogen-mittel\/#primaryimage"},"image":{"@id":"https:\/\/www.daisho.be\/de\/produit\/adidas-kick-pad-gebogen-mittel\/#primaryimage"},"thumbnailUrl":"https:\/\/www.daisho.be\/wp-content\/uploads\/2025\/01\/image-2.jpg","datePublished":"2021-07-18T10:22:17+00:00","dateModified":"2025-01-02T17:29:24+00:00","breadcrumb":{"@id":"https:\/\/www.daisho.be\/de\/produit\/adidas-kick-pad-gebogen-mittel\/#breadcrumb"},"inLanguage":"de","potentialAction":[{"@type":"ReadAction","target":["https:\/\/www.daisho.be\/de\/produit\/adidas-kick-pad-gebogen-mittel\/"]}]},{"@type":"ImageObject","inLanguage":"de","@id":"https:\/\/www.daisho.be\/de\/produit\/adidas-kick-pad-gebogen-mittel\/#primaryimage","url":"https:\/\/www.daisho.be\/wp-content\/uploads\/2025\/01\/image-2.jpg","contentUrl":"https:\/\/www.daisho.be\/wp-content\/uploads\/2025\/01\/image-2.jpg","width":650,"height":650,"caption":"adidas Kick Pad gebogen mittel-1"},{"@type":"BreadcrumbList","@id":"https:\/\/www.daisho.be\/de\/produit\/adidas-kick-pad-gebogen-mittel\/#breadcrumb","itemListElement":[{"@type":"ListItem","position":1,"name":"Accueil","item":"https:\/\/www.daisho.be\/de\/"},{"@type":"ListItem","position":2,"name":"Produkte","item":"https:\/\/www.daisho.be\/de\/produkte\/"},{"@type":"ListItem","position":3,"name":"ADIDAS COMBAT SPORTS","item":"https:\/\/www.daisho.be\/de\/categorie-produit\/adidas-combat-sports-de\/"},{"@type":"ListItem","position":4,"name":"MMA","item":"https:\/\/www.daisho.be\/de\/categorie-produit\/adidas-combat-sports-de\/mma-de\/"},{"@type":"ListItem","position":5,"name":"Boxs\u00e4cke und Trainingszubeh\u00f6r","item":"https:\/\/www.daisho.be\/de\/categorie-produit\/adidas-combat-sports-de\/mma-de\/boxsacke-und-trainingszubehor\/"},{"@type":"ListItem","position":6,"name":"adidas Kick Pad gebogen mittel"}]},{"@type":"WebSite","@id":"https:\/\/www.daisho.be\/de\/#website","url":"https:\/\/www.daisho.be\/de\/","name":"Daisho","description":"Sp&eacute;cialiste de l'&eacute;quipement sportif d'arts martiaux","publisher":{"@id":"https:\/\/www.daisho.be\/de\/#organization"},"potentialAction":[{"@type":"SearchAction","target":{"@type":"EntryPoint","urlTemplate":"https:\/\/www.daisho.be\/de\/?s={search_term_string}"},"query-input":{"@type":"PropertyValueSpecification","valueRequired":true,"valueName":"search_term_string"}}],"inLanguage":"de"},{"@type":"Organization","@id":"https:\/\/www.daisho.be\/de\/#organization","name":"Daisho","url":"https:\/\/www.daisho.be\/de\/","logo":{"@type":"ImageObject","inLanguage":"de","@id":"https:\/\/www.daisho.be\/de\/#\/schema\/logo\/image\/","url":"https:\/\/www.daisho.be\/wp-content\/uploads\/2019\/07\/color-nothing-horizontale4x-e1564486100247.png","contentUrl":"https:\/\/www.daisho.be\/wp-content\/uploads\/2019\/07\/color-nothing-horizontale4x-e1564486100247.png","width":1547,"height":385,"caption":"Daisho"},"image":{"@id":"https:\/\/www.daisho.be\/de\/#\/schema\/logo\/image\/"}}]}},"_links":{"self":[{"href":"https:\/\/www.daisho.be\/de\/wp-json\/wp\/v2\/product\/456335","targetHints":{"allow":["GET"]}}],"collection":[{"href":"https:\/\/www.daisho.be\/de\/wp-json\/wp\/v2\/product"}],"about":[{"href":"https:\/\/www.daisho.be\/de\/wp-json\/wp\/v2\/types\/product"}],"replies":[{"embeddable":true,"href":"https:\/\/www.daisho.be\/de\/wp-json\/wp\/v2\/comments?post=456335"}],"wp:featuredmedia":[{"embeddable":true,"href":"https:\/\/www.daisho.be\/de\/wp-json\/wp\/v2\/media\/479676"}],"wp:attachment":[{"href":"https:\/\/www.daisho.be\/de\/wp-json\/wp\/v2\/media?parent=456335"}],"wp:term":[{"taxonomy":"product_brand","embeddable":true,"href":"https:\/\/www.daisho.be\/de\/wp-json\/wp\/v2\/product_brand?post=456335"},{"taxonomy":"product_cat","embeddable":true,"href":"https:\/\/www.daisho.be\/de\/wp-json\/wp\/v2\/product_cat?post=456335"},{"taxonomy":"product_tag","embeddable":true,"href":"https:\/\/www.daisho.be\/de\/wp-json\/wp\/v2\/product_tag?post=456335"},{"taxonomy":"sport","embeddable":true,"href":"https:\/\/www.daisho.be\/de\/wp-json\/wp\/v2\/sport?post=456335"}],"curies":[{"name":"wp","href":"https:\/\/api.w.org\/{rel}","templated":true}]}}