{"id":456317,"date":"2021-07-18T12:23:56","date_gmt":"2021-07-18T10:23:56","guid":{"rendered":"https:\/\/www.daisho.be\/produit\/adidas-kick-pad-standard-gebogen\/"},"modified":"2025-10-09T14:15:41","modified_gmt":"2025-10-09T12:15:41","slug":"adidas-kick-pad-standard-gebogen","status":"publish","type":"product","link":"https:\/\/www.daisho.be\/de\/produit\/adidas-kick-pad-standard-gebogen\/","title":{"rendered":"adidas Kick Pad Standard Gebogen"},"content":{"rendered":"<p>Dieser Schild oder Pao ist aus Kunstleder gefertigt, das sehr robust und langlebig ist.<br \/>\nAn der R\u00fcckseite sind Nylonriemen angebracht, um das Kick-Pad zu fixieren.<br \/>\nDie Polsterung besteht aus einem extra starken Poly\u00e4therschaum mit einem Gewicht von 1,2 kg, der sicherstellt, dass das Kickpad kein Vakuum erzeugt, sondern Tritte und Schl\u00e4ge auf ein Minimum reduziert.<br \/>\nDa das Kickpad gebogen ist, ist es einfacher, Tritte und Schl\u00e4ge zu absorbieren.<br \/>\nEs gibt auch Bel\u00fcftungsl\u00f6cher, damit die Luft, die aus dem Kickpad gedr\u00fcckt wird, richtig entweichen kann und das Kickpad nicht rei\u00dft.<br \/>\nAll dies zusammen bietet einen hohen Trainingskomfort.<br \/>\nDieses Kick-Pad ist ideal zum \u00dcben von Schl\u00e4gen und Tritten, sowohl auf der Seite Ihres Trainers als auch auf der Seite Ihres Trainingspartners.<br \/>\nBeendet mit einem Rei\u00dfverschluss unten.<br \/>\nDieser Pao oder Schlagschild ist f\u00fcr alle Kampfk\u00fcnstler geeignet, sowohl f\u00fcr den Trainer als auch f\u00fcr den Sch\u00fcler.<\/p>\n<p>Vorteile:<br \/>\n&#8211; robust und langlebig<br \/>\n&#8211; f\u00fcr Profis und Amateure<br \/>\n&#8211; gute Saugf\u00e4higkeit<br \/>\n&#8211; sicher f\u00fcr H\u00e4nde und F\u00fc\u00dfe<br \/>\n&#8211; guter Halt durch robuste Riemen<br \/>\n&#8211; gebogene Form<\/p>\n<p>Abmessungen: 75 x 35 x 15 cm<br \/>\nGewicht: 1,2 kg<\/p>\n","protected":false},"excerpt":{"rendered":"<p>Dieser Schild oder Pao ist aus Kunstleder gefertigt, das sehr robust und langlebig ist. An der R\u00fcckseite sind Nylonriemen angebracht, um das Kick-Pad zu fixieren. Die Polsterung besteht aus einem extra starken Poly\u00e4therschaum mit einem Gewicht von 1,2 kg, der sicherstellt, dass das Kickpad kein Vakuum erzeugt, sondern Tritte und Schl\u00e4ge auf ein Minimum reduziert. [&hellip;]<\/p>\n","protected":false},"featured_media":507539,"comment_status":"open","ping_status":"closed","template":"","meta":{"inline_featured_image":false},"product_brand":[],"product_cat":[2252,2278,2251,2256],"product_tag":[2178],"sport":[],"class_list":{"0":"post-456317","1":"product","2":"type-product","3":"status-publish","4":"has-post-thumbnail","6":"product_cat-boxsacke-und-trainingszubehor","7":"product_cat-boxsacke-und-trainingszubehor-boxen","8":"product_cat-boxsacke-und-trainingszubehor-karate","9":"product_cat-taekwondo-boxsacke-und-trainingszubehor-von-adidas","10":"product_tag-adidas-de","11":"pa_size-sans-taille-defaut","13":"first","14":"instock","15":"taxable","16":"shipping-taxable","17":"purchasable","18":"product-type-simple"},"yoast_head":"<!-- This site is optimized with the Yoast SEO plugin v27.2 - https:\/\/yoast.com\/product\/yoast-seo-wordpress\/ -->\n<title>adidas Kick Pad Standard Gebogen &#8211; Daisho<\/title>\n<meta name=\"description\" content=\"Das Kick-Pad wurde speziell entwickelt, um Ihr Training von Punktschl\u00e4gen und Tritten zu verbessern. Kaufen Sie es bei www.daisho.be|Daisho\" \/>\n<meta name=\"robots\" content=\"index, follow, max-snippet:-1, max-image-preview:large, max-video-preview:-1\" \/>\n<link rel=\"canonical\" href=\"https:\/\/www.daisho.be\/de\/produit\/adidas-kick-pad-standard-gebogen\/\" \/>\n<meta property=\"og:locale\" content=\"de_DE\" \/>\n<meta property=\"og:type\" content=\"article\" \/>\n<meta property=\"og:title\" content=\"adidas Kick Pad Standard Gebogen &#8211; Daisho\" \/>\n<meta property=\"og:description\" content=\"Das Kick-Pad wurde speziell entwickelt, um Ihr Training von Punktschl\u00e4gen und Tritten zu verbessern. Kaufen Sie es bei www.daisho.be|Daisho\" \/>\n<meta property=\"og:url\" content=\"https:\/\/www.daisho.be\/de\/produit\/adidas-kick-pad-standard-gebogen\/\" \/>\n<meta property=\"og:site_name\" content=\"Daisho\" \/>\n<meta property=\"article:modified_time\" content=\"2025-10-09T12:15:41+00:00\" \/>\n<meta property=\"og:image\" content=\"https:\/\/www.daisho.be\/wp-content\/uploads\/2025\/03\/image-11.png\" \/>\n\t<meta property=\"og:image:width\" content=\"650\" \/>\n\t<meta property=\"og:image:height\" content=\"650\" \/>\n\t<meta property=\"og:image:type\" content=\"image\/png\" \/>\n<meta name=\"twitter:card\" content=\"summary_large_image\" \/>\n<meta name=\"twitter:label1\" content=\"Gesch\u00e4tzte Lesezeit\" \/>\n\t<meta name=\"twitter:data1\" content=\"1\u00a0Minute\" \/>\n<script type=\"application\/ld+json\" class=\"yoast-schema-graph\">{\"@context\":\"https:\/\/schema.org\",\"@graph\":[{\"@type\":\"WebPage\",\"@id\":\"https:\/\/www.daisho.be\/de\/produit\/adidas-kick-pad-standard-gebogen\/\",\"url\":\"https:\/\/www.daisho.be\/de\/produit\/adidas-kick-pad-standard-gebogen\/\",\"name\":\"adidas Kick Pad Standard Gebogen &#8211; Daisho\",\"isPartOf\":{\"@id\":\"https:\/\/www.daisho.be\/de\/#website\"},\"primaryImageOfPage\":{\"@id\":\"https:\/\/www.daisho.be\/de\/produit\/adidas-kick-pad-standard-gebogen\/#primaryimage\"},\"image\":{\"@id\":\"https:\/\/www.daisho.be\/de\/produit\/adidas-kick-pad-standard-gebogen\/#primaryimage\"},\"thumbnailUrl\":\"https:\/\/www.daisho.be\/wp-content\/uploads\/2025\/03\/image-11.png\",\"datePublished\":\"2021-07-18T10:23:56+00:00\",\"dateModified\":\"2025-10-09T12:15:41+00:00\",\"description\":\"Das Kick-Pad wurde speziell entwickelt, um Ihr Training von Punktschl\u00e4gen und Tritten zu verbessern. Kaufen Sie es bei www.daisho.be|Daisho\",\"breadcrumb\":{\"@id\":\"https:\/\/www.daisho.be\/de\/produit\/adidas-kick-pad-standard-gebogen\/#breadcrumb\"},\"inLanguage\":\"de\",\"potentialAction\":[{\"@type\":\"ReadAction\",\"target\":[\"https:\/\/www.daisho.be\/de\/produit\/adidas-kick-pad-standard-gebogen\/\"]}]},{\"@type\":\"ImageObject\",\"inLanguage\":\"de\",\"@id\":\"https:\/\/www.daisho.be\/de\/produit\/adidas-kick-pad-standard-gebogen\/#primaryimage\",\"url\":\"https:\/\/www.daisho.be\/wp-content\/uploads\/2025\/03\/image-11.png\",\"contentUrl\":\"https:\/\/www.daisho.be\/wp-content\/uploads\/2025\/03\/image-11.png\",\"width\":650,\"height\":650,\"caption\":\"adidas Kick Pad Standard Gebogen-1\"},{\"@type\":\"BreadcrumbList\",\"@id\":\"https:\/\/www.daisho.be\/de\/produit\/adidas-kick-pad-standard-gebogen\/#breadcrumb\",\"itemListElement\":[{\"@type\":\"ListItem\",\"position\":1,\"name\":\"Accueil\",\"item\":\"https:\/\/www.daisho.be\/de\/\"},{\"@type\":\"ListItem\",\"position\":2,\"name\":\"Produkte\",\"item\":\"https:\/\/www.daisho.be\/de\/produkte\/\"},{\"@type\":\"ListItem\",\"position\":3,\"name\":\"ADIDAS COMBAT SPORTS\",\"item\":\"https:\/\/www.daisho.be\/de\/categorie-produit\/adidas-combat-sports-de\/\"},{\"@type\":\"ListItem\",\"position\":4,\"name\":\"MMA\",\"item\":\"https:\/\/www.daisho.be\/de\/categorie-produit\/adidas-combat-sports-de\/mma-de\/\"},{\"@type\":\"ListItem\",\"position\":5,\"name\":\"Boxs\u00e4cke und Trainingszubeh\u00f6r\",\"item\":\"https:\/\/www.daisho.be\/de\/categorie-produit\/adidas-combat-sports-de\/mma-de\/boxsacke-und-trainingszubehor\/\"},{\"@type\":\"ListItem\",\"position\":6,\"name\":\"adidas Kick Pad Standard Gebogen\"}]},{\"@type\":\"WebSite\",\"@id\":\"https:\/\/www.daisho.be\/de\/#website\",\"url\":\"https:\/\/www.daisho.be\/de\/\",\"name\":\"Daisho\",\"description\":\"Sp&eacute;cialiste de l'&eacute;quipement sportif d'arts martiaux\",\"publisher\":{\"@id\":\"https:\/\/www.daisho.be\/de\/#organization\"},\"potentialAction\":[{\"@type\":\"SearchAction\",\"target\":{\"@type\":\"EntryPoint\",\"urlTemplate\":\"https:\/\/www.daisho.be\/de\/?s={search_term_string}\"},\"query-input\":{\"@type\":\"PropertyValueSpecification\",\"valueRequired\":true,\"valueName\":\"search_term_string\"}}],\"inLanguage\":\"de\"},{\"@type\":\"Organization\",\"@id\":\"https:\/\/www.daisho.be\/de\/#organization\",\"name\":\"Daisho\",\"url\":\"https:\/\/www.daisho.be\/de\/\",\"logo\":{\"@type\":\"ImageObject\",\"inLanguage\":\"de\",\"@id\":\"https:\/\/www.daisho.be\/de\/#\/schema\/logo\/image\/\",\"url\":\"https:\/\/www.daisho.be\/wp-content\/uploads\/2019\/07\/color-nothing-horizontale4x-e1564486100247.png\",\"contentUrl\":\"https:\/\/www.daisho.be\/wp-content\/uploads\/2019\/07\/color-nothing-horizontale4x-e1564486100247.png\",\"width\":1547,\"height\":385,\"caption\":\"Daisho\"},\"image\":{\"@id\":\"https:\/\/www.daisho.be\/de\/#\/schema\/logo\/image\/\"}}]}<\/script>\n<!-- \/ Yoast SEO plugin. -->","yoast_head_json":{"title":"adidas Kick Pad Standard Gebogen &#8211; Daisho","description":"Das Kick-Pad wurde speziell entwickelt, um Ihr Training von Punktschl\u00e4gen und Tritten zu verbessern. Kaufen Sie es bei www.daisho.be|Daisho","robots":{"index":"index","follow":"follow","max-snippet":"max-snippet:-1","max-image-preview":"max-image-preview:large","max-video-preview":"max-video-preview:-1"},"canonical":"https:\/\/www.daisho.be\/de\/produit\/adidas-kick-pad-standard-gebogen\/","og_locale":"de_DE","og_type":"article","og_title":"adidas Kick Pad Standard Gebogen &#8211; Daisho","og_description":"Das Kick-Pad wurde speziell entwickelt, um Ihr Training von Punktschl\u00e4gen und Tritten zu verbessern. Kaufen Sie es bei www.daisho.be|Daisho","og_url":"https:\/\/www.daisho.be\/de\/produit\/adidas-kick-pad-standard-gebogen\/","og_site_name":"Daisho","article_modified_time":"2025-10-09T12:15:41+00:00","og_image":[{"width":650,"height":650,"url":"https:\/\/www.daisho.be\/wp-content\/uploads\/2025\/03\/image-11.png","type":"image\/png"}],"twitter_card":"summary_large_image","twitter_misc":{"Gesch\u00e4tzte Lesezeit":"1\u00a0Minute"},"schema":{"@context":"https:\/\/schema.org","@graph":[{"@type":"WebPage","@id":"https:\/\/www.daisho.be\/de\/produit\/adidas-kick-pad-standard-gebogen\/","url":"https:\/\/www.daisho.be\/de\/produit\/adidas-kick-pad-standard-gebogen\/","name":"adidas Kick Pad Standard Gebogen &#8211; Daisho","isPartOf":{"@id":"https:\/\/www.daisho.be\/de\/#website"},"primaryImageOfPage":{"@id":"https:\/\/www.daisho.be\/de\/produit\/adidas-kick-pad-standard-gebogen\/#primaryimage"},"image":{"@id":"https:\/\/www.daisho.be\/de\/produit\/adidas-kick-pad-standard-gebogen\/#primaryimage"},"thumbnailUrl":"https:\/\/www.daisho.be\/wp-content\/uploads\/2025\/03\/image-11.png","datePublished":"2021-07-18T10:23:56+00:00","dateModified":"2025-10-09T12:15:41+00:00","description":"Das Kick-Pad wurde speziell entwickelt, um Ihr Training von Punktschl\u00e4gen und Tritten zu verbessern. Kaufen Sie es bei www.daisho.be|Daisho","breadcrumb":{"@id":"https:\/\/www.daisho.be\/de\/produit\/adidas-kick-pad-standard-gebogen\/#breadcrumb"},"inLanguage":"de","potentialAction":[{"@type":"ReadAction","target":["https:\/\/www.daisho.be\/de\/produit\/adidas-kick-pad-standard-gebogen\/"]}]},{"@type":"ImageObject","inLanguage":"de","@id":"https:\/\/www.daisho.be\/de\/produit\/adidas-kick-pad-standard-gebogen\/#primaryimage","url":"https:\/\/www.daisho.be\/wp-content\/uploads\/2025\/03\/image-11.png","contentUrl":"https:\/\/www.daisho.be\/wp-content\/uploads\/2025\/03\/image-11.png","width":650,"height":650,"caption":"adidas Kick Pad Standard Gebogen-1"},{"@type":"BreadcrumbList","@id":"https:\/\/www.daisho.be\/de\/produit\/adidas-kick-pad-standard-gebogen\/#breadcrumb","itemListElement":[{"@type":"ListItem","position":1,"name":"Accueil","item":"https:\/\/www.daisho.be\/de\/"},{"@type":"ListItem","position":2,"name":"Produkte","item":"https:\/\/www.daisho.be\/de\/produkte\/"},{"@type":"ListItem","position":3,"name":"ADIDAS COMBAT SPORTS","item":"https:\/\/www.daisho.be\/de\/categorie-produit\/adidas-combat-sports-de\/"},{"@type":"ListItem","position":4,"name":"MMA","item":"https:\/\/www.daisho.be\/de\/categorie-produit\/adidas-combat-sports-de\/mma-de\/"},{"@type":"ListItem","position":5,"name":"Boxs\u00e4cke und Trainingszubeh\u00f6r","item":"https:\/\/www.daisho.be\/de\/categorie-produit\/adidas-combat-sports-de\/mma-de\/boxsacke-und-trainingszubehor\/"},{"@type":"ListItem","position":6,"name":"adidas Kick Pad Standard Gebogen"}]},{"@type":"WebSite","@id":"https:\/\/www.daisho.be\/de\/#website","url":"https:\/\/www.daisho.be\/de\/","name":"Daisho","description":"Sp&eacute;cialiste de l'&eacute;quipement sportif d'arts martiaux","publisher":{"@id":"https:\/\/www.daisho.be\/de\/#organization"},"potentialAction":[{"@type":"SearchAction","target":{"@type":"EntryPoint","urlTemplate":"https:\/\/www.daisho.be\/de\/?s={search_term_string}"},"query-input":{"@type":"PropertyValueSpecification","valueRequired":true,"valueName":"search_term_string"}}],"inLanguage":"de"},{"@type":"Organization","@id":"https:\/\/www.daisho.be\/de\/#organization","name":"Daisho","url":"https:\/\/www.daisho.be\/de\/","logo":{"@type":"ImageObject","inLanguage":"de","@id":"https:\/\/www.daisho.be\/de\/#\/schema\/logo\/image\/","url":"https:\/\/www.daisho.be\/wp-content\/uploads\/2019\/07\/color-nothing-horizontale4x-e1564486100247.png","contentUrl":"https:\/\/www.daisho.be\/wp-content\/uploads\/2019\/07\/color-nothing-horizontale4x-e1564486100247.png","width":1547,"height":385,"caption":"Daisho"},"image":{"@id":"https:\/\/www.daisho.be\/de\/#\/schema\/logo\/image\/"}}]}},"_links":{"self":[{"href":"https:\/\/www.daisho.be\/de\/wp-json\/wp\/v2\/product\/456317","targetHints":{"allow":["GET"]}}],"collection":[{"href":"https:\/\/www.daisho.be\/de\/wp-json\/wp\/v2\/product"}],"about":[{"href":"https:\/\/www.daisho.be\/de\/wp-json\/wp\/v2\/types\/product"}],"replies":[{"embeddable":true,"href":"https:\/\/www.daisho.be\/de\/wp-json\/wp\/v2\/comments?post=456317"}],"wp:featuredmedia":[{"embeddable":true,"href":"https:\/\/www.daisho.be\/de\/wp-json\/wp\/v2\/media\/507539"}],"wp:attachment":[{"href":"https:\/\/www.daisho.be\/de\/wp-json\/wp\/v2\/media?parent=456317"}],"wp:term":[{"taxonomy":"product_brand","embeddable":true,"href":"https:\/\/www.daisho.be\/de\/wp-json\/wp\/v2\/product_brand?post=456317"},{"taxonomy":"product_cat","embeddable":true,"href":"https:\/\/www.daisho.be\/de\/wp-json\/wp\/v2\/product_cat?post=456317"},{"taxonomy":"product_tag","embeddable":true,"href":"https:\/\/www.daisho.be\/de\/wp-json\/wp\/v2\/product_tag?post=456317"},{"taxonomy":"sport","embeddable":true,"href":"https:\/\/www.daisho.be\/de\/wp-json\/wp\/v2\/sport?post=456317"}],"curies":[{"name":"wp","href":"https:\/\/api.w.org\/{rel}","templated":true}]}}