{"id":456208,"date":"2021-07-18T12:41:20","date_gmt":"2021-07-18T10:41:20","guid":{"rendered":"https:\/\/www.daisho.be\/produit\/adidas-quick-wrap-mexikanisch-schwarz-gold\/"},"modified":"2021-07-18T12:41:20","modified_gmt":"2021-07-18T10:41:20","slug":"adidas-quick-wrap-mexikanisch-schwarz-gold","status":"publish","type":"product","link":"https:\/\/www.daisho.be\/de\/produit\/adidas-quick-wrap-mexikanisch-schwarz-gold\/","title":{"rendered":"adidas Quick Wrap Mexikanisch Schwarz\/Gold"},"content":{"rendered":"<p>Dies ist der ideale Innenhandschuh f\u00fcr Ihre Boxhandschuhe (Kick) oder Ihre Sackhandschuhe. Neoprenmaterial mit einer 10 mm dicken Gelschicht, um Ihre Gelenke zu sch\u00fctzen. Daran sind 200 cm lange Bandagen befestigt, um Ihr Handgelenk zus\u00e4tzlich zu fixieren. Dieser Handschuh hat auch eine ventilierende und feuchtigkeitsregulierende Wirkung durch die angewandte Climacool-Technik.<br \/>\nF\u00fcr alle, die ihre Hand zus\u00e4tzlich sch\u00fctzen und st\u00e4rken wollen.<br \/>\nVorteile: &#8211; einfach anzuziehen &#8211; Gelpolsterung &#8211; Climacool-Technik &#8211; 200 cm lange Bandage   <\/p>\n","protected":false},"excerpt":{"rendered":"<p>Dies ist der ideale Innenhandschuh f\u00fcr Ihre Boxhandschuhe (Kick) oder Ihre Sackhandschuhe. Neoprenmaterial mit einer 10 mm dicken Gelschicht, um Ihre Gelenke zu sch\u00fctzen. Daran sind 200 cm lange Bandagen befestigt, um Ihr Handgelenk zus\u00e4tzlich zu fixieren. Dieser Handschuh hat auch eine ventilierende und feuchtigkeitsregulierende Wirkung durch die angewandte Climacool-Technik. F\u00fcr alle, die ihre Hand [&hellip;]<\/p>\n","protected":false},"featured_media":456212,"comment_status":"open","ping_status":"closed","template":"","meta":{"inline_featured_image":false},"product_brand":[],"product_cat":[2306],"product_tag":[2178],"sport":[],"class_list":{"0":"post-456208","1":"product","2":"type-product","3":"status-publish","4":"has-post-thumbnail","6":"product_cat-boxhandschuhe-adidas","7":"product_tag-adidas-de","8":"pa_size-l-xl","9":"pa_size-s-m","11":"first","12":"instock","13":"taxable","14":"shipping-taxable","15":"purchasable","16":"product-type-variable"},"yoast_head":"<!-- This site is optimized with the Yoast SEO plugin v27.2 - https:\/\/yoast.com\/product\/yoast-seo-wordpress\/ -->\n<title>adidas Quick Wrap Mexikanisch Schwarz\/Gold &#8211; Daisho<\/title>\n<meta name=\"robots\" content=\"index, follow, max-snippet:-1, max-image-preview:large, max-video-preview:-1\" \/>\n<link rel=\"canonical\" href=\"https:\/\/www.daisho.be\/de\/produit\/adidas-quick-wrap-mexikanisch-schwarz-gold\/\" \/>\n<meta property=\"og:locale\" content=\"de_DE\" \/>\n<meta property=\"og:type\" content=\"article\" \/>\n<meta property=\"og:title\" content=\"adidas Quick Wrap Mexikanisch Schwarz\/Gold &#8211; Daisho\" \/>\n<meta property=\"og:description\" content=\"Dies ist der ideale Innenhandschuh f\u00fcr Ihre Boxhandschuhe (Kick) oder Ihre Sackhandschuhe. Neoprenmaterial mit einer 10 mm dicken Gelschicht, um Ihre Gelenke zu sch\u00fctzen. Daran sind 200 cm lange Bandagen befestigt, um Ihr Handgelenk zus\u00e4tzlich zu fixieren. Dieser Handschuh hat auch eine ventilierende und feuchtigkeitsregulierende Wirkung durch die angewandte Climacool-Technik. F\u00fcr alle, die ihre Hand [&hellip;]\" \/>\n<meta property=\"og:url\" content=\"https:\/\/www.daisho.be\/de\/produit\/adidas-quick-wrap-mexikanisch-schwarz-gold\/\" \/>\n<meta property=\"og:site_name\" content=\"Daisho\" \/>\n<meta property=\"og:image\" content=\"https:\/\/www.daisho.be\/wp-content\/uploads\/2021\/07\/image-170.jpg\" \/>\n\t<meta property=\"og:image:width\" content=\"650\" \/>\n\t<meta property=\"og:image:height\" content=\"656\" \/>\n\t<meta property=\"og:image:type\" content=\"image\/jpeg\" \/>\n<meta name=\"twitter:card\" content=\"summary_large_image\" \/>\n<script type=\"application\/ld+json\" class=\"yoast-schema-graph\">{\"@context\":\"https:\/\/schema.org\",\"@graph\":[{\"@type\":\"WebPage\",\"@id\":\"https:\/\/www.daisho.be\/de\/produit\/adidas-quick-wrap-mexikanisch-schwarz-gold\/\",\"url\":\"https:\/\/www.daisho.be\/de\/produit\/adidas-quick-wrap-mexikanisch-schwarz-gold\/\",\"name\":\"adidas Quick Wrap Mexikanisch Schwarz\/Gold &#8211; Daisho\",\"isPartOf\":{\"@id\":\"https:\/\/www.daisho.be\/de\/#website\"},\"primaryImageOfPage\":{\"@id\":\"https:\/\/www.daisho.be\/de\/produit\/adidas-quick-wrap-mexikanisch-schwarz-gold\/#primaryimage\"},\"image\":{\"@id\":\"https:\/\/www.daisho.be\/de\/produit\/adidas-quick-wrap-mexikanisch-schwarz-gold\/#primaryimage\"},\"thumbnailUrl\":\"https:\/\/www.daisho.be\/wp-content\/uploads\/2021\/07\/image-170.jpg\",\"datePublished\":\"2021-07-18T10:41:20+00:00\",\"breadcrumb\":{\"@id\":\"https:\/\/www.daisho.be\/de\/produit\/adidas-quick-wrap-mexikanisch-schwarz-gold\/#breadcrumb\"},\"inLanguage\":\"de\",\"potentialAction\":[{\"@type\":\"ReadAction\",\"target\":[\"https:\/\/www.daisho.be\/de\/produit\/adidas-quick-wrap-mexikanisch-schwarz-gold\/\"]}]},{\"@type\":\"ImageObject\",\"inLanguage\":\"de\",\"@id\":\"https:\/\/www.daisho.be\/de\/produit\/adidas-quick-wrap-mexikanisch-schwarz-gold\/#primaryimage\",\"url\":\"https:\/\/www.daisho.be\/wp-content\/uploads\/2021\/07\/image-170.jpg\",\"contentUrl\":\"https:\/\/www.daisho.be\/wp-content\/uploads\/2021\/07\/image-170.jpg\",\"width\":650,\"height\":656},{\"@type\":\"BreadcrumbList\",\"@id\":\"https:\/\/www.daisho.be\/de\/produit\/adidas-quick-wrap-mexikanisch-schwarz-gold\/#breadcrumb\",\"itemListElement\":[{\"@type\":\"ListItem\",\"position\":1,\"name\":\"Accueil\",\"item\":\"https:\/\/www.daisho.be\/de\/\"},{\"@type\":\"ListItem\",\"position\":2,\"name\":\"Produkte\",\"item\":\"https:\/\/www.daisho.be\/de\/produkte\/\"},{\"@type\":\"ListItem\",\"position\":3,\"name\":\"ADIDAS COMBAT SPORTS\",\"item\":\"https:\/\/www.daisho.be\/de\/categorie-produit\/adidas-combat-sports-de\/\"},{\"@type\":\"ListItem\",\"position\":4,\"name\":\"Boxen\",\"item\":\"https:\/\/www.daisho.be\/de\/categorie-produit\/adidas-combat-sports-de\/boxen\/\"},{\"@type\":\"ListItem\",\"position\":5,\"name\":\"Boxhandschuhe Adidas\",\"item\":\"https:\/\/www.daisho.be\/de\/categorie-produit\/adidas-combat-sports-de\/boxen\/boxhandschuhe-adidas\/\"},{\"@type\":\"ListItem\",\"position\":6,\"name\":\"adidas Quick Wrap Mexikanisch Schwarz\/Gold\"}]},{\"@type\":\"WebSite\",\"@id\":\"https:\/\/www.daisho.be\/de\/#website\",\"url\":\"https:\/\/www.daisho.be\/de\/\",\"name\":\"Daisho\",\"description\":\"Sp&eacute;cialiste de l'&eacute;quipement sportif d'arts martiaux\",\"publisher\":{\"@id\":\"https:\/\/www.daisho.be\/de\/#organization\"},\"potentialAction\":[{\"@type\":\"SearchAction\",\"target\":{\"@type\":\"EntryPoint\",\"urlTemplate\":\"https:\/\/www.daisho.be\/de\/?s={search_term_string}\"},\"query-input\":{\"@type\":\"PropertyValueSpecification\",\"valueRequired\":true,\"valueName\":\"search_term_string\"}}],\"inLanguage\":\"de\"},{\"@type\":\"Organization\",\"@id\":\"https:\/\/www.daisho.be\/de\/#organization\",\"name\":\"Daisho\",\"url\":\"https:\/\/www.daisho.be\/de\/\",\"logo\":{\"@type\":\"ImageObject\",\"inLanguage\":\"de\",\"@id\":\"https:\/\/www.daisho.be\/de\/#\/schema\/logo\/image\/\",\"url\":\"https:\/\/www.daisho.be\/wp-content\/uploads\/2019\/07\/color-nothing-horizontale4x-e1564486100247.png\",\"contentUrl\":\"https:\/\/www.daisho.be\/wp-content\/uploads\/2019\/07\/color-nothing-horizontale4x-e1564486100247.png\",\"width\":1547,\"height\":385,\"caption\":\"Daisho\"},\"image\":{\"@id\":\"https:\/\/www.daisho.be\/de\/#\/schema\/logo\/image\/\"}}]}<\/script>\n<!-- \/ Yoast SEO plugin. -->","yoast_head_json":{"title":"adidas Quick Wrap Mexikanisch Schwarz\/Gold &#8211; Daisho","robots":{"index":"index","follow":"follow","max-snippet":"max-snippet:-1","max-image-preview":"max-image-preview:large","max-video-preview":"max-video-preview:-1"},"canonical":"https:\/\/www.daisho.be\/de\/produit\/adidas-quick-wrap-mexikanisch-schwarz-gold\/","og_locale":"de_DE","og_type":"article","og_title":"adidas Quick Wrap Mexikanisch Schwarz\/Gold &#8211; Daisho","og_description":"Dies ist der ideale Innenhandschuh f\u00fcr Ihre Boxhandschuhe (Kick) oder Ihre Sackhandschuhe. Neoprenmaterial mit einer 10 mm dicken Gelschicht, um Ihre Gelenke zu sch\u00fctzen. Daran sind 200 cm lange Bandagen befestigt, um Ihr Handgelenk zus\u00e4tzlich zu fixieren. Dieser Handschuh hat auch eine ventilierende und feuchtigkeitsregulierende Wirkung durch die angewandte Climacool-Technik. F\u00fcr alle, die ihre Hand [&hellip;]","og_url":"https:\/\/www.daisho.be\/de\/produit\/adidas-quick-wrap-mexikanisch-schwarz-gold\/","og_site_name":"Daisho","og_image":[{"width":650,"height":656,"url":"https:\/\/www.daisho.be\/wp-content\/uploads\/2021\/07\/image-170.jpg","type":"image\/jpeg"}],"twitter_card":"summary_large_image","schema":{"@context":"https:\/\/schema.org","@graph":[{"@type":"WebPage","@id":"https:\/\/www.daisho.be\/de\/produit\/adidas-quick-wrap-mexikanisch-schwarz-gold\/","url":"https:\/\/www.daisho.be\/de\/produit\/adidas-quick-wrap-mexikanisch-schwarz-gold\/","name":"adidas Quick Wrap Mexikanisch Schwarz\/Gold &#8211; Daisho","isPartOf":{"@id":"https:\/\/www.daisho.be\/de\/#website"},"primaryImageOfPage":{"@id":"https:\/\/www.daisho.be\/de\/produit\/adidas-quick-wrap-mexikanisch-schwarz-gold\/#primaryimage"},"image":{"@id":"https:\/\/www.daisho.be\/de\/produit\/adidas-quick-wrap-mexikanisch-schwarz-gold\/#primaryimage"},"thumbnailUrl":"https:\/\/www.daisho.be\/wp-content\/uploads\/2021\/07\/image-170.jpg","datePublished":"2021-07-18T10:41:20+00:00","breadcrumb":{"@id":"https:\/\/www.daisho.be\/de\/produit\/adidas-quick-wrap-mexikanisch-schwarz-gold\/#breadcrumb"},"inLanguage":"de","potentialAction":[{"@type":"ReadAction","target":["https:\/\/www.daisho.be\/de\/produit\/adidas-quick-wrap-mexikanisch-schwarz-gold\/"]}]},{"@type":"ImageObject","inLanguage":"de","@id":"https:\/\/www.daisho.be\/de\/produit\/adidas-quick-wrap-mexikanisch-schwarz-gold\/#primaryimage","url":"https:\/\/www.daisho.be\/wp-content\/uploads\/2021\/07\/image-170.jpg","contentUrl":"https:\/\/www.daisho.be\/wp-content\/uploads\/2021\/07\/image-170.jpg","width":650,"height":656},{"@type":"BreadcrumbList","@id":"https:\/\/www.daisho.be\/de\/produit\/adidas-quick-wrap-mexikanisch-schwarz-gold\/#breadcrumb","itemListElement":[{"@type":"ListItem","position":1,"name":"Accueil","item":"https:\/\/www.daisho.be\/de\/"},{"@type":"ListItem","position":2,"name":"Produkte","item":"https:\/\/www.daisho.be\/de\/produkte\/"},{"@type":"ListItem","position":3,"name":"ADIDAS COMBAT SPORTS","item":"https:\/\/www.daisho.be\/de\/categorie-produit\/adidas-combat-sports-de\/"},{"@type":"ListItem","position":4,"name":"Boxen","item":"https:\/\/www.daisho.be\/de\/categorie-produit\/adidas-combat-sports-de\/boxen\/"},{"@type":"ListItem","position":5,"name":"Boxhandschuhe Adidas","item":"https:\/\/www.daisho.be\/de\/categorie-produit\/adidas-combat-sports-de\/boxen\/boxhandschuhe-adidas\/"},{"@type":"ListItem","position":6,"name":"adidas Quick Wrap Mexikanisch Schwarz\/Gold"}]},{"@type":"WebSite","@id":"https:\/\/www.daisho.be\/de\/#website","url":"https:\/\/www.daisho.be\/de\/","name":"Daisho","description":"Sp&eacute;cialiste de l'&eacute;quipement sportif d'arts martiaux","publisher":{"@id":"https:\/\/www.daisho.be\/de\/#organization"},"potentialAction":[{"@type":"SearchAction","target":{"@type":"EntryPoint","urlTemplate":"https:\/\/www.daisho.be\/de\/?s={search_term_string}"},"query-input":{"@type":"PropertyValueSpecification","valueRequired":true,"valueName":"search_term_string"}}],"inLanguage":"de"},{"@type":"Organization","@id":"https:\/\/www.daisho.be\/de\/#organization","name":"Daisho","url":"https:\/\/www.daisho.be\/de\/","logo":{"@type":"ImageObject","inLanguage":"de","@id":"https:\/\/www.daisho.be\/de\/#\/schema\/logo\/image\/","url":"https:\/\/www.daisho.be\/wp-content\/uploads\/2019\/07\/color-nothing-horizontale4x-e1564486100247.png","contentUrl":"https:\/\/www.daisho.be\/wp-content\/uploads\/2019\/07\/color-nothing-horizontale4x-e1564486100247.png","width":1547,"height":385,"caption":"Daisho"},"image":{"@id":"https:\/\/www.daisho.be\/de\/#\/schema\/logo\/image\/"}}]}},"_links":{"self":[{"href":"https:\/\/www.daisho.be\/de\/wp-json\/wp\/v2\/product\/456208","targetHints":{"allow":["GET"]}}],"collection":[{"href":"https:\/\/www.daisho.be\/de\/wp-json\/wp\/v2\/product"}],"about":[{"href":"https:\/\/www.daisho.be\/de\/wp-json\/wp\/v2\/types\/product"}],"replies":[{"embeddable":true,"href":"https:\/\/www.daisho.be\/de\/wp-json\/wp\/v2\/comments?post=456208"}],"wp:featuredmedia":[{"embeddable":true,"href":"https:\/\/www.daisho.be\/de\/wp-json\/wp\/v2\/media\/456212"}],"wp:attachment":[{"href":"https:\/\/www.daisho.be\/de\/wp-json\/wp\/v2\/media?parent=456208"}],"wp:term":[{"taxonomy":"product_brand","embeddable":true,"href":"https:\/\/www.daisho.be\/de\/wp-json\/wp\/v2\/product_brand?post=456208"},{"taxonomy":"product_cat","embeddable":true,"href":"https:\/\/www.daisho.be\/de\/wp-json\/wp\/v2\/product_cat?post=456208"},{"taxonomy":"product_tag","embeddable":true,"href":"https:\/\/www.daisho.be\/de\/wp-json\/wp\/v2\/product_tag?post=456208"},{"taxonomy":"sport","embeddable":true,"href":"https:\/\/www.daisho.be\/de\/wp-json\/wp\/v2\/sport?post=456208"}],"curies":[{"name":"wp","href":"https:\/\/api.w.org\/{rel}","templated":true}]}}