{"id":456188,"date":"2021-07-19T11:37:15","date_gmt":"2021-07-19T09:37:15","guid":{"rendered":"https:\/\/www.daisho.be\/produit\/adidas-thai-und-kickboxing-shorts-gelb-blau\/"},"modified":"2025-10-09T14:14:00","modified_gmt":"2025-10-09T12:14:00","slug":"adidas-thai-und-kickboxing-shorts-gelb-blau","status":"publish","type":"product","link":"https:\/\/www.daisho.be\/de\/produit\/adidas-thai-und-kickboxing-shorts-gelb-blau\/","title":{"rendered":"adidas Thai- und Kickboxing Shorts Gelb\/Blau"},"content":{"rendered":"<p>Diese adidas Shorts sind aus Polyestersatin gefertigt. Der Satin trocknet schnell und f\u00e4llt sehr leicht.<br \/>\nDie Shorts haben einen Schlitz, der f\u00fcr die perfekte Bewegungsfreiheit sorgt, die w\u00e4hrend des Trainings ben\u00f6tigt wird.<br \/>\nDie Shorts haben einen breiten Gummizug und Schn\u00fcre auf der Innenseite, um die Hose noch enger zu machen.<br \/>\nDie Shorts sind f\u00fcr Muay Thai, K1 und Kickboxing geeignet.<br \/>\nVorteile:<br \/>\n&#8211; aus Polyestersatin<br \/>\n&#8211; gro\u00dfe Bewegungsfreiheit<br \/>\n&#8211; robust und langlebig<br \/>\n&#8211; sch\u00f6ne Designs <\/p>\n","protected":false},"excerpt":{"rendered":"<p>Diese adidas Shorts sind aus Polyestersatin gefertigt. Der Satin trocknet schnell und f\u00e4llt sehr leicht. Die Shorts haben einen Schlitz, der f\u00fcr die perfekte Bewegungsfreiheit sorgt, die w\u00e4hrend des Trainings ben\u00f6tigt wird. Die Shorts haben einen breiten Gummizug und Schn\u00fcre auf der Innenseite, um die Hose noch enger zu machen. Die Shorts sind f\u00fcr Muay [&hellip;]<\/p>\n","protected":false},"featured_media":456197,"comment_status":"open","ping_status":"closed","template":"","meta":{"inline_featured_image":false},"product_brand":[],"product_cat":[2295,2305,2291,2076],"product_tag":[2178],"sport":[],"class_list":{"0":"post-456188","1":"product","2":"type-product","3":"status-publish","4":"has-post-thumbnail","6":"product_cat-adidas-kleidung-fur-kick-boxing","7":"product_cat-adidas-kleidung-fur-muay-thai","8":"product_cat-adidas-bekleidung-fur-mma","9":"product_cat-kleidung","10":"product_tag-adidas-de","11":"pa_size-2xl","12":"pa_size-2xs","13":"pa_size-l","14":"pa_size-m","15":"pa_size-s","16":"pa_size-xl","17":"pa_size-xs","19":"first","20":"instock","21":"taxable","22":"shipping-taxable","23":"purchasable","24":"product-type-variable"},"yoast_head":"<!-- This site is optimized with the Yoast SEO plugin v27.2 - https:\/\/yoast.com\/product\/yoast-seo-wordpress\/ -->\n<title>adidas Thai- und Kickboxing Shorts Gelb\/Blau &#8211; Daisho<\/title>\n<meta name=\"description\" content=\"Entdecken Sie die Kickboxing-Satin-Shorts, die Komfort und Stil f\u00fcr Ihr Training bieten. Kaufen Sie sie auf unserer Webseite www.daisho.be|Daisho\" \/>\n<meta name=\"robots\" content=\"index, follow, max-snippet:-1, max-image-preview:large, max-video-preview:-1\" \/>\n<link rel=\"canonical\" href=\"https:\/\/www.daisho.be\/de\/produit\/adidas-thai-und-kickboxing-shorts-gelb-blau\/\" \/>\n<meta property=\"og:locale\" content=\"de_DE\" \/>\n<meta property=\"og:type\" content=\"article\" \/>\n<meta property=\"og:title\" content=\"adidas Thai- und Kickboxing Shorts Gelb\/Blau &#8211; Daisho\" \/>\n<meta property=\"og:description\" content=\"Entdecken Sie die Kickboxing-Satin-Shorts, die Komfort und Stil f\u00fcr Ihr Training bieten. Kaufen Sie sie auf unserer Webseite www.daisho.be|Daisho\" \/>\n<meta property=\"og:url\" content=\"https:\/\/www.daisho.be\/de\/produit\/adidas-thai-und-kickboxing-shorts-gelb-blau\/\" \/>\n<meta property=\"og:site_name\" content=\"Daisho\" \/>\n<meta property=\"article:modified_time\" content=\"2025-10-09T12:14:00+00:00\" \/>\n<meta property=\"og:image\" content=\"https:\/\/www.daisho.be\/wp-content\/uploads\/2024\/01\/image-54.jpg\" \/>\n\t<meta property=\"og:image:width\" content=\"650\" \/>\n\t<meta property=\"og:image:height\" content=\"648\" \/>\n\t<meta property=\"og:image:type\" content=\"image\/jpeg\" \/>\n<meta name=\"twitter:card\" content=\"summary_large_image\" \/>\n<script type=\"application\/ld+json\" class=\"yoast-schema-graph\">{\"@context\":\"https:\/\/schema.org\",\"@graph\":[{\"@type\":\"WebPage\",\"@id\":\"https:\/\/www.daisho.be\/de\/produit\/adidas-thai-und-kickboxing-shorts-gelb-blau\/\",\"url\":\"https:\/\/www.daisho.be\/de\/produit\/adidas-thai-und-kickboxing-shorts-gelb-blau\/\",\"name\":\"adidas Thai- und Kickboxing Shorts Gelb\/Blau &#8211; Daisho\",\"isPartOf\":{\"@id\":\"https:\/\/www.daisho.be\/de\/#website\"},\"primaryImageOfPage\":{\"@id\":\"https:\/\/www.daisho.be\/de\/produit\/adidas-thai-und-kickboxing-shorts-gelb-blau\/#primaryimage\"},\"image\":{\"@id\":\"https:\/\/www.daisho.be\/de\/produit\/adidas-thai-und-kickboxing-shorts-gelb-blau\/#primaryimage\"},\"thumbnailUrl\":\"https:\/\/www.daisho.be\/wp-content\/uploads\/2024\/01\/image-54.jpg\",\"datePublished\":\"2021-07-19T09:37:15+00:00\",\"dateModified\":\"2025-10-09T12:14:00+00:00\",\"description\":\"Entdecken Sie die Kickboxing-Satin-Shorts, die Komfort und Stil f\u00fcr Ihr Training bieten. Kaufen Sie sie auf unserer Webseite www.daisho.be|Daisho\",\"breadcrumb\":{\"@id\":\"https:\/\/www.daisho.be\/de\/produit\/adidas-thai-und-kickboxing-shorts-gelb-blau\/#breadcrumb\"},\"inLanguage\":\"de\",\"potentialAction\":[{\"@type\":\"ReadAction\",\"target\":[\"https:\/\/www.daisho.be\/de\/produit\/adidas-thai-und-kickboxing-shorts-gelb-blau\/\"]}]},{\"@type\":\"ImageObject\",\"inLanguage\":\"de\",\"@id\":\"https:\/\/www.daisho.be\/de\/produit\/adidas-thai-und-kickboxing-shorts-gelb-blau\/#primaryimage\",\"url\":\"https:\/\/www.daisho.be\/wp-content\/uploads\/2024\/01\/image-54.jpg\",\"contentUrl\":\"https:\/\/www.daisho.be\/wp-content\/uploads\/2024\/01\/image-54.jpg\",\"width\":650,\"height\":648,\"caption\":\"adidas Thai- und Kickboxing Shorts Gelb\/Blau-1\"},{\"@type\":\"BreadcrumbList\",\"@id\":\"https:\/\/www.daisho.be\/de\/produit\/adidas-thai-und-kickboxing-shorts-gelb-blau\/#breadcrumb\",\"itemListElement\":[{\"@type\":\"ListItem\",\"position\":1,\"name\":\"Accueil\",\"item\":\"https:\/\/www.daisho.be\/de\/\"},{\"@type\":\"ListItem\",\"position\":2,\"name\":\"Produkte\",\"item\":\"https:\/\/www.daisho.be\/de\/produkte\/\"},{\"@type\":\"ListItem\",\"position\":3,\"name\":\"ADIDAS COMBAT SPORTS\",\"item\":\"https:\/\/www.daisho.be\/de\/categorie-produit\/adidas-combat-sports-de\/\"},{\"@type\":\"ListItem\",\"position\":4,\"name\":\"Kick-Boxing\",\"item\":\"https:\/\/www.daisho.be\/de\/categorie-produit\/adidas-combat-sports-de\/kick-boxing-de\/\"},{\"@type\":\"ListItem\",\"position\":5,\"name\":\"Adidas Kleidung f\u00fcr Kick-Boxing\",\"item\":\"https:\/\/www.daisho.be\/de\/categorie-produit\/adidas-combat-sports-de\/kick-boxing-de\/adidas-kleidung-fur-kick-boxing\/\"},{\"@type\":\"ListItem\",\"position\":6,\"name\":\"adidas Thai- und Kickboxing Shorts Gelb\/Blau\"}]},{\"@type\":\"WebSite\",\"@id\":\"https:\/\/www.daisho.be\/de\/#website\",\"url\":\"https:\/\/www.daisho.be\/de\/\",\"name\":\"Daisho\",\"description\":\"Sp&eacute;cialiste de l'&eacute;quipement sportif d'arts martiaux\",\"publisher\":{\"@id\":\"https:\/\/www.daisho.be\/de\/#organization\"},\"potentialAction\":[{\"@type\":\"SearchAction\",\"target\":{\"@type\":\"EntryPoint\",\"urlTemplate\":\"https:\/\/www.daisho.be\/de\/?s={search_term_string}\"},\"query-input\":{\"@type\":\"PropertyValueSpecification\",\"valueRequired\":true,\"valueName\":\"search_term_string\"}}],\"inLanguage\":\"de\"},{\"@type\":\"Organization\",\"@id\":\"https:\/\/www.daisho.be\/de\/#organization\",\"name\":\"Daisho\",\"url\":\"https:\/\/www.daisho.be\/de\/\",\"logo\":{\"@type\":\"ImageObject\",\"inLanguage\":\"de\",\"@id\":\"https:\/\/www.daisho.be\/de\/#\/schema\/logo\/image\/\",\"url\":\"https:\/\/www.daisho.be\/wp-content\/uploads\/2019\/07\/color-nothing-horizontale4x-e1564486100247.png\",\"contentUrl\":\"https:\/\/www.daisho.be\/wp-content\/uploads\/2019\/07\/color-nothing-horizontale4x-e1564486100247.png\",\"width\":1547,\"height\":385,\"caption\":\"Daisho\"},\"image\":{\"@id\":\"https:\/\/www.daisho.be\/de\/#\/schema\/logo\/image\/\"}}]}<\/script>\n<!-- \/ Yoast SEO plugin. -->","yoast_head_json":{"title":"adidas Thai- und Kickboxing Shorts Gelb\/Blau &#8211; Daisho","description":"Entdecken Sie die Kickboxing-Satin-Shorts, die Komfort und Stil f\u00fcr Ihr Training bieten. Kaufen Sie sie auf unserer Webseite www.daisho.be|Daisho","robots":{"index":"index","follow":"follow","max-snippet":"max-snippet:-1","max-image-preview":"max-image-preview:large","max-video-preview":"max-video-preview:-1"},"canonical":"https:\/\/www.daisho.be\/de\/produit\/adidas-thai-und-kickboxing-shorts-gelb-blau\/","og_locale":"de_DE","og_type":"article","og_title":"adidas Thai- und Kickboxing Shorts Gelb\/Blau &#8211; Daisho","og_description":"Entdecken Sie die Kickboxing-Satin-Shorts, die Komfort und Stil f\u00fcr Ihr Training bieten. Kaufen Sie sie auf unserer Webseite www.daisho.be|Daisho","og_url":"https:\/\/www.daisho.be\/de\/produit\/adidas-thai-und-kickboxing-shorts-gelb-blau\/","og_site_name":"Daisho","article_modified_time":"2025-10-09T12:14:00+00:00","og_image":[{"width":650,"height":648,"url":"https:\/\/www.daisho.be\/wp-content\/uploads\/2024\/01\/image-54.jpg","type":"image\/jpeg"}],"twitter_card":"summary_large_image","schema":{"@context":"https:\/\/schema.org","@graph":[{"@type":"WebPage","@id":"https:\/\/www.daisho.be\/de\/produit\/adidas-thai-und-kickboxing-shorts-gelb-blau\/","url":"https:\/\/www.daisho.be\/de\/produit\/adidas-thai-und-kickboxing-shorts-gelb-blau\/","name":"adidas Thai- und Kickboxing Shorts Gelb\/Blau &#8211; Daisho","isPartOf":{"@id":"https:\/\/www.daisho.be\/de\/#website"},"primaryImageOfPage":{"@id":"https:\/\/www.daisho.be\/de\/produit\/adidas-thai-und-kickboxing-shorts-gelb-blau\/#primaryimage"},"image":{"@id":"https:\/\/www.daisho.be\/de\/produit\/adidas-thai-und-kickboxing-shorts-gelb-blau\/#primaryimage"},"thumbnailUrl":"https:\/\/www.daisho.be\/wp-content\/uploads\/2024\/01\/image-54.jpg","datePublished":"2021-07-19T09:37:15+00:00","dateModified":"2025-10-09T12:14:00+00:00","description":"Entdecken Sie die Kickboxing-Satin-Shorts, die Komfort und Stil f\u00fcr Ihr Training bieten. Kaufen Sie sie auf unserer Webseite www.daisho.be|Daisho","breadcrumb":{"@id":"https:\/\/www.daisho.be\/de\/produit\/adidas-thai-und-kickboxing-shorts-gelb-blau\/#breadcrumb"},"inLanguage":"de","potentialAction":[{"@type":"ReadAction","target":["https:\/\/www.daisho.be\/de\/produit\/adidas-thai-und-kickboxing-shorts-gelb-blau\/"]}]},{"@type":"ImageObject","inLanguage":"de","@id":"https:\/\/www.daisho.be\/de\/produit\/adidas-thai-und-kickboxing-shorts-gelb-blau\/#primaryimage","url":"https:\/\/www.daisho.be\/wp-content\/uploads\/2024\/01\/image-54.jpg","contentUrl":"https:\/\/www.daisho.be\/wp-content\/uploads\/2024\/01\/image-54.jpg","width":650,"height":648,"caption":"adidas Thai- und Kickboxing Shorts Gelb\/Blau-1"},{"@type":"BreadcrumbList","@id":"https:\/\/www.daisho.be\/de\/produit\/adidas-thai-und-kickboxing-shorts-gelb-blau\/#breadcrumb","itemListElement":[{"@type":"ListItem","position":1,"name":"Accueil","item":"https:\/\/www.daisho.be\/de\/"},{"@type":"ListItem","position":2,"name":"Produkte","item":"https:\/\/www.daisho.be\/de\/produkte\/"},{"@type":"ListItem","position":3,"name":"ADIDAS COMBAT SPORTS","item":"https:\/\/www.daisho.be\/de\/categorie-produit\/adidas-combat-sports-de\/"},{"@type":"ListItem","position":4,"name":"Kick-Boxing","item":"https:\/\/www.daisho.be\/de\/categorie-produit\/adidas-combat-sports-de\/kick-boxing-de\/"},{"@type":"ListItem","position":5,"name":"Adidas Kleidung f\u00fcr Kick-Boxing","item":"https:\/\/www.daisho.be\/de\/categorie-produit\/adidas-combat-sports-de\/kick-boxing-de\/adidas-kleidung-fur-kick-boxing\/"},{"@type":"ListItem","position":6,"name":"adidas Thai- und Kickboxing Shorts Gelb\/Blau"}]},{"@type":"WebSite","@id":"https:\/\/www.daisho.be\/de\/#website","url":"https:\/\/www.daisho.be\/de\/","name":"Daisho","description":"Sp&eacute;cialiste de l'&eacute;quipement sportif d'arts martiaux","publisher":{"@id":"https:\/\/www.daisho.be\/de\/#organization"},"potentialAction":[{"@type":"SearchAction","target":{"@type":"EntryPoint","urlTemplate":"https:\/\/www.daisho.be\/de\/?s={search_term_string}"},"query-input":{"@type":"PropertyValueSpecification","valueRequired":true,"valueName":"search_term_string"}}],"inLanguage":"de"},{"@type":"Organization","@id":"https:\/\/www.daisho.be\/de\/#organization","name":"Daisho","url":"https:\/\/www.daisho.be\/de\/","logo":{"@type":"ImageObject","inLanguage":"de","@id":"https:\/\/www.daisho.be\/de\/#\/schema\/logo\/image\/","url":"https:\/\/www.daisho.be\/wp-content\/uploads\/2019\/07\/color-nothing-horizontale4x-e1564486100247.png","contentUrl":"https:\/\/www.daisho.be\/wp-content\/uploads\/2019\/07\/color-nothing-horizontale4x-e1564486100247.png","width":1547,"height":385,"caption":"Daisho"},"image":{"@id":"https:\/\/www.daisho.be\/de\/#\/schema\/logo\/image\/"}}]}},"_links":{"self":[{"href":"https:\/\/www.daisho.be\/de\/wp-json\/wp\/v2\/product\/456188","targetHints":{"allow":["GET"]}}],"collection":[{"href":"https:\/\/www.daisho.be\/de\/wp-json\/wp\/v2\/product"}],"about":[{"href":"https:\/\/www.daisho.be\/de\/wp-json\/wp\/v2\/types\/product"}],"replies":[{"embeddable":true,"href":"https:\/\/www.daisho.be\/de\/wp-json\/wp\/v2\/comments?post=456188"}],"wp:featuredmedia":[{"embeddable":true,"href":"https:\/\/www.daisho.be\/de\/wp-json\/wp\/v2\/media\/456197"}],"wp:attachment":[{"href":"https:\/\/www.daisho.be\/de\/wp-json\/wp\/v2\/media?parent=456188"}],"wp:term":[{"taxonomy":"product_brand","embeddable":true,"href":"https:\/\/www.daisho.be\/de\/wp-json\/wp\/v2\/product_brand?post=456188"},{"taxonomy":"product_cat","embeddable":true,"href":"https:\/\/www.daisho.be\/de\/wp-json\/wp\/v2\/product_cat?post=456188"},{"taxonomy":"product_tag","embeddable":true,"href":"https:\/\/www.daisho.be\/de\/wp-json\/wp\/v2\/product_tag?post=456188"},{"taxonomy":"sport","embeddable":true,"href":"https:\/\/www.daisho.be\/de\/wp-json\/wp\/v2\/sport?post=456188"}],"curies":[{"name":"wp","href":"https:\/\/api.w.org\/{rel}","templated":true}]}}