{"id":456170,"date":"2021-07-19T12:15:53","date_gmt":"2021-07-19T10:15:53","guid":{"rendered":"https:\/\/www.daisho.be\/produit\/sporttasche-combat-sports-adidas-polyester-2-in-1-rose-camo-silber\/"},"modified":"2026-01-15T09:03:13","modified_gmt":"2026-01-15T08:03:13","slug":"sporttasche-combat-sports-adidas-polyester-2-in-1-rose-camo-silber","status":"publish","type":"product","link":"https:\/\/www.daisho.be\/de\/produit\/sporttasche-combat-sports-adidas-polyester-2-in-1-rose-camo-silber\/","title":{"rendered":"Sporttasche Combat Sports adidas Polyester 2 in 1 Rose Camo\/Silber"},"content":{"rendered":"<p>Diese wundersch\u00f6ne Sporttasche besteht zu 100% aus robustem Polyester.<br \/>\nDie Tasche hat einen breiten Rei\u00dfverschluss und \u00f6ffnet die Tasche von vorne nach hinten.<br \/>\nDie Tasche hat Griffe und einen Schultergurt.<br \/>\nKann dank der doppelten Schultergurte auch als Rucksackmodell getragen werden.<\/p>\n<p>Vorteile:<br \/>\n&#8211; aus robustem Polyester<br \/>\n&#8211; kann als Rucksack getragen werden<br \/>\n&#8211; gro\u00dfes Staufach<br \/>\n&#8211; sch\u00f6ner breiter Rei\u00dfverschluss.<\/p>\n","protected":false},"excerpt":{"rendered":"<p>Diese wundersch\u00f6ne Sporttasche besteht zu 100% aus robustem Polyester. Die Tasche hat einen breiten Rei\u00dfverschluss und \u00f6ffnet die Tasche von vorne nach hinten. Die Tasche hat Griffe und einen Schultergurt. Kann dank der doppelten Schultergurte auch als Rucksackmodell getragen werden. Vorteile: &#8211; aus robustem Polyester &#8211; kann als Rucksack getragen werden &#8211; gro\u00dfes Staufach &#8211; [&hellip;]<\/p>\n","protected":false},"featured_media":456174,"comment_status":"open","ping_status":"closed","template":"","meta":{"inline_featured_image":false},"product_brand":[],"product_cat":[2301,2263,2300],"product_tag":[2178],"sport":[],"class_list":{"0":"post-456170","1":"product","2":"type-product","3":"status-publish","4":"has-post-thumbnail","6":"product_cat-adidas-taekwondo-tasche","7":"product_cat-karate-tasche-adidas","8":"product_cat-taschen-adidas-combat-sports","9":"product_tag-adidas-de","10":"pa_size-m","11":"pa_size-s","13":"first","14":"instock","15":"taxable","16":"shipping-taxable","17":"purchasable","18":"product-type-variable"},"yoast_head":"<!-- This site is optimized with the Yoast SEO plugin v27.2 - https:\/\/yoast.com\/product\/yoast-seo-wordpress\/ -->\n<title>Sporttasche Combat Sports adidas Polyester 2 in 1 Rose Camo\/Silber &#8211; Daisho<\/title>\n<meta name=\"description\" content=\"Entdecken Sie die Sporttasche, die Stil und gro\u00dfes Fassungsverm\u00f6gen vereint. Sie wird Sie bei jedem Training begleiten. Kaufen Sie sie auf www.daisho.be|Daisho\" \/>\n<meta name=\"robots\" content=\"index, follow, max-snippet:-1, max-image-preview:large, max-video-preview:-1\" \/>\n<link rel=\"canonical\" href=\"https:\/\/www.daisho.be\/de\/produit\/sporttasche-combat-sports-adidas-polyester-2-in-1-rose-camo-silber\/\" \/>\n<meta property=\"og:locale\" content=\"de_DE\" \/>\n<meta property=\"og:type\" content=\"article\" \/>\n<meta property=\"og:title\" content=\"Sporttasche Combat Sports adidas Polyester 2 in 1 Rose Camo\/Silber &#8211; Daisho\" \/>\n<meta property=\"og:description\" content=\"Entdecken Sie die Sporttasche, die Stil und gro\u00dfes Fassungsverm\u00f6gen vereint. Sie wird Sie bei jedem Training begleiten. Kaufen Sie sie auf www.daisho.be|Daisho\" \/>\n<meta property=\"og:url\" content=\"https:\/\/www.daisho.be\/de\/produit\/sporttasche-combat-sports-adidas-polyester-2-in-1-rose-camo-silber\/\" \/>\n<meta property=\"og:site_name\" content=\"Daisho\" \/>\n<meta property=\"article:modified_time\" content=\"2026-01-15T08:03:13+00:00\" \/>\n<meta property=\"og:image\" content=\"https:\/\/www.daisho.be\/wp-content\/uploads\/2023\/11\/image-121.jpg\" \/>\n\t<meta property=\"og:image:width\" content=\"650\" \/>\n\t<meta property=\"og:image:height\" content=\"650\" \/>\n\t<meta property=\"og:image:type\" content=\"image\/jpeg\" \/>\n<meta name=\"twitter:card\" content=\"summary_large_image\" \/>\n<script type=\"application\/ld+json\" class=\"yoast-schema-graph\">{\"@context\":\"https:\/\/schema.org\",\"@graph\":[{\"@type\":\"WebPage\",\"@id\":\"https:\/\/www.daisho.be\/de\/produit\/sporttasche-combat-sports-adidas-polyester-2-in-1-rose-camo-silber\/\",\"url\":\"https:\/\/www.daisho.be\/de\/produit\/sporttasche-combat-sports-adidas-polyester-2-in-1-rose-camo-silber\/\",\"name\":\"Sporttasche Combat Sports adidas Polyester 2 in 1 Rose Camo\/Silber &#8211; Daisho\",\"isPartOf\":{\"@id\":\"https:\/\/www.daisho.be\/de\/#website\"},\"primaryImageOfPage\":{\"@id\":\"https:\/\/www.daisho.be\/de\/produit\/sporttasche-combat-sports-adidas-polyester-2-in-1-rose-camo-silber\/#primaryimage\"},\"image\":{\"@id\":\"https:\/\/www.daisho.be\/de\/produit\/sporttasche-combat-sports-adidas-polyester-2-in-1-rose-camo-silber\/#primaryimage\"},\"thumbnailUrl\":\"https:\/\/www.daisho.be\/wp-content\/uploads\/2023\/11\/image-121.jpg\",\"datePublished\":\"2021-07-19T10:15:53+00:00\",\"dateModified\":\"2026-01-15T08:03:13+00:00\",\"description\":\"Entdecken Sie die Sporttasche, die Stil und gro\u00dfes Fassungsverm\u00f6gen vereint. Sie wird Sie bei jedem Training begleiten. Kaufen Sie sie auf www.daisho.be|Daisho\",\"breadcrumb\":{\"@id\":\"https:\/\/www.daisho.be\/de\/produit\/sporttasche-combat-sports-adidas-polyester-2-in-1-rose-camo-silber\/#breadcrumb\"},\"inLanguage\":\"de\",\"potentialAction\":[{\"@type\":\"ReadAction\",\"target\":[\"https:\/\/www.daisho.be\/de\/produit\/sporttasche-combat-sports-adidas-polyester-2-in-1-rose-camo-silber\/\"]}]},{\"@type\":\"ImageObject\",\"inLanguage\":\"de\",\"@id\":\"https:\/\/www.daisho.be\/de\/produit\/sporttasche-combat-sports-adidas-polyester-2-in-1-rose-camo-silber\/#primaryimage\",\"url\":\"https:\/\/www.daisho.be\/wp-content\/uploads\/2023\/11\/image-121.jpg\",\"contentUrl\":\"https:\/\/www.daisho.be\/wp-content\/uploads\/2023\/11\/image-121.jpg\",\"width\":650,\"height\":650,\"caption\":\"Sporttasche Combat Sports adidas Polyester 2 in 1 Rose Camo\/Silber-1\"},{\"@type\":\"BreadcrumbList\",\"@id\":\"https:\/\/www.daisho.be\/de\/produit\/sporttasche-combat-sports-adidas-polyester-2-in-1-rose-camo-silber\/#breadcrumb\",\"itemListElement\":[{\"@type\":\"ListItem\",\"position\":1,\"name\":\"Accueil\",\"item\":\"https:\/\/www.daisho.be\/de\/\"},{\"@type\":\"ListItem\",\"position\":2,\"name\":\"Produkte\",\"item\":\"https:\/\/www.daisho.be\/de\/produkte\/\"},{\"@type\":\"ListItem\",\"position\":3,\"name\":\"ADIDAS COMBAT SPORTS\",\"item\":\"https:\/\/www.daisho.be\/de\/categorie-produit\/adidas-combat-sports-de\/\"},{\"@type\":\"ListItem\",\"position\":4,\"name\":\"Taekwondo\",\"item\":\"https:\/\/www.daisho.be\/de\/categorie-produit\/adidas-combat-sports-de\/taekwondo-de\/\"},{\"@type\":\"ListItem\",\"position\":5,\"name\":\"Adidas Taekwondo Tasche\",\"item\":\"https:\/\/www.daisho.be\/de\/categorie-produit\/adidas-combat-sports-de\/taekwondo-de\/adidas-taekwondo-tasche\/\"},{\"@type\":\"ListItem\",\"position\":6,\"name\":\"Sporttasche Combat Sports adidas Polyester 2 in 1 Rose Camo\/Silber\"}]},{\"@type\":\"WebSite\",\"@id\":\"https:\/\/www.daisho.be\/de\/#website\",\"url\":\"https:\/\/www.daisho.be\/de\/\",\"name\":\"Daisho\",\"description\":\"Sp&eacute;cialiste de l'&eacute;quipement sportif d'arts martiaux\",\"publisher\":{\"@id\":\"https:\/\/www.daisho.be\/de\/#organization\"},\"potentialAction\":[{\"@type\":\"SearchAction\",\"target\":{\"@type\":\"EntryPoint\",\"urlTemplate\":\"https:\/\/www.daisho.be\/de\/?s={search_term_string}\"},\"query-input\":{\"@type\":\"PropertyValueSpecification\",\"valueRequired\":true,\"valueName\":\"search_term_string\"}}],\"inLanguage\":\"de\"},{\"@type\":\"Organization\",\"@id\":\"https:\/\/www.daisho.be\/de\/#organization\",\"name\":\"Daisho\",\"url\":\"https:\/\/www.daisho.be\/de\/\",\"logo\":{\"@type\":\"ImageObject\",\"inLanguage\":\"de\",\"@id\":\"https:\/\/www.daisho.be\/de\/#\/schema\/logo\/image\/\",\"url\":\"https:\/\/www.daisho.be\/wp-content\/uploads\/2019\/07\/color-nothing-horizontale4x-e1564486100247.png\",\"contentUrl\":\"https:\/\/www.daisho.be\/wp-content\/uploads\/2019\/07\/color-nothing-horizontale4x-e1564486100247.png\",\"width\":1547,\"height\":385,\"caption\":\"Daisho\"},\"image\":{\"@id\":\"https:\/\/www.daisho.be\/de\/#\/schema\/logo\/image\/\"}}]}<\/script>\n<!-- \/ Yoast SEO plugin. -->","yoast_head_json":{"title":"Sporttasche Combat Sports adidas Polyester 2 in 1 Rose Camo\/Silber &#8211; Daisho","description":"Entdecken Sie die Sporttasche, die Stil und gro\u00dfes Fassungsverm\u00f6gen vereint. Sie wird Sie bei jedem Training begleiten. Kaufen Sie sie auf www.daisho.be|Daisho","robots":{"index":"index","follow":"follow","max-snippet":"max-snippet:-1","max-image-preview":"max-image-preview:large","max-video-preview":"max-video-preview:-1"},"canonical":"https:\/\/www.daisho.be\/de\/produit\/sporttasche-combat-sports-adidas-polyester-2-in-1-rose-camo-silber\/","og_locale":"de_DE","og_type":"article","og_title":"Sporttasche Combat Sports adidas Polyester 2 in 1 Rose Camo\/Silber &#8211; Daisho","og_description":"Entdecken Sie die Sporttasche, die Stil und gro\u00dfes Fassungsverm\u00f6gen vereint. Sie wird Sie bei jedem Training begleiten. Kaufen Sie sie auf www.daisho.be|Daisho","og_url":"https:\/\/www.daisho.be\/de\/produit\/sporttasche-combat-sports-adidas-polyester-2-in-1-rose-camo-silber\/","og_site_name":"Daisho","article_modified_time":"2026-01-15T08:03:13+00:00","og_image":[{"width":650,"height":650,"url":"https:\/\/www.daisho.be\/wp-content\/uploads\/2023\/11\/image-121.jpg","type":"image\/jpeg"}],"twitter_card":"summary_large_image","schema":{"@context":"https:\/\/schema.org","@graph":[{"@type":"WebPage","@id":"https:\/\/www.daisho.be\/de\/produit\/sporttasche-combat-sports-adidas-polyester-2-in-1-rose-camo-silber\/","url":"https:\/\/www.daisho.be\/de\/produit\/sporttasche-combat-sports-adidas-polyester-2-in-1-rose-camo-silber\/","name":"Sporttasche Combat Sports adidas Polyester 2 in 1 Rose Camo\/Silber &#8211; Daisho","isPartOf":{"@id":"https:\/\/www.daisho.be\/de\/#website"},"primaryImageOfPage":{"@id":"https:\/\/www.daisho.be\/de\/produit\/sporttasche-combat-sports-adidas-polyester-2-in-1-rose-camo-silber\/#primaryimage"},"image":{"@id":"https:\/\/www.daisho.be\/de\/produit\/sporttasche-combat-sports-adidas-polyester-2-in-1-rose-camo-silber\/#primaryimage"},"thumbnailUrl":"https:\/\/www.daisho.be\/wp-content\/uploads\/2023\/11\/image-121.jpg","datePublished":"2021-07-19T10:15:53+00:00","dateModified":"2026-01-15T08:03:13+00:00","description":"Entdecken Sie die Sporttasche, die Stil und gro\u00dfes Fassungsverm\u00f6gen vereint. Sie wird Sie bei jedem Training begleiten. Kaufen Sie sie auf www.daisho.be|Daisho","breadcrumb":{"@id":"https:\/\/www.daisho.be\/de\/produit\/sporttasche-combat-sports-adidas-polyester-2-in-1-rose-camo-silber\/#breadcrumb"},"inLanguage":"de","potentialAction":[{"@type":"ReadAction","target":["https:\/\/www.daisho.be\/de\/produit\/sporttasche-combat-sports-adidas-polyester-2-in-1-rose-camo-silber\/"]}]},{"@type":"ImageObject","inLanguage":"de","@id":"https:\/\/www.daisho.be\/de\/produit\/sporttasche-combat-sports-adidas-polyester-2-in-1-rose-camo-silber\/#primaryimage","url":"https:\/\/www.daisho.be\/wp-content\/uploads\/2023\/11\/image-121.jpg","contentUrl":"https:\/\/www.daisho.be\/wp-content\/uploads\/2023\/11\/image-121.jpg","width":650,"height":650,"caption":"Sporttasche Combat Sports adidas Polyester 2 in 1 Rose Camo\/Silber-1"},{"@type":"BreadcrumbList","@id":"https:\/\/www.daisho.be\/de\/produit\/sporttasche-combat-sports-adidas-polyester-2-in-1-rose-camo-silber\/#breadcrumb","itemListElement":[{"@type":"ListItem","position":1,"name":"Accueil","item":"https:\/\/www.daisho.be\/de\/"},{"@type":"ListItem","position":2,"name":"Produkte","item":"https:\/\/www.daisho.be\/de\/produkte\/"},{"@type":"ListItem","position":3,"name":"ADIDAS COMBAT SPORTS","item":"https:\/\/www.daisho.be\/de\/categorie-produit\/adidas-combat-sports-de\/"},{"@type":"ListItem","position":4,"name":"Taekwondo","item":"https:\/\/www.daisho.be\/de\/categorie-produit\/adidas-combat-sports-de\/taekwondo-de\/"},{"@type":"ListItem","position":5,"name":"Adidas Taekwondo Tasche","item":"https:\/\/www.daisho.be\/de\/categorie-produit\/adidas-combat-sports-de\/taekwondo-de\/adidas-taekwondo-tasche\/"},{"@type":"ListItem","position":6,"name":"Sporttasche Combat Sports adidas Polyester 2 in 1 Rose Camo\/Silber"}]},{"@type":"WebSite","@id":"https:\/\/www.daisho.be\/de\/#website","url":"https:\/\/www.daisho.be\/de\/","name":"Daisho","description":"Sp&eacute;cialiste de l'&eacute;quipement sportif d'arts martiaux","publisher":{"@id":"https:\/\/www.daisho.be\/de\/#organization"},"potentialAction":[{"@type":"SearchAction","target":{"@type":"EntryPoint","urlTemplate":"https:\/\/www.daisho.be\/de\/?s={search_term_string}"},"query-input":{"@type":"PropertyValueSpecification","valueRequired":true,"valueName":"search_term_string"}}],"inLanguage":"de"},{"@type":"Organization","@id":"https:\/\/www.daisho.be\/de\/#organization","name":"Daisho","url":"https:\/\/www.daisho.be\/de\/","logo":{"@type":"ImageObject","inLanguage":"de","@id":"https:\/\/www.daisho.be\/de\/#\/schema\/logo\/image\/","url":"https:\/\/www.daisho.be\/wp-content\/uploads\/2019\/07\/color-nothing-horizontale4x-e1564486100247.png","contentUrl":"https:\/\/www.daisho.be\/wp-content\/uploads\/2019\/07\/color-nothing-horizontale4x-e1564486100247.png","width":1547,"height":385,"caption":"Daisho"},"image":{"@id":"https:\/\/www.daisho.be\/de\/#\/schema\/logo\/image\/"}}]}},"_links":{"self":[{"href":"https:\/\/www.daisho.be\/de\/wp-json\/wp\/v2\/product\/456170","targetHints":{"allow":["GET"]}}],"collection":[{"href":"https:\/\/www.daisho.be\/de\/wp-json\/wp\/v2\/product"}],"about":[{"href":"https:\/\/www.daisho.be\/de\/wp-json\/wp\/v2\/types\/product"}],"replies":[{"embeddable":true,"href":"https:\/\/www.daisho.be\/de\/wp-json\/wp\/v2\/comments?post=456170"}],"wp:featuredmedia":[{"embeddable":true,"href":"https:\/\/www.daisho.be\/de\/wp-json\/wp\/v2\/media\/456174"}],"wp:attachment":[{"href":"https:\/\/www.daisho.be\/de\/wp-json\/wp\/v2\/media?parent=456170"}],"wp:term":[{"taxonomy":"product_brand","embeddable":true,"href":"https:\/\/www.daisho.be\/de\/wp-json\/wp\/v2\/product_brand?post=456170"},{"taxonomy":"product_cat","embeddable":true,"href":"https:\/\/www.daisho.be\/de\/wp-json\/wp\/v2\/product_cat?post=456170"},{"taxonomy":"product_tag","embeddable":true,"href":"https:\/\/www.daisho.be\/de\/wp-json\/wp\/v2\/product_tag?post=456170"},{"taxonomy":"sport","embeddable":true,"href":"https:\/\/www.daisho.be\/de\/wp-json\/wp\/v2\/sport?post=456170"}],"curies":[{"name":"wp","href":"https:\/\/api.w.org\/{rel}","templated":true}]}}