{"id":456076,"date":"2021-07-19T15:17:55","date_gmt":"2021-07-19T13:17:55","guid":{"rendered":"https:\/\/www.daisho.be\/produit\/adidas-taekwondo-unterarmschutz\/"},"modified":"2025-12-24T15:36:22","modified_gmt":"2025-12-24T14:36:22","slug":"adidas-taekwondo-unterarmschutz","status":"publish","type":"product","link":"https:\/\/www.daisho.be\/de\/produit\/adidas-taekwondo-unterarmschutz\/","title":{"rendered":"adidas Taekwondo Unterarmschutz"},"content":{"rendered":"<p>Die adidas WTF Unterarmsch\u00fctzer sind anatomisch geformt und auf eine perfekte Passform ausgelegt.<br \/>\nDie Unterarmsch\u00fctzer bieten einen guten Schutz des Unterarms und sind aus PU gefertigt. Die Protektoren haben einen Klettverschluss und sind WTF-gepr\u00fcft.<br \/>\nVorteile:<br \/>\n&#8211; Anatomisch geformt<br \/>\n&#8211; Klettverschluss f\u00fcr perfekte Passform<br \/>\n&#8211; Hergestellt aus PU<br \/>\n&#8211; WTF-gepr\u00fcft <\/p>\n","protected":false},"excerpt":{"rendered":"<p>Die adidas WTF Unterarmsch\u00fctzer sind anatomisch geformt und auf eine perfekte Passform ausgelegt. Die Unterarmsch\u00fctzer bieten einen guten Schutz des Unterarms und sind aus PU gefertigt. Die Protektoren haben einen Klettverschluss und sind WTF-gepr\u00fcft. Vorteile: &#8211; Anatomisch geformt &#8211; Klettverschluss f\u00fcr perfekte Passform &#8211; Hergestellt aus PU &#8211; WTF-gepr\u00fcft<\/p>\n","protected":false},"featured_media":456088,"comment_status":"open","ping_status":"closed","template":"","meta":{"inline_featured_image":false},"product_brand":[],"product_cat":[2051,2092,2183],"product_tag":[2178],"sport":[],"class_list":{"0":"post-456076","1":"product","2":"type-product","3":"status-publish","4":"has-post-thumbnail","6":"product_cat-schutz","7":"product_cat-taekwondo-protektoren","8":"product_cat-taekwondo-protektoren-adidas","9":"product_tag-adidas-de","10":"pa_size-l","11":"pa_size-m","12":"pa_size-s","13":"pa_size-xl","14":"pa_size-xs","15":"pa_size-xxs","17":"first","18":"instock","19":"taxable","20":"shipping-taxable","21":"purchasable","22":"product-type-variable"},"yoast_head":"<!-- This site is optimized with the Yoast SEO plugin v27.2 - https:\/\/yoast.com\/product\/yoast-seo-wordpress\/ -->\n<title>adidas Taekwondo Unterarmschutz &#8211; Daisho<\/title>\n<meta name=\"description\" content=\"Entdecken Sie die Taekwondo Unterarmsch\u00fctzer mit WTF-Zulassung. Kaufen Sie sie jetzt auf unserer Website www.daisho.be|Daisho.\" \/>\n<meta name=\"robots\" content=\"index, follow, max-snippet:-1, max-image-preview:large, max-video-preview:-1\" \/>\n<link rel=\"canonical\" href=\"https:\/\/www.daisho.be\/de\/produit\/adidas-taekwondo-unterarmschutz\/\" \/>\n<meta property=\"og:locale\" content=\"de_DE\" \/>\n<meta property=\"og:type\" content=\"article\" \/>\n<meta property=\"og:title\" content=\"adidas Taekwondo Unterarmschutz &#8211; Daisho\" \/>\n<meta property=\"og:description\" content=\"Entdecken Sie die Taekwondo Unterarmsch\u00fctzer mit WTF-Zulassung. Kaufen Sie sie jetzt auf unserer Website www.daisho.be|Daisho.\" \/>\n<meta property=\"og:url\" content=\"https:\/\/www.daisho.be\/de\/produit\/adidas-taekwondo-unterarmschutz\/\" \/>\n<meta property=\"og:site_name\" content=\"Daisho\" \/>\n<meta property=\"article:modified_time\" content=\"2025-12-24T14:36:22+00:00\" \/>\n<meta property=\"og:image\" content=\"https:\/\/www.daisho.be\/wp-content\/uploads\/2024\/01\/image-133.jpg\" \/>\n\t<meta property=\"og:image:width\" content=\"650\" \/>\n\t<meta property=\"og:image:height\" content=\"650\" \/>\n\t<meta property=\"og:image:type\" content=\"image\/jpeg\" \/>\n<meta name=\"twitter:card\" content=\"summary_large_image\" \/>\n<script type=\"application\/ld+json\" class=\"yoast-schema-graph\">{\"@context\":\"https:\/\/schema.org\",\"@graph\":[{\"@type\":\"WebPage\",\"@id\":\"https:\/\/www.daisho.be\/de\/produit\/adidas-taekwondo-unterarmschutz\/\",\"url\":\"https:\/\/www.daisho.be\/de\/produit\/adidas-taekwondo-unterarmschutz\/\",\"name\":\"adidas Taekwondo Unterarmschutz &#8211; Daisho\",\"isPartOf\":{\"@id\":\"https:\/\/www.daisho.be\/de\/#website\"},\"primaryImageOfPage\":{\"@id\":\"https:\/\/www.daisho.be\/de\/produit\/adidas-taekwondo-unterarmschutz\/#primaryimage\"},\"image\":{\"@id\":\"https:\/\/www.daisho.be\/de\/produit\/adidas-taekwondo-unterarmschutz\/#primaryimage\"},\"thumbnailUrl\":\"https:\/\/www.daisho.be\/wp-content\/uploads\/2024\/01\/image-133.jpg\",\"datePublished\":\"2021-07-19T13:17:55+00:00\",\"dateModified\":\"2025-12-24T14:36:22+00:00\",\"description\":\"Entdecken Sie die Taekwondo Unterarmsch\u00fctzer mit WTF-Zulassung. Kaufen Sie sie jetzt auf unserer Website www.daisho.be|Daisho.\",\"breadcrumb\":{\"@id\":\"https:\/\/www.daisho.be\/de\/produit\/adidas-taekwondo-unterarmschutz\/#breadcrumb\"},\"inLanguage\":\"de\",\"potentialAction\":[{\"@type\":\"ReadAction\",\"target\":[\"https:\/\/www.daisho.be\/de\/produit\/adidas-taekwondo-unterarmschutz\/\"]}]},{\"@type\":\"ImageObject\",\"inLanguage\":\"de\",\"@id\":\"https:\/\/www.daisho.be\/de\/produit\/adidas-taekwondo-unterarmschutz\/#primaryimage\",\"url\":\"https:\/\/www.daisho.be\/wp-content\/uploads\/2024\/01\/image-133.jpg\",\"contentUrl\":\"https:\/\/www.daisho.be\/wp-content\/uploads\/2024\/01\/image-133.jpg\",\"width\":650,\"height\":650,\"caption\":\"adidas Taekwondo Unterarmschutz-1\"},{\"@type\":\"BreadcrumbList\",\"@id\":\"https:\/\/www.daisho.be\/de\/produit\/adidas-taekwondo-unterarmschutz\/#breadcrumb\",\"itemListElement\":[{\"@type\":\"ListItem\",\"position\":1,\"name\":\"Accueil\",\"item\":\"https:\/\/www.daisho.be\/de\/\"},{\"@type\":\"ListItem\",\"position\":2,\"name\":\"Produkte\",\"item\":\"https:\/\/www.daisho.be\/de\/produkte\/\"},{\"@type\":\"ListItem\",\"position\":3,\"name\":\"Ausr\u00fcstung und Kleidung f\u00fcr Kampfkunst und Kampfsport\",\"item\":\"https:\/\/www.daisho.be\/de\/categorie-produit\/ausrustung-und-kleidung-fur-kampfkunst-und-kampfsport\/\"},{\"@type\":\"ListItem\",\"position\":4,\"name\":\"Taekwondo\",\"item\":\"https:\/\/www.daisho.be\/de\/categorie-produit\/ausrustung-und-kleidung-fur-kampfkunst-und-kampfsport\/taekwondo-de-2\/\"},{\"@type\":\"ListItem\",\"position\":5,\"name\":\"Taekwondo Protektoren\",\"item\":\"https:\/\/www.daisho.be\/de\/categorie-produit\/ausrustung-und-kleidung-fur-kampfkunst-und-kampfsport\/taekwondo-de-2\/taekwondo-protektoren\/\"},{\"@type\":\"ListItem\",\"position\":6,\"name\":\"adidas Taekwondo Unterarmschutz\"}]},{\"@type\":\"WebSite\",\"@id\":\"https:\/\/www.daisho.be\/de\/#website\",\"url\":\"https:\/\/www.daisho.be\/de\/\",\"name\":\"Daisho\",\"description\":\"Sp&eacute;cialiste de l'&eacute;quipement sportif d'arts martiaux\",\"publisher\":{\"@id\":\"https:\/\/www.daisho.be\/de\/#organization\"},\"potentialAction\":[{\"@type\":\"SearchAction\",\"target\":{\"@type\":\"EntryPoint\",\"urlTemplate\":\"https:\/\/www.daisho.be\/de\/?s={search_term_string}\"},\"query-input\":{\"@type\":\"PropertyValueSpecification\",\"valueRequired\":true,\"valueName\":\"search_term_string\"}}],\"inLanguage\":\"de\"},{\"@type\":\"Organization\",\"@id\":\"https:\/\/www.daisho.be\/de\/#organization\",\"name\":\"Daisho\",\"url\":\"https:\/\/www.daisho.be\/de\/\",\"logo\":{\"@type\":\"ImageObject\",\"inLanguage\":\"de\",\"@id\":\"https:\/\/www.daisho.be\/de\/#\/schema\/logo\/image\/\",\"url\":\"https:\/\/www.daisho.be\/wp-content\/uploads\/2019\/07\/color-nothing-horizontale4x-e1564486100247.png\",\"contentUrl\":\"https:\/\/www.daisho.be\/wp-content\/uploads\/2019\/07\/color-nothing-horizontale4x-e1564486100247.png\",\"width\":1547,\"height\":385,\"caption\":\"Daisho\"},\"image\":{\"@id\":\"https:\/\/www.daisho.be\/de\/#\/schema\/logo\/image\/\"}}]}<\/script>\n<!-- \/ Yoast SEO plugin. -->","yoast_head_json":{"title":"adidas Taekwondo Unterarmschutz &#8211; Daisho","description":"Entdecken Sie die Taekwondo Unterarmsch\u00fctzer mit WTF-Zulassung. Kaufen Sie sie jetzt auf unserer Website www.daisho.be|Daisho.","robots":{"index":"index","follow":"follow","max-snippet":"max-snippet:-1","max-image-preview":"max-image-preview:large","max-video-preview":"max-video-preview:-1"},"canonical":"https:\/\/www.daisho.be\/de\/produit\/adidas-taekwondo-unterarmschutz\/","og_locale":"de_DE","og_type":"article","og_title":"adidas Taekwondo Unterarmschutz &#8211; Daisho","og_description":"Entdecken Sie die Taekwondo Unterarmsch\u00fctzer mit WTF-Zulassung. Kaufen Sie sie jetzt auf unserer Website www.daisho.be|Daisho.","og_url":"https:\/\/www.daisho.be\/de\/produit\/adidas-taekwondo-unterarmschutz\/","og_site_name":"Daisho","article_modified_time":"2025-12-24T14:36:22+00:00","og_image":[{"width":650,"height":650,"url":"https:\/\/www.daisho.be\/wp-content\/uploads\/2024\/01\/image-133.jpg","type":"image\/jpeg"}],"twitter_card":"summary_large_image","schema":{"@context":"https:\/\/schema.org","@graph":[{"@type":"WebPage","@id":"https:\/\/www.daisho.be\/de\/produit\/adidas-taekwondo-unterarmschutz\/","url":"https:\/\/www.daisho.be\/de\/produit\/adidas-taekwondo-unterarmschutz\/","name":"adidas Taekwondo Unterarmschutz &#8211; Daisho","isPartOf":{"@id":"https:\/\/www.daisho.be\/de\/#website"},"primaryImageOfPage":{"@id":"https:\/\/www.daisho.be\/de\/produit\/adidas-taekwondo-unterarmschutz\/#primaryimage"},"image":{"@id":"https:\/\/www.daisho.be\/de\/produit\/adidas-taekwondo-unterarmschutz\/#primaryimage"},"thumbnailUrl":"https:\/\/www.daisho.be\/wp-content\/uploads\/2024\/01\/image-133.jpg","datePublished":"2021-07-19T13:17:55+00:00","dateModified":"2025-12-24T14:36:22+00:00","description":"Entdecken Sie die Taekwondo Unterarmsch\u00fctzer mit WTF-Zulassung. Kaufen Sie sie jetzt auf unserer Website www.daisho.be|Daisho.","breadcrumb":{"@id":"https:\/\/www.daisho.be\/de\/produit\/adidas-taekwondo-unterarmschutz\/#breadcrumb"},"inLanguage":"de","potentialAction":[{"@type":"ReadAction","target":["https:\/\/www.daisho.be\/de\/produit\/adidas-taekwondo-unterarmschutz\/"]}]},{"@type":"ImageObject","inLanguage":"de","@id":"https:\/\/www.daisho.be\/de\/produit\/adidas-taekwondo-unterarmschutz\/#primaryimage","url":"https:\/\/www.daisho.be\/wp-content\/uploads\/2024\/01\/image-133.jpg","contentUrl":"https:\/\/www.daisho.be\/wp-content\/uploads\/2024\/01\/image-133.jpg","width":650,"height":650,"caption":"adidas Taekwondo Unterarmschutz-1"},{"@type":"BreadcrumbList","@id":"https:\/\/www.daisho.be\/de\/produit\/adidas-taekwondo-unterarmschutz\/#breadcrumb","itemListElement":[{"@type":"ListItem","position":1,"name":"Accueil","item":"https:\/\/www.daisho.be\/de\/"},{"@type":"ListItem","position":2,"name":"Produkte","item":"https:\/\/www.daisho.be\/de\/produkte\/"},{"@type":"ListItem","position":3,"name":"Ausr\u00fcstung und Kleidung f\u00fcr Kampfkunst und Kampfsport","item":"https:\/\/www.daisho.be\/de\/categorie-produit\/ausrustung-und-kleidung-fur-kampfkunst-und-kampfsport\/"},{"@type":"ListItem","position":4,"name":"Taekwondo","item":"https:\/\/www.daisho.be\/de\/categorie-produit\/ausrustung-und-kleidung-fur-kampfkunst-und-kampfsport\/taekwondo-de-2\/"},{"@type":"ListItem","position":5,"name":"Taekwondo Protektoren","item":"https:\/\/www.daisho.be\/de\/categorie-produit\/ausrustung-und-kleidung-fur-kampfkunst-und-kampfsport\/taekwondo-de-2\/taekwondo-protektoren\/"},{"@type":"ListItem","position":6,"name":"adidas Taekwondo Unterarmschutz"}]},{"@type":"WebSite","@id":"https:\/\/www.daisho.be\/de\/#website","url":"https:\/\/www.daisho.be\/de\/","name":"Daisho","description":"Sp&eacute;cialiste de l'&eacute;quipement sportif d'arts martiaux","publisher":{"@id":"https:\/\/www.daisho.be\/de\/#organization"},"potentialAction":[{"@type":"SearchAction","target":{"@type":"EntryPoint","urlTemplate":"https:\/\/www.daisho.be\/de\/?s={search_term_string}"},"query-input":{"@type":"PropertyValueSpecification","valueRequired":true,"valueName":"search_term_string"}}],"inLanguage":"de"},{"@type":"Organization","@id":"https:\/\/www.daisho.be\/de\/#organization","name":"Daisho","url":"https:\/\/www.daisho.be\/de\/","logo":{"@type":"ImageObject","inLanguage":"de","@id":"https:\/\/www.daisho.be\/de\/#\/schema\/logo\/image\/","url":"https:\/\/www.daisho.be\/wp-content\/uploads\/2019\/07\/color-nothing-horizontale4x-e1564486100247.png","contentUrl":"https:\/\/www.daisho.be\/wp-content\/uploads\/2019\/07\/color-nothing-horizontale4x-e1564486100247.png","width":1547,"height":385,"caption":"Daisho"},"image":{"@id":"https:\/\/www.daisho.be\/de\/#\/schema\/logo\/image\/"}}]}},"_links":{"self":[{"href":"https:\/\/www.daisho.be\/de\/wp-json\/wp\/v2\/product\/456076","targetHints":{"allow":["GET"]}}],"collection":[{"href":"https:\/\/www.daisho.be\/de\/wp-json\/wp\/v2\/product"}],"about":[{"href":"https:\/\/www.daisho.be\/de\/wp-json\/wp\/v2\/types\/product"}],"replies":[{"embeddable":true,"href":"https:\/\/www.daisho.be\/de\/wp-json\/wp\/v2\/comments?post=456076"}],"wp:featuredmedia":[{"embeddable":true,"href":"https:\/\/www.daisho.be\/de\/wp-json\/wp\/v2\/media\/456088"}],"wp:attachment":[{"href":"https:\/\/www.daisho.be\/de\/wp-json\/wp\/v2\/media?parent=456076"}],"wp:term":[{"taxonomy":"product_brand","embeddable":true,"href":"https:\/\/www.daisho.be\/de\/wp-json\/wp\/v2\/product_brand?post=456076"},{"taxonomy":"product_cat","embeddable":true,"href":"https:\/\/www.daisho.be\/de\/wp-json\/wp\/v2\/product_cat?post=456076"},{"taxonomy":"product_tag","embeddable":true,"href":"https:\/\/www.daisho.be\/de\/wp-json\/wp\/v2\/product_tag?post=456076"},{"taxonomy":"sport","embeddable":true,"href":"https:\/\/www.daisho.be\/de\/wp-json\/wp\/v2\/sport?post=456076"}],"curies":[{"name":"wp","href":"https:\/\/api.w.org\/{rel}","templated":true}]}}