{"id":456034,"date":"2021-07-19T16:29:35","date_gmt":"2021-07-19T14:29:35","guid":{"rendered":"https:\/\/www.daisho.be\/produit\/adidas-leisten-hueftschutz-fuer-frauen\/"},"modified":"2025-10-09T14:13:37","modified_gmt":"2025-10-09T12:13:37","slug":"adidas-leisten-hueftschutz-fuer-frauen","status":"publish","type":"product","link":"https:\/\/www.daisho.be\/de\/produit\/adidas-leisten-hueftschutz-fuer-frauen\/","title":{"rendered":"adidas Leisten- \/ H\u00fcftschutz f\u00fcr Frauen"},"content":{"rendered":"<p>Sehr bequemer und gut sch\u00fctzender Damen-Leistenschutz. Gute Polsterung, die Schutz bietet.<br \/>\nCE-gepr\u00fcft und entspricht somit den europ\u00e4ischen Sicherheitsanforderungen.<br \/>\nVorteile:<br \/>\n&#8211; Sehr komfortabel<br \/>\n&#8211; CE-gepr\u00fcft<br \/>\n&#8211; Gute sch\u00fctzende Polsterung <\/p>\n","protected":false},"excerpt":{"rendered":"<p>Sehr bequemer und gut sch\u00fctzender Damen-Leistenschutz. Gute Polsterung, die Schutz bietet. CE-gepr\u00fcft und entspricht somit den europ\u00e4ischen Sicherheitsanforderungen. Vorteile: &#8211; Sehr komfortabel &#8211; CE-gepr\u00fcft &#8211; Gute sch\u00fctzende Polsterung<\/p>\n","protected":false},"featured_media":456042,"comment_status":"open","ping_status":"closed","template":"","meta":{"inline_featured_image":false},"product_brand":[],"product_cat":[2180,2183],"product_tag":[2178],"sport":[],"class_list":{"0":"post-456034","1":"product","2":"type-product","3":"status-publish","4":"has-post-thumbnail","6":"product_cat-karate-schutzkleidung-adidas","7":"product_cat-taekwondo-protektoren-adidas","8":"product_tag-adidas-de","9":"pa_size-l","10":"pa_size-m","11":"pa_size-s","12":"pa_size-xl","13":"pa_size-xs","15":"first","16":"instock","17":"taxable","18":"shipping-taxable","19":"purchasable","20":"product-type-variable"},"yoast_head":"<!-- This site is optimized with the Yoast SEO plugin v27.2 - https:\/\/yoast.com\/product\/yoast-seo-wordpress\/ -->\n<title>adidas Leisten- \/ H\u00fcftschutz f\u00fcr Frauen &#8211; Daisho<\/title>\n<meta name=\"description\" content=\"Entdecken Sie den Leistenschutz f\u00fcr Frauen. Er bietet umfassenden Schutz und optimalen Komfort. Kaufen Sie ihn auf www.daisho.be|Daisho\" \/>\n<meta name=\"robots\" content=\"index, follow, max-snippet:-1, max-image-preview:large, max-video-preview:-1\" \/>\n<link rel=\"canonical\" href=\"https:\/\/www.daisho.be\/de\/produit\/adidas-leisten-hueftschutz-fuer-frauen\/\" \/>\n<meta property=\"og:locale\" content=\"de_DE\" \/>\n<meta property=\"og:type\" content=\"article\" \/>\n<meta property=\"og:title\" content=\"adidas Leisten- \/ H\u00fcftschutz f\u00fcr Frauen &#8211; Daisho\" \/>\n<meta property=\"og:description\" content=\"Entdecken Sie den Leistenschutz f\u00fcr Frauen. Er bietet umfassenden Schutz und optimalen Komfort. Kaufen Sie ihn auf www.daisho.be|Daisho\" \/>\n<meta property=\"og:url\" content=\"https:\/\/www.daisho.be\/de\/produit\/adidas-leisten-hueftschutz-fuer-frauen\/\" \/>\n<meta property=\"og:site_name\" content=\"Daisho\" \/>\n<meta property=\"article:modified_time\" content=\"2025-10-09T12:13:37+00:00\" \/>\n<meta property=\"og:image\" content=\"https:\/\/www.daisho.be\/wp-content\/uploads\/2021\/09\/image-324.jpg\" \/>\n\t<meta property=\"og:image:width\" content=\"650\" \/>\n\t<meta property=\"og:image:height\" content=\"650\" \/>\n\t<meta property=\"og:image:type\" content=\"image\/jpeg\" \/>\n<meta name=\"twitter:card\" content=\"summary_large_image\" \/>\n<script type=\"application\/ld+json\" class=\"yoast-schema-graph\">{\"@context\":\"https:\/\/schema.org\",\"@graph\":[{\"@type\":\"WebPage\",\"@id\":\"https:\/\/www.daisho.be\/de\/produit\/adidas-leisten-hueftschutz-fuer-frauen\/\",\"url\":\"https:\/\/www.daisho.be\/de\/produit\/adidas-leisten-hueftschutz-fuer-frauen\/\",\"name\":\"adidas Leisten- \/ H\u00fcftschutz f\u00fcr Frauen &#8211; Daisho\",\"isPartOf\":{\"@id\":\"https:\/\/www.daisho.be\/de\/#website\"},\"primaryImageOfPage\":{\"@id\":\"https:\/\/www.daisho.be\/de\/produit\/adidas-leisten-hueftschutz-fuer-frauen\/#primaryimage\"},\"image\":{\"@id\":\"https:\/\/www.daisho.be\/de\/produit\/adidas-leisten-hueftschutz-fuer-frauen\/#primaryimage\"},\"thumbnailUrl\":\"https:\/\/www.daisho.be\/wp-content\/uploads\/2021\/09\/image-324.jpg\",\"datePublished\":\"2021-07-19T14:29:35+00:00\",\"dateModified\":\"2025-10-09T12:13:37+00:00\",\"description\":\"Entdecken Sie den Leistenschutz f\u00fcr Frauen. Er bietet umfassenden Schutz und optimalen Komfort. Kaufen Sie ihn auf www.daisho.be|Daisho\",\"breadcrumb\":{\"@id\":\"https:\/\/www.daisho.be\/de\/produit\/adidas-leisten-hueftschutz-fuer-frauen\/#breadcrumb\"},\"inLanguage\":\"de\",\"potentialAction\":[{\"@type\":\"ReadAction\",\"target\":[\"https:\/\/www.daisho.be\/de\/produit\/adidas-leisten-hueftschutz-fuer-frauen\/\"]}]},{\"@type\":\"ImageObject\",\"inLanguage\":\"de\",\"@id\":\"https:\/\/www.daisho.be\/de\/produit\/adidas-leisten-hueftschutz-fuer-frauen\/#primaryimage\",\"url\":\"https:\/\/www.daisho.be\/wp-content\/uploads\/2021\/09\/image-324.jpg\",\"contentUrl\":\"https:\/\/www.daisho.be\/wp-content\/uploads\/2021\/09\/image-324.jpg\",\"width\":650,\"height\":650,\"caption\":\"adidas H\u00fcft- und Beinsch\u00fctzer f\u00fcr Frauen-1\"},{\"@type\":\"BreadcrumbList\",\"@id\":\"https:\/\/www.daisho.be\/de\/produit\/adidas-leisten-hueftschutz-fuer-frauen\/#breadcrumb\",\"itemListElement\":[{\"@type\":\"ListItem\",\"position\":1,\"name\":\"Accueil\",\"item\":\"https:\/\/www.daisho.be\/de\/\"},{\"@type\":\"ListItem\",\"position\":2,\"name\":\"Produkte\",\"item\":\"https:\/\/www.daisho.be\/de\/produkte\/\"},{\"@type\":\"ListItem\",\"position\":3,\"name\":\"ADIDAS COMBAT SPORTS\",\"item\":\"https:\/\/www.daisho.be\/de\/categorie-produit\/adidas-combat-sports-de\/\"},{\"@type\":\"ListItem\",\"position\":4,\"name\":\"Karate\",\"item\":\"https:\/\/www.daisho.be\/de\/categorie-produit\/adidas-combat-sports-de\/karate-de\/\"},{\"@type\":\"ListItem\",\"position\":5,\"name\":\"Karate-Schutzkleidung Adidas\",\"item\":\"https:\/\/www.daisho.be\/de\/categorie-produit\/adidas-combat-sports-de\/karate-de\/karate-schutzkleidung-adidas\/\"},{\"@type\":\"ListItem\",\"position\":6,\"name\":\"adidas Leisten- \/ H\u00fcftschutz f\u00fcr Frauen\"}]},{\"@type\":\"WebSite\",\"@id\":\"https:\/\/www.daisho.be\/de\/#website\",\"url\":\"https:\/\/www.daisho.be\/de\/\",\"name\":\"Daisho\",\"description\":\"Sp&eacute;cialiste de l'&eacute;quipement sportif d'arts martiaux\",\"publisher\":{\"@id\":\"https:\/\/www.daisho.be\/de\/#organization\"},\"potentialAction\":[{\"@type\":\"SearchAction\",\"target\":{\"@type\":\"EntryPoint\",\"urlTemplate\":\"https:\/\/www.daisho.be\/de\/?s={search_term_string}\"},\"query-input\":{\"@type\":\"PropertyValueSpecification\",\"valueRequired\":true,\"valueName\":\"search_term_string\"}}],\"inLanguage\":\"de\"},{\"@type\":\"Organization\",\"@id\":\"https:\/\/www.daisho.be\/de\/#organization\",\"name\":\"Daisho\",\"url\":\"https:\/\/www.daisho.be\/de\/\",\"logo\":{\"@type\":\"ImageObject\",\"inLanguage\":\"de\",\"@id\":\"https:\/\/www.daisho.be\/de\/#\/schema\/logo\/image\/\",\"url\":\"https:\/\/www.daisho.be\/wp-content\/uploads\/2019\/07\/color-nothing-horizontale4x-e1564486100247.png\",\"contentUrl\":\"https:\/\/www.daisho.be\/wp-content\/uploads\/2019\/07\/color-nothing-horizontale4x-e1564486100247.png\",\"width\":1547,\"height\":385,\"caption\":\"Daisho\"},\"image\":{\"@id\":\"https:\/\/www.daisho.be\/de\/#\/schema\/logo\/image\/\"}}]}<\/script>\n<!-- \/ Yoast SEO plugin. -->","yoast_head_json":{"title":"adidas Leisten- \/ H\u00fcftschutz f\u00fcr Frauen &#8211; Daisho","description":"Entdecken Sie den Leistenschutz f\u00fcr Frauen. Er bietet umfassenden Schutz und optimalen Komfort. Kaufen Sie ihn auf www.daisho.be|Daisho","robots":{"index":"index","follow":"follow","max-snippet":"max-snippet:-1","max-image-preview":"max-image-preview:large","max-video-preview":"max-video-preview:-1"},"canonical":"https:\/\/www.daisho.be\/de\/produit\/adidas-leisten-hueftschutz-fuer-frauen\/","og_locale":"de_DE","og_type":"article","og_title":"adidas Leisten- \/ H\u00fcftschutz f\u00fcr Frauen &#8211; Daisho","og_description":"Entdecken Sie den Leistenschutz f\u00fcr Frauen. Er bietet umfassenden Schutz und optimalen Komfort. Kaufen Sie ihn auf www.daisho.be|Daisho","og_url":"https:\/\/www.daisho.be\/de\/produit\/adidas-leisten-hueftschutz-fuer-frauen\/","og_site_name":"Daisho","article_modified_time":"2025-10-09T12:13:37+00:00","og_image":[{"width":650,"height":650,"url":"https:\/\/www.daisho.be\/wp-content\/uploads\/2021\/09\/image-324.jpg","type":"image\/jpeg"}],"twitter_card":"summary_large_image","schema":{"@context":"https:\/\/schema.org","@graph":[{"@type":"WebPage","@id":"https:\/\/www.daisho.be\/de\/produit\/adidas-leisten-hueftschutz-fuer-frauen\/","url":"https:\/\/www.daisho.be\/de\/produit\/adidas-leisten-hueftschutz-fuer-frauen\/","name":"adidas Leisten- \/ H\u00fcftschutz f\u00fcr Frauen &#8211; Daisho","isPartOf":{"@id":"https:\/\/www.daisho.be\/de\/#website"},"primaryImageOfPage":{"@id":"https:\/\/www.daisho.be\/de\/produit\/adidas-leisten-hueftschutz-fuer-frauen\/#primaryimage"},"image":{"@id":"https:\/\/www.daisho.be\/de\/produit\/adidas-leisten-hueftschutz-fuer-frauen\/#primaryimage"},"thumbnailUrl":"https:\/\/www.daisho.be\/wp-content\/uploads\/2021\/09\/image-324.jpg","datePublished":"2021-07-19T14:29:35+00:00","dateModified":"2025-10-09T12:13:37+00:00","description":"Entdecken Sie den Leistenschutz f\u00fcr Frauen. Er bietet umfassenden Schutz und optimalen Komfort. Kaufen Sie ihn auf www.daisho.be|Daisho","breadcrumb":{"@id":"https:\/\/www.daisho.be\/de\/produit\/adidas-leisten-hueftschutz-fuer-frauen\/#breadcrumb"},"inLanguage":"de","potentialAction":[{"@type":"ReadAction","target":["https:\/\/www.daisho.be\/de\/produit\/adidas-leisten-hueftschutz-fuer-frauen\/"]}]},{"@type":"ImageObject","inLanguage":"de","@id":"https:\/\/www.daisho.be\/de\/produit\/adidas-leisten-hueftschutz-fuer-frauen\/#primaryimage","url":"https:\/\/www.daisho.be\/wp-content\/uploads\/2021\/09\/image-324.jpg","contentUrl":"https:\/\/www.daisho.be\/wp-content\/uploads\/2021\/09\/image-324.jpg","width":650,"height":650,"caption":"adidas H\u00fcft- und Beinsch\u00fctzer f\u00fcr Frauen-1"},{"@type":"BreadcrumbList","@id":"https:\/\/www.daisho.be\/de\/produit\/adidas-leisten-hueftschutz-fuer-frauen\/#breadcrumb","itemListElement":[{"@type":"ListItem","position":1,"name":"Accueil","item":"https:\/\/www.daisho.be\/de\/"},{"@type":"ListItem","position":2,"name":"Produkte","item":"https:\/\/www.daisho.be\/de\/produkte\/"},{"@type":"ListItem","position":3,"name":"ADIDAS COMBAT SPORTS","item":"https:\/\/www.daisho.be\/de\/categorie-produit\/adidas-combat-sports-de\/"},{"@type":"ListItem","position":4,"name":"Karate","item":"https:\/\/www.daisho.be\/de\/categorie-produit\/adidas-combat-sports-de\/karate-de\/"},{"@type":"ListItem","position":5,"name":"Karate-Schutzkleidung Adidas","item":"https:\/\/www.daisho.be\/de\/categorie-produit\/adidas-combat-sports-de\/karate-de\/karate-schutzkleidung-adidas\/"},{"@type":"ListItem","position":6,"name":"adidas Leisten- \/ H\u00fcftschutz f\u00fcr Frauen"}]},{"@type":"WebSite","@id":"https:\/\/www.daisho.be\/de\/#website","url":"https:\/\/www.daisho.be\/de\/","name":"Daisho","description":"Sp&eacute;cialiste de l'&eacute;quipement sportif d'arts martiaux","publisher":{"@id":"https:\/\/www.daisho.be\/de\/#organization"},"potentialAction":[{"@type":"SearchAction","target":{"@type":"EntryPoint","urlTemplate":"https:\/\/www.daisho.be\/de\/?s={search_term_string}"},"query-input":{"@type":"PropertyValueSpecification","valueRequired":true,"valueName":"search_term_string"}}],"inLanguage":"de"},{"@type":"Organization","@id":"https:\/\/www.daisho.be\/de\/#organization","name":"Daisho","url":"https:\/\/www.daisho.be\/de\/","logo":{"@type":"ImageObject","inLanguage":"de","@id":"https:\/\/www.daisho.be\/de\/#\/schema\/logo\/image\/","url":"https:\/\/www.daisho.be\/wp-content\/uploads\/2019\/07\/color-nothing-horizontale4x-e1564486100247.png","contentUrl":"https:\/\/www.daisho.be\/wp-content\/uploads\/2019\/07\/color-nothing-horizontale4x-e1564486100247.png","width":1547,"height":385,"caption":"Daisho"},"image":{"@id":"https:\/\/www.daisho.be\/de\/#\/schema\/logo\/image\/"}}]}},"_links":{"self":[{"href":"https:\/\/www.daisho.be\/de\/wp-json\/wp\/v2\/product\/456034","targetHints":{"allow":["GET"]}}],"collection":[{"href":"https:\/\/www.daisho.be\/de\/wp-json\/wp\/v2\/product"}],"about":[{"href":"https:\/\/www.daisho.be\/de\/wp-json\/wp\/v2\/types\/product"}],"replies":[{"embeddable":true,"href":"https:\/\/www.daisho.be\/de\/wp-json\/wp\/v2\/comments?post=456034"}],"wp:featuredmedia":[{"embeddable":true,"href":"https:\/\/www.daisho.be\/de\/wp-json\/wp\/v2\/media\/456042"}],"wp:attachment":[{"href":"https:\/\/www.daisho.be\/de\/wp-json\/wp\/v2\/media?parent=456034"}],"wp:term":[{"taxonomy":"product_brand","embeddable":true,"href":"https:\/\/www.daisho.be\/de\/wp-json\/wp\/v2\/product_brand?post=456034"},{"taxonomy":"product_cat","embeddable":true,"href":"https:\/\/www.daisho.be\/de\/wp-json\/wp\/v2\/product_cat?post=456034"},{"taxonomy":"product_tag","embeddable":true,"href":"https:\/\/www.daisho.be\/de\/wp-json\/wp\/v2\/product_tag?post=456034"},{"taxonomy":"sport","embeddable":true,"href":"https:\/\/www.daisho.be\/de\/wp-json\/wp\/v2\/sport?post=456034"}],"curies":[{"name":"wp","href":"https:\/\/api.w.org\/{rel}","templated":true}]}}