{"id":456021,"date":"2021-07-21T19:11:16","date_gmt":"2021-07-21T17:11:16","guid":{"rendered":"https:\/\/www.daisho.be\/produit\/adidas-boxing-community-t-shirt-grau-blau-kinder\/"},"modified":"2025-10-09T14:13:20","modified_gmt":"2025-10-09T12:13:20","slug":"adidas-boxing-community-t-shirt-grau-blau-kinder","status":"publish","type":"product","link":"https:\/\/www.daisho.be\/de\/produit\/adidas-boxing-community-t-shirt-grau-blau-kinder\/","title":{"rendered":"adidas Boxing Community T-Shirt Grau\/Blau Kinder"},"content":{"rendered":"<p>Die Marke adidas ist nat\u00fcrlich ein bekannter Name. Sie sind Marktf\u00fchrer in vielen Sportarten und haben sich auch mit voller Hingabe in die Kampfk\u00fcnste gest\u00fcrzt. Die Produkte werden mit viel professionellem Know-how hergestellt und entwickelt. Denken Sie an die Weltmeister in vielen verschiedenen Kampfsportarten.<br \/>\nEinzigartiges Adidas-Shirt aus 100 % Baumwolle. Das T-Shirt hat eine sch\u00f6ne, eng anliegende Passform, so dass das T-Shirt perfekt um den K\u00f6rper herum passt. Kann sowohl f\u00fcr Sport als auch f\u00fcr Freizeitkleidung verwendet werden. Auf der Vorderseite befindet sich das adidas-Logo mit dem Text *ADIDAS COMBAT SPORTS*. Das adidas Trikot ist von h\u00f6chster Qualit\u00e4t, wie man es von adidas erwarten kann.<br \/>\nVorteile:<br \/>\n&#8211; einzigartiges Design<br \/>\n&#8211; 100 % Baumwolle<br \/>\n&#8211; robust und langlebig<br \/>\n&#8211; schlanke Passform       <\/p>\n","protected":false},"excerpt":{"rendered":"<p>Die Marke adidas ist nat\u00fcrlich ein bekannter Name. Sie sind Marktf\u00fchrer in vielen Sportarten und haben sich auch mit voller Hingabe in die Kampfk\u00fcnste gest\u00fcrzt. Die Produkte werden mit viel professionellem Know-how hergestellt und entwickelt. Denken Sie an die Weltmeister in vielen verschiedenen Kampfsportarten. Einzigartiges Adidas-Shirt aus 100 % Baumwolle. Das T-Shirt hat eine sch\u00f6ne, [&hellip;]<\/p>\n","protected":false},"featured_media":456033,"comment_status":"closed","ping_status":"closed","template":"","meta":{"inline_featured_image":false},"product_brand":[],"product_cat":[2275,2258,2284,2273],"product_tag":[2178],"sport":[],"class_list":{"0":"post-456021","1":"product","2":"type-product","3":"status-publish","4":"has-post-thumbnail","6":"product_cat-adidas-combat-sports-de","7":"product_cat-adidas-combat-sports-bekleidung","8":"product_cat-adidas-kleidung-fur-das-boxen","9":"product_cat-kampfsport","10":"product_tag-adidas-de","11":"pa_size-140-8-ans","12":"pa_size-152-10-ans","13":"pa_size-164-12-ans","14":"pa_size-s","15":"pa_size-xs","17":"first","18":"instock","19":"taxable","20":"shipping-taxable","21":"purchasable","22":"product-type-variable"},"yoast_head":"<!-- This site is optimized with the Yoast SEO plugin v27.2 - https:\/\/yoast.com\/product\/yoast-seo-wordpress\/ -->\n<title>adidas Boxing Community T-Shirt Grau\/Blau Kinder &#8211; Daisho<\/title>\n<meta name=\"description\" content=\"Entdecken Sie das Adidas Community T-Shirt, das Komfort und Stil f\u00fcr Ihre t\u00e4glichen Ausfl\u00fcge und Ihr Training verbindet. Kaufen Sie es auf www.daisho.be|Daisho\" \/>\n<meta name=\"robots\" content=\"index, follow, max-snippet:-1, max-image-preview:large, max-video-preview:-1\" \/>\n<link rel=\"canonical\" href=\"https:\/\/www.daisho.be\/de\/produit\/adidas-boxing-community-t-shirt-grau-blau-kinder\/\" \/>\n<meta property=\"og:locale\" content=\"de_DE\" \/>\n<meta property=\"og:type\" content=\"article\" \/>\n<meta property=\"og:title\" content=\"adidas Boxing Community T-Shirt Grau\/Blau Kinder &#8211; Daisho\" \/>\n<meta property=\"og:description\" content=\"Entdecken Sie das Adidas Community T-Shirt, das Komfort und Stil f\u00fcr Ihre t\u00e4glichen Ausfl\u00fcge und Ihr Training verbindet. Kaufen Sie es auf www.daisho.be|Daisho\" \/>\n<meta property=\"og:url\" content=\"https:\/\/www.daisho.be\/de\/produit\/adidas-boxing-community-t-shirt-grau-blau-kinder\/\" \/>\n<meta property=\"og:site_name\" content=\"Daisho\" \/>\n<meta property=\"article:modified_time\" content=\"2025-10-09T12:13:20+00:00\" \/>\n<meta property=\"og:image\" content=\"https:\/\/www.daisho.be\/wp-content\/uploads\/2021\/07\/image-298.jpg\" \/>\n\t<meta property=\"og:image:width\" content=\"650\" \/>\n\t<meta property=\"og:image:height\" content=\"650\" \/>\n\t<meta property=\"og:image:type\" content=\"image\/jpeg\" \/>\n<meta name=\"twitter:card\" content=\"summary_large_image\" \/>\n<meta name=\"twitter:label1\" content=\"Gesch\u00e4tzte Lesezeit\" \/>\n\t<meta name=\"twitter:data1\" content=\"1\u00a0Minute\" \/>\n<script type=\"application\/ld+json\" class=\"yoast-schema-graph\">{\"@context\":\"https:\/\/schema.org\",\"@graph\":[{\"@type\":\"WebPage\",\"@id\":\"https:\/\/www.daisho.be\/de\/produit\/adidas-boxing-community-t-shirt-grau-blau-kinder\/\",\"url\":\"https:\/\/www.daisho.be\/de\/produit\/adidas-boxing-community-t-shirt-grau-blau-kinder\/\",\"name\":\"adidas Boxing Community T-Shirt Grau\/Blau Kinder &#8211; Daisho\",\"isPartOf\":{\"@id\":\"https:\/\/www.daisho.be\/de\/#website\"},\"primaryImageOfPage\":{\"@id\":\"https:\/\/www.daisho.be\/de\/produit\/adidas-boxing-community-t-shirt-grau-blau-kinder\/#primaryimage\"},\"image\":{\"@id\":\"https:\/\/www.daisho.be\/de\/produit\/adidas-boxing-community-t-shirt-grau-blau-kinder\/#primaryimage\"},\"thumbnailUrl\":\"https:\/\/www.daisho.be\/wp-content\/uploads\/2021\/07\/image-298.jpg\",\"datePublished\":\"2021-07-21T17:11:16+00:00\",\"dateModified\":\"2025-10-09T12:13:20+00:00\",\"description\":\"Entdecken Sie das Adidas Community T-Shirt, das Komfort und Stil f\u00fcr Ihre t\u00e4glichen Ausfl\u00fcge und Ihr Training verbindet. Kaufen Sie es auf www.daisho.be|Daisho\",\"breadcrumb\":{\"@id\":\"https:\/\/www.daisho.be\/de\/produit\/adidas-boxing-community-t-shirt-grau-blau-kinder\/#breadcrumb\"},\"inLanguage\":\"de\",\"potentialAction\":[{\"@type\":\"ReadAction\",\"target\":[\"https:\/\/www.daisho.be\/de\/produit\/adidas-boxing-community-t-shirt-grau-blau-kinder\/\"]}]},{\"@type\":\"ImageObject\",\"inLanguage\":\"de\",\"@id\":\"https:\/\/www.daisho.be\/de\/produit\/adidas-boxing-community-t-shirt-grau-blau-kinder\/#primaryimage\",\"url\":\"https:\/\/www.daisho.be\/wp-content\/uploads\/2021\/07\/image-298.jpg\",\"contentUrl\":\"https:\/\/www.daisho.be\/wp-content\/uploads\/2021\/07\/image-298.jpg\",\"width\":650,\"height\":650,\"caption\":\"adidas Boxing Community T-Shirt Grau\/Blau Kids-1\"},{\"@type\":\"BreadcrumbList\",\"@id\":\"https:\/\/www.daisho.be\/de\/produit\/adidas-boxing-community-t-shirt-grau-blau-kinder\/#breadcrumb\",\"itemListElement\":[{\"@type\":\"ListItem\",\"position\":1,\"name\":\"Accueil\",\"item\":\"https:\/\/www.daisho.be\/de\/\"},{\"@type\":\"ListItem\",\"position\":2,\"name\":\"Produkte\",\"item\":\"https:\/\/www.daisho.be\/de\/produkte\/\"},{\"@type\":\"ListItem\",\"position\":3,\"name\":\"ADIDAS COMBAT SPORTS\",\"item\":\"https:\/\/www.daisho.be\/de\/categorie-produit\/adidas-combat-sports-de\/\"},{\"@type\":\"ListItem\",\"position\":4,\"name\":\"adidas Boxing Community T-Shirt Grau\/Blau Kinder\"}]},{\"@type\":\"WebSite\",\"@id\":\"https:\/\/www.daisho.be\/de\/#website\",\"url\":\"https:\/\/www.daisho.be\/de\/\",\"name\":\"Daisho\",\"description\":\"Sp&eacute;cialiste de l'&eacute;quipement sportif d'arts martiaux\",\"publisher\":{\"@id\":\"https:\/\/www.daisho.be\/de\/#organization\"},\"potentialAction\":[{\"@type\":\"SearchAction\",\"target\":{\"@type\":\"EntryPoint\",\"urlTemplate\":\"https:\/\/www.daisho.be\/de\/?s={search_term_string}\"},\"query-input\":{\"@type\":\"PropertyValueSpecification\",\"valueRequired\":true,\"valueName\":\"search_term_string\"}}],\"inLanguage\":\"de\"},{\"@type\":\"Organization\",\"@id\":\"https:\/\/www.daisho.be\/de\/#organization\",\"name\":\"Daisho\",\"url\":\"https:\/\/www.daisho.be\/de\/\",\"logo\":{\"@type\":\"ImageObject\",\"inLanguage\":\"de\",\"@id\":\"https:\/\/www.daisho.be\/de\/#\/schema\/logo\/image\/\",\"url\":\"https:\/\/www.daisho.be\/wp-content\/uploads\/2019\/07\/color-nothing-horizontale4x-e1564486100247.png\",\"contentUrl\":\"https:\/\/www.daisho.be\/wp-content\/uploads\/2019\/07\/color-nothing-horizontale4x-e1564486100247.png\",\"width\":1547,\"height\":385,\"caption\":\"Daisho\"},\"image\":{\"@id\":\"https:\/\/www.daisho.be\/de\/#\/schema\/logo\/image\/\"}}]}<\/script>\n<!-- \/ Yoast SEO plugin. -->","yoast_head_json":{"title":"adidas Boxing Community T-Shirt Grau\/Blau Kinder &#8211; Daisho","description":"Entdecken Sie das Adidas Community T-Shirt, das Komfort und Stil f\u00fcr Ihre t\u00e4glichen Ausfl\u00fcge und Ihr Training verbindet. Kaufen Sie es auf www.daisho.be|Daisho","robots":{"index":"index","follow":"follow","max-snippet":"max-snippet:-1","max-image-preview":"max-image-preview:large","max-video-preview":"max-video-preview:-1"},"canonical":"https:\/\/www.daisho.be\/de\/produit\/adidas-boxing-community-t-shirt-grau-blau-kinder\/","og_locale":"de_DE","og_type":"article","og_title":"adidas Boxing Community T-Shirt Grau\/Blau Kinder &#8211; Daisho","og_description":"Entdecken Sie das Adidas Community T-Shirt, das Komfort und Stil f\u00fcr Ihre t\u00e4glichen Ausfl\u00fcge und Ihr Training verbindet. Kaufen Sie es auf www.daisho.be|Daisho","og_url":"https:\/\/www.daisho.be\/de\/produit\/adidas-boxing-community-t-shirt-grau-blau-kinder\/","og_site_name":"Daisho","article_modified_time":"2025-10-09T12:13:20+00:00","og_image":[{"width":650,"height":650,"url":"https:\/\/www.daisho.be\/wp-content\/uploads\/2021\/07\/image-298.jpg","type":"image\/jpeg"}],"twitter_card":"summary_large_image","twitter_misc":{"Gesch\u00e4tzte Lesezeit":"1\u00a0Minute"},"schema":{"@context":"https:\/\/schema.org","@graph":[{"@type":"WebPage","@id":"https:\/\/www.daisho.be\/de\/produit\/adidas-boxing-community-t-shirt-grau-blau-kinder\/","url":"https:\/\/www.daisho.be\/de\/produit\/adidas-boxing-community-t-shirt-grau-blau-kinder\/","name":"adidas Boxing Community T-Shirt Grau\/Blau Kinder &#8211; Daisho","isPartOf":{"@id":"https:\/\/www.daisho.be\/de\/#website"},"primaryImageOfPage":{"@id":"https:\/\/www.daisho.be\/de\/produit\/adidas-boxing-community-t-shirt-grau-blau-kinder\/#primaryimage"},"image":{"@id":"https:\/\/www.daisho.be\/de\/produit\/adidas-boxing-community-t-shirt-grau-blau-kinder\/#primaryimage"},"thumbnailUrl":"https:\/\/www.daisho.be\/wp-content\/uploads\/2021\/07\/image-298.jpg","datePublished":"2021-07-21T17:11:16+00:00","dateModified":"2025-10-09T12:13:20+00:00","description":"Entdecken Sie das Adidas Community T-Shirt, das Komfort und Stil f\u00fcr Ihre t\u00e4glichen Ausfl\u00fcge und Ihr Training verbindet. Kaufen Sie es auf www.daisho.be|Daisho","breadcrumb":{"@id":"https:\/\/www.daisho.be\/de\/produit\/adidas-boxing-community-t-shirt-grau-blau-kinder\/#breadcrumb"},"inLanguage":"de","potentialAction":[{"@type":"ReadAction","target":["https:\/\/www.daisho.be\/de\/produit\/adidas-boxing-community-t-shirt-grau-blau-kinder\/"]}]},{"@type":"ImageObject","inLanguage":"de","@id":"https:\/\/www.daisho.be\/de\/produit\/adidas-boxing-community-t-shirt-grau-blau-kinder\/#primaryimage","url":"https:\/\/www.daisho.be\/wp-content\/uploads\/2021\/07\/image-298.jpg","contentUrl":"https:\/\/www.daisho.be\/wp-content\/uploads\/2021\/07\/image-298.jpg","width":650,"height":650,"caption":"adidas Boxing Community T-Shirt Grau\/Blau Kids-1"},{"@type":"BreadcrumbList","@id":"https:\/\/www.daisho.be\/de\/produit\/adidas-boxing-community-t-shirt-grau-blau-kinder\/#breadcrumb","itemListElement":[{"@type":"ListItem","position":1,"name":"Accueil","item":"https:\/\/www.daisho.be\/de\/"},{"@type":"ListItem","position":2,"name":"Produkte","item":"https:\/\/www.daisho.be\/de\/produkte\/"},{"@type":"ListItem","position":3,"name":"ADIDAS COMBAT SPORTS","item":"https:\/\/www.daisho.be\/de\/categorie-produit\/adidas-combat-sports-de\/"},{"@type":"ListItem","position":4,"name":"adidas Boxing Community T-Shirt Grau\/Blau Kinder"}]},{"@type":"WebSite","@id":"https:\/\/www.daisho.be\/de\/#website","url":"https:\/\/www.daisho.be\/de\/","name":"Daisho","description":"Sp&eacute;cialiste de l'&eacute;quipement sportif d'arts martiaux","publisher":{"@id":"https:\/\/www.daisho.be\/de\/#organization"},"potentialAction":[{"@type":"SearchAction","target":{"@type":"EntryPoint","urlTemplate":"https:\/\/www.daisho.be\/de\/?s={search_term_string}"},"query-input":{"@type":"PropertyValueSpecification","valueRequired":true,"valueName":"search_term_string"}}],"inLanguage":"de"},{"@type":"Organization","@id":"https:\/\/www.daisho.be\/de\/#organization","name":"Daisho","url":"https:\/\/www.daisho.be\/de\/","logo":{"@type":"ImageObject","inLanguage":"de","@id":"https:\/\/www.daisho.be\/de\/#\/schema\/logo\/image\/","url":"https:\/\/www.daisho.be\/wp-content\/uploads\/2019\/07\/color-nothing-horizontale4x-e1564486100247.png","contentUrl":"https:\/\/www.daisho.be\/wp-content\/uploads\/2019\/07\/color-nothing-horizontale4x-e1564486100247.png","width":1547,"height":385,"caption":"Daisho"},"image":{"@id":"https:\/\/www.daisho.be\/de\/#\/schema\/logo\/image\/"}}]}},"_links":{"self":[{"href":"https:\/\/www.daisho.be\/de\/wp-json\/wp\/v2\/product\/456021","targetHints":{"allow":["GET"]}}],"collection":[{"href":"https:\/\/www.daisho.be\/de\/wp-json\/wp\/v2\/product"}],"about":[{"href":"https:\/\/www.daisho.be\/de\/wp-json\/wp\/v2\/types\/product"}],"replies":[{"embeddable":true,"href":"https:\/\/www.daisho.be\/de\/wp-json\/wp\/v2\/comments?post=456021"}],"wp:featuredmedia":[{"embeddable":true,"href":"https:\/\/www.daisho.be\/de\/wp-json\/wp\/v2\/media\/456033"}],"wp:attachment":[{"href":"https:\/\/www.daisho.be\/de\/wp-json\/wp\/v2\/media?parent=456021"}],"wp:term":[{"taxonomy":"product_brand","embeddable":true,"href":"https:\/\/www.daisho.be\/de\/wp-json\/wp\/v2\/product_brand?post=456021"},{"taxonomy":"product_cat","embeddable":true,"href":"https:\/\/www.daisho.be\/de\/wp-json\/wp\/v2\/product_cat?post=456021"},{"taxonomy":"product_tag","embeddable":true,"href":"https:\/\/www.daisho.be\/de\/wp-json\/wp\/v2\/product_tag?post=456021"},{"taxonomy":"sport","embeddable":true,"href":"https:\/\/www.daisho.be\/de\/wp-json\/wp\/v2\/sport?post=456021"}],"curies":[{"name":"wp","href":"https:\/\/api.w.org\/{rel}","templated":true}]}}